{"id":450,"date":"2024-02-20T17:50:38","date_gmt":"2024-02-20T17:50:38","guid":{"rendered":"https:\/\/www.cinesouk.ma\/?post_type=product&#038;p=450"},"modified":"2025-08-26T14:48:38","modified_gmt":"2025-08-26T14:48:38","slug":"sachtler-video-18","status":"publish","type":"product","link":"https:\/\/www.cinesouk.ma\/fr\/produit\/sachtler-video-18\/","title":{"rendered":"Sachtler Video 18 III"},"content":{"rendered":"<p>Le syst\u00e8me de tr\u00e9pied Sachtler Video 18 III est con\u00e7u pour des performances sans faille. Sa construction robuste et ses fonctions avanc\u00e9es offrent une stabilit\u00e9 et un contr\u00f4le in\u00e9gal\u00e9s.<\/p>\n<p>Con\u00e7u pour \u00eatre polyvalent, le tr\u00e9pied Sachtler Video 18 s'adapte \u00e0 diff\u00e9rents environnements de tournage. Sa t\u00eate fluide permet des panoramiques et des inclinaisons en douceur. La plaque de fixation rapide assure des changements de cam\u00e9ra efficaces, ce qui vous permet de gagner un temps pr\u00e9cieux sur le plateau.<\/p>\n<p>Avec une capacit\u00e9 de charge maximale de 20 kg et une plage de hauteurs de 78 \u00e0 172 cm, ce syst\u00e8me de tr\u00e9pied est un choix fiable pour les cin\u00e9astes qui recherchent \u00e0 la fois stabilit\u00e9 et flexibilit\u00e9. La taille du bol de 100 mm et la longueur de la barre panoramique de 30 cm am\u00e9liorent encore son adaptabilit\u00e9.<\/p>\n<p>Louez-le maintenant sur <a href=\"https:\/\/www.cinesouk.ma\/fr\">CINESOUK<\/a> - une marque de <a href=\"https:\/\/www.broadway.ma\/\">BROADWAY PRODUCTIONS SARL.<\/a><\/p>","protected":false},"excerpt":{"rendered":"<p>Sp\u00e9cifications<\/p>\n<p><span data-sheets-value=\"{&quot;1&quot;:2,&quot;2&quot;:&quot;Size: Large\\nPan bar lenght: 350 - 520mm \\nPayload: 2 - 28kg \\nWeight: 4.10kg \\nBowl size: 100mm\\n&quot;}\" data-sheets-userformat=\"{&quot;2&quot;:29635,&quot;3&quot;:{&quot;1&quot;:0},&quot;4&quot;:{&quot;1&quot;:2,&quot;2&quot;:16777215},&quot;9&quot;:1,&quot;10&quot;:1,&quot;11&quot;:4,&quot;12&quot;:0,&quot;15&quot;:&quot;Helvetica&quot;,&quot;16&quot;:10,&quot;17&quot;:1}\" data-sheets-textstyleruns=\"{&quot;1&quot;:0}\uee10{&quot;1&quot;:5,&quot;2&quot;:{&quot;5&quot;:0}}\uee10{&quot;1&quot;:12}\uee10{&quot;1&quot;:28,&quot;2&quot;:{&quot;5&quot;:0}}\uee10{&quot;1&quot;:41}\uee10{&quot;1&quot;:50,&quot;2&quot;:{&quot;5&quot;:0}}\uee10{&quot;1&quot;:60}\uee10{&quot;1&quot;:68,&quot;2&quot;:{&quot;5&quot;:0}}\uee10{&quot;1&quot;:76}\uee10{&quot;1&quot;:87,&quot;2&quot;:{&quot;5&quot;:0}}\"><strong>Taille :<\/strong> Grandes dimensions<br \/>\n<b>Longueur de la barre panoramique :<\/b> 350 - 520mm<br \/>\n<strong>Charge utile :<\/strong> 2 - 28kg<br \/>\n<strong>Poids<\/strong>: 4,10 kg<br \/>\n<strong>Taille du bol :<\/strong> 100mm<br \/>\n<\/span><\/p>","protected":false},"featured_media":2393,"template":"","meta":{"om_disable_all_campaigns":false,"_monsterinsights_skip_tracking":false,"_monsterinsights_sitenote_active":false,"_monsterinsights_sitenote_note":"","_monsterinsights_sitenote_category":0,"_uf_show_specific_survey":0,"_uf_disable_surveys":false},"product_brand":[],"product_cat":[134,83,75],"product_tag":[],"class_list":{"0":"post-450","1":"product","2":"type-product","3":"status-publish","4":"has-post-thumbnail","6":"product_cat-tripod-and-support-eventsouk","7":"product_cat-efp-eng-cinesouk","8":"product_cat-tripod-and-support-cinesouk","10":"entry","11":"has-media","13":"first","14":"instock","15":"taxable","16":"shipping-taxable","17":"purchasable","18":"product-type-variable","19":"has-product-nav","20":"col","21":"span_1_of_3","22":"owp-content-center","23":"owp-thumbs-layout-horizontal","24":"owp-btn-normal","25":"owp-tabs-layout-horizontal","26":"has-no-thumbnails"},"yoast_head":"<!-- This site is optimized with the Yoast SEO Premium plugin v26.0 (Yoast SEO v26.0) - https:\/\/yoast.com\/wordpress\/plugins\/seo\/ -->\n<title>Sachtler Video 18 III - Tripod - Marrakech | Morocco - CineSouk - For rent<\/title>\n<meta name=\"description\" content=\"The Sachtler Video 18 introduces a large load range and an innovative, fast balance system for rapid weight compensation. - CineSouk\" \/>\n<meta name=\"robots\" content=\"index, follow, max-snippet:-1, max-image-preview:large, max-video-preview:-1\" \/>\n<link rel=\"canonical\" href=\"https:\/\/www.cinesouk.ma\/fr\/produit\/sachtler-video-18\/\" \/>\n<meta property=\"og:locale\" content=\"fr_FR\" \/>\n<meta property=\"og:type\" content=\"article\" \/>\n<meta property=\"og:title\" content=\"Sachtler Video 20\" \/>\n<meta property=\"og:description\" content=\"The Sachtler Video 18 introduces a large load range and an innovative, fast balance system for rapid weight compensation. - CineSouk\" \/>\n<meta property=\"og:url\" content=\"https:\/\/www.cinesouk.ma\/fr\/produit\/sachtler-video-18\/\" \/>\n<meta property=\"og:site_name\" content=\"CineSouk\" \/>\n<meta property=\"article:modified_time\" content=\"2025-08-26T14:48:38+00:00\" \/>\n<meta property=\"og:image\" content=\"https:\/\/www.cinesouk.ma\/wp-content\/uploads\/2024\/01\/Sachtler-CaddyVideo18-with-CF-legs-ground-spreader.jpg\" \/>\n\t<meta property=\"og:image:width\" content=\"300\" \/>\n\t<meta property=\"og:image:height\" content=\"238\" \/>\n\t<meta property=\"og:image:type\" content=\"image\/jpeg\" \/>\n<meta name=\"twitter:card\" content=\"summary_large_image\" \/>\n<meta name=\"twitter:title\" content=\"Sachtler Video 20\" \/>\n<meta name=\"twitter:description\" content=\"The Sachtler Video 18 introduces a large load range and an innovative, fast balance system for rapid weight compensation. - CineSouk\" \/>\n<meta name=\"twitter:label1\" content=\"Dur\u00e9e de lecture estim\u00e9e\" \/>\n\t<meta name=\"twitter:data1\" content=\"1 minute\" \/>\n<script type=\"application\/ld+json\" class=\"yoast-schema-graph\">{\"@context\":\"https:\/\/schema.org\",\"@graph\":[{\"@type\":\"WebPage\",\"@id\":\"https:\/\/www.cinesouk.ma\/product\/sachtler-video-18\/\",\"url\":\"https:\/\/www.cinesouk.ma\/product\/sachtler-video-18\/\",\"name\":\"Sachtler Video 18 III - Tripod - Marrakech | Morocco - CineSouk - For rent\",\"isPartOf\":{\"@id\":\"https:\/\/www.cinesouk.ma\/#website\"},\"primaryImageOfPage\":{\"@id\":\"https:\/\/www.cinesouk.ma\/product\/sachtler-video-18\/#primaryimage\"},\"image\":{\"@id\":\"https:\/\/www.cinesouk.ma\/product\/sachtler-video-18\/#primaryimage\"},\"thumbnailUrl\":\"https:\/\/www.cinesouk.ma\/wp-content\/uploads\/2024\/01\/Sachtler-CaddyVideo18-with-CF-legs-ground-spreader.jpg\",\"datePublished\":\"2024-02-20T17:50:38+00:00\",\"dateModified\":\"2025-08-26T14:48:38+00:00\",\"description\":\"The Sachtler Video 18 introduces a large load range and an innovative, fast balance system for rapid weight compensation. - CineSouk\",\"breadcrumb\":{\"@id\":\"https:\/\/www.cinesouk.ma\/product\/sachtler-video-18\/#breadcrumb\"},\"inLanguage\":\"fr-FR\",\"potentialAction\":[{\"@type\":\"ReadAction\",\"target\":[\"https:\/\/www.cinesouk.ma\/product\/sachtler-video-18\/\"]}]},{\"@type\":\"ImageObject\",\"inLanguage\":\"fr-FR\",\"@id\":\"https:\/\/www.cinesouk.ma\/product\/sachtler-video-18\/#primaryimage\",\"url\":\"https:\/\/www.cinesouk.ma\/wp-content\/uploads\/2024\/01\/Sachtler-CaddyVideo18-with-CF-legs-ground-spreader.jpg\",\"contentUrl\":\"https:\/\/www.cinesouk.ma\/wp-content\/uploads\/2024\/01\/Sachtler-CaddyVideo18-with-CF-legs-ground-spreader.jpg\",\"width\":300,\"height\":238,\"caption\":\"tripod rental - Sachtler Video 20\"},{\"@type\":\"BreadcrumbList\",\"@id\":\"https:\/\/www.cinesouk.ma\/product\/sachtler-video-18\/#breadcrumb\",\"itemListElement\":[{\"@type\":\"ListItem\",\"position\":1,\"name\":\"Home\",\"item\":\"https:\/\/www.cinesouk.ma\/\"},{\"@type\":\"ListItem\",\"position\":2,\"name\":\"Shop\",\"item\":\"https:\/\/www.cinesouk.ma\/shop\/\"},{\"@type\":\"ListItem\",\"position\":3,\"name\":\"Sachtler Video 18 III\"}]},{\"@type\":\"WebSite\",\"@id\":\"https:\/\/www.cinesouk.ma\/#website\",\"url\":\"https:\/\/www.cinesouk.ma\/\",\"name\":\"CineSouk\",\"description\":\"\",\"publisher\":{\"@id\":\"https:\/\/www.cinesouk.ma\/#organization\"},\"potentialAction\":[{\"@type\":\"SearchAction\",\"target\":{\"@type\":\"EntryPoint\",\"urlTemplate\":\"https:\/\/www.cinesouk.ma\/?s={search_term_string}\"},\"query-input\":{\"@type\":\"PropertyValueSpecification\",\"valueRequired\":true,\"valueName\":\"search_term_string\"}}],\"inLanguage\":\"fr-FR\"},{\"@type\":\"Organization\",\"@id\":\"https:\/\/www.cinesouk.ma\/#organization\",\"name\":\"CineSouk\",\"url\":\"https:\/\/www.cinesouk.ma\/\",\"logo\":{\"@type\":\"ImageObject\",\"inLanguage\":\"fr-FR\",\"@id\":\"https:\/\/www.cinesouk.ma\/#\/schema\/logo\/image\/\",\"url\":\"https:\/\/www.cinesouk.ma\/wp-content\/uploads\/2024\/01\/CineSouk-logo-v01-alpha-alligned-left.png\",\"contentUrl\":\"https:\/\/www.cinesouk.ma\/wp-content\/uploads\/2024\/01\/CineSouk-logo-v01-alpha-alligned-left.png\",\"width\":3204,\"height\":889,\"caption\":\"CineSouk\"},\"image\":{\"@id\":\"https:\/\/www.cinesouk.ma\/#\/schema\/logo\/image\/\"}}]}<\/script>\n<!-- \/ Yoast SEO Premium plugin. -->","yoast_head_json":{"title":"Sachtler Video 18 III - Tripod - Marrakech | Morocco - CineSouk - For rent","description":"The Sachtler Video 18 introduces a large load range and an innovative, fast balance system for rapid weight compensation. - CineSouk","robots":{"index":"index","follow":"follow","max-snippet":"max-snippet:-1","max-image-preview":"max-image-preview:large","max-video-preview":"max-video-preview:-1"},"canonical":"https:\/\/www.cinesouk.ma\/fr\/produit\/sachtler-video-18\/","og_locale":"fr_FR","og_type":"article","og_title":"Sachtler Video 20","og_description":"The Sachtler Video 18 introduces a large load range and an innovative, fast balance system for rapid weight compensation. - CineSouk","og_url":"https:\/\/www.cinesouk.ma\/fr\/produit\/sachtler-video-18\/","og_site_name":"CineSouk","article_modified_time":"2025-08-26T14:48:38+00:00","og_image":[{"width":300,"height":238,"url":"https:\/\/www.cinesouk.ma\/wp-content\/uploads\/2024\/01\/Sachtler-CaddyVideo18-with-CF-legs-ground-spreader.jpg","type":"image\/jpeg"}],"twitter_card":"summary_large_image","twitter_title":"Sachtler Video 20","twitter_description":"The Sachtler Video 18 introduces a large load range and an innovative, fast balance system for rapid weight compensation. - CineSouk","twitter_misc":{"Dur\u00e9e de lecture estim\u00e9e":"1 minute"},"schema":{"@context":"https:\/\/schema.org","@graph":[{"@type":"WebPage","@id":"https:\/\/www.cinesouk.ma\/product\/sachtler-video-18\/","url":"https:\/\/www.cinesouk.ma\/product\/sachtler-video-18\/","name":"Sachtler Video 18 III - Tripod - Marrakech | Morocco - CineSouk - For rent","isPartOf":{"@id":"https:\/\/www.cinesouk.ma\/#website"},"primaryImageOfPage":{"@id":"https:\/\/www.cinesouk.ma\/product\/sachtler-video-18\/#primaryimage"},"image":{"@id":"https:\/\/www.cinesouk.ma\/product\/sachtler-video-18\/#primaryimage"},"thumbnailUrl":"https:\/\/www.cinesouk.ma\/wp-content\/uploads\/2024\/01\/Sachtler-CaddyVideo18-with-CF-legs-ground-spreader.jpg","datePublished":"2024-02-20T17:50:38+00:00","dateModified":"2025-08-26T14:48:38+00:00","description":"The Sachtler Video 18 introduces a large load range and an innovative, fast balance system for rapid weight compensation. - CineSouk","breadcrumb":{"@id":"https:\/\/www.cinesouk.ma\/product\/sachtler-video-18\/#breadcrumb"},"inLanguage":"fr-FR","potentialAction":[{"@type":"ReadAction","target":["https:\/\/www.cinesouk.ma\/product\/sachtler-video-18\/"]}]},{"@type":"ImageObject","inLanguage":"fr-FR","@id":"https:\/\/www.cinesouk.ma\/product\/sachtler-video-18\/#primaryimage","url":"https:\/\/www.cinesouk.ma\/wp-content\/uploads\/2024\/01\/Sachtler-CaddyVideo18-with-CF-legs-ground-spreader.jpg","contentUrl":"https:\/\/www.cinesouk.ma\/wp-content\/uploads\/2024\/01\/Sachtler-CaddyVideo18-with-CF-legs-ground-spreader.jpg","width":300,"height":238,"caption":"tripod rental - Sachtler Video 20"},{"@type":"BreadcrumbList","@id":"https:\/\/www.cinesouk.ma\/product\/sachtler-video-18\/#breadcrumb","itemListElement":[{"@type":"ListItem","position":1,"name":"Home","item":"https:\/\/www.cinesouk.ma\/"},{"@type":"ListItem","position":2,"name":"Shop","item":"https:\/\/www.cinesouk.ma\/shop\/"},{"@type":"ListItem","position":3,"name":"Sachtler Video 18 III"}]},{"@type":"WebSite","@id":"https:\/\/www.cinesouk.ma\/#website","url":"https:\/\/www.cinesouk.ma\/","name":"CineSouk","description":"","publisher":{"@id":"https:\/\/www.cinesouk.ma\/#organization"},"potentialAction":[{"@type":"SearchAction","target":{"@type":"EntryPoint","urlTemplate":"https:\/\/www.cinesouk.ma\/?s={search_term_string}"},"query-input":{"@type":"PropertyValueSpecification","valueRequired":true,"valueName":"search_term_string"}}],"inLanguage":"fr-FR"},{"@type":"Organization","@id":"https:\/\/www.cinesouk.ma\/#organization","name":"CineSouk","url":"https:\/\/www.cinesouk.ma\/","logo":{"@type":"ImageObject","inLanguage":"fr-FR","@id":"https:\/\/www.cinesouk.ma\/#\/schema\/logo\/image\/","url":"https:\/\/www.cinesouk.ma\/wp-content\/uploads\/2024\/01\/CineSouk-logo-v01-alpha-alligned-left.png","contentUrl":"https:\/\/www.cinesouk.ma\/wp-content\/uploads\/2024\/01\/CineSouk-logo-v01-alpha-alligned-left.png","width":3204,"height":889,"caption":"CineSouk"},"image":{"@id":"https:\/\/www.cinesouk.ma\/#\/schema\/logo\/image\/"}}]}},"_links":{"self":[{"href":"https:\/\/www.cinesouk.ma\/fr\/wp-json\/wp\/v2\/product\/450","targetHints":{"allow":["GET"]}}],"collection":[{"href":"https:\/\/www.cinesouk.ma\/fr\/wp-json\/wp\/v2\/product"}],"about":[{"href":"https:\/\/www.cinesouk.ma\/fr\/wp-json\/wp\/v2\/types\/product"}],"wp:featuredmedia":[{"embeddable":true,"href":"https:\/\/www.cinesouk.ma\/fr\/wp-json\/wp\/v2\/media\/2393"}],"wp:attachment":[{"href":"https:\/\/www.cinesouk.ma\/fr\/wp-json\/wp\/v2\/media?parent=450"}],"wp:term":[{"taxonomy":"product_brand","embeddable":true,"href":"https:\/\/www.cinesouk.ma\/fr\/wp-json\/wp\/v2\/product_brand?post=450"},{"taxonomy":"product_cat","embeddable":true,"href":"https:\/\/www.cinesouk.ma\/fr\/wp-json\/wp\/v2\/product_cat?post=450"},{"taxonomy":"product_tag","embeddable":true,"href":"https:\/\/www.cinesouk.ma\/fr\/wp-json\/wp\/v2\/product_tag?post=450"}],"curies":[{"name":"wp","href":"https:\/\/api.w.org\/{rel}","templated":true}]}}