{"id":5220,"date":"2024-08-20T17:21:03","date_gmt":"2024-08-20T17:21:03","guid":{"rendered":"https:\/\/www.cinesouk.ma\/?post_type=product&#038;p=5220"},"modified":"2025-03-21T10:55:55","modified_gmt":"2025-03-21T10:55:55","slug":"eizo-coloredge-cg2420-led-24-monitor","status":"publish","type":"product","link":"https:\/\/www.cinesouk.ma\/fr\/produit\/eizo-coloredge-cg2420-led-24-monitor\/","title":{"rendered":"EIZO ColorEdge CG2420 LED - Moniteur de r\u00e9f\u00e9rence 24\u2033."},"content":{"rendered":"<p>Le moniteur de r\u00e9f\u00e9rence EIZO ColorEdge CG2420 LED - 24\u2033 est un choix de premier ordre pour les professionnels de la photographie, de la vid\u00e9ographie et de la conception graphique qui exigent une pr\u00e9cision des couleurs et une fiabilit\u00e9 irr\u00e9prochables. Con\u00e7u pour r\u00e9pondre aux besoins exigeants des professionnels de la cr\u00e9ation. Ce moniteur garantit que ce que vous voyez \u00e0 l'\u00e9cran correspond exactement \u00e0 ce que vous obtenez sur papier ou sur film.<\/p>\n<p>Le ColorEdge CG2420 est dot\u00e9 d'un \u00e9cran de 24,1 pouces avec une r\u00e9solution WQHD (1920 x 1200 pixels), offrant des images nettes et claires. Sa large gamme de couleurs 99% Adobe RGB garantit que les couleurs sont reproduites avec une pr\u00e9cision \u00e9tonnante, couvrant un spectre plus large que les moniteurs sRGB standard. Il s'agit donc d'un choix id\u00e9al pour les t\u00e2ches o\u00f9 la pr\u00e9cision des couleurs est cruciale, telles que la retouche photo et l'\u00e9talonnage.<\/p>\n<h4>CARACT\u00c9RISTIQUES REMARQUABLES :<\/h4>\n<p>L'une des principales caract\u00e9ristiques du CG2420 est son capteur d'auto-\u00e9talonnage int\u00e9gr\u00e9. Ce capteur calibre automatiquement le moniteur \u00e0 des moments pr\u00e9cis. Il garantit la coh\u00e9rence des couleurs sans qu'il soit n\u00e9cessaire d'avoir recours \u00e0 des dispositifs externes. Le capot du moniteur inclus r\u00e9duit les reflets et les interf\u00e9rences lumineuses externes. Vous pouvez ainsi travailler avec pr\u00e9cision dans n'importe quel environnement lumineux.<\/p>\n<p>Il offre des couleurs et un contraste homog\u00e8nes quel que soit l'angle de vue. Ce panneau facilite la collaboration avec les membres de l'\u00e9quipe sans compromettre la qualit\u00e9 de l'image. En outre, la capacit\u00e9 d'affichage 10 bits permet d'obtenir des d\u00e9grad\u00e9s plus fluides et une reproduction plus pr\u00e9cise des couleurs. Ces caract\u00e9ristiques sont essentielles pour les travaux photo et vid\u00e9o haut de gamme.<\/p>\n<p>Le moniteur de r\u00e9f\u00e9rence EIZO ColorEdge CG2420 LED - 24\u2033 est \u00e9galement \u00e9quip\u00e9 de la technologie Digital Uniformity Equalizer (DUE). Celle-ci garantit une luminosit\u00e9 et une chromaticit\u00e9 uniformes sur l'ensemble de l'\u00e9cran. Cette uniformit\u00e9 est essentielle pour une \u00e9valuation pr\u00e9cise de l'image. Votre travail restera coh\u00e9rent sur l'ensemble de l'\u00e9cran.<\/p>\n<p>Le CG2420 comprend plusieurs options d'entr\u00e9e telles que DisplayPort, HDMI et DVI-D. Il est donc compatible avec un grand nombre d'appareils et de configurations. Il est donc compatible avec un large \u00e9ventail d'appareils et de configurations. Sa conception ergonomique permet de r\u00e9gler la hauteur, l'inclinaison et le pivotement en fonction des besoins de l'espace de travail.<\/p>\n<p>Louez-le maintenant sur <a href=\"https:\/\/www.cinesouk.ma\/fr\">CINESOUK<\/a> - une marque de <a href=\"https:\/\/www.broadway.ma\/\">BROADWAY PRODUCTIONS SARL.<\/a><\/p>","protected":false},"excerpt":{"rendered":"<p>Sp\u00e9cifications :<\/p>\n<p>Taille de l'\u00e9cran : 24,1 pouces<br \/>\nR\u00e9solution : WQHD (1920 x 1200 pixels)<br \/>\nGamme de couleurs : 99% Adobe RGB<br \/>\nType de panneau : IPS (In-Plane Switching)<br \/>\nCapteur de calibrage : Int\u00e9gr\u00e9e, auto-calibration automatique<br \/>\nProfondeur de couleur : affichage 10 bits (1,07 milliard de couleurs)<br \/>\n\u00c9galiseur d'uniformit\u00e9 num\u00e9rique (DUE) : Oui<br \/>\nConnectivit\u00e9 : DisplayPort, HDMI, DVI-D<br \/>\nDimensions (L x H x P) : 556 mm x 396-551 mm x 245 mm<br \/>\nPoids : Environ 8,9 kg (avec support)<br \/>\nR\u00e9glages ergonomiques : R\u00e9glages de la hauteur, de l'inclinaison et du pivotement<br \/>\nAccessoires inclus : capuchon de moniteur, c\u00e2ble d'alimentation, c\u00e2bles de signal, manuel d'utilisation<\/p>","protected":false},"featured_media":8285,"template":"","meta":{"om_disable_all_campaigns":false,"_monsterinsights_skip_tracking":false,"_monsterinsights_sitenote_active":false,"_monsterinsights_sitenote_note":"","_monsterinsights_sitenote_category":0,"_uf_show_specific_survey":0,"_uf_disable_surveys":false},"product_brand":[],"product_cat":[30,79],"product_tag":[],"class_list":{"0":"post-5220","1":"product","2":"type-product","3":"status-publish","4":"has-post-thumbnail","6":"product_cat-monitors-and-screens-cinesouk","7":"product_cat-photography-cinesouk","9":"entry","10":"has-media","12":"first","13":"instock","14":"taxable","15":"shipping-taxable","16":"purchasable","17":"product-type-variable","18":"has-product-nav","19":"col","20":"span_1_of_3","21":"owp-content-center","22":"owp-thumbs-layout-horizontal","23":"owp-btn-normal","24":"owp-tabs-layout-horizontal","25":"has-no-thumbnails"},"yoast_head":"<!-- This site is optimized with the Yoast SEO Premium plugin v26.0 (Yoast SEO v26.0) - https:\/\/yoast.com\/wordpress\/plugins\/seo\/ -->\n<title>EIZO ColorEdge CG2420 LED - 24&quot; Reference Monitor - CineSouk - For rent<\/title>\n<meta name=\"description\" content=\"Experience true color precision with the EIZO ColorEdge CG2420 LED Monitor, a 24.1-inch monitor designed for creative professionals.\" \/>\n<meta name=\"robots\" content=\"index, follow, max-snippet:-1, max-image-preview:large, max-video-preview:-1\" \/>\n<link rel=\"canonical\" href=\"https:\/\/www.cinesouk.ma\/fr\/produit\/eizo-coloredge-cg2420-led-24-monitor\/\" \/>\n<meta property=\"og:locale\" content=\"fr_FR\" \/>\n<meta property=\"og:type\" content=\"article\" \/>\n<meta property=\"og:title\" content=\"EIZO ColorEdge CG2420 LED - 24&quot; Reference Monitor\" \/>\n<meta property=\"og:description\" content=\"Experience true color precision with the EIZO ColorEdge CG2420 LED Monitor, a 24.1-inch monitor designed for creative professionals.\" \/>\n<meta property=\"og:url\" content=\"https:\/\/www.cinesouk.ma\/fr\/produit\/eizo-coloredge-cg2420-led-24-monitor\/\" \/>\n<meta property=\"og:site_name\" content=\"CineSouk\" \/>\n<meta property=\"article:modified_time\" content=\"2025-03-21T10:55:55+00:00\" \/>\n<meta property=\"og:image\" content=\"https:\/\/www.cinesouk.ma\/wp-content\/uploads\/2024\/08\/trtr.jpg\" \/>\n\t<meta property=\"og:image:width\" content=\"300\" \/>\n\t<meta property=\"og:image:height\" content=\"238\" \/>\n\t<meta property=\"og:image:type\" content=\"image\/jpeg\" \/>\n<meta name=\"twitter:card\" content=\"summary_large_image\" \/>\n<meta name=\"twitter:description\" content=\"Experience true color precision with the EIZO ColorEdge CG2420 LED Monitor, a 24.1-inch monitor designed for creative professionals.\" \/>\n<meta name=\"twitter:label1\" content=\"Dur\u00e9e de lecture estim\u00e9e\" \/>\n\t<meta name=\"twitter:data1\" content=\"2 minutes\" \/>\n<script type=\"application\/ld+json\" class=\"yoast-schema-graph\">{\"@context\":\"https:\/\/schema.org\",\"@graph\":[{\"@type\":\"WebPage\",\"@id\":\"https:\/\/www.cinesouk.ma\/product\/eizo-coloredge-cg2420-led-24-monitor\/\",\"url\":\"https:\/\/www.cinesouk.ma\/product\/eizo-coloredge-cg2420-led-24-monitor\/\",\"name\":\"EIZO ColorEdge CG2420 LED - 24\\\" Reference Monitor - CineSouk - For rent\",\"isPartOf\":{\"@id\":\"https:\/\/www.cinesouk.ma\/#website\"},\"primaryImageOfPage\":{\"@id\":\"https:\/\/www.cinesouk.ma\/product\/eizo-coloredge-cg2420-led-24-monitor\/#primaryimage\"},\"image\":{\"@id\":\"https:\/\/www.cinesouk.ma\/product\/eizo-coloredge-cg2420-led-24-monitor\/#primaryimage\"},\"thumbnailUrl\":\"https:\/\/www.cinesouk.ma\/wp-content\/uploads\/2024\/08\/trtr.jpg\",\"datePublished\":\"2024-08-20T17:21:03+00:00\",\"dateModified\":\"2025-03-21T10:55:55+00:00\",\"description\":\"Experience true color precision with the EIZO ColorEdge CG2420 LED Monitor, a 24.1-inch monitor designed for creative professionals.\",\"breadcrumb\":{\"@id\":\"https:\/\/www.cinesouk.ma\/product\/eizo-coloredge-cg2420-led-24-monitor\/#breadcrumb\"},\"inLanguage\":\"fr-FR\",\"potentialAction\":[{\"@type\":\"ReadAction\",\"target\":[\"https:\/\/www.cinesouk.ma\/product\/eizo-coloredge-cg2420-led-24-monitor\/\"]}]},{\"@type\":\"ImageObject\",\"inLanguage\":\"fr-FR\",\"@id\":\"https:\/\/www.cinesouk.ma\/product\/eizo-coloredge-cg2420-led-24-monitor\/#primaryimage\",\"url\":\"https:\/\/www.cinesouk.ma\/wp-content\/uploads\/2024\/08\/trtr.jpg\",\"contentUrl\":\"https:\/\/www.cinesouk.ma\/wp-content\/uploads\/2024\/08\/trtr.jpg\",\"width\":300,\"height\":238},{\"@type\":\"BreadcrumbList\",\"@id\":\"https:\/\/www.cinesouk.ma\/product\/eizo-coloredge-cg2420-led-24-monitor\/#breadcrumb\",\"itemListElement\":[{\"@type\":\"ListItem\",\"position\":1,\"name\":\"Home\",\"item\":\"https:\/\/www.cinesouk.ma\/\"},{\"@type\":\"ListItem\",\"position\":2,\"name\":\"Shop\",\"item\":\"https:\/\/www.cinesouk.ma\/shop\/\"},{\"@type\":\"ListItem\",\"position\":3,\"name\":\"EIZO ColorEdge CG2420 LED &#8211; 24&#8243; Reference Monitor\"}]},{\"@type\":\"WebSite\",\"@id\":\"https:\/\/www.cinesouk.ma\/#website\",\"url\":\"https:\/\/www.cinesouk.ma\/\",\"name\":\"CineSouk\",\"description\":\"\",\"publisher\":{\"@id\":\"https:\/\/www.cinesouk.ma\/#organization\"},\"potentialAction\":[{\"@type\":\"SearchAction\",\"target\":{\"@type\":\"EntryPoint\",\"urlTemplate\":\"https:\/\/www.cinesouk.ma\/?s={search_term_string}\"},\"query-input\":{\"@type\":\"PropertyValueSpecification\",\"valueRequired\":true,\"valueName\":\"search_term_string\"}}],\"inLanguage\":\"fr-FR\"},{\"@type\":\"Organization\",\"@id\":\"https:\/\/www.cinesouk.ma\/#organization\",\"name\":\"CineSouk\",\"url\":\"https:\/\/www.cinesouk.ma\/\",\"logo\":{\"@type\":\"ImageObject\",\"inLanguage\":\"fr-FR\",\"@id\":\"https:\/\/www.cinesouk.ma\/#\/schema\/logo\/image\/\",\"url\":\"https:\/\/www.cinesouk.ma\/wp-content\/uploads\/2024\/01\/CineSouk-logo-v01-alpha-alligned-left.png\",\"contentUrl\":\"https:\/\/www.cinesouk.ma\/wp-content\/uploads\/2024\/01\/CineSouk-logo-v01-alpha-alligned-left.png\",\"width\":3204,\"height\":889,\"caption\":\"CineSouk\"},\"image\":{\"@id\":\"https:\/\/www.cinesouk.ma\/#\/schema\/logo\/image\/\"}}]}<\/script>\n<!-- \/ Yoast SEO Premium plugin. -->","yoast_head_json":{"title":"EIZO ColorEdge CG2420 LED - 24\" Reference Monitor - CineSouk - For rent","description":"Experience true color precision with the EIZO ColorEdge CG2420 LED Monitor, a 24.1-inch monitor designed for creative professionals.","robots":{"index":"index","follow":"follow","max-snippet":"max-snippet:-1","max-image-preview":"max-image-preview:large","max-video-preview":"max-video-preview:-1"},"canonical":"https:\/\/www.cinesouk.ma\/fr\/produit\/eizo-coloredge-cg2420-led-24-monitor\/","og_locale":"fr_FR","og_type":"article","og_title":"EIZO ColorEdge CG2420 LED - 24\" Reference Monitor","og_description":"Experience true color precision with the EIZO ColorEdge CG2420 LED Monitor, a 24.1-inch monitor designed for creative professionals.","og_url":"https:\/\/www.cinesouk.ma\/fr\/produit\/eizo-coloredge-cg2420-led-24-monitor\/","og_site_name":"CineSouk","article_modified_time":"2025-03-21T10:55:55+00:00","og_image":[{"width":300,"height":238,"url":"https:\/\/www.cinesouk.ma\/wp-content\/uploads\/2024\/08\/trtr.jpg","type":"image\/jpeg"}],"twitter_card":"summary_large_image","twitter_description":"Experience true color precision with the EIZO ColorEdge CG2420 LED Monitor, a 24.1-inch monitor designed for creative professionals.","twitter_misc":{"Dur\u00e9e de lecture estim\u00e9e":"2 minutes"},"schema":{"@context":"https:\/\/schema.org","@graph":[{"@type":"WebPage","@id":"https:\/\/www.cinesouk.ma\/product\/eizo-coloredge-cg2420-led-24-monitor\/","url":"https:\/\/www.cinesouk.ma\/product\/eizo-coloredge-cg2420-led-24-monitor\/","name":"EIZO ColorEdge CG2420 LED - 24\" Reference Monitor - CineSouk - For rent","isPartOf":{"@id":"https:\/\/www.cinesouk.ma\/#website"},"primaryImageOfPage":{"@id":"https:\/\/www.cinesouk.ma\/product\/eizo-coloredge-cg2420-led-24-monitor\/#primaryimage"},"image":{"@id":"https:\/\/www.cinesouk.ma\/product\/eizo-coloredge-cg2420-led-24-monitor\/#primaryimage"},"thumbnailUrl":"https:\/\/www.cinesouk.ma\/wp-content\/uploads\/2024\/08\/trtr.jpg","datePublished":"2024-08-20T17:21:03+00:00","dateModified":"2025-03-21T10:55:55+00:00","description":"Experience true color precision with the EIZO ColorEdge CG2420 LED Monitor, a 24.1-inch monitor designed for creative professionals.","breadcrumb":{"@id":"https:\/\/www.cinesouk.ma\/product\/eizo-coloredge-cg2420-led-24-monitor\/#breadcrumb"},"inLanguage":"fr-FR","potentialAction":[{"@type":"ReadAction","target":["https:\/\/www.cinesouk.ma\/product\/eizo-coloredge-cg2420-led-24-monitor\/"]}]},{"@type":"ImageObject","inLanguage":"fr-FR","@id":"https:\/\/www.cinesouk.ma\/product\/eizo-coloredge-cg2420-led-24-monitor\/#primaryimage","url":"https:\/\/www.cinesouk.ma\/wp-content\/uploads\/2024\/08\/trtr.jpg","contentUrl":"https:\/\/www.cinesouk.ma\/wp-content\/uploads\/2024\/08\/trtr.jpg","width":300,"height":238},{"@type":"BreadcrumbList","@id":"https:\/\/www.cinesouk.ma\/product\/eizo-coloredge-cg2420-led-24-monitor\/#breadcrumb","itemListElement":[{"@type":"ListItem","position":1,"name":"Home","item":"https:\/\/www.cinesouk.ma\/"},{"@type":"ListItem","position":2,"name":"Shop","item":"https:\/\/www.cinesouk.ma\/shop\/"},{"@type":"ListItem","position":3,"name":"EIZO ColorEdge CG2420 LED &#8211; 24&#8243; Reference Monitor"}]},{"@type":"WebSite","@id":"https:\/\/www.cinesouk.ma\/#website","url":"https:\/\/www.cinesouk.ma\/","name":"CineSouk","description":"","publisher":{"@id":"https:\/\/www.cinesouk.ma\/#organization"},"potentialAction":[{"@type":"SearchAction","target":{"@type":"EntryPoint","urlTemplate":"https:\/\/www.cinesouk.ma\/?s={search_term_string}"},"query-input":{"@type":"PropertyValueSpecification","valueRequired":true,"valueName":"search_term_string"}}],"inLanguage":"fr-FR"},{"@type":"Organization","@id":"https:\/\/www.cinesouk.ma\/#organization","name":"CineSouk","url":"https:\/\/www.cinesouk.ma\/","logo":{"@type":"ImageObject","inLanguage":"fr-FR","@id":"https:\/\/www.cinesouk.ma\/#\/schema\/logo\/image\/","url":"https:\/\/www.cinesouk.ma\/wp-content\/uploads\/2024\/01\/CineSouk-logo-v01-alpha-alligned-left.png","contentUrl":"https:\/\/www.cinesouk.ma\/wp-content\/uploads\/2024\/01\/CineSouk-logo-v01-alpha-alligned-left.png","width":3204,"height":889,"caption":"CineSouk"},"image":{"@id":"https:\/\/www.cinesouk.ma\/#\/schema\/logo\/image\/"}}]}},"_links":{"self":[{"href":"https:\/\/www.cinesouk.ma\/fr\/wp-json\/wp\/v2\/product\/5220","targetHints":{"allow":["GET"]}}],"collection":[{"href":"https:\/\/www.cinesouk.ma\/fr\/wp-json\/wp\/v2\/product"}],"about":[{"href":"https:\/\/www.cinesouk.ma\/fr\/wp-json\/wp\/v2\/types\/product"}],"wp:featuredmedia":[{"embeddable":true,"href":"https:\/\/www.cinesouk.ma\/fr\/wp-json\/wp\/v2\/media\/8285"}],"wp:attachment":[{"href":"https:\/\/www.cinesouk.ma\/fr\/wp-json\/wp\/v2\/media?parent=5220"}],"wp:term":[{"taxonomy":"product_brand","embeddable":true,"href":"https:\/\/www.cinesouk.ma\/fr\/wp-json\/wp\/v2\/product_brand?post=5220"},{"taxonomy":"product_cat","embeddable":true,"href":"https:\/\/www.cinesouk.ma\/fr\/wp-json\/wp\/v2\/product_cat?post=5220"},{"taxonomy":"product_tag","embeddable":true,"href":"https:\/\/www.cinesouk.ma\/fr\/wp-json\/wp\/v2\/product_tag?post=5220"}],"curies":[{"name":"wp","href":"https:\/\/api.w.org\/{rel}","templated":true}]}}