{"id":5221,"date":"2024-08-26T09:41:05","date_gmt":"2024-08-26T09:41:05","guid":{"rendered":"https:\/\/www.cinesouk.ma\/?post_type=product&#038;p=5221"},"modified":"2025-06-30T14:31:57","modified_gmt":"2025-06-30T14:31:57","slug":"rode-nt1-signature-black-microphone","status":"publish","type":"product","link":"https:\/\/www.cinesouk.ma\/fr\/produit\/rode-nt1-signature-black-microphone\/","title":{"rendered":"Microphone Rode NT1 Signature Noir"},"content":{"rendered":"<p>Le microphone Rode NT1 Signature Black offre un son de haute qualit\u00e9, ce qui le rend id\u00e9al pour l'enregistrement en studio avec une clart\u00e9 exceptionnelle. Con\u00e7u pour les voix, les instruments et le podcasting, le Rode NT1 combine une technologie avanc\u00e9e avec une construction \u00e9l\u00e9gante et durable.<\/p>\n<p>Le diaphragme de 1 pouce filtr\u00e9 \u00e0 l'or fournit une large r\u00e9ponse en fr\u00e9quence, capturant les d\u00e9tails audio avec pr\u00e9cision. Avec un bruit propre impressionnant de 4,5 dBA, le NT1 garantit des enregistrements clairs, en minimisant les bruits de fond ind\u00e9sirables.<\/p>\n<p>Le rev\u00eatement c\u00e9ramique de qualit\u00e9 militaire du microphone r\u00e9siste aux rayures et aux marques, garantissant une durabilit\u00e9 \u00e0 long terme pour les studios domestiques et professionnels. Son syst\u00e8me de montage antichoc interne minimise les bruits de manipulation, ce qui permet de capturer des sons clairs et pr\u00e9cis.<\/p>\n<p>La directivit\u00e9 cardio\u00efde isole la source sonore principale tout en r\u00e9duisant les bruits de fond, ce qui le rend id\u00e9al pour les enregistrements vocaux dans des pi\u00e8ces non trait\u00e9es. Elle convient \u00e9galement \u00e0 divers instruments, offrant un son \u00e9quilibr\u00e9 pour diff\u00e9rentes applications.<\/p>\n<p>Le NT1 est livr\u00e9 avec la monture antichoc Rode SM6, dot\u00e9e d'un filtre anti-pop amovible pour r\u00e9duire les plosives dans les enregistrements vocaux. De plus, l'emballage comprend un c\u00e2ble XLR de haute qualit\u00e9 et une pochette de protection, fournissant tous les \u00e9l\u00e9ments essentiels pour commencer \u00e0 enregistrer imm\u00e9diatement.<\/p>\n<p>Louez-le maintenant sur <a href=\"https:\/\/www.cinesouk.ma\/fr\">CINESOUK<\/a> - une marque de <a href=\"https:\/\/www.broadway.ma\/\">BROADWAY PRODUCTIONS SARL.<\/a><\/p>","protected":false},"excerpt":{"rendered":"<p>Sp\u00e9cifications :<\/p>\n<p>Type de transducteur : Condenseur<br \/>\nDiagramme polaire : Cardio\u00efde<br \/>\nGamme de fr\u00e9quences : 20Hz - 20kHz<br \/>\nBruit propre : 4,5dBA<br \/>\nSPL maximum : 132dB SPL<br \/>\nImp\u00e9dance : 100 ohms<br \/>\nSensibilit\u00e9 : -29,0 dB re 1 Volt\/Pascal (35,00 mV @ 94 dB SPL) \u00b1 2 dB @ 1kHz<br \/>\nConnexion de sortie : XLR<br \/>\nExigences en mati\u00e8re d'alimentation : Alimentation fant\u00f4me 24V ou 48V<br \/>\nDimensions : 190 mm (H) x 50 mm (L) x 50 mm (P) 190 mm (H) x 50 mm (L) x 50 mm (P)<br \/>\nPoids : 440g<\/p>","protected":false},"featured_media":7749,"template":"","meta":{"om_disable_all_campaigns":false,"_monsterinsights_skip_tracking":false,"_monsterinsights_sitenote_active":false,"_monsterinsights_sitenote_note":"","_monsterinsights_sitenote_category":0,"_uf_show_specific_survey":0,"_uf_disable_surveys":false},"product_brand":[],"product_cat":[35],"product_tag":[],"class_list":{"0":"post-5221","1":"product","2":"type-product","3":"status-publish","4":"has-post-thumbnail","6":"product_cat-sound-cinesouk","8":"entry","9":"has-media","11":"first","12":"instock","13":"taxable","14":"shipping-taxable","15":"purchasable","16":"product-type-variable","17":"has-product-nav","18":"col","19":"span_1_of_3","20":"owp-content-center","21":"owp-thumbs-layout-horizontal","22":"owp-btn-normal","23":"owp-tabs-layout-horizontal","24":"has-no-thumbnails"},"yoast_head":"<!-- This site is optimized with the Yoast SEO Premium plugin v26.0 (Yoast SEO v26.0) - https:\/\/yoast.com\/wordpress\/plugins\/seo\/ -->\n<title>Rode NT1 - CineSouk - For rent<\/title>\n<meta name=\"description\" content=\"Capture every detail with the Rode NT1 Signature Black, a versatile condenser microphone ideal for vocals and instruments.\" \/>\n<meta name=\"robots\" content=\"index, follow, max-snippet:-1, max-image-preview:large, max-video-preview:-1\" \/>\n<link rel=\"canonical\" href=\"https:\/\/www.cinesouk.ma\/fr\/produit\/rode-nt1-signature-black-microphone\/\" \/>\n<meta property=\"og:locale\" content=\"fr_FR\" \/>\n<meta property=\"og:type\" content=\"article\" \/>\n<meta property=\"og:title\" content=\"Rode NT1 Signature Black Microphone\" \/>\n<meta property=\"og:description\" content=\"Capture every detail with the Rode NT1 Signature Black, a versatile condenser microphone ideal for vocals and instruments.\" \/>\n<meta property=\"og:url\" content=\"https:\/\/www.cinesouk.ma\/fr\/produit\/rode-nt1-signature-black-microphone\/\" \/>\n<meta property=\"og:site_name\" content=\"CineSouk\" \/>\n<meta property=\"article:modified_time\" content=\"2025-06-30T14:31:57+00:00\" \/>\n<meta property=\"og:image\" content=\"https:\/\/www.cinesouk.ma\/wp-content\/uploads\/2024\/08\/micmic.jpg\" \/>\n\t<meta property=\"og:image:width\" content=\"300\" \/>\n\t<meta property=\"og:image:height\" content=\"238\" \/>\n\t<meta property=\"og:image:type\" content=\"image\/jpeg\" \/>\n<meta name=\"twitter:card\" content=\"summary_large_image\" \/>\n<meta name=\"twitter:title\" content=\"Rode NT1 Signature Black Microphone\" \/>\n<meta name=\"twitter:description\" content=\"Capture every detail with the Rode NT1 Signature Black, a versatile condenser microphone ideal for vocals and instruments.\" \/>\n<meta name=\"twitter:label1\" content=\"Dur\u00e9e de lecture estim\u00e9e\" \/>\n\t<meta name=\"twitter:data1\" content=\"2 minutes\" \/>\n<script type=\"application\/ld+json\" class=\"yoast-schema-graph\">{\"@context\":\"https:\/\/schema.org\",\"@graph\":[{\"@type\":\"WebPage\",\"@id\":\"https:\/\/www.cinesouk.ma\/product\/rode-nt1-signature-black-microphone\/\",\"url\":\"https:\/\/www.cinesouk.ma\/product\/rode-nt1-signature-black-microphone\/\",\"name\":\"Rode NT1 - CineSouk - For rent\",\"isPartOf\":{\"@id\":\"https:\/\/www.cinesouk.ma\/#website\"},\"primaryImageOfPage\":{\"@id\":\"https:\/\/www.cinesouk.ma\/product\/rode-nt1-signature-black-microphone\/#primaryimage\"},\"image\":{\"@id\":\"https:\/\/www.cinesouk.ma\/product\/rode-nt1-signature-black-microphone\/#primaryimage\"},\"thumbnailUrl\":\"https:\/\/www.cinesouk.ma\/wp-content\/uploads\/2024\/08\/micmic.jpg\",\"datePublished\":\"2024-08-26T09:41:05+00:00\",\"dateModified\":\"2025-06-30T14:31:57+00:00\",\"description\":\"Capture every detail with the Rode NT1 Signature Black, a versatile condenser microphone ideal for vocals and instruments.\",\"breadcrumb\":{\"@id\":\"https:\/\/www.cinesouk.ma\/product\/rode-nt1-signature-black-microphone\/#breadcrumb\"},\"inLanguage\":\"fr-FR\",\"potentialAction\":[{\"@type\":\"ReadAction\",\"target\":[\"https:\/\/www.cinesouk.ma\/product\/rode-nt1-signature-black-microphone\/\"]}]},{\"@type\":\"ImageObject\",\"inLanguage\":\"fr-FR\",\"@id\":\"https:\/\/www.cinesouk.ma\/product\/rode-nt1-signature-black-microphone\/#primaryimage\",\"url\":\"https:\/\/www.cinesouk.ma\/wp-content\/uploads\/2024\/08\/micmic.jpg\",\"contentUrl\":\"https:\/\/www.cinesouk.ma\/wp-content\/uploads\/2024\/08\/micmic.jpg\",\"width\":300,\"height\":238,\"caption\":\"Rode NT1 Signature Black Microphone\"},{\"@type\":\"BreadcrumbList\",\"@id\":\"https:\/\/www.cinesouk.ma\/product\/rode-nt1-signature-black-microphone\/#breadcrumb\",\"itemListElement\":[{\"@type\":\"ListItem\",\"position\":1,\"name\":\"Home\",\"item\":\"https:\/\/www.cinesouk.ma\/\"},{\"@type\":\"ListItem\",\"position\":2,\"name\":\"Shop\",\"item\":\"https:\/\/www.cinesouk.ma\/shop\/\"},{\"@type\":\"ListItem\",\"position\":3,\"name\":\"Rode NT1 Signature Black Microphone\"}]},{\"@type\":\"WebSite\",\"@id\":\"https:\/\/www.cinesouk.ma\/#website\",\"url\":\"https:\/\/www.cinesouk.ma\/\",\"name\":\"CineSouk\",\"description\":\"\",\"publisher\":{\"@id\":\"https:\/\/www.cinesouk.ma\/#organization\"},\"potentialAction\":[{\"@type\":\"SearchAction\",\"target\":{\"@type\":\"EntryPoint\",\"urlTemplate\":\"https:\/\/www.cinesouk.ma\/?s={search_term_string}\"},\"query-input\":{\"@type\":\"PropertyValueSpecification\",\"valueRequired\":true,\"valueName\":\"search_term_string\"}}],\"inLanguage\":\"fr-FR\"},{\"@type\":\"Organization\",\"@id\":\"https:\/\/www.cinesouk.ma\/#organization\",\"name\":\"CineSouk\",\"url\":\"https:\/\/www.cinesouk.ma\/\",\"logo\":{\"@type\":\"ImageObject\",\"inLanguage\":\"fr-FR\",\"@id\":\"https:\/\/www.cinesouk.ma\/#\/schema\/logo\/image\/\",\"url\":\"https:\/\/www.cinesouk.ma\/wp-content\/uploads\/2024\/01\/CineSouk-logo-v01-alpha-alligned-left.png\",\"contentUrl\":\"https:\/\/www.cinesouk.ma\/wp-content\/uploads\/2024\/01\/CineSouk-logo-v01-alpha-alligned-left.png\",\"width\":3204,\"height\":889,\"caption\":\"CineSouk\"},\"image\":{\"@id\":\"https:\/\/www.cinesouk.ma\/#\/schema\/logo\/image\/\"}}]}<\/script>\n<!-- \/ Yoast SEO Premium plugin. -->","yoast_head_json":{"title":"Rode NT1 - CineSouk - For rent","description":"Capture every detail with the Rode NT1 Signature Black, a versatile condenser microphone ideal for vocals and instruments.","robots":{"index":"index","follow":"follow","max-snippet":"max-snippet:-1","max-image-preview":"max-image-preview:large","max-video-preview":"max-video-preview:-1"},"canonical":"https:\/\/www.cinesouk.ma\/fr\/produit\/rode-nt1-signature-black-microphone\/","og_locale":"fr_FR","og_type":"article","og_title":"Rode NT1 Signature Black Microphone","og_description":"Capture every detail with the Rode NT1 Signature Black, a versatile condenser microphone ideal for vocals and instruments.","og_url":"https:\/\/www.cinesouk.ma\/fr\/produit\/rode-nt1-signature-black-microphone\/","og_site_name":"CineSouk","article_modified_time":"2025-06-30T14:31:57+00:00","og_image":[{"width":300,"height":238,"url":"https:\/\/www.cinesouk.ma\/wp-content\/uploads\/2024\/08\/micmic.jpg","type":"image\/jpeg"}],"twitter_card":"summary_large_image","twitter_title":"Rode NT1 Signature Black Microphone","twitter_description":"Capture every detail with the Rode NT1 Signature Black, a versatile condenser microphone ideal for vocals and instruments.","twitter_misc":{"Dur\u00e9e de lecture estim\u00e9e":"2 minutes"},"schema":{"@context":"https:\/\/schema.org","@graph":[{"@type":"WebPage","@id":"https:\/\/www.cinesouk.ma\/product\/rode-nt1-signature-black-microphone\/","url":"https:\/\/www.cinesouk.ma\/product\/rode-nt1-signature-black-microphone\/","name":"Rode NT1 - CineSouk - For rent","isPartOf":{"@id":"https:\/\/www.cinesouk.ma\/#website"},"primaryImageOfPage":{"@id":"https:\/\/www.cinesouk.ma\/product\/rode-nt1-signature-black-microphone\/#primaryimage"},"image":{"@id":"https:\/\/www.cinesouk.ma\/product\/rode-nt1-signature-black-microphone\/#primaryimage"},"thumbnailUrl":"https:\/\/www.cinesouk.ma\/wp-content\/uploads\/2024\/08\/micmic.jpg","datePublished":"2024-08-26T09:41:05+00:00","dateModified":"2025-06-30T14:31:57+00:00","description":"Capture every detail with the Rode NT1 Signature Black, a versatile condenser microphone ideal for vocals and instruments.","breadcrumb":{"@id":"https:\/\/www.cinesouk.ma\/product\/rode-nt1-signature-black-microphone\/#breadcrumb"},"inLanguage":"fr-FR","potentialAction":[{"@type":"ReadAction","target":["https:\/\/www.cinesouk.ma\/product\/rode-nt1-signature-black-microphone\/"]}]},{"@type":"ImageObject","inLanguage":"fr-FR","@id":"https:\/\/www.cinesouk.ma\/product\/rode-nt1-signature-black-microphone\/#primaryimage","url":"https:\/\/www.cinesouk.ma\/wp-content\/uploads\/2024\/08\/micmic.jpg","contentUrl":"https:\/\/www.cinesouk.ma\/wp-content\/uploads\/2024\/08\/micmic.jpg","width":300,"height":238,"caption":"Rode NT1 Signature Black Microphone"},{"@type":"BreadcrumbList","@id":"https:\/\/www.cinesouk.ma\/product\/rode-nt1-signature-black-microphone\/#breadcrumb","itemListElement":[{"@type":"ListItem","position":1,"name":"Home","item":"https:\/\/www.cinesouk.ma\/"},{"@type":"ListItem","position":2,"name":"Shop","item":"https:\/\/www.cinesouk.ma\/shop\/"},{"@type":"ListItem","position":3,"name":"Rode NT1 Signature Black Microphone"}]},{"@type":"WebSite","@id":"https:\/\/www.cinesouk.ma\/#website","url":"https:\/\/www.cinesouk.ma\/","name":"CineSouk","description":"","publisher":{"@id":"https:\/\/www.cinesouk.ma\/#organization"},"potentialAction":[{"@type":"SearchAction","target":{"@type":"EntryPoint","urlTemplate":"https:\/\/www.cinesouk.ma\/?s={search_term_string}"},"query-input":{"@type":"PropertyValueSpecification","valueRequired":true,"valueName":"search_term_string"}}],"inLanguage":"fr-FR"},{"@type":"Organization","@id":"https:\/\/www.cinesouk.ma\/#organization","name":"CineSouk","url":"https:\/\/www.cinesouk.ma\/","logo":{"@type":"ImageObject","inLanguage":"fr-FR","@id":"https:\/\/www.cinesouk.ma\/#\/schema\/logo\/image\/","url":"https:\/\/www.cinesouk.ma\/wp-content\/uploads\/2024\/01\/CineSouk-logo-v01-alpha-alligned-left.png","contentUrl":"https:\/\/www.cinesouk.ma\/wp-content\/uploads\/2024\/01\/CineSouk-logo-v01-alpha-alligned-left.png","width":3204,"height":889,"caption":"CineSouk"},"image":{"@id":"https:\/\/www.cinesouk.ma\/#\/schema\/logo\/image\/"}}]}},"_links":{"self":[{"href":"https:\/\/www.cinesouk.ma\/fr\/wp-json\/wp\/v2\/product\/5221","targetHints":{"allow":["GET"]}}],"collection":[{"href":"https:\/\/www.cinesouk.ma\/fr\/wp-json\/wp\/v2\/product"}],"about":[{"href":"https:\/\/www.cinesouk.ma\/fr\/wp-json\/wp\/v2\/types\/product"}],"wp:featuredmedia":[{"embeddable":true,"href":"https:\/\/www.cinesouk.ma\/fr\/wp-json\/wp\/v2\/media\/7749"}],"wp:attachment":[{"href":"https:\/\/www.cinesouk.ma\/fr\/wp-json\/wp\/v2\/media?parent=5221"}],"wp:term":[{"taxonomy":"product_brand","embeddable":true,"href":"https:\/\/www.cinesouk.ma\/fr\/wp-json\/wp\/v2\/product_brand?post=5221"},{"taxonomy":"product_cat","embeddable":true,"href":"https:\/\/www.cinesouk.ma\/fr\/wp-json\/wp\/v2\/product_cat?post=5221"},{"taxonomy":"product_tag","embeddable":true,"href":"https:\/\/www.cinesouk.ma\/fr\/wp-json\/wp\/v2\/product_tag?post=5221"}],"curies":[{"name":"wp","href":"https:\/\/api.w.org\/{rel}","templated":true}]}}