{"id":5224,"date":"2025-03-06T04:00:46","date_gmt":"2025-03-06T04:00:46","guid":{"rendered":"https:\/\/www.cinesouk.ma\/?post_type=product&#038;p=5224"},"modified":"2025-08-18T10:52:45","modified_gmt":"2025-08-18T10:52:45","slug":"aputure-f10-fresnel","status":"publish","type":"product","link":"https:\/\/www.cinesouk.ma\/fr\/produit\/aputure-f10-fresnel\/","title":{"rendered":"Aputure F10 Fresnel"},"content":{"rendered":"<p data-start=\"31\" data-end=\"389\">La lentille de Fresnel F10 d'Aputure est un accessoire d'\u00e9clairage de haute performance con\u00e7u pour am\u00e9liorer le rendement et la polyvalence des appareils d'\u00e9clairage d'Aputure. Id\u00e9ale pour le cin\u00e9ma et la photographie, cette lentille de Fresnel d\u00e9livre une lumi\u00e8re concentr\u00e9e et puissante, ce qui en fait un choix de premier ordre pour les professionnels qui ont besoin de pr\u00e9cision et de contr\u00f4le dans leurs installations d'\u00e9clairage.<\/p>\n<p data-start=\"391\" data-end=\"781\">Gr\u00e2ce \u00e0 sa compatibilit\u00e9 avec l'Aputure LS 600d Pro et d'autres lampes \u00e0 monture Bowens, le F10 Fresnel transforme ces appareils en une source de lumi\u00e8re intense et dure. De plus, son angle de faisceau r\u00e9glable de 15\u00b0 \u00e0 45\u00b0 permet aux utilisateurs de passer d'un effet de spot \u00e9troit \u00e0 un effet de projecteur plus large, offrant ainsi une grande flexibilit\u00e9 pour diff\u00e9rents sc\u00e9narios d'\u00e9clairage.<\/p>\n<p data-start=\"783\" data-end=\"1091\">L'une de ses caract\u00e9ristiques les plus remarquables est la grande lentille de Fresnel en verre de 10 pouces, qui amplifie consid\u00e9rablement le rendement lumineux. Ainsi, lorsqu'il est associ\u00e9 \u00e0 la LS 600d Pro, il peut augmenter la luminosit\u00e9 jusqu'\u00e0 200 000 lux \u00e0 1 m\u00e8tre, ce qui en fait l'un des outils d'\u00e9clairage les plus puissants du march\u00e9.<\/p>\n<p data-start=\"1093\" data-end=\"1377\">De plus, le F10 Fresnel est dot\u00e9 de deux \u00e9l\u00e9ments optiques qui contribuent \u00e0 \u00e9liminer les artefacts ind\u00e9sirables et les franges de couleur, garantissant ainsi un \u00e9clairage propre et coh\u00e9rent. Gr\u00e2ce \u00e0 sa pr\u00e9cision, il est id\u00e9al pour les productions haut de gamme o\u00f9 la qualit\u00e9 de l'\u00e9clairage est essentielle.<\/p>\n<p data-start=\"1379\" data-end=\"1712\">Con\u00e7u pour durer, le F10 Fresnel est fabriqu\u00e9 \u00e0 partir de mat\u00e9riaux r\u00e9sistants \u00e0 la chaleur, garantissant des performances durables m\u00eame dans les environnements professionnels exigeants. De plus, son support de gel rotatif permet une application rapide et facile du gel de couleur, donnant aux utilisateurs un contr\u00f4le encore plus cr\u00e9atif sur leur \u00e9clairage.<\/p>\n<h3 data-start=\"1714\" data-end=\"1736\"><strong data-start=\"1718\" data-end=\"1734\">Caract\u00e9ristiques principales<\/strong><\/h3>\n<ul data-start=\"1738\" data-end=\"2459\">\n<li data-start=\"1738\" data-end=\"1831\"><strong data-start=\"1740\" data-end=\"1766\">Angle de rayonnement r\u00e9glable :<\/strong> <strong data-start=\"1767\" data-end=\"1787\">Plage de 15\u00b0 \u00e0 45<\/strong> pour <strong data-start=\"1792\" data-end=\"1828\">effets de projecteurs et de projecteurs<\/strong>.<\/li>\n<li data-start=\"1832\" data-end=\"1919\"><strong data-start=\"1834\" data-end=\"1857\">Lentille en verre de 10 pouces :<\/strong> <strong data-start=\"1858\" data-end=\"1884\">Maximise le rendement lumineux<\/strong> et renforce <strong data-start=\"1898\" data-end=\"1916\">intensit\u00e9 du faisceau<\/strong>.<\/li>\n<li data-start=\"1920\" data-end=\"2027\"><strong data-start=\"1922\" data-end=\"1953\">Compatibilit\u00e9 avec la monture Bowens :<\/strong> Travaille avec le <strong data-start=\"1969\" data-end=\"2024\">Aputure LS 600d Pro et autres luminaires \u00e0 monture Bowens<\/strong>.<\/li>\n<li data-start=\"2028\" data-end=\"2134\"><strong data-start=\"2030\" data-end=\"2056\">Puissant rendement lumineux :<\/strong> Augmente la luminosit\u00e9 <strong data-start=\"2078\" data-end=\"2110\">jusqu'\u00e0 200 000 lux \u00e0 1 m\u00e8tre<\/strong> avec le LS 600d Pro.<\/li>\n<li data-start=\"2135\" data-end=\"2247\"><strong data-start=\"2137\" data-end=\"2163\">Deux \u00e9l\u00e9ments optiques :<\/strong> <strong data-start=\"2164\" data-end=\"2207\">\u00c9limine les artefacts et les franges de couleur<\/strong> pour <strong data-start=\"2212\" data-end=\"2244\">un \u00e9clairage propre et de qualit\u00e9<\/strong>.<\/li>\n<li data-start=\"2248\" data-end=\"2349\"><strong data-start=\"2250\" data-end=\"2284\">Construction durable et r\u00e9sistante \u00e0 la chaleur :<\/strong> Con\u00e7u pour <strong data-start=\"2298\" data-end=\"2318\">utilisation professionnelle<\/strong> en <strong data-start=\"2322\" data-end=\"2346\">conditions exigeantes<\/strong>.<\/li>\n<li data-start=\"2350\" data-end=\"2459\"><strong data-start=\"2352\" data-end=\"2377\">Support de gel rotatif :<\/strong> <strong data-start=\"2378\" data-end=\"2420\">Permet une application rapide du gel de couleur<\/strong>, en renfor\u00e7ant <strong data-start=\"2432\" data-end=\"2456\">flexibilit\u00e9 cr\u00e9ative<\/strong>.<\/li>\n<\/ul>\n<h3 data-start=\"2461\" data-end=\"2485\"><strong data-start=\"2465\" data-end=\"2483\">Sp\u00e9cifications<\/strong><\/h3>\n<ul data-start=\"2487\" data-end=\"2804\">\n<li data-start=\"2487\" data-end=\"2519\"><strong data-start=\"2489\" data-end=\"2504\">Type de montage :<\/strong> Monture Bowens<\/li>\n<li data-start=\"2520\" data-end=\"2560\"><strong data-start=\"2522\" data-end=\"2537\">Angle du faisceau :<\/strong> R\u00e9glable de 15\u00b0 \u00e0 45<\/li>\n<li data-start=\"2561\" data-end=\"2589\"><strong data-start=\"2563\" data-end=\"2577\">Taille de l'objectif :<\/strong> 10 pouces<\/li>\n<li data-start=\"2590\" data-end=\"2635\"><strong data-start=\"2592\" data-end=\"2605\">Mat\u00e9riau :<\/strong> Construction r\u00e9sistante \u00e0 la chaleur<\/li>\n<li data-start=\"2636\" data-end=\"2708\"><strong data-start=\"2638\" data-end=\"2656\">Compatibilit\u00e9 :<\/strong> Aputure LS 600d Pro et autres lampes \u00e0 monture Bowens<\/li>\n<li data-start=\"2709\" data-end=\"2804\"><strong data-start=\"2711\" data-end=\"2728\">Applications :<\/strong> <strong data-start=\"2729\" data-end=\"2802\">Film, photographie, \u00e9clairage de studio et installations de production \u00e0 haut rendement<\/strong><\/li>\n<\/ul>\n<p data-start=\"2806\" data-end=\"3106\">Le <strong data-start=\"2810\" data-end=\"2833\">Aputure<\/strong>Fresnel F10 est un modificateur d'\u00e9clairage essentiel pour les professionnels qui ont besoin d'un \u00e9clairage puissant, cibl\u00e9 et polyvalent. Gr\u00e2ce \u00e0 sa grande lentille, \u00e0 son angle de rayonnement r\u00e9glable et \u00e0 son optique de pr\u00e9cision, il assure un contr\u00f4le sup\u00e9rieur de l'\u00e9clairage dans n'importe quel environnement de production.<\/p>\n<p>Louez-le maintenant sur <a href=\"https:\/\/www.cinesouk.ma\/fr\">CINESOUK<\/a> - une marque de <a href=\"https:\/\/www.broadway.ma\/\">BROADWAY PRODUCTIONS SARL.<\/a><\/p>","protected":false},"excerpt":{"rendered":"<p>Sp\u00e9cifications :<\/p>\n<ul>\n<li><strong>Diam\u00e8tre de la lentille :<\/strong> 10 pouces<\/li>\n<li><strong>Angle du faisceau :<\/strong> R\u00e9glable de 15\u00b0 \u00e0 45<\/li>\n<li><strong>Compatibilit\u00e9 :<\/strong> Lampes \u00e0 monture Bowens, y compris Aputure LS 600d Pro<\/li>\n<li><strong>Puissance lumineuse :<\/strong> Jusqu'\u00e0 200 000 lux \u00e0 1 m\u00e8tre avec le LS 600d Pro<\/li>\n<li><strong>Mat\u00e9riau :<\/strong> Construction r\u00e9sistante \u00e0 la chaleur<\/li>\n<li><strong>Poids :<\/strong> Environ 3,3 kg<\/li>\n<li><strong>Dimensions :<\/strong> 270mm x 270mm x 185mm<\/li>\n<\/ul>","protected":false},"featured_media":7766,"template":"","meta":{"om_disable_all_campaigns":false,"_monsterinsights_skip_tracking":false,"_monsterinsights_sitenote_active":false,"_monsterinsights_sitenote_note":"","_monsterinsights_sitenote_category":0,"_uf_show_specific_survey":0,"_uf_disable_surveys":false},"product_brand":[],"product_cat":[131,20],"product_tag":[],"class_list":{"0":"post-5224","1":"product","2":"type-product","3":"status-publish","4":"has-post-thumbnail","6":"product_cat-light-eventsouk","7":"product_cat-light-cinesouk","9":"entry","10":"has-media","12":"first","13":"instock","14":"taxable","15":"shipping-taxable","16":"purchasable","17":"product-type-variable","18":"has-product-nav","19":"col","20":"span_1_of_3","21":"owp-content-center","22":"owp-thumbs-layout-horizontal","23":"owp-btn-normal","24":"owp-tabs-layout-horizontal","25":"has-no-thumbnails"},"yoast_head":"<!-- This site is optimized with the Yoast SEO Premium plugin v26.0 (Yoast SEO v26.0) - https:\/\/yoast.com\/wordpress\/plugins\/seo\/ -->\n<title>Aputure F10 Fresnel - CineSouk - For rent<\/title>\n<meta name=\"description\" content=\"Aputure F10 Fresnel Lens: Achieve focused, high-intensity lighting with this 10-inch Fresnel for Bowens Mount lights, perfect for professional shoots.\" \/>\n<meta name=\"robots\" content=\"index, follow, max-snippet:-1, max-image-preview:large, max-video-preview:-1\" \/>\n<link rel=\"canonical\" href=\"https:\/\/www.cinesouk.ma\/fr\/produit\/aputure-f10-fresnel\/\" \/>\n<meta property=\"og:locale\" content=\"fr_FR\" \/>\n<meta property=\"og:type\" content=\"article\" \/>\n<meta property=\"og:title\" content=\"Aputure F10 Fresnel\" \/>\n<meta property=\"og:description\" content=\"Aputure F10 Fresnel Lens: Achieve focused, high-intensity lighting with this 10-inch Fresnel for Bowens Mount lights, perfect for professional shoots.\" \/>\n<meta property=\"og:url\" content=\"https:\/\/www.cinesouk.ma\/fr\/produit\/aputure-f10-fresnel\/\" \/>\n<meta property=\"og:site_name\" content=\"CineSouk\" \/>\n<meta property=\"article:modified_time\" content=\"2025-08-18T10:52:45+00:00\" \/>\n<meta property=\"og:image\" content=\"https:\/\/www.cinesouk.ma\/wp-content\/uploads\/2024\/08\/Aputure-F10-Fresnel.jpg\" \/>\n\t<meta property=\"og:image:width\" content=\"300\" \/>\n\t<meta property=\"og:image:height\" content=\"238\" \/>\n\t<meta property=\"og:image:type\" content=\"image\/jpeg\" \/>\n<meta name=\"twitter:card\" content=\"summary_large_image\" \/>\n<meta name=\"twitter:description\" content=\"Aputure F10 Fresnel Lens: Achieve focused, high-intensity lighting with this 10-inch Fresnel for Bowens Mount lights, perfect for professional shoots.\" \/>\n<meta name=\"twitter:label1\" content=\"Dur\u00e9e de lecture estim\u00e9e\" \/>\n\t<meta name=\"twitter:data1\" content=\"2 minutes\" \/>\n<script type=\"application\/ld+json\" class=\"yoast-schema-graph\">{\"@context\":\"https:\/\/schema.org\",\"@graph\":[{\"@type\":\"WebPage\",\"@id\":\"https:\/\/www.cinesouk.ma\/product\/aputure-f10-fresnel\/\",\"url\":\"https:\/\/www.cinesouk.ma\/product\/aputure-f10-fresnel\/\",\"name\":\"Aputure F10 Fresnel - CineSouk - For rent\",\"isPartOf\":{\"@id\":\"https:\/\/www.cinesouk.ma\/#website\"},\"primaryImageOfPage\":{\"@id\":\"https:\/\/www.cinesouk.ma\/product\/aputure-f10-fresnel\/#primaryimage\"},\"image\":{\"@id\":\"https:\/\/www.cinesouk.ma\/product\/aputure-f10-fresnel\/#primaryimage\"},\"thumbnailUrl\":\"https:\/\/www.cinesouk.ma\/wp-content\/uploads\/2024\/08\/Aputure-F10-Fresnel.jpg\",\"datePublished\":\"2025-03-06T04:00:46+00:00\",\"dateModified\":\"2025-08-18T10:52:45+00:00\",\"description\":\"Aputure F10 Fresnel Lens: Achieve focused, high-intensity lighting with this 10-inch Fresnel for Bowens Mount lights, perfect for professional shoots.\",\"breadcrumb\":{\"@id\":\"https:\/\/www.cinesouk.ma\/product\/aputure-f10-fresnel\/#breadcrumb\"},\"inLanguage\":\"fr-FR\",\"potentialAction\":[{\"@type\":\"ReadAction\",\"target\":[\"https:\/\/www.cinesouk.ma\/product\/aputure-f10-fresnel\/\"]}]},{\"@type\":\"ImageObject\",\"inLanguage\":\"fr-FR\",\"@id\":\"https:\/\/www.cinesouk.ma\/product\/aputure-f10-fresnel\/#primaryimage\",\"url\":\"https:\/\/www.cinesouk.ma\/wp-content\/uploads\/2024\/08\/Aputure-F10-Fresnel.jpg\",\"contentUrl\":\"https:\/\/www.cinesouk.ma\/wp-content\/uploads\/2024\/08\/Aputure-F10-Fresnel.jpg\",\"width\":300,\"height\":238},{\"@type\":\"BreadcrumbList\",\"@id\":\"https:\/\/www.cinesouk.ma\/product\/aputure-f10-fresnel\/#breadcrumb\",\"itemListElement\":[{\"@type\":\"ListItem\",\"position\":1,\"name\":\"Home\",\"item\":\"https:\/\/www.cinesouk.ma\/\"},{\"@type\":\"ListItem\",\"position\":2,\"name\":\"Shop\",\"item\":\"https:\/\/www.cinesouk.ma\/shop\/\"},{\"@type\":\"ListItem\",\"position\":3,\"name\":\"Aputure F10 Fresnel\"}]},{\"@type\":\"WebSite\",\"@id\":\"https:\/\/www.cinesouk.ma\/#website\",\"url\":\"https:\/\/www.cinesouk.ma\/\",\"name\":\"CineSouk\",\"description\":\"\",\"publisher\":{\"@id\":\"https:\/\/www.cinesouk.ma\/#organization\"},\"potentialAction\":[{\"@type\":\"SearchAction\",\"target\":{\"@type\":\"EntryPoint\",\"urlTemplate\":\"https:\/\/www.cinesouk.ma\/?s={search_term_string}\"},\"query-input\":{\"@type\":\"PropertyValueSpecification\",\"valueRequired\":true,\"valueName\":\"search_term_string\"}}],\"inLanguage\":\"fr-FR\"},{\"@type\":\"Organization\",\"@id\":\"https:\/\/www.cinesouk.ma\/#organization\",\"name\":\"CineSouk\",\"url\":\"https:\/\/www.cinesouk.ma\/\",\"logo\":{\"@type\":\"ImageObject\",\"inLanguage\":\"fr-FR\",\"@id\":\"https:\/\/www.cinesouk.ma\/#\/schema\/logo\/image\/\",\"url\":\"https:\/\/www.cinesouk.ma\/wp-content\/uploads\/2024\/01\/CineSouk-logo-v01-alpha-alligned-left.png\",\"contentUrl\":\"https:\/\/www.cinesouk.ma\/wp-content\/uploads\/2024\/01\/CineSouk-logo-v01-alpha-alligned-left.png\",\"width\":3204,\"height\":889,\"caption\":\"CineSouk\"},\"image\":{\"@id\":\"https:\/\/www.cinesouk.ma\/#\/schema\/logo\/image\/\"}}]}<\/script>\n<!-- \/ Yoast SEO Premium plugin. -->","yoast_head_json":{"title":"Aputure F10 Fresnel - CineSouk - For rent","description":"Aputure F10 Fresnel Lens: Achieve focused, high-intensity lighting with this 10-inch Fresnel for Bowens Mount lights, perfect for professional shoots.","robots":{"index":"index","follow":"follow","max-snippet":"max-snippet:-1","max-image-preview":"max-image-preview:large","max-video-preview":"max-video-preview:-1"},"canonical":"https:\/\/www.cinesouk.ma\/fr\/produit\/aputure-f10-fresnel\/","og_locale":"fr_FR","og_type":"article","og_title":"Aputure F10 Fresnel","og_description":"Aputure F10 Fresnel Lens: Achieve focused, high-intensity lighting with this 10-inch Fresnel for Bowens Mount lights, perfect for professional shoots.","og_url":"https:\/\/www.cinesouk.ma\/fr\/produit\/aputure-f10-fresnel\/","og_site_name":"CineSouk","article_modified_time":"2025-08-18T10:52:45+00:00","og_image":[{"width":300,"height":238,"url":"https:\/\/www.cinesouk.ma\/wp-content\/uploads\/2024\/08\/Aputure-F10-Fresnel.jpg","type":"image\/jpeg"}],"twitter_card":"summary_large_image","twitter_description":"Aputure F10 Fresnel Lens: Achieve focused, high-intensity lighting with this 10-inch Fresnel for Bowens Mount lights, perfect for professional shoots.","twitter_misc":{"Dur\u00e9e de lecture estim\u00e9e":"2 minutes"},"schema":{"@context":"https:\/\/schema.org","@graph":[{"@type":"WebPage","@id":"https:\/\/www.cinesouk.ma\/product\/aputure-f10-fresnel\/","url":"https:\/\/www.cinesouk.ma\/product\/aputure-f10-fresnel\/","name":"Aputure F10 Fresnel - CineSouk - For rent","isPartOf":{"@id":"https:\/\/www.cinesouk.ma\/#website"},"primaryImageOfPage":{"@id":"https:\/\/www.cinesouk.ma\/product\/aputure-f10-fresnel\/#primaryimage"},"image":{"@id":"https:\/\/www.cinesouk.ma\/product\/aputure-f10-fresnel\/#primaryimage"},"thumbnailUrl":"https:\/\/www.cinesouk.ma\/wp-content\/uploads\/2024\/08\/Aputure-F10-Fresnel.jpg","datePublished":"2025-03-06T04:00:46+00:00","dateModified":"2025-08-18T10:52:45+00:00","description":"Aputure F10 Fresnel Lens: Achieve focused, high-intensity lighting with this 10-inch Fresnel for Bowens Mount lights, perfect for professional shoots.","breadcrumb":{"@id":"https:\/\/www.cinesouk.ma\/product\/aputure-f10-fresnel\/#breadcrumb"},"inLanguage":"fr-FR","potentialAction":[{"@type":"ReadAction","target":["https:\/\/www.cinesouk.ma\/product\/aputure-f10-fresnel\/"]}]},{"@type":"ImageObject","inLanguage":"fr-FR","@id":"https:\/\/www.cinesouk.ma\/product\/aputure-f10-fresnel\/#primaryimage","url":"https:\/\/www.cinesouk.ma\/wp-content\/uploads\/2024\/08\/Aputure-F10-Fresnel.jpg","contentUrl":"https:\/\/www.cinesouk.ma\/wp-content\/uploads\/2024\/08\/Aputure-F10-Fresnel.jpg","width":300,"height":238},{"@type":"BreadcrumbList","@id":"https:\/\/www.cinesouk.ma\/product\/aputure-f10-fresnel\/#breadcrumb","itemListElement":[{"@type":"ListItem","position":1,"name":"Home","item":"https:\/\/www.cinesouk.ma\/"},{"@type":"ListItem","position":2,"name":"Shop","item":"https:\/\/www.cinesouk.ma\/shop\/"},{"@type":"ListItem","position":3,"name":"Aputure F10 Fresnel"}]},{"@type":"WebSite","@id":"https:\/\/www.cinesouk.ma\/#website","url":"https:\/\/www.cinesouk.ma\/","name":"CineSouk","description":"","publisher":{"@id":"https:\/\/www.cinesouk.ma\/#organization"},"potentialAction":[{"@type":"SearchAction","target":{"@type":"EntryPoint","urlTemplate":"https:\/\/www.cinesouk.ma\/?s={search_term_string}"},"query-input":{"@type":"PropertyValueSpecification","valueRequired":true,"valueName":"search_term_string"}}],"inLanguage":"fr-FR"},{"@type":"Organization","@id":"https:\/\/www.cinesouk.ma\/#organization","name":"CineSouk","url":"https:\/\/www.cinesouk.ma\/","logo":{"@type":"ImageObject","inLanguage":"fr-FR","@id":"https:\/\/www.cinesouk.ma\/#\/schema\/logo\/image\/","url":"https:\/\/www.cinesouk.ma\/wp-content\/uploads\/2024\/01\/CineSouk-logo-v01-alpha-alligned-left.png","contentUrl":"https:\/\/www.cinesouk.ma\/wp-content\/uploads\/2024\/01\/CineSouk-logo-v01-alpha-alligned-left.png","width":3204,"height":889,"caption":"CineSouk"},"image":{"@id":"https:\/\/www.cinesouk.ma\/#\/schema\/logo\/image\/"}}]}},"_links":{"self":[{"href":"https:\/\/www.cinesouk.ma\/fr\/wp-json\/wp\/v2\/product\/5224","targetHints":{"allow":["GET"]}}],"collection":[{"href":"https:\/\/www.cinesouk.ma\/fr\/wp-json\/wp\/v2\/product"}],"about":[{"href":"https:\/\/www.cinesouk.ma\/fr\/wp-json\/wp\/v2\/types\/product"}],"wp:featuredmedia":[{"embeddable":true,"href":"https:\/\/www.cinesouk.ma\/fr\/wp-json\/wp\/v2\/media\/7766"}],"wp:attachment":[{"href":"https:\/\/www.cinesouk.ma\/fr\/wp-json\/wp\/v2\/media?parent=5224"}],"wp:term":[{"taxonomy":"product_brand","embeddable":true,"href":"https:\/\/www.cinesouk.ma\/fr\/wp-json\/wp\/v2\/product_brand?post=5224"},{"taxonomy":"product_cat","embeddable":true,"href":"https:\/\/www.cinesouk.ma\/fr\/wp-json\/wp\/v2\/product_cat?post=5224"},{"taxonomy":"product_tag","embeddable":true,"href":"https:\/\/www.cinesouk.ma\/fr\/wp-json\/wp\/v2\/product_tag?post=5224"}],"curies":[{"name":"wp","href":"https:\/\/api.w.org\/{rel}","templated":true}]}}