{"id":5226,"date":"2025-03-06T04:00:32","date_gmt":"2025-03-06T04:00:32","guid":{"rendered":"https:\/\/www.cinesouk.ma\/?post_type=product&#038;p=5226"},"modified":"2025-03-21T10:55:56","modified_gmt":"2025-03-21T10:55:56","slug":"aputure-lantern-90","status":"publish","type":"product","link":"https:\/\/www.cinesouk.ma\/fr\/produit\/aputure-lantern-90\/","title":{"rendered":"Lanterne Aputure 35\" (90 cm)"},"content":{"rendered":"<p>Aputure Lantern 35 inch - 90 cm est une bo\u00eete \u00e0 lumi\u00e8re sph\u00e9rique de 90 cm con\u00e7ue pour cr\u00e9er un \u00e9clairage doux et omnidirectionnel parfait pour le cin\u00e9ma, la photographie et la radiodiffusion. Avec un diam\u00e8tre de 90 cm, cette bo\u00eete \u00e0 lumi\u00e8re est id\u00e9ale pour diffuser la lumi\u00e8re sur une large zone, fournissant un \u00e9clairage uniforme et naturel qui am\u00e9liore la qualit\u00e9 de vos prises de vue.<\/p>\n<p>La Lantern 90 fonctionne avec n'importe quelle lampe \u00e0 monture Bowens, y compris les appareils Aputure les plus populaires tels que le LS 600d Pro et le LS 300x. Sa conception sph\u00e9rique garantit une diffusion uniforme de la lumi\u00e8re sur 360\u00b0, ce qui en fait un excellent choix pour les situations o\u00f9 vous devez \u00e9clairer de grands espaces ou cr\u00e9er un \u00e9clairage d'appoint doux. L'\u00e9clairage doux et diffus qu'il produit est particuli\u00e8rement utile pour les interviews, la photographie de portrait et les sc\u00e8nes o\u00f9 les ombres dures ne sont pas souhaitables.<\/p>\n<p>L'une des principales caract\u00e9ristiques de l'Aputure Lantern 90 est son m\u00e9canisme d'installation rapide. Vous pouvez assembler la bo\u00eete \u00e0 lumi\u00e8re en quelques secondes, gr\u00e2ce \u00e0 sa conception pop-up, ce qui la rend tr\u00e8s portable et facile \u00e0 utiliser sur le terrain. La Lantern 90 comprend \u00e9galement une jupe amovible que vous pouvez utiliser pour contr\u00f4ler les d\u00e9bordements de lumi\u00e8re et diriger la lumi\u00e8re avec plus de pr\u00e9cision. Cette fonction vous permet de cr\u00e9er diff\u00e9rents effets d'\u00e9clairage en bloquant ou en redirigeant la lumi\u00e8re selon les besoins.<\/p>\n<p>Fabriqu\u00e9e \u00e0 partir de mat\u00e9riaux durables et de haute qualit\u00e9, la Lantern 90 r\u00e9siste aux rigueurs d'une utilisation professionnelle. Malgr\u00e9 sa grande taille, elle reste l\u00e9g\u00e8re et facile \u00e0 manipuler, ce qui vous permet de l'utiliser dans une grande vari\u00e9t\u00e9 d'environnements, des petits studios aux grands plateaux de production.<\/p>\n<p>Louez-le maintenant sur <a href=\"https:\/\/www.cinesouk.ma\/fr\">CINESOUK<\/a> - une marque de <a href=\"https:\/\/www.broadway.ma\/\">BROADWAY PRODUCTIONS SARL.<\/a><\/p>","protected":false},"excerpt":{"rendered":"<p>Sp\u00e9cifications :<\/p>\n<p>Diam\u00e8tre : 90 cm<br \/>\nForme : Sph\u00e9rique<br \/>\nCompatibilit\u00e9 : Lampes \u00e0 monture Bowens, y compris Aputure LS 600d Pro et LS 300x<br \/>\nTemps de mise en place : Conception instantan\u00e9e pour un assemblage rapide<br \/>\nMat\u00e9riau : Construction durable de haute qualit\u00e9<br \/>\nPoids : Environ 1,5 kg<br \/>\nAccessoires inclus : Jupe amovible pour le contr\u00f4le de la lumi\u00e8re<\/p>","protected":false},"featured_media":7768,"template":"","meta":{"om_disable_all_campaigns":false,"_monsterinsights_skip_tracking":false,"_monsterinsights_sitenote_active":false,"_monsterinsights_sitenote_note":"","_monsterinsights_sitenote_category":0,"_uf_show_specific_survey":0,"_uf_disable_surveys":false},"product_brand":[],"product_cat":[20],"product_tag":[],"class_list":{"0":"post-5226","1":"product","2":"type-product","3":"status-publish","4":"has-post-thumbnail","6":"product_cat-light-cinesouk","8":"entry","9":"has-media","11":"first","12":"instock","13":"taxable","14":"shipping-taxable","15":"purchasable","16":"product-type-variable","17":"has-product-nav","18":"col","19":"span_1_of_3","20":"owp-content-center","21":"owp-thumbs-layout-horizontal","22":"owp-btn-normal","23":"owp-tabs-layout-horizontal","24":"has-no-thumbnails"},"yoast_head":"<!-- This site is optimized with the Yoast SEO Premium plugin v26.0 (Yoast SEO v26.0) - https:\/\/yoast.com\/wordpress\/plugins\/seo\/ -->\n<title>Aputure Lantern 35&#039;&#039; (90 cm) - CineSouk - For rent<\/title>\n<meta name=\"description\" content=\"Aputure Lantern 90: Enhance your lighting with this versatile softbox, offering wide-area diffusion and quick setup for professional results.\" \/>\n<meta name=\"robots\" content=\"index, follow, max-snippet:-1, max-image-preview:large, max-video-preview:-1\" \/>\n<link rel=\"canonical\" href=\"https:\/\/www.cinesouk.ma\/fr\/produit\/aputure-lantern-90\/\" \/>\n<meta property=\"og:locale\" content=\"fr_FR\" \/>\n<meta property=\"og:type\" content=\"article\" \/>\n<meta property=\"og:title\" content=\"JVC DT-V17L2D\" \/>\n<meta property=\"og:description\" content=\"The JVC DT-V17L2D features a high-resolution LCD panel with advanced signal processing optimized HDTV display.\" \/>\n<meta property=\"og:url\" content=\"https:\/\/www.cinesouk.ma\/fr\/produit\/aputure-lantern-90\/\" \/>\n<meta property=\"og:site_name\" content=\"CineSouk\" \/>\n<meta property=\"article:modified_time\" content=\"2025-03-21T10:55:56+00:00\" \/>\n<meta name=\"twitter:card\" content=\"summary_large_image\" \/>\n<meta name=\"twitter:title\" content=\"JVC DT-V17L2D\" \/>\n<meta name=\"twitter:description\" content=\"The JVC DT-V17L2D features a high-resolution LCD panel with advanced signal processing optimized HDTV display.\" \/>\n<meta name=\"twitter:image\" content=\"https:\/\/www.cinesouk.ma\/wp-content\/uploads\/2024\/08\/Aputure-Lantern-90-Softbox-Spherical-90-cm-softbox.jpg\" \/>\n<meta name=\"twitter:label1\" content=\"Dur\u00e9e de lecture estim\u00e9e\" \/>\n\t<meta name=\"twitter:data1\" content=\"2 minutes\" \/>\n<script type=\"application\/ld+json\" class=\"yoast-schema-graph\">{\"@context\":\"https:\/\/schema.org\",\"@graph\":[{\"@type\":\"WebPage\",\"@id\":\"https:\/\/www.cinesouk.ma\/product\/aputure-lantern-90\/\",\"url\":\"https:\/\/www.cinesouk.ma\/product\/aputure-lantern-90\/\",\"name\":\"Aputure Lantern 35'' (90 cm) - CineSouk - For rent\",\"isPartOf\":{\"@id\":\"https:\/\/www.cinesouk.ma\/#website\"},\"primaryImageOfPage\":{\"@id\":\"https:\/\/www.cinesouk.ma\/product\/aputure-lantern-90\/#primaryimage\"},\"image\":{\"@id\":\"https:\/\/www.cinesouk.ma\/product\/aputure-lantern-90\/#primaryimage\"},\"thumbnailUrl\":\"https:\/\/www.cinesouk.ma\/wp-content\/uploads\/2024\/08\/Aputure-Lantern-90-Softbox-Spherical-90-cm-softbox.jpg\",\"datePublished\":\"2025-03-06T04:00:32+00:00\",\"dateModified\":\"2025-03-21T10:55:56+00:00\",\"description\":\"Aputure Lantern 90: Enhance your lighting with this versatile softbox, offering wide-area diffusion and quick setup for professional results.\",\"breadcrumb\":{\"@id\":\"https:\/\/www.cinesouk.ma\/product\/aputure-lantern-90\/#breadcrumb\"},\"inLanguage\":\"fr-FR\",\"potentialAction\":[{\"@type\":\"ReadAction\",\"target\":[\"https:\/\/www.cinesouk.ma\/product\/aputure-lantern-90\/\"]}]},{\"@type\":\"ImageObject\",\"inLanguage\":\"fr-FR\",\"@id\":\"https:\/\/www.cinesouk.ma\/product\/aputure-lantern-90\/#primaryimage\",\"url\":\"https:\/\/www.cinesouk.ma\/wp-content\/uploads\/2024\/08\/Aputure-Lantern-90-Softbox-Spherical-90-cm-softbox.jpg\",\"contentUrl\":\"https:\/\/www.cinesouk.ma\/wp-content\/uploads\/2024\/08\/Aputure-Lantern-90-Softbox-Spherical-90-cm-softbox.jpg\",\"width\":300,\"height\":238},{\"@type\":\"BreadcrumbList\",\"@id\":\"https:\/\/www.cinesouk.ma\/product\/aputure-lantern-90\/#breadcrumb\",\"itemListElement\":[{\"@type\":\"ListItem\",\"position\":1,\"name\":\"Home\",\"item\":\"https:\/\/www.cinesouk.ma\/\"},{\"@type\":\"ListItem\",\"position\":2,\"name\":\"Shop\",\"item\":\"https:\/\/www.cinesouk.ma\/shop\/\"},{\"@type\":\"ListItem\",\"position\":3,\"name\":\"Aputure Lantern 35&#8221; (90 cm)\"}]},{\"@type\":\"WebSite\",\"@id\":\"https:\/\/www.cinesouk.ma\/#website\",\"url\":\"https:\/\/www.cinesouk.ma\/\",\"name\":\"CineSouk\",\"description\":\"\",\"publisher\":{\"@id\":\"https:\/\/www.cinesouk.ma\/#organization\"},\"potentialAction\":[{\"@type\":\"SearchAction\",\"target\":{\"@type\":\"EntryPoint\",\"urlTemplate\":\"https:\/\/www.cinesouk.ma\/?s={search_term_string}\"},\"query-input\":{\"@type\":\"PropertyValueSpecification\",\"valueRequired\":true,\"valueName\":\"search_term_string\"}}],\"inLanguage\":\"fr-FR\"},{\"@type\":\"Organization\",\"@id\":\"https:\/\/www.cinesouk.ma\/#organization\",\"name\":\"CineSouk\",\"url\":\"https:\/\/www.cinesouk.ma\/\",\"logo\":{\"@type\":\"ImageObject\",\"inLanguage\":\"fr-FR\",\"@id\":\"https:\/\/www.cinesouk.ma\/#\/schema\/logo\/image\/\",\"url\":\"https:\/\/www.cinesouk.ma\/wp-content\/uploads\/2024\/01\/CineSouk-logo-v01-alpha-alligned-left.png\",\"contentUrl\":\"https:\/\/www.cinesouk.ma\/wp-content\/uploads\/2024\/01\/CineSouk-logo-v01-alpha-alligned-left.png\",\"width\":3204,\"height\":889,\"caption\":\"CineSouk\"},\"image\":{\"@id\":\"https:\/\/www.cinesouk.ma\/#\/schema\/logo\/image\/\"}}]}<\/script>\n<!-- \/ Yoast SEO Premium plugin. -->","yoast_head_json":{"title":"Aputure Lantern 35'' (90 cm) - CineSouk - For rent","description":"Aputure Lantern 90: Enhance your lighting with this versatile softbox, offering wide-area diffusion and quick setup for professional results.","robots":{"index":"index","follow":"follow","max-snippet":"max-snippet:-1","max-image-preview":"max-image-preview:large","max-video-preview":"max-video-preview:-1"},"canonical":"https:\/\/www.cinesouk.ma\/fr\/produit\/aputure-lantern-90\/","og_locale":"fr_FR","og_type":"article","og_title":"JVC DT-V17L2D","og_description":"The JVC DT-V17L2D features a high-resolution LCD panel with advanced signal processing optimized HDTV display.","og_url":"https:\/\/www.cinesouk.ma\/fr\/produit\/aputure-lantern-90\/","og_site_name":"CineSouk","article_modified_time":"2025-03-21T10:55:56+00:00","twitter_card":"summary_large_image","twitter_title":"JVC DT-V17L2D","twitter_description":"The JVC DT-V17L2D features a high-resolution LCD panel with advanced signal processing optimized HDTV display.","twitter_image":"https:\/\/www.cinesouk.ma\/wp-content\/uploads\/2024\/08\/Aputure-Lantern-90-Softbox-Spherical-90-cm-softbox.jpg","twitter_misc":{"Dur\u00e9e de lecture estim\u00e9e":"2 minutes"},"schema":{"@context":"https:\/\/schema.org","@graph":[{"@type":"WebPage","@id":"https:\/\/www.cinesouk.ma\/product\/aputure-lantern-90\/","url":"https:\/\/www.cinesouk.ma\/product\/aputure-lantern-90\/","name":"Aputure Lantern 35'' (90 cm) - CineSouk - For rent","isPartOf":{"@id":"https:\/\/www.cinesouk.ma\/#website"},"primaryImageOfPage":{"@id":"https:\/\/www.cinesouk.ma\/product\/aputure-lantern-90\/#primaryimage"},"image":{"@id":"https:\/\/www.cinesouk.ma\/product\/aputure-lantern-90\/#primaryimage"},"thumbnailUrl":"https:\/\/www.cinesouk.ma\/wp-content\/uploads\/2024\/08\/Aputure-Lantern-90-Softbox-Spherical-90-cm-softbox.jpg","datePublished":"2025-03-06T04:00:32+00:00","dateModified":"2025-03-21T10:55:56+00:00","description":"Aputure Lantern 90: Enhance your lighting with this versatile softbox, offering wide-area diffusion and quick setup for professional results.","breadcrumb":{"@id":"https:\/\/www.cinesouk.ma\/product\/aputure-lantern-90\/#breadcrumb"},"inLanguage":"fr-FR","potentialAction":[{"@type":"ReadAction","target":["https:\/\/www.cinesouk.ma\/product\/aputure-lantern-90\/"]}]},{"@type":"ImageObject","inLanguage":"fr-FR","@id":"https:\/\/www.cinesouk.ma\/product\/aputure-lantern-90\/#primaryimage","url":"https:\/\/www.cinesouk.ma\/wp-content\/uploads\/2024\/08\/Aputure-Lantern-90-Softbox-Spherical-90-cm-softbox.jpg","contentUrl":"https:\/\/www.cinesouk.ma\/wp-content\/uploads\/2024\/08\/Aputure-Lantern-90-Softbox-Spherical-90-cm-softbox.jpg","width":300,"height":238},{"@type":"BreadcrumbList","@id":"https:\/\/www.cinesouk.ma\/product\/aputure-lantern-90\/#breadcrumb","itemListElement":[{"@type":"ListItem","position":1,"name":"Home","item":"https:\/\/www.cinesouk.ma\/"},{"@type":"ListItem","position":2,"name":"Shop","item":"https:\/\/www.cinesouk.ma\/shop\/"},{"@type":"ListItem","position":3,"name":"Aputure Lantern 35&#8221; (90 cm)"}]},{"@type":"WebSite","@id":"https:\/\/www.cinesouk.ma\/#website","url":"https:\/\/www.cinesouk.ma\/","name":"CineSouk","description":"","publisher":{"@id":"https:\/\/www.cinesouk.ma\/#organization"},"potentialAction":[{"@type":"SearchAction","target":{"@type":"EntryPoint","urlTemplate":"https:\/\/www.cinesouk.ma\/?s={search_term_string}"},"query-input":{"@type":"PropertyValueSpecification","valueRequired":true,"valueName":"search_term_string"}}],"inLanguage":"fr-FR"},{"@type":"Organization","@id":"https:\/\/www.cinesouk.ma\/#organization","name":"CineSouk","url":"https:\/\/www.cinesouk.ma\/","logo":{"@type":"ImageObject","inLanguage":"fr-FR","@id":"https:\/\/www.cinesouk.ma\/#\/schema\/logo\/image\/","url":"https:\/\/www.cinesouk.ma\/wp-content\/uploads\/2024\/01\/CineSouk-logo-v01-alpha-alligned-left.png","contentUrl":"https:\/\/www.cinesouk.ma\/wp-content\/uploads\/2024\/01\/CineSouk-logo-v01-alpha-alligned-left.png","width":3204,"height":889,"caption":"CineSouk"},"image":{"@id":"https:\/\/www.cinesouk.ma\/#\/schema\/logo\/image\/"}}]}},"_links":{"self":[{"href":"https:\/\/www.cinesouk.ma\/fr\/wp-json\/wp\/v2\/product\/5226","targetHints":{"allow":["GET"]}}],"collection":[{"href":"https:\/\/www.cinesouk.ma\/fr\/wp-json\/wp\/v2\/product"}],"about":[{"href":"https:\/\/www.cinesouk.ma\/fr\/wp-json\/wp\/v2\/types\/product"}],"wp:featuredmedia":[{"embeddable":true,"href":"https:\/\/www.cinesouk.ma\/fr\/wp-json\/wp\/v2\/media\/7768"}],"wp:attachment":[{"href":"https:\/\/www.cinesouk.ma\/fr\/wp-json\/wp\/v2\/media?parent=5226"}],"wp:term":[{"taxonomy":"product_brand","embeddable":true,"href":"https:\/\/www.cinesouk.ma\/fr\/wp-json\/wp\/v2\/product_brand?post=5226"},{"taxonomy":"product_cat","embeddable":true,"href":"https:\/\/www.cinesouk.ma\/fr\/wp-json\/wp\/v2\/product_cat?post=5226"},{"taxonomy":"product_tag","embeddable":true,"href":"https:\/\/www.cinesouk.ma\/fr\/wp-json\/wp\/v2\/product_tag?post=5226"}],"curies":[{"name":"wp","href":"https:\/\/api.w.org\/{rel}","templated":true}]}}