{"id":5228,"date":"2025-03-06T04:00:34","date_gmt":"2025-03-06T04:00:34","guid":{"rendered":"https:\/\/www.cinesouk.ma\/?post_type=product&#038;p=5228"},"modified":"2025-03-21T10:55:56","modified_gmt":"2025-03-21T10:55:56","slug":"aputure-lantern-26","status":"publish","type":"product","link":"https:\/\/www.cinesouk.ma\/fr\/produit\/aputure-lantern-26\/","title":{"rendered":"Lanterne Aputure 26\" (65 cm)"},"content":{"rendered":"<p>Aputure Lantern 26 inches - 65 cm est une bo\u00eete \u00e0 lumi\u00e8re sph\u00e9rique con\u00e7ue pour cr\u00e9er un \u00e9clairage doux et omnidirectionnel. Cette bo\u00eete \u00e0 lumi\u00e8re est id\u00e9ale pour diffuser la lumi\u00e8re sur une large zone, offrant un \u00e9clairage uniforme et naturel. (sur une zone de 360\u00b0). Avec un diam\u00e8tre de 26 pouces (65 cm), cette bo\u00eete \u00e0 lumi\u00e8re sph\u00e9rique permet de cr\u00e9er une lumi\u00e8re naturelle et diffuse dans les espaces plus restreints.<\/p>\n<p>En outre, il est compatible avec toutes les lampes \u00e0 monture Bowens, y compris les mod\u00e8les populaires tels que les appareils Aputure LS C300d II et LS 120d II. Il est id\u00e9al pour les situations o\u00f9 vous avez besoin d'adoucir et de r\u00e9partir la lumi\u00e8re de mani\u00e8re uniforme. Sa conception omnidirectionnelle garantit que la lumi\u00e8re remplit toute la pi\u00e8ce.<\/p>\n<p>L'une des caract\u00e9ristiques les plus remarquables de l'Aputure Lantern 26 est sans aucun doute sa rapidit\u00e9 d'installation. La bo\u00eete \u00e0 lumi\u00e8re s'assemble en quelques secondes, ce qui la rend extr\u00eamement portable. Malgr\u00e9 sa taille plus petite que la Lantern 90, la Spherical 26 offre une excellente diffusion de la lumi\u00e8re, cr\u00e9ant une lumi\u00e8re douce et flatteuse qui minimise les ombres dures.<\/p>\n<p>La Lanterne Sph\u00e9rique 26 comprend \u00e9galement une jupe amovible permettant de contr\u00f4ler les d\u00e9bordements de lumi\u00e8re. Cette jupe bloque ou dirige la lumi\u00e8re avec plus de pr\u00e9cision et vous permet de mieux contr\u00f4ler votre installation d'\u00e9clairage et de cr\u00e9er diff\u00e9rents effets d'\u00e9clairage en fonction de vos besoins.<\/p>\n<p>La lanterne Aputure 26 pouces - 65 cm est con\u00e7ue pour durer tout en restant l\u00e9g\u00e8re et facile \u00e0 manipuler. C'est un excellent compl\u00e9ment \u00e0 tout kit d'\u00e9clairage, offrant un \u00e9quilibre entre portabilit\u00e9 et performance.<\/p>\n<p>Louez-le maintenant sur <a href=\"https:\/\/www.cinesouk.ma\/fr\">CINESOUK<\/a> - une marque de <a href=\"https:\/\/www.broadway.ma\/\">BROADWAY PRODUCTIONS SARL.<\/a><\/p>","protected":false},"excerpt":{"rendered":"<p>Sp\u00e9cifications :<\/p>\n<p>Diam\u00e8tre : 26 pouces (environ 65 cm)<br \/>\nForme : Sph\u00e9rique<br \/>\nCompatibilit\u00e9 : Lampes \u00e0 monture Bowens, y compris Aputure LS C300d II et LS 120d II<br \/>\nTemps de mise en place : Conception instantan\u00e9e pour un assemblage rapide<br \/>\nMat\u00e9riau : Construction durable de haute qualit\u00e9<br \/>\nPoids : Environ 1,2 kg<br \/>\nAccessoires inclus : Jupe amovible pour le contr\u00f4le de la lumi\u00e8re<\/p>","protected":false},"featured_media":7769,"template":"","meta":{"om_disable_all_campaigns":false,"_monsterinsights_skip_tracking":false,"_monsterinsights_sitenote_active":false,"_monsterinsights_sitenote_note":"","_monsterinsights_sitenote_category":0,"_uf_show_specific_survey":0,"_uf_disable_surveys":false},"product_brand":[],"product_cat":[20],"product_tag":[],"class_list":{"0":"post-5228","1":"product","2":"type-product","3":"status-publish","4":"has-post-thumbnail","6":"product_cat-light-cinesouk","8":"entry","9":"has-media","11":"first","12":"instock","13":"taxable","14":"shipping-taxable","15":"purchasable","16":"product-type-variable","17":"has-product-nav","18":"col","19":"span_1_of_3","20":"owp-content-center","21":"owp-thumbs-layout-horizontal","22":"owp-btn-normal","23":"owp-tabs-layout-horizontal","24":"has-no-thumbnails"},"yoast_head":"<!-- This site is optimized with the Yoast SEO Premium plugin v26.0 (Yoast SEO v26.0) - https:\/\/yoast.com\/wordpress\/plugins\/seo\/ -->\n<title>Aputure Lantern 26&#039;&#039; (65 cm) - CineSouk - For rent<\/title>\n<meta name=\"description\" content=\"Aputure Lantern 26: Create beautiful, diffused light with this 26-inch softbox, designed for quick setup and versatile use on any Bowens Mount light.Rent it now at CINESOUK - a brand by BROADWAY PRODUCTIONS SARL.\" \/>\n<meta name=\"robots\" content=\"index, follow, max-snippet:-1, max-image-preview:large, max-video-preview:-1\" \/>\n<link rel=\"canonical\" href=\"https:\/\/www.cinesouk.ma\/fr\/produit\/aputure-lantern-26\/\" \/>\n<meta property=\"og:locale\" content=\"fr_FR\" \/>\n<meta property=\"og:type\" content=\"article\" \/>\n<meta property=\"og:title\" content=\"JVC DT-V17L2D\" \/>\n<meta property=\"og:description\" content=\"The JVC DT-V17L2D features a high-resolution LCD panel with advanced signal processing optimized HDTV display.\" \/>\n<meta property=\"og:url\" content=\"https:\/\/www.cinesouk.ma\/fr\/produit\/aputure-lantern-26\/\" \/>\n<meta property=\"og:site_name\" content=\"CineSouk\" \/>\n<meta property=\"article:modified_time\" content=\"2025-03-21T10:55:56+00:00\" \/>\n<meta name=\"twitter:card\" content=\"summary_large_image\" \/>\n<meta name=\"twitter:title\" content=\"JVC DT-V17L2D\" \/>\n<meta name=\"twitter:description\" content=\"The JVC DT-V17L2D features a high-resolution LCD panel with advanced signal processing optimized HDTV display.\" \/>\n<meta name=\"twitter:image\" content=\"https:\/\/www.cinesouk.ma\/wp-content\/uploads\/2024\/08\/Aputure-Lantern-Spherical-26-softbox.jpg\" \/>\n<meta name=\"twitter:label1\" content=\"Dur\u00e9e de lecture estim\u00e9e\" \/>\n\t<meta name=\"twitter:data1\" content=\"2 minutes\" \/>\n<script type=\"application\/ld+json\" class=\"yoast-schema-graph\">{\"@context\":\"https:\/\/schema.org\",\"@graph\":[{\"@type\":\"WebPage\",\"@id\":\"https:\/\/www.cinesouk.ma\/product\/aputure-lantern-26\/\",\"url\":\"https:\/\/www.cinesouk.ma\/product\/aputure-lantern-26\/\",\"name\":\"Aputure Lantern 26'' (65 cm) - CineSouk - For rent\",\"isPartOf\":{\"@id\":\"https:\/\/www.cinesouk.ma\/#website\"},\"primaryImageOfPage\":{\"@id\":\"https:\/\/www.cinesouk.ma\/product\/aputure-lantern-26\/#primaryimage\"},\"image\":{\"@id\":\"https:\/\/www.cinesouk.ma\/product\/aputure-lantern-26\/#primaryimage\"},\"thumbnailUrl\":\"https:\/\/www.cinesouk.ma\/wp-content\/uploads\/2024\/08\/Aputure-Lantern-Spherical-26-softbox.jpg\",\"datePublished\":\"2025-03-06T04:00:34+00:00\",\"dateModified\":\"2025-03-21T10:55:56+00:00\",\"description\":\"Aputure Lantern 26: Create beautiful, diffused light with this 26-inch softbox, designed for quick setup and versatile use on any Bowens Mount light.Rent it now at CINESOUK - a brand by BROADWAY PRODUCTIONS SARL.\",\"breadcrumb\":{\"@id\":\"https:\/\/www.cinesouk.ma\/product\/aputure-lantern-26\/#breadcrumb\"},\"inLanguage\":\"fr-FR\",\"potentialAction\":[{\"@type\":\"ReadAction\",\"target\":[\"https:\/\/www.cinesouk.ma\/product\/aputure-lantern-26\/\"]}]},{\"@type\":\"ImageObject\",\"inLanguage\":\"fr-FR\",\"@id\":\"https:\/\/www.cinesouk.ma\/product\/aputure-lantern-26\/#primaryimage\",\"url\":\"https:\/\/www.cinesouk.ma\/wp-content\/uploads\/2024\/08\/Aputure-Lantern-Spherical-26-softbox.jpg\",\"contentUrl\":\"https:\/\/www.cinesouk.ma\/wp-content\/uploads\/2024\/08\/Aputure-Lantern-Spherical-26-softbox.jpg\",\"width\":300,\"height\":238},{\"@type\":\"BreadcrumbList\",\"@id\":\"https:\/\/www.cinesouk.ma\/product\/aputure-lantern-26\/#breadcrumb\",\"itemListElement\":[{\"@type\":\"ListItem\",\"position\":1,\"name\":\"Home\",\"item\":\"https:\/\/www.cinesouk.ma\/\"},{\"@type\":\"ListItem\",\"position\":2,\"name\":\"Shop\",\"item\":\"https:\/\/www.cinesouk.ma\/shop\/\"},{\"@type\":\"ListItem\",\"position\":3,\"name\":\"Aputure Lantern 26&#8221; (65 cm)\"}]},{\"@type\":\"WebSite\",\"@id\":\"https:\/\/www.cinesouk.ma\/#website\",\"url\":\"https:\/\/www.cinesouk.ma\/\",\"name\":\"CineSouk\",\"description\":\"\",\"publisher\":{\"@id\":\"https:\/\/www.cinesouk.ma\/#organization\"},\"potentialAction\":[{\"@type\":\"SearchAction\",\"target\":{\"@type\":\"EntryPoint\",\"urlTemplate\":\"https:\/\/www.cinesouk.ma\/?s={search_term_string}\"},\"query-input\":{\"@type\":\"PropertyValueSpecification\",\"valueRequired\":true,\"valueName\":\"search_term_string\"}}],\"inLanguage\":\"fr-FR\"},{\"@type\":\"Organization\",\"@id\":\"https:\/\/www.cinesouk.ma\/#organization\",\"name\":\"CineSouk\",\"url\":\"https:\/\/www.cinesouk.ma\/\",\"logo\":{\"@type\":\"ImageObject\",\"inLanguage\":\"fr-FR\",\"@id\":\"https:\/\/www.cinesouk.ma\/#\/schema\/logo\/image\/\",\"url\":\"https:\/\/www.cinesouk.ma\/wp-content\/uploads\/2024\/01\/CineSouk-logo-v01-alpha-alligned-left.png\",\"contentUrl\":\"https:\/\/www.cinesouk.ma\/wp-content\/uploads\/2024\/01\/CineSouk-logo-v01-alpha-alligned-left.png\",\"width\":3204,\"height\":889,\"caption\":\"CineSouk\"},\"image\":{\"@id\":\"https:\/\/www.cinesouk.ma\/#\/schema\/logo\/image\/\"}}]}<\/script>\n<!-- \/ Yoast SEO Premium plugin. -->","yoast_head_json":{"title":"Aputure Lantern 26'' (65 cm) - CineSouk - For rent","description":"Aputure Lantern 26: Create beautiful, diffused light with this 26-inch softbox, designed for quick setup and versatile use on any Bowens Mount light.Rent it now at CINESOUK - a brand by BROADWAY PRODUCTIONS SARL.","robots":{"index":"index","follow":"follow","max-snippet":"max-snippet:-1","max-image-preview":"max-image-preview:large","max-video-preview":"max-video-preview:-1"},"canonical":"https:\/\/www.cinesouk.ma\/fr\/produit\/aputure-lantern-26\/","og_locale":"fr_FR","og_type":"article","og_title":"JVC DT-V17L2D","og_description":"The JVC DT-V17L2D features a high-resolution LCD panel with advanced signal processing optimized HDTV display.","og_url":"https:\/\/www.cinesouk.ma\/fr\/produit\/aputure-lantern-26\/","og_site_name":"CineSouk","article_modified_time":"2025-03-21T10:55:56+00:00","twitter_card":"summary_large_image","twitter_title":"JVC DT-V17L2D","twitter_description":"The JVC DT-V17L2D features a high-resolution LCD panel with advanced signal processing optimized HDTV display.","twitter_image":"https:\/\/www.cinesouk.ma\/wp-content\/uploads\/2024\/08\/Aputure-Lantern-Spherical-26-softbox.jpg","twitter_misc":{"Dur\u00e9e de lecture estim\u00e9e":"2 minutes"},"schema":{"@context":"https:\/\/schema.org","@graph":[{"@type":"WebPage","@id":"https:\/\/www.cinesouk.ma\/product\/aputure-lantern-26\/","url":"https:\/\/www.cinesouk.ma\/product\/aputure-lantern-26\/","name":"Aputure Lantern 26'' (65 cm) - CineSouk - For rent","isPartOf":{"@id":"https:\/\/www.cinesouk.ma\/#website"},"primaryImageOfPage":{"@id":"https:\/\/www.cinesouk.ma\/product\/aputure-lantern-26\/#primaryimage"},"image":{"@id":"https:\/\/www.cinesouk.ma\/product\/aputure-lantern-26\/#primaryimage"},"thumbnailUrl":"https:\/\/www.cinesouk.ma\/wp-content\/uploads\/2024\/08\/Aputure-Lantern-Spherical-26-softbox.jpg","datePublished":"2025-03-06T04:00:34+00:00","dateModified":"2025-03-21T10:55:56+00:00","description":"Aputure Lantern 26: Create beautiful, diffused light with this 26-inch softbox, designed for quick setup and versatile use on any Bowens Mount light.Rent it now at CINESOUK - a brand by BROADWAY PRODUCTIONS SARL.","breadcrumb":{"@id":"https:\/\/www.cinesouk.ma\/product\/aputure-lantern-26\/#breadcrumb"},"inLanguage":"fr-FR","potentialAction":[{"@type":"ReadAction","target":["https:\/\/www.cinesouk.ma\/product\/aputure-lantern-26\/"]}]},{"@type":"ImageObject","inLanguage":"fr-FR","@id":"https:\/\/www.cinesouk.ma\/product\/aputure-lantern-26\/#primaryimage","url":"https:\/\/www.cinesouk.ma\/wp-content\/uploads\/2024\/08\/Aputure-Lantern-Spherical-26-softbox.jpg","contentUrl":"https:\/\/www.cinesouk.ma\/wp-content\/uploads\/2024\/08\/Aputure-Lantern-Spherical-26-softbox.jpg","width":300,"height":238},{"@type":"BreadcrumbList","@id":"https:\/\/www.cinesouk.ma\/product\/aputure-lantern-26\/#breadcrumb","itemListElement":[{"@type":"ListItem","position":1,"name":"Home","item":"https:\/\/www.cinesouk.ma\/"},{"@type":"ListItem","position":2,"name":"Shop","item":"https:\/\/www.cinesouk.ma\/shop\/"},{"@type":"ListItem","position":3,"name":"Aputure Lantern 26&#8221; (65 cm)"}]},{"@type":"WebSite","@id":"https:\/\/www.cinesouk.ma\/#website","url":"https:\/\/www.cinesouk.ma\/","name":"CineSouk","description":"","publisher":{"@id":"https:\/\/www.cinesouk.ma\/#organization"},"potentialAction":[{"@type":"SearchAction","target":{"@type":"EntryPoint","urlTemplate":"https:\/\/www.cinesouk.ma\/?s={search_term_string}"},"query-input":{"@type":"PropertyValueSpecification","valueRequired":true,"valueName":"search_term_string"}}],"inLanguage":"fr-FR"},{"@type":"Organization","@id":"https:\/\/www.cinesouk.ma\/#organization","name":"CineSouk","url":"https:\/\/www.cinesouk.ma\/","logo":{"@type":"ImageObject","inLanguage":"fr-FR","@id":"https:\/\/www.cinesouk.ma\/#\/schema\/logo\/image\/","url":"https:\/\/www.cinesouk.ma\/wp-content\/uploads\/2024\/01\/CineSouk-logo-v01-alpha-alligned-left.png","contentUrl":"https:\/\/www.cinesouk.ma\/wp-content\/uploads\/2024\/01\/CineSouk-logo-v01-alpha-alligned-left.png","width":3204,"height":889,"caption":"CineSouk"},"image":{"@id":"https:\/\/www.cinesouk.ma\/#\/schema\/logo\/image\/"}}]}},"_links":{"self":[{"href":"https:\/\/www.cinesouk.ma\/fr\/wp-json\/wp\/v2\/product\/5228","targetHints":{"allow":["GET"]}}],"collection":[{"href":"https:\/\/www.cinesouk.ma\/fr\/wp-json\/wp\/v2\/product"}],"about":[{"href":"https:\/\/www.cinesouk.ma\/fr\/wp-json\/wp\/v2\/types\/product"}],"wp:featuredmedia":[{"embeddable":true,"href":"https:\/\/www.cinesouk.ma\/fr\/wp-json\/wp\/v2\/media\/7769"}],"wp:attachment":[{"href":"https:\/\/www.cinesouk.ma\/fr\/wp-json\/wp\/v2\/media?parent=5228"}],"wp:term":[{"taxonomy":"product_brand","embeddable":true,"href":"https:\/\/www.cinesouk.ma\/fr\/wp-json\/wp\/v2\/product_brand?post=5228"},{"taxonomy":"product_cat","embeddable":true,"href":"https:\/\/www.cinesouk.ma\/fr\/wp-json\/wp\/v2\/product_cat?post=5228"},{"taxonomy":"product_tag","embeddable":true,"href":"https:\/\/www.cinesouk.ma\/fr\/wp-json\/wp\/v2\/product_tag?post=5228"}],"curies":[{"name":"wp","href":"https:\/\/api.w.org\/{rel}","templated":true}]}}