{"id":5229,"date":"2025-03-08T15:44:26","date_gmt":"2025-03-08T15:44:26","guid":{"rendered":"https:\/\/www.cinesouk.ma\/?post_type=product&#038;p=5229"},"modified":"2025-08-19T10:51:41","modified_gmt":"2025-08-19T10:51:41","slug":"manfrotto-mlbg4301cb-fx-cover-blue","status":"publish","type":"product","link":"https:\/\/www.cinesouk.ma\/fr\/produit\/manfrotto-mlbg4301cb-fx-cover-blue\/","title":{"rendered":"Manfrotto MLBG4301CB FX Cover Bleu"},"content":{"rendered":"<p>La housse Manfrotto MLBG4301CB FX Cover Blue est une housse de protection haut de gamme con\u00e7ue pour prot\u00e9ger votre toile de fond et votre \u00e9quipement de la poussi\u00e8re, de la salet\u00e9 et des dommages accidentels. Id\u00e9ale pour les photographes et les vid\u00e9astes, elle permet de pr\u00e9server l'int\u00e9grit\u00e9 des toiles de fond pendant le stockage et le transport, ce qui en fait un accessoire fiable pour les professionnels en d\u00e9placement.<\/p>\n<p>Mesurant 4 x 3 m\u00e8tres, le MLBG4301CB offre une couverture suffisante pour une large gamme de tailles et de types de toiles de fond. Sa couleur bleue ne donne pas seulement un aspect professionnel, mais elle est particuli\u00e8rement utile pour prot\u00e9ger les \u00e9crans bleus utilis\u00e9s pour l'incrustation chromatique, ce qui garantit qu'ils restent en parfait \u00e9tat pour les tournages importants.<\/p>\n<p>Fabriqu\u00e9e dans un tissu durable et r\u00e9sistant \u00e0 l'eau, cette housse permet \u00e0 votre \u00e9quipement de rester propre et sec, m\u00eame dans des conditions m\u00e9t\u00e9orologiques difficiles ou dans des environnements poussi\u00e9reux. La surface facile \u00e0 nettoyer du mat\u00e9riau permet un entretien rapide, ce qui garantit une utilisation et des performances \u00e0 long terme.<\/p>\n<p>Les coutures renforc\u00e9es sur les bords am\u00e9liorent la durabilit\u00e9 de la housse, r\u00e9duisant le risque de d\u00e9chirure m\u00eame en cas d'utilisation fr\u00e9quente. De plus, les sangles et les fermetures r\u00e9glables assurent un ajustement s\u00fbr, maintenant la housse bien en place pendant le transport ou le stockage, garantissant ainsi la protection de votre \u00e9quipement \u00e0 tout moment. Que vous travailliez en studio ou que vous vous d\u00e9placiez entre deux tournages, la housse Manfrotto MLBG4301CB FX Cover Blue est un outil essentiel pour prot\u00e9ger votre mat\u00e9riel de valeur.<\/p>\n<p>Louez-le maintenant sur <a href=\"https:\/\/www.cinesouk.ma\/fr\">CINESOUK<\/a> - une marque de <a href=\"https:\/\/www.broadway.ma\/\">BROADWAY PRODUCTIONS SARL.<\/a><\/p>","protected":false},"excerpt":{"rendered":"<p>Sp\u00e9cifications :<\/p>\n<p>Dimensions : 4 x 3 m\u00e8tres (13,12 x 9,84 pieds)<br \/>\nCouleur : Bleu<br \/>\nMati\u00e8re : Tissu durable et r\u00e9sistant \u00e0 l'eau<br \/>\nCaract\u00e9ristiques : Coutures renforc\u00e9es, sangles et fermetures r\u00e9glables<br \/>\nPoids : 1,2 kg (2,65 lbs)<br \/>\nUtilisation : Protection des toiles de fond et du mat\u00e9riel pendant le stockage et le transport<\/p>","protected":false},"featured_media":8313,"template":"","meta":{"om_disable_all_campaigns":false,"_monsterinsights_skip_tracking":false,"_monsterinsights_sitenote_active":false,"_monsterinsights_sitenote_note":"","_monsterinsights_sitenote_category":0,"_uf_show_specific_survey":0,"_uf_disable_surveys":false},"product_brand":[],"product_cat":[38,79],"product_tag":[],"class_list":{"0":"post-5229","1":"product","2":"type-product","3":"status-publish","4":"has-post-thumbnail","6":"product_cat-grip-cinesouk","7":"product_cat-photography-cinesouk","9":"entry","10":"has-media","12":"first","13":"instock","14":"taxable","15":"shipping-taxable","16":"purchasable","17":"product-type-variable","18":"has-product-nav","19":"col","20":"span_1_of_3","21":"owp-content-center","22":"owp-thumbs-layout-horizontal","23":"owp-btn-normal","24":"owp-tabs-layout-horizontal","25":"has-no-thumbnails"},"yoast_head":"<!-- This site is optimized with the Yoast SEO Premium plugin v26.0 (Yoast SEO v26.0) - https:\/\/yoast.com\/wordpress\/plugins\/seo\/ -->\n<title>Manfrotto MLBG4301CB FX Cover Blue - CineSouk - For rent<\/title>\n<meta name=\"description\" content=\"MLBG4301CB FX Cover by Manfrotto: Water-resistant protective cover with reinforced stitching, designed to keep your equipment clean and safe.\" \/>\n<meta name=\"robots\" content=\"index, follow, max-snippet:-1, max-image-preview:large, max-video-preview:-1\" \/>\n<link rel=\"canonical\" href=\"https:\/\/www.cinesouk.ma\/fr\/produit\/manfrotto-mlbg4301cb-fx-cover-blue\/\" \/>\n<meta property=\"og:locale\" content=\"fr_FR\" \/>\n<meta property=\"og:type\" content=\"article\" \/>\n<meta property=\"og:title\" content=\"Manfrotto MLBG4301CB FX\" \/>\n<meta property=\"og:description\" content=\"MLBG4301CB FX Cover by Manfrotto: Water-resistant protective cover with reinforced stitching, designed to keep your equipment clean and safe.\" \/>\n<meta property=\"og:url\" content=\"https:\/\/www.cinesouk.ma\/fr\/produit\/manfrotto-mlbg4301cb-fx-cover-blue\/\" \/>\n<meta property=\"og:site_name\" content=\"CineSouk\" \/>\n<meta property=\"article:modified_time\" content=\"2025-08-19T10:51:41+00:00\" \/>\n<meta property=\"og:image\" content=\"https:\/\/www.cinesouk.ma\/wp-content\/uploads\/2024\/08\/wp.jpg\" \/>\n\t<meta property=\"og:image:width\" content=\"300\" \/>\n\t<meta property=\"og:image:height\" content=\"238\" \/>\n\t<meta property=\"og:image:type\" content=\"image\/jpeg\" \/>\n<meta name=\"twitter:card\" content=\"summary_large_image\" \/>\n<meta name=\"twitter:title\" content=\"Manfrotto MLBG4301CB FX Cover Blue\" \/>\n<meta name=\"twitter:description\" content=\"MLBG4301CB FX Cover by Manfrotto: Water-resistant protective cover with reinforced stitching, designed to keep your equipment clean and safe.\" \/>\n<meta name=\"twitter:label1\" content=\"Dur\u00e9e de lecture estim\u00e9e\" \/>\n\t<meta name=\"twitter:data1\" content=\"2 minutes\" \/>\n<script type=\"application\/ld+json\" class=\"yoast-schema-graph\">{\"@context\":\"https:\/\/schema.org\",\"@graph\":[{\"@type\":\"WebPage\",\"@id\":\"https:\/\/www.cinesouk.ma\/product\/manfrotto-mlbg4301cb-fx-cover-blue\/\",\"url\":\"https:\/\/www.cinesouk.ma\/product\/manfrotto-mlbg4301cb-fx-cover-blue\/\",\"name\":\"Manfrotto MLBG4301CB FX Cover Blue - CineSouk - For rent\",\"isPartOf\":{\"@id\":\"https:\/\/www.cinesouk.ma\/#website\"},\"primaryImageOfPage\":{\"@id\":\"https:\/\/www.cinesouk.ma\/product\/manfrotto-mlbg4301cb-fx-cover-blue\/#primaryimage\"},\"image\":{\"@id\":\"https:\/\/www.cinesouk.ma\/product\/manfrotto-mlbg4301cb-fx-cover-blue\/#primaryimage\"},\"thumbnailUrl\":\"https:\/\/www.cinesouk.ma\/wp-content\/uploads\/2024\/08\/wp.jpg\",\"datePublished\":\"2025-03-08T15:44:26+00:00\",\"dateModified\":\"2025-08-19T10:51:41+00:00\",\"description\":\"MLBG4301CB FX Cover by Manfrotto: Water-resistant protective cover with reinforced stitching, designed to keep your equipment clean and safe.\",\"breadcrumb\":{\"@id\":\"https:\/\/www.cinesouk.ma\/product\/manfrotto-mlbg4301cb-fx-cover-blue\/#breadcrumb\"},\"inLanguage\":\"fr-FR\",\"potentialAction\":[{\"@type\":\"ReadAction\",\"target\":[\"https:\/\/www.cinesouk.ma\/product\/manfrotto-mlbg4301cb-fx-cover-blue\/\"]}]},{\"@type\":\"ImageObject\",\"inLanguage\":\"fr-FR\",\"@id\":\"https:\/\/www.cinesouk.ma\/product\/manfrotto-mlbg4301cb-fx-cover-blue\/#primaryimage\",\"url\":\"https:\/\/www.cinesouk.ma\/wp-content\/uploads\/2024\/08\/wp.jpg\",\"contentUrl\":\"https:\/\/www.cinesouk.ma\/wp-content\/uploads\/2024\/08\/wp.jpg\",\"width\":300,\"height\":238},{\"@type\":\"BreadcrumbList\",\"@id\":\"https:\/\/www.cinesouk.ma\/product\/manfrotto-mlbg4301cb-fx-cover-blue\/#breadcrumb\",\"itemListElement\":[{\"@type\":\"ListItem\",\"position\":1,\"name\":\"Home\",\"item\":\"https:\/\/www.cinesouk.ma\/\"},{\"@type\":\"ListItem\",\"position\":2,\"name\":\"Shop\",\"item\":\"https:\/\/www.cinesouk.ma\/shop\/\"},{\"@type\":\"ListItem\",\"position\":3,\"name\":\"Manfrotto MLBG4301CB FX Cover Blue\"}]},{\"@type\":\"WebSite\",\"@id\":\"https:\/\/www.cinesouk.ma\/#website\",\"url\":\"https:\/\/www.cinesouk.ma\/\",\"name\":\"CineSouk\",\"description\":\"\",\"publisher\":{\"@id\":\"https:\/\/www.cinesouk.ma\/#organization\"},\"potentialAction\":[{\"@type\":\"SearchAction\",\"target\":{\"@type\":\"EntryPoint\",\"urlTemplate\":\"https:\/\/www.cinesouk.ma\/?s={search_term_string}\"},\"query-input\":{\"@type\":\"PropertyValueSpecification\",\"valueRequired\":true,\"valueName\":\"search_term_string\"}}],\"inLanguage\":\"fr-FR\"},{\"@type\":\"Organization\",\"@id\":\"https:\/\/www.cinesouk.ma\/#organization\",\"name\":\"CineSouk\",\"url\":\"https:\/\/www.cinesouk.ma\/\",\"logo\":{\"@type\":\"ImageObject\",\"inLanguage\":\"fr-FR\",\"@id\":\"https:\/\/www.cinesouk.ma\/#\/schema\/logo\/image\/\",\"url\":\"https:\/\/www.cinesouk.ma\/wp-content\/uploads\/2024\/01\/CineSouk-logo-v01-alpha-alligned-left.png\",\"contentUrl\":\"https:\/\/www.cinesouk.ma\/wp-content\/uploads\/2024\/01\/CineSouk-logo-v01-alpha-alligned-left.png\",\"width\":3204,\"height\":889,\"caption\":\"CineSouk\"},\"image\":{\"@id\":\"https:\/\/www.cinesouk.ma\/#\/schema\/logo\/image\/\"}}]}<\/script>\n<!-- \/ Yoast SEO Premium plugin. -->","yoast_head_json":{"title":"Manfrotto MLBG4301CB FX Cover Blue - CineSouk - For rent","description":"MLBG4301CB FX Cover by Manfrotto: Water-resistant protective cover with reinforced stitching, designed to keep your equipment clean and safe.","robots":{"index":"index","follow":"follow","max-snippet":"max-snippet:-1","max-image-preview":"max-image-preview:large","max-video-preview":"max-video-preview:-1"},"canonical":"https:\/\/www.cinesouk.ma\/fr\/produit\/manfrotto-mlbg4301cb-fx-cover-blue\/","og_locale":"fr_FR","og_type":"article","og_title":"Manfrotto MLBG4301CB FX","og_description":"MLBG4301CB FX Cover by Manfrotto: Water-resistant protective cover with reinforced stitching, designed to keep your equipment clean and safe.","og_url":"https:\/\/www.cinesouk.ma\/fr\/produit\/manfrotto-mlbg4301cb-fx-cover-blue\/","og_site_name":"CineSouk","article_modified_time":"2025-08-19T10:51:41+00:00","og_image":[{"width":300,"height":238,"url":"https:\/\/www.cinesouk.ma\/wp-content\/uploads\/2024\/08\/wp.jpg","type":"image\/jpeg"}],"twitter_card":"summary_large_image","twitter_title":"Manfrotto MLBG4301CB FX Cover Blue","twitter_description":"MLBG4301CB FX Cover by Manfrotto: Water-resistant protective cover with reinforced stitching, designed to keep your equipment clean and safe.","twitter_misc":{"Dur\u00e9e de lecture estim\u00e9e":"2 minutes"},"schema":{"@context":"https:\/\/schema.org","@graph":[{"@type":"WebPage","@id":"https:\/\/www.cinesouk.ma\/product\/manfrotto-mlbg4301cb-fx-cover-blue\/","url":"https:\/\/www.cinesouk.ma\/product\/manfrotto-mlbg4301cb-fx-cover-blue\/","name":"Manfrotto MLBG4301CB FX Cover Blue - CineSouk - For rent","isPartOf":{"@id":"https:\/\/www.cinesouk.ma\/#website"},"primaryImageOfPage":{"@id":"https:\/\/www.cinesouk.ma\/product\/manfrotto-mlbg4301cb-fx-cover-blue\/#primaryimage"},"image":{"@id":"https:\/\/www.cinesouk.ma\/product\/manfrotto-mlbg4301cb-fx-cover-blue\/#primaryimage"},"thumbnailUrl":"https:\/\/www.cinesouk.ma\/wp-content\/uploads\/2024\/08\/wp.jpg","datePublished":"2025-03-08T15:44:26+00:00","dateModified":"2025-08-19T10:51:41+00:00","description":"MLBG4301CB FX Cover by Manfrotto: Water-resistant protective cover with reinforced stitching, designed to keep your equipment clean and safe.","breadcrumb":{"@id":"https:\/\/www.cinesouk.ma\/product\/manfrotto-mlbg4301cb-fx-cover-blue\/#breadcrumb"},"inLanguage":"fr-FR","potentialAction":[{"@type":"ReadAction","target":["https:\/\/www.cinesouk.ma\/product\/manfrotto-mlbg4301cb-fx-cover-blue\/"]}]},{"@type":"ImageObject","inLanguage":"fr-FR","@id":"https:\/\/www.cinesouk.ma\/product\/manfrotto-mlbg4301cb-fx-cover-blue\/#primaryimage","url":"https:\/\/www.cinesouk.ma\/wp-content\/uploads\/2024\/08\/wp.jpg","contentUrl":"https:\/\/www.cinesouk.ma\/wp-content\/uploads\/2024\/08\/wp.jpg","width":300,"height":238},{"@type":"BreadcrumbList","@id":"https:\/\/www.cinesouk.ma\/product\/manfrotto-mlbg4301cb-fx-cover-blue\/#breadcrumb","itemListElement":[{"@type":"ListItem","position":1,"name":"Home","item":"https:\/\/www.cinesouk.ma\/"},{"@type":"ListItem","position":2,"name":"Shop","item":"https:\/\/www.cinesouk.ma\/shop\/"},{"@type":"ListItem","position":3,"name":"Manfrotto MLBG4301CB FX Cover Blue"}]},{"@type":"WebSite","@id":"https:\/\/www.cinesouk.ma\/#website","url":"https:\/\/www.cinesouk.ma\/","name":"CineSouk","description":"","publisher":{"@id":"https:\/\/www.cinesouk.ma\/#organization"},"potentialAction":[{"@type":"SearchAction","target":{"@type":"EntryPoint","urlTemplate":"https:\/\/www.cinesouk.ma\/?s={search_term_string}"},"query-input":{"@type":"PropertyValueSpecification","valueRequired":true,"valueName":"search_term_string"}}],"inLanguage":"fr-FR"},{"@type":"Organization","@id":"https:\/\/www.cinesouk.ma\/#organization","name":"CineSouk","url":"https:\/\/www.cinesouk.ma\/","logo":{"@type":"ImageObject","inLanguage":"fr-FR","@id":"https:\/\/www.cinesouk.ma\/#\/schema\/logo\/image\/","url":"https:\/\/www.cinesouk.ma\/wp-content\/uploads\/2024\/01\/CineSouk-logo-v01-alpha-alligned-left.png","contentUrl":"https:\/\/www.cinesouk.ma\/wp-content\/uploads\/2024\/01\/CineSouk-logo-v01-alpha-alligned-left.png","width":3204,"height":889,"caption":"CineSouk"},"image":{"@id":"https:\/\/www.cinesouk.ma\/#\/schema\/logo\/image\/"}}]}},"_links":{"self":[{"href":"https:\/\/www.cinesouk.ma\/fr\/wp-json\/wp\/v2\/product\/5229","targetHints":{"allow":["GET"]}}],"collection":[{"href":"https:\/\/www.cinesouk.ma\/fr\/wp-json\/wp\/v2\/product"}],"about":[{"href":"https:\/\/www.cinesouk.ma\/fr\/wp-json\/wp\/v2\/types\/product"}],"wp:featuredmedia":[{"embeddable":true,"href":"https:\/\/www.cinesouk.ma\/fr\/wp-json\/wp\/v2\/media\/8313"}],"wp:attachment":[{"href":"https:\/\/www.cinesouk.ma\/fr\/wp-json\/wp\/v2\/media?parent=5229"}],"wp:term":[{"taxonomy":"product_brand","embeddable":true,"href":"https:\/\/www.cinesouk.ma\/fr\/wp-json\/wp\/v2\/product_brand?post=5229"},{"taxonomy":"product_cat","embeddable":true,"href":"https:\/\/www.cinesouk.ma\/fr\/wp-json\/wp\/v2\/product_cat?post=5229"},{"taxonomy":"product_tag","embeddable":true,"href":"https:\/\/www.cinesouk.ma\/fr\/wp-json\/wp\/v2\/product_tag?post=5229"}],"curies":[{"name":"wp","href":"https:\/\/api.w.org\/{rel}","templated":true}]}}