{"id":523,"date":"2024-01-09T10:26:36","date_gmt":"2024-01-09T10:26:36","guid":{"rendered":"https:\/\/www.cinesouk.ma\/?post_type=product&#038;p=523"},"modified":"2025-08-26T12:20:49","modified_gmt":"2025-08-26T12:20:49","slug":"bnc-cable-75m","status":"publish","type":"product","link":"https:\/\/www.cinesouk.ma\/fr\/produit\/bnc-cable-75m\/","title":{"rendered":"C\u00e2ble BNC 75m"},"content":{"rendered":"<div class=\"flex-shrink-0 flex flex-col relative items-end\">\n<div class=\"pt-0\">\n<div class=\"gizmo-bot-avatar flex h-8 w-8 items-center justify-center overflow-hidden rounded-full\">\n<div class=\"relative p-1 rounded-sm flex items-center justify-center bg-token-main-surface-primary text-token-text-primary h-8 w-8\">\n<p>Le c\u00e2ble BNC de 75 m se distingue par ses performances exceptionnelles en mati\u00e8re de transmission de signaux vid\u00e9o haute d\u00e9finition. Il est sp\u00e9cialement con\u00e7u pour traiter facilement les signaux 3G-SDI, HD-SDI (1,5 GBit\/s) et SDI (270 MBit\/s). Vous b\u00e9n\u00e9ficiez ainsi d'une qualit\u00e9 vid\u00e9o claire et fiable, essentielle pour la production et la diffusion de vid\u00e9os professionnelles.<\/p>\n<p>Le c\u00e2ble est dot\u00e9 d'une robuste gaine en PUR (polyur\u00e9thane) qui lui conf\u00e8re une durabilit\u00e9 exceptionnelle. Cette gaine prot\u00e8ge le c\u00e2ble de l'abrasion et de l'usure, ce qui permet de l'utiliser dans des environnements difficiles. Sa conception offre une excellente r\u00e9sistance aux dommages physiques et aux contraintes environnementales.<\/p>\n<p>La flexibilit\u00e9 est un autre avantage cl\u00e9 de ce c\u00e2ble. Sa construction permet de le manipuler et de l'enrouler facilement, m\u00eame dans des espaces restreints ou difficiles d'acc\u00e8s. Cette flexibilit\u00e9 simplifie l'installation et le d\u00e9montage, ce qui le rend pratique pour les \u00e9v\u00e9nements en direct et les applications en studio.<\/p>\n<p>Le c\u00e2ble BNC 75m garantit une transmission stable du signal sur ses longueurs maximales. Il pr\u00e9serve l'int\u00e9grit\u00e9 et la qualit\u00e9 du signal, ce qui est essentiel pour les \u00e9missions en direct, les travaux de studio d\u00e9taill\u00e9s et les installations vid\u00e9o professionnelles. Les connecteurs BNC de qualit\u00e9 sup\u00e9rieure assurent des connexions s\u00fbres et stables, minimisant le risque de d\u00e9gradation du signal.<\/p>\n<p>De plus, la conception du c\u00e2ble lui permet de s'adapter \u00e0 diff\u00e9rents sc\u00e9narios d'installation. Que vous deviez g\u00e9rer des installations complexes ou des d\u00e9placements fr\u00e9quents, le c\u00e2ble BNC 75 m r\u00e9pond \u00e0 vos besoins gr\u00e2ce \u00e0 ses performances fiables et \u00e0 sa facilit\u00e9 d'utilisation.<\/p>\n<\/div>\n<\/div>\n<\/div>\n<\/div>\n<p>Louez-le maintenant sur <a href=\"https:\/\/www.cinesouk.ma\/fr\">CINESOUK<\/a> - une marque de <a href=\"https:\/\/www.broadway.ma\/\">BROADWAY PRODUCTIONS SARL.<\/a><\/p>","protected":false},"excerpt":{"rendered":"<p>Sp\u00e9cifications<\/p>\n<p><span data-sheets-value=\"{&quot;1&quot;:2,&quot;2&quot;:&quot;Length: 20 mnInput: 1x BNC FemalenOutput: 1x BNC Male&quot;}\" data-sheets-userformat=\"{&quot;2&quot;:9155,&quot;3&quot;:{&quot;1&quot;:0},&quot;4&quot;:{&quot;1&quot;:2,&quot;2&quot;:15987699},&quot;9&quot;:1,&quot;10&quot;:1,&quot;11&quot;:4,&quot;12&quot;:0,&quot;16&quot;:10}\" data-sheets-textstyleruns=\"{&quot;1&quot;:0,&quot;2&quot;:{&quot;5&quot;:1}}\uee10{&quot;1&quot;:8}\uee10{&quot;1&quot;:13,&quot;2&quot;:{&quot;5&quot;:1}}\uee10{&quot;1&quot;:20}\uee10{&quot;1&quot;:34,&quot;2&quot;:{&quot;5&quot;:1}}\uee10{&quot;1&quot;:42}\"><strong>Longueur :<\/strong> 75m<br \/>\n<strong>Entr\u00e9e<\/strong>: 1x BNC femelle<br \/>\n<strong>Sortie :<\/strong> 1x BNC m\u00e2le<\/span><\/p>","protected":false},"featured_media":543,"template":"","meta":{"om_disable_all_campaigns":false,"_monsterinsights_skip_tracking":false,"_monsterinsights_sitenote_active":false,"_monsterinsights_sitenote_note":"","_monsterinsights_sitenote_category":0,"_uf_show_specific_survey":0,"_uf_disable_surveys":false},"product_brand":[],"product_cat":[37,120,55],"product_tag":[],"class_list":{"0":"post-523","1":"product","2":"type-product","3":"status-publish","4":"has-post-thumbnail","6":"product_cat-accessories-cinesouk","7":"product_cat-cables-eventsouk","8":"product_cat-cables-cinesouk","10":"entry","11":"has-media","13":"first","14":"instock","15":"taxable","16":"shipping-taxable","17":"purchasable","18":"product-type-variable","19":"has-product-nav","20":"col","21":"span_1_of_3","22":"owp-content-center","23":"owp-thumbs-layout-horizontal","24":"owp-btn-normal","25":"owp-tabs-layout-horizontal","26":"has-no-thumbnails"},"yoast_head":"<!-- This site is optimized with the Yoast SEO Premium plugin v26.0 (Yoast SEO v26.0) - https:\/\/yoast.com\/wordpress\/plugins\/seo\/ -->\n<title>BNC Cable 75m - CineSouk - Marrakech l Morocco- For rent<\/title>\n<meta name=\"description\" content=\"The BNC Cable 75m. Transmitting high-definition video signals. Suitable for 3G HD-SDI video signals. - BNC Cable 75m - CineSouk\" \/>\n<meta name=\"robots\" content=\"index, follow, max-snippet:-1, max-image-preview:large, max-video-preview:-1\" \/>\n<link rel=\"canonical\" href=\"https:\/\/www.cinesouk.ma\/fr\/produit\/bnc-cable-75m\/\" \/>\n<meta property=\"og:locale\" content=\"fr_FR\" \/>\n<meta property=\"og:type\" content=\"article\" \/>\n<meta property=\"og:title\" content=\"BNC Cable 75m\" \/>\n<meta property=\"og:description\" content=\"Video cable with BNC connectors, a length of 75m and suitable for 3G HD-SDI video signals.\" \/>\n<meta property=\"og:url\" content=\"https:\/\/www.cinesouk.ma\/fr\/produit\/bnc-cable-75m\/\" \/>\n<meta property=\"og:site_name\" content=\"CineSouk\" \/>\n<meta property=\"article:modified_time\" content=\"2025-08-26T12:20:49+00:00\" \/>\n<meta property=\"og:image\" content=\"https:\/\/www.cinesouk.ma\/wp-content\/uploads\/2024\/01\/BNC-Haspel.jpg\" \/>\n\t<meta property=\"og:image:width\" content=\"300\" \/>\n\t<meta property=\"og:image:height\" content=\"238\" \/>\n\t<meta property=\"og:image:type\" content=\"image\/jpeg\" \/>\n<meta name=\"twitter:card\" content=\"summary_large_image\" \/>\n<meta name=\"twitter:title\" content=\"BNC Cable 75m\" \/>\n<meta name=\"twitter:description\" content=\"Video cable with BNC connectors, a length of 75m and suitable for 3G HD-SDI video signals.\" \/>\n<meta name=\"twitter:image\" content=\"https:\/\/www.cinesouk.ma\/wp-content\/uploads\/2024\/01\/BNC-Haspel.jpg\" \/>\n<meta name=\"twitter:label1\" content=\"Dur\u00e9e de lecture estim\u00e9e\" \/>\n\t<meta name=\"twitter:data1\" content=\"2 minutes\" \/>\n<script type=\"application\/ld+json\" class=\"yoast-schema-graph\">{\"@context\":\"https:\/\/schema.org\",\"@graph\":[{\"@type\":\"WebPage\",\"@id\":\"https:\/\/www.cinesouk.ma\/product\/bnc-cable-75m\/\",\"url\":\"https:\/\/www.cinesouk.ma\/product\/bnc-cable-75m\/\",\"name\":\"BNC Cable 75m - CineSouk - Marrakech l Morocco- For rent\",\"isPartOf\":{\"@id\":\"https:\/\/www.cinesouk.ma\/#website\"},\"primaryImageOfPage\":{\"@id\":\"https:\/\/www.cinesouk.ma\/product\/bnc-cable-75m\/#primaryimage\"},\"image\":{\"@id\":\"https:\/\/www.cinesouk.ma\/product\/bnc-cable-75m\/#primaryimage\"},\"thumbnailUrl\":\"https:\/\/www.cinesouk.ma\/wp-content\/uploads\/2024\/01\/BNC-Haspel.jpg\",\"datePublished\":\"2024-01-09T10:26:36+00:00\",\"dateModified\":\"2025-08-26T12:20:49+00:00\",\"description\":\"The BNC Cable 75m. Transmitting high-definition video signals. Suitable for 3G HD-SDI video signals. - BNC Cable 75m - CineSouk\",\"breadcrumb\":{\"@id\":\"https:\/\/www.cinesouk.ma\/product\/bnc-cable-75m\/#breadcrumb\"},\"inLanguage\":\"fr-FR\",\"potentialAction\":[{\"@type\":\"ReadAction\",\"target\":[\"https:\/\/www.cinesouk.ma\/product\/bnc-cable-75m\/\"]}]},{\"@type\":\"ImageObject\",\"inLanguage\":\"fr-FR\",\"@id\":\"https:\/\/www.cinesouk.ma\/product\/bnc-cable-75m\/#primaryimage\",\"url\":\"https:\/\/www.cinesouk.ma\/wp-content\/uploads\/2024\/01\/BNC-Haspel.jpg\",\"contentUrl\":\"https:\/\/www.cinesouk.ma\/wp-content\/uploads\/2024\/01\/BNC-Haspel.jpg\",\"width\":300,\"height\":238},{\"@type\":\"BreadcrumbList\",\"@id\":\"https:\/\/www.cinesouk.ma\/product\/bnc-cable-75m\/#breadcrumb\",\"itemListElement\":[{\"@type\":\"ListItem\",\"position\":1,\"name\":\"Home\",\"item\":\"https:\/\/www.cinesouk.ma\/\"},{\"@type\":\"ListItem\",\"position\":2,\"name\":\"Shop\",\"item\":\"https:\/\/www.cinesouk.ma\/shop\/\"},{\"@type\":\"ListItem\",\"position\":3,\"name\":\"BNC Cable 75m\"}]},{\"@type\":\"WebSite\",\"@id\":\"https:\/\/www.cinesouk.ma\/#website\",\"url\":\"https:\/\/www.cinesouk.ma\/\",\"name\":\"CineSouk\",\"description\":\"\",\"publisher\":{\"@id\":\"https:\/\/www.cinesouk.ma\/#organization\"},\"potentialAction\":[{\"@type\":\"SearchAction\",\"target\":{\"@type\":\"EntryPoint\",\"urlTemplate\":\"https:\/\/www.cinesouk.ma\/?s={search_term_string}\"},\"query-input\":{\"@type\":\"PropertyValueSpecification\",\"valueRequired\":true,\"valueName\":\"search_term_string\"}}],\"inLanguage\":\"fr-FR\"},{\"@type\":\"Organization\",\"@id\":\"https:\/\/www.cinesouk.ma\/#organization\",\"name\":\"CineSouk\",\"url\":\"https:\/\/www.cinesouk.ma\/\",\"logo\":{\"@type\":\"ImageObject\",\"inLanguage\":\"fr-FR\",\"@id\":\"https:\/\/www.cinesouk.ma\/#\/schema\/logo\/image\/\",\"url\":\"https:\/\/www.cinesouk.ma\/wp-content\/uploads\/2024\/01\/CineSouk-logo-v01-alpha-alligned-left.png\",\"contentUrl\":\"https:\/\/www.cinesouk.ma\/wp-content\/uploads\/2024\/01\/CineSouk-logo-v01-alpha-alligned-left.png\",\"width\":3204,\"height\":889,\"caption\":\"CineSouk\"},\"image\":{\"@id\":\"https:\/\/www.cinesouk.ma\/#\/schema\/logo\/image\/\"}}]}<\/script>\n<!-- \/ Yoast SEO Premium plugin. -->","yoast_head_json":{"title":"BNC Cable 75m - CineSouk - Marrakech l Morocco- For rent","description":"The BNC Cable 75m. Transmitting high-definition video signals. Suitable for 3G HD-SDI video signals. - BNC Cable 75m - CineSouk","robots":{"index":"index","follow":"follow","max-snippet":"max-snippet:-1","max-image-preview":"max-image-preview:large","max-video-preview":"max-video-preview:-1"},"canonical":"https:\/\/www.cinesouk.ma\/fr\/produit\/bnc-cable-75m\/","og_locale":"fr_FR","og_type":"article","og_title":"BNC Cable 75m","og_description":"Video cable with BNC connectors, a length of 75m and suitable for 3G HD-SDI video signals.","og_url":"https:\/\/www.cinesouk.ma\/fr\/produit\/bnc-cable-75m\/","og_site_name":"CineSouk","article_modified_time":"2025-08-26T12:20:49+00:00","og_image":[{"width":300,"height":238,"url":"https:\/\/www.cinesouk.ma\/wp-content\/uploads\/2024\/01\/BNC-Haspel.jpg","type":"image\/jpeg"}],"twitter_card":"summary_large_image","twitter_title":"BNC Cable 75m","twitter_description":"Video cable with BNC connectors, a length of 75m and suitable for 3G HD-SDI video signals.","twitter_image":"https:\/\/www.cinesouk.ma\/wp-content\/uploads\/2024\/01\/BNC-Haspel.jpg","twitter_misc":{"Dur\u00e9e de lecture estim\u00e9e":"2 minutes"},"schema":{"@context":"https:\/\/schema.org","@graph":[{"@type":"WebPage","@id":"https:\/\/www.cinesouk.ma\/product\/bnc-cable-75m\/","url":"https:\/\/www.cinesouk.ma\/product\/bnc-cable-75m\/","name":"BNC Cable 75m - CineSouk - Marrakech l Morocco- For rent","isPartOf":{"@id":"https:\/\/www.cinesouk.ma\/#website"},"primaryImageOfPage":{"@id":"https:\/\/www.cinesouk.ma\/product\/bnc-cable-75m\/#primaryimage"},"image":{"@id":"https:\/\/www.cinesouk.ma\/product\/bnc-cable-75m\/#primaryimage"},"thumbnailUrl":"https:\/\/www.cinesouk.ma\/wp-content\/uploads\/2024\/01\/BNC-Haspel.jpg","datePublished":"2024-01-09T10:26:36+00:00","dateModified":"2025-08-26T12:20:49+00:00","description":"The BNC Cable 75m. Transmitting high-definition video signals. Suitable for 3G HD-SDI video signals. - BNC Cable 75m - CineSouk","breadcrumb":{"@id":"https:\/\/www.cinesouk.ma\/product\/bnc-cable-75m\/#breadcrumb"},"inLanguage":"fr-FR","potentialAction":[{"@type":"ReadAction","target":["https:\/\/www.cinesouk.ma\/product\/bnc-cable-75m\/"]}]},{"@type":"ImageObject","inLanguage":"fr-FR","@id":"https:\/\/www.cinesouk.ma\/product\/bnc-cable-75m\/#primaryimage","url":"https:\/\/www.cinesouk.ma\/wp-content\/uploads\/2024\/01\/BNC-Haspel.jpg","contentUrl":"https:\/\/www.cinesouk.ma\/wp-content\/uploads\/2024\/01\/BNC-Haspel.jpg","width":300,"height":238},{"@type":"BreadcrumbList","@id":"https:\/\/www.cinesouk.ma\/product\/bnc-cable-75m\/#breadcrumb","itemListElement":[{"@type":"ListItem","position":1,"name":"Home","item":"https:\/\/www.cinesouk.ma\/"},{"@type":"ListItem","position":2,"name":"Shop","item":"https:\/\/www.cinesouk.ma\/shop\/"},{"@type":"ListItem","position":3,"name":"BNC Cable 75m"}]},{"@type":"WebSite","@id":"https:\/\/www.cinesouk.ma\/#website","url":"https:\/\/www.cinesouk.ma\/","name":"CineSouk","description":"","publisher":{"@id":"https:\/\/www.cinesouk.ma\/#organization"},"potentialAction":[{"@type":"SearchAction","target":{"@type":"EntryPoint","urlTemplate":"https:\/\/www.cinesouk.ma\/?s={search_term_string}"},"query-input":{"@type":"PropertyValueSpecification","valueRequired":true,"valueName":"search_term_string"}}],"inLanguage":"fr-FR"},{"@type":"Organization","@id":"https:\/\/www.cinesouk.ma\/#organization","name":"CineSouk","url":"https:\/\/www.cinesouk.ma\/","logo":{"@type":"ImageObject","inLanguage":"fr-FR","@id":"https:\/\/www.cinesouk.ma\/#\/schema\/logo\/image\/","url":"https:\/\/www.cinesouk.ma\/wp-content\/uploads\/2024\/01\/CineSouk-logo-v01-alpha-alligned-left.png","contentUrl":"https:\/\/www.cinesouk.ma\/wp-content\/uploads\/2024\/01\/CineSouk-logo-v01-alpha-alligned-left.png","width":3204,"height":889,"caption":"CineSouk"},"image":{"@id":"https:\/\/www.cinesouk.ma\/#\/schema\/logo\/image\/"}}]}},"_links":{"self":[{"href":"https:\/\/www.cinesouk.ma\/fr\/wp-json\/wp\/v2\/product\/523","targetHints":{"allow":["GET"]}}],"collection":[{"href":"https:\/\/www.cinesouk.ma\/fr\/wp-json\/wp\/v2\/product"}],"about":[{"href":"https:\/\/www.cinesouk.ma\/fr\/wp-json\/wp\/v2\/types\/product"}],"wp:featuredmedia":[{"embeddable":true,"href":"https:\/\/www.cinesouk.ma\/fr\/wp-json\/wp\/v2\/media\/543"}],"wp:attachment":[{"href":"https:\/\/www.cinesouk.ma\/fr\/wp-json\/wp\/v2\/media?parent=523"}],"wp:term":[{"taxonomy":"product_brand","embeddable":true,"href":"https:\/\/www.cinesouk.ma\/fr\/wp-json\/wp\/v2\/product_brand?post=523"},{"taxonomy":"product_cat","embeddable":true,"href":"https:\/\/www.cinesouk.ma\/fr\/wp-json\/wp\/v2\/product_cat?post=523"},{"taxonomy":"product_tag","embeddable":true,"href":"https:\/\/www.cinesouk.ma\/fr\/wp-json\/wp\/v2\/product_tag?post=523"}],"curies":[{"name":"wp","href":"https:\/\/api.w.org\/{rel}","templated":true}]}}