{"id":5231,"date":"2025-05-08T05:46:29","date_gmt":"2025-05-08T05:46:29","guid":{"rendered":"https:\/\/www.cinesouk.ma\/?post_type=product&#038;p=5231"},"modified":"2025-08-26T12:31:48","modified_gmt":"2025-08-26T12:31:48","slug":"manfrotto-272b-background-support-3-section","status":"publish","type":"product","link":"https:\/\/www.cinesouk.ma\/fr\/produit\/manfrotto-272b-background-support-3-section\/","title":{"rendered":"Manfrotto 272B Support de fond 3 sections"},"content":{"rendered":"<p>Le support d'arri\u00e8re-plan Manfrotto 272B 3 sections est un syst\u00e8me de support d'arri\u00e8re-plan polyvalent et durable con\u00e7u pour les photographes et vid\u00e9astes qui ont besoin d'un support d'arri\u00e8re-plan fiable pour leurs installations en studio. Id\u00e9al pour les prises de vue en studio et sur site, ce syst\u00e8me de support offre flexibilit\u00e9 et facilit\u00e9 d'utilisation.<\/p>\n<p>Le 272B est dot\u00e9 d'une conception t\u00e9lescopique en trois sections qui permet de r\u00e9gler la hauteur jusqu'\u00e0 300 cm (118 pouces). Cette possibilit\u00e9 de r\u00e9glage vous permet d'installer votre toile de fond \u00e0 la hauteur id\u00e9ale pour divers sc\u00e9narios de prise de vue. Le syst\u00e8me de support est \u00e9quip\u00e9 d'une capacit\u00e9 de charge maximale de 5 kg, ce qui lui permet de supporter une gamme de toiles de fond, y compris le papier, le tissu et la mousseline.<\/p>\n<p>Construit en aluminium, le support d'arri\u00e8re-plan Manfrotto 272B 3 sections est \u00e0 la fois l\u00e9ger et durable. Il garantit la stabilit\u00e9 tout en restant facile \u00e0 transporter. Le syst\u00e8me comprend 3 sections r\u00e9tractables qui s'effondrent pour un rangement et une portabilit\u00e9 pratiques, ce qui en fait un choix pratique pour les photographes et vid\u00e9astes mobiles.<\/p>\n<p>Le support est \u00e9quip\u00e9 de pieds en caoutchouc sur les jambes du tr\u00e9pied afin d'\u00e9viter tout glissement et d'offrir une stabilit\u00e9 suppl\u00e9mentaire sur diff\u00e9rentes surfaces. En outre, le support d'arri\u00e8re-plan est livr\u00e9 avec des adaptateurs de barre transversale qui permettent d'installer rapidement et facilement diff\u00e9rents types de toile de fond.<\/p>\n<p>Louez-le maintenant sur <a href=\"https:\/\/www.cinesouk.ma\/fr\">CINESOUK<\/a> - une marque de <a href=\"https:\/\/www.broadway.ma\/\">BROADWAY PRODUCTIONS SARL.<\/a><\/p>","protected":false},"excerpt":{"rendered":"<p>Sp\u00e9cifications :<\/p>\n<p>R\u00e9glage de la hauteur : Jusqu'\u00e0 300 cm (118 pouces)<br \/>\nCapacit\u00e9 de charge : 5 kg (11 lbs)<br \/>\nMat\u00e9riau : Aluminium<br \/>\nSections : 3 sections t\u00e9lescopiques<br \/>\nPoids : 2,6 kg (5,73 lbs)<br \/>\nBase : Tr\u00e9pied avec pieds en caoutchouc<br \/>\nAccessoires : Comprend des adaptateurs de barre transversale<\/p>","protected":false},"featured_media":7787,"template":"","meta":{"om_disable_all_campaigns":false,"_monsterinsights_skip_tracking":false,"_monsterinsights_sitenote_active":false,"_monsterinsights_sitenote_note":"","_monsterinsights_sitenote_category":0,"_uf_show_specific_survey":0,"_uf_disable_surveys":false},"product_brand":[],"product_cat":[38,108],"product_tag":[],"class_list":{"0":"post-5231","1":"product","2":"type-product","3":"status-publish","4":"has-post-thumbnail","6":"product_cat-grip-cinesouk","7":"product_cat-stand-and-rigging-eventsouk","9":"entry","10":"has-media","12":"first","13":"instock","14":"taxable","15":"shipping-taxable","16":"purchasable","17":"product-type-variable","18":"has-product-nav","19":"col","20":"span_1_of_3","21":"owp-content-center","22":"owp-thumbs-layout-horizontal","23":"owp-btn-normal","24":"owp-tabs-layout-horizontal","25":"has-no-thumbnails"},"yoast_head":"<!-- This site is optimized with the Yoast SEO Premium plugin v26.0 (Yoast SEO v26.0) - https:\/\/yoast.com\/wordpress\/plugins\/seo\/ -->\n<title>Manfrotto 272B Background Support 3-Section - CineSouk - For rent<\/title>\n<meta name=\"description\" content=\"Manfrotto 272B: Durable aluminum background support with telescopic design and rubber feet, ideal for studio and on-location shoots.\" \/>\n<meta name=\"robots\" content=\"index, follow, max-snippet:-1, max-image-preview:large, max-video-preview:-1\" \/>\n<link rel=\"canonical\" href=\"https:\/\/www.cinesouk.ma\/fr\/produit\/manfrotto-272b-background-support-3-section\/\" \/>\n<meta property=\"og:locale\" content=\"fr_FR\" \/>\n<meta property=\"og:type\" content=\"article\" \/>\n<meta property=\"og:title\" content=\"Manfrotto 272B Background Support 3-Section\" \/>\n<meta property=\"og:description\" content=\"Manfrotto 272B: Durable aluminum background support with telescopic design and rubber feet, ideal for studio and on-location shoots.\" \/>\n<meta property=\"og:url\" content=\"https:\/\/www.cinesouk.ma\/fr\/produit\/manfrotto-272b-background-support-3-section\/\" \/>\n<meta property=\"og:site_name\" content=\"CineSouk\" \/>\n<meta property=\"article:modified_time\" content=\"2025-08-26T12:31:48+00:00\" \/>\n<meta property=\"og:image\" content=\"https:\/\/www.cinesouk.ma\/wp-content\/uploads\/2024\/08\/Manfrotto-272B-Background-Support-3-Sect.jpg\" \/>\n\t<meta property=\"og:image:width\" content=\"300\" \/>\n\t<meta property=\"og:image:height\" content=\"238\" \/>\n\t<meta property=\"og:image:type\" content=\"image\/jpeg\" \/>\n<meta name=\"twitter:card\" content=\"summary_large_image\" \/>\n<meta name=\"twitter:description\" content=\"Manfrotto 272B: Durable aluminum background support with telescopic design and rubber feet, ideal for studio and on-location shoots.\" \/>\n<meta name=\"twitter:label1\" content=\"Dur\u00e9e de lecture estim\u00e9e\" \/>\n\t<meta name=\"twitter:data1\" content=\"2 minutes\" \/>\n<script type=\"application\/ld+json\" class=\"yoast-schema-graph\">{\"@context\":\"https:\/\/schema.org\",\"@graph\":[{\"@type\":\"WebPage\",\"@id\":\"https:\/\/www.cinesouk.ma\/product\/manfrotto-272b-background-support-3-section\/\",\"url\":\"https:\/\/www.cinesouk.ma\/product\/manfrotto-272b-background-support-3-section\/\",\"name\":\"Manfrotto 272B Background Support 3-Section - CineSouk - For rent\",\"isPartOf\":{\"@id\":\"https:\/\/www.cinesouk.ma\/#website\"},\"primaryImageOfPage\":{\"@id\":\"https:\/\/www.cinesouk.ma\/product\/manfrotto-272b-background-support-3-section\/#primaryimage\"},\"image\":{\"@id\":\"https:\/\/www.cinesouk.ma\/product\/manfrotto-272b-background-support-3-section\/#primaryimage\"},\"thumbnailUrl\":\"https:\/\/www.cinesouk.ma\/wp-content\/uploads\/2024\/08\/Manfrotto-272B-Background-Support-3-Sect.jpg\",\"datePublished\":\"2025-05-08T05:46:29+00:00\",\"dateModified\":\"2025-08-26T12:31:48+00:00\",\"description\":\"Manfrotto 272B: Durable aluminum background support with telescopic design and rubber feet, ideal for studio and on-location shoots.\",\"breadcrumb\":{\"@id\":\"https:\/\/www.cinesouk.ma\/product\/manfrotto-272b-background-support-3-section\/#breadcrumb\"},\"inLanguage\":\"fr-FR\",\"potentialAction\":[{\"@type\":\"ReadAction\",\"target\":[\"https:\/\/www.cinesouk.ma\/product\/manfrotto-272b-background-support-3-section\/\"]}]},{\"@type\":\"ImageObject\",\"inLanguage\":\"fr-FR\",\"@id\":\"https:\/\/www.cinesouk.ma\/product\/manfrotto-272b-background-support-3-section\/#primaryimage\",\"url\":\"https:\/\/www.cinesouk.ma\/wp-content\/uploads\/2024\/08\/Manfrotto-272B-Background-Support-3-Sect.jpg\",\"contentUrl\":\"https:\/\/www.cinesouk.ma\/wp-content\/uploads\/2024\/08\/Manfrotto-272B-Background-Support-3-Sect.jpg\",\"width\":300,\"height\":238},{\"@type\":\"BreadcrumbList\",\"@id\":\"https:\/\/www.cinesouk.ma\/product\/manfrotto-272b-background-support-3-section\/#breadcrumb\",\"itemListElement\":[{\"@type\":\"ListItem\",\"position\":1,\"name\":\"Home\",\"item\":\"https:\/\/www.cinesouk.ma\/\"},{\"@type\":\"ListItem\",\"position\":2,\"name\":\"Shop\",\"item\":\"https:\/\/www.cinesouk.ma\/shop\/\"},{\"@type\":\"ListItem\",\"position\":3,\"name\":\"Manfrotto 272B Background Support 3-Section\"}]},{\"@type\":\"WebSite\",\"@id\":\"https:\/\/www.cinesouk.ma\/#website\",\"url\":\"https:\/\/www.cinesouk.ma\/\",\"name\":\"CineSouk\",\"description\":\"\",\"publisher\":{\"@id\":\"https:\/\/www.cinesouk.ma\/#organization\"},\"potentialAction\":[{\"@type\":\"SearchAction\",\"target\":{\"@type\":\"EntryPoint\",\"urlTemplate\":\"https:\/\/www.cinesouk.ma\/?s={search_term_string}\"},\"query-input\":{\"@type\":\"PropertyValueSpecification\",\"valueRequired\":true,\"valueName\":\"search_term_string\"}}],\"inLanguage\":\"fr-FR\"},{\"@type\":\"Organization\",\"@id\":\"https:\/\/www.cinesouk.ma\/#organization\",\"name\":\"CineSouk\",\"url\":\"https:\/\/www.cinesouk.ma\/\",\"logo\":{\"@type\":\"ImageObject\",\"inLanguage\":\"fr-FR\",\"@id\":\"https:\/\/www.cinesouk.ma\/#\/schema\/logo\/image\/\",\"url\":\"https:\/\/www.cinesouk.ma\/wp-content\/uploads\/2024\/01\/CineSouk-logo-v01-alpha-alligned-left.png\",\"contentUrl\":\"https:\/\/www.cinesouk.ma\/wp-content\/uploads\/2024\/01\/CineSouk-logo-v01-alpha-alligned-left.png\",\"width\":3204,\"height\":889,\"caption\":\"CineSouk\"},\"image\":{\"@id\":\"https:\/\/www.cinesouk.ma\/#\/schema\/logo\/image\/\"}}]}<\/script>\n<!-- \/ Yoast SEO Premium plugin. -->","yoast_head_json":{"title":"Manfrotto 272B Background Support 3-Section - CineSouk - For rent","description":"Manfrotto 272B: Durable aluminum background support with telescopic design and rubber feet, ideal for studio and on-location shoots.","robots":{"index":"index","follow":"follow","max-snippet":"max-snippet:-1","max-image-preview":"max-image-preview:large","max-video-preview":"max-video-preview:-1"},"canonical":"https:\/\/www.cinesouk.ma\/fr\/produit\/manfrotto-272b-background-support-3-section\/","og_locale":"fr_FR","og_type":"article","og_title":"Manfrotto 272B Background Support 3-Section","og_description":"Manfrotto 272B: Durable aluminum background support with telescopic design and rubber feet, ideal for studio and on-location shoots.","og_url":"https:\/\/www.cinesouk.ma\/fr\/produit\/manfrotto-272b-background-support-3-section\/","og_site_name":"CineSouk","article_modified_time":"2025-08-26T12:31:48+00:00","og_image":[{"width":300,"height":238,"url":"https:\/\/www.cinesouk.ma\/wp-content\/uploads\/2024\/08\/Manfrotto-272B-Background-Support-3-Sect.jpg","type":"image\/jpeg"}],"twitter_card":"summary_large_image","twitter_description":"Manfrotto 272B: Durable aluminum background support with telescopic design and rubber feet, ideal for studio and on-location shoots.","twitter_misc":{"Dur\u00e9e de lecture estim\u00e9e":"2 minutes"},"schema":{"@context":"https:\/\/schema.org","@graph":[{"@type":"WebPage","@id":"https:\/\/www.cinesouk.ma\/product\/manfrotto-272b-background-support-3-section\/","url":"https:\/\/www.cinesouk.ma\/product\/manfrotto-272b-background-support-3-section\/","name":"Manfrotto 272B Background Support 3-Section - CineSouk - For rent","isPartOf":{"@id":"https:\/\/www.cinesouk.ma\/#website"},"primaryImageOfPage":{"@id":"https:\/\/www.cinesouk.ma\/product\/manfrotto-272b-background-support-3-section\/#primaryimage"},"image":{"@id":"https:\/\/www.cinesouk.ma\/product\/manfrotto-272b-background-support-3-section\/#primaryimage"},"thumbnailUrl":"https:\/\/www.cinesouk.ma\/wp-content\/uploads\/2024\/08\/Manfrotto-272B-Background-Support-3-Sect.jpg","datePublished":"2025-05-08T05:46:29+00:00","dateModified":"2025-08-26T12:31:48+00:00","description":"Manfrotto 272B: Durable aluminum background support with telescopic design and rubber feet, ideal for studio and on-location shoots.","breadcrumb":{"@id":"https:\/\/www.cinesouk.ma\/product\/manfrotto-272b-background-support-3-section\/#breadcrumb"},"inLanguage":"fr-FR","potentialAction":[{"@type":"ReadAction","target":["https:\/\/www.cinesouk.ma\/product\/manfrotto-272b-background-support-3-section\/"]}]},{"@type":"ImageObject","inLanguage":"fr-FR","@id":"https:\/\/www.cinesouk.ma\/product\/manfrotto-272b-background-support-3-section\/#primaryimage","url":"https:\/\/www.cinesouk.ma\/wp-content\/uploads\/2024\/08\/Manfrotto-272B-Background-Support-3-Sect.jpg","contentUrl":"https:\/\/www.cinesouk.ma\/wp-content\/uploads\/2024\/08\/Manfrotto-272B-Background-Support-3-Sect.jpg","width":300,"height":238},{"@type":"BreadcrumbList","@id":"https:\/\/www.cinesouk.ma\/product\/manfrotto-272b-background-support-3-section\/#breadcrumb","itemListElement":[{"@type":"ListItem","position":1,"name":"Home","item":"https:\/\/www.cinesouk.ma\/"},{"@type":"ListItem","position":2,"name":"Shop","item":"https:\/\/www.cinesouk.ma\/shop\/"},{"@type":"ListItem","position":3,"name":"Manfrotto 272B Background Support 3-Section"}]},{"@type":"WebSite","@id":"https:\/\/www.cinesouk.ma\/#website","url":"https:\/\/www.cinesouk.ma\/","name":"CineSouk","description":"","publisher":{"@id":"https:\/\/www.cinesouk.ma\/#organization"},"potentialAction":[{"@type":"SearchAction","target":{"@type":"EntryPoint","urlTemplate":"https:\/\/www.cinesouk.ma\/?s={search_term_string}"},"query-input":{"@type":"PropertyValueSpecification","valueRequired":true,"valueName":"search_term_string"}}],"inLanguage":"fr-FR"},{"@type":"Organization","@id":"https:\/\/www.cinesouk.ma\/#organization","name":"CineSouk","url":"https:\/\/www.cinesouk.ma\/","logo":{"@type":"ImageObject","inLanguage":"fr-FR","@id":"https:\/\/www.cinesouk.ma\/#\/schema\/logo\/image\/","url":"https:\/\/www.cinesouk.ma\/wp-content\/uploads\/2024\/01\/CineSouk-logo-v01-alpha-alligned-left.png","contentUrl":"https:\/\/www.cinesouk.ma\/wp-content\/uploads\/2024\/01\/CineSouk-logo-v01-alpha-alligned-left.png","width":3204,"height":889,"caption":"CineSouk"},"image":{"@id":"https:\/\/www.cinesouk.ma\/#\/schema\/logo\/image\/"}}]}},"_links":{"self":[{"href":"https:\/\/www.cinesouk.ma\/fr\/wp-json\/wp\/v2\/product\/5231","targetHints":{"allow":["GET"]}}],"collection":[{"href":"https:\/\/www.cinesouk.ma\/fr\/wp-json\/wp\/v2\/product"}],"about":[{"href":"https:\/\/www.cinesouk.ma\/fr\/wp-json\/wp\/v2\/types\/product"}],"wp:featuredmedia":[{"embeddable":true,"href":"https:\/\/www.cinesouk.ma\/fr\/wp-json\/wp\/v2\/media\/7787"}],"wp:attachment":[{"href":"https:\/\/www.cinesouk.ma\/fr\/wp-json\/wp\/v2\/media?parent=5231"}],"wp:term":[{"taxonomy":"product_brand","embeddable":true,"href":"https:\/\/www.cinesouk.ma\/fr\/wp-json\/wp\/v2\/product_brand?post=5231"},{"taxonomy":"product_cat","embeddable":true,"href":"https:\/\/www.cinesouk.ma\/fr\/wp-json\/wp\/v2\/product_cat?post=5231"},{"taxonomy":"product_tag","embeddable":true,"href":"https:\/\/www.cinesouk.ma\/fr\/wp-json\/wp\/v2\/product_tag?post=5231"}],"curies":[{"name":"wp","href":"https:\/\/api.w.org\/{rel}","templated":true}]}}