{"id":5233,"date":"2024-08-28T15:51:37","date_gmt":"2024-08-28T15:51:37","guid":{"rendered":"https:\/\/www.cinesouk.ma\/?post_type=product&#038;p=5233"},"modified":"2025-03-21T10:55:58","modified_gmt":"2025-03-21T10:55:58","slug":"km-260-1-microphone-stand","status":"publish","type":"product","link":"https:\/\/www.cinesouk.ma\/fr\/produit\/km-260-1-microphone-stand\/","title":{"rendered":"Support de microphone K&amp;M 260\/1"},"content":{"rendered":"<p>Le pied de microphone K&amp;M 260\/1 est con\u00e7u pour les applications en studio et en direct, et offre une stabilit\u00e9 et une polyvalence exceptionnelles. Id\u00e9al pour les musiciens, les ing\u00e9nieurs du son et les diffuseurs, ce pied garantit un support fiable pour les microphones dans diff\u00e9rents contextes, que ce soit dans un studio professionnel ou sur sc\u00e8ne.<\/p>\n<p>Le pied de microphone K&amp;M 260\/1 est en acier robuste et t\u00e9lescopique, avec une hauteur r\u00e9glable de 880 mm \u00e0 1630 mm. Cette gamme offre une grande flexibilit\u00e9 pour le placement des microphones, qu'il s'agisse de voix, d'instruments ou de diff\u00e9rentes hauteurs d'interpr\u00e8tes.<\/p>\n<p>Un bras fixe s'\u00e9tend jusqu'\u00e0 800 mm, offrant une port\u00e9e suppl\u00e9mentaire et des options de positionnement polyvalentes. Cette caract\u00e9ristique permet un positionnement pr\u00e9cis du microphone pour une capture optimale du son sans compromettre le confort de l'artiste.<\/p>\n<p>La base du pied est un tr\u00e9pied lest\u00e9, qui assure une assise solide et stable, r\u00e9duisant consid\u00e9rablement le risque de basculement en cours d'utilisation. Les pieds en caoutchouc du tr\u00e9pied offrent une adh\u00e9rence suppl\u00e9mentaire, \u00e9vitant de glisser sur diverses surfaces et am\u00e9liorant la stabilit\u00e9 g\u00e9n\u00e9rale, ce qui le rend fiable en studio comme en direct.<\/p>\n<p>Fini dans une couche de poudre noire durable, le K&amp;M 260\/1 n'est pas seulement exceptionnellement performant, il compl\u00e8te \u00e9galement toute installation professionnelle avec son apparence \u00e9l\u00e9gante et polie. Sa conception pliable ajoute encore \u00e0 son aspect pratique, facilitant son transport et son stockage, qu'il s'agisse d'installations permanentes ou d'applications mobiles. Le pied de microphone K&amp;M 260\/1 est donc un choix tr\u00e8s pratique pour les professionnels qui recherchent \u00e0 la fois performance et facilit\u00e9 d'utilisation.<\/p>\n<p>Louez-le maintenant sur <a href=\"https:\/\/www.cinesouk.ma\/fr\">CINESOUK<\/a> - une marque de <a href=\"https:\/\/www.broadway.ma\/\">BROADWAY PRODUCTIONS SARL.<\/a><\/p>","protected":false},"excerpt":{"rendered":"<p>Sp\u00e9cifications :<\/p>\n<p>Hauteur : R\u00e9glable de 880 mm \u00e0 1630 mm<br \/>\nLongueur du bras de rampe : Fixe \u00e0 800 mm<br \/>\nMat\u00e9riau : Acier avec rev\u00eatement en poudre noir<br \/>\nBase : Tr\u00e9pied lest\u00e9<br \/>\nPoids : 3,5 kg<br \/>\nRaccordement : Filetage standard 3\/8<br \/>\nCouleur : Noir<\/p>","protected":false},"featured_media":7786,"template":"","meta":{"om_disable_all_campaigns":false,"_monsterinsights_skip_tracking":false,"_monsterinsights_sitenote_active":false,"_monsterinsights_sitenote_note":"","_monsterinsights_sitenote_category":0,"_uf_show_specific_survey":0,"_uf_disable_surveys":false},"product_brand":[],"product_cat":[86,35],"product_tag":[],"class_list":{"0":"post-5233","1":"product","2":"type-product","3":"status-publish","4":"has-post-thumbnail","6":"product_cat-foh-cinesouk","7":"product_cat-sound-cinesouk","9":"entry","10":"has-media","12":"first","13":"instock","14":"taxable","15":"shipping-taxable","16":"purchasable","17":"product-type-variable","18":"has-product-nav","19":"col","20":"span_1_of_3","21":"owp-content-center","22":"owp-thumbs-layout-horizontal","23":"owp-btn-normal","24":"owp-tabs-layout-horizontal","25":"has-no-thumbnails"},"yoast_head":"<!-- This site is optimized with the Yoast SEO Premium plugin v26.0 (Yoast SEO v26.0) - https:\/\/yoast.com\/wordpress\/plugins\/seo\/ -->\n<title>K&amp;M 260\/1 Microphone Stand - CineSouk - For rent<\/title>\n<meta name=\"description\" content=\"K&amp;M 260\/1 Stand: Sturdy microphone stand with a weighted tripod base and telescoping height adjustment for stable performance support.\" \/>\n<meta name=\"robots\" content=\"index, follow, max-snippet:-1, max-image-preview:large, max-video-preview:-1\" \/>\n<link rel=\"canonical\" href=\"https:\/\/www.cinesouk.ma\/fr\/produit\/km-260-1-microphone-stand\/\" \/>\n<meta property=\"og:locale\" content=\"fr_FR\" \/>\n<meta property=\"og:type\" content=\"article\" \/>\n<meta property=\"og:title\" content=\"K&amp;M 260\/1 Microphone Stand\" \/>\n<meta property=\"og:description\" content=\"K&amp;M 260\/1 Stand: Sturdy microphone stand with a weighted tripod base and telescoping height adjustment for stable performance support.\" \/>\n<meta property=\"og:url\" content=\"https:\/\/www.cinesouk.ma\/fr\/produit\/km-260-1-microphone-stand\/\" \/>\n<meta property=\"og:site_name\" content=\"CineSouk\" \/>\n<meta property=\"article:modified_time\" content=\"2025-03-21T10:55:58+00:00\" \/>\n<meta property=\"og:image\" content=\"https:\/\/www.cinesouk.ma\/wp-content\/uploads\/2024\/08\/KM-260_1-Microphone-Stand.jpg\" \/>\n\t<meta property=\"og:image:width\" content=\"300\" \/>\n\t<meta property=\"og:image:height\" content=\"238\" \/>\n\t<meta property=\"og:image:type\" content=\"image\/jpeg\" \/>\n<meta name=\"twitter:card\" content=\"summary_large_image\" \/>\n<meta name=\"twitter:title\" content=\"K&amp;M 260\/1 Microphone Stand\" \/>\n<meta name=\"twitter:description\" content=\"K&amp;M 260\/1 Stand: Sturdy microphone stand with a weighted tripod base and telescoping height adjustment for stable performance support.\" \/>\n<meta name=\"twitter:label1\" content=\"Dur\u00e9e de lecture estim\u00e9e\" \/>\n\t<meta name=\"twitter:data1\" content=\"2 minutes\" \/>\n<script type=\"application\/ld+json\" class=\"yoast-schema-graph\">{\"@context\":\"https:\/\/schema.org\",\"@graph\":[{\"@type\":\"WebPage\",\"@id\":\"https:\/\/www.cinesouk.ma\/product\/km-260-1-microphone-stand\/\",\"url\":\"https:\/\/www.cinesouk.ma\/product\/km-260-1-microphone-stand\/\",\"name\":\"K&M 260\/1 Microphone Stand - CineSouk - For rent\",\"isPartOf\":{\"@id\":\"https:\/\/www.cinesouk.ma\/#website\"},\"primaryImageOfPage\":{\"@id\":\"https:\/\/www.cinesouk.ma\/product\/km-260-1-microphone-stand\/#primaryimage\"},\"image\":{\"@id\":\"https:\/\/www.cinesouk.ma\/product\/km-260-1-microphone-stand\/#primaryimage\"},\"thumbnailUrl\":\"https:\/\/www.cinesouk.ma\/wp-content\/uploads\/2024\/08\/KM-260_1-Microphone-Stand.jpg\",\"datePublished\":\"2024-08-28T15:51:37+00:00\",\"dateModified\":\"2025-03-21T10:55:58+00:00\",\"description\":\"K&M 260\/1 Stand: Sturdy microphone stand with a weighted tripod base and telescoping height adjustment for stable performance support.\",\"breadcrumb\":{\"@id\":\"https:\/\/www.cinesouk.ma\/product\/km-260-1-microphone-stand\/#breadcrumb\"},\"inLanguage\":\"fr-FR\",\"potentialAction\":[{\"@type\":\"ReadAction\",\"target\":[\"https:\/\/www.cinesouk.ma\/product\/km-260-1-microphone-stand\/\"]}]},{\"@type\":\"ImageObject\",\"inLanguage\":\"fr-FR\",\"@id\":\"https:\/\/www.cinesouk.ma\/product\/km-260-1-microphone-stand\/#primaryimage\",\"url\":\"https:\/\/www.cinesouk.ma\/wp-content\/uploads\/2024\/08\/KM-260_1-Microphone-Stand.jpg\",\"contentUrl\":\"https:\/\/www.cinesouk.ma\/wp-content\/uploads\/2024\/08\/KM-260_1-Microphone-Stand.jpg\",\"width\":300,\"height\":238,\"caption\":\"K&M 260\/1 Microphone Stand\"},{\"@type\":\"BreadcrumbList\",\"@id\":\"https:\/\/www.cinesouk.ma\/product\/km-260-1-microphone-stand\/#breadcrumb\",\"itemListElement\":[{\"@type\":\"ListItem\",\"position\":1,\"name\":\"Home\",\"item\":\"https:\/\/www.cinesouk.ma\/\"},{\"@type\":\"ListItem\",\"position\":2,\"name\":\"Shop\",\"item\":\"https:\/\/www.cinesouk.ma\/shop\/\"},{\"@type\":\"ListItem\",\"position\":3,\"name\":\"K&#038;M 260\/1 Microphone Stand\"}]},{\"@type\":\"WebSite\",\"@id\":\"https:\/\/www.cinesouk.ma\/#website\",\"url\":\"https:\/\/www.cinesouk.ma\/\",\"name\":\"CineSouk\",\"description\":\"\",\"publisher\":{\"@id\":\"https:\/\/www.cinesouk.ma\/#organization\"},\"potentialAction\":[{\"@type\":\"SearchAction\",\"target\":{\"@type\":\"EntryPoint\",\"urlTemplate\":\"https:\/\/www.cinesouk.ma\/?s={search_term_string}\"},\"query-input\":{\"@type\":\"PropertyValueSpecification\",\"valueRequired\":true,\"valueName\":\"search_term_string\"}}],\"inLanguage\":\"fr-FR\"},{\"@type\":\"Organization\",\"@id\":\"https:\/\/www.cinesouk.ma\/#organization\",\"name\":\"CineSouk\",\"url\":\"https:\/\/www.cinesouk.ma\/\",\"logo\":{\"@type\":\"ImageObject\",\"inLanguage\":\"fr-FR\",\"@id\":\"https:\/\/www.cinesouk.ma\/#\/schema\/logo\/image\/\",\"url\":\"https:\/\/www.cinesouk.ma\/wp-content\/uploads\/2024\/01\/CineSouk-logo-v01-alpha-alligned-left.png\",\"contentUrl\":\"https:\/\/www.cinesouk.ma\/wp-content\/uploads\/2024\/01\/CineSouk-logo-v01-alpha-alligned-left.png\",\"width\":3204,\"height\":889,\"caption\":\"CineSouk\"},\"image\":{\"@id\":\"https:\/\/www.cinesouk.ma\/#\/schema\/logo\/image\/\"}}]}<\/script>\n<!-- \/ Yoast SEO Premium plugin. -->","yoast_head_json":{"title":"K&M 260\/1 Microphone Stand - CineSouk - For rent","description":"K&M 260\/1 Stand: Sturdy microphone stand with a weighted tripod base and telescoping height adjustment for stable performance support.","robots":{"index":"index","follow":"follow","max-snippet":"max-snippet:-1","max-image-preview":"max-image-preview:large","max-video-preview":"max-video-preview:-1"},"canonical":"https:\/\/www.cinesouk.ma\/fr\/produit\/km-260-1-microphone-stand\/","og_locale":"fr_FR","og_type":"article","og_title":"K&M 260\/1 Microphone Stand","og_description":"K&M 260\/1 Stand: Sturdy microphone stand with a weighted tripod base and telescoping height adjustment for stable performance support.","og_url":"https:\/\/www.cinesouk.ma\/fr\/produit\/km-260-1-microphone-stand\/","og_site_name":"CineSouk","article_modified_time":"2025-03-21T10:55:58+00:00","og_image":[{"width":300,"height":238,"url":"https:\/\/www.cinesouk.ma\/wp-content\/uploads\/2024\/08\/KM-260_1-Microphone-Stand.jpg","type":"image\/jpeg"}],"twitter_card":"summary_large_image","twitter_title":"K&M 260\/1 Microphone Stand","twitter_description":"K&M 260\/1 Stand: Sturdy microphone stand with a weighted tripod base and telescoping height adjustment for stable performance support.","twitter_misc":{"Dur\u00e9e de lecture estim\u00e9e":"2 minutes"},"schema":{"@context":"https:\/\/schema.org","@graph":[{"@type":"WebPage","@id":"https:\/\/www.cinesouk.ma\/product\/km-260-1-microphone-stand\/","url":"https:\/\/www.cinesouk.ma\/product\/km-260-1-microphone-stand\/","name":"K&M 260\/1 Microphone Stand - CineSouk - For rent","isPartOf":{"@id":"https:\/\/www.cinesouk.ma\/#website"},"primaryImageOfPage":{"@id":"https:\/\/www.cinesouk.ma\/product\/km-260-1-microphone-stand\/#primaryimage"},"image":{"@id":"https:\/\/www.cinesouk.ma\/product\/km-260-1-microphone-stand\/#primaryimage"},"thumbnailUrl":"https:\/\/www.cinesouk.ma\/wp-content\/uploads\/2024\/08\/KM-260_1-Microphone-Stand.jpg","datePublished":"2024-08-28T15:51:37+00:00","dateModified":"2025-03-21T10:55:58+00:00","description":"K&M 260\/1 Stand: Sturdy microphone stand with a weighted tripod base and telescoping height adjustment for stable performance support.","breadcrumb":{"@id":"https:\/\/www.cinesouk.ma\/product\/km-260-1-microphone-stand\/#breadcrumb"},"inLanguage":"fr-FR","potentialAction":[{"@type":"ReadAction","target":["https:\/\/www.cinesouk.ma\/product\/km-260-1-microphone-stand\/"]}]},{"@type":"ImageObject","inLanguage":"fr-FR","@id":"https:\/\/www.cinesouk.ma\/product\/km-260-1-microphone-stand\/#primaryimage","url":"https:\/\/www.cinesouk.ma\/wp-content\/uploads\/2024\/08\/KM-260_1-Microphone-Stand.jpg","contentUrl":"https:\/\/www.cinesouk.ma\/wp-content\/uploads\/2024\/08\/KM-260_1-Microphone-Stand.jpg","width":300,"height":238,"caption":"K&M 260\/1 Microphone Stand"},{"@type":"BreadcrumbList","@id":"https:\/\/www.cinesouk.ma\/product\/km-260-1-microphone-stand\/#breadcrumb","itemListElement":[{"@type":"ListItem","position":1,"name":"Home","item":"https:\/\/www.cinesouk.ma\/"},{"@type":"ListItem","position":2,"name":"Shop","item":"https:\/\/www.cinesouk.ma\/shop\/"},{"@type":"ListItem","position":3,"name":"K&#038;M 260\/1 Microphone Stand"}]},{"@type":"WebSite","@id":"https:\/\/www.cinesouk.ma\/#website","url":"https:\/\/www.cinesouk.ma\/","name":"CineSouk","description":"","publisher":{"@id":"https:\/\/www.cinesouk.ma\/#organization"},"potentialAction":[{"@type":"SearchAction","target":{"@type":"EntryPoint","urlTemplate":"https:\/\/www.cinesouk.ma\/?s={search_term_string}"},"query-input":{"@type":"PropertyValueSpecification","valueRequired":true,"valueName":"search_term_string"}}],"inLanguage":"fr-FR"},{"@type":"Organization","@id":"https:\/\/www.cinesouk.ma\/#organization","name":"CineSouk","url":"https:\/\/www.cinesouk.ma\/","logo":{"@type":"ImageObject","inLanguage":"fr-FR","@id":"https:\/\/www.cinesouk.ma\/#\/schema\/logo\/image\/","url":"https:\/\/www.cinesouk.ma\/wp-content\/uploads\/2024\/01\/CineSouk-logo-v01-alpha-alligned-left.png","contentUrl":"https:\/\/www.cinesouk.ma\/wp-content\/uploads\/2024\/01\/CineSouk-logo-v01-alpha-alligned-left.png","width":3204,"height":889,"caption":"CineSouk"},"image":{"@id":"https:\/\/www.cinesouk.ma\/#\/schema\/logo\/image\/"}}]}},"_links":{"self":[{"href":"https:\/\/www.cinesouk.ma\/fr\/wp-json\/wp\/v2\/product\/5233","targetHints":{"allow":["GET"]}}],"collection":[{"href":"https:\/\/www.cinesouk.ma\/fr\/wp-json\/wp\/v2\/product"}],"about":[{"href":"https:\/\/www.cinesouk.ma\/fr\/wp-json\/wp\/v2\/types\/product"}],"wp:featuredmedia":[{"embeddable":true,"href":"https:\/\/www.cinesouk.ma\/fr\/wp-json\/wp\/v2\/media\/7786"}],"wp:attachment":[{"href":"https:\/\/www.cinesouk.ma\/fr\/wp-json\/wp\/v2\/media?parent=5233"}],"wp:term":[{"taxonomy":"product_brand","embeddable":true,"href":"https:\/\/www.cinesouk.ma\/fr\/wp-json\/wp\/v2\/product_brand?post=5233"},{"taxonomy":"product_cat","embeddable":true,"href":"https:\/\/www.cinesouk.ma\/fr\/wp-json\/wp\/v2\/product_cat?post=5233"},{"taxonomy":"product_tag","embeddable":true,"href":"https:\/\/www.cinesouk.ma\/fr\/wp-json\/wp\/v2\/product_tag?post=5233"}],"curies":[{"name":"wp","href":"https:\/\/api.w.org\/{rel}","templated":true}]}}