{"id":5234,"date":"2025-03-06T04:00:36","date_gmt":"2025-03-06T04:00:36","guid":{"rendered":"https:\/\/www.cinesouk.ma\/?post_type=product&#038;p=5234"},"modified":"2025-03-21T10:55:58","modified_gmt":"2025-03-21T10:55:58","slug":"aputure-light-dome-150","status":"publish","type":"product","link":"https:\/\/www.cinesouk.ma\/fr\/produit\/aputure-light-dome-150\/","title":{"rendered":"Aputure Light Dome 5' (150cm)"},"content":{"rendered":"<p>Le Light Dome 150 d'Aputure est une bo\u00eete \u00e0 lumi\u00e8re tr\u00e8s performante. Avec un diam\u00e8tre de 150 cm, cette grande bo\u00eete \u00e0 lumi\u00e8re parabolique cr\u00e9e une large source de lumi\u00e8re douce.<\/p>\n<p>En outre, le Light Dome 150 est compatible avec n'importe quelle lampe \u00e0 monture Bowens, y compris les mod\u00e8les Aputure populaires tels que le LS 600d Pro et le LS 300x. Le Light Dome 150 est parfait pour les prises de vue en studio et sur site o\u00f9 vous avez besoin d'un \u00e9clairage de niveau professionnel. Sa grande taille lui permet de diffuser la lumi\u00e8re sur une large zone.<\/p>\n<p>L'une des principales caract\u00e9ristiques du Light Dome 150 d'Aputure est sa forme parabolique. Cette forme permet de concentrer et de diriger la lumi\u00e8re. Le Light Dome 150 comprend \u00e9galement un tissu de diffusion \u00e0 double couche, qui assure une r\u00e9partition uniforme de la lumi\u00e8re et r\u00e9duit les points chauds, ce qui permet d'obtenir un \u00e9clairage homog\u00e8ne et r\u00e9gulier.<\/p>\n<p>Le Light Dome 150 est dot\u00e9 d'un m\u00e9canisme d'installation rapide qui permet un montage et un d\u00e9montage faciles, ce qui le rend pratique \u00e0 utiliser en d\u00e9placement. De plus, il comprend une grille et des filtres de couleur qui permettent de contr\u00f4ler les \u00e9claboussures de lumi\u00e8re et de r\u00e9gler la temp\u00e9rature de couleur.<\/p>\n<p>Fabriqu\u00e9 \u00e0 partir de mat\u00e9riaux durables et de haute qualit\u00e9, le Light Dome 150 r\u00e9siste aux rigueurs d'une utilisation professionnelle tout en restant l\u00e9ger et facile \u00e0 manipuler. Sa construction robuste lui permet de supporter une utilisation prolong\u00e9e dans des environnements de tournage exigeants.<\/p>\n<p>Louez-le maintenant sur <a href=\"https:\/\/www.cinesouk.ma\/fr\">CINESOUK<\/a> - une marque de <a href=\"https:\/\/www.broadway.ma\/\">BROADWAY PRODUCTIONS SARL.<\/a><\/p>","protected":false},"excerpt":{"rendered":"<p>Sp\u00e9cifications :<\/p>\n<p>Diam\u00e8tre : 150 cm<br \/>\nForme : Parabolique<br \/>\nCompatibilit\u00e9 : Lampes \u00e0 monture Bowens, y compris Aputure LS 600d Pro et LS 300x<br \/>\nDiffusion : Tissu de diffusion double couche<br \/>\nAccessoires inclus : Grille, filtres de couleur et sac de transport<br \/>\nTemps d'installation : Montage et d\u00e9montage rapides<br \/>\nMat\u00e9riau : Construction durable de haute qualit\u00e9<br \/>\nPoids : Environ 2,5 kg<\/p>","protected":false},"featured_media":7770,"template":"","meta":{"om_disable_all_campaigns":false,"_monsterinsights_skip_tracking":false,"_monsterinsights_sitenote_active":false,"_monsterinsights_sitenote_note":"","_monsterinsights_sitenote_category":0,"_uf_show_specific_survey":0,"_uf_disable_surveys":false},"product_brand":[],"product_cat":[20],"product_tag":[],"class_list":{"0":"post-5234","1":"product","2":"type-product","3":"status-publish","4":"has-post-thumbnail","6":"product_cat-light-cinesouk","8":"entry","9":"has-media","11":"first","12":"instock","13":"taxable","14":"shipping-taxable","15":"purchasable","16":"product-type-variable","17":"has-product-nav","18":"col","19":"span_1_of_3","20":"owp-content-center","21":"owp-thumbs-layout-horizontal","22":"owp-btn-normal","23":"owp-tabs-layout-horizontal","24":"has-no-thumbnails"},"yoast_head":"<!-- This site is optimized with the Yoast SEO Premium plugin v26.0 (Yoast SEO v26.0) - https:\/\/yoast.com\/wordpress\/plugins\/seo\/ -->\n<title>Aputure Light Dome 5\u2019 (150cm) - CineSouk - For rent<\/title>\n<meta name=\"description\" content=\"Aputure Light Dome 150 Softbox: Create beautiful, diffused light with this large 150 cm softbox, featuring a parabolic shape and double-layer diffusion for even lighting.\" \/>\n<meta name=\"robots\" content=\"index, follow, max-snippet:-1, max-image-preview:large, max-video-preview:-1\" \/>\n<link rel=\"canonical\" href=\"https:\/\/www.cinesouk.ma\/fr\/produit\/aputure-light-dome-150\/\" \/>\n<meta property=\"og:locale\" content=\"fr_FR\" \/>\n<meta property=\"og:type\" content=\"article\" \/>\n<meta property=\"og:title\" content=\"JVC DT-V17L2D\" \/>\n<meta property=\"og:description\" content=\"The JVC DT-V17L2D features a high-resolution LCD panel with advanced signal processing optimized HDTV display.\" \/>\n<meta property=\"og:url\" content=\"https:\/\/www.cinesouk.ma\/fr\/produit\/aputure-light-dome-150\/\" \/>\n<meta property=\"og:site_name\" content=\"CineSouk\" \/>\n<meta property=\"article:modified_time\" content=\"2025-03-21T10:55:58+00:00\" \/>\n<meta name=\"twitter:card\" content=\"summary_large_image\" \/>\n<meta name=\"twitter:title\" content=\"JVC DT-V17L2D\" \/>\n<meta name=\"twitter:description\" content=\"The JVC DT-V17L2D features a high-resolution LCD panel with advanced signal processing optimized HDTV display.\" \/>\n<meta name=\"twitter:image\" content=\"https:\/\/www.cinesouk.ma\/wp-content\/uploads\/2024\/08\/Aputure-Light-Dome-150.jpg\" \/>\n<meta name=\"twitter:label1\" content=\"Dur\u00e9e de lecture estim\u00e9e\" \/>\n\t<meta name=\"twitter:data1\" content=\"2 minutes\" \/>\n<script type=\"application\/ld+json\" class=\"yoast-schema-graph\">{\"@context\":\"https:\/\/schema.org\",\"@graph\":[{\"@type\":\"WebPage\",\"@id\":\"https:\/\/www.cinesouk.ma\/product\/aputure-light-dome-150\/\",\"url\":\"https:\/\/www.cinesouk.ma\/product\/aputure-light-dome-150\/\",\"name\":\"Aputure Light Dome 5\u2019 (150cm) - CineSouk - For rent\",\"isPartOf\":{\"@id\":\"https:\/\/www.cinesouk.ma\/#website\"},\"primaryImageOfPage\":{\"@id\":\"https:\/\/www.cinesouk.ma\/product\/aputure-light-dome-150\/#primaryimage\"},\"image\":{\"@id\":\"https:\/\/www.cinesouk.ma\/product\/aputure-light-dome-150\/#primaryimage\"},\"thumbnailUrl\":\"https:\/\/www.cinesouk.ma\/wp-content\/uploads\/2024\/08\/Aputure-Light-Dome-150.jpg\",\"datePublished\":\"2025-03-06T04:00:36+00:00\",\"dateModified\":\"2025-03-21T10:55:58+00:00\",\"description\":\"Aputure Light Dome 150 Softbox: Create beautiful, diffused light with this large 150 cm softbox, featuring a parabolic shape and double-layer diffusion for even lighting.\",\"breadcrumb\":{\"@id\":\"https:\/\/www.cinesouk.ma\/product\/aputure-light-dome-150\/#breadcrumb\"},\"inLanguage\":\"fr-FR\",\"potentialAction\":[{\"@type\":\"ReadAction\",\"target\":[\"https:\/\/www.cinesouk.ma\/product\/aputure-light-dome-150\/\"]}]},{\"@type\":\"ImageObject\",\"inLanguage\":\"fr-FR\",\"@id\":\"https:\/\/www.cinesouk.ma\/product\/aputure-light-dome-150\/#primaryimage\",\"url\":\"https:\/\/www.cinesouk.ma\/wp-content\/uploads\/2024\/08\/Aputure-Light-Dome-150.jpg\",\"contentUrl\":\"https:\/\/www.cinesouk.ma\/wp-content\/uploads\/2024\/08\/Aputure-Light-Dome-150.jpg\",\"width\":300,\"height\":238},{\"@type\":\"BreadcrumbList\",\"@id\":\"https:\/\/www.cinesouk.ma\/product\/aputure-light-dome-150\/#breadcrumb\",\"itemListElement\":[{\"@type\":\"ListItem\",\"position\":1,\"name\":\"Home\",\"item\":\"https:\/\/www.cinesouk.ma\/\"},{\"@type\":\"ListItem\",\"position\":2,\"name\":\"Shop\",\"item\":\"https:\/\/www.cinesouk.ma\/shop\/\"},{\"@type\":\"ListItem\",\"position\":3,\"name\":\"Aputure Light Dome 5\u2019 (150cm)\"}]},{\"@type\":\"WebSite\",\"@id\":\"https:\/\/www.cinesouk.ma\/#website\",\"url\":\"https:\/\/www.cinesouk.ma\/\",\"name\":\"CineSouk\",\"description\":\"\",\"publisher\":{\"@id\":\"https:\/\/www.cinesouk.ma\/#organization\"},\"potentialAction\":[{\"@type\":\"SearchAction\",\"target\":{\"@type\":\"EntryPoint\",\"urlTemplate\":\"https:\/\/www.cinesouk.ma\/?s={search_term_string}\"},\"query-input\":{\"@type\":\"PropertyValueSpecification\",\"valueRequired\":true,\"valueName\":\"search_term_string\"}}],\"inLanguage\":\"fr-FR\"},{\"@type\":\"Organization\",\"@id\":\"https:\/\/www.cinesouk.ma\/#organization\",\"name\":\"CineSouk\",\"url\":\"https:\/\/www.cinesouk.ma\/\",\"logo\":{\"@type\":\"ImageObject\",\"inLanguage\":\"fr-FR\",\"@id\":\"https:\/\/www.cinesouk.ma\/#\/schema\/logo\/image\/\",\"url\":\"https:\/\/www.cinesouk.ma\/wp-content\/uploads\/2024\/01\/CineSouk-logo-v01-alpha-alligned-left.png\",\"contentUrl\":\"https:\/\/www.cinesouk.ma\/wp-content\/uploads\/2024\/01\/CineSouk-logo-v01-alpha-alligned-left.png\",\"width\":3204,\"height\":889,\"caption\":\"CineSouk\"},\"image\":{\"@id\":\"https:\/\/www.cinesouk.ma\/#\/schema\/logo\/image\/\"}}]}<\/script>\n<!-- \/ Yoast SEO Premium plugin. -->","yoast_head_json":{"title":"Aputure Light Dome 5\u2019 (150cm) - CineSouk - For rent","description":"Aputure Light Dome 150 Softbox: Create beautiful, diffused light with this large 150 cm softbox, featuring a parabolic shape and double-layer diffusion for even lighting.","robots":{"index":"index","follow":"follow","max-snippet":"max-snippet:-1","max-image-preview":"max-image-preview:large","max-video-preview":"max-video-preview:-1"},"canonical":"https:\/\/www.cinesouk.ma\/fr\/produit\/aputure-light-dome-150\/","og_locale":"fr_FR","og_type":"article","og_title":"JVC DT-V17L2D","og_description":"The JVC DT-V17L2D features a high-resolution LCD panel with advanced signal processing optimized HDTV display.","og_url":"https:\/\/www.cinesouk.ma\/fr\/produit\/aputure-light-dome-150\/","og_site_name":"CineSouk","article_modified_time":"2025-03-21T10:55:58+00:00","twitter_card":"summary_large_image","twitter_title":"JVC DT-V17L2D","twitter_description":"The JVC DT-V17L2D features a high-resolution LCD panel with advanced signal processing optimized HDTV display.","twitter_image":"https:\/\/www.cinesouk.ma\/wp-content\/uploads\/2024\/08\/Aputure-Light-Dome-150.jpg","twitter_misc":{"Dur\u00e9e de lecture estim\u00e9e":"2 minutes"},"schema":{"@context":"https:\/\/schema.org","@graph":[{"@type":"WebPage","@id":"https:\/\/www.cinesouk.ma\/product\/aputure-light-dome-150\/","url":"https:\/\/www.cinesouk.ma\/product\/aputure-light-dome-150\/","name":"Aputure Light Dome 5\u2019 (150cm) - CineSouk - For rent","isPartOf":{"@id":"https:\/\/www.cinesouk.ma\/#website"},"primaryImageOfPage":{"@id":"https:\/\/www.cinesouk.ma\/product\/aputure-light-dome-150\/#primaryimage"},"image":{"@id":"https:\/\/www.cinesouk.ma\/product\/aputure-light-dome-150\/#primaryimage"},"thumbnailUrl":"https:\/\/www.cinesouk.ma\/wp-content\/uploads\/2024\/08\/Aputure-Light-Dome-150.jpg","datePublished":"2025-03-06T04:00:36+00:00","dateModified":"2025-03-21T10:55:58+00:00","description":"Aputure Light Dome 150 Softbox: Create beautiful, diffused light with this large 150 cm softbox, featuring a parabolic shape and double-layer diffusion for even lighting.","breadcrumb":{"@id":"https:\/\/www.cinesouk.ma\/product\/aputure-light-dome-150\/#breadcrumb"},"inLanguage":"fr-FR","potentialAction":[{"@type":"ReadAction","target":["https:\/\/www.cinesouk.ma\/product\/aputure-light-dome-150\/"]}]},{"@type":"ImageObject","inLanguage":"fr-FR","@id":"https:\/\/www.cinesouk.ma\/product\/aputure-light-dome-150\/#primaryimage","url":"https:\/\/www.cinesouk.ma\/wp-content\/uploads\/2024\/08\/Aputure-Light-Dome-150.jpg","contentUrl":"https:\/\/www.cinesouk.ma\/wp-content\/uploads\/2024\/08\/Aputure-Light-Dome-150.jpg","width":300,"height":238},{"@type":"BreadcrumbList","@id":"https:\/\/www.cinesouk.ma\/product\/aputure-light-dome-150\/#breadcrumb","itemListElement":[{"@type":"ListItem","position":1,"name":"Home","item":"https:\/\/www.cinesouk.ma\/"},{"@type":"ListItem","position":2,"name":"Shop","item":"https:\/\/www.cinesouk.ma\/shop\/"},{"@type":"ListItem","position":3,"name":"Aputure Light Dome 5\u2019 (150cm)"}]},{"@type":"WebSite","@id":"https:\/\/www.cinesouk.ma\/#website","url":"https:\/\/www.cinesouk.ma\/","name":"CineSouk","description":"","publisher":{"@id":"https:\/\/www.cinesouk.ma\/#organization"},"potentialAction":[{"@type":"SearchAction","target":{"@type":"EntryPoint","urlTemplate":"https:\/\/www.cinesouk.ma\/?s={search_term_string}"},"query-input":{"@type":"PropertyValueSpecification","valueRequired":true,"valueName":"search_term_string"}}],"inLanguage":"fr-FR"},{"@type":"Organization","@id":"https:\/\/www.cinesouk.ma\/#organization","name":"CineSouk","url":"https:\/\/www.cinesouk.ma\/","logo":{"@type":"ImageObject","inLanguage":"fr-FR","@id":"https:\/\/www.cinesouk.ma\/#\/schema\/logo\/image\/","url":"https:\/\/www.cinesouk.ma\/wp-content\/uploads\/2024\/01\/CineSouk-logo-v01-alpha-alligned-left.png","contentUrl":"https:\/\/www.cinesouk.ma\/wp-content\/uploads\/2024\/01\/CineSouk-logo-v01-alpha-alligned-left.png","width":3204,"height":889,"caption":"CineSouk"},"image":{"@id":"https:\/\/www.cinesouk.ma\/#\/schema\/logo\/image\/"}}]}},"_links":{"self":[{"href":"https:\/\/www.cinesouk.ma\/fr\/wp-json\/wp\/v2\/product\/5234","targetHints":{"allow":["GET"]}}],"collection":[{"href":"https:\/\/www.cinesouk.ma\/fr\/wp-json\/wp\/v2\/product"}],"about":[{"href":"https:\/\/www.cinesouk.ma\/fr\/wp-json\/wp\/v2\/types\/product"}],"wp:featuredmedia":[{"embeddable":true,"href":"https:\/\/www.cinesouk.ma\/fr\/wp-json\/wp\/v2\/media\/7770"}],"wp:attachment":[{"href":"https:\/\/www.cinesouk.ma\/fr\/wp-json\/wp\/v2\/media?parent=5234"}],"wp:term":[{"taxonomy":"product_brand","embeddable":true,"href":"https:\/\/www.cinesouk.ma\/fr\/wp-json\/wp\/v2\/product_brand?post=5234"},{"taxonomy":"product_cat","embeddable":true,"href":"https:\/\/www.cinesouk.ma\/fr\/wp-json\/wp\/v2\/product_cat?post=5234"},{"taxonomy":"product_tag","embeddable":true,"href":"https:\/\/www.cinesouk.ma\/fr\/wp-json\/wp\/v2\/product_tag?post=5234"}],"curies":[{"name":"wp","href":"https:\/\/api.w.org\/{rel}","templated":true}]}}