{"id":5236,"date":"2025-03-09T19:45:48","date_gmt":"2025-03-09T19:45:48","guid":{"rendered":"https:\/\/www.cinesouk.ma\/?post_type=product&#038;p=5236"},"modified":"2025-08-18T10:47:07","modified_gmt":"2025-08-18T10:47:07","slug":"aputure-ls-300x-bi-color-led-spotlight","status":"publish","type":"product","link":"https:\/\/www.cinesouk.ma\/fr\/produit\/aputure-ls-300x-bi-color-led-spotlight\/","title":{"rendered":"Spot LED bicolore Aputure LS 300X"},"content":{"rendered":"<p>Le LS 300X B-Colour d'Aputure offre un \u00e9clairage puissant et polyvalent pour les applications professionnelles du cin\u00e9ma, de la photographie et de la radiodiffusion. Son syst\u00e8me de double temp\u00e9rature de couleur permet une commutation transparente entre la lumi\u00e8re du jour (5600K) et le tungst\u00e8ne (3200K) avec une pr\u00e9cision des couleurs exceptionnelle.<\/p>\n<p>Avec sa puissance de 300 watts, le LS 300X B-Colour fournit constamment un \u00e9clairage puissant, id\u00e9al pour l'\u00e9clairage principal, l'\u00e9clairage d'appoint ou le r\u00e9tro\u00e9clairage dans divers sc\u00e9narios. Gr\u00e2ce \u00e0 la technologie avanc\u00e9e des couleurs, il atteint des indices IRC et TLCI de \u226596, garantissant une reproduction fid\u00e8le des couleurs et am\u00e9liorant la qualit\u00e9 de l'image.<\/p>\n<p>Le LS 300X B-Colour utilise le Fresnel 2X d'Aputure, permettant des angles de faisceau r\u00e9glables et une sortie de lumi\u00e8re focalisable pour un contr\u00f4le pr\u00e9cis de l'\u00e9clairage. Il offre \u00e9galement un contr\u00f4le DMX512 et une application, ce qui permet d'ajuster l'\u00e9clairage \u00e0 distance en toute simplicit\u00e9.<\/p>\n<p>Aputure a con\u00e7u le LS 300X B-Colour en gardant \u00e0 l'esprit la durabilit\u00e9, en le construisant pour r\u00e9sister aux exigences d'une utilisation professionnelle. L'\u00e9trier Quick-Lock et la compatibilit\u00e9 avec la monture Bowens facilitent l'installation et l'int\u00e9gration de modificateurs de lumi\u00e8re tels que les bo\u00eetes \u00e0 lumi\u00e8re et les r\u00e9flecteurs.<\/p>\n<p>Le LS 300X B-Colour est livr\u00e9 avec un bloc d'alimentation et une mallette de transport, ce qui garantit sa portabilit\u00e9 pour les tournages sur site. Que ce soit en studio ou en d\u00e9placement, ce projecteur LED offre la fiabilit\u00e9 et les performances n\u00e9cessaires \u00e0 un \u00e9clairage de qualit\u00e9.<\/p>\n<p>Louez-le maintenant sur <a href=\"https:\/\/www.cinesouk.ma\/fr\">CINESOUK<\/a> - une marque de <a href=\"https:\/\/www.broadway.ma\/\">BROADWAY PRODUCTIONS SARL.<\/a><\/p>","protected":false},"excerpt":{"rendered":"<p>Sp\u00e9cifications :<\/p>\n<p>Puissance de sortie : 300 watts<br \/>\nTemp\u00e9rature de couleur : Lumi\u00e8re du jour (5600K) et Tungst\u00e8ne (3200K)<br \/>\nPr\u00e9cision des couleurs : CRI \u226596, TLCI \u226596<br \/>\nAngle du faisceau : R\u00e9glable avec Fresnel 2X<br \/>\nContr\u00f4le : DMX512, contr\u00f4le par application<br \/>\nMont : Monture Bowens<br \/>\nConstruction : Mat\u00e9riaux durables de qualit\u00e9 professionnelle<br \/>\nPoids : Environ 3,8 kg<br \/>\nAccessoires inclus : Alimentation \u00e9lectrique, \u00e9tui de transport<\/p>","protected":false},"featured_media":11261,"template":"","meta":{"om_disable_all_campaigns":false,"_monsterinsights_skip_tracking":false,"_monsterinsights_sitenote_active":false,"_monsterinsights_sitenote_note":"","_monsterinsights_sitenote_category":0,"_uf_show_specific_survey":0,"_uf_disable_surveys":false},"product_brand":[],"product_cat":[131,20],"product_tag":[],"class_list":{"0":"post-5236","1":"product","2":"type-product","3":"status-publish","4":"has-post-thumbnail","6":"product_cat-light-eventsouk","7":"product_cat-light-cinesouk","9":"entry","10":"has-media","12":"first","13":"instock","14":"taxable","15":"shipping-taxable","16":"purchasable","17":"product-type-variable","18":"has-product-nav","19":"col","20":"span_1_of_3","21":"owp-content-center","22":"owp-thumbs-layout-horizontal","23":"owp-btn-normal","24":"owp-tabs-layout-horizontal","25":"has-no-thumbnails"},"yoast_head":"<!-- This site is optimized with the Yoast SEO Premium plugin v26.0 (Yoast SEO v26.0) - https:\/\/yoast.com\/wordpress\/plugins\/seo\/ -->\n<title>Aputure LS 300X - CineSouk - For rent<\/title>\n<meta name=\"description\" content=\"Aputure LS 300X: Versatile LED spotlight offering daylight and tungsten color settings, DMX control, and a focusable beam for professional lighting needs.\" \/>\n<meta name=\"robots\" content=\"index, follow, max-snippet:-1, max-image-preview:large, max-video-preview:-1\" \/>\n<link rel=\"canonical\" href=\"https:\/\/www.cinesouk.ma\/fr\/produit\/aputure-ls-300x-bi-color-led-spotlight\/\" \/>\n<meta property=\"og:locale\" content=\"fr_FR\" \/>\n<meta property=\"og:type\" content=\"article\" \/>\n<meta property=\"og:title\" content=\"Aputure LS 300X Bi-Color LED Spotlight\" \/>\n<meta property=\"og:description\" content=\"Aputure LS 300X: Versatile LED spotlight offering daylight and tungsten color settings, DMX control, and a focusable beam for professional lighting needs.\" \/>\n<meta property=\"og:url\" content=\"https:\/\/www.cinesouk.ma\/fr\/produit\/aputure-ls-300x-bi-color-led-spotlight\/\" \/>\n<meta property=\"og:site_name\" content=\"CineSouk\" \/>\n<meta property=\"article:modified_time\" content=\"2025-08-18T10:47:07+00:00\" \/>\n<meta property=\"og:image\" content=\"https:\/\/www.cinesouk.ma\/wp-content\/uploads\/2025\/03\/Aputure-LS-300X-Bi-Color-LED-Spotlight.jpg\" \/>\n\t<meta property=\"og:image:width\" content=\"300\" \/>\n\t<meta property=\"og:image:height\" content=\"238\" \/>\n\t<meta property=\"og:image:type\" content=\"image\/jpeg\" \/>\n<meta name=\"twitter:card\" content=\"summary_large_image\" \/>\n<meta name=\"twitter:title\" content=\"JVC DT-V17L2D\" \/>\n<meta name=\"twitter:description\" content=\"The JVC DT-V17L2D features a high-resolution LCD panel with advanced signal processing optimized HDTV display.\" \/>\n<meta name=\"twitter:label1\" content=\"Dur\u00e9e de lecture estim\u00e9e\" \/>\n\t<meta name=\"twitter:data1\" content=\"2 minutes\" \/>\n<script type=\"application\/ld+json\" class=\"yoast-schema-graph\">{\"@context\":\"https:\/\/schema.org\",\"@graph\":[{\"@type\":\"WebPage\",\"@id\":\"https:\/\/www.cinesouk.ma\/product\/aputure-ls-300x-bi-color-led-spotlight\/\",\"url\":\"https:\/\/www.cinesouk.ma\/product\/aputure-ls-300x-bi-color-led-spotlight\/\",\"name\":\"Aputure LS 300X - CineSouk - For rent\",\"isPartOf\":{\"@id\":\"https:\/\/www.cinesouk.ma\/#website\"},\"primaryImageOfPage\":{\"@id\":\"https:\/\/www.cinesouk.ma\/product\/aputure-ls-300x-bi-color-led-spotlight\/#primaryimage\"},\"image\":{\"@id\":\"https:\/\/www.cinesouk.ma\/product\/aputure-ls-300x-bi-color-led-spotlight\/#primaryimage\"},\"thumbnailUrl\":\"https:\/\/www.cinesouk.ma\/wp-content\/uploads\/2025\/03\/Aputure-LS-300X-Bi-Color-LED-Spotlight.jpg\",\"datePublished\":\"2025-03-09T19:45:48+00:00\",\"dateModified\":\"2025-08-18T10:47:07+00:00\",\"description\":\"Aputure LS 300X: Versatile LED spotlight offering daylight and tungsten color settings, DMX control, and a focusable beam for professional lighting needs.\",\"breadcrumb\":{\"@id\":\"https:\/\/www.cinesouk.ma\/product\/aputure-ls-300x-bi-color-led-spotlight\/#breadcrumb\"},\"inLanguage\":\"fr-FR\",\"potentialAction\":[{\"@type\":\"ReadAction\",\"target\":[\"https:\/\/www.cinesouk.ma\/product\/aputure-ls-300x-bi-color-led-spotlight\/\"]}]},{\"@type\":\"ImageObject\",\"inLanguage\":\"fr-FR\",\"@id\":\"https:\/\/www.cinesouk.ma\/product\/aputure-ls-300x-bi-color-led-spotlight\/#primaryimage\",\"url\":\"https:\/\/www.cinesouk.ma\/wp-content\/uploads\/2025\/03\/Aputure-LS-300X-Bi-Color-LED-Spotlight.jpg\",\"contentUrl\":\"https:\/\/www.cinesouk.ma\/wp-content\/uploads\/2025\/03\/Aputure-LS-300X-Bi-Color-LED-Spotlight.jpg\",\"width\":300,\"height\":238,\"caption\":\"Aputure LS 300X Bi-Color LED Spotlight\"},{\"@type\":\"BreadcrumbList\",\"@id\":\"https:\/\/www.cinesouk.ma\/product\/aputure-ls-300x-bi-color-led-spotlight\/#breadcrumb\",\"itemListElement\":[{\"@type\":\"ListItem\",\"position\":1,\"name\":\"Home\",\"item\":\"https:\/\/www.cinesouk.ma\/\"},{\"@type\":\"ListItem\",\"position\":2,\"name\":\"Shop\",\"item\":\"https:\/\/www.cinesouk.ma\/shop\/\"},{\"@type\":\"ListItem\",\"position\":3,\"name\":\"Aputure LS 300X Bi-Color LED Spotlight\"}]},{\"@type\":\"WebSite\",\"@id\":\"https:\/\/www.cinesouk.ma\/#website\",\"url\":\"https:\/\/www.cinesouk.ma\/\",\"name\":\"CineSouk\",\"description\":\"\",\"publisher\":{\"@id\":\"https:\/\/www.cinesouk.ma\/#organization\"},\"potentialAction\":[{\"@type\":\"SearchAction\",\"target\":{\"@type\":\"EntryPoint\",\"urlTemplate\":\"https:\/\/www.cinesouk.ma\/?s={search_term_string}\"},\"query-input\":{\"@type\":\"PropertyValueSpecification\",\"valueRequired\":true,\"valueName\":\"search_term_string\"}}],\"inLanguage\":\"fr-FR\"},{\"@type\":\"Organization\",\"@id\":\"https:\/\/www.cinesouk.ma\/#organization\",\"name\":\"CineSouk\",\"url\":\"https:\/\/www.cinesouk.ma\/\",\"logo\":{\"@type\":\"ImageObject\",\"inLanguage\":\"fr-FR\",\"@id\":\"https:\/\/www.cinesouk.ma\/#\/schema\/logo\/image\/\",\"url\":\"https:\/\/www.cinesouk.ma\/wp-content\/uploads\/2024\/01\/CineSouk-logo-v01-alpha-alligned-left.png\",\"contentUrl\":\"https:\/\/www.cinesouk.ma\/wp-content\/uploads\/2024\/01\/CineSouk-logo-v01-alpha-alligned-left.png\",\"width\":3204,\"height\":889,\"caption\":\"CineSouk\"},\"image\":{\"@id\":\"https:\/\/www.cinesouk.ma\/#\/schema\/logo\/image\/\"}}]}<\/script>\n<!-- \/ Yoast SEO Premium plugin. -->","yoast_head_json":{"title":"Aputure LS 300X - CineSouk - For rent","description":"Aputure LS 300X: Versatile LED spotlight offering daylight and tungsten color settings, DMX control, and a focusable beam for professional lighting needs.","robots":{"index":"index","follow":"follow","max-snippet":"max-snippet:-1","max-image-preview":"max-image-preview:large","max-video-preview":"max-video-preview:-1"},"canonical":"https:\/\/www.cinesouk.ma\/fr\/produit\/aputure-ls-300x-bi-color-led-spotlight\/","og_locale":"fr_FR","og_type":"article","og_title":"Aputure LS 300X Bi-Color LED Spotlight","og_description":"Aputure LS 300X: Versatile LED spotlight offering daylight and tungsten color settings, DMX control, and a focusable beam for professional lighting needs.","og_url":"https:\/\/www.cinesouk.ma\/fr\/produit\/aputure-ls-300x-bi-color-led-spotlight\/","og_site_name":"CineSouk","article_modified_time":"2025-08-18T10:47:07+00:00","og_image":[{"width":300,"height":238,"url":"https:\/\/www.cinesouk.ma\/wp-content\/uploads\/2025\/03\/Aputure-LS-300X-Bi-Color-LED-Spotlight.jpg","type":"image\/jpeg"}],"twitter_card":"summary_large_image","twitter_title":"JVC DT-V17L2D","twitter_description":"The JVC DT-V17L2D features a high-resolution LCD panel with advanced signal processing optimized HDTV display.","twitter_misc":{"Dur\u00e9e de lecture estim\u00e9e":"2 minutes"},"schema":{"@context":"https:\/\/schema.org","@graph":[{"@type":"WebPage","@id":"https:\/\/www.cinesouk.ma\/product\/aputure-ls-300x-bi-color-led-spotlight\/","url":"https:\/\/www.cinesouk.ma\/product\/aputure-ls-300x-bi-color-led-spotlight\/","name":"Aputure LS 300X - CineSouk - For rent","isPartOf":{"@id":"https:\/\/www.cinesouk.ma\/#website"},"primaryImageOfPage":{"@id":"https:\/\/www.cinesouk.ma\/product\/aputure-ls-300x-bi-color-led-spotlight\/#primaryimage"},"image":{"@id":"https:\/\/www.cinesouk.ma\/product\/aputure-ls-300x-bi-color-led-spotlight\/#primaryimage"},"thumbnailUrl":"https:\/\/www.cinesouk.ma\/wp-content\/uploads\/2025\/03\/Aputure-LS-300X-Bi-Color-LED-Spotlight.jpg","datePublished":"2025-03-09T19:45:48+00:00","dateModified":"2025-08-18T10:47:07+00:00","description":"Aputure LS 300X: Versatile LED spotlight offering daylight and tungsten color settings, DMX control, and a focusable beam for professional lighting needs.","breadcrumb":{"@id":"https:\/\/www.cinesouk.ma\/product\/aputure-ls-300x-bi-color-led-spotlight\/#breadcrumb"},"inLanguage":"fr-FR","potentialAction":[{"@type":"ReadAction","target":["https:\/\/www.cinesouk.ma\/product\/aputure-ls-300x-bi-color-led-spotlight\/"]}]},{"@type":"ImageObject","inLanguage":"fr-FR","@id":"https:\/\/www.cinesouk.ma\/product\/aputure-ls-300x-bi-color-led-spotlight\/#primaryimage","url":"https:\/\/www.cinesouk.ma\/wp-content\/uploads\/2025\/03\/Aputure-LS-300X-Bi-Color-LED-Spotlight.jpg","contentUrl":"https:\/\/www.cinesouk.ma\/wp-content\/uploads\/2025\/03\/Aputure-LS-300X-Bi-Color-LED-Spotlight.jpg","width":300,"height":238,"caption":"Aputure LS 300X Bi-Color LED Spotlight"},{"@type":"BreadcrumbList","@id":"https:\/\/www.cinesouk.ma\/product\/aputure-ls-300x-bi-color-led-spotlight\/#breadcrumb","itemListElement":[{"@type":"ListItem","position":1,"name":"Home","item":"https:\/\/www.cinesouk.ma\/"},{"@type":"ListItem","position":2,"name":"Shop","item":"https:\/\/www.cinesouk.ma\/shop\/"},{"@type":"ListItem","position":3,"name":"Aputure LS 300X Bi-Color LED Spotlight"}]},{"@type":"WebSite","@id":"https:\/\/www.cinesouk.ma\/#website","url":"https:\/\/www.cinesouk.ma\/","name":"CineSouk","description":"","publisher":{"@id":"https:\/\/www.cinesouk.ma\/#organization"},"potentialAction":[{"@type":"SearchAction","target":{"@type":"EntryPoint","urlTemplate":"https:\/\/www.cinesouk.ma\/?s={search_term_string}"},"query-input":{"@type":"PropertyValueSpecification","valueRequired":true,"valueName":"search_term_string"}}],"inLanguage":"fr-FR"},{"@type":"Organization","@id":"https:\/\/www.cinesouk.ma\/#organization","name":"CineSouk","url":"https:\/\/www.cinesouk.ma\/","logo":{"@type":"ImageObject","inLanguage":"fr-FR","@id":"https:\/\/www.cinesouk.ma\/#\/schema\/logo\/image\/","url":"https:\/\/www.cinesouk.ma\/wp-content\/uploads\/2024\/01\/CineSouk-logo-v01-alpha-alligned-left.png","contentUrl":"https:\/\/www.cinesouk.ma\/wp-content\/uploads\/2024\/01\/CineSouk-logo-v01-alpha-alligned-left.png","width":3204,"height":889,"caption":"CineSouk"},"image":{"@id":"https:\/\/www.cinesouk.ma\/#\/schema\/logo\/image\/"}}]}},"_links":{"self":[{"href":"https:\/\/www.cinesouk.ma\/fr\/wp-json\/wp\/v2\/product\/5236","targetHints":{"allow":["GET"]}}],"collection":[{"href":"https:\/\/www.cinesouk.ma\/fr\/wp-json\/wp\/v2\/product"}],"about":[{"href":"https:\/\/www.cinesouk.ma\/fr\/wp-json\/wp\/v2\/types\/product"}],"wp:featuredmedia":[{"embeddable":true,"href":"https:\/\/www.cinesouk.ma\/fr\/wp-json\/wp\/v2\/media\/11261"}],"wp:attachment":[{"href":"https:\/\/www.cinesouk.ma\/fr\/wp-json\/wp\/v2\/media?parent=5236"}],"wp:term":[{"taxonomy":"product_brand","embeddable":true,"href":"https:\/\/www.cinesouk.ma\/fr\/wp-json\/wp\/v2\/product_brand?post=5236"},{"taxonomy":"product_cat","embeddable":true,"href":"https:\/\/www.cinesouk.ma\/fr\/wp-json\/wp\/v2\/product_cat?post=5236"},{"taxonomy":"product_tag","embeddable":true,"href":"https:\/\/www.cinesouk.ma\/fr\/wp-json\/wp\/v2\/product_tag?post=5236"}],"curies":[{"name":"wp","href":"https:\/\/api.w.org\/{rel}","templated":true}]}}