{"id":5242,"date":"2024-02-20T17:10:16","date_gmt":"2024-02-20T17:10:16","guid":{"rendered":"https:\/\/www.cinesouk.ma\/?post_type=product&#038;p=5242"},"modified":"2025-08-26T14:48:43","modified_gmt":"2025-08-26T14:48:43","slug":"dji-ronin-2","status":"publish","type":"product","link":"https:\/\/www.cinesouk.ma\/fr\/produit\/dji-ronin-2\/","title":{"rendered":"Stabilisateur \u00e0 main DJI Ronin 2"},"content":{"rendered":"<p>Le DJI Ronin 2 est un cardan professionnel \u00e0 3 axes qui offre une stabilit\u00e9 et une pr\u00e9cision in\u00e9gal\u00e9es. Sa conception robuste et sa technologie avanc\u00e9e en font le choix privil\u00e9gi\u00e9 des professionnels de l'industrie cin\u00e9matographique. Qu'il s'agisse de panoramiques fluides ou de travellings dynamiques, le Ronin 2 vous permet d'atteindre de nouveaux sommets dans la r\u00e9alisation de vos films. Il poss\u00e8de une vibration angulaire de \u00b10,02\u00b0 et un module GPS int\u00e9gr\u00e9 qui am\u00e9liore la pr\u00e9cision de la rotule. Le DJI Ronin 2 est extr\u00eamement stable, m\u00eame lors de prises de vue \u00e0 grande vitesse.<\/p>\n<p>Gr\u00e2ce \u00e0 sa structure en fibre de carbone, la rotule est l\u00e9g\u00e8re, solide et fonctionnelle. \u00c9quip\u00e9 d'une batterie haute capacit\u00e9 et de moteurs puissants, le Ronin 2 offre des performances fiables tout au long de votre tournage. Un syst\u00e8me de double batterie et la prise en charge de l'\u00e9change \u00e0 chaud permettent une utilisation continue sans interruption.<\/p>\n<p>Louez-le maintenant sur <a href=\"https:\/\/www.cinesouk.ma\/fr\">CINESOUK<\/a> - une marque de <a href=\"https:\/\/www.broadway.ma\/\">BROADWAY PRODUCTIONS SARL.<\/a><\/p>","protected":false},"excerpt":{"rendered":"<p>Sp\u00e9cifications :<\/p>\n<p>Marque : DJI<br \/>\nType d'article : Stabilisateur<br \/>\nCharge utile maximale : 13,61 kg<\/p>\n<p>Plage de vibration angulaire : \u00b1 0,02\u00b0.<br \/>\nVitesse de rotation maximale : 360\u00b0\/s (panoramique, inclinaison et roulis)<br \/>\nPlage de rotation contr\u00f4l\u00e9e :<\/p>\n<p>Contr\u00f4le de l'axe panoramique : rotation continue de 360<br \/>\nContr\u00f4le de l'axe d'inclinaison : \u00b1135\u00b0.<br \/>\nContr\u00f4le de l'axe de roulis : \u00b130\u00b0.<\/p>\n<p>Modes de fonctionnement :<\/p>\n<p>Sous-veille<br \/>\nDebout<br \/>\nPorte-documents<br \/>\nPort\u00e9 \u00e0 la main, montage sur voiture, a\u00e9rien et tr\u00e9pied<\/p>\n<p>Dimensions physiques (L x P x H) :<\/p>\n<p>Sans guidon : 350 mm x 416 mm x 530 mm<br \/>\nAvec guidon : 630 mm x 416 mm x 720 mm<\/p>\n<p>Poids :<\/p>\n<p>Sans guidon : 5 kg<br \/>\nAvec guidon : 6,35 kg<\/p>\n<p>Alimentation \u00e9lectrique :<\/p>\n<p>Batterie :<br \/>\nType : Batterie intelligente DJI TB50<br \/>\nSortie : 4280 mAh-22,8 V<br \/>\nCompartiment : Double\/\u00e9changeable \u00e0 chaud, d\u00e9tachable<\/p>\n<p>Chargeur :<br \/>\nType : Chargeur double IN2Ch<br \/>\nCompartiment : Quadruple<\/p>\n<p>Double batterie Dur\u00e9e de fonctionnement :<\/p>\n<p>Syst\u00e8me \u00e0 cardan : Environ 8 heures<br \/>\nSyst\u00e8me \u00e0 cardan et cam\u00e9ra : Environ 2,5 heures<br \/>\nTemps de charge : environ 90 minutes<\/p>\n<p>Accessoire Alimentation :<\/p>\n<p>Cage de l'appareil photo : 4 \u00d7 14,4 V (8 A combin\u00e9s)<br \/>\nMoteur panoramique : 2 \u00d7 14,4 V (4 A combin\u00e9s)<br \/>\nP-Tap : 2 \u00d7 14 V (8 A combin\u00e9s)<\/p>","protected":false},"featured_media":5553,"template":"","meta":{"om_disable_all_campaigns":false,"_monsterinsights_skip_tracking":false,"_monsterinsights_sitenote_active":false,"_monsterinsights_sitenote_note":"","_monsterinsights_sitenote_category":0,"_uf_show_specific_survey":0,"_uf_disable_surveys":false},"product_brand":[],"product_cat":[37,83,51,75],"product_tag":[],"class_list":{"0":"post-5242","1":"product","2":"type-product","3":"status-publish","4":"has-post-thumbnail","6":"product_cat-accessories-cinesouk","7":"product_cat-efp-eng-cinesouk","8":"product_cat-featured-cinesouk","9":"product_cat-tripod-and-support-cinesouk","11":"entry","12":"has-media","14":"first","15":"instock","16":"taxable","17":"shipping-taxable","18":"purchasable","19":"product-type-variable","20":"has-product-nav","21":"col","22":"span_1_of_3","23":"owp-content-center","24":"owp-thumbs-layout-horizontal","25":"owp-btn-normal","26":"owp-tabs-layout-horizontal","27":"has-no-thumbnails"},"yoast_head":"<!-- This site is optimized with the Yoast SEO Premium plugin v26.0 (Yoast SEO v26.0) - https:\/\/yoast.com\/wordpress\/plugins\/seo\/ -->\n<title>DJI Ronin 2 Handheld Stabilizer - Marrakech | Morocco - CineSouk - For rent<\/title>\n<meta name=\"description\" content=\"Rent the DJI Ronin 2 at Cinesouk for unparalleled stability in your cinematography. Elevate your filmmaking with this professional camera stabilizer.\" \/>\n<meta name=\"robots\" content=\"index, follow, max-snippet:-1, max-image-preview:large, max-video-preview:-1\" \/>\n<link rel=\"canonical\" href=\"https:\/\/www.cinesouk.ma\/fr\/produit\/dji-ronin-2\/\" \/>\n<meta property=\"og:locale\" content=\"fr_FR\" \/>\n<meta property=\"og:type\" content=\"article\" \/>\n<meta property=\"og:title\" content=\"DJI Ronin 2 Handheld Stabilizer\" \/>\n<meta property=\"og:description\" content=\"Rent the DJI Ronin 2 at Cinesouk for unparalleled stability in your cinematography. Elevate your filmmaking with this professional camera stabilizer.\" \/>\n<meta property=\"og:url\" content=\"https:\/\/www.cinesouk.ma\/fr\/produit\/dji-ronin-2\/\" \/>\n<meta property=\"og:site_name\" content=\"CineSouk\" \/>\n<meta property=\"article:modified_time\" content=\"2025-08-26T14:48:43+00:00\" \/>\n<meta property=\"og:image\" content=\"https:\/\/www.cinesouk.ma\/wp-content\/uploads\/2024\/02\/dji-rs2.jpg\" \/>\n\t<meta property=\"og:image:width\" content=\"300\" \/>\n\t<meta property=\"og:image:height\" content=\"238\" \/>\n\t<meta property=\"og:image:type\" content=\"image\/jpeg\" \/>\n<meta name=\"twitter:card\" content=\"summary_large_image\" \/>\n<meta name=\"twitter:description\" content=\"Rent the DJI Ronin 2 at Cinesouk for unparalleled stability in your cinematography. Elevate your filmmaking with this professional camera stabilizer.\" \/>\n<meta name=\"twitter:image\" content=\"https:\/\/www.cinesouk.ma\/wp-content\/uploads\/2024\/02\/dji-rs2.jpg\" \/>\n<meta name=\"twitter:label1\" content=\"Dur\u00e9e de lecture estim\u00e9e\" \/>\n\t<meta name=\"twitter:data1\" content=\"1 minute\" \/>\n<script type=\"application\/ld+json\" class=\"yoast-schema-graph\">{\"@context\":\"https:\/\/schema.org\",\"@graph\":[{\"@type\":\"WebPage\",\"@id\":\"https:\/\/www.cinesouk.ma\/product\/dji-ronin-2\/\",\"url\":\"https:\/\/www.cinesouk.ma\/product\/dji-ronin-2\/\",\"name\":\"DJI Ronin 2 Handheld Stabilizer - Marrakech | Morocco - CineSouk - For rent\",\"isPartOf\":{\"@id\":\"https:\/\/www.cinesouk.ma\/#website\"},\"primaryImageOfPage\":{\"@id\":\"https:\/\/www.cinesouk.ma\/product\/dji-ronin-2\/#primaryimage\"},\"image\":{\"@id\":\"https:\/\/www.cinesouk.ma\/product\/dji-ronin-2\/#primaryimage\"},\"thumbnailUrl\":\"https:\/\/www.cinesouk.ma\/wp-content\/uploads\/2024\/02\/dji-rs2.jpg\",\"datePublished\":\"2024-02-20T17:10:16+00:00\",\"dateModified\":\"2025-08-26T14:48:43+00:00\",\"description\":\"Rent the DJI Ronin 2 at Cinesouk for unparalleled stability in your cinematography. Elevate your filmmaking with this professional camera stabilizer.\",\"breadcrumb\":{\"@id\":\"https:\/\/www.cinesouk.ma\/product\/dji-ronin-2\/#breadcrumb\"},\"inLanguage\":\"fr-FR\",\"potentialAction\":[{\"@type\":\"ReadAction\",\"target\":[\"https:\/\/www.cinesouk.ma\/product\/dji-ronin-2\/\"]}]},{\"@type\":\"ImageObject\",\"inLanguage\":\"fr-FR\",\"@id\":\"https:\/\/www.cinesouk.ma\/product\/dji-ronin-2\/#primaryimage\",\"url\":\"https:\/\/www.cinesouk.ma\/wp-content\/uploads\/2024\/02\/dji-rs2.jpg\",\"contentUrl\":\"https:\/\/www.cinesouk.ma\/wp-content\/uploads\/2024\/02\/dji-rs2.jpg\",\"width\":300,\"height\":238,\"caption\":\"Handheld Stabilizer - cinematography gear - DJI Ronin 2\"},{\"@type\":\"BreadcrumbList\",\"@id\":\"https:\/\/www.cinesouk.ma\/product\/dji-ronin-2\/#breadcrumb\",\"itemListElement\":[{\"@type\":\"ListItem\",\"position\":1,\"name\":\"Home\",\"item\":\"https:\/\/www.cinesouk.ma\/\"},{\"@type\":\"ListItem\",\"position\":2,\"name\":\"Shop\",\"item\":\"https:\/\/www.cinesouk.ma\/shop\/\"},{\"@type\":\"ListItem\",\"position\":3,\"name\":\"DJI Ronin 2 Handheld Stabilizer\"}]},{\"@type\":\"WebSite\",\"@id\":\"https:\/\/www.cinesouk.ma\/#website\",\"url\":\"https:\/\/www.cinesouk.ma\/\",\"name\":\"CineSouk\",\"description\":\"\",\"publisher\":{\"@id\":\"https:\/\/www.cinesouk.ma\/#organization\"},\"potentialAction\":[{\"@type\":\"SearchAction\",\"target\":{\"@type\":\"EntryPoint\",\"urlTemplate\":\"https:\/\/www.cinesouk.ma\/?s={search_term_string}\"},\"query-input\":{\"@type\":\"PropertyValueSpecification\",\"valueRequired\":true,\"valueName\":\"search_term_string\"}}],\"inLanguage\":\"fr-FR\"},{\"@type\":\"Organization\",\"@id\":\"https:\/\/www.cinesouk.ma\/#organization\",\"name\":\"CineSouk\",\"url\":\"https:\/\/www.cinesouk.ma\/\",\"logo\":{\"@type\":\"ImageObject\",\"inLanguage\":\"fr-FR\",\"@id\":\"https:\/\/www.cinesouk.ma\/#\/schema\/logo\/image\/\",\"url\":\"https:\/\/www.cinesouk.ma\/wp-content\/uploads\/2024\/01\/CineSouk-logo-v01-alpha-alligned-left.png\",\"contentUrl\":\"https:\/\/www.cinesouk.ma\/wp-content\/uploads\/2024\/01\/CineSouk-logo-v01-alpha-alligned-left.png\",\"width\":3204,\"height\":889,\"caption\":\"CineSouk\"},\"image\":{\"@id\":\"https:\/\/www.cinesouk.ma\/#\/schema\/logo\/image\/\"}}]}<\/script>\n<!-- \/ Yoast SEO Premium plugin. -->","yoast_head_json":{"title":"DJI Ronin 2 Handheld Stabilizer - Marrakech | Morocco - CineSouk - For rent","description":"Rent the DJI Ronin 2 at Cinesouk for unparalleled stability in your cinematography. Elevate your filmmaking with this professional camera stabilizer.","robots":{"index":"index","follow":"follow","max-snippet":"max-snippet:-1","max-image-preview":"max-image-preview:large","max-video-preview":"max-video-preview:-1"},"canonical":"https:\/\/www.cinesouk.ma\/fr\/produit\/dji-ronin-2\/","og_locale":"fr_FR","og_type":"article","og_title":"DJI Ronin 2 Handheld Stabilizer","og_description":"Rent the DJI Ronin 2 at Cinesouk for unparalleled stability in your cinematography. Elevate your filmmaking with this professional camera stabilizer.","og_url":"https:\/\/www.cinesouk.ma\/fr\/produit\/dji-ronin-2\/","og_site_name":"CineSouk","article_modified_time":"2025-08-26T14:48:43+00:00","og_image":[{"width":300,"height":238,"url":"https:\/\/www.cinesouk.ma\/wp-content\/uploads\/2024\/02\/dji-rs2.jpg","type":"image\/jpeg"}],"twitter_card":"summary_large_image","twitter_description":"Rent the DJI Ronin 2 at Cinesouk for unparalleled stability in your cinematography. Elevate your filmmaking with this professional camera stabilizer.","twitter_image":"https:\/\/www.cinesouk.ma\/wp-content\/uploads\/2024\/02\/dji-rs2.jpg","twitter_misc":{"Dur\u00e9e de lecture estim\u00e9e":"1 minute"},"schema":{"@context":"https:\/\/schema.org","@graph":[{"@type":"WebPage","@id":"https:\/\/www.cinesouk.ma\/product\/dji-ronin-2\/","url":"https:\/\/www.cinesouk.ma\/product\/dji-ronin-2\/","name":"DJI Ronin 2 Handheld Stabilizer - Marrakech | Morocco - CineSouk - For rent","isPartOf":{"@id":"https:\/\/www.cinesouk.ma\/#website"},"primaryImageOfPage":{"@id":"https:\/\/www.cinesouk.ma\/product\/dji-ronin-2\/#primaryimage"},"image":{"@id":"https:\/\/www.cinesouk.ma\/product\/dji-ronin-2\/#primaryimage"},"thumbnailUrl":"https:\/\/www.cinesouk.ma\/wp-content\/uploads\/2024\/02\/dji-rs2.jpg","datePublished":"2024-02-20T17:10:16+00:00","dateModified":"2025-08-26T14:48:43+00:00","description":"Rent the DJI Ronin 2 at Cinesouk for unparalleled stability in your cinematography. Elevate your filmmaking with this professional camera stabilizer.","breadcrumb":{"@id":"https:\/\/www.cinesouk.ma\/product\/dji-ronin-2\/#breadcrumb"},"inLanguage":"fr-FR","potentialAction":[{"@type":"ReadAction","target":["https:\/\/www.cinesouk.ma\/product\/dji-ronin-2\/"]}]},{"@type":"ImageObject","inLanguage":"fr-FR","@id":"https:\/\/www.cinesouk.ma\/product\/dji-ronin-2\/#primaryimage","url":"https:\/\/www.cinesouk.ma\/wp-content\/uploads\/2024\/02\/dji-rs2.jpg","contentUrl":"https:\/\/www.cinesouk.ma\/wp-content\/uploads\/2024\/02\/dji-rs2.jpg","width":300,"height":238,"caption":"Handheld Stabilizer - cinematography gear - DJI Ronin 2"},{"@type":"BreadcrumbList","@id":"https:\/\/www.cinesouk.ma\/product\/dji-ronin-2\/#breadcrumb","itemListElement":[{"@type":"ListItem","position":1,"name":"Home","item":"https:\/\/www.cinesouk.ma\/"},{"@type":"ListItem","position":2,"name":"Shop","item":"https:\/\/www.cinesouk.ma\/shop\/"},{"@type":"ListItem","position":3,"name":"DJI Ronin 2 Handheld Stabilizer"}]},{"@type":"WebSite","@id":"https:\/\/www.cinesouk.ma\/#website","url":"https:\/\/www.cinesouk.ma\/","name":"CineSouk","description":"","publisher":{"@id":"https:\/\/www.cinesouk.ma\/#organization"},"potentialAction":[{"@type":"SearchAction","target":{"@type":"EntryPoint","urlTemplate":"https:\/\/www.cinesouk.ma\/?s={search_term_string}"},"query-input":{"@type":"PropertyValueSpecification","valueRequired":true,"valueName":"search_term_string"}}],"inLanguage":"fr-FR"},{"@type":"Organization","@id":"https:\/\/www.cinesouk.ma\/#organization","name":"CineSouk","url":"https:\/\/www.cinesouk.ma\/","logo":{"@type":"ImageObject","inLanguage":"fr-FR","@id":"https:\/\/www.cinesouk.ma\/#\/schema\/logo\/image\/","url":"https:\/\/www.cinesouk.ma\/wp-content\/uploads\/2024\/01\/CineSouk-logo-v01-alpha-alligned-left.png","contentUrl":"https:\/\/www.cinesouk.ma\/wp-content\/uploads\/2024\/01\/CineSouk-logo-v01-alpha-alligned-left.png","width":3204,"height":889,"caption":"CineSouk"},"image":{"@id":"https:\/\/www.cinesouk.ma\/#\/schema\/logo\/image\/"}}]}},"_links":{"self":[{"href":"https:\/\/www.cinesouk.ma\/fr\/wp-json\/wp\/v2\/product\/5242","targetHints":{"allow":["GET"]}}],"collection":[{"href":"https:\/\/www.cinesouk.ma\/fr\/wp-json\/wp\/v2\/product"}],"about":[{"href":"https:\/\/www.cinesouk.ma\/fr\/wp-json\/wp\/v2\/types\/product"}],"wp:featuredmedia":[{"embeddable":true,"href":"https:\/\/www.cinesouk.ma\/fr\/wp-json\/wp\/v2\/media\/5553"}],"wp:attachment":[{"href":"https:\/\/www.cinesouk.ma\/fr\/wp-json\/wp\/v2\/media?parent=5242"}],"wp:term":[{"taxonomy":"product_brand","embeddable":true,"href":"https:\/\/www.cinesouk.ma\/fr\/wp-json\/wp\/v2\/product_brand?post=5242"},{"taxonomy":"product_cat","embeddable":true,"href":"https:\/\/www.cinesouk.ma\/fr\/wp-json\/wp\/v2\/product_cat?post=5242"},{"taxonomy":"product_tag","embeddable":true,"href":"https:\/\/www.cinesouk.ma\/fr\/wp-json\/wp\/v2\/product_tag?post=5242"}],"curies":[{"name":"wp","href":"https:\/\/api.w.org\/{rel}","templated":true}]}}