{"id":5246,"date":"2024-01-07T11:24:01","date_gmt":"2024-01-07T11:24:01","guid":{"rendered":"https:\/\/www.cinesouk.ma\/?post_type=product&#038;p=5246"},"modified":"2025-08-26T12:42:59","modified_gmt":"2025-08-26T12:42:59","slug":"avenger-f1504-foamcore-fork-16mm-pin","status":"publish","type":"product","link":"https:\/\/www.cinesouk.ma\/fr\/produit\/avenger-f1504-foamcore-fork-16mm-pin\/","title":{"rendered":"Fourche Avenger F1504 Foamcore 16mm Pin"},"content":{"rendered":"<div class=\"flex max-w-full flex-col flex-grow\">\n<div class=\"min-h-[20px] text-message flex w-full flex-col items-end gap-2 break-words [.text-message+&amp;]:mt-5 overflow-x-auto whitespace-normal\" dir=\"auto\" data-message-author-role=\"assistant\" data-message-id=\"cc129eb3-e27e-44f6-92d4-c0802229dc42\">\n<div class=\"flex w-full flex-col gap-1 empty:hidden first:pt-[3px]\">\n<div class=\"markdown prose w-full break-words dark:prose-invert light\">\n<p>Le <strong>Fourche Avenger F1504 Foamcore 16mm Pin<\/strong> est un outil tr\u00e8s polyvalent, disponible pour <strong>location<\/strong>Ce support est fait d'un alliage d'aluminium durable. Elle maintient solidement les panneaux de mousse, permettant aux photographes et aux cin\u00e9astes de les positionner pour adoucir la lumi\u00e8re en studio ou sur le terrain. La fourche cr\u00e9e un \u00e9clairage doux et diffus ou ajuste les ombres, am\u00e9liorant ainsi la qualit\u00e9 de la prise de vue avec pr\u00e9cision.<\/p>\n<p>Des panneaux de mousse recouverts d'une peinture noire de type \"tableau noir\" se transforment en bloqueurs de lumi\u00e8re, ce qui permet de mieux contr\u00f4ler les conditions d'\u00e9clairage. Cela permet \u00e0 l <strong>F1504 Fourche en mousse<\/strong> essentiel pour des installations d'\u00e9clairage flexibles et professionnelles.<\/p>\n<p>Le <strong>Embout m\u00e2le de 16 mm<\/strong> se fixe facilement aux super pinces ou aux t\u00eates de pr\u00e9hension, ce qui garantit la stabilit\u00e9 pendant les prises de vue. Qu'il s'agisse de travailler dans des studios confin\u00e9s ou en ext\u00e9rieur, le <strong>Location de fourches en mousse Avenger F1504<\/strong> offre flexibilit\u00e9 et fiabilit\u00e9.<\/p>\n<p>Sa construction l\u00e9g\u00e8re mais robuste garantit des performances durables, m\u00eame en cas d'utilisation fr\u00e9quente dans des environnements exigeants. Cet outil est un compl\u00e9ment pr\u00e9cieux \u00e0 tout kit d'\u00e9clairage, offrant un contr\u00f4le fiable pour une vari\u00e9t\u00e9 de projets.<\/p>\n<\/div>\n<\/div>\n<\/div>\n<\/div>\n<div class=\"mt-1 flex gap-3 empty:hidden -ml-2\">\n<div class=\"items-center justify-start rounded-xl p-1 flex\">\n<div class=\"flex items-center\"><\/div>\n<\/div>\n<\/div>\n<p>Louez-le maintenant sur <a href=\"https:\/\/www.cinesouk.ma\/fr\">CINESOUK<\/a> - une marque de <a href=\"https:\/\/www.broadway.ma\/\">BROADWAY PRODUCTIONS SARL.<\/a><\/p>","protected":false},"excerpt":{"rendered":"<p>Sp\u00e9cifications :<\/p>\n<p>Mat\u00e9riau : Aluminium de haute qualit\u00e9<br \/>\nTaille de la broche : 16 mm<br \/>\nPrise en main : Int\u00e9rieur caoutchout\u00e9 pour une bonne prise en main<br \/>\nFinition : Chrom\u00e9 pour une meilleure durabilit\u00e9<br \/>\nConception : Compact et l\u00e9ger<br \/>\nPoids : Environ 0,3 kg<br \/>\nCompatibilit\u00e9 : S'adapte \u00e0 divers supports et b\u00e9quilles<br \/>\nUtilisation : Con\u00e7u pour maintenir les panneaux en mousse et les mat\u00e9riaux l\u00e9gers<\/p>","protected":false},"featured_media":7780,"template":"","meta":{"om_disable_all_campaigns":false,"_monsterinsights_skip_tracking":false,"_monsterinsights_sitenote_active":false,"_monsterinsights_sitenote_note":"","_monsterinsights_sitenote_category":0,"_uf_show_specific_survey":0,"_uf_disable_surveys":false},"product_brand":[],"product_cat":[38],"product_tag":[],"class_list":{"0":"post-5246","1":"product","2":"type-product","3":"status-publish","4":"has-post-thumbnail","6":"product_cat-grip-cinesouk","8":"entry","9":"has-media","11":"first","12":"instock","13":"taxable","14":"shipping-taxable","15":"purchasable","16":"product-type-variable","17":"has-product-nav","18":"col","19":"span_1_of_3","20":"owp-content-center","21":"owp-thumbs-layout-horizontal","22":"owp-btn-normal","23":"owp-tabs-layout-horizontal","24":"has-no-thumbnails"},"yoast_head":"<!-- This site is optimized with the Yoast SEO Premium plugin v26.0 (Yoast SEO v26.0) - https:\/\/yoast.com\/wordpress\/plugins\/seo\/ -->\n<title>Avenger F1504 Foamcore Fork 16mm Pin - CineSouk - For rent<\/title>\n<meta name=\"description\" content=\"Avenger F1504 Foamcore Fork 16mm Pin is a high-quality foamcore fork with rubberized grip and 16mm pin, offering a secure and stable hold for materials.\" \/>\n<meta name=\"robots\" content=\"index, follow, max-snippet:-1, max-image-preview:large, max-video-preview:-1\" \/>\n<link rel=\"canonical\" href=\"https:\/\/www.cinesouk.ma\/fr\/produit\/avenger-f1504-foamcore-fork-16mm-pin\/\" \/>\n<meta property=\"og:locale\" content=\"fr_FR\" \/>\n<meta property=\"og:type\" content=\"article\" \/>\n<meta property=\"og:title\" content=\"Avenger F1504\" \/>\n<meta property=\"og:description\" content=\"Avenger F1504 Foamcore Fork 16mm Pin is a high-quality foamcore fork with rubberized grip and 16mm pin, offering a secure and stable hold for materials.\" \/>\n<meta property=\"og:url\" content=\"https:\/\/www.cinesouk.ma\/fr\/produit\/avenger-f1504-foamcore-fork-16mm-pin\/\" \/>\n<meta property=\"og:site_name\" content=\"CineSouk\" \/>\n<meta property=\"article:modified_time\" content=\"2025-08-26T12:42:59+00:00\" \/>\n<meta property=\"og:image\" content=\"https:\/\/www.cinesouk.ma\/wp-content\/uploads\/2024\/08\/Avenger-F1504-Foamcore-Fork-16mm-Pin.jpg\" \/>\n\t<meta property=\"og:image:width\" content=\"300\" \/>\n\t<meta property=\"og:image:height\" content=\"238\" \/>\n\t<meta property=\"og:image:type\" content=\"image\/jpeg\" \/>\n<meta name=\"twitter:card\" content=\"summary_large_image\" \/>\n<meta name=\"twitter:title\" content=\"Avenger F1504 Foamcore Fork 16mm Pin\" \/>\n<meta name=\"twitter:description\" content=\"Avenger F1504 Foamcore Fork 16mm Pin is a high-quality foamcore fork with rubberized grip and 16mm pin, offering a secure and stable hold for materials.\" \/>\n<meta name=\"twitter:label1\" content=\"Dur\u00e9e de lecture estim\u00e9e\" \/>\n\t<meta name=\"twitter:data1\" content=\"1 minute\" \/>\n<script type=\"application\/ld+json\" class=\"yoast-schema-graph\">{\"@context\":\"https:\/\/schema.org\",\"@graph\":[{\"@type\":\"WebPage\",\"@id\":\"https:\/\/www.cinesouk.ma\/product\/avenger-f1504-foamcore-fork-16mm-pin\/\",\"url\":\"https:\/\/www.cinesouk.ma\/product\/avenger-f1504-foamcore-fork-16mm-pin\/\",\"name\":\"Avenger F1504 Foamcore Fork 16mm Pin - CineSouk - For rent\",\"isPartOf\":{\"@id\":\"https:\/\/www.cinesouk.ma\/#website\"},\"primaryImageOfPage\":{\"@id\":\"https:\/\/www.cinesouk.ma\/product\/avenger-f1504-foamcore-fork-16mm-pin\/#primaryimage\"},\"image\":{\"@id\":\"https:\/\/www.cinesouk.ma\/product\/avenger-f1504-foamcore-fork-16mm-pin\/#primaryimage\"},\"thumbnailUrl\":\"https:\/\/www.cinesouk.ma\/wp-content\/uploads\/2024\/08\/Avenger-F1504-Foamcore-Fork-16mm-Pin.jpg\",\"datePublished\":\"2024-01-07T11:24:01+00:00\",\"dateModified\":\"2025-08-26T12:42:59+00:00\",\"description\":\"Avenger F1504 Foamcore Fork 16mm Pin is a high-quality foamcore fork with rubberized grip and 16mm pin, offering a secure and stable hold for materials.\",\"breadcrumb\":{\"@id\":\"https:\/\/www.cinesouk.ma\/product\/avenger-f1504-foamcore-fork-16mm-pin\/#breadcrumb\"},\"inLanguage\":\"fr-FR\",\"potentialAction\":[{\"@type\":\"ReadAction\",\"target\":[\"https:\/\/www.cinesouk.ma\/product\/avenger-f1504-foamcore-fork-16mm-pin\/\"]}]},{\"@type\":\"ImageObject\",\"inLanguage\":\"fr-FR\",\"@id\":\"https:\/\/www.cinesouk.ma\/product\/avenger-f1504-foamcore-fork-16mm-pin\/#primaryimage\",\"url\":\"https:\/\/www.cinesouk.ma\/wp-content\/uploads\/2024\/08\/Avenger-F1504-Foamcore-Fork-16mm-Pin.jpg\",\"contentUrl\":\"https:\/\/www.cinesouk.ma\/wp-content\/uploads\/2024\/08\/Avenger-F1504-Foamcore-Fork-16mm-Pin.jpg\",\"width\":300,\"height\":238,\"caption\":\"Avenger F1504\"},{\"@type\":\"BreadcrumbList\",\"@id\":\"https:\/\/www.cinesouk.ma\/product\/avenger-f1504-foamcore-fork-16mm-pin\/#breadcrumb\",\"itemListElement\":[{\"@type\":\"ListItem\",\"position\":1,\"name\":\"Home\",\"item\":\"https:\/\/www.cinesouk.ma\/\"},{\"@type\":\"ListItem\",\"position\":2,\"name\":\"Shop\",\"item\":\"https:\/\/www.cinesouk.ma\/shop\/\"},{\"@type\":\"ListItem\",\"position\":3,\"name\":\"Avenger F1504 Foamcore Fork 16mm Pin\"}]},{\"@type\":\"WebSite\",\"@id\":\"https:\/\/www.cinesouk.ma\/#website\",\"url\":\"https:\/\/www.cinesouk.ma\/\",\"name\":\"CineSouk\",\"description\":\"\",\"publisher\":{\"@id\":\"https:\/\/www.cinesouk.ma\/#organization\"},\"potentialAction\":[{\"@type\":\"SearchAction\",\"target\":{\"@type\":\"EntryPoint\",\"urlTemplate\":\"https:\/\/www.cinesouk.ma\/?s={search_term_string}\"},\"query-input\":{\"@type\":\"PropertyValueSpecification\",\"valueRequired\":true,\"valueName\":\"search_term_string\"}}],\"inLanguage\":\"fr-FR\"},{\"@type\":\"Organization\",\"@id\":\"https:\/\/www.cinesouk.ma\/#organization\",\"name\":\"CineSouk\",\"url\":\"https:\/\/www.cinesouk.ma\/\",\"logo\":{\"@type\":\"ImageObject\",\"inLanguage\":\"fr-FR\",\"@id\":\"https:\/\/www.cinesouk.ma\/#\/schema\/logo\/image\/\",\"url\":\"https:\/\/www.cinesouk.ma\/wp-content\/uploads\/2024\/01\/CineSouk-logo-v01-alpha-alligned-left.png\",\"contentUrl\":\"https:\/\/www.cinesouk.ma\/wp-content\/uploads\/2024\/01\/CineSouk-logo-v01-alpha-alligned-left.png\",\"width\":3204,\"height\":889,\"caption\":\"CineSouk\"},\"image\":{\"@id\":\"https:\/\/www.cinesouk.ma\/#\/schema\/logo\/image\/\"}}]}<\/script>\n<!-- \/ Yoast SEO Premium plugin. -->","yoast_head_json":{"title":"Avenger F1504 Foamcore Fork 16mm Pin - CineSouk - For rent","description":"Avenger F1504 Foamcore Fork 16mm Pin is a high-quality foamcore fork with rubberized grip and 16mm pin, offering a secure and stable hold for materials.","robots":{"index":"index","follow":"follow","max-snippet":"max-snippet:-1","max-image-preview":"max-image-preview:large","max-video-preview":"max-video-preview:-1"},"canonical":"https:\/\/www.cinesouk.ma\/fr\/produit\/avenger-f1504-foamcore-fork-16mm-pin\/","og_locale":"fr_FR","og_type":"article","og_title":"Avenger F1504","og_description":"Avenger F1504 Foamcore Fork 16mm Pin is a high-quality foamcore fork with rubberized grip and 16mm pin, offering a secure and stable hold for materials.","og_url":"https:\/\/www.cinesouk.ma\/fr\/produit\/avenger-f1504-foamcore-fork-16mm-pin\/","og_site_name":"CineSouk","article_modified_time":"2025-08-26T12:42:59+00:00","og_image":[{"width":300,"height":238,"url":"https:\/\/www.cinesouk.ma\/wp-content\/uploads\/2024\/08\/Avenger-F1504-Foamcore-Fork-16mm-Pin.jpg","type":"image\/jpeg"}],"twitter_card":"summary_large_image","twitter_title":"Avenger F1504 Foamcore Fork 16mm Pin","twitter_description":"Avenger F1504 Foamcore Fork 16mm Pin is a high-quality foamcore fork with rubberized grip and 16mm pin, offering a secure and stable hold for materials.","twitter_misc":{"Dur\u00e9e de lecture estim\u00e9e":"1 minute"},"schema":{"@context":"https:\/\/schema.org","@graph":[{"@type":"WebPage","@id":"https:\/\/www.cinesouk.ma\/product\/avenger-f1504-foamcore-fork-16mm-pin\/","url":"https:\/\/www.cinesouk.ma\/product\/avenger-f1504-foamcore-fork-16mm-pin\/","name":"Avenger F1504 Foamcore Fork 16mm Pin - CineSouk - For rent","isPartOf":{"@id":"https:\/\/www.cinesouk.ma\/#website"},"primaryImageOfPage":{"@id":"https:\/\/www.cinesouk.ma\/product\/avenger-f1504-foamcore-fork-16mm-pin\/#primaryimage"},"image":{"@id":"https:\/\/www.cinesouk.ma\/product\/avenger-f1504-foamcore-fork-16mm-pin\/#primaryimage"},"thumbnailUrl":"https:\/\/www.cinesouk.ma\/wp-content\/uploads\/2024\/08\/Avenger-F1504-Foamcore-Fork-16mm-Pin.jpg","datePublished":"2024-01-07T11:24:01+00:00","dateModified":"2025-08-26T12:42:59+00:00","description":"Avenger F1504 Foamcore Fork 16mm Pin is a high-quality foamcore fork with rubberized grip and 16mm pin, offering a secure and stable hold for materials.","breadcrumb":{"@id":"https:\/\/www.cinesouk.ma\/product\/avenger-f1504-foamcore-fork-16mm-pin\/#breadcrumb"},"inLanguage":"fr-FR","potentialAction":[{"@type":"ReadAction","target":["https:\/\/www.cinesouk.ma\/product\/avenger-f1504-foamcore-fork-16mm-pin\/"]}]},{"@type":"ImageObject","inLanguage":"fr-FR","@id":"https:\/\/www.cinesouk.ma\/product\/avenger-f1504-foamcore-fork-16mm-pin\/#primaryimage","url":"https:\/\/www.cinesouk.ma\/wp-content\/uploads\/2024\/08\/Avenger-F1504-Foamcore-Fork-16mm-Pin.jpg","contentUrl":"https:\/\/www.cinesouk.ma\/wp-content\/uploads\/2024\/08\/Avenger-F1504-Foamcore-Fork-16mm-Pin.jpg","width":300,"height":238,"caption":"Avenger F1504"},{"@type":"BreadcrumbList","@id":"https:\/\/www.cinesouk.ma\/product\/avenger-f1504-foamcore-fork-16mm-pin\/#breadcrumb","itemListElement":[{"@type":"ListItem","position":1,"name":"Home","item":"https:\/\/www.cinesouk.ma\/"},{"@type":"ListItem","position":2,"name":"Shop","item":"https:\/\/www.cinesouk.ma\/shop\/"},{"@type":"ListItem","position":3,"name":"Avenger F1504 Foamcore Fork 16mm Pin"}]},{"@type":"WebSite","@id":"https:\/\/www.cinesouk.ma\/#website","url":"https:\/\/www.cinesouk.ma\/","name":"CineSouk","description":"","publisher":{"@id":"https:\/\/www.cinesouk.ma\/#organization"},"potentialAction":[{"@type":"SearchAction","target":{"@type":"EntryPoint","urlTemplate":"https:\/\/www.cinesouk.ma\/?s={search_term_string}"},"query-input":{"@type":"PropertyValueSpecification","valueRequired":true,"valueName":"search_term_string"}}],"inLanguage":"fr-FR"},{"@type":"Organization","@id":"https:\/\/www.cinesouk.ma\/#organization","name":"CineSouk","url":"https:\/\/www.cinesouk.ma\/","logo":{"@type":"ImageObject","inLanguage":"fr-FR","@id":"https:\/\/www.cinesouk.ma\/#\/schema\/logo\/image\/","url":"https:\/\/www.cinesouk.ma\/wp-content\/uploads\/2024\/01\/CineSouk-logo-v01-alpha-alligned-left.png","contentUrl":"https:\/\/www.cinesouk.ma\/wp-content\/uploads\/2024\/01\/CineSouk-logo-v01-alpha-alligned-left.png","width":3204,"height":889,"caption":"CineSouk"},"image":{"@id":"https:\/\/www.cinesouk.ma\/#\/schema\/logo\/image\/"}}]}},"_links":{"self":[{"href":"https:\/\/www.cinesouk.ma\/fr\/wp-json\/wp\/v2\/product\/5246","targetHints":{"allow":["GET"]}}],"collection":[{"href":"https:\/\/www.cinesouk.ma\/fr\/wp-json\/wp\/v2\/product"}],"about":[{"href":"https:\/\/www.cinesouk.ma\/fr\/wp-json\/wp\/v2\/types\/product"}],"wp:featuredmedia":[{"embeddable":true,"href":"https:\/\/www.cinesouk.ma\/fr\/wp-json\/wp\/v2\/media\/7780"}],"wp:attachment":[{"href":"https:\/\/www.cinesouk.ma\/fr\/wp-json\/wp\/v2\/media?parent=5246"}],"wp:term":[{"taxonomy":"product_brand","embeddable":true,"href":"https:\/\/www.cinesouk.ma\/fr\/wp-json\/wp\/v2\/product_brand?post=5246"},{"taxonomy":"product_cat","embeddable":true,"href":"https:\/\/www.cinesouk.ma\/fr\/wp-json\/wp\/v2\/product_cat?post=5246"},{"taxonomy":"product_tag","embeddable":true,"href":"https:\/\/www.cinesouk.ma\/fr\/wp-json\/wp\/v2\/product_tag?post=5246"}],"curies":[{"name":"wp","href":"https:\/\/api.w.org\/{rel}","templated":true}]}}