{"id":5247,"date":"2025-02-08T10:08:13","date_gmt":"2025-02-08T10:08:13","guid":{"rendered":"https:\/\/www.cinesouk.ma\/?post_type=product&#038;p=5247"},"modified":"2025-08-19T11:11:16","modified_gmt":"2025-08-19T11:11:16","slug":"avenger-i750s-24x36-scrim-black","status":"publish","type":"product","link":"https:\/\/www.cinesouk.ma\/fr\/produit\/avenger-i750s-24x36-scrim-black\/","title":{"rendered":"Avenger I750S 24\u00d736 Scrim Noir"},"content":{"rendered":"<p>L'Avenger I750S Scrim Black permet aux directeurs de la photographie, aux photographes et aux \u00e9clairagistes de contr\u00f4ler avec pr\u00e9cision la diffusion de la lumi\u00e8re et la cr\u00e9ation d'ombres. Les professionnels l'utilisent pour le cin\u00e9ma, la t\u00e9l\u00e9vision et la photographie afin de g\u00e9rer efficacement l'intensit\u00e9 et la direction de la lumi\u00e8re.<\/p>\n<p>Mesurant 24\u00d736 pouces (61\u00d791 cm), le I750S Scrim Black utilise un tissu de haute qualit\u00e9, r\u00e9sistant \u00e0 la chaleur, qui diffuse uniform\u00e9ment la lumi\u00e8re, r\u00e9duisant les ombres dures et adoucissant les sources de lumi\u00e8re. Le tissu noir r\u00e9duit sp\u00e9cifiquement les d\u00e9bordements de lumi\u00e8re et contr\u00f4le la quantit\u00e9 de lumi\u00e8re qui passe \u00e0 travers, ce qui le rend id\u00e9al pour cr\u00e9er des configurations d'\u00e9clairage \u00e9quilibr\u00e9es.<\/p>\n<p>Mont\u00e9e sur un cadre en aluminium robuste, la grille reste tendue et facile \u00e0 manipuler pendant les tournages. Le cadre l\u00e9ger offre une grande durabilit\u00e9 tout en restant facile \u00e0 positionner et \u00e0 ajuster selon les besoins.<\/p>\n<p>L'Avenger I750S Scrim s'int\u00e8gre facilement dans diverses configurations d'\u00e9clairage gr\u00e2ce \u00e0 sa compatibilit\u00e9 avec les bras de pr\u00e9hension et les supports standard. Sa polyvalence en fait un outil essentiel pour les professionnels qui cherchent \u00e0 obtenir un \u00e9clairage doux et contr\u00f4l\u00e9 dans leurs projets.<\/p>\n<p>Louez-le maintenant sur <a href=\"https:\/\/www.cinesouk.ma\/fr\">CINESOUK<\/a> - une marque de <a href=\"https:\/\/www.broadway.ma\/\">BROADWAY PRODUCTIONS SARL.<\/a><\/p>","protected":false},"excerpt":{"rendered":"<p>Sp\u00e9cifications :<\/p>\n<p>Mat\u00e9riau : Tissu noir r\u00e9sistant \u00e0 la chaleur et cadre en aluminium<br \/>\nTaille de l'\u00e9cran : 24\u00d736 pouces (environ 61\u00d791 cm)<br \/>\nCouleur du tissu : noir<br \/>\nConception : L\u00e9ger et durable<br \/>\nUtilisation : R\u00e9duit l'intensit\u00e9 de la lumi\u00e8re, contr\u00f4le les ombres et adoucit les sources lumineuses.<br \/>\nCompatibilit\u00e9 : S'adapte aux bras de pr\u00e9hension et aux supports standard<br \/>\nPoids : Environ 0,7 kg<\/p>","protected":false},"featured_media":7783,"template":"","meta":{"om_disable_all_campaigns":false,"_monsterinsights_skip_tracking":false,"_monsterinsights_sitenote_active":false,"_monsterinsights_sitenote_note":"","_monsterinsights_sitenote_category":0,"_uf_show_specific_survey":0,"_uf_disable_surveys":false},"product_brand":[],"product_cat":[38,20],"product_tag":[],"class_list":{"0":"post-5247","1":"product","2":"type-product","3":"status-publish","4":"has-post-thumbnail","6":"product_cat-grip-cinesouk","7":"product_cat-light-cinesouk","9":"entry","10":"has-media","12":"first","13":"instock","14":"taxable","15":"shipping-taxable","16":"purchasable","17":"product-type-variable","18":"has-product-nav","19":"col","20":"span_1_of_3","21":"owp-content-center","22":"owp-thumbs-layout-horizontal","23":"owp-btn-normal","24":"owp-tabs-layout-horizontal","25":"has-no-thumbnails"},"yoast_head":"<!-- This site is optimized with the Yoast SEO Premium plugin v26.0 (Yoast SEO v26.0) - https:\/\/yoast.com\/wordpress\/plugins\/seo\/ -->\n<title>Avenger I750S Scrim - CineSouk - For rent<\/title>\n<meta name=\"description\" content=\"Avenger I750S Scrim: Durable 24x36-inch black scrim designed to soften light and reduce spill, ideal for film and photography lighting applications.\" \/>\n<meta name=\"robots\" content=\"index, follow, max-snippet:-1, max-image-preview:large, max-video-preview:-1\" \/>\n<link rel=\"canonical\" href=\"https:\/\/www.cinesouk.ma\/fr\/produit\/avenger-i750s-24x36-scrim-black\/\" \/>\n<meta property=\"og:locale\" content=\"fr_FR\" \/>\n<meta property=\"og:type\" content=\"article\" \/>\n<meta property=\"og:title\" content=\"Avenger I750S Scrim\" \/>\n<meta property=\"og:description\" content=\"Avenger I750S Scrim: Durable 24x36-inch black scrim designed to soften light and reduce spill, ideal for film and photography lighting applications.\" \/>\n<meta property=\"og:url\" content=\"https:\/\/www.cinesouk.ma\/fr\/produit\/avenger-i750s-24x36-scrim-black\/\" \/>\n<meta property=\"og:site_name\" content=\"CineSouk\" \/>\n<meta property=\"article:modified_time\" content=\"2025-08-19T11:11:16+00:00\" \/>\n<meta property=\"og:image\" content=\"https:\/\/www.cinesouk.ma\/wp-content\/uploads\/2024\/08\/Avenger-I750S-24_x36_-Scrim-Black.jpg\" \/>\n\t<meta property=\"og:image:width\" content=\"300\" \/>\n\t<meta property=\"og:image:height\" content=\"238\" \/>\n\t<meta property=\"og:image:type\" content=\"image\/jpeg\" \/>\n<meta name=\"twitter:card\" content=\"summary_large_image\" \/>\n<meta name=\"twitter:title\" content=\"Avenger I750S 24x36 Scrim Black\" \/>\n<meta name=\"twitter:description\" content=\"Avenger I750S Scrim: Durable 24x36-inch black scrim designed to soften light and reduce spill, ideal for film and photography lighting applications.\" \/>\n<meta name=\"twitter:label1\" content=\"Dur\u00e9e de lecture estim\u00e9e\" \/>\n\t<meta name=\"twitter:data1\" content=\"1 minute\" \/>\n<script type=\"application\/ld+json\" class=\"yoast-schema-graph\">{\"@context\":\"https:\/\/schema.org\",\"@graph\":[{\"@type\":\"WebPage\",\"@id\":\"https:\/\/www.cinesouk.ma\/product\/avenger-i750s-24x36-scrim-black\/\",\"url\":\"https:\/\/www.cinesouk.ma\/product\/avenger-i750s-24x36-scrim-black\/\",\"name\":\"Avenger I750S Scrim - CineSouk - For rent\",\"isPartOf\":{\"@id\":\"https:\/\/www.cinesouk.ma\/#website\"},\"primaryImageOfPage\":{\"@id\":\"https:\/\/www.cinesouk.ma\/product\/avenger-i750s-24x36-scrim-black\/#primaryimage\"},\"image\":{\"@id\":\"https:\/\/www.cinesouk.ma\/product\/avenger-i750s-24x36-scrim-black\/#primaryimage\"},\"thumbnailUrl\":\"https:\/\/www.cinesouk.ma\/wp-content\/uploads\/2024\/08\/Avenger-I750S-24_x36_-Scrim-Black.jpg\",\"datePublished\":\"2025-02-08T10:08:13+00:00\",\"dateModified\":\"2025-08-19T11:11:16+00:00\",\"description\":\"Avenger I750S Scrim: Durable 24x36-inch black scrim designed to soften light and reduce spill, ideal for film and photography lighting applications.\",\"breadcrumb\":{\"@id\":\"https:\/\/www.cinesouk.ma\/product\/avenger-i750s-24x36-scrim-black\/#breadcrumb\"},\"inLanguage\":\"fr-FR\",\"potentialAction\":[{\"@type\":\"ReadAction\",\"target\":[\"https:\/\/www.cinesouk.ma\/product\/avenger-i750s-24x36-scrim-black\/\"]}]},{\"@type\":\"ImageObject\",\"inLanguage\":\"fr-FR\",\"@id\":\"https:\/\/www.cinesouk.ma\/product\/avenger-i750s-24x36-scrim-black\/#primaryimage\",\"url\":\"https:\/\/www.cinesouk.ma\/wp-content\/uploads\/2024\/08\/Avenger-I750S-24_x36_-Scrim-Black.jpg\",\"contentUrl\":\"https:\/\/www.cinesouk.ma\/wp-content\/uploads\/2024\/08\/Avenger-I750S-24_x36_-Scrim-Black.jpg\",\"width\":300,\"height\":238,\"caption\":\"Avenger I750S Scrim\"},{\"@type\":\"BreadcrumbList\",\"@id\":\"https:\/\/www.cinesouk.ma\/product\/avenger-i750s-24x36-scrim-black\/#breadcrumb\",\"itemListElement\":[{\"@type\":\"ListItem\",\"position\":1,\"name\":\"Home\",\"item\":\"https:\/\/www.cinesouk.ma\/\"},{\"@type\":\"ListItem\",\"position\":2,\"name\":\"Shop\",\"item\":\"https:\/\/www.cinesouk.ma\/shop\/\"},{\"@type\":\"ListItem\",\"position\":3,\"name\":\"Avenger I750S 24&#215;36 Scrim Black\"}]},{\"@type\":\"WebSite\",\"@id\":\"https:\/\/www.cinesouk.ma\/#website\",\"url\":\"https:\/\/www.cinesouk.ma\/\",\"name\":\"CineSouk\",\"description\":\"\",\"publisher\":{\"@id\":\"https:\/\/www.cinesouk.ma\/#organization\"},\"potentialAction\":[{\"@type\":\"SearchAction\",\"target\":{\"@type\":\"EntryPoint\",\"urlTemplate\":\"https:\/\/www.cinesouk.ma\/?s={search_term_string}\"},\"query-input\":{\"@type\":\"PropertyValueSpecification\",\"valueRequired\":true,\"valueName\":\"search_term_string\"}}],\"inLanguage\":\"fr-FR\"},{\"@type\":\"Organization\",\"@id\":\"https:\/\/www.cinesouk.ma\/#organization\",\"name\":\"CineSouk\",\"url\":\"https:\/\/www.cinesouk.ma\/\",\"logo\":{\"@type\":\"ImageObject\",\"inLanguage\":\"fr-FR\",\"@id\":\"https:\/\/www.cinesouk.ma\/#\/schema\/logo\/image\/\",\"url\":\"https:\/\/www.cinesouk.ma\/wp-content\/uploads\/2024\/01\/CineSouk-logo-v01-alpha-alligned-left.png\",\"contentUrl\":\"https:\/\/www.cinesouk.ma\/wp-content\/uploads\/2024\/01\/CineSouk-logo-v01-alpha-alligned-left.png\",\"width\":3204,\"height\":889,\"caption\":\"CineSouk\"},\"image\":{\"@id\":\"https:\/\/www.cinesouk.ma\/#\/schema\/logo\/image\/\"}}]}<\/script>\n<!-- \/ Yoast SEO Premium plugin. -->","yoast_head_json":{"title":"Avenger I750S Scrim - CineSouk - For rent","description":"Avenger I750S Scrim: Durable 24x36-inch black scrim designed to soften light and reduce spill, ideal for film and photography lighting applications.","robots":{"index":"index","follow":"follow","max-snippet":"max-snippet:-1","max-image-preview":"max-image-preview:large","max-video-preview":"max-video-preview:-1"},"canonical":"https:\/\/www.cinesouk.ma\/fr\/produit\/avenger-i750s-24x36-scrim-black\/","og_locale":"fr_FR","og_type":"article","og_title":"Avenger I750S Scrim","og_description":"Avenger I750S Scrim: Durable 24x36-inch black scrim designed to soften light and reduce spill, ideal for film and photography lighting applications.","og_url":"https:\/\/www.cinesouk.ma\/fr\/produit\/avenger-i750s-24x36-scrim-black\/","og_site_name":"CineSouk","article_modified_time":"2025-08-19T11:11:16+00:00","og_image":[{"width":300,"height":238,"url":"https:\/\/www.cinesouk.ma\/wp-content\/uploads\/2024\/08\/Avenger-I750S-24_x36_-Scrim-Black.jpg","type":"image\/jpeg"}],"twitter_card":"summary_large_image","twitter_title":"Avenger I750S 24x36 Scrim Black","twitter_description":"Avenger I750S Scrim: Durable 24x36-inch black scrim designed to soften light and reduce spill, ideal for film and photography lighting applications.","twitter_misc":{"Dur\u00e9e de lecture estim\u00e9e":"1 minute"},"schema":{"@context":"https:\/\/schema.org","@graph":[{"@type":"WebPage","@id":"https:\/\/www.cinesouk.ma\/product\/avenger-i750s-24x36-scrim-black\/","url":"https:\/\/www.cinesouk.ma\/product\/avenger-i750s-24x36-scrim-black\/","name":"Avenger I750S Scrim - CineSouk - For rent","isPartOf":{"@id":"https:\/\/www.cinesouk.ma\/#website"},"primaryImageOfPage":{"@id":"https:\/\/www.cinesouk.ma\/product\/avenger-i750s-24x36-scrim-black\/#primaryimage"},"image":{"@id":"https:\/\/www.cinesouk.ma\/product\/avenger-i750s-24x36-scrim-black\/#primaryimage"},"thumbnailUrl":"https:\/\/www.cinesouk.ma\/wp-content\/uploads\/2024\/08\/Avenger-I750S-24_x36_-Scrim-Black.jpg","datePublished":"2025-02-08T10:08:13+00:00","dateModified":"2025-08-19T11:11:16+00:00","description":"Avenger I750S Scrim: Durable 24x36-inch black scrim designed to soften light and reduce spill, ideal for film and photography lighting applications.","breadcrumb":{"@id":"https:\/\/www.cinesouk.ma\/product\/avenger-i750s-24x36-scrim-black\/#breadcrumb"},"inLanguage":"fr-FR","potentialAction":[{"@type":"ReadAction","target":["https:\/\/www.cinesouk.ma\/product\/avenger-i750s-24x36-scrim-black\/"]}]},{"@type":"ImageObject","inLanguage":"fr-FR","@id":"https:\/\/www.cinesouk.ma\/product\/avenger-i750s-24x36-scrim-black\/#primaryimage","url":"https:\/\/www.cinesouk.ma\/wp-content\/uploads\/2024\/08\/Avenger-I750S-24_x36_-Scrim-Black.jpg","contentUrl":"https:\/\/www.cinesouk.ma\/wp-content\/uploads\/2024\/08\/Avenger-I750S-24_x36_-Scrim-Black.jpg","width":300,"height":238,"caption":"Avenger I750S Scrim"},{"@type":"BreadcrumbList","@id":"https:\/\/www.cinesouk.ma\/product\/avenger-i750s-24x36-scrim-black\/#breadcrumb","itemListElement":[{"@type":"ListItem","position":1,"name":"Home","item":"https:\/\/www.cinesouk.ma\/"},{"@type":"ListItem","position":2,"name":"Shop","item":"https:\/\/www.cinesouk.ma\/shop\/"},{"@type":"ListItem","position":3,"name":"Avenger I750S 24&#215;36 Scrim Black"}]},{"@type":"WebSite","@id":"https:\/\/www.cinesouk.ma\/#website","url":"https:\/\/www.cinesouk.ma\/","name":"CineSouk","description":"","publisher":{"@id":"https:\/\/www.cinesouk.ma\/#organization"},"potentialAction":[{"@type":"SearchAction","target":{"@type":"EntryPoint","urlTemplate":"https:\/\/www.cinesouk.ma\/?s={search_term_string}"},"query-input":{"@type":"PropertyValueSpecification","valueRequired":true,"valueName":"search_term_string"}}],"inLanguage":"fr-FR"},{"@type":"Organization","@id":"https:\/\/www.cinesouk.ma\/#organization","name":"CineSouk","url":"https:\/\/www.cinesouk.ma\/","logo":{"@type":"ImageObject","inLanguage":"fr-FR","@id":"https:\/\/www.cinesouk.ma\/#\/schema\/logo\/image\/","url":"https:\/\/www.cinesouk.ma\/wp-content\/uploads\/2024\/01\/CineSouk-logo-v01-alpha-alligned-left.png","contentUrl":"https:\/\/www.cinesouk.ma\/wp-content\/uploads\/2024\/01\/CineSouk-logo-v01-alpha-alligned-left.png","width":3204,"height":889,"caption":"CineSouk"},"image":{"@id":"https:\/\/www.cinesouk.ma\/#\/schema\/logo\/image\/"}}]}},"_links":{"self":[{"href":"https:\/\/www.cinesouk.ma\/fr\/wp-json\/wp\/v2\/product\/5247","targetHints":{"allow":["GET"]}}],"collection":[{"href":"https:\/\/www.cinesouk.ma\/fr\/wp-json\/wp\/v2\/product"}],"about":[{"href":"https:\/\/www.cinesouk.ma\/fr\/wp-json\/wp\/v2\/types\/product"}],"wp:featuredmedia":[{"embeddable":true,"href":"https:\/\/www.cinesouk.ma\/fr\/wp-json\/wp\/v2\/media\/7783"}],"wp:attachment":[{"href":"https:\/\/www.cinesouk.ma\/fr\/wp-json\/wp\/v2\/media?parent=5247"}],"wp:term":[{"taxonomy":"product_brand","embeddable":true,"href":"https:\/\/www.cinesouk.ma\/fr\/wp-json\/wp\/v2\/product_brand?post=5247"},{"taxonomy":"product_cat","embeddable":true,"href":"https:\/\/www.cinesouk.ma\/fr\/wp-json\/wp\/v2\/product_cat?post=5247"},{"taxonomy":"product_tag","embeddable":true,"href":"https:\/\/www.cinesouk.ma\/fr\/wp-json\/wp\/v2\/product_tag?post=5247"}],"curies":[{"name":"wp","href":"https:\/\/api.w.org\/{rel}","templated":true}]}}