{"id":5250,"date":"2024-01-26T09:50:43","date_gmt":"2024-01-26T09:50:43","guid":{"rendered":"https:\/\/www.cinesouk.ma\/?post_type=product&#038;p=5250"},"modified":"2025-03-21T10:55:59","modified_gmt":"2025-03-21T10:55:59","slug":"tangent-wave-2","status":"publish","type":"product","link":"https:\/\/www.cinesouk.ma\/fr\/produit\/tangent-wave-2\/","title":{"rendered":"Panel Tangent Wave 2"},"content":{"rendered":"<p>Am\u00e9liorez votre exp\u00e9rience de l'\u00e9talonnage avec le panneau Tangent Wave 2, une surface de contr\u00f4le polyvalente con\u00e7ue pour red\u00e9finir la pr\u00e9cision dans les projets cin\u00e9matographiques et audiovisuels. Cet appareil intuitif s'int\u00e8gre parfaitement \u00e0 votre flux de travail, offrant ainsi un voyage immersif dans l'art de l'am\u00e9lioration des couleurs.<\/p>\n<ul>\n<li>La pr\u00e9cision entre vos mains : Le Tangent Wave 2 met la puissance de l'\u00e9talonnage au bout de vos doigts. Con\u00e7ue pour les professionnels, cette surface de contr\u00f4le offre un niveau de contr\u00f4le sans pr\u00e9c\u00e9dent, vous permettant ainsi d'am\u00e9liorer chaque image avec des d\u00e9tails m\u00e9ticuleux.<\/li>\n<li>Un flux de travail efficace : Con\u00e7ue pour \u00eatre efficace, la Tangent Wave 2 rationalise votre processus d'\u00e9talonnage. Ses commandes intuitives et son interface r\u00e9active vous permettent d'effectuer des ajustements en temps r\u00e9el, garantissant ainsi un flux de travail fluide et productif.<\/li>\n<li>Int\u00e9gration transparente : Compatible avec les principaux logiciels d'\u00e9talonnage en location, la surface de contr\u00f4le s'int\u00e8gre parfaitement \u00e0 votre installation existante. Que vous soyez un coloriste chevronn\u00e9 ou un cin\u00e9aste en herbe, cette surface de contr\u00f4le vous permet de cr\u00e9er des contenus visuellement \u00e9poustouflants.<\/li>\n<\/ul>\n<p><strong>Caract\u00e9ristiques<\/strong>:<\/p>\n<ul>\n<li class=\"listItem_OMS5rN7R1Z\" data-selenium=\"sellingPointsListItem\">3 x Trackballs optiques haute r\u00e9solution<\/li>\n<li class=\"listItem_OMS5rN7R1Z\" data-selenium=\"sellingPointsListItem\">9 x boutons programmables avec r\u00e9initialisation par poussoir<\/li>\n<li class=\"listItem_OMS5rN7R1Z\" data-selenium=\"sellingPointsListItem\">9 boutons de fonction programmables<\/li>\n<li class=\"listItem_OMS5rN7R1Z\" data-selenium=\"sellingPointsListItem\">Grande zone d'affichage OLED blanc glac\u00e9<\/li>\n<li class=\"listItem_OMS5rN7R1Z\" data-selenium=\"sellingPointsListItem\">Prise en charge des applications CC les plus courantes<\/li>\n<li class=\"listItem_OMS5rN7R1Z\" data-selenium=\"sellingPointsListItem\">Alimentation par USB avec installation Plug-and-Play<\/li>\n<li class=\"listItem_OMS5rN7R1Z\" data-selenium=\"sellingPointsListItem\">Utilisation avec le mappeur de tangentes optionnel<\/li>\n<li class=\"listItem_OMS5rN7R1Z\" data-selenium=\"sellingPointsListItem\">Conception compacte et portable<\/li>\n<\/ul>\n<p>Louez-le maintenant sur <a href=\"https:\/\/www.cinesouk.ma\/fr\">CINESOUK<\/a> - une marque de <a href=\"https:\/\/www.broadway.ma\/\">BROADWAY PRODUCTIONS SARL.<\/a><\/p>","protected":false},"excerpt":{"rendered":"<p>Sp\u00e9cifications :<\/p>\n<p>Commandes : Commandes ergonomiques pour une exp\u00e9rience compl\u00e8te de l'\u00e9talonnage des couleurs.<br \/>\nCompatibilit\u00e9 : Fonctionne en toute transparence avec les logiciels d'\u00e9dition et de correction des couleurs les plus courants.<br \/>\nDimensions : Compact et portable, le Tangent Wave 2 s'int\u00e8gre dans tout espace de travail professionnel.<\/p>","protected":false},"featured_media":5791,"template":"","meta":{"om_disable_all_campaigns":false,"_monsterinsights_skip_tracking":false,"_monsterinsights_sitenote_active":false,"_monsterinsights_sitenote_note":"","_monsterinsights_sitenote_category":0,"_uf_show_specific_survey":0,"_uf_disable_surveys":false},"product_brand":[],"product_cat":[59],"product_tag":[],"class_list":{"0":"post-5250","1":"product","2":"type-product","3":"status-publish","4":"has-post-thumbnail","6":"product_cat-post-production-cinesouk","8":"entry","9":"has-media","11":"first","12":"instock","13":"taxable","14":"shipping-taxable","15":"purchasable","16":"product-type-variable","17":"has-product-nav","18":"col","19":"span_1_of_3","20":"owp-content-center","21":"owp-thumbs-layout-horizontal","22":"owp-btn-normal","23":"owp-tabs-layout-horizontal","24":"has-no-thumbnails"},"yoast_head":"<!-- This site is optimized with the Yoast SEO Premium plugin v26.0 (Yoast SEO v26.0) - https:\/\/yoast.com\/wordpress\/plugins\/seo\/ -->\n<title>Tangent Wave 2 Panel - Marrakech | Morocco - CineSouk - For rent<\/title>\n<meta name=\"description\" content=\"Tangent Wave 2: Precision control for your color grading journey. Elevate your cinematography and post-production workflow. - CineSouk\" \/>\n<meta name=\"robots\" content=\"index, follow, max-snippet:-1, max-image-preview:large, max-video-preview:-1\" \/>\n<link rel=\"canonical\" href=\"https:\/\/www.cinesouk.ma\/fr\/produit\/tangent-wave-2\/\" \/>\n<meta property=\"og:locale\" content=\"fr_FR\" \/>\n<meta property=\"og:type\" content=\"article\" \/>\n<meta property=\"og:title\" content=\"Tangent Wave 2 Panel\" \/>\n<meta property=\"og:description\" content=\"Tangent Wave 2: Precision control for your color grading journey. Elevate your cinematography and post-production workflow. - CineSouk\" \/>\n<meta property=\"og:url\" content=\"https:\/\/www.cinesouk.ma\/fr\/produit\/tangent-wave-2\/\" \/>\n<meta property=\"og:site_name\" content=\"CineSouk\" \/>\n<meta property=\"article:modified_time\" content=\"2025-03-21T10:55:59+00:00\" \/>\n<meta property=\"og:image\" content=\"https:\/\/www.cinesouk.ma\/wp-content\/uploads\/2024\/01\/Tangent-Wave-2.jpg\" \/>\n\t<meta property=\"og:image:width\" content=\"300\" \/>\n\t<meta property=\"og:image:height\" content=\"238\" \/>\n\t<meta property=\"og:image:type\" content=\"image\/jpeg\" \/>\n<meta name=\"twitter:card\" content=\"summary_large_image\" \/>\n<meta name=\"twitter:description\" content=\"Tangent Wave 2: Precision control for your color grading journey. Elevate your cinematography and post-production workflow. - CineSouk\" \/>\n<meta name=\"twitter:label1\" content=\"Dur\u00e9e de lecture estim\u00e9e\" \/>\n\t<meta name=\"twitter:data1\" content=\"2 minutes\" \/>\n<script type=\"application\/ld+json\" class=\"yoast-schema-graph\">{\"@context\":\"https:\/\/schema.org\",\"@graph\":[{\"@type\":\"WebPage\",\"@id\":\"https:\/\/www.cinesouk.ma\/product\/tangent-wave-2\/\",\"url\":\"https:\/\/www.cinesouk.ma\/product\/tangent-wave-2\/\",\"name\":\"Tangent Wave 2 Panel - Marrakech | Morocco - CineSouk - For rent\",\"isPartOf\":{\"@id\":\"https:\/\/www.cinesouk.ma\/#website\"},\"primaryImageOfPage\":{\"@id\":\"https:\/\/www.cinesouk.ma\/product\/tangent-wave-2\/#primaryimage\"},\"image\":{\"@id\":\"https:\/\/www.cinesouk.ma\/product\/tangent-wave-2\/#primaryimage\"},\"thumbnailUrl\":\"https:\/\/www.cinesouk.ma\/wp-content\/uploads\/2024\/01\/Tangent-Wave-2.jpg\",\"datePublished\":\"2024-01-26T09:50:43+00:00\",\"dateModified\":\"2025-03-21T10:55:59+00:00\",\"description\":\"Tangent Wave 2: Precision control for your color grading journey. Elevate your cinematography and post-production workflow. - CineSouk\",\"breadcrumb\":{\"@id\":\"https:\/\/www.cinesouk.ma\/product\/tangent-wave-2\/#breadcrumb\"},\"inLanguage\":\"fr-FR\",\"potentialAction\":[{\"@type\":\"ReadAction\",\"target\":[\"https:\/\/www.cinesouk.ma\/product\/tangent-wave-2\/\"]}]},{\"@type\":\"ImageObject\",\"inLanguage\":\"fr-FR\",\"@id\":\"https:\/\/www.cinesouk.ma\/product\/tangent-wave-2\/#primaryimage\",\"url\":\"https:\/\/www.cinesouk.ma\/wp-content\/uploads\/2024\/01\/Tangent-Wave-2.jpg\",\"contentUrl\":\"https:\/\/www.cinesouk.ma\/wp-content\/uploads\/2024\/01\/Tangent-Wave-2.jpg\",\"width\":300,\"height\":238},{\"@type\":\"BreadcrumbList\",\"@id\":\"https:\/\/www.cinesouk.ma\/product\/tangent-wave-2\/#breadcrumb\",\"itemListElement\":[{\"@type\":\"ListItem\",\"position\":1,\"name\":\"Home\",\"item\":\"https:\/\/www.cinesouk.ma\/\"},{\"@type\":\"ListItem\",\"position\":2,\"name\":\"Shop\",\"item\":\"https:\/\/www.cinesouk.ma\/shop\/\"},{\"@type\":\"ListItem\",\"position\":3,\"name\":\"Tangent Wave 2 Panel\"}]},{\"@type\":\"WebSite\",\"@id\":\"https:\/\/www.cinesouk.ma\/#website\",\"url\":\"https:\/\/www.cinesouk.ma\/\",\"name\":\"CineSouk\",\"description\":\"\",\"publisher\":{\"@id\":\"https:\/\/www.cinesouk.ma\/#organization\"},\"potentialAction\":[{\"@type\":\"SearchAction\",\"target\":{\"@type\":\"EntryPoint\",\"urlTemplate\":\"https:\/\/www.cinesouk.ma\/?s={search_term_string}\"},\"query-input\":{\"@type\":\"PropertyValueSpecification\",\"valueRequired\":true,\"valueName\":\"search_term_string\"}}],\"inLanguage\":\"fr-FR\"},{\"@type\":\"Organization\",\"@id\":\"https:\/\/www.cinesouk.ma\/#organization\",\"name\":\"CineSouk\",\"url\":\"https:\/\/www.cinesouk.ma\/\",\"logo\":{\"@type\":\"ImageObject\",\"inLanguage\":\"fr-FR\",\"@id\":\"https:\/\/www.cinesouk.ma\/#\/schema\/logo\/image\/\",\"url\":\"https:\/\/www.cinesouk.ma\/wp-content\/uploads\/2024\/01\/CineSouk-logo-v01-alpha-alligned-left.png\",\"contentUrl\":\"https:\/\/www.cinesouk.ma\/wp-content\/uploads\/2024\/01\/CineSouk-logo-v01-alpha-alligned-left.png\",\"width\":3204,\"height\":889,\"caption\":\"CineSouk\"},\"image\":{\"@id\":\"https:\/\/www.cinesouk.ma\/#\/schema\/logo\/image\/\"}}]}<\/script>\n<!-- \/ Yoast SEO Premium plugin. -->","yoast_head_json":{"title":"Tangent Wave 2 Panel - Marrakech | Morocco - CineSouk - For rent","description":"Tangent Wave 2: Precision control for your color grading journey. Elevate your cinematography and post-production workflow. - CineSouk","robots":{"index":"index","follow":"follow","max-snippet":"max-snippet:-1","max-image-preview":"max-image-preview:large","max-video-preview":"max-video-preview:-1"},"canonical":"https:\/\/www.cinesouk.ma\/fr\/produit\/tangent-wave-2\/","og_locale":"fr_FR","og_type":"article","og_title":"Tangent Wave 2 Panel","og_description":"Tangent Wave 2: Precision control for your color grading journey. Elevate your cinematography and post-production workflow. - CineSouk","og_url":"https:\/\/www.cinesouk.ma\/fr\/produit\/tangent-wave-2\/","og_site_name":"CineSouk","article_modified_time":"2025-03-21T10:55:59+00:00","og_image":[{"width":300,"height":238,"url":"https:\/\/www.cinesouk.ma\/wp-content\/uploads\/2024\/01\/Tangent-Wave-2.jpg","type":"image\/jpeg"}],"twitter_card":"summary_large_image","twitter_description":"Tangent Wave 2: Precision control for your color grading journey. Elevate your cinematography and post-production workflow. - CineSouk","twitter_misc":{"Dur\u00e9e de lecture estim\u00e9e":"2 minutes"},"schema":{"@context":"https:\/\/schema.org","@graph":[{"@type":"WebPage","@id":"https:\/\/www.cinesouk.ma\/product\/tangent-wave-2\/","url":"https:\/\/www.cinesouk.ma\/product\/tangent-wave-2\/","name":"Tangent Wave 2 Panel - Marrakech | Morocco - CineSouk - For rent","isPartOf":{"@id":"https:\/\/www.cinesouk.ma\/#website"},"primaryImageOfPage":{"@id":"https:\/\/www.cinesouk.ma\/product\/tangent-wave-2\/#primaryimage"},"image":{"@id":"https:\/\/www.cinesouk.ma\/product\/tangent-wave-2\/#primaryimage"},"thumbnailUrl":"https:\/\/www.cinesouk.ma\/wp-content\/uploads\/2024\/01\/Tangent-Wave-2.jpg","datePublished":"2024-01-26T09:50:43+00:00","dateModified":"2025-03-21T10:55:59+00:00","description":"Tangent Wave 2: Precision control for your color grading journey. Elevate your cinematography and post-production workflow. - CineSouk","breadcrumb":{"@id":"https:\/\/www.cinesouk.ma\/product\/tangent-wave-2\/#breadcrumb"},"inLanguage":"fr-FR","potentialAction":[{"@type":"ReadAction","target":["https:\/\/www.cinesouk.ma\/product\/tangent-wave-2\/"]}]},{"@type":"ImageObject","inLanguage":"fr-FR","@id":"https:\/\/www.cinesouk.ma\/product\/tangent-wave-2\/#primaryimage","url":"https:\/\/www.cinesouk.ma\/wp-content\/uploads\/2024\/01\/Tangent-Wave-2.jpg","contentUrl":"https:\/\/www.cinesouk.ma\/wp-content\/uploads\/2024\/01\/Tangent-Wave-2.jpg","width":300,"height":238},{"@type":"BreadcrumbList","@id":"https:\/\/www.cinesouk.ma\/product\/tangent-wave-2\/#breadcrumb","itemListElement":[{"@type":"ListItem","position":1,"name":"Home","item":"https:\/\/www.cinesouk.ma\/"},{"@type":"ListItem","position":2,"name":"Shop","item":"https:\/\/www.cinesouk.ma\/shop\/"},{"@type":"ListItem","position":3,"name":"Tangent Wave 2 Panel"}]},{"@type":"WebSite","@id":"https:\/\/www.cinesouk.ma\/#website","url":"https:\/\/www.cinesouk.ma\/","name":"CineSouk","description":"","publisher":{"@id":"https:\/\/www.cinesouk.ma\/#organization"},"potentialAction":[{"@type":"SearchAction","target":{"@type":"EntryPoint","urlTemplate":"https:\/\/www.cinesouk.ma\/?s={search_term_string}"},"query-input":{"@type":"PropertyValueSpecification","valueRequired":true,"valueName":"search_term_string"}}],"inLanguage":"fr-FR"},{"@type":"Organization","@id":"https:\/\/www.cinesouk.ma\/#organization","name":"CineSouk","url":"https:\/\/www.cinesouk.ma\/","logo":{"@type":"ImageObject","inLanguage":"fr-FR","@id":"https:\/\/www.cinesouk.ma\/#\/schema\/logo\/image\/","url":"https:\/\/www.cinesouk.ma\/wp-content\/uploads\/2024\/01\/CineSouk-logo-v01-alpha-alligned-left.png","contentUrl":"https:\/\/www.cinesouk.ma\/wp-content\/uploads\/2024\/01\/CineSouk-logo-v01-alpha-alligned-left.png","width":3204,"height":889,"caption":"CineSouk"},"image":{"@id":"https:\/\/www.cinesouk.ma\/#\/schema\/logo\/image\/"}}]}},"_links":{"self":[{"href":"https:\/\/www.cinesouk.ma\/fr\/wp-json\/wp\/v2\/product\/5250","targetHints":{"allow":["GET"]}}],"collection":[{"href":"https:\/\/www.cinesouk.ma\/fr\/wp-json\/wp\/v2\/product"}],"about":[{"href":"https:\/\/www.cinesouk.ma\/fr\/wp-json\/wp\/v2\/types\/product"}],"wp:featuredmedia":[{"embeddable":true,"href":"https:\/\/www.cinesouk.ma\/fr\/wp-json\/wp\/v2\/media\/5791"}],"wp:attachment":[{"href":"https:\/\/www.cinesouk.ma\/fr\/wp-json\/wp\/v2\/media?parent=5250"}],"wp:term":[{"taxonomy":"product_brand","embeddable":true,"href":"https:\/\/www.cinesouk.ma\/fr\/wp-json\/wp\/v2\/product_brand?post=5250"},{"taxonomy":"product_cat","embeddable":true,"href":"https:\/\/www.cinesouk.ma\/fr\/wp-json\/wp\/v2\/product_cat?post=5250"},{"taxonomy":"product_tag","embeddable":true,"href":"https:\/\/www.cinesouk.ma\/fr\/wp-json\/wp\/v2\/product_tag?post=5250"}],"curies":[{"name":"wp","href":"https:\/\/api.w.org\/{rel}","templated":true}]}}