{"id":5252,"date":"2024-08-20T17:25:58","date_gmt":"2024-08-20T17:25:58","guid":{"rendered":"https:\/\/www.cinesouk.ma\/?post_type=product&#038;p=5252"},"modified":"2025-03-21T10:55:59","modified_gmt":"2025-03-21T10:55:59","slug":"atomos-ninja-v-connect-kit","status":"publish","type":"product","link":"https:\/\/www.cinesouk.ma\/fr\/produit\/atomos-ninja-v-connect-kit\/","title":{"rendered":"Atomos Ninja V Connect kit - 5\u2033 Monitor"},"content":{"rendered":"<p>Le kit Atomos Ninja V Connect est un outil indispensable pour la lecture en direct. Il est con\u00e7u pour assurer une surveillance et une lecture en direct sans faille. L'appareil est dot\u00e9 de fonctions de pointe pour la lecture en direct. Sa conception intuitive et son interface conviviale en font un choix de premier ordre pour les professionnels qui recherchent un monitoring en temps r\u00e9el dans le domaine de la cin\u00e9matographie. Ce s\u00e9lecteur est dot\u00e9 d'un panneau avant enti\u00e8rement redessin\u00e9 qui comprend des boutons de type haut de gamme. Vous pouvez enregistrer et contr\u00f4ler le streaming, s\u00e9lectionner des sources, d\u00e9clencher des transitions et configurer des effets vid\u00e9o. Son design compact vous permet d'emporter vos capacit\u00e9s de lecture en direct partout, ce qui en fait un compagnon essentiel pour les professionnels en d\u00e9placement. Passez d'un appareil \u00e0 l'autre en toute transparence, pour un acc\u00e8s en temps r\u00e9el \u00e0 votre contenu. Que vous soyez cin\u00e9aste, cr\u00e9ateur de contenu ou producteur d'\u00e9v\u00e9nements en direct, le kit Atomos Ninja V Connect am\u00e9liore votre flux de travail. Profitez de la lecture en direct avec pr\u00e9cision et clart\u00e9, gr\u00e2ce au contr\u00f4le en temps r\u00e9el. Sa connectivit\u00e9 transparente garantit \u00e9galement une int\u00e9gration ais\u00e9e dans votre installation existante.<\/p>\n<p>Louez-le maintenant sur <a href=\"https:\/\/www.cinesouk.ma\/fr\">CINESOUK<\/a> - une marque de <a href=\"https:\/\/www.broadway.ma\/\">BROADWAY PRODUCTIONS SARL.<\/a><\/p>","protected":false},"excerpt":{"rendered":"<p>Sp\u00e9cifications :<\/p>\n<p>Marque : Atomos<\/p>\n<p>Entr\u00e9es\/sorties :<\/p>\n<p>Entr\u00e9es audio :<br \/>\nmini-jack st\u00e9r\u00e9o 3,5 mm<\/p>\n<p>Commandes d'entr\u00e9e audio :<br \/>\nMicro\/Ligne<\/p>\n<p>Sortie audio :<br \/>\nmini-jack st\u00e9r\u00e9o 3,5 mm<\/p>\n<p>Entr\u00e9e vid\u00e9o :<br \/>\nHDMI Type-A 2.0<\/p>\n<p>Sortie vid\u00e9o :<br \/>\nHDMI Type-A 2.0<\/p>\n<p>Entr\u00e9es\/sorties suppl\u00e9mentaires :<br \/>\nLANC<\/p>\n<p>Type d'article :<\/p>\n<p>Enregistreur<\/p>\n<p>Contr\u00f4le :<\/p>\n<p>\u00c9cran LCD :<br \/>\n\u00c9CRAN LCD IPS DE 5 POUCES<br \/>\nR\u00e9solution : 1920 \u00d7 1080<br \/>\n\u00c9cran tactile<br \/>\nIPP : 427<br \/>\nRatio d'aspect : 16:9 natif<\/p>\n<p>Prise en charge de la LUT :<br \/>\nLUT 3D (format .cube)<\/p>\n<p>Anamorphique D\u00e9tourage :<br \/>\n2x, 1,5x, 1,33x, Panasonic 8:3<\/p>\n<p>Physique :<\/p>\n<p>Dimensions (L x H x P) :<br \/>\n5.94 \u00d7 3.6 \u00d7 1.22\u2033<\/p>\n<p>Supports pour accessoires :<br \/>\n\u00bc-20 (au centre en haut et en bas)<\/p>\n<p>Poids :<br \/>\n11.28 oz<\/p>\n<p>Mat\u00e9riaux :<br \/>\nCh\u00e2ssis en alliage d'aluminium avec plaque arri\u00e8re en polycarbonate ABS<\/p>\n<p>Alimentation \u00e9lectrique :<\/p>\n<p>Adaptateur CA :<br \/>\nFourni<\/p>\n<p>Batterie :<br \/>\nType : Sony L (batterie Hawk-Woods fournie)<br \/>\nDur\u00e9e de fonctionnement : environ 1,5 heure<\/p>\n<p>Compatibilit\u00e9 avec d'autres batteries :<br \/>\nType : NP-F950<\/p>\n<p>Recommand\u00e9 pour :<\/p>\n<p>Vid\u00e9o DSLR<\/p>\n<p>Enregistrement :<\/p>\n<p>Formats :<br \/>\nProRes 422HQ, ProRes 422, ProRes 422LT, DNxHR HQX, DNxHR HQ, DNxHR SQ, DNxHR, LB<\/p>\n<p>Modes :<br \/>\n4K DCI ; 24\/25\/30\/50\/60p<br \/>\n4K UHD ; 24\/25\/30\/50\/60p<br \/>\n1080p ; 24\/25\/30\/50\/60\/100\/120<br \/>\n1080i ; 50\/60i, 720p ; 50\/60p<\/p>\n<p>Les m\u00e9dias :<br \/>\nSSD, Mini-SSD<\/p>","protected":false},"featured_media":8231,"template":"","meta":{"om_disable_all_campaigns":false,"_monsterinsights_skip_tracking":false,"_monsterinsights_sitenote_active":false,"_monsterinsights_sitenote_note":"","_monsterinsights_sitenote_category":0,"_uf_show_specific_survey":0,"_uf_disable_surveys":false},"product_brand":[],"product_cat":[30,32],"product_tag":[],"class_list":{"0":"post-5252","1":"product","2":"type-product","3":"status-publish","4":"has-post-thumbnail","6":"product_cat-monitors-and-screens-cinesouk","7":"product_cat-streaming-cinesouk","9":"entry","10":"has-media","12":"first","13":"instock","14":"taxable","15":"shipping-taxable","16":"purchasable","17":"product-type-variable","18":"has-product-nav","19":"col","20":"span_1_of_3","21":"owp-content-center","22":"owp-thumbs-layout-horizontal","23":"owp-btn-normal","24":"owp-tabs-layout-horizontal","25":"has-no-thumbnails"},"yoast_head":"<!-- This site is optimized with the Yoast SEO Premium plugin v26.0 (Yoast SEO v26.0) - https:\/\/yoast.com\/wordpress\/plugins\/seo\/ -->\n<title>Atomos Ninja V Connect kit - CineSouk - Marrakech l Morocco - For rent<\/title>\n<meta name=\"description\" content=\"Elevate your live playback with Atomos Ninja V Connect kit. Real-time monitoring and streaming for professionals. CineSouk -\" \/>\n<meta name=\"robots\" content=\"index, follow, max-snippet:-1, max-image-preview:large, max-video-preview:-1\" \/>\n<link rel=\"canonical\" href=\"https:\/\/www.cinesouk.ma\/fr\/produit\/atomos-ninja-v-connect-kit\/\" \/>\n<meta property=\"og:locale\" content=\"fr_FR\" \/>\n<meta property=\"og:type\" content=\"article\" \/>\n<meta property=\"og:title\" content=\"Atomos Ninja V and Atomos Connect kit - 5&quot; Monitor\" \/>\n<meta property=\"og:description\" content=\"Elevate your live playback with Ninja V Atomos Connect Kit. Real-time monitoring and streaming for professionals.\" \/>\n<meta property=\"og:url\" content=\"https:\/\/www.cinesouk.ma\/fr\/produit\/atomos-ninja-v-connect-kit\/\" \/>\n<meta property=\"og:site_name\" content=\"CineSouk\" \/>\n<meta property=\"article:modified_time\" content=\"2025-03-21T10:55:59+00:00\" \/>\n<meta property=\"og:image\" content=\"https:\/\/www.cinesouk.ma\/wp-content\/uploads\/2024\/08\/kiktkitkit.jpg\" \/>\n\t<meta property=\"og:image:width\" content=\"300\" \/>\n\t<meta property=\"og:image:height\" content=\"238\" \/>\n\t<meta property=\"og:image:type\" content=\"image\/jpeg\" \/>\n<meta name=\"twitter:card\" content=\"summary_large_image\" \/>\n<meta name=\"twitter:title\" content=\"Atomos Ninja V Connect kit - 5&quot; Monitor\" \/>\n<meta name=\"twitter:description\" content=\"Elevate your live playback with Atomos Ninja V Connect kit. Real-time monitoring and streaming for professionals. CineSouk -\" \/>\n<meta name=\"twitter:label1\" content=\"Dur\u00e9e de lecture estim\u00e9e\" \/>\n\t<meta name=\"twitter:data1\" content=\"1 minute\" \/>\n<script type=\"application\/ld+json\" class=\"yoast-schema-graph\">{\"@context\":\"https:\/\/schema.org\",\"@graph\":[{\"@type\":\"WebPage\",\"@id\":\"https:\/\/www.cinesouk.ma\/product\/atomos-ninja-v-connect-kit\/\",\"url\":\"https:\/\/www.cinesouk.ma\/product\/atomos-ninja-v-connect-kit\/\",\"name\":\"Atomos Ninja V Connect kit - CineSouk - Marrakech l Morocco - For rent\",\"isPartOf\":{\"@id\":\"https:\/\/www.cinesouk.ma\/#website\"},\"primaryImageOfPage\":{\"@id\":\"https:\/\/www.cinesouk.ma\/product\/atomos-ninja-v-connect-kit\/#primaryimage\"},\"image\":{\"@id\":\"https:\/\/www.cinesouk.ma\/product\/atomos-ninja-v-connect-kit\/#primaryimage\"},\"thumbnailUrl\":\"https:\/\/www.cinesouk.ma\/wp-content\/uploads\/2024\/08\/kiktkitkit.jpg\",\"datePublished\":\"2024-08-20T17:25:58+00:00\",\"dateModified\":\"2025-03-21T10:55:59+00:00\",\"description\":\"Elevate your live playback with Atomos Ninja V Connect kit. Real-time monitoring and streaming for professionals. CineSouk -\",\"breadcrumb\":{\"@id\":\"https:\/\/www.cinesouk.ma\/product\/atomos-ninja-v-connect-kit\/#breadcrumb\"},\"inLanguage\":\"fr-FR\",\"potentialAction\":[{\"@type\":\"ReadAction\",\"target\":[\"https:\/\/www.cinesouk.ma\/product\/atomos-ninja-v-connect-kit\/\"]}]},{\"@type\":\"ImageObject\",\"inLanguage\":\"fr-FR\",\"@id\":\"https:\/\/www.cinesouk.ma\/product\/atomos-ninja-v-connect-kit\/#primaryimage\",\"url\":\"https:\/\/www.cinesouk.ma\/wp-content\/uploads\/2024\/08\/kiktkitkit.jpg\",\"contentUrl\":\"https:\/\/www.cinesouk.ma\/wp-content\/uploads\/2024\/08\/kiktkitkit.jpg\",\"width\":300,\"height\":238,\"caption\":\"Atomos Ninja V and Atomos Connect kit - 5\\\" Monitor\"},{\"@type\":\"BreadcrumbList\",\"@id\":\"https:\/\/www.cinesouk.ma\/product\/atomos-ninja-v-connect-kit\/#breadcrumb\",\"itemListElement\":[{\"@type\":\"ListItem\",\"position\":1,\"name\":\"Home\",\"item\":\"https:\/\/www.cinesouk.ma\/\"},{\"@type\":\"ListItem\",\"position\":2,\"name\":\"Shop\",\"item\":\"https:\/\/www.cinesouk.ma\/shop\/\"},{\"@type\":\"ListItem\",\"position\":3,\"name\":\"Atomos Ninja V Connect kit &#8211; 5&#8243; Monitor\"}]},{\"@type\":\"WebSite\",\"@id\":\"https:\/\/www.cinesouk.ma\/#website\",\"url\":\"https:\/\/www.cinesouk.ma\/\",\"name\":\"CineSouk\",\"description\":\"\",\"publisher\":{\"@id\":\"https:\/\/www.cinesouk.ma\/#organization\"},\"potentialAction\":[{\"@type\":\"SearchAction\",\"target\":{\"@type\":\"EntryPoint\",\"urlTemplate\":\"https:\/\/www.cinesouk.ma\/?s={search_term_string}\"},\"query-input\":{\"@type\":\"PropertyValueSpecification\",\"valueRequired\":true,\"valueName\":\"search_term_string\"}}],\"inLanguage\":\"fr-FR\"},{\"@type\":\"Organization\",\"@id\":\"https:\/\/www.cinesouk.ma\/#organization\",\"name\":\"CineSouk\",\"url\":\"https:\/\/www.cinesouk.ma\/\",\"logo\":{\"@type\":\"ImageObject\",\"inLanguage\":\"fr-FR\",\"@id\":\"https:\/\/www.cinesouk.ma\/#\/schema\/logo\/image\/\",\"url\":\"https:\/\/www.cinesouk.ma\/wp-content\/uploads\/2024\/01\/CineSouk-logo-v01-alpha-alligned-left.png\",\"contentUrl\":\"https:\/\/www.cinesouk.ma\/wp-content\/uploads\/2024\/01\/CineSouk-logo-v01-alpha-alligned-left.png\",\"width\":3204,\"height\":889,\"caption\":\"CineSouk\"},\"image\":{\"@id\":\"https:\/\/www.cinesouk.ma\/#\/schema\/logo\/image\/\"}}]}<\/script>\n<!-- \/ Yoast SEO Premium plugin. -->","yoast_head_json":{"title":"Atomos Ninja V Connect kit - CineSouk - Marrakech l Morocco - For rent","description":"Elevate your live playback with Atomos Ninja V Connect kit. Real-time monitoring and streaming for professionals. CineSouk -","robots":{"index":"index","follow":"follow","max-snippet":"max-snippet:-1","max-image-preview":"max-image-preview:large","max-video-preview":"max-video-preview:-1"},"canonical":"https:\/\/www.cinesouk.ma\/fr\/produit\/atomos-ninja-v-connect-kit\/","og_locale":"fr_FR","og_type":"article","og_title":"Atomos Ninja V and Atomos Connect kit - 5\" Monitor","og_description":"Elevate your live playback with Ninja V Atomos Connect Kit. Real-time monitoring and streaming for professionals.","og_url":"https:\/\/www.cinesouk.ma\/fr\/produit\/atomos-ninja-v-connect-kit\/","og_site_name":"CineSouk","article_modified_time":"2025-03-21T10:55:59+00:00","og_image":[{"width":300,"height":238,"url":"https:\/\/www.cinesouk.ma\/wp-content\/uploads\/2024\/08\/kiktkitkit.jpg","type":"image\/jpeg"}],"twitter_card":"summary_large_image","twitter_title":"Atomos Ninja V Connect kit - 5\" Monitor","twitter_description":"Elevate your live playback with Atomos Ninja V Connect kit. Real-time monitoring and streaming for professionals. CineSouk -","twitter_misc":{"Dur\u00e9e de lecture estim\u00e9e":"1 minute"},"schema":{"@context":"https:\/\/schema.org","@graph":[{"@type":"WebPage","@id":"https:\/\/www.cinesouk.ma\/product\/atomos-ninja-v-connect-kit\/","url":"https:\/\/www.cinesouk.ma\/product\/atomos-ninja-v-connect-kit\/","name":"Atomos Ninja V Connect kit - CineSouk - Marrakech l Morocco - For rent","isPartOf":{"@id":"https:\/\/www.cinesouk.ma\/#website"},"primaryImageOfPage":{"@id":"https:\/\/www.cinesouk.ma\/product\/atomos-ninja-v-connect-kit\/#primaryimage"},"image":{"@id":"https:\/\/www.cinesouk.ma\/product\/atomos-ninja-v-connect-kit\/#primaryimage"},"thumbnailUrl":"https:\/\/www.cinesouk.ma\/wp-content\/uploads\/2024\/08\/kiktkitkit.jpg","datePublished":"2024-08-20T17:25:58+00:00","dateModified":"2025-03-21T10:55:59+00:00","description":"Elevate your live playback with Atomos Ninja V Connect kit. Real-time monitoring and streaming for professionals. CineSouk -","breadcrumb":{"@id":"https:\/\/www.cinesouk.ma\/product\/atomos-ninja-v-connect-kit\/#breadcrumb"},"inLanguage":"fr-FR","potentialAction":[{"@type":"ReadAction","target":["https:\/\/www.cinesouk.ma\/product\/atomos-ninja-v-connect-kit\/"]}]},{"@type":"ImageObject","inLanguage":"fr-FR","@id":"https:\/\/www.cinesouk.ma\/product\/atomos-ninja-v-connect-kit\/#primaryimage","url":"https:\/\/www.cinesouk.ma\/wp-content\/uploads\/2024\/08\/kiktkitkit.jpg","contentUrl":"https:\/\/www.cinesouk.ma\/wp-content\/uploads\/2024\/08\/kiktkitkit.jpg","width":300,"height":238,"caption":"Atomos Ninja V and Atomos Connect kit - 5\" Monitor"},{"@type":"BreadcrumbList","@id":"https:\/\/www.cinesouk.ma\/product\/atomos-ninja-v-connect-kit\/#breadcrumb","itemListElement":[{"@type":"ListItem","position":1,"name":"Home","item":"https:\/\/www.cinesouk.ma\/"},{"@type":"ListItem","position":2,"name":"Shop","item":"https:\/\/www.cinesouk.ma\/shop\/"},{"@type":"ListItem","position":3,"name":"Atomos Ninja V Connect kit &#8211; 5&#8243; Monitor"}]},{"@type":"WebSite","@id":"https:\/\/www.cinesouk.ma\/#website","url":"https:\/\/www.cinesouk.ma\/","name":"CineSouk","description":"","publisher":{"@id":"https:\/\/www.cinesouk.ma\/#organization"},"potentialAction":[{"@type":"SearchAction","target":{"@type":"EntryPoint","urlTemplate":"https:\/\/www.cinesouk.ma\/?s={search_term_string}"},"query-input":{"@type":"PropertyValueSpecification","valueRequired":true,"valueName":"search_term_string"}}],"inLanguage":"fr-FR"},{"@type":"Organization","@id":"https:\/\/www.cinesouk.ma\/#organization","name":"CineSouk","url":"https:\/\/www.cinesouk.ma\/","logo":{"@type":"ImageObject","inLanguage":"fr-FR","@id":"https:\/\/www.cinesouk.ma\/#\/schema\/logo\/image\/","url":"https:\/\/www.cinesouk.ma\/wp-content\/uploads\/2024\/01\/CineSouk-logo-v01-alpha-alligned-left.png","contentUrl":"https:\/\/www.cinesouk.ma\/wp-content\/uploads\/2024\/01\/CineSouk-logo-v01-alpha-alligned-left.png","width":3204,"height":889,"caption":"CineSouk"},"image":{"@id":"https:\/\/www.cinesouk.ma\/#\/schema\/logo\/image\/"}}]}},"_links":{"self":[{"href":"https:\/\/www.cinesouk.ma\/fr\/wp-json\/wp\/v2\/product\/5252","targetHints":{"allow":["GET"]}}],"collection":[{"href":"https:\/\/www.cinesouk.ma\/fr\/wp-json\/wp\/v2\/product"}],"about":[{"href":"https:\/\/www.cinesouk.ma\/fr\/wp-json\/wp\/v2\/types\/product"}],"wp:featuredmedia":[{"embeddable":true,"href":"https:\/\/www.cinesouk.ma\/fr\/wp-json\/wp\/v2\/media\/8231"}],"wp:attachment":[{"href":"https:\/\/www.cinesouk.ma\/fr\/wp-json\/wp\/v2\/media?parent=5252"}],"wp:term":[{"taxonomy":"product_brand","embeddable":true,"href":"https:\/\/www.cinesouk.ma\/fr\/wp-json\/wp\/v2\/product_brand?post=5252"},{"taxonomy":"product_cat","embeddable":true,"href":"https:\/\/www.cinesouk.ma\/fr\/wp-json\/wp\/v2\/product_cat?post=5252"},{"taxonomy":"product_tag","embeddable":true,"href":"https:\/\/www.cinesouk.ma\/fr\/wp-json\/wp\/v2\/product_tag?post=5252"}],"curies":[{"name":"wp","href":"https:\/\/api.w.org\/{rel}","templated":true}]}}