{"id":5565,"date":"2024-08-20T17:00:33","date_gmt":"2024-08-20T17:00:33","guid":{"rendered":"https:\/\/www.cinesouk.ma\/?post_type=product&#038;p=5565"},"modified":"2025-08-22T15:27:46","modified_gmt":"2025-08-22T15:27:46","slug":"blackmagic-atem-1-m-e-production-studio-4k","status":"publish","type":"product","link":"https:\/\/www.cinesouk.ma\/fr\/produit\/blackmagic-atem-1-m-e-production-studio-4k\/","title":{"rendered":"Blackmagic ATEM 1 M\/E Production Studio 4K"},"content":{"rendered":"<p>Am\u00e9liorez vos \u00e9v\u00e9nements en direct avec le Blackmagic ATEM 1 M\/E Production Studio 4K, votre passerelle vers une production multicam transparente. Cet \u00e9quipement haut de gamme est con\u00e7u pour r\u00e9pondre aux exigences de la cin\u00e9matographie d'\u00e9v\u00e9nements en direct. Il offre une flexibilit\u00e9 et un contr\u00f4le in\u00e9gal\u00e9s. Les sp\u00e9cifications avanc\u00e9es permettent d'obtenir des images \u00e0 couper le souffle. Gr\u00e2ce \u00e0 ses caract\u00e9ristiques adapt\u00e9es aux productions en direct, ce studio puissant conf\u00e8re une touche professionnelle \u00e0 vos flux \u00e9v\u00e9nementiels. Sa conception intuitive en fait un choix fiable pour les professionnels chevronn\u00e9s comme pour ceux qui se lancent dans la couverture d'\u00e9v\u00e9nements en direct.<\/p>\n<p>Le mod\u00e8le avanc\u00e9 commute entre les normes vid\u00e9o SD, HD ou Ultra HD. Cependant, le setup multicam n'est pas seulement un commutateur, c'est une solution compl\u00e8te pour vos besoins de location de multicam. Sa technologie de pointe vous permet de capturer, de commuter et de diffuser vos \u00e9v\u00e9nements de mani\u00e8re transparente. Que vous couvriez des conf\u00e9rences, des concerts ou des \u00e9v\u00e9nements sportifs, cet \u00e9quipement vous garantit une production de qualit\u00e9 professionnelle.<\/p>\n<p>Dot\u00e9 de sp\u00e9cifications techniques telles que la r\u00e9solution Ultra HD, une connectivit\u00e9 polyvalente et des effets en temps r\u00e9el, le studio de production ATEM 1 M\/E 4K est la pierre angulaire d'une narration d'\u00e9v\u00e9nements en direct percutante. Alors que vous entrez dans le monde du streaming \u00e9v\u00e9nementiel, faites confiance \u00e0 la fiabilit\u00e9 et \u00e0 la pr\u00e9cision de cet \u00e9quipement pour que vos productions se distinguent r\u00e9ellement.<\/p>\n<p>Louez le Blackmagic ATEM 1 M\/E Production Studio 4K maintenant sur <a href=\"https:\/\/www.cinesouk.ma\/fr\">CINESOUK<\/a> - une marque de <a href=\"https:\/\/www.broadway.ma\/\">BROADWAY PRODUCTIONS SARL.<\/a><\/p>","protected":false},"excerpt":{"rendered":"<p>Sp\u00e9cifications<\/p>\n<p>Nombre total de couches : 8<br \/>\nCl\u00e9s en amont : 4<br \/>\nCl\u00e9s en aval : 2<br \/>\nCl\u00e9s lin\u00e9aires\/lumineuses : 7<br \/>\nClaviers chromatiques : 4<br \/>\nG\u00e9n\u00e9rateurs de motifs : 7<br \/>\nG\u00e9n\u00e9rateurs de couleurs : 2<br \/>\nClaviers de transition (DVE\/Stinger) : 1 et 1<br \/>\nInterface d'affichage : 1366 x 768<br \/>\nDVE avec effets 3D et ombres : 1<br \/>\nLecteurs de donn\u00e9es : 2<br \/>\nCanaux : Remplissage et cl\u00e9 pour chaque lecteur de donn\u00e9es<br \/>\nCapacit\u00e9 de stockage pour la r\u00e9serve de donn\u00e9es d'images fixes : 32 avec remplissage et cl\u00e9<br \/>\nCapacit\u00e9 de stockage des clips : 2 avec remplissage et cl\u00e9<br \/>\nLongueur maximale d'un clip en Ultra HD 4K : 180 images<br \/>\nLongueur maximale d'un clip en HD 1080 : 720 images<br \/>\nDur\u00e9e maximale d'un clip en HD 720p : 1600 images<br \/>\nLongueur maximale d'un clip en SD PAL\/NTSC : 3600 images<br \/>\nFormats d'images fixes : PNG, TGA, BMP, GIF, JPEG et TIFF<br \/>\nNombre de fen\u00eatres : 1 x 10<br \/>\nFen\u00eatres routables : 8<br \/>\nCompte-rendu : Indicateurs rouges pour le programme et verts pour l'aper\u00e7u<br \/>\n\u00c9tiquettes de la fen\u00eatre source : Oui<br \/>\nCompatibilit\u00e9 avec le panneau de contr\u00f4le : Comprend le logiciel ATEM Software Control Panel mais est \u00e9galement compatible avec les panneaux de diffusion ATEM 1 M\/E et ATEM 2 M\/E.<\/p>","protected":false},"featured_media":5566,"template":"","meta":{"om_disable_all_campaigns":false,"_monsterinsights_skip_tracking":false,"_monsterinsights_sitenote_active":false,"_monsterinsights_sitenote_note":"","_monsterinsights_sitenote_category":0,"_uf_show_specific_survey":0,"_uf_disable_surveys":false},"product_brand":[],"product_cat":[52,113,32,81],"product_tag":[],"class_list":{"0":"post-5565","1":"product","2":"type-product","3":"status-publish","4":"has-post-thumbnail","6":"product_cat-multicam-cinesouk","7":"product_cat-multicam-eventsouk","8":"product_cat-streaming-cinesouk","9":"product_cat-videomixers-cinesouk","11":"entry","12":"has-media","14":"first","15":"instock","16":"taxable","17":"shipping-taxable","18":"purchasable","19":"product-type-variable","20":"has-product-nav","21":"col","22":"span_1_of_3","23":"owp-content-center","24":"owp-thumbs-layout-horizontal","25":"owp-btn-normal","26":"owp-tabs-layout-horizontal","27":"has-no-thumbnails"},"yoast_head":"<!-- This site is optimized with the Yoast SEO Premium plugin v26.0 (Yoast SEO v26.0) - https:\/\/yoast.com\/wordpress\/plugins\/seo\/ -->\n<title>Blackmagic ATEM 1 M\/E Production Studio 4K - CineSouk - For rent<\/title>\n<meta name=\"description\" content=\"Elevate events with our Blackmagic ATEM 1 M\/E Production Studio 4K. Seamless multicam streaming for professional live productions. - CineSouk\" \/>\n<meta name=\"robots\" content=\"index, follow, max-snippet:-1, max-image-preview:large, max-video-preview:-1\" \/>\n<link rel=\"canonical\" href=\"https:\/\/www.cinesouk.ma\/fr\/produit\/blackmagic-atem-1-m-e-production-studio-4k\/\" \/>\n<meta property=\"og:locale\" content=\"fr_FR\" \/>\n<meta property=\"og:type\" content=\"article\" \/>\n<meta property=\"og:title\" content=\"Blackmagic ATEM 1 M\/E Production Studio 4K\" \/>\n<meta property=\"og:description\" content=\"Elevate events with our Blackmagic ATEM 1 M\/E Production Studio 4K. Seamless multicam streaming for professional live productions. - CineSouk\" \/>\n<meta property=\"og:url\" content=\"https:\/\/www.cinesouk.ma\/fr\/produit\/blackmagic-atem-1-m-e-production-studio-4k\/\" \/>\n<meta property=\"og:site_name\" content=\"CineSouk\" \/>\n<meta property=\"article:modified_time\" content=\"2025-08-22T15:27:46+00:00\" \/>\n<meta property=\"og:image\" content=\"https:\/\/www.cinesouk.ma\/wp-content\/uploads\/2024\/02\/ATEM-1-ME-Production-Studio-4K.jpg\" \/>\n\t<meta property=\"og:image:width\" content=\"300\" \/>\n\t<meta property=\"og:image:height\" content=\"238\" \/>\n\t<meta property=\"og:image:type\" content=\"image\/jpeg\" \/>\n<meta name=\"twitter:card\" content=\"summary_large_image\" \/>\n<meta name=\"twitter:description\" content=\"Elevate events with our Blackmagic ATEM 1 M\/E Production Studio 4K. Seamless multicam streaming for professional live productions. - CineSouk\" \/>\n<meta name=\"twitter:label1\" content=\"Dur\u00e9e de lecture estim\u00e9e\" \/>\n\t<meta name=\"twitter:data1\" content=\"2 minutes\" \/>\n<script type=\"application\/ld+json\" class=\"yoast-schema-graph\">{\"@context\":\"https:\/\/schema.org\",\"@graph\":[{\"@type\":\"WebPage\",\"@id\":\"https:\/\/www.cinesouk.ma\/product\/blackmagic-atem-1-m-e-production-studio-4k\/\",\"url\":\"https:\/\/www.cinesouk.ma\/product\/blackmagic-atem-1-m-e-production-studio-4k\/\",\"name\":\"Blackmagic ATEM 1 M\/E Production Studio 4K - CineSouk - For rent\",\"isPartOf\":{\"@id\":\"https:\/\/www.cinesouk.ma\/#website\"},\"primaryImageOfPage\":{\"@id\":\"https:\/\/www.cinesouk.ma\/product\/blackmagic-atem-1-m-e-production-studio-4k\/#primaryimage\"},\"image\":{\"@id\":\"https:\/\/www.cinesouk.ma\/product\/blackmagic-atem-1-m-e-production-studio-4k\/#primaryimage\"},\"thumbnailUrl\":\"https:\/\/www.cinesouk.ma\/wp-content\/uploads\/2024\/02\/ATEM-1-ME-Production-Studio-4K.jpg\",\"datePublished\":\"2024-08-20T17:00:33+00:00\",\"dateModified\":\"2025-08-22T15:27:46+00:00\",\"description\":\"Elevate events with our Blackmagic ATEM 1 M\/E Production Studio 4K. Seamless multicam streaming for professional live productions. - CineSouk\",\"breadcrumb\":{\"@id\":\"https:\/\/www.cinesouk.ma\/product\/blackmagic-atem-1-m-e-production-studio-4k\/#breadcrumb\"},\"inLanguage\":\"fr-FR\",\"potentialAction\":[{\"@type\":\"ReadAction\",\"target\":[\"https:\/\/www.cinesouk.ma\/product\/blackmagic-atem-1-m-e-production-studio-4k\/\"]}]},{\"@type\":\"ImageObject\",\"inLanguage\":\"fr-FR\",\"@id\":\"https:\/\/www.cinesouk.ma\/product\/blackmagic-atem-1-m-e-production-studio-4k\/#primaryimage\",\"url\":\"https:\/\/www.cinesouk.ma\/wp-content\/uploads\/2024\/02\/ATEM-1-ME-Production-Studio-4K.jpg\",\"contentUrl\":\"https:\/\/www.cinesouk.ma\/wp-content\/uploads\/2024\/02\/ATEM-1-ME-Production-Studio-4K.jpg\",\"width\":300,\"height\":238,\"caption\":\"Multicam production ATEM 1 M:E Production Studio 4K\"},{\"@type\":\"BreadcrumbList\",\"@id\":\"https:\/\/www.cinesouk.ma\/product\/blackmagic-atem-1-m-e-production-studio-4k\/#breadcrumb\",\"itemListElement\":[{\"@type\":\"ListItem\",\"position\":1,\"name\":\"Home\",\"item\":\"https:\/\/www.cinesouk.ma\/\"},{\"@type\":\"ListItem\",\"position\":2,\"name\":\"Shop\",\"item\":\"https:\/\/www.cinesouk.ma\/shop\/\"},{\"@type\":\"ListItem\",\"position\":3,\"name\":\"Blackmagic ATEM 1 M\/E Production Studio 4K\"}]},{\"@type\":\"WebSite\",\"@id\":\"https:\/\/www.cinesouk.ma\/#website\",\"url\":\"https:\/\/www.cinesouk.ma\/\",\"name\":\"CineSouk\",\"description\":\"\",\"publisher\":{\"@id\":\"https:\/\/www.cinesouk.ma\/#organization\"},\"potentialAction\":[{\"@type\":\"SearchAction\",\"target\":{\"@type\":\"EntryPoint\",\"urlTemplate\":\"https:\/\/www.cinesouk.ma\/?s={search_term_string}\"},\"query-input\":{\"@type\":\"PropertyValueSpecification\",\"valueRequired\":true,\"valueName\":\"search_term_string\"}}],\"inLanguage\":\"fr-FR\"},{\"@type\":\"Organization\",\"@id\":\"https:\/\/www.cinesouk.ma\/#organization\",\"name\":\"CineSouk\",\"url\":\"https:\/\/www.cinesouk.ma\/\",\"logo\":{\"@type\":\"ImageObject\",\"inLanguage\":\"fr-FR\",\"@id\":\"https:\/\/www.cinesouk.ma\/#\/schema\/logo\/image\/\",\"url\":\"https:\/\/www.cinesouk.ma\/wp-content\/uploads\/2024\/01\/CineSouk-logo-v01-alpha-alligned-left.png\",\"contentUrl\":\"https:\/\/www.cinesouk.ma\/wp-content\/uploads\/2024\/01\/CineSouk-logo-v01-alpha-alligned-left.png\",\"width\":3204,\"height\":889,\"caption\":\"CineSouk\"},\"image\":{\"@id\":\"https:\/\/www.cinesouk.ma\/#\/schema\/logo\/image\/\"}}]}<\/script>\n<!-- \/ Yoast SEO Premium plugin. -->","yoast_head_json":{"title":"Blackmagic ATEM 1 M\/E Production Studio 4K - CineSouk - For rent","description":"Elevate events with our Blackmagic ATEM 1 M\/E Production Studio 4K. Seamless multicam streaming for professional live productions. - CineSouk","robots":{"index":"index","follow":"follow","max-snippet":"max-snippet:-1","max-image-preview":"max-image-preview:large","max-video-preview":"max-video-preview:-1"},"canonical":"https:\/\/www.cinesouk.ma\/fr\/produit\/blackmagic-atem-1-m-e-production-studio-4k\/","og_locale":"fr_FR","og_type":"article","og_title":"Blackmagic ATEM 1 M\/E Production Studio 4K","og_description":"Elevate events with our Blackmagic ATEM 1 M\/E Production Studio 4K. Seamless multicam streaming for professional live productions. - CineSouk","og_url":"https:\/\/www.cinesouk.ma\/fr\/produit\/blackmagic-atem-1-m-e-production-studio-4k\/","og_site_name":"CineSouk","article_modified_time":"2025-08-22T15:27:46+00:00","og_image":[{"width":300,"height":238,"url":"https:\/\/www.cinesouk.ma\/wp-content\/uploads\/2024\/02\/ATEM-1-ME-Production-Studio-4K.jpg","type":"image\/jpeg"}],"twitter_card":"summary_large_image","twitter_description":"Elevate events with our Blackmagic ATEM 1 M\/E Production Studio 4K. Seamless multicam streaming for professional live productions. - CineSouk","twitter_misc":{"Dur\u00e9e de lecture estim\u00e9e":"2 minutes"},"schema":{"@context":"https:\/\/schema.org","@graph":[{"@type":"WebPage","@id":"https:\/\/www.cinesouk.ma\/product\/blackmagic-atem-1-m-e-production-studio-4k\/","url":"https:\/\/www.cinesouk.ma\/product\/blackmagic-atem-1-m-e-production-studio-4k\/","name":"Blackmagic ATEM 1 M\/E Production Studio 4K - CineSouk - For rent","isPartOf":{"@id":"https:\/\/www.cinesouk.ma\/#website"},"primaryImageOfPage":{"@id":"https:\/\/www.cinesouk.ma\/product\/blackmagic-atem-1-m-e-production-studio-4k\/#primaryimage"},"image":{"@id":"https:\/\/www.cinesouk.ma\/product\/blackmagic-atem-1-m-e-production-studio-4k\/#primaryimage"},"thumbnailUrl":"https:\/\/www.cinesouk.ma\/wp-content\/uploads\/2024\/02\/ATEM-1-ME-Production-Studio-4K.jpg","datePublished":"2024-08-20T17:00:33+00:00","dateModified":"2025-08-22T15:27:46+00:00","description":"Elevate events with our Blackmagic ATEM 1 M\/E Production Studio 4K. Seamless multicam streaming for professional live productions. - CineSouk","breadcrumb":{"@id":"https:\/\/www.cinesouk.ma\/product\/blackmagic-atem-1-m-e-production-studio-4k\/#breadcrumb"},"inLanguage":"fr-FR","potentialAction":[{"@type":"ReadAction","target":["https:\/\/www.cinesouk.ma\/product\/blackmagic-atem-1-m-e-production-studio-4k\/"]}]},{"@type":"ImageObject","inLanguage":"fr-FR","@id":"https:\/\/www.cinesouk.ma\/product\/blackmagic-atem-1-m-e-production-studio-4k\/#primaryimage","url":"https:\/\/www.cinesouk.ma\/wp-content\/uploads\/2024\/02\/ATEM-1-ME-Production-Studio-4K.jpg","contentUrl":"https:\/\/www.cinesouk.ma\/wp-content\/uploads\/2024\/02\/ATEM-1-ME-Production-Studio-4K.jpg","width":300,"height":238,"caption":"Multicam production ATEM 1 M:E Production Studio 4K"},{"@type":"BreadcrumbList","@id":"https:\/\/www.cinesouk.ma\/product\/blackmagic-atem-1-m-e-production-studio-4k\/#breadcrumb","itemListElement":[{"@type":"ListItem","position":1,"name":"Home","item":"https:\/\/www.cinesouk.ma\/"},{"@type":"ListItem","position":2,"name":"Shop","item":"https:\/\/www.cinesouk.ma\/shop\/"},{"@type":"ListItem","position":3,"name":"Blackmagic ATEM 1 M\/E Production Studio 4K"}]},{"@type":"WebSite","@id":"https:\/\/www.cinesouk.ma\/#website","url":"https:\/\/www.cinesouk.ma\/","name":"CineSouk","description":"","publisher":{"@id":"https:\/\/www.cinesouk.ma\/#organization"},"potentialAction":[{"@type":"SearchAction","target":{"@type":"EntryPoint","urlTemplate":"https:\/\/www.cinesouk.ma\/?s={search_term_string}"},"query-input":{"@type":"PropertyValueSpecification","valueRequired":true,"valueName":"search_term_string"}}],"inLanguage":"fr-FR"},{"@type":"Organization","@id":"https:\/\/www.cinesouk.ma\/#organization","name":"CineSouk","url":"https:\/\/www.cinesouk.ma\/","logo":{"@type":"ImageObject","inLanguage":"fr-FR","@id":"https:\/\/www.cinesouk.ma\/#\/schema\/logo\/image\/","url":"https:\/\/www.cinesouk.ma\/wp-content\/uploads\/2024\/01\/CineSouk-logo-v01-alpha-alligned-left.png","contentUrl":"https:\/\/www.cinesouk.ma\/wp-content\/uploads\/2024\/01\/CineSouk-logo-v01-alpha-alligned-left.png","width":3204,"height":889,"caption":"CineSouk"},"image":{"@id":"https:\/\/www.cinesouk.ma\/#\/schema\/logo\/image\/"}}]}},"_links":{"self":[{"href":"https:\/\/www.cinesouk.ma\/fr\/wp-json\/wp\/v2\/product\/5565","targetHints":{"allow":["GET"]}}],"collection":[{"href":"https:\/\/www.cinesouk.ma\/fr\/wp-json\/wp\/v2\/product"}],"about":[{"href":"https:\/\/www.cinesouk.ma\/fr\/wp-json\/wp\/v2\/types\/product"}],"wp:featuredmedia":[{"embeddable":true,"href":"https:\/\/www.cinesouk.ma\/fr\/wp-json\/wp\/v2\/media\/5566"}],"wp:attachment":[{"href":"https:\/\/www.cinesouk.ma\/fr\/wp-json\/wp\/v2\/media?parent=5565"}],"wp:term":[{"taxonomy":"product_brand","embeddable":true,"href":"https:\/\/www.cinesouk.ma\/fr\/wp-json\/wp\/v2\/product_brand?post=5565"},{"taxonomy":"product_cat","embeddable":true,"href":"https:\/\/www.cinesouk.ma\/fr\/wp-json\/wp\/v2\/product_cat?post=5565"},{"taxonomy":"product_tag","embeddable":true,"href":"https:\/\/www.cinesouk.ma\/fr\/wp-json\/wp\/v2\/product_tag?post=5565"}],"curies":[{"name":"wp","href":"https:\/\/api.w.org\/{rel}","templated":true}]}}