{"id":5577,"date":"2024-02-05T10:46:42","date_gmt":"2024-02-05T10:46:42","guid":{"rendered":"https:\/\/www.cinesouk.ma\/?post_type=product&#038;p=5577"},"modified":"2025-05-19T10:40:57","modified_gmt":"2025-05-19T10:40:57","slug":"focusrite-scarlett-18i20-3rd-gen-audio-interface","status":"publish","type":"product","link":"https:\/\/www.cinesouk.ma\/fr\/produit\/focusrite-scarlett-18i20-3rd-gen-audio-interface\/","title":{"rendered":"Interface audio Focusrite Scarlett 18i20 3rd Gen"},"content":{"rendered":"<p>L'interface audio Focusrite Scarlett 18i20 3rd Gen dispose de huit entr\u00e9es ligne sym\u00e9triques. Ces entr\u00e9es permettent de connecter des synth\u00e9tiseurs ou d'autres sources audio de niveau ligne. Il y a \u00e9galement dix sorties sym\u00e9triques. Les huit entr\u00e9es analogiques combinent des prises XLR et des prises jack qui peuvent \u00eatre utilis\u00e9es avec des microphones. L'interface de la Scarlett 18i20 dispose \u00e9galement de huit pr\u00e9amplis micro Scarlett de haute qualit\u00e9 avec alimentation fant\u00f4me 48V commutable.<\/p>\n<p>Le mode Air recr\u00e9e l'effet l\u00e9gendaire des micros ISA de Focusrite et fait briller les voix et les guitares. Les entr\u00e9es instrument \u00e0 haute imp\u00e9dance et \u00e0 haut rendement sont id\u00e9ales pour l'enregistrement de guitares ou de basses sans \u00e9cr\u00eatage. De plus, la Scarlett 18i20 dispose de dix sorties sym\u00e9triques, avec commutation des enceintes Anti Thump. Elles sont exemptes de ronflement pour un monitoring parfait et sont id\u00e9ales pour les d\u00e9parts d'effets. En outre, deux puissantes sorties casque avec commandes de niveau individuelles vous permettent d'effectuer le monitoring, le mixage et le mastering comme vous le souhaitez. Le micro talkback int\u00e9gr\u00e9 permet de parler facilement \u00e0 votre groupe ou \u00e0 votre \u00e9quipe pendant les sessions d'enregistrement les plus intenses.<\/p>\n<h3><strong>Caract\u00e9ristiques de l'interface audio Focusrite Scarlett 18i20 3rd Gen :<\/strong><\/h3>\n<ul>\n<li>Huit entr\u00e9es et dix sorties ; huit micros de 3e g\u00e9n\u00e9ration, deux entr\u00e9es instrument Hi-Z,<\/li>\n<li>Dix sorties sym\u00e9triques plus une entr\u00e9e et une sortie ADAT pour un maximum de huit canaux suppl\u00e9mentaires dans chaque sens.<\/li>\n<li>Air Mode donne vie aux voix et aux instruments acoustiques.<\/li>\n<li>Les convertisseurs 24 bits\/192 kHz offrent un son de qualit\u00e9 studio.<\/li>\n<li>Deux puissantes sorties casque avec commandes de niveau ind\u00e9pendantes.<\/li>\n<li>Focusrite Control facilite l'acheminement de l'audio et la cr\u00e9ation d'un mixage de contr\u00f4le parfait.<\/li>\n<li>Le bouclage simplifie la diffusion en continu et l'\u00e9chantillonnage.<\/li>\n<li>Microphone de retour de parole int\u00e9gr\u00e9.<\/li>\n<li>Connectivit\u00e9 flexible, avec MIDI et S\/PDIF.<\/li>\n<li>Connectivit\u00e9 USB-C, compatible avec macOS et Windows.<\/li>\n<\/ul>\n<p>Louez-le maintenant \u00e0 <a href=\"https:\/\/www.cinesouk.ma\/fr\">CINESOUK<\/a> - une marque de <a href=\"https:\/\/www.broadway.ma\/\">BROADWAY PRODUCTIONS SARL.<\/a><\/p>","protected":false},"excerpt":{"rendered":"<p>Sp\u00e9cifications<\/p>\n<p>Cha\u00eenes : 18<br \/>\nType d'interface : Interface audio USB 2.0<br \/>\nEntr\u00e9es de ligne : 8 (sym\u00e9triques)<br \/>\nPr\u00e9amplis micro : 8 pr\u00e9amplis micro Scarlett<br \/>\nSorties ligne : 10 (jack 6,3 mm, sym\u00e9trique)<br \/>\nConnectivit\u00e9 : USB-C pour la connexion \u00e0 une station de travail<\/p>","protected":false},"featured_media":5588,"template":"","meta":{"om_disable_all_campaigns":false,"_monsterinsights_skip_tracking":false,"_monsterinsights_sitenote_active":false,"_monsterinsights_sitenote_note":"","_monsterinsights_sitenote_category":0,"_uf_show_specific_survey":0,"_uf_disable_surveys":false},"product_brand":[],"product_cat":[87,95,35,32],"product_tag":[],"class_list":{"0":"post-5577","1":"product","2":"type-product","3":"status-publish","4":"has-post-thumbnail","6":"product_cat-capture-and-recorders-cinesouk","7":"product_cat-mixing-consoles-eventsouk","8":"product_cat-sound-cinesouk","9":"product_cat-streaming-cinesouk","11":"entry","12":"has-media","14":"first","15":"instock","16":"taxable","17":"shipping-taxable","18":"purchasable","19":"product-type-variable","20":"has-product-nav","21":"col","22":"span_1_of_3","23":"owp-content-center","24":"owp-thumbs-layout-horizontal","25":"owp-btn-normal","26":"owp-tabs-layout-horizontal","27":"has-no-thumbnails"},"yoast_head":"<!-- This site is optimized with the Yoast SEO Premium plugin v26.0 (Yoast SEO v26.0) - https:\/\/yoast.com\/wordpress\/plugins\/seo\/ -->\n<title>Focusrite Scarlett 18i20 3rd Gen audio interface - Marrakech | Morocco - CineSouk - For rent<\/title>\n<meta name=\"description\" content=\"An audio interface with eight balanced line inputs for connecting synthesizers or other line-level audio sources and ten balanced outputs. CineSouk -\" \/>\n<meta name=\"robots\" content=\"index, follow, max-snippet:-1, max-image-preview:large, max-video-preview:-1\" \/>\n<link rel=\"canonical\" href=\"https:\/\/www.cinesouk.ma\/fr\/produit\/focusrite-scarlett-18i20-3rd-gen-audio-interface\/\" \/>\n<meta property=\"og:locale\" content=\"fr_FR\" \/>\n<meta property=\"og:type\" content=\"article\" \/>\n<meta property=\"og:title\" content=\"Focusrite Scarlett 18i20 3rd Gen audio interface\" \/>\n<meta property=\"og:description\" content=\"An audio interface with eight balanced line inputs for connecting synthesizers or other line-level audio sources and ten balanced outputs. CineSouk -\" \/>\n<meta property=\"og:url\" content=\"https:\/\/www.cinesouk.ma\/fr\/produit\/focusrite-scarlett-18i20-3rd-gen-audio-interface\/\" \/>\n<meta property=\"og:site_name\" content=\"CineSouk\" \/>\n<meta property=\"article:modified_time\" content=\"2025-05-19T10:40:57+00:00\" \/>\n<meta name=\"twitter:card\" content=\"summary_large_image\" \/>\n<meta name=\"twitter:description\" content=\"An audio interface with eight balanced line inputs for connecting synthesizers or other line-level audio sources and ten balanced outputs. CineSouk -\" \/>\n<meta name=\"twitter:image\" content=\"https:\/\/www.cinesouk.ma\/wp-content\/uploads\/2024\/02\/Untitled-1.jpg\" \/>\n<meta name=\"twitter:label1\" content=\"Dur\u00e9e de lecture estim\u00e9e\" \/>\n\t<meta name=\"twitter:data1\" content=\"2 minutes\" \/>\n<script type=\"application\/ld+json\" class=\"yoast-schema-graph\">{\"@context\":\"https:\/\/schema.org\",\"@graph\":[{\"@type\":\"WebPage\",\"@id\":\"https:\/\/www.cinesouk.ma\/product\/focusrite-scarlett-18i20-3rd-gen-audio-interface\/\",\"url\":\"https:\/\/www.cinesouk.ma\/product\/focusrite-scarlett-18i20-3rd-gen-audio-interface\/\",\"name\":\"Focusrite Scarlett 18i20 3rd Gen audio interface - Marrakech | Morocco - CineSouk - For rent\",\"isPartOf\":{\"@id\":\"https:\/\/www.cinesouk.ma\/#website\"},\"primaryImageOfPage\":{\"@id\":\"https:\/\/www.cinesouk.ma\/product\/focusrite-scarlett-18i20-3rd-gen-audio-interface\/#primaryimage\"},\"image\":{\"@id\":\"https:\/\/www.cinesouk.ma\/product\/focusrite-scarlett-18i20-3rd-gen-audio-interface\/#primaryimage\"},\"thumbnailUrl\":\"https:\/\/www.cinesouk.ma\/wp-content\/uploads\/2024\/02\/Untitled-1.jpg\",\"datePublished\":\"2024-02-05T10:46:42+00:00\",\"dateModified\":\"2025-05-19T10:40:57+00:00\",\"description\":\"An audio interface with eight balanced line inputs for connecting synthesizers or other line-level audio sources and ten balanced outputs. CineSouk -\",\"breadcrumb\":{\"@id\":\"https:\/\/www.cinesouk.ma\/product\/focusrite-scarlett-18i20-3rd-gen-audio-interface\/#breadcrumb\"},\"inLanguage\":\"fr-FR\",\"potentialAction\":[{\"@type\":\"ReadAction\",\"target\":[\"https:\/\/www.cinesouk.ma\/product\/focusrite-scarlett-18i20-3rd-gen-audio-interface\/\"]}]},{\"@type\":\"ImageObject\",\"inLanguage\":\"fr-FR\",\"@id\":\"https:\/\/www.cinesouk.ma\/product\/focusrite-scarlett-18i20-3rd-gen-audio-interface\/#primaryimage\",\"url\":\"https:\/\/www.cinesouk.ma\/wp-content\/uploads\/2024\/02\/Untitled-1.jpg\",\"contentUrl\":\"https:\/\/www.cinesouk.ma\/wp-content\/uploads\/2024\/02\/Untitled-1.jpg\",\"width\":300,\"height\":238,\"caption\":\"sound production\"},{\"@type\":\"BreadcrumbList\",\"@id\":\"https:\/\/www.cinesouk.ma\/product\/focusrite-scarlett-18i20-3rd-gen-audio-interface\/#breadcrumb\",\"itemListElement\":[{\"@type\":\"ListItem\",\"position\":1,\"name\":\"Home\",\"item\":\"https:\/\/www.cinesouk.ma\/\"},{\"@type\":\"ListItem\",\"position\":2,\"name\":\"Shop\",\"item\":\"https:\/\/www.cinesouk.ma\/shop\/\"},{\"@type\":\"ListItem\",\"position\":3,\"name\":\"Focusrite Scarlett 18i20 3rd Gen audio interface\"}]},{\"@type\":\"WebSite\",\"@id\":\"https:\/\/www.cinesouk.ma\/#website\",\"url\":\"https:\/\/www.cinesouk.ma\/\",\"name\":\"CineSouk\",\"description\":\"\",\"publisher\":{\"@id\":\"https:\/\/www.cinesouk.ma\/#organization\"},\"potentialAction\":[{\"@type\":\"SearchAction\",\"target\":{\"@type\":\"EntryPoint\",\"urlTemplate\":\"https:\/\/www.cinesouk.ma\/?s={search_term_string}\"},\"query-input\":{\"@type\":\"PropertyValueSpecification\",\"valueRequired\":true,\"valueName\":\"search_term_string\"}}],\"inLanguage\":\"fr-FR\"},{\"@type\":\"Organization\",\"@id\":\"https:\/\/www.cinesouk.ma\/#organization\",\"name\":\"CineSouk\",\"url\":\"https:\/\/www.cinesouk.ma\/\",\"logo\":{\"@type\":\"ImageObject\",\"inLanguage\":\"fr-FR\",\"@id\":\"https:\/\/www.cinesouk.ma\/#\/schema\/logo\/image\/\",\"url\":\"https:\/\/www.cinesouk.ma\/wp-content\/uploads\/2024\/01\/CineSouk-logo-v01-alpha-alligned-left.png\",\"contentUrl\":\"https:\/\/www.cinesouk.ma\/wp-content\/uploads\/2024\/01\/CineSouk-logo-v01-alpha-alligned-left.png\",\"width\":3204,\"height\":889,\"caption\":\"CineSouk\"},\"image\":{\"@id\":\"https:\/\/www.cinesouk.ma\/#\/schema\/logo\/image\/\"}}]}<\/script>\n<!-- \/ Yoast SEO Premium plugin. -->","yoast_head_json":{"title":"Focusrite Scarlett 18i20 3rd Gen audio interface - Marrakech | Morocco - CineSouk - For rent","description":"An audio interface with eight balanced line inputs for connecting synthesizers or other line-level audio sources and ten balanced outputs. CineSouk -","robots":{"index":"index","follow":"follow","max-snippet":"max-snippet:-1","max-image-preview":"max-image-preview:large","max-video-preview":"max-video-preview:-1"},"canonical":"https:\/\/www.cinesouk.ma\/fr\/produit\/focusrite-scarlett-18i20-3rd-gen-audio-interface\/","og_locale":"fr_FR","og_type":"article","og_title":"Focusrite Scarlett 18i20 3rd Gen audio interface","og_description":"An audio interface with eight balanced line inputs for connecting synthesizers or other line-level audio sources and ten balanced outputs. CineSouk -","og_url":"https:\/\/www.cinesouk.ma\/fr\/produit\/focusrite-scarlett-18i20-3rd-gen-audio-interface\/","og_site_name":"CineSouk","article_modified_time":"2025-05-19T10:40:57+00:00","twitter_card":"summary_large_image","twitter_description":"An audio interface with eight balanced line inputs for connecting synthesizers or other line-level audio sources and ten balanced outputs. CineSouk -","twitter_image":"https:\/\/www.cinesouk.ma\/wp-content\/uploads\/2024\/02\/Untitled-1.jpg","twitter_misc":{"Dur\u00e9e de lecture estim\u00e9e":"2 minutes"},"schema":{"@context":"https:\/\/schema.org","@graph":[{"@type":"WebPage","@id":"https:\/\/www.cinesouk.ma\/product\/focusrite-scarlett-18i20-3rd-gen-audio-interface\/","url":"https:\/\/www.cinesouk.ma\/product\/focusrite-scarlett-18i20-3rd-gen-audio-interface\/","name":"Focusrite Scarlett 18i20 3rd Gen audio interface - Marrakech | Morocco - CineSouk - For rent","isPartOf":{"@id":"https:\/\/www.cinesouk.ma\/#website"},"primaryImageOfPage":{"@id":"https:\/\/www.cinesouk.ma\/product\/focusrite-scarlett-18i20-3rd-gen-audio-interface\/#primaryimage"},"image":{"@id":"https:\/\/www.cinesouk.ma\/product\/focusrite-scarlett-18i20-3rd-gen-audio-interface\/#primaryimage"},"thumbnailUrl":"https:\/\/www.cinesouk.ma\/wp-content\/uploads\/2024\/02\/Untitled-1.jpg","datePublished":"2024-02-05T10:46:42+00:00","dateModified":"2025-05-19T10:40:57+00:00","description":"An audio interface with eight balanced line inputs for connecting synthesizers or other line-level audio sources and ten balanced outputs. CineSouk -","breadcrumb":{"@id":"https:\/\/www.cinesouk.ma\/product\/focusrite-scarlett-18i20-3rd-gen-audio-interface\/#breadcrumb"},"inLanguage":"fr-FR","potentialAction":[{"@type":"ReadAction","target":["https:\/\/www.cinesouk.ma\/product\/focusrite-scarlett-18i20-3rd-gen-audio-interface\/"]}]},{"@type":"ImageObject","inLanguage":"fr-FR","@id":"https:\/\/www.cinesouk.ma\/product\/focusrite-scarlett-18i20-3rd-gen-audio-interface\/#primaryimage","url":"https:\/\/www.cinesouk.ma\/wp-content\/uploads\/2024\/02\/Untitled-1.jpg","contentUrl":"https:\/\/www.cinesouk.ma\/wp-content\/uploads\/2024\/02\/Untitled-1.jpg","width":300,"height":238,"caption":"sound production"},{"@type":"BreadcrumbList","@id":"https:\/\/www.cinesouk.ma\/product\/focusrite-scarlett-18i20-3rd-gen-audio-interface\/#breadcrumb","itemListElement":[{"@type":"ListItem","position":1,"name":"Home","item":"https:\/\/www.cinesouk.ma\/"},{"@type":"ListItem","position":2,"name":"Shop","item":"https:\/\/www.cinesouk.ma\/shop\/"},{"@type":"ListItem","position":3,"name":"Focusrite Scarlett 18i20 3rd Gen audio interface"}]},{"@type":"WebSite","@id":"https:\/\/www.cinesouk.ma\/#website","url":"https:\/\/www.cinesouk.ma\/","name":"CineSouk","description":"","publisher":{"@id":"https:\/\/www.cinesouk.ma\/#organization"},"potentialAction":[{"@type":"SearchAction","target":{"@type":"EntryPoint","urlTemplate":"https:\/\/www.cinesouk.ma\/?s={search_term_string}"},"query-input":{"@type":"PropertyValueSpecification","valueRequired":true,"valueName":"search_term_string"}}],"inLanguage":"fr-FR"},{"@type":"Organization","@id":"https:\/\/www.cinesouk.ma\/#organization","name":"CineSouk","url":"https:\/\/www.cinesouk.ma\/","logo":{"@type":"ImageObject","inLanguage":"fr-FR","@id":"https:\/\/www.cinesouk.ma\/#\/schema\/logo\/image\/","url":"https:\/\/www.cinesouk.ma\/wp-content\/uploads\/2024\/01\/CineSouk-logo-v01-alpha-alligned-left.png","contentUrl":"https:\/\/www.cinesouk.ma\/wp-content\/uploads\/2024\/01\/CineSouk-logo-v01-alpha-alligned-left.png","width":3204,"height":889,"caption":"CineSouk"},"image":{"@id":"https:\/\/www.cinesouk.ma\/#\/schema\/logo\/image\/"}}]}},"_links":{"self":[{"href":"https:\/\/www.cinesouk.ma\/fr\/wp-json\/wp\/v2\/product\/5577","targetHints":{"allow":["GET"]}}],"collection":[{"href":"https:\/\/www.cinesouk.ma\/fr\/wp-json\/wp\/v2\/product"}],"about":[{"href":"https:\/\/www.cinesouk.ma\/fr\/wp-json\/wp\/v2\/types\/product"}],"wp:featuredmedia":[{"embeddable":true,"href":"https:\/\/www.cinesouk.ma\/fr\/wp-json\/wp\/v2\/media\/5588"}],"wp:attachment":[{"href":"https:\/\/www.cinesouk.ma\/fr\/wp-json\/wp\/v2\/media?parent=5577"}],"wp:term":[{"taxonomy":"product_brand","embeddable":true,"href":"https:\/\/www.cinesouk.ma\/fr\/wp-json\/wp\/v2\/product_brand?post=5577"},{"taxonomy":"product_cat","embeddable":true,"href":"https:\/\/www.cinesouk.ma\/fr\/wp-json\/wp\/v2\/product_cat?post=5577"},{"taxonomy":"product_tag","embeddable":true,"href":"https:\/\/www.cinesouk.ma\/fr\/wp-json\/wp\/v2\/product_tag?post=5577"}],"curies":[{"name":"wp","href":"https:\/\/api.w.org\/{rel}","templated":true}]}}