{"id":5666,"date":"2025-03-08T15:22:59","date_gmt":"2025-03-08T15:22:59","guid":{"rendered":"https:\/\/www.cinesouk.ma\/?post_type=product&#038;p=5666"},"modified":"2026-01-24T14:06:51","modified_gmt":"2026-01-24T14:06:51","slug":"manfrotto-chroma-green-screen","status":"publish","type":"product","link":"https:\/\/www.cinesouk.ma\/fr\/produit\/manfrotto-chroma-green-screen\/","title":{"rendered":"Kit de fond d'\u00e9cran vert Manfrotto Chroma"},"content":{"rendered":"<p>Le kit d'\u00e9cran vert Chroma Panoramic Background de Manfrotto est dot\u00e9 d'une surface verte vibrante et infroissable qui facilite un \u00e9clairage uniforme et des effets chroma key propres. Sa construction robuste garantit sa durabilit\u00e9, tandis que sa facilit\u00e9 d'installation et de stockage en fait un choix id\u00e9al pour les professionnels \u00e0 la recherche d'une solution d'\u00e9cran vert fiable pour la production vid\u00e9o, les arri\u00e8re-plans virtuels et les effets sp\u00e9ciaux.<\/p>\n<h3>Caract\u00e9ristiques de l'\u00e9cran vert Manfrotto :<\/h3>\n<ul>\n<li>\u00c9cran vert professionnel : Fournit une surface verte uniforme parfaite pour l'incrustation chromatique et la suppression de l'arri\u00e8re-plan.<\/li>\n<li>Grande taille : Ses dimensions g\u00e9n\u00e9reuses lui permettent de couvrir une large zone, ce qui convient \u00e0 diff\u00e9rents types de prises de vue, y compris des prises de vue de l'ensemble du corps.<\/li>\n<li>Mat\u00e9riau infroissable : Minimise les plis et les ombres, garantissant un arri\u00e8re-plan lisse et propre pour l'incrustation chromatique.<\/li>\n<li>Installation facile : Il s'agit d'une conception simple et rapide, id\u00e9ale pour une utilisation en studio ou sur site.<\/li>\n<li>Construction durable : Con\u00e7ue pour r\u00e9sister \u00e0 une utilisation r\u00e9guli\u00e8re tout en conservant une qualit\u00e9 visuelle \u00e9lev\u00e9e.<\/li>\n<li>L\u00e9ger et portable : Pratique \u00e0 transporter et \u00e0 ranger, parfait pour les installations mobiles.<\/li>\n<\/ul>\n<p>Louez le kit d'\u00e9cran Manfrotto Panoramic Background Chroma Green d\u00e8s maintenant sur <a href=\"https:\/\/www.cinesouk.ma\/fr\">CINESOUK<\/a> - une marque de <a href=\"https:\/\/www.broadway.ma\/\">BROADWAY PRODUCTIONS SARL.<\/a><\/p>","protected":false},"excerpt":{"rendered":"<p>Sp\u00e9cifications :<\/p>\n<p>Grandes dimensions ext\u00e9rieures (400 x 290 cm) et emballage tr\u00e8s compact (103 x 30 cm)<br \/>\nDimensions de la couverture de l'\u00e9cran vert : 3,9 x 2,8 m<br \/>\nLes segments du cadre en aluminium sont fix\u00e9s les uns aux autres \u00e0 l'aide de quatre clips d'articulation.<br \/>\nSe tient debout sans autre support en d\u00e9pliant les cadres ext\u00e9rieurs comme des ailes.<br \/>\nEn s'appuyant sur un mur, on peut utiliser toute la largeur.<br \/>\nLe cordon \u00e9lastique dans le cadre permet un assemblage rapide et \u00e9vite de perdre des pi\u00e8ces.<br \/>\n2 tendeurs garantissent que la toile de fond est tendue et presque sans plis.<br \/>\nPoids : 9,8 kg<br \/>\nContenu de la livraison : Cadre pliable, \u00e9cran vert et sac de transport<\/p>","protected":false},"featured_media":6992,"template":"","meta":{"om_disable_all_campaigns":false,"_monsterinsights_skip_tracking":false,"_monsterinsights_sitenote_active":false,"_monsterinsights_sitenote_note":"","_monsterinsights_sitenote_category":0,"_uf_show_specific_survey":0,"_uf_disable_surveys":false},"product_brand":[],"product_cat":[38,79],"product_tag":[],"class_list":{"0":"post-5666","1":"product","2":"type-product","3":"status-publish","4":"has-post-thumbnail","6":"product_cat-grip-cinesouk","7":"product_cat-photography-cinesouk","9":"entry","10":"has-media","12":"first","13":"instock","14":"taxable","15":"shipping-taxable","16":"purchasable","17":"product-type-variable","18":"has-product-nav","19":"col","20":"span_1_of_3","21":"owp-content-center","22":"owp-thumbs-layout-horizontal","23":"owp-btn-normal","24":"owp-tabs-layout-horizontal","25":"has-no-thumbnails"},"yoast_head":"<!-- This site is optimized with the Yoast SEO Premium plugin v26.0 (Yoast SEO v26.0) - https:\/\/yoast.com\/wordpress\/plugins\/seo\/ -->\n<title>Manfrotto Chroma Green screen background kit - CineSouk - For rent<\/title>\n<meta name=\"description\" content=\"Rent the Manfrotto Chroma Green screen background kit. Wrinkle-resistant, perfect for studio and on-location shoots. - CineSouk\" \/>\n<meta name=\"robots\" content=\"index, follow, max-snippet:-1, max-image-preview:large, max-video-preview:-1\" \/>\n<link rel=\"canonical\" href=\"https:\/\/www.cinesouk.ma\/fr\/produit\/manfrotto-chroma-green-screen\/\" \/>\n<meta property=\"og:locale\" content=\"fr_FR\" \/>\n<meta property=\"og:type\" content=\"article\" \/>\n<meta property=\"og:title\" content=\"Manfrotto Green screen background kit\" \/>\n<meta property=\"og:description\" content=\"Rent the Manfrotto Chroma Green screen background kit. Wrinkle-resistant, perfect for studio and on-location shoots. - CineSouk\" \/>\n<meta property=\"og:url\" content=\"https:\/\/www.cinesouk.ma\/fr\/produit\/manfrotto-chroma-green-screen\/\" \/>\n<meta property=\"og:site_name\" content=\"CineSouk\" \/>\n<meta property=\"article:modified_time\" content=\"2026-01-24T14:06:51+00:00\" \/>\n<meta property=\"og:image\" content=\"https:\/\/www.cinesouk.ma\/wp-content\/uploads\/2024\/02\/22.jpg\" \/>\n\t<meta property=\"og:image:width\" content=\"300\" \/>\n\t<meta property=\"og:image:height\" content=\"238\" \/>\n\t<meta property=\"og:image:type\" content=\"image\/jpeg\" \/>\n<meta name=\"twitter:card\" content=\"summary_large_image\" \/>\n<meta name=\"twitter:title\" content=\"Manfrotto Chroma Green screen background kit\" \/>\n<meta name=\"twitter:description\" content=\"Rent the Manfrotto Chroma Green screen background kit. Wrinkle-resistant, perfect for studio and on-location shoots. - CineSouk\" \/>\n<meta name=\"twitter:label1\" content=\"Dur\u00e9e de lecture estim\u00e9e\" \/>\n\t<meta name=\"twitter:data1\" content=\"1 minute\" \/>\n<script type=\"application\/ld+json\" class=\"yoast-schema-graph\">{\"@context\":\"https:\/\/schema.org\",\"@graph\":[{\"@type\":\"WebPage\",\"@id\":\"https:\/\/www.cinesouk.ma\/product\/manfrotto-chroma-green-screen\/\",\"url\":\"https:\/\/www.cinesouk.ma\/product\/manfrotto-chroma-green-screen\/\",\"name\":\"Manfrotto Chroma Green screen background kit - CineSouk - For rent\",\"isPartOf\":{\"@id\":\"https:\/\/www.cinesouk.ma\/#website\"},\"primaryImageOfPage\":{\"@id\":\"https:\/\/www.cinesouk.ma\/product\/manfrotto-chroma-green-screen\/#primaryimage\"},\"image\":{\"@id\":\"https:\/\/www.cinesouk.ma\/product\/manfrotto-chroma-green-screen\/#primaryimage\"},\"thumbnailUrl\":\"https:\/\/www.cinesouk.ma\/wp-content\/uploads\/2024\/02\/22.jpg\",\"datePublished\":\"2025-03-08T15:22:59+00:00\",\"dateModified\":\"2026-01-24T14:06:51+00:00\",\"description\":\"Rent the Manfrotto Chroma Green screen background kit. Wrinkle-resistant, perfect for studio and on-location shoots. - CineSouk\",\"breadcrumb\":{\"@id\":\"https:\/\/www.cinesouk.ma\/product\/manfrotto-chroma-green-screen\/#breadcrumb\"},\"inLanguage\":\"fr-FR\",\"potentialAction\":[{\"@type\":\"ReadAction\",\"target\":[\"https:\/\/www.cinesouk.ma\/product\/manfrotto-chroma-green-screen\/\"]}]},{\"@type\":\"ImageObject\",\"inLanguage\":\"fr-FR\",\"@id\":\"https:\/\/www.cinesouk.ma\/product\/manfrotto-chroma-green-screen\/#primaryimage\",\"url\":\"https:\/\/www.cinesouk.ma\/wp-content\/uploads\/2024\/02\/22.jpg\",\"contentUrl\":\"https:\/\/www.cinesouk.ma\/wp-content\/uploads\/2024\/02\/22.jpg\",\"width\":300,\"height\":238,\"caption\":\"Manfrotto Green screen background kit\"},{\"@type\":\"BreadcrumbList\",\"@id\":\"https:\/\/www.cinesouk.ma\/product\/manfrotto-chroma-green-screen\/#breadcrumb\",\"itemListElement\":[{\"@type\":\"ListItem\",\"position\":1,\"name\":\"Home\",\"item\":\"https:\/\/www.cinesouk.ma\/\"},{\"@type\":\"ListItem\",\"position\":2,\"name\":\"Shop\",\"item\":\"https:\/\/www.cinesouk.ma\/shop\/\"},{\"@type\":\"ListItem\",\"position\":3,\"name\":\"Manfrotto Chroma Green screen background kit\"}]},{\"@type\":\"WebSite\",\"@id\":\"https:\/\/www.cinesouk.ma\/#website\",\"url\":\"https:\/\/www.cinesouk.ma\/\",\"name\":\"CineSouk\",\"description\":\"\",\"publisher\":{\"@id\":\"https:\/\/www.cinesouk.ma\/#organization\"},\"potentialAction\":[{\"@type\":\"SearchAction\",\"target\":{\"@type\":\"EntryPoint\",\"urlTemplate\":\"https:\/\/www.cinesouk.ma\/?s={search_term_string}\"},\"query-input\":{\"@type\":\"PropertyValueSpecification\",\"valueRequired\":true,\"valueName\":\"search_term_string\"}}],\"inLanguage\":\"fr-FR\"},{\"@type\":\"Organization\",\"@id\":\"https:\/\/www.cinesouk.ma\/#organization\",\"name\":\"CineSouk\",\"url\":\"https:\/\/www.cinesouk.ma\/\",\"logo\":{\"@type\":\"ImageObject\",\"inLanguage\":\"fr-FR\",\"@id\":\"https:\/\/www.cinesouk.ma\/#\/schema\/logo\/image\/\",\"url\":\"https:\/\/www.cinesouk.ma\/wp-content\/uploads\/2024\/01\/CineSouk-logo-v01-alpha-alligned-left.png\",\"contentUrl\":\"https:\/\/www.cinesouk.ma\/wp-content\/uploads\/2024\/01\/CineSouk-logo-v01-alpha-alligned-left.png\",\"width\":3204,\"height\":889,\"caption\":\"CineSouk\"},\"image\":{\"@id\":\"https:\/\/www.cinesouk.ma\/#\/schema\/logo\/image\/\"}}]}<\/script>\n<!-- \/ Yoast SEO Premium plugin. -->","yoast_head_json":{"title":"Manfrotto Chroma Green screen background kit - CineSouk - For rent","description":"Rent the Manfrotto Chroma Green screen background kit. Wrinkle-resistant, perfect for studio and on-location shoots. - CineSouk","robots":{"index":"index","follow":"follow","max-snippet":"max-snippet:-1","max-image-preview":"max-image-preview:large","max-video-preview":"max-video-preview:-1"},"canonical":"https:\/\/www.cinesouk.ma\/fr\/produit\/manfrotto-chroma-green-screen\/","og_locale":"fr_FR","og_type":"article","og_title":"Manfrotto Green screen background kit","og_description":"Rent the Manfrotto Chroma Green screen background kit. Wrinkle-resistant, perfect for studio and on-location shoots. - CineSouk","og_url":"https:\/\/www.cinesouk.ma\/fr\/produit\/manfrotto-chroma-green-screen\/","og_site_name":"CineSouk","article_modified_time":"2026-01-24T14:06:51+00:00","og_image":[{"width":300,"height":238,"url":"https:\/\/www.cinesouk.ma\/wp-content\/uploads\/2024\/02\/22.jpg","type":"image\/jpeg"}],"twitter_card":"summary_large_image","twitter_title":"Manfrotto Chroma Green screen background kit","twitter_description":"Rent the Manfrotto Chroma Green screen background kit. Wrinkle-resistant, perfect for studio and on-location shoots. - CineSouk","twitter_misc":{"Dur\u00e9e de lecture estim\u00e9e":"1 minute"},"schema":{"@context":"https:\/\/schema.org","@graph":[{"@type":"WebPage","@id":"https:\/\/www.cinesouk.ma\/product\/manfrotto-chroma-green-screen\/","url":"https:\/\/www.cinesouk.ma\/product\/manfrotto-chroma-green-screen\/","name":"Manfrotto Chroma Green screen background kit - CineSouk - For rent","isPartOf":{"@id":"https:\/\/www.cinesouk.ma\/#website"},"primaryImageOfPage":{"@id":"https:\/\/www.cinesouk.ma\/product\/manfrotto-chroma-green-screen\/#primaryimage"},"image":{"@id":"https:\/\/www.cinesouk.ma\/product\/manfrotto-chroma-green-screen\/#primaryimage"},"thumbnailUrl":"https:\/\/www.cinesouk.ma\/wp-content\/uploads\/2024\/02\/22.jpg","datePublished":"2025-03-08T15:22:59+00:00","dateModified":"2026-01-24T14:06:51+00:00","description":"Rent the Manfrotto Chroma Green screen background kit. Wrinkle-resistant, perfect for studio and on-location shoots. - CineSouk","breadcrumb":{"@id":"https:\/\/www.cinesouk.ma\/product\/manfrotto-chroma-green-screen\/#breadcrumb"},"inLanguage":"fr-FR","potentialAction":[{"@type":"ReadAction","target":["https:\/\/www.cinesouk.ma\/product\/manfrotto-chroma-green-screen\/"]}]},{"@type":"ImageObject","inLanguage":"fr-FR","@id":"https:\/\/www.cinesouk.ma\/product\/manfrotto-chroma-green-screen\/#primaryimage","url":"https:\/\/www.cinesouk.ma\/wp-content\/uploads\/2024\/02\/22.jpg","contentUrl":"https:\/\/www.cinesouk.ma\/wp-content\/uploads\/2024\/02\/22.jpg","width":300,"height":238,"caption":"Manfrotto Green screen background kit"},{"@type":"BreadcrumbList","@id":"https:\/\/www.cinesouk.ma\/product\/manfrotto-chroma-green-screen\/#breadcrumb","itemListElement":[{"@type":"ListItem","position":1,"name":"Home","item":"https:\/\/www.cinesouk.ma\/"},{"@type":"ListItem","position":2,"name":"Shop","item":"https:\/\/www.cinesouk.ma\/shop\/"},{"@type":"ListItem","position":3,"name":"Manfrotto Chroma Green screen background kit"}]},{"@type":"WebSite","@id":"https:\/\/www.cinesouk.ma\/#website","url":"https:\/\/www.cinesouk.ma\/","name":"CineSouk","description":"","publisher":{"@id":"https:\/\/www.cinesouk.ma\/#organization"},"potentialAction":[{"@type":"SearchAction","target":{"@type":"EntryPoint","urlTemplate":"https:\/\/www.cinesouk.ma\/?s={search_term_string}"},"query-input":{"@type":"PropertyValueSpecification","valueRequired":true,"valueName":"search_term_string"}}],"inLanguage":"fr-FR"},{"@type":"Organization","@id":"https:\/\/www.cinesouk.ma\/#organization","name":"CineSouk","url":"https:\/\/www.cinesouk.ma\/","logo":{"@type":"ImageObject","inLanguage":"fr-FR","@id":"https:\/\/www.cinesouk.ma\/#\/schema\/logo\/image\/","url":"https:\/\/www.cinesouk.ma\/wp-content\/uploads\/2024\/01\/CineSouk-logo-v01-alpha-alligned-left.png","contentUrl":"https:\/\/www.cinesouk.ma\/wp-content\/uploads\/2024\/01\/CineSouk-logo-v01-alpha-alligned-left.png","width":3204,"height":889,"caption":"CineSouk"},"image":{"@id":"https:\/\/www.cinesouk.ma\/#\/schema\/logo\/image\/"}}]}},"_links":{"self":[{"href":"https:\/\/www.cinesouk.ma\/fr\/wp-json\/wp\/v2\/product\/5666","targetHints":{"allow":["GET"]}}],"collection":[{"href":"https:\/\/www.cinesouk.ma\/fr\/wp-json\/wp\/v2\/product"}],"about":[{"href":"https:\/\/www.cinesouk.ma\/fr\/wp-json\/wp\/v2\/types\/product"}],"wp:featuredmedia":[{"embeddable":true,"href":"https:\/\/www.cinesouk.ma\/fr\/wp-json\/wp\/v2\/media\/6992"}],"wp:attachment":[{"href":"https:\/\/www.cinesouk.ma\/fr\/wp-json\/wp\/v2\/media?parent=5666"}],"wp:term":[{"taxonomy":"product_brand","embeddable":true,"href":"https:\/\/www.cinesouk.ma\/fr\/wp-json\/wp\/v2\/product_brand?post=5666"},{"taxonomy":"product_cat","embeddable":true,"href":"https:\/\/www.cinesouk.ma\/fr\/wp-json\/wp\/v2\/product_cat?post=5666"},{"taxonomy":"product_tag","embeddable":true,"href":"https:\/\/www.cinesouk.ma\/fr\/wp-json\/wp\/v2\/product_tag?post=5666"}],"curies":[{"name":"wp","href":"https:\/\/api.w.org\/{rel}","templated":true}]}}