{"id":5838,"date":"2025-03-09T07:20:24","date_gmt":"2025-03-09T07:20:24","guid":{"rendered":"https:\/\/www.cinesouk.ma\/?post_type=product&#038;p=5838"},"modified":"2025-08-26T13:05:19","modified_gmt":"2025-08-26T13:05:19","slug":"amaran-f22c-led-panel","status":"publish","type":"product","link":"https:\/\/www.cinesouk.ma\/fr\/produit\/amaran-f22c-led-panel\/","title":{"rendered":"Panneau LED Amaran F22C"},"content":{"rendered":"<p>Le panneau LED Amaran F22C est un panneau lumineux LED bicolore con\u00e7u pour les cin\u00e9astes et photographes professionnels qui ont besoin de solutions d'\u00e9clairage fiables et flexibles. Dot\u00e9 de fonctions avanc\u00e9es et d'une conception conviviale, il fournit un \u00e9clairage de haute qualit\u00e9 adapt\u00e9 \u00e0 toute une s\u00e9rie d'applications cr\u00e9atives.<\/p>\n<h4>Caract\u00e9ristiques principales du panneau LED Amaran F22C<\/h4>\n<ul>\n<li>Temp\u00e9rature bicolore : L'Amaran F22C offre une plage de temp\u00e9rature de couleur r\u00e9glable de 2500K \u00e0 7500K. Cela vous permet de vous adapter \u00e0 la lumi\u00e8re ambiante ou de cr\u00e9er des effets d'\u00e9clairage uniques en toute transparence. Cette large gamme garantit la flexibilit\u00e9 dans diff\u00e9rents environnements de prise de vue.<\/li>\n<li>Haute pr\u00e9cision des couleurs : Avec un indice CRI\/TLCI \u00e9lev\u00e9, la F22c offre une pr\u00e9cision des couleurs exceptionnelle. Cette pr\u00e9cision est essentielle pour obtenir des tons de peau naturels et une reproduction pr\u00e9cise des couleurs, tant en vid\u00e9o qu'en photographie.<\/li>\n<li>Contr\u00f4le de la gradation en douceur : Le panneau offre des capacit\u00e9s de gradation fine de 0% \u00e0 100%, permettant un contr\u00f4le pr\u00e9cis de l'intensit\u00e9 lumineuse sans affecter la temp\u00e9rature de couleur, garantissant ainsi des conditions d'\u00e9clairage homog\u00e8nes.<\/li>\n<li>Compact et l\u00e9ger : son profil mince et sa conception l\u00e9g\u00e8re rendent le F22c extr\u00eamement portable et facile \u00e0 installer, que ce soit en studio ou en ext\u00e9rieur. La taille compacte facilite l'utilisation dans les espaces restreints et ajoute un minimum d'encombrement \u00e0 votre \u00e9quipement.<\/li>\n<li>Options de montage int\u00e9gr\u00e9es : Le panneau LED comprend des options de montage int\u00e9gr\u00e9es permettant de le fixer facilement \u00e0 des pieds d'\u00e9clairage ou \u00e0 d'autres syst\u00e8mes de support. Il est \u00e9galement \u00e9quip\u00e9 d'une griffe froide, ce qui accro\u00eet sa polyvalence pour diverses configurations.<\/li>\n<li>Options d'alimentation flexibles : La F22C peut \u00eatre aliment\u00e9e par le secteur ou par les batteries NP-F de Sony. Il offre ainsi une grande flexibilit\u00e9 pour les prises de vue en studio et en ext\u00e9rieur. Cette double alimentation permet d'utiliser le panneau dans une grande vari\u00e9t\u00e9 de contextes.<\/li>\n<\/ul>\n<p>Louez-le maintenant sur <a href=\"https:\/\/www.cinesouk.ma\/fr\">CINESOUK<\/a> - une marque de <a href=\"https:\/\/www.broadway.ma\/\">BROADWAY PRODUCTIONS SARL.<\/a><\/p>","protected":false},"excerpt":{"rendered":"<p>Sp\u00e9cifications :<\/p>\n<p>Temp\u00e9rature de couleur : 2500K \u00e0 7500K<br \/>\nPr\u00e9cision des couleurs : indice CRI\/TLCI \u00e9lev\u00e9<br \/>\nGamme de gradation : 0% \u00e0 100%<br \/>\nConception : Compact et l\u00e9ger<br \/>\nMontage : Options de montage int\u00e9gr\u00e9es, montage sur sabot froid<br \/>\nOptions d'alimentation : Alimentation CA et batteries Sony NP-F<br \/>\nDimensions : 220 mm x 140 mm x 40 mm : 220 mm x 140 mm x 40 mm<br \/>\nPoids : Environ 900 g<\/p>","protected":false},"featured_media":13207,"template":"","meta":{"om_disable_all_campaigns":false,"_monsterinsights_skip_tracking":false,"_monsterinsights_sitenote_active":false,"_monsterinsights_sitenote_note":"","_monsterinsights_sitenote_category":0,"_uf_show_specific_survey":0,"_uf_disable_surveys":false},"product_brand":[],"product_cat":[131,83,20,53],"product_tag":[],"class_list":{"0":"post-5838","1":"product","2":"type-product","3":"status-publish","4":"has-post-thumbnail","6":"product_cat-light-eventsouk","7":"product_cat-efp-eng-cinesouk","8":"product_cat-light-cinesouk","9":"product_cat-popular-cinesouk","11":"entry","12":"has-media","14":"first","15":"instock","16":"taxable","17":"shipping-taxable","18":"purchasable","19":"product-type-variable","20":"has-product-nav","21":"col","22":"span_1_of_3","23":"owp-content-center","24":"owp-thumbs-layout-horizontal","25":"owp-btn-normal","26":"owp-tabs-layout-horizontal"},"yoast_head":"<!-- This site is optimized with the Yoast SEO Premium plugin v26.0 (Yoast SEO v26.0) - https:\/\/yoast.com\/wordpress\/plugins\/seo\/ -->\n<title>Amaran F22C LED Panel - CineSouk - For rent<\/title>\n<meta name=\"description\" content=\"Professional Amaran F22C LED light: Compact and lightweight with adjustable bi-color temperature and precise dimming, offering high color accuracy for film and photo projects.- CineSouk - Marrakech | Morocco\" \/>\n<meta name=\"robots\" content=\"index, follow, max-snippet:-1, max-image-preview:large, max-video-preview:-1\" \/>\n<link rel=\"canonical\" href=\"https:\/\/www.cinesouk.ma\/fr\/produit\/amaran-f22c-led-panel\/\" \/>\n<meta property=\"og:locale\" content=\"fr_FR\" \/>\n<meta property=\"og:type\" content=\"article\" \/>\n<meta property=\"og:title\" content=\"Amaran F22C LED Panel\" \/>\n<meta property=\"og:description\" content=\"Professional Amaran F22C LED light: Compact and lightweight with adjustable bi-color temperature and precise dimming, offering high color accuracy for film and photo projects.- CineSouk - Marrakech | Morocco\" \/>\n<meta property=\"og:url\" content=\"https:\/\/www.cinesouk.ma\/fr\/produit\/amaran-f22c-led-panel\/\" \/>\n<meta property=\"og:site_name\" content=\"CineSouk\" \/>\n<meta property=\"article:modified_time\" content=\"2025-08-26T13:05:19+00:00\" \/>\n<meta property=\"og:image\" content=\"https:\/\/www.cinesouk.ma\/wp-content\/uploads\/2025\/03\/amaran-F22C-Led-panel.jpg\" \/>\n\t<meta property=\"og:image:width\" content=\"300\" \/>\n\t<meta property=\"og:image:height\" content=\"238\" \/>\n\t<meta property=\"og:image:type\" content=\"image\/jpeg\" \/>\n<meta name=\"twitter:card\" content=\"summary_large_image\" \/>\n<meta name=\"twitter:description\" content=\"Professional Amaran F22C LED light: Compact and lightweight with adjustable bi-color temperature and precise dimming, offering high color accuracy for film and photo projects.- CineSouk - Marrakech | Morocco\" \/>\n<meta name=\"twitter:label1\" content=\"Dur\u00e9e de lecture estim\u00e9e\" \/>\n\t<meta name=\"twitter:data1\" content=\"2 minutes\" \/>\n<script type=\"application\/ld+json\" class=\"yoast-schema-graph\">{\"@context\":\"https:\/\/schema.org\",\"@graph\":[{\"@type\":\"WebPage\",\"@id\":\"https:\/\/www.cinesouk.ma\/product\/amaran-f22c-led-panel\/\",\"url\":\"https:\/\/www.cinesouk.ma\/product\/amaran-f22c-led-panel\/\",\"name\":\"Amaran F22C LED Panel - CineSouk - For rent\",\"isPartOf\":{\"@id\":\"https:\/\/www.cinesouk.ma\/#website\"},\"primaryImageOfPage\":{\"@id\":\"https:\/\/www.cinesouk.ma\/product\/amaran-f22c-led-panel\/#primaryimage\"},\"image\":{\"@id\":\"https:\/\/www.cinesouk.ma\/product\/amaran-f22c-led-panel\/#primaryimage\"},\"thumbnailUrl\":\"https:\/\/www.cinesouk.ma\/wp-content\/uploads\/2025\/03\/amaran-F22C-Led-panel.jpg\",\"datePublished\":\"2025-03-09T07:20:24+00:00\",\"dateModified\":\"2025-08-26T13:05:19+00:00\",\"description\":\"Professional Amaran F22C LED light: Compact and lightweight with adjustable bi-color temperature and precise dimming, offering high color accuracy for film and photo projects.- CineSouk - Marrakech | Morocco\",\"breadcrumb\":{\"@id\":\"https:\/\/www.cinesouk.ma\/product\/amaran-f22c-led-panel\/#breadcrumb\"},\"inLanguage\":\"fr-FR\",\"potentialAction\":[{\"@type\":\"ReadAction\",\"target\":[\"https:\/\/www.cinesouk.ma\/product\/amaran-f22c-led-panel\/\"]}]},{\"@type\":\"ImageObject\",\"inLanguage\":\"fr-FR\",\"@id\":\"https:\/\/www.cinesouk.ma\/product\/amaran-f22c-led-panel\/#primaryimage\",\"url\":\"https:\/\/www.cinesouk.ma\/wp-content\/uploads\/2025\/03\/amaran-F22C-Led-panel.jpg\",\"contentUrl\":\"https:\/\/www.cinesouk.ma\/wp-content\/uploads\/2025\/03\/amaran-F22C-Led-panel.jpg\",\"width\":300,\"height\":238,\"caption\":\"amaran F22C Led panel\"},{\"@type\":\"BreadcrumbList\",\"@id\":\"https:\/\/www.cinesouk.ma\/product\/amaran-f22c-led-panel\/#breadcrumb\",\"itemListElement\":[{\"@type\":\"ListItem\",\"position\":1,\"name\":\"Home\",\"item\":\"https:\/\/www.cinesouk.ma\/\"},{\"@type\":\"ListItem\",\"position\":2,\"name\":\"Shop\",\"item\":\"https:\/\/www.cinesouk.ma\/shop\/\"},{\"@type\":\"ListItem\",\"position\":3,\"name\":\"Amaran F22C LED Panel\"}]},{\"@type\":\"WebSite\",\"@id\":\"https:\/\/www.cinesouk.ma\/#website\",\"url\":\"https:\/\/www.cinesouk.ma\/\",\"name\":\"CineSouk\",\"description\":\"\",\"publisher\":{\"@id\":\"https:\/\/www.cinesouk.ma\/#organization\"},\"potentialAction\":[{\"@type\":\"SearchAction\",\"target\":{\"@type\":\"EntryPoint\",\"urlTemplate\":\"https:\/\/www.cinesouk.ma\/?s={search_term_string}\"},\"query-input\":{\"@type\":\"PropertyValueSpecification\",\"valueRequired\":true,\"valueName\":\"search_term_string\"}}],\"inLanguage\":\"fr-FR\"},{\"@type\":\"Organization\",\"@id\":\"https:\/\/www.cinesouk.ma\/#organization\",\"name\":\"CineSouk\",\"url\":\"https:\/\/www.cinesouk.ma\/\",\"logo\":{\"@type\":\"ImageObject\",\"inLanguage\":\"fr-FR\",\"@id\":\"https:\/\/www.cinesouk.ma\/#\/schema\/logo\/image\/\",\"url\":\"https:\/\/www.cinesouk.ma\/wp-content\/uploads\/2024\/01\/CineSouk-logo-v01-alpha-alligned-left.png\",\"contentUrl\":\"https:\/\/www.cinesouk.ma\/wp-content\/uploads\/2024\/01\/CineSouk-logo-v01-alpha-alligned-left.png\",\"width\":3204,\"height\":889,\"caption\":\"CineSouk\"},\"image\":{\"@id\":\"https:\/\/www.cinesouk.ma\/#\/schema\/logo\/image\/\"}}]}<\/script>\n<!-- \/ Yoast SEO Premium plugin. -->","yoast_head_json":{"title":"Amaran F22C LED Panel - CineSouk - For rent","description":"Professional Amaran F22C LED light: Compact and lightweight with adjustable bi-color temperature and precise dimming, offering high color accuracy for film and photo projects.- CineSouk - Marrakech | Morocco","robots":{"index":"index","follow":"follow","max-snippet":"max-snippet:-1","max-image-preview":"max-image-preview:large","max-video-preview":"max-video-preview:-1"},"canonical":"https:\/\/www.cinesouk.ma\/fr\/produit\/amaran-f22c-led-panel\/","og_locale":"fr_FR","og_type":"article","og_title":"Amaran F22C LED Panel","og_description":"Professional Amaran F22C LED light: Compact and lightweight with adjustable bi-color temperature and precise dimming, offering high color accuracy for film and photo projects.- CineSouk - Marrakech | Morocco","og_url":"https:\/\/www.cinesouk.ma\/fr\/produit\/amaran-f22c-led-panel\/","og_site_name":"CineSouk","article_modified_time":"2025-08-26T13:05:19+00:00","og_image":[{"width":300,"height":238,"url":"https:\/\/www.cinesouk.ma\/wp-content\/uploads\/2025\/03\/amaran-F22C-Led-panel.jpg","type":"image\/jpeg"}],"twitter_card":"summary_large_image","twitter_description":"Professional Amaran F22C LED light: Compact and lightweight with adjustable bi-color temperature and precise dimming, offering high color accuracy for film and photo projects.- CineSouk - Marrakech | Morocco","twitter_misc":{"Dur\u00e9e de lecture estim\u00e9e":"2 minutes"},"schema":{"@context":"https:\/\/schema.org","@graph":[{"@type":"WebPage","@id":"https:\/\/www.cinesouk.ma\/product\/amaran-f22c-led-panel\/","url":"https:\/\/www.cinesouk.ma\/product\/amaran-f22c-led-panel\/","name":"Amaran F22C LED Panel - CineSouk - For rent","isPartOf":{"@id":"https:\/\/www.cinesouk.ma\/#website"},"primaryImageOfPage":{"@id":"https:\/\/www.cinesouk.ma\/product\/amaran-f22c-led-panel\/#primaryimage"},"image":{"@id":"https:\/\/www.cinesouk.ma\/product\/amaran-f22c-led-panel\/#primaryimage"},"thumbnailUrl":"https:\/\/www.cinesouk.ma\/wp-content\/uploads\/2025\/03\/amaran-F22C-Led-panel.jpg","datePublished":"2025-03-09T07:20:24+00:00","dateModified":"2025-08-26T13:05:19+00:00","description":"Professional Amaran F22C LED light: Compact and lightweight with adjustable bi-color temperature and precise dimming, offering high color accuracy for film and photo projects.- CineSouk - Marrakech | Morocco","breadcrumb":{"@id":"https:\/\/www.cinesouk.ma\/product\/amaran-f22c-led-panel\/#breadcrumb"},"inLanguage":"fr-FR","potentialAction":[{"@type":"ReadAction","target":["https:\/\/www.cinesouk.ma\/product\/amaran-f22c-led-panel\/"]}]},{"@type":"ImageObject","inLanguage":"fr-FR","@id":"https:\/\/www.cinesouk.ma\/product\/amaran-f22c-led-panel\/#primaryimage","url":"https:\/\/www.cinesouk.ma\/wp-content\/uploads\/2025\/03\/amaran-F22C-Led-panel.jpg","contentUrl":"https:\/\/www.cinesouk.ma\/wp-content\/uploads\/2025\/03\/amaran-F22C-Led-panel.jpg","width":300,"height":238,"caption":"amaran F22C Led panel"},{"@type":"BreadcrumbList","@id":"https:\/\/www.cinesouk.ma\/product\/amaran-f22c-led-panel\/#breadcrumb","itemListElement":[{"@type":"ListItem","position":1,"name":"Home","item":"https:\/\/www.cinesouk.ma\/"},{"@type":"ListItem","position":2,"name":"Shop","item":"https:\/\/www.cinesouk.ma\/shop\/"},{"@type":"ListItem","position":3,"name":"Amaran F22C LED Panel"}]},{"@type":"WebSite","@id":"https:\/\/www.cinesouk.ma\/#website","url":"https:\/\/www.cinesouk.ma\/","name":"CineSouk","description":"","publisher":{"@id":"https:\/\/www.cinesouk.ma\/#organization"},"potentialAction":[{"@type":"SearchAction","target":{"@type":"EntryPoint","urlTemplate":"https:\/\/www.cinesouk.ma\/?s={search_term_string}"},"query-input":{"@type":"PropertyValueSpecification","valueRequired":true,"valueName":"search_term_string"}}],"inLanguage":"fr-FR"},{"@type":"Organization","@id":"https:\/\/www.cinesouk.ma\/#organization","name":"CineSouk","url":"https:\/\/www.cinesouk.ma\/","logo":{"@type":"ImageObject","inLanguage":"fr-FR","@id":"https:\/\/www.cinesouk.ma\/#\/schema\/logo\/image\/","url":"https:\/\/www.cinesouk.ma\/wp-content\/uploads\/2024\/01\/CineSouk-logo-v01-alpha-alligned-left.png","contentUrl":"https:\/\/www.cinesouk.ma\/wp-content\/uploads\/2024\/01\/CineSouk-logo-v01-alpha-alligned-left.png","width":3204,"height":889,"caption":"CineSouk"},"image":{"@id":"https:\/\/www.cinesouk.ma\/#\/schema\/logo\/image\/"}}]}},"_links":{"self":[{"href":"https:\/\/www.cinesouk.ma\/fr\/wp-json\/wp\/v2\/product\/5838","targetHints":{"allow":["GET"]}}],"collection":[{"href":"https:\/\/www.cinesouk.ma\/fr\/wp-json\/wp\/v2\/product"}],"about":[{"href":"https:\/\/www.cinesouk.ma\/fr\/wp-json\/wp\/v2\/types\/product"}],"wp:featuredmedia":[{"embeddable":true,"href":"https:\/\/www.cinesouk.ma\/fr\/wp-json\/wp\/v2\/media\/13207"}],"wp:attachment":[{"href":"https:\/\/www.cinesouk.ma\/fr\/wp-json\/wp\/v2\/media?parent=5838"}],"wp:term":[{"taxonomy":"product_brand","embeddable":true,"href":"https:\/\/www.cinesouk.ma\/fr\/wp-json\/wp\/v2\/product_brand?post=5838"},{"taxonomy":"product_cat","embeddable":true,"href":"https:\/\/www.cinesouk.ma\/fr\/wp-json\/wp\/v2\/product_cat?post=5838"},{"taxonomy":"product_tag","embeddable":true,"href":"https:\/\/www.cinesouk.ma\/fr\/wp-json\/wp\/v2\/product_tag?post=5838"}],"curies":[{"name":"wp","href":"https:\/\/api.w.org\/{rel}","templated":true}]}}