{"id":5839,"date":"2025-05-08T16:35:33","date_gmt":"2025-05-08T16:35:33","guid":{"rendered":"https:\/\/www.cinesouk.ma\/?post_type=product&#038;p=5839"},"modified":"2025-08-19T14:16:15","modified_gmt":"2025-08-19T14:16:15","slug":"dana-dolly-universal-rental-kit-slider","status":"publish","type":"product","link":"https:\/\/www.cinesouk.ma\/fr\/produit\/dana-dolly-universal-rental-kit-slider\/","title":{"rendered":"Kit de location universel de Dana Dolly\/Coulisseau"},"content":{"rendered":"<p><strong>Syst\u00e8me complet :<\/strong> Le kit de location universel comprend le Dana Dolly et tous les accessoires n\u00e9cessaires pour diff\u00e9rentes configurations. Il comprend des extr\u00e9mit\u00e9s de rail, un support central, des roues et une valise de transport, ce qui vous donne tout ce dont vous avez besoin pour une exp\u00e9rience de dolly sans probl\u00e8me.<\/p>\n<p><strong>Embouts universels :<\/strong> Les extr\u00e9mit\u00e9s de la piste s'adaptent aux tubes de rail standard (1-1\/4\u2033 ou 1-1\/2\u2033), ce qui vous permet d'utiliser diff\u00e9rents types de pistes pour divers environnements de tournage. Il comprend \u00e9galement la plaque d'\u00e9l\u00e9vation Dana Dolly 6\u2033 Mitchell.<\/p>\n<p><strong>Construction robuste :<\/strong> Construit en aluminium durable, le Dana Dolly supporte des montages de cam\u00e9ras lourds tout en conservant des mouvements fluides, offrant ainsi des performances fiables m\u00eame dans des conditions difficiles.<\/p>\n<p><strong>Fonctionnement souple et silencieux :<\/strong> Les roulements de pr\u00e9cision garantissent des mouvements de cam\u00e9ra tr\u00e8s fluides, ce qui en fait un outil id\u00e9al pour les prises de vue cin\u00e9matographiques qui n\u00e9cessitent des mouvements fluides et de la stabilit\u00e9.<\/p>\n<p><strong>Compact et portable :<\/strong> Le kit se range facilement dans la mallette de voyage personnalis\u00e9e, ce qui facilite le transport pour les tournages en ext\u00e9rieur et le travail en studio.<\/p>\n<p><strong>Capacit\u00e9 d'adaptation :<\/strong> Le syst\u00e8me fonctionne avec une large gamme de tr\u00e9pieds, de pieds en C et de dispositifs d'\u00e9clairage, s'int\u00e9grant facilement dans tout flux de travail professionnel.<\/p>\n<p>Louez-le maintenant sur <a href=\"https:\/\/www.cinesouk.ma\/fr\">CINESOUK<\/a> - une marque de <a href=\"https:\/\/www.broadway.ma\/\">BROADWAY PRODUCTIONS SARL.<\/a><\/p>","protected":false},"excerpt":{"rendered":"<p>Sp\u00e9cifications :<\/p>\n<p>Mat\u00e9riau : Construction en aluminium robuste<br \/>\nCompatibilit\u00e9 avec les rails : Extr\u00e9mit\u00e9s de rail universelles pour tubes de rail rapide de 1-1\/4\u2033 ou 1-1\/2\u2033.<br \/>\nCapacit\u00e9 de poids : Convient aux installations de cam\u00e9ras lourdes et de grande taille<br \/>\nSyst\u00e8me de roulements : Roulements de haute pr\u00e9cision pour un mouvement souple et silencieux<br \/>\nPortable : Comprend un \u00e9tui de voyage personnalis\u00e9 pour un transport facile<br \/>\nDimensions : Varie en fonction de la longueur du tuyau utilis\u00e9<\/p>","protected":false},"featured_media":7646,"template":"","meta":{"om_disable_all_campaigns":false,"_monsterinsights_skip_tracking":false,"_monsterinsights_sitenote_active":false,"_monsterinsights_sitenote_note":"","_monsterinsights_sitenote_category":0,"_uf_show_specific_survey":0,"_uf_disable_surveys":false},"product_brand":[],"product_cat":[38,75],"product_tag":[],"class_list":{"0":"post-5839","1":"product","2":"type-product","3":"status-publish","4":"has-post-thumbnail","6":"product_cat-grip-cinesouk","7":"product_cat-tripod-and-support-cinesouk","9":"entry","10":"has-media","12":"first","13":"instock","14":"taxable","15":"shipping-taxable","16":"purchasable","17":"product-type-variable","18":"has-product-nav","19":"col","20":"span_1_of_3","21":"owp-content-center","22":"owp-thumbs-layout-horizontal","23":"owp-btn-normal","24":"owp-tabs-layout-horizontal"},"yoast_head":"<!-- This site is optimized with the Yoast SEO Premium plugin v26.0 (Yoast SEO v26.0) - https:\/\/yoast.com\/wordpress\/plugins\/seo\/ -->\n<title>Dana Dolly Universal Rental Kit\/Slider - CineSouk - For rent<\/title>\n<meta name=\"description\" content=\"Dana Dolly Rental Kit: Portable, durable, and versatile, perfect for dynamic tracking shots in film and video production.\" \/>\n<meta name=\"robots\" content=\"index, follow, max-snippet:-1, max-image-preview:large, max-video-preview:-1\" \/>\n<link rel=\"canonical\" href=\"https:\/\/www.cinesouk.ma\/fr\/produit\/dana-dolly-universal-rental-kit-slider\/\" \/>\n<meta property=\"og:locale\" content=\"fr_FR\" \/>\n<meta property=\"og:type\" content=\"article\" \/>\n<meta property=\"og:title\" content=\"Dana Dolly\" \/>\n<meta property=\"og:description\" content=\"Dana Dolly Rental Kit: Portable, durable, and versatile, perfect for dynamic tracking shots in film and video production.\" \/>\n<meta property=\"og:url\" content=\"https:\/\/www.cinesouk.ma\/fr\/produit\/dana-dolly-universal-rental-kit-slider\/\" \/>\n<meta property=\"og:site_name\" content=\"CineSouk\" \/>\n<meta property=\"article:modified_time\" content=\"2025-08-19T14:16:15+00:00\" \/>\n<meta property=\"og:image\" content=\"https:\/\/www.cinesouk.ma\/wp-content\/uploads\/2024\/02\/danana.jpg\" \/>\n\t<meta property=\"og:image:width\" content=\"300\" \/>\n\t<meta property=\"og:image:height\" content=\"238\" \/>\n\t<meta property=\"og:image:type\" content=\"image\/jpeg\" \/>\n<meta name=\"twitter:card\" content=\"summary_large_image\" \/>\n<meta name=\"twitter:title\" content=\"Dana Dolly Universal Rental Kit\/Slider\" \/>\n<meta name=\"twitter:description\" content=\"Dana Dolly Rental Kit: Portable, durable, and versatile, perfect for dynamic tracking shots in film and video production.\" \/>\n<meta name=\"twitter:label1\" content=\"Dur\u00e9e de lecture estim\u00e9e\" \/>\n\t<meta name=\"twitter:data1\" content=\"1 minute\" \/>\n<script type=\"application\/ld+json\" class=\"yoast-schema-graph\">{\"@context\":\"https:\/\/schema.org\",\"@graph\":[{\"@type\":\"WebPage\",\"@id\":\"https:\/\/www.cinesouk.ma\/product\/dana-dolly-universal-rental-kit-slider\/\",\"url\":\"https:\/\/www.cinesouk.ma\/product\/dana-dolly-universal-rental-kit-slider\/\",\"name\":\"Dana Dolly Universal Rental Kit\/Slider - CineSouk - For rent\",\"isPartOf\":{\"@id\":\"https:\/\/www.cinesouk.ma\/#website\"},\"primaryImageOfPage\":{\"@id\":\"https:\/\/www.cinesouk.ma\/product\/dana-dolly-universal-rental-kit-slider\/#primaryimage\"},\"image\":{\"@id\":\"https:\/\/www.cinesouk.ma\/product\/dana-dolly-universal-rental-kit-slider\/#primaryimage\"},\"thumbnailUrl\":\"https:\/\/www.cinesouk.ma\/wp-content\/uploads\/2024\/02\/danana.jpg\",\"datePublished\":\"2025-05-08T16:35:33+00:00\",\"dateModified\":\"2025-08-19T14:16:15+00:00\",\"description\":\"Dana Dolly Rental Kit: Portable, durable, and versatile, perfect for dynamic tracking shots in film and video production.\",\"breadcrumb\":{\"@id\":\"https:\/\/www.cinesouk.ma\/product\/dana-dolly-universal-rental-kit-slider\/#breadcrumb\"},\"inLanguage\":\"fr-FR\",\"potentialAction\":[{\"@type\":\"ReadAction\",\"target\":[\"https:\/\/www.cinesouk.ma\/product\/dana-dolly-universal-rental-kit-slider\/\"]}]},{\"@type\":\"ImageObject\",\"inLanguage\":\"fr-FR\",\"@id\":\"https:\/\/www.cinesouk.ma\/product\/dana-dolly-universal-rental-kit-slider\/#primaryimage\",\"url\":\"https:\/\/www.cinesouk.ma\/wp-content\/uploads\/2024\/02\/danana.jpg\",\"contentUrl\":\"https:\/\/www.cinesouk.ma\/wp-content\/uploads\/2024\/02\/danana.jpg\",\"width\":300,\"height\":238,\"caption\":\"Dana Dolly\"},{\"@type\":\"BreadcrumbList\",\"@id\":\"https:\/\/www.cinesouk.ma\/product\/dana-dolly-universal-rental-kit-slider\/#breadcrumb\",\"itemListElement\":[{\"@type\":\"ListItem\",\"position\":1,\"name\":\"Home\",\"item\":\"https:\/\/www.cinesouk.ma\/\"},{\"@type\":\"ListItem\",\"position\":2,\"name\":\"Shop\",\"item\":\"https:\/\/www.cinesouk.ma\/shop\/\"},{\"@type\":\"ListItem\",\"position\":3,\"name\":\"Dana Dolly Universal Rental Kit\/Slider\"}]},{\"@type\":\"WebSite\",\"@id\":\"https:\/\/www.cinesouk.ma\/#website\",\"url\":\"https:\/\/www.cinesouk.ma\/\",\"name\":\"CineSouk\",\"description\":\"\",\"publisher\":{\"@id\":\"https:\/\/www.cinesouk.ma\/#organization\"},\"potentialAction\":[{\"@type\":\"SearchAction\",\"target\":{\"@type\":\"EntryPoint\",\"urlTemplate\":\"https:\/\/www.cinesouk.ma\/?s={search_term_string}\"},\"query-input\":{\"@type\":\"PropertyValueSpecification\",\"valueRequired\":true,\"valueName\":\"search_term_string\"}}],\"inLanguage\":\"fr-FR\"},{\"@type\":\"Organization\",\"@id\":\"https:\/\/www.cinesouk.ma\/#organization\",\"name\":\"CineSouk\",\"url\":\"https:\/\/www.cinesouk.ma\/\",\"logo\":{\"@type\":\"ImageObject\",\"inLanguage\":\"fr-FR\",\"@id\":\"https:\/\/www.cinesouk.ma\/#\/schema\/logo\/image\/\",\"url\":\"https:\/\/www.cinesouk.ma\/wp-content\/uploads\/2024\/01\/CineSouk-logo-v01-alpha-alligned-left.png\",\"contentUrl\":\"https:\/\/www.cinesouk.ma\/wp-content\/uploads\/2024\/01\/CineSouk-logo-v01-alpha-alligned-left.png\",\"width\":3204,\"height\":889,\"caption\":\"CineSouk\"},\"image\":{\"@id\":\"https:\/\/www.cinesouk.ma\/#\/schema\/logo\/image\/\"}}]}<\/script>\n<!-- \/ Yoast SEO Premium plugin. -->","yoast_head_json":{"title":"Dana Dolly Universal Rental Kit\/Slider - CineSouk - For rent","description":"Dana Dolly Rental Kit: Portable, durable, and versatile, perfect for dynamic tracking shots in film and video production.","robots":{"index":"index","follow":"follow","max-snippet":"max-snippet:-1","max-image-preview":"max-image-preview:large","max-video-preview":"max-video-preview:-1"},"canonical":"https:\/\/www.cinesouk.ma\/fr\/produit\/dana-dolly-universal-rental-kit-slider\/","og_locale":"fr_FR","og_type":"article","og_title":"Dana Dolly","og_description":"Dana Dolly Rental Kit: Portable, durable, and versatile, perfect for dynamic tracking shots in film and video production.","og_url":"https:\/\/www.cinesouk.ma\/fr\/produit\/dana-dolly-universal-rental-kit-slider\/","og_site_name":"CineSouk","article_modified_time":"2025-08-19T14:16:15+00:00","og_image":[{"width":300,"height":238,"url":"https:\/\/www.cinesouk.ma\/wp-content\/uploads\/2024\/02\/danana.jpg","type":"image\/jpeg"}],"twitter_card":"summary_large_image","twitter_title":"Dana Dolly Universal Rental Kit\/Slider","twitter_description":"Dana Dolly Rental Kit: Portable, durable, and versatile, perfect for dynamic tracking shots in film and video production.","twitter_misc":{"Dur\u00e9e de lecture estim\u00e9e":"1 minute"},"schema":{"@context":"https:\/\/schema.org","@graph":[{"@type":"WebPage","@id":"https:\/\/www.cinesouk.ma\/product\/dana-dolly-universal-rental-kit-slider\/","url":"https:\/\/www.cinesouk.ma\/product\/dana-dolly-universal-rental-kit-slider\/","name":"Dana Dolly Universal Rental Kit\/Slider - CineSouk - For rent","isPartOf":{"@id":"https:\/\/www.cinesouk.ma\/#website"},"primaryImageOfPage":{"@id":"https:\/\/www.cinesouk.ma\/product\/dana-dolly-universal-rental-kit-slider\/#primaryimage"},"image":{"@id":"https:\/\/www.cinesouk.ma\/product\/dana-dolly-universal-rental-kit-slider\/#primaryimage"},"thumbnailUrl":"https:\/\/www.cinesouk.ma\/wp-content\/uploads\/2024\/02\/danana.jpg","datePublished":"2025-05-08T16:35:33+00:00","dateModified":"2025-08-19T14:16:15+00:00","description":"Dana Dolly Rental Kit: Portable, durable, and versatile, perfect for dynamic tracking shots in film and video production.","breadcrumb":{"@id":"https:\/\/www.cinesouk.ma\/product\/dana-dolly-universal-rental-kit-slider\/#breadcrumb"},"inLanguage":"fr-FR","potentialAction":[{"@type":"ReadAction","target":["https:\/\/www.cinesouk.ma\/product\/dana-dolly-universal-rental-kit-slider\/"]}]},{"@type":"ImageObject","inLanguage":"fr-FR","@id":"https:\/\/www.cinesouk.ma\/product\/dana-dolly-universal-rental-kit-slider\/#primaryimage","url":"https:\/\/www.cinesouk.ma\/wp-content\/uploads\/2024\/02\/danana.jpg","contentUrl":"https:\/\/www.cinesouk.ma\/wp-content\/uploads\/2024\/02\/danana.jpg","width":300,"height":238,"caption":"Dana Dolly"},{"@type":"BreadcrumbList","@id":"https:\/\/www.cinesouk.ma\/product\/dana-dolly-universal-rental-kit-slider\/#breadcrumb","itemListElement":[{"@type":"ListItem","position":1,"name":"Home","item":"https:\/\/www.cinesouk.ma\/"},{"@type":"ListItem","position":2,"name":"Shop","item":"https:\/\/www.cinesouk.ma\/shop\/"},{"@type":"ListItem","position":3,"name":"Dana Dolly Universal Rental Kit\/Slider"}]},{"@type":"WebSite","@id":"https:\/\/www.cinesouk.ma\/#website","url":"https:\/\/www.cinesouk.ma\/","name":"CineSouk","description":"","publisher":{"@id":"https:\/\/www.cinesouk.ma\/#organization"},"potentialAction":[{"@type":"SearchAction","target":{"@type":"EntryPoint","urlTemplate":"https:\/\/www.cinesouk.ma\/?s={search_term_string}"},"query-input":{"@type":"PropertyValueSpecification","valueRequired":true,"valueName":"search_term_string"}}],"inLanguage":"fr-FR"},{"@type":"Organization","@id":"https:\/\/www.cinesouk.ma\/#organization","name":"CineSouk","url":"https:\/\/www.cinesouk.ma\/","logo":{"@type":"ImageObject","inLanguage":"fr-FR","@id":"https:\/\/www.cinesouk.ma\/#\/schema\/logo\/image\/","url":"https:\/\/www.cinesouk.ma\/wp-content\/uploads\/2024\/01\/CineSouk-logo-v01-alpha-alligned-left.png","contentUrl":"https:\/\/www.cinesouk.ma\/wp-content\/uploads\/2024\/01\/CineSouk-logo-v01-alpha-alligned-left.png","width":3204,"height":889,"caption":"CineSouk"},"image":{"@id":"https:\/\/www.cinesouk.ma\/#\/schema\/logo\/image\/"}}]}},"_links":{"self":[{"href":"https:\/\/www.cinesouk.ma\/fr\/wp-json\/wp\/v2\/product\/5839","targetHints":{"allow":["GET"]}}],"collection":[{"href":"https:\/\/www.cinesouk.ma\/fr\/wp-json\/wp\/v2\/product"}],"about":[{"href":"https:\/\/www.cinesouk.ma\/fr\/wp-json\/wp\/v2\/types\/product"}],"wp:featuredmedia":[{"embeddable":true,"href":"https:\/\/www.cinesouk.ma\/fr\/wp-json\/wp\/v2\/media\/7646"}],"wp:attachment":[{"href":"https:\/\/www.cinesouk.ma\/fr\/wp-json\/wp\/v2\/media?parent=5839"}],"wp:term":[{"taxonomy":"product_brand","embeddable":true,"href":"https:\/\/www.cinesouk.ma\/fr\/wp-json\/wp\/v2\/product_brand?post=5839"},{"taxonomy":"product_cat","embeddable":true,"href":"https:\/\/www.cinesouk.ma\/fr\/wp-json\/wp\/v2\/product_cat?post=5839"},{"taxonomy":"product_tag","embeddable":true,"href":"https:\/\/www.cinesouk.ma\/fr\/wp-json\/wp\/v2\/product_tag?post=5839"}],"curies":[{"name":"wp","href":"https:\/\/api.w.org\/{rel}","templated":true}]}}