{"id":5847,"date":"2024-02-06T13:14:22","date_gmt":"2024-02-06T13:14:22","guid":{"rendered":"https:\/\/www.cinesouk.ma\/?post_type=product&#038;p=5847"},"modified":"2025-03-21T10:56:03","modified_gmt":"2025-03-21T10:56:03","slug":"clothes-steamer","status":"publish","type":"product","link":"https:\/\/www.cinesouk.ma\/fr\/produit\/clothes-steamer\/","title":{"rendered":"Tefal Vapeur"},"content":{"rendered":"<p>Le d\u00e9froisseur \u00e0 vapeur Tefal est un outil indispensable pour la pr\u00e9paration de la garde-robe de cin\u00e9ma, car il permet de d\u00e9froisser rapidement et efficacement les costumes et les v\u00eatements. Con\u00e7u pour traiter une grande vari\u00e9t\u00e9 de tissus, des soies d\u00e9licates aux mati\u00e8res lourdes, ce d\u00e9froisseur garantit que les pi\u00e8ces de la garde-robe restent lisses et pr\u00eates pour la cam\u00e9ra pendant toute la dur\u00e9e du tournage. Sa puissante fonction vapeur \u00e9limine rapidement les plis, ce qui permet de gagner un temps pr\u00e9cieux pendant la production tout en conservant les tenues des acteurs impeccables.<\/p>\n<p>L\u00e9ger et portable, le d\u00e9froisseur est facile \u00e0 transporter d'un endroit \u00e0 l'autre, ce qui le rend id\u00e9al pour les tournages en studio et les travaux sur place. Son temps de chauffe rapide et sa grande capacit\u00e9 d'eau garantissent un d\u00e9froissage continu, ce qui minimise les interruptions pendant les programmes de production charg\u00e9s. Qu'il s'agisse de pr\u00e9parer des costumes pour des films d'\u00e9poque, des tournages de mode ou des garde-robes contemporaines, le d\u00e9froisseur \u00e0 vapeur offre la fiabilit\u00e9 et la commodit\u00e9 n\u00e9cessaires pour conserver un aspect professionnel et soign\u00e9 sur le plateau de tournage.<\/p>\n<p>Louez le d\u00e9froisseur \u00e0 linge Tefal maintenant sur <a href=\"https:\/\/www.cinesouk.ma\/fr\">CINESOUK<\/a> - une marque de <a href=\"https:\/\/www.broadway.ma\/\">BROADWAY PRODUCTIONS SARL.<\/a><\/p>","protected":false},"excerpt":{"rendered":"<p><strong>Sp\u00e9cifications :<\/strong><\/p>\n<p>R\u00e9chauffe \u00e0 partir du froid en 35 secondes<br \/>\nR\u00e9servoir d'eau de 2,2 litres avec une autonomie de 65 minutes<br \/>\nAlternative rapide au repassage<br \/>\nParfait pour les v\u00eatements d\u00e9licats<br \/>\nId\u00e9al pour le nettoyage \u00e0 sec et les costumes<\/p>","protected":false},"featured_media":5999,"template":"","meta":{"om_disable_all_campaigns":false,"_monsterinsights_skip_tracking":false,"_monsterinsights_sitenote_active":false,"_monsterinsights_sitenote_note":"","_monsterinsights_sitenote_category":0,"_uf_show_specific_survey":0,"_uf_disable_surveys":false},"product_brand":[],"product_cat":[62],"product_tag":[],"class_list":{"0":"post-5847","1":"product","2":"type-product","3":"status-publish","4":"has-post-thumbnail","6":"product_cat-styling-and-mu-cinesouk","8":"entry","9":"has-media","11":"first","12":"instock","13":"taxable","14":"shipping-taxable","15":"purchasable","16":"product-type-variable","17":"has-product-nav","18":"col","19":"span_1_of_3","20":"owp-content-center","21":"owp-thumbs-layout-horizontal","22":"owp-btn-normal","23":"owp-tabs-layout-horizontal","24":"has-no-thumbnails"},"yoast_head":"<!-- This site is optimized with the Yoast SEO Premium plugin v26.0 (Yoast SEO v26.0) - https:\/\/yoast.com\/wordpress\/plugins\/seo\/ -->\n<title>Tefal Clothes Steamer - CineSouk - For rent<\/title>\n<meta name=\"description\" content=\"Efficient Tefal clothes steamer, ideal for cinema wardrobe preparation. Your clothes will be wrinkle-free, smooth and fresh in no time. - CineSouk\" \/>\n<meta name=\"robots\" content=\"index, follow, max-snippet:-1, max-image-preview:large, max-video-preview:-1\" \/>\n<link rel=\"canonical\" href=\"https:\/\/www.cinesouk.ma\/fr\/produit\/clothes-steamer\/\" \/>\n<meta property=\"og:locale\" content=\"fr_FR\" \/>\n<meta property=\"og:type\" content=\"article\" \/>\n<meta property=\"og:title\" content=\"Clothes Steamer\" \/>\n<meta property=\"og:description\" content=\"Efficient Tefal clothes steamer, ideal for cinema wardrobe preparation. Your clothes will be wrinkle-free, smooth and fresh in no time. - CineSouk\" \/>\n<meta property=\"og:url\" content=\"https:\/\/www.cinesouk.ma\/fr\/produit\/clothes-steamer\/\" \/>\n<meta property=\"og:site_name\" content=\"CineSouk\" \/>\n<meta property=\"article:modified_time\" content=\"2025-03-21T10:56:03+00:00\" \/>\n<meta property=\"og:image\" content=\"https:\/\/www.cinesouk.ma\/wp-content\/uploads\/2024\/02\/Clothes-Steamer.jpg\" \/>\n\t<meta property=\"og:image:width\" content=\"300\" \/>\n\t<meta property=\"og:image:height\" content=\"238\" \/>\n\t<meta property=\"og:image:type\" content=\"image\/jpeg\" \/>\n<meta name=\"twitter:card\" content=\"summary_large_image\" \/>\n<meta name=\"twitter:title\" content=\"Tefal Clothes Steamer\" \/>\n<meta name=\"twitter:description\" content=\"Efficient Tefal clothes steamer, ideal for cinema wardrobe preparation. Your clothes will be wrinkle-free, smooth and fresh in no time. - CineSouk\" \/>\n<meta name=\"twitter:label1\" content=\"Dur\u00e9e de lecture estim\u00e9e\" \/>\n\t<meta name=\"twitter:data1\" content=\"1 minute\" \/>\n<script type=\"application\/ld+json\" class=\"yoast-schema-graph\">{\"@context\":\"https:\/\/schema.org\",\"@graph\":[{\"@type\":\"WebPage\",\"@id\":\"https:\/\/www.cinesouk.ma\/product\/clothes-steamer\/\",\"url\":\"https:\/\/www.cinesouk.ma\/product\/clothes-steamer\/\",\"name\":\"Tefal Clothes Steamer - CineSouk - For rent\",\"isPartOf\":{\"@id\":\"https:\/\/www.cinesouk.ma\/#website\"},\"primaryImageOfPage\":{\"@id\":\"https:\/\/www.cinesouk.ma\/product\/clothes-steamer\/#primaryimage\"},\"image\":{\"@id\":\"https:\/\/www.cinesouk.ma\/product\/clothes-steamer\/#primaryimage\"},\"thumbnailUrl\":\"https:\/\/www.cinesouk.ma\/wp-content\/uploads\/2024\/02\/Clothes-Steamer.jpg\",\"datePublished\":\"2024-02-06T13:14:22+00:00\",\"dateModified\":\"2025-03-21T10:56:03+00:00\",\"description\":\"Efficient Tefal clothes steamer, ideal for cinema wardrobe preparation. Your clothes will be wrinkle-free, smooth and fresh in no time. - CineSouk\",\"breadcrumb\":{\"@id\":\"https:\/\/www.cinesouk.ma\/product\/clothes-steamer\/#breadcrumb\"},\"inLanguage\":\"fr-FR\",\"potentialAction\":[{\"@type\":\"ReadAction\",\"target\":[\"https:\/\/www.cinesouk.ma\/product\/clothes-steamer\/\"]}]},{\"@type\":\"ImageObject\",\"inLanguage\":\"fr-FR\",\"@id\":\"https:\/\/www.cinesouk.ma\/product\/clothes-steamer\/#primaryimage\",\"url\":\"https:\/\/www.cinesouk.ma\/wp-content\/uploads\/2024\/02\/Clothes-Steamer.jpg\",\"contentUrl\":\"https:\/\/www.cinesouk.ma\/wp-content\/uploads\/2024\/02\/Clothes-Steamer.jpg\",\"width\":300,\"height\":238,\"caption\":\"Clothes Steamer\"},{\"@type\":\"BreadcrumbList\",\"@id\":\"https:\/\/www.cinesouk.ma\/product\/clothes-steamer\/#breadcrumb\",\"itemListElement\":[{\"@type\":\"ListItem\",\"position\":1,\"name\":\"Home\",\"item\":\"https:\/\/www.cinesouk.ma\/\"},{\"@type\":\"ListItem\",\"position\":2,\"name\":\"Shop\",\"item\":\"https:\/\/www.cinesouk.ma\/shop\/\"},{\"@type\":\"ListItem\",\"position\":3,\"name\":\"Tefal Clothes Steamer\"}]},{\"@type\":\"WebSite\",\"@id\":\"https:\/\/www.cinesouk.ma\/#website\",\"url\":\"https:\/\/www.cinesouk.ma\/\",\"name\":\"CineSouk\",\"description\":\"\",\"publisher\":{\"@id\":\"https:\/\/www.cinesouk.ma\/#organization\"},\"potentialAction\":[{\"@type\":\"SearchAction\",\"target\":{\"@type\":\"EntryPoint\",\"urlTemplate\":\"https:\/\/www.cinesouk.ma\/?s={search_term_string}\"},\"query-input\":{\"@type\":\"PropertyValueSpecification\",\"valueRequired\":true,\"valueName\":\"search_term_string\"}}],\"inLanguage\":\"fr-FR\"},{\"@type\":\"Organization\",\"@id\":\"https:\/\/www.cinesouk.ma\/#organization\",\"name\":\"CineSouk\",\"url\":\"https:\/\/www.cinesouk.ma\/\",\"logo\":{\"@type\":\"ImageObject\",\"inLanguage\":\"fr-FR\",\"@id\":\"https:\/\/www.cinesouk.ma\/#\/schema\/logo\/image\/\",\"url\":\"https:\/\/www.cinesouk.ma\/wp-content\/uploads\/2024\/01\/CineSouk-logo-v01-alpha-alligned-left.png\",\"contentUrl\":\"https:\/\/www.cinesouk.ma\/wp-content\/uploads\/2024\/01\/CineSouk-logo-v01-alpha-alligned-left.png\",\"width\":3204,\"height\":889,\"caption\":\"CineSouk\"},\"image\":{\"@id\":\"https:\/\/www.cinesouk.ma\/#\/schema\/logo\/image\/\"}}]}<\/script>\n<!-- \/ Yoast SEO Premium plugin. -->","yoast_head_json":{"title":"Tefal Clothes Steamer - CineSouk - For rent","description":"Efficient Tefal clothes steamer, ideal for cinema wardrobe preparation. Your clothes will be wrinkle-free, smooth and fresh in no time. - CineSouk","robots":{"index":"index","follow":"follow","max-snippet":"max-snippet:-1","max-image-preview":"max-image-preview:large","max-video-preview":"max-video-preview:-1"},"canonical":"https:\/\/www.cinesouk.ma\/fr\/produit\/clothes-steamer\/","og_locale":"fr_FR","og_type":"article","og_title":"Clothes Steamer","og_description":"Efficient Tefal clothes steamer, ideal for cinema wardrobe preparation. Your clothes will be wrinkle-free, smooth and fresh in no time. - CineSouk","og_url":"https:\/\/www.cinesouk.ma\/fr\/produit\/clothes-steamer\/","og_site_name":"CineSouk","article_modified_time":"2025-03-21T10:56:03+00:00","og_image":[{"width":300,"height":238,"url":"https:\/\/www.cinesouk.ma\/wp-content\/uploads\/2024\/02\/Clothes-Steamer.jpg","type":"image\/jpeg"}],"twitter_card":"summary_large_image","twitter_title":"Tefal Clothes Steamer","twitter_description":"Efficient Tefal clothes steamer, ideal for cinema wardrobe preparation. Your clothes will be wrinkle-free, smooth and fresh in no time. - CineSouk","twitter_misc":{"Dur\u00e9e de lecture estim\u00e9e":"1 minute"},"schema":{"@context":"https:\/\/schema.org","@graph":[{"@type":"WebPage","@id":"https:\/\/www.cinesouk.ma\/product\/clothes-steamer\/","url":"https:\/\/www.cinesouk.ma\/product\/clothes-steamer\/","name":"Tefal Clothes Steamer - CineSouk - For rent","isPartOf":{"@id":"https:\/\/www.cinesouk.ma\/#website"},"primaryImageOfPage":{"@id":"https:\/\/www.cinesouk.ma\/product\/clothes-steamer\/#primaryimage"},"image":{"@id":"https:\/\/www.cinesouk.ma\/product\/clothes-steamer\/#primaryimage"},"thumbnailUrl":"https:\/\/www.cinesouk.ma\/wp-content\/uploads\/2024\/02\/Clothes-Steamer.jpg","datePublished":"2024-02-06T13:14:22+00:00","dateModified":"2025-03-21T10:56:03+00:00","description":"Efficient Tefal clothes steamer, ideal for cinema wardrobe preparation. Your clothes will be wrinkle-free, smooth and fresh in no time. - CineSouk","breadcrumb":{"@id":"https:\/\/www.cinesouk.ma\/product\/clothes-steamer\/#breadcrumb"},"inLanguage":"fr-FR","potentialAction":[{"@type":"ReadAction","target":["https:\/\/www.cinesouk.ma\/product\/clothes-steamer\/"]}]},{"@type":"ImageObject","inLanguage":"fr-FR","@id":"https:\/\/www.cinesouk.ma\/product\/clothes-steamer\/#primaryimage","url":"https:\/\/www.cinesouk.ma\/wp-content\/uploads\/2024\/02\/Clothes-Steamer.jpg","contentUrl":"https:\/\/www.cinesouk.ma\/wp-content\/uploads\/2024\/02\/Clothes-Steamer.jpg","width":300,"height":238,"caption":"Clothes Steamer"},{"@type":"BreadcrumbList","@id":"https:\/\/www.cinesouk.ma\/product\/clothes-steamer\/#breadcrumb","itemListElement":[{"@type":"ListItem","position":1,"name":"Home","item":"https:\/\/www.cinesouk.ma\/"},{"@type":"ListItem","position":2,"name":"Shop","item":"https:\/\/www.cinesouk.ma\/shop\/"},{"@type":"ListItem","position":3,"name":"Tefal Clothes Steamer"}]},{"@type":"WebSite","@id":"https:\/\/www.cinesouk.ma\/#website","url":"https:\/\/www.cinesouk.ma\/","name":"CineSouk","description":"","publisher":{"@id":"https:\/\/www.cinesouk.ma\/#organization"},"potentialAction":[{"@type":"SearchAction","target":{"@type":"EntryPoint","urlTemplate":"https:\/\/www.cinesouk.ma\/?s={search_term_string}"},"query-input":{"@type":"PropertyValueSpecification","valueRequired":true,"valueName":"search_term_string"}}],"inLanguage":"fr-FR"},{"@type":"Organization","@id":"https:\/\/www.cinesouk.ma\/#organization","name":"CineSouk","url":"https:\/\/www.cinesouk.ma\/","logo":{"@type":"ImageObject","inLanguage":"fr-FR","@id":"https:\/\/www.cinesouk.ma\/#\/schema\/logo\/image\/","url":"https:\/\/www.cinesouk.ma\/wp-content\/uploads\/2024\/01\/CineSouk-logo-v01-alpha-alligned-left.png","contentUrl":"https:\/\/www.cinesouk.ma\/wp-content\/uploads\/2024\/01\/CineSouk-logo-v01-alpha-alligned-left.png","width":3204,"height":889,"caption":"CineSouk"},"image":{"@id":"https:\/\/www.cinesouk.ma\/#\/schema\/logo\/image\/"}}]}},"_links":{"self":[{"href":"https:\/\/www.cinesouk.ma\/fr\/wp-json\/wp\/v2\/product\/5847","targetHints":{"allow":["GET"]}}],"collection":[{"href":"https:\/\/www.cinesouk.ma\/fr\/wp-json\/wp\/v2\/product"}],"about":[{"href":"https:\/\/www.cinesouk.ma\/fr\/wp-json\/wp\/v2\/types\/product"}],"wp:featuredmedia":[{"embeddable":true,"href":"https:\/\/www.cinesouk.ma\/fr\/wp-json\/wp\/v2\/media\/5999"}],"wp:attachment":[{"href":"https:\/\/www.cinesouk.ma\/fr\/wp-json\/wp\/v2\/media?parent=5847"}],"wp:term":[{"taxonomy":"product_brand","embeddable":true,"href":"https:\/\/www.cinesouk.ma\/fr\/wp-json\/wp\/v2\/product_brand?post=5847"},{"taxonomy":"product_cat","embeddable":true,"href":"https:\/\/www.cinesouk.ma\/fr\/wp-json\/wp\/v2\/product_cat?post=5847"},{"taxonomy":"product_tag","embeddable":true,"href":"https:\/\/www.cinesouk.ma\/fr\/wp-json\/wp\/v2\/product_tag?post=5847"}],"curies":[{"name":"wp","href":"https:\/\/api.w.org\/{rel}","templated":true}]}}