{"id":5851,"date":"2024-02-06T13:27:54","date_gmt":"2024-02-06T13:27:54","guid":{"rendered":"https:\/\/www.cinesouk.ma\/?post_type=product&#038;p=5851"},"modified":"2026-02-05T10:51:45","modified_gmt":"2026-02-05T10:51:45","slug":"coolers","status":"publish","type":"product","link":"https:\/\/www.cinesouk.ma\/fr\/produit\/coolers\/","title":{"rendered":"Refroidisseurs"},"content":{"rendered":"<p>Les glaci\u00e8res l\u00e9g\u00e8res gardent votre contenu au frais jusqu'\u00e0 24 heures. Elles sont parfaites pour les \u00e9v\u00e9nements en plein air. La couche ext\u00e9rieure solide et robuste de la glaci\u00e8re garantit sa durabilit\u00e9. Cette glaci\u00e8re r\u00e9siste aux chocs et aux \u00e9raflures, prot\u00e9geant ainsi vos aliments et vos boissons pendant le transport.<\/p>\n<p>A l'int\u00e9rieur, une couche interm\u00e9diaire thermo-isolante bloque la chaleur. Cette couche maintient une temp\u00e9rature constante, ce qui permet de garder les articles au frais. Pour obtenir les meilleurs r\u00e9sultats, remplissez la glaci\u00e8re d'aliments et de boissons r\u00e9frig\u00e9r\u00e9s, ainsi que de gla\u00e7ons ou de blocs r\u00e9frig\u00e9rants. Cette combinaison maximise l'efficacit\u00e9 de la r\u00e9frig\u00e9ration.<\/p>\n<p>La glaci\u00e8re est \u00e9galement dot\u00e9e d'une couche int\u00e9rieure hygi\u00e9nique. Cette couche emp\u00eache l'accumulation d'humidit\u00e9, ce qui permet de conserver la fra\u00eecheur et la s\u00e9curit\u00e9 de votre contenu. Que vous conserviez des sandwichs, des fruits ou des boissons, cette caract\u00e9ristique vous permet de garder l'esprit tranquille.<\/p>\n<p>Fabriqu\u00e9e en polym\u00e8re de premi\u00e8re qualit\u00e9, la glaci\u00e8re est \u00e0 la fois l\u00e9g\u00e8re et r\u00e9sistante. Elle r\u00e9siste \u00e0 l'usure et aux d\u00e9chirures, ce qui garantit une utilisation durable. Malgr\u00e9 sa conception robuste, elle reste facile \u00e0 transporter pour toutes les sorties.<\/p>\n<p>Gr\u00e2ce \u00e0 ses caract\u00e9ristiques pratiques, cette glaci\u00e8re convient \u00e0 de nombreuses occasions. Elle garde vos aliments et vos boissons au frais, ce qui vous permet de profiter de votre temps \u00e0 l'ext\u00e9rieur en toute tranquillit\u00e9.<\/p>\n<p>En r\u00e9sum\u00e9, cette glaci\u00e8re l\u00e9g\u00e8re est essentielle pour les activit\u00e9s de plein air. Son isolation avanc\u00e9e et sa construction durable offrent des performances fiables, garantissant que vos aliments et boissons restent parfaitement r\u00e9frig\u00e9r\u00e9s pendant des heures.<\/p>\n<p>Louez-le maintenant sur <a href=\"https:\/\/www.cinesouk.ma\/fr\">CINESOUK<\/a> - une marque de <a href=\"https:\/\/www.broadway.ma\/\">BROADWAY PRODUCTIONS SARL.<\/a><\/p>","protected":false},"excerpt":{"rendered":"<p><strong>Sp\u00e9cifications :<\/strong><\/p>\n<p>Couche externe solide et robuste<br \/>\nCouche interm\u00e9diaire d'isolation thermique<br \/>\nCouche int\u00e9rieure hygi\u00e9nique<br \/>\nPolym\u00e8re de premi\u00e8re qualit\u00e9<\/p>","protected":false},"featured_media":6034,"template":"","meta":{"om_disable_all_campaigns":false,"_monsterinsights_skip_tracking":false,"_monsterinsights_sitenote_active":false,"_monsterinsights_sitenote_note":"","_monsterinsights_sitenote_category":0,"_uf_show_specific_survey":0,"_uf_disable_surveys":false},"product_brand":[],"product_cat":[122,43],"product_tag":[],"class_list":{"0":"post-5851","1":"product","2":"type-product","3":"status-publish","4":"has-post-thumbnail","6":"product_cat-hospitality-eventsouk","7":"product_cat-hospitality-cinesouk","9":"entry","10":"has-media","12":"first","13":"instock","14":"taxable","15":"shipping-taxable","16":"purchasable","17":"product-type-variable","18":"has-product-nav","19":"col","20":"span_1_of_3","21":"owp-content-center","22":"owp-thumbs-layout-horizontal","23":"owp-btn-normal","24":"owp-tabs-layout-horizontal","25":"has-no-thumbnails"},"yoast_head":"<!-- This site is optimized with the Yoast SEO Premium plugin v26.0 (Yoast SEO v26.0) - https:\/\/yoast.com\/wordpress\/plugins\/seo\/ -->\n<title>Coolers - CineSouk - For rent<\/title>\n<meta name=\"description\" content=\"Coolers Portable and efficient. Keeps your contents chilled for up to 24 hours. Strong and sturdy external layer.- CineSouk - Marrakech | Morocco\" \/>\n<meta name=\"robots\" content=\"index, follow, max-snippet:-1, max-image-preview:large, max-video-preview:-1\" \/>\n<link rel=\"canonical\" href=\"https:\/\/www.cinesouk.ma\/fr\/produit\/coolers\/\" \/>\n<meta property=\"og:locale\" content=\"fr_FR\" \/>\n<meta property=\"og:type\" content=\"article\" \/>\n<meta property=\"og:title\" content=\"Coolers\" \/>\n<meta property=\"og:description\" content=\"Coolers Portable and efficient. Keeps your contents chilled for up to 24 hours. Strong and sturdy external layer.- CineSouk - Marrakech | Morocco\" \/>\n<meta property=\"og:url\" content=\"https:\/\/www.cinesouk.ma\/fr\/produit\/coolers\/\" \/>\n<meta property=\"og:site_name\" content=\"CineSouk\" \/>\n<meta property=\"article:modified_time\" content=\"2026-02-05T10:51:45+00:00\" \/>\n<meta property=\"og:image\" content=\"https:\/\/www.cinesouk.ma\/wp-content\/uploads\/2024\/02\/Coolers-14L.jpg\" \/>\n\t<meta property=\"og:image:width\" content=\"300\" \/>\n\t<meta property=\"og:image:height\" content=\"238\" \/>\n\t<meta property=\"og:image:type\" content=\"image\/jpeg\" \/>\n<meta name=\"twitter:card\" content=\"summary_large_image\" \/>\n<meta name=\"twitter:description\" content=\"Coolers Portable and efficient. Keeps your contents chilled for up to 24 hours. Strong and sturdy external layer.- CineSouk - Marrakech | Morocco\" \/>\n<meta name=\"twitter:label1\" content=\"Dur\u00e9e de lecture estim\u00e9e\" \/>\n\t<meta name=\"twitter:data1\" content=\"2 minutes\" \/>\n<script type=\"application\/ld+json\" class=\"yoast-schema-graph\">{\"@context\":\"https:\/\/schema.org\",\"@graph\":[{\"@type\":\"WebPage\",\"@id\":\"https:\/\/www.cinesouk.ma\/product\/coolers\/\",\"url\":\"https:\/\/www.cinesouk.ma\/product\/coolers\/\",\"name\":\"Coolers - CineSouk - For rent\",\"isPartOf\":{\"@id\":\"https:\/\/www.cinesouk.ma\/#website\"},\"primaryImageOfPage\":{\"@id\":\"https:\/\/www.cinesouk.ma\/product\/coolers\/#primaryimage\"},\"image\":{\"@id\":\"https:\/\/www.cinesouk.ma\/product\/coolers\/#primaryimage\"},\"thumbnailUrl\":\"https:\/\/www.cinesouk.ma\/wp-content\/uploads\/2024\/02\/Coolers-14L.jpg\",\"datePublished\":\"2024-02-06T13:27:54+00:00\",\"dateModified\":\"2026-02-05T10:51:45+00:00\",\"description\":\"Coolers Portable and efficient. Keeps your contents chilled for up to 24 hours. Strong and sturdy external layer.- CineSouk - Marrakech | Morocco\",\"breadcrumb\":{\"@id\":\"https:\/\/www.cinesouk.ma\/product\/coolers\/#breadcrumb\"},\"inLanguage\":\"fr-FR\",\"potentialAction\":[{\"@type\":\"ReadAction\",\"target\":[\"https:\/\/www.cinesouk.ma\/product\/coolers\/\"]}]},{\"@type\":\"ImageObject\",\"inLanguage\":\"fr-FR\",\"@id\":\"https:\/\/www.cinesouk.ma\/product\/coolers\/#primaryimage\",\"url\":\"https:\/\/www.cinesouk.ma\/wp-content\/uploads\/2024\/02\/Coolers-14L.jpg\",\"contentUrl\":\"https:\/\/www.cinesouk.ma\/wp-content\/uploads\/2024\/02\/Coolers-14L.jpg\",\"width\":300,\"height\":238},{\"@type\":\"BreadcrumbList\",\"@id\":\"https:\/\/www.cinesouk.ma\/product\/coolers\/#breadcrumb\",\"itemListElement\":[{\"@type\":\"ListItem\",\"position\":1,\"name\":\"Home\",\"item\":\"https:\/\/www.cinesouk.ma\/\"},{\"@type\":\"ListItem\",\"position\":2,\"name\":\"Shop\",\"item\":\"https:\/\/www.cinesouk.ma\/shop\/\"},{\"@type\":\"ListItem\",\"position\":3,\"name\":\"Coolers\"}]},{\"@type\":\"WebSite\",\"@id\":\"https:\/\/www.cinesouk.ma\/#website\",\"url\":\"https:\/\/www.cinesouk.ma\/\",\"name\":\"CineSouk\",\"description\":\"\",\"publisher\":{\"@id\":\"https:\/\/www.cinesouk.ma\/#organization\"},\"potentialAction\":[{\"@type\":\"SearchAction\",\"target\":{\"@type\":\"EntryPoint\",\"urlTemplate\":\"https:\/\/www.cinesouk.ma\/?s={search_term_string}\"},\"query-input\":{\"@type\":\"PropertyValueSpecification\",\"valueRequired\":true,\"valueName\":\"search_term_string\"}}],\"inLanguage\":\"fr-FR\"},{\"@type\":\"Organization\",\"@id\":\"https:\/\/www.cinesouk.ma\/#organization\",\"name\":\"CineSouk\",\"url\":\"https:\/\/www.cinesouk.ma\/\",\"logo\":{\"@type\":\"ImageObject\",\"inLanguage\":\"fr-FR\",\"@id\":\"https:\/\/www.cinesouk.ma\/#\/schema\/logo\/image\/\",\"url\":\"https:\/\/www.cinesouk.ma\/wp-content\/uploads\/2024\/01\/CineSouk-logo-v01-alpha-alligned-left.png\",\"contentUrl\":\"https:\/\/www.cinesouk.ma\/wp-content\/uploads\/2024\/01\/CineSouk-logo-v01-alpha-alligned-left.png\",\"width\":3204,\"height\":889,\"caption\":\"CineSouk\"},\"image\":{\"@id\":\"https:\/\/www.cinesouk.ma\/#\/schema\/logo\/image\/\"}}]}<\/script>\n<!-- \/ Yoast SEO Premium plugin. -->","yoast_head_json":{"title":"Coolers - CineSouk - For rent","description":"Coolers Portable and efficient. Keeps your contents chilled for up to 24 hours. Strong and sturdy external layer.- CineSouk - Marrakech | Morocco","robots":{"index":"index","follow":"follow","max-snippet":"max-snippet:-1","max-image-preview":"max-image-preview:large","max-video-preview":"max-video-preview:-1"},"canonical":"https:\/\/www.cinesouk.ma\/fr\/produit\/coolers\/","og_locale":"fr_FR","og_type":"article","og_title":"Coolers","og_description":"Coolers Portable and efficient. Keeps your contents chilled for up to 24 hours. Strong and sturdy external layer.- CineSouk - Marrakech | Morocco","og_url":"https:\/\/www.cinesouk.ma\/fr\/produit\/coolers\/","og_site_name":"CineSouk","article_modified_time":"2026-02-05T10:51:45+00:00","og_image":[{"width":300,"height":238,"url":"https:\/\/www.cinesouk.ma\/wp-content\/uploads\/2024\/02\/Coolers-14L.jpg","type":"image\/jpeg"}],"twitter_card":"summary_large_image","twitter_description":"Coolers Portable and efficient. Keeps your contents chilled for up to 24 hours. Strong and sturdy external layer.- CineSouk - Marrakech | Morocco","twitter_misc":{"Dur\u00e9e de lecture estim\u00e9e":"2 minutes"},"schema":{"@context":"https:\/\/schema.org","@graph":[{"@type":"WebPage","@id":"https:\/\/www.cinesouk.ma\/product\/coolers\/","url":"https:\/\/www.cinesouk.ma\/product\/coolers\/","name":"Coolers - CineSouk - For rent","isPartOf":{"@id":"https:\/\/www.cinesouk.ma\/#website"},"primaryImageOfPage":{"@id":"https:\/\/www.cinesouk.ma\/product\/coolers\/#primaryimage"},"image":{"@id":"https:\/\/www.cinesouk.ma\/product\/coolers\/#primaryimage"},"thumbnailUrl":"https:\/\/www.cinesouk.ma\/wp-content\/uploads\/2024\/02\/Coolers-14L.jpg","datePublished":"2024-02-06T13:27:54+00:00","dateModified":"2026-02-05T10:51:45+00:00","description":"Coolers Portable and efficient. Keeps your contents chilled for up to 24 hours. Strong and sturdy external layer.- CineSouk - Marrakech | Morocco","breadcrumb":{"@id":"https:\/\/www.cinesouk.ma\/product\/coolers\/#breadcrumb"},"inLanguage":"fr-FR","potentialAction":[{"@type":"ReadAction","target":["https:\/\/www.cinesouk.ma\/product\/coolers\/"]}]},{"@type":"ImageObject","inLanguage":"fr-FR","@id":"https:\/\/www.cinesouk.ma\/product\/coolers\/#primaryimage","url":"https:\/\/www.cinesouk.ma\/wp-content\/uploads\/2024\/02\/Coolers-14L.jpg","contentUrl":"https:\/\/www.cinesouk.ma\/wp-content\/uploads\/2024\/02\/Coolers-14L.jpg","width":300,"height":238},{"@type":"BreadcrumbList","@id":"https:\/\/www.cinesouk.ma\/product\/coolers\/#breadcrumb","itemListElement":[{"@type":"ListItem","position":1,"name":"Home","item":"https:\/\/www.cinesouk.ma\/"},{"@type":"ListItem","position":2,"name":"Shop","item":"https:\/\/www.cinesouk.ma\/shop\/"},{"@type":"ListItem","position":3,"name":"Coolers"}]},{"@type":"WebSite","@id":"https:\/\/www.cinesouk.ma\/#website","url":"https:\/\/www.cinesouk.ma\/","name":"CineSouk","description":"","publisher":{"@id":"https:\/\/www.cinesouk.ma\/#organization"},"potentialAction":[{"@type":"SearchAction","target":{"@type":"EntryPoint","urlTemplate":"https:\/\/www.cinesouk.ma\/?s={search_term_string}"},"query-input":{"@type":"PropertyValueSpecification","valueRequired":true,"valueName":"search_term_string"}}],"inLanguage":"fr-FR"},{"@type":"Organization","@id":"https:\/\/www.cinesouk.ma\/#organization","name":"CineSouk","url":"https:\/\/www.cinesouk.ma\/","logo":{"@type":"ImageObject","inLanguage":"fr-FR","@id":"https:\/\/www.cinesouk.ma\/#\/schema\/logo\/image\/","url":"https:\/\/www.cinesouk.ma\/wp-content\/uploads\/2024\/01\/CineSouk-logo-v01-alpha-alligned-left.png","contentUrl":"https:\/\/www.cinesouk.ma\/wp-content\/uploads\/2024\/01\/CineSouk-logo-v01-alpha-alligned-left.png","width":3204,"height":889,"caption":"CineSouk"},"image":{"@id":"https:\/\/www.cinesouk.ma\/#\/schema\/logo\/image\/"}}]}},"_links":{"self":[{"href":"https:\/\/www.cinesouk.ma\/fr\/wp-json\/wp\/v2\/product\/5851","targetHints":{"allow":["GET"]}}],"collection":[{"href":"https:\/\/www.cinesouk.ma\/fr\/wp-json\/wp\/v2\/product"}],"about":[{"href":"https:\/\/www.cinesouk.ma\/fr\/wp-json\/wp\/v2\/types\/product"}],"wp:featuredmedia":[{"embeddable":true,"href":"https:\/\/www.cinesouk.ma\/fr\/wp-json\/wp\/v2\/media\/6034"}],"wp:attachment":[{"href":"https:\/\/www.cinesouk.ma\/fr\/wp-json\/wp\/v2\/media?parent=5851"}],"wp:term":[{"taxonomy":"product_brand","embeddable":true,"href":"https:\/\/www.cinesouk.ma\/fr\/wp-json\/wp\/v2\/product_brand?post=5851"},{"taxonomy":"product_cat","embeddable":true,"href":"https:\/\/www.cinesouk.ma\/fr\/wp-json\/wp\/v2\/product_cat?post=5851"},{"taxonomy":"product_tag","embeddable":true,"href":"https:\/\/www.cinesouk.ma\/fr\/wp-json\/wp\/v2\/product_tag?post=5851"}],"curies":[{"name":"wp","href":"https:\/\/api.w.org\/{rel}","templated":true}]}}