{"id":5853,"date":"2024-02-06T13:40:03","date_gmt":"2024-02-06T13:40:03","guid":{"rendered":"https:\/\/www.cinesouk.ma\/?post_type=product&#038;p=5853"},"modified":"2026-01-23T15:22:10","modified_gmt":"2026-01-23T15:22:10","slug":"pro-umbrella","status":"publish","type":"product","link":"https:\/\/www.cinesouk.ma\/fr\/produit\/pro-umbrella\/","title":{"rendered":"Parapluie"},"content":{"rendered":"<p>Ce parapluie de qualit\u00e9 professionnelle est con\u00e7u pour offrir une protection maximale contre les \u00e9l\u00e9ments. Il est con\u00e7u pour durer et r\u00e9sister. Il est parfait pour les \u00e9v\u00e9nements en plein air, les s\u00e9ances photos ou toute autre situation o\u00f9 il est essentiel de rester au sec.<\/p>\n<p>Le parapluie est dot\u00e9 d'une armature robuste et r\u00e9sistante au vent, capable de supporter de fortes rafales. Il reste ainsi intact m\u00eame dans des conditions m\u00e9t\u00e9orologiques difficiles. La toile de haute qualit\u00e9, fabriqu\u00e9e dans un mat\u00e9riau hydrofuge, offre une protection fiable contre la pluie. Que vous tourniez sous une l\u00e9g\u00e8re bruine ou sous une pluie battante, ce parapluie garde votre \u00e9quipement et votre \u00e9quipe au sec.<\/p>\n<p>De plus, la poign\u00e9e ergonomique offre une prise en main confortable, ce qui facilite le transport et la man\u0153uvre. Vous pouvez rapidement ajuster le parapluie pour vous prot\u00e9ger ou prot\u00e9ger votre mat\u00e9riel sans probl\u00e8me. Son design \u00e9l\u00e9gant ajoute une touche professionnelle \u00e0 toute installation, am\u00e9liorant \u00e0 la fois la fonctionnalit\u00e9 et le style.<\/p>\n<p>De plus, ce parapluie est bien plus qu'un simple abri contre la pluie. Il s'agit d'un outil fiable pour tout professionnel ayant besoin d'entretenir son mat\u00e9riel ou de se prot\u00e9ger lui-m\u00eame en cas de conditions m\u00e9t\u00e9orologiques impr\u00e9visibles.<\/p>\n<p><strong>Sp\u00e9cifications :<\/strong><\/p>\n<ul>\n<li><strong>Couleur :<\/strong> Noir<\/li>\n<li><strong>Poign\u00e9e :<\/strong> Droit<\/li>\n<li><strong>M\u00e9canisme :<\/strong> Ouverture de la main<\/li>\n<li><strong>Fibre de verre :<\/strong> Cadre et b\u00e2ton<\/li>\n<li><strong>Mati\u00e8re du tissu :<\/strong> Polyester Pongee<\/li>\n<li><strong>Coupe-vent :<\/strong> Oui<\/li>\n<li><strong>Doming :<\/strong> Non<\/li>\n<\/ul>\n<p>En r\u00e9sum\u00e9, ce parapluie allie une fonctionnalit\u00e9 sup\u00e9rieure \u00e0 un design \u00e9l\u00e9gant. Il constitue un atout inestimable pour les cin\u00e9astes et les photographes qui doivent affronter les \u00e9l\u00e9ments tout en veillant \u00e0 ce que leur travail ne soit pas interrompu.<\/p>\n<p>Louez-le maintenant sur <a href=\"https:\/\/www.cinesouk.ma\/fr\">CINESOUK<\/a> - une marque de <a href=\"https:\/\/www.broadway.ma\/\">BROADWAY PRODUCTIONS SARL.<\/a><\/p>","protected":false},"excerpt":{"rendered":"<p>Sp\u00e9cifications :<\/p>\n<p>1320mm (ouvert) x L 1030mm (poign\u00e9e incluse).<\/p>","protected":false},"featured_media":6066,"template":"","meta":{"om_disable_all_campaigns":false,"_monsterinsights_skip_tracking":false,"_monsterinsights_sitenote_active":false,"_monsterinsights_sitenote_note":"","_monsterinsights_sitenote_category":0,"_uf_show_specific_survey":0,"_uf_disable_surveys":false},"product_brand":[],"product_cat":[122,43],"product_tag":[],"class_list":{"0":"post-5853","1":"product","2":"type-product","3":"status-publish","4":"has-post-thumbnail","6":"product_cat-hospitality-eventsouk","7":"product_cat-hospitality-cinesouk","9":"entry","10":"has-media","12":"first","13":"instock","14":"taxable","15":"shipping-taxable","16":"purchasable","17":"product-type-variable","18":"has-product-nav","19":"col","20":"span_1_of_3","21":"owp-content-center","22":"owp-thumbs-layout-horizontal","23":"owp-btn-normal","24":"owp-tabs-layout-horizontal","25":"has-no-thumbnails"},"yoast_head":"<!-- This site is optimized with the Yoast SEO Premium plugin v26.0 (Yoast SEO v26.0) - https:\/\/yoast.com\/wordpress\/plugins\/seo\/ -->\n<title>Umbrella - CineSouk - For rent<\/title>\n<meta name=\"description\" content=\"Durable and large Umbrella designed to provide maximum protection against the elements. Built for durability and resilience CineSouk - Marrakech | Morocco\" \/>\n<meta name=\"robots\" content=\"index, follow, max-snippet:-1, max-image-preview:large, max-video-preview:-1\" \/>\n<link rel=\"canonical\" href=\"https:\/\/www.cinesouk.ma\/fr\/produit\/pro-umbrella\/\" \/>\n<meta property=\"og:locale\" content=\"fr_FR\" \/>\n<meta property=\"og:type\" content=\"article\" \/>\n<meta property=\"og:title\" content=\"Umbrella\" \/>\n<meta property=\"og:description\" content=\"Durable and large Umbrella designed to provide maximum protection against the elements. Built for durability and resilience CineSouk - Marrakech | Morocco\" \/>\n<meta property=\"og:url\" content=\"https:\/\/www.cinesouk.ma\/fr\/produit\/pro-umbrella\/\" \/>\n<meta property=\"og:site_name\" content=\"CineSouk\" \/>\n<meta property=\"article:modified_time\" content=\"2026-01-23T15:22:10+00:00\" \/>\n<meta property=\"og:image\" content=\"https:\/\/www.cinesouk.ma\/wp-content\/uploads\/2024\/02\/Pro-Umbrella.jpg\" \/>\n\t<meta property=\"og:image:width\" content=\"300\" \/>\n\t<meta property=\"og:image:height\" content=\"238\" \/>\n\t<meta property=\"og:image:type\" content=\"image\/jpeg\" \/>\n<meta name=\"twitter:card\" content=\"summary_large_image\" \/>\n<meta name=\"twitter:description\" content=\"Durable and large Umbrella designed to provide maximum protection against the elements. Built for durability and resilience CineSouk - Marrakech | Morocco\" \/>\n<meta name=\"twitter:label1\" content=\"Dur\u00e9e de lecture estim\u00e9e\" \/>\n\t<meta name=\"twitter:data1\" content=\"2 minutes\" \/>\n<script type=\"application\/ld+json\" class=\"yoast-schema-graph\">{\"@context\":\"https:\/\/schema.org\",\"@graph\":[{\"@type\":\"WebPage\",\"@id\":\"https:\/\/www.cinesouk.ma\/product\/pro-umbrella\/\",\"url\":\"https:\/\/www.cinesouk.ma\/product\/pro-umbrella\/\",\"name\":\"Umbrella - CineSouk - For rent\",\"isPartOf\":{\"@id\":\"https:\/\/www.cinesouk.ma\/#website\"},\"primaryImageOfPage\":{\"@id\":\"https:\/\/www.cinesouk.ma\/product\/pro-umbrella\/#primaryimage\"},\"image\":{\"@id\":\"https:\/\/www.cinesouk.ma\/product\/pro-umbrella\/#primaryimage\"},\"thumbnailUrl\":\"https:\/\/www.cinesouk.ma\/wp-content\/uploads\/2024\/02\/Pro-Umbrella.jpg\",\"datePublished\":\"2024-02-06T13:40:03+00:00\",\"dateModified\":\"2026-01-23T15:22:10+00:00\",\"description\":\"Durable and large Umbrella designed to provide maximum protection against the elements. Built for durability and resilience CineSouk - Marrakech | Morocco\",\"breadcrumb\":{\"@id\":\"https:\/\/www.cinesouk.ma\/product\/pro-umbrella\/#breadcrumb\"},\"inLanguage\":\"fr-FR\",\"potentialAction\":[{\"@type\":\"ReadAction\",\"target\":[\"https:\/\/www.cinesouk.ma\/product\/pro-umbrella\/\"]}]},{\"@type\":\"ImageObject\",\"inLanguage\":\"fr-FR\",\"@id\":\"https:\/\/www.cinesouk.ma\/product\/pro-umbrella\/#primaryimage\",\"url\":\"https:\/\/www.cinesouk.ma\/wp-content\/uploads\/2024\/02\/Pro-Umbrella.jpg\",\"contentUrl\":\"https:\/\/www.cinesouk.ma\/wp-content\/uploads\/2024\/02\/Pro-Umbrella.jpg\",\"width\":300,\"height\":238},{\"@type\":\"BreadcrumbList\",\"@id\":\"https:\/\/www.cinesouk.ma\/product\/pro-umbrella\/#breadcrumb\",\"itemListElement\":[{\"@type\":\"ListItem\",\"position\":1,\"name\":\"Home\",\"item\":\"https:\/\/www.cinesouk.ma\/\"},{\"@type\":\"ListItem\",\"position\":2,\"name\":\"Shop\",\"item\":\"https:\/\/www.cinesouk.ma\/shop\/\"},{\"@type\":\"ListItem\",\"position\":3,\"name\":\"Umbrella\"}]},{\"@type\":\"WebSite\",\"@id\":\"https:\/\/www.cinesouk.ma\/#website\",\"url\":\"https:\/\/www.cinesouk.ma\/\",\"name\":\"CineSouk\",\"description\":\"\",\"publisher\":{\"@id\":\"https:\/\/www.cinesouk.ma\/#organization\"},\"potentialAction\":[{\"@type\":\"SearchAction\",\"target\":{\"@type\":\"EntryPoint\",\"urlTemplate\":\"https:\/\/www.cinesouk.ma\/?s={search_term_string}\"},\"query-input\":{\"@type\":\"PropertyValueSpecification\",\"valueRequired\":true,\"valueName\":\"search_term_string\"}}],\"inLanguage\":\"fr-FR\"},{\"@type\":\"Organization\",\"@id\":\"https:\/\/www.cinesouk.ma\/#organization\",\"name\":\"CineSouk\",\"url\":\"https:\/\/www.cinesouk.ma\/\",\"logo\":{\"@type\":\"ImageObject\",\"inLanguage\":\"fr-FR\",\"@id\":\"https:\/\/www.cinesouk.ma\/#\/schema\/logo\/image\/\",\"url\":\"https:\/\/www.cinesouk.ma\/wp-content\/uploads\/2024\/01\/CineSouk-logo-v01-alpha-alligned-left.png\",\"contentUrl\":\"https:\/\/www.cinesouk.ma\/wp-content\/uploads\/2024\/01\/CineSouk-logo-v01-alpha-alligned-left.png\",\"width\":3204,\"height\":889,\"caption\":\"CineSouk\"},\"image\":{\"@id\":\"https:\/\/www.cinesouk.ma\/#\/schema\/logo\/image\/\"}}]}<\/script>\n<!-- \/ Yoast SEO Premium plugin. -->","yoast_head_json":{"title":"Umbrella - CineSouk - For rent","description":"Durable and large Umbrella designed to provide maximum protection against the elements. Built for durability and resilience CineSouk - Marrakech | Morocco","robots":{"index":"index","follow":"follow","max-snippet":"max-snippet:-1","max-image-preview":"max-image-preview:large","max-video-preview":"max-video-preview:-1"},"canonical":"https:\/\/www.cinesouk.ma\/fr\/produit\/pro-umbrella\/","og_locale":"fr_FR","og_type":"article","og_title":"Umbrella","og_description":"Durable and large Umbrella designed to provide maximum protection against the elements. Built for durability and resilience CineSouk - Marrakech | Morocco","og_url":"https:\/\/www.cinesouk.ma\/fr\/produit\/pro-umbrella\/","og_site_name":"CineSouk","article_modified_time":"2026-01-23T15:22:10+00:00","og_image":[{"width":300,"height":238,"url":"https:\/\/www.cinesouk.ma\/wp-content\/uploads\/2024\/02\/Pro-Umbrella.jpg","type":"image\/jpeg"}],"twitter_card":"summary_large_image","twitter_description":"Durable and large Umbrella designed to provide maximum protection against the elements. Built for durability and resilience CineSouk - Marrakech | Morocco","twitter_misc":{"Dur\u00e9e de lecture estim\u00e9e":"2 minutes"},"schema":{"@context":"https:\/\/schema.org","@graph":[{"@type":"WebPage","@id":"https:\/\/www.cinesouk.ma\/product\/pro-umbrella\/","url":"https:\/\/www.cinesouk.ma\/product\/pro-umbrella\/","name":"Umbrella - CineSouk - For rent","isPartOf":{"@id":"https:\/\/www.cinesouk.ma\/#website"},"primaryImageOfPage":{"@id":"https:\/\/www.cinesouk.ma\/product\/pro-umbrella\/#primaryimage"},"image":{"@id":"https:\/\/www.cinesouk.ma\/product\/pro-umbrella\/#primaryimage"},"thumbnailUrl":"https:\/\/www.cinesouk.ma\/wp-content\/uploads\/2024\/02\/Pro-Umbrella.jpg","datePublished":"2024-02-06T13:40:03+00:00","dateModified":"2026-01-23T15:22:10+00:00","description":"Durable and large Umbrella designed to provide maximum protection against the elements. Built for durability and resilience CineSouk - Marrakech | Morocco","breadcrumb":{"@id":"https:\/\/www.cinesouk.ma\/product\/pro-umbrella\/#breadcrumb"},"inLanguage":"fr-FR","potentialAction":[{"@type":"ReadAction","target":["https:\/\/www.cinesouk.ma\/product\/pro-umbrella\/"]}]},{"@type":"ImageObject","inLanguage":"fr-FR","@id":"https:\/\/www.cinesouk.ma\/product\/pro-umbrella\/#primaryimage","url":"https:\/\/www.cinesouk.ma\/wp-content\/uploads\/2024\/02\/Pro-Umbrella.jpg","contentUrl":"https:\/\/www.cinesouk.ma\/wp-content\/uploads\/2024\/02\/Pro-Umbrella.jpg","width":300,"height":238},{"@type":"BreadcrumbList","@id":"https:\/\/www.cinesouk.ma\/product\/pro-umbrella\/#breadcrumb","itemListElement":[{"@type":"ListItem","position":1,"name":"Home","item":"https:\/\/www.cinesouk.ma\/"},{"@type":"ListItem","position":2,"name":"Shop","item":"https:\/\/www.cinesouk.ma\/shop\/"},{"@type":"ListItem","position":3,"name":"Umbrella"}]},{"@type":"WebSite","@id":"https:\/\/www.cinesouk.ma\/#website","url":"https:\/\/www.cinesouk.ma\/","name":"CineSouk","description":"","publisher":{"@id":"https:\/\/www.cinesouk.ma\/#organization"},"potentialAction":[{"@type":"SearchAction","target":{"@type":"EntryPoint","urlTemplate":"https:\/\/www.cinesouk.ma\/?s={search_term_string}"},"query-input":{"@type":"PropertyValueSpecification","valueRequired":true,"valueName":"search_term_string"}}],"inLanguage":"fr-FR"},{"@type":"Organization","@id":"https:\/\/www.cinesouk.ma\/#organization","name":"CineSouk","url":"https:\/\/www.cinesouk.ma\/","logo":{"@type":"ImageObject","inLanguage":"fr-FR","@id":"https:\/\/www.cinesouk.ma\/#\/schema\/logo\/image\/","url":"https:\/\/www.cinesouk.ma\/wp-content\/uploads\/2024\/01\/CineSouk-logo-v01-alpha-alligned-left.png","contentUrl":"https:\/\/www.cinesouk.ma\/wp-content\/uploads\/2024\/01\/CineSouk-logo-v01-alpha-alligned-left.png","width":3204,"height":889,"caption":"CineSouk"},"image":{"@id":"https:\/\/www.cinesouk.ma\/#\/schema\/logo\/image\/"}}]}},"_links":{"self":[{"href":"https:\/\/www.cinesouk.ma\/fr\/wp-json\/wp\/v2\/product\/5853","targetHints":{"allow":["GET"]}}],"collection":[{"href":"https:\/\/www.cinesouk.ma\/fr\/wp-json\/wp\/v2\/product"}],"about":[{"href":"https:\/\/www.cinesouk.ma\/fr\/wp-json\/wp\/v2\/types\/product"}],"wp:featuredmedia":[{"embeddable":true,"href":"https:\/\/www.cinesouk.ma\/fr\/wp-json\/wp\/v2\/media\/6066"}],"wp:attachment":[{"href":"https:\/\/www.cinesouk.ma\/fr\/wp-json\/wp\/v2\/media?parent=5853"}],"wp:term":[{"taxonomy":"product_brand","embeddable":true,"href":"https:\/\/www.cinesouk.ma\/fr\/wp-json\/wp\/v2\/product_brand?post=5853"},{"taxonomy":"product_cat","embeddable":true,"href":"https:\/\/www.cinesouk.ma\/fr\/wp-json\/wp\/v2\/product_cat?post=5853"},{"taxonomy":"product_tag","embeddable":true,"href":"https:\/\/www.cinesouk.ma\/fr\/wp-json\/wp\/v2\/product_tag?post=5853"}],"curies":[{"name":"wp","href":"https:\/\/api.w.org\/{rel}","templated":true}]}}