{"id":6080,"date":"2024-02-06T14:21:03","date_gmt":"2024-02-06T14:21:03","guid":{"rendered":"https:\/\/www.cinesouk.ma\/?post_type=product&#038;p=6080"},"modified":"2026-02-05T10:40:14","modified_gmt":"2026-02-05T10:40:14","slug":"nespresso-coffee-machine","status":"publish","type":"product","link":"https:\/\/www.cinesouk.ma\/fr\/produit\/nespresso-coffee-machine\/","title":{"rendered":"Machine \u00e0 caf\u00e9 NESPRESSO"},"content":{"rendered":"<p>Offrez un caf\u00e9 de qualit\u00e9 lors d'\u00e9v\u00e9nements cin\u00e9matographiques avec cette machine \u00e0 caf\u00e9 NESPRESSO. Avec ses lignes essentielles et ses parois en m\u00e9tal poli, la machine Nespresso est une ode au style industriel moderne. Ses deux boutons, sa pompe haute pression et son syst\u00e8me de chauffe rapide permettent de r\u00e9aliser des Espressos et Lungos d'exception, \u00e0 chaque fois. Le tout dans un design \u00e0 la fois \u00e9l\u00e9gant et robuste. Parce que les ic\u00f4nes sont faites pour durer.<\/p>\n<p>Savourez une d\u00e9licieuse tasse de caf\u00e9 sur le plateau de tournage, indispensable pour que les acteurs et l'\u00e9quipe soient au top de leur forme.<\/p>\n<h4>Caract\u00e9ristiques de la cafeti\u00e8re :<\/h4>\n<div class=\"nb-card nb-card--light retina\">\n<ul>\n<li class=\"nb-card-lifestyle--content\"><strong>2 formats de caf\u00e9 :<\/strong> Espresso et Lungo<\/li>\n<li class=\"nb-card-lifestyle--content\"><strong>Design industriel et minimaliste :<\/strong> Machine compacte, con\u00e7ue pour durer<\/li>\n<li class=\"nb-card-lifestyle--content\"><strong>Pression \u00e9lev\u00e9e de la pompe :<\/strong> Syst\u00e8me de pression de 19 bars<\/li>\n<\/ul>\n<\/div>\n<h4>Sp\u00e9cifications de la machine \u00e0 caf\u00e9 NESPRESSO :<\/h4>\n<ul>\n<li><strong>CONSOMMATION :<\/strong> <span style=\"font-size: 16px;\">A+<\/span><\/li>\n<li><strong>MODE \u00c9CONOMIE D'\u00c9NERGIE :<\/strong> <span style=\"font-size: 16px;\">Arr\u00eat automatique apr\u00e8s 2 minutes<\/span><\/li>\n<li><strong>TEMPS DE CHAUFFAGE :<\/strong> <span style=\"font-size: 16px;\">25 secondes<\/span><\/li>\n<li><strong>CAPACIT\u00c9 DU R\u00c9SERVOIR D'EAU :<\/strong> <span style=\"font-size: 16px;\">0.7L<\/span><\/li>\n<li><strong>CAPACIT\u00c9 DU CONTENEUR DE CAPSULES :<\/strong> <span style=\"font-size: 16px;\">9-11 g\u00e9lules<\/span><\/li>\n<li><strong>DIMENSIONS DE LA MACHINE (L X P X H) :<\/strong> <span style=\"font-size: 16px;\">13 x 37,2 x 27,8 cm<\/span><\/li>\n<li><strong>LE POIDS DE LA MACHINE :<\/strong> <span style=\"font-size: 16px;\">2,4772 kg<\/span><\/li>\n<\/ul>\n<h4>Utilisation :<\/h4>\n<ol>\n<li>\n<div class=\"v_wysiwyg\">Rincez puis remplissez le r\u00e9servoir d'eau avec de l'eau potable. Le r\u00e9servoir d'eau peut \u00eatre transport\u00e9 par son couvercle.<\/div>\n<\/li>\n<li class=\"v_active\">\n<div class=\"v_wysiwyg\">Mettre l'appareil en marche. Voyant clignotant : chauffage pendant environ 25 secondes. Lumi\u00e8re fixe : l'appareil est pr\u00eat.<\/div>\n<\/li>\n<li>\n<div class=\"v_wysiwyg\">Soulever compl\u00e8tement le levier et ins\u00e9rer la capsule.<\/div>\n<\/li>\n<li>\n<div class=\"v_wysiwyg\">Fermez le levier et placez une tasse sous la sortie de caf\u00e9.<\/div>\n<\/li>\n<li>\n<div class=\"v_wysiwyg\">Pendant le chauffage, vous pouvez appuyer sur la touche caf\u00e9 lorsqu'elle clignote encore. Le caf\u00e9 s'\u00e9coule alors automatiquement lorsque la machine est pr\u00eate.<\/div>\n<\/li>\n<li>\n<div class=\"v_wysiwyg\">Pour un verre Latte Macchiato, pliez le support de tasse en position verticale. Il retombera automatiquement lorsque vous retirerez le verre pour \u00e9viter que des gouttes ne tombent sur les surfaces de votre cuisine.<\/div>\n<\/li>\n<li>\n<div class=\"v_wysiwyg\">Appuyez sur la touche Espresso (40 ml) ou Lungo (110 ml). La pr\u00e9paration s'arr\u00eate automatiquement. Pour arr\u00eater l'\u00e9coulement du caf\u00e9 ou le compl\u00e9ter, appuyez \u00e0 nouveau sur la touche.<\/div>\n<\/li>\n<li>\n<div class=\"v_wysiwyg\">Prenez le gobelet. Soulevez et fermez le levier pour \u00e9jecter la g\u00e9lule dans le conteneur de g\u00e9lules usag\u00e9es.<\/div>\n<\/li>\n<\/ol>\n<p>Louez-le maintenant sur <a href=\"https:\/\/www.cinesouk.ma\/fr\">CINESOUK<\/a> - une marque de <a href=\"https:\/\/www.broadway.ma\/\">BROADWAY PRODUCTIONS SARL.<\/a><\/p>","protected":false},"excerpt":{"rendered":"<p>Sp\u00e9cifications :<\/p>\n<p>One touch espresso (40ml) &amp; Lungo (110ml)<\/p>","protected":false},"featured_media":6174,"template":"","meta":{"om_disable_all_campaigns":false,"_monsterinsights_skip_tracking":false,"_monsterinsights_sitenote_active":false,"_monsterinsights_sitenote_note":"","_monsterinsights_sitenote_category":0,"_uf_show_specific_survey":0,"_uf_disable_surveys":false},"product_brand":[],"product_cat":[122,43,85],"product_tag":[],"class_list":{"0":"post-6080","1":"product","2":"type-product","3":"status-publish","4":"has-post-thumbnail","6":"product_cat-hospitality-eventsouk","7":"product_cat-hospitality-cinesouk","8":"product_cat-office-cinesouk","10":"entry","11":"has-media","13":"first","14":"instock","15":"taxable","16":"shipping-taxable","17":"purchasable","18":"product-type-variable","19":"has-product-nav","20":"col","21":"span_1_of_3","22":"owp-content-center","23":"owp-thumbs-layout-horizontal","24":"owp-btn-normal","25":"owp-tabs-layout-horizontal","26":"has-no-thumbnails"},"yoast_head":"<!-- This site is optimized with the Yoast SEO Premium plugin v26.0 (Yoast SEO v26.0) - https:\/\/yoast.com\/wordpress\/plugins\/seo\/ -->\n<title>NESPRESSO Coffee Machine - CineSouk - For rent<\/title>\n<meta name=\"description\" content=\"NESPRESSO Coffee Machine is a professional-grade coffee maker. Treat your cast and crew to a delicious brew - CineSouk - Marrakech l Morroco\" \/>\n<meta name=\"robots\" content=\"index, follow, max-snippet:-1, max-image-preview:large, max-video-preview:-1\" \/>\n<link rel=\"canonical\" href=\"https:\/\/www.cinesouk.ma\/fr\/produit\/nespresso-coffee-machine\/\" \/>\n<meta property=\"og:locale\" content=\"fr_FR\" \/>\n<meta property=\"og:type\" content=\"article\" \/>\n<meta property=\"og:title\" content=\"NESPRESSO Coffee Machine\" \/>\n<meta property=\"og:description\" content=\"NESPRESSO Coffee Machine is a professional-grade coffee maker. Treat your cast and crew to a delicious brew - CineSouk - Marrakech l Morroco\" \/>\n<meta property=\"og:url\" content=\"https:\/\/www.cinesouk.ma\/fr\/produit\/nespresso-coffee-machine\/\" \/>\n<meta property=\"og:site_name\" content=\"CineSouk\" \/>\n<meta property=\"article:modified_time\" content=\"2026-02-05T10:40:14+00:00\" \/>\n<meta property=\"og:image\" content=\"https:\/\/www.cinesouk.ma\/wp-content\/uploads\/2024\/02\/Machine-a-cafe-NESPRESSO-.jpg\" \/>\n\t<meta property=\"og:image:width\" content=\"300\" \/>\n\t<meta property=\"og:image:height\" content=\"238\" \/>\n\t<meta property=\"og:image:type\" content=\"image\/jpeg\" \/>\n<meta name=\"twitter:card\" content=\"summary_large_image\" \/>\n<meta name=\"twitter:description\" content=\"NESPRESSO Coffee Machine is a professional-grade coffee maker. Treat your cast and crew to a delicious brew - CineSouk - Marrakech l Morroco\" \/>\n<meta name=\"twitter:label1\" content=\"Dur\u00e9e de lecture estim\u00e9e\" \/>\n\t<meta name=\"twitter:data1\" content=\"2 minutes\" \/>\n<script type=\"application\/ld+json\" class=\"yoast-schema-graph\">{\"@context\":\"https:\/\/schema.org\",\"@graph\":[{\"@type\":\"WebPage\",\"@id\":\"https:\/\/www.cinesouk.ma\/product\/nespresso-coffee-machine\/\",\"url\":\"https:\/\/www.cinesouk.ma\/product\/nespresso-coffee-machine\/\",\"name\":\"NESPRESSO Coffee Machine - CineSouk - For rent\",\"isPartOf\":{\"@id\":\"https:\/\/www.cinesouk.ma\/#website\"},\"primaryImageOfPage\":{\"@id\":\"https:\/\/www.cinesouk.ma\/product\/nespresso-coffee-machine\/#primaryimage\"},\"image\":{\"@id\":\"https:\/\/www.cinesouk.ma\/product\/nespresso-coffee-machine\/#primaryimage\"},\"thumbnailUrl\":\"https:\/\/www.cinesouk.ma\/wp-content\/uploads\/2024\/02\/Machine-a-cafe-NESPRESSO-.jpg\",\"datePublished\":\"2024-02-06T14:21:03+00:00\",\"dateModified\":\"2026-02-05T10:40:14+00:00\",\"description\":\"NESPRESSO Coffee Machine is a professional-grade coffee maker. Treat your cast and crew to a delicious brew - CineSouk - Marrakech l Morroco\",\"breadcrumb\":{\"@id\":\"https:\/\/www.cinesouk.ma\/product\/nespresso-coffee-machine\/#breadcrumb\"},\"inLanguage\":\"fr-FR\",\"potentialAction\":[{\"@type\":\"ReadAction\",\"target\":[\"https:\/\/www.cinesouk.ma\/product\/nespresso-coffee-machine\/\"]}]},{\"@type\":\"ImageObject\",\"inLanguage\":\"fr-FR\",\"@id\":\"https:\/\/www.cinesouk.ma\/product\/nespresso-coffee-machine\/#primaryimage\",\"url\":\"https:\/\/www.cinesouk.ma\/wp-content\/uploads\/2024\/02\/Machine-a-cafe-NESPRESSO-.jpg\",\"contentUrl\":\"https:\/\/www.cinesouk.ma\/wp-content\/uploads\/2024\/02\/Machine-a-cafe-NESPRESSO-.jpg\",\"width\":300,\"height\":238},{\"@type\":\"BreadcrumbList\",\"@id\":\"https:\/\/www.cinesouk.ma\/product\/nespresso-coffee-machine\/#breadcrumb\",\"itemListElement\":[{\"@type\":\"ListItem\",\"position\":1,\"name\":\"Home\",\"item\":\"https:\/\/www.cinesouk.ma\/\"},{\"@type\":\"ListItem\",\"position\":2,\"name\":\"Shop\",\"item\":\"https:\/\/www.cinesouk.ma\/shop\/\"},{\"@type\":\"ListItem\",\"position\":3,\"name\":\"NESPRESSO Coffee Machine\"}]},{\"@type\":\"WebSite\",\"@id\":\"https:\/\/www.cinesouk.ma\/#website\",\"url\":\"https:\/\/www.cinesouk.ma\/\",\"name\":\"CineSouk\",\"description\":\"\",\"publisher\":{\"@id\":\"https:\/\/www.cinesouk.ma\/#organization\"},\"potentialAction\":[{\"@type\":\"SearchAction\",\"target\":{\"@type\":\"EntryPoint\",\"urlTemplate\":\"https:\/\/www.cinesouk.ma\/?s={search_term_string}\"},\"query-input\":{\"@type\":\"PropertyValueSpecification\",\"valueRequired\":true,\"valueName\":\"search_term_string\"}}],\"inLanguage\":\"fr-FR\"},{\"@type\":\"Organization\",\"@id\":\"https:\/\/www.cinesouk.ma\/#organization\",\"name\":\"CineSouk\",\"url\":\"https:\/\/www.cinesouk.ma\/\",\"logo\":{\"@type\":\"ImageObject\",\"inLanguage\":\"fr-FR\",\"@id\":\"https:\/\/www.cinesouk.ma\/#\/schema\/logo\/image\/\",\"url\":\"https:\/\/www.cinesouk.ma\/wp-content\/uploads\/2024\/01\/CineSouk-logo-v01-alpha-alligned-left.png\",\"contentUrl\":\"https:\/\/www.cinesouk.ma\/wp-content\/uploads\/2024\/01\/CineSouk-logo-v01-alpha-alligned-left.png\",\"width\":3204,\"height\":889,\"caption\":\"CineSouk\"},\"image\":{\"@id\":\"https:\/\/www.cinesouk.ma\/#\/schema\/logo\/image\/\"}}]}<\/script>\n<!-- \/ Yoast SEO Premium plugin. -->","yoast_head_json":{"title":"NESPRESSO Coffee Machine - CineSouk - For rent","description":"NESPRESSO Coffee Machine is a professional-grade coffee maker. Treat your cast and crew to a delicious brew - CineSouk - Marrakech l Morroco","robots":{"index":"index","follow":"follow","max-snippet":"max-snippet:-1","max-image-preview":"max-image-preview:large","max-video-preview":"max-video-preview:-1"},"canonical":"https:\/\/www.cinesouk.ma\/fr\/produit\/nespresso-coffee-machine\/","og_locale":"fr_FR","og_type":"article","og_title":"NESPRESSO Coffee Machine","og_description":"NESPRESSO Coffee Machine is a professional-grade coffee maker. Treat your cast and crew to a delicious brew - CineSouk - Marrakech l Morroco","og_url":"https:\/\/www.cinesouk.ma\/fr\/produit\/nespresso-coffee-machine\/","og_site_name":"CineSouk","article_modified_time":"2026-02-05T10:40:14+00:00","og_image":[{"width":300,"height":238,"url":"https:\/\/www.cinesouk.ma\/wp-content\/uploads\/2024\/02\/Machine-a-cafe-NESPRESSO-.jpg","type":"image\/jpeg"}],"twitter_card":"summary_large_image","twitter_description":"NESPRESSO Coffee Machine is a professional-grade coffee maker. Treat your cast and crew to a delicious brew - CineSouk - Marrakech l Morroco","twitter_misc":{"Dur\u00e9e de lecture estim\u00e9e":"2 minutes"},"schema":{"@context":"https:\/\/schema.org","@graph":[{"@type":"WebPage","@id":"https:\/\/www.cinesouk.ma\/product\/nespresso-coffee-machine\/","url":"https:\/\/www.cinesouk.ma\/product\/nespresso-coffee-machine\/","name":"NESPRESSO Coffee Machine - CineSouk - For rent","isPartOf":{"@id":"https:\/\/www.cinesouk.ma\/#website"},"primaryImageOfPage":{"@id":"https:\/\/www.cinesouk.ma\/product\/nespresso-coffee-machine\/#primaryimage"},"image":{"@id":"https:\/\/www.cinesouk.ma\/product\/nespresso-coffee-machine\/#primaryimage"},"thumbnailUrl":"https:\/\/www.cinesouk.ma\/wp-content\/uploads\/2024\/02\/Machine-a-cafe-NESPRESSO-.jpg","datePublished":"2024-02-06T14:21:03+00:00","dateModified":"2026-02-05T10:40:14+00:00","description":"NESPRESSO Coffee Machine is a professional-grade coffee maker. Treat your cast and crew to a delicious brew - CineSouk - Marrakech l Morroco","breadcrumb":{"@id":"https:\/\/www.cinesouk.ma\/product\/nespresso-coffee-machine\/#breadcrumb"},"inLanguage":"fr-FR","potentialAction":[{"@type":"ReadAction","target":["https:\/\/www.cinesouk.ma\/product\/nespresso-coffee-machine\/"]}]},{"@type":"ImageObject","inLanguage":"fr-FR","@id":"https:\/\/www.cinesouk.ma\/product\/nespresso-coffee-machine\/#primaryimage","url":"https:\/\/www.cinesouk.ma\/wp-content\/uploads\/2024\/02\/Machine-a-cafe-NESPRESSO-.jpg","contentUrl":"https:\/\/www.cinesouk.ma\/wp-content\/uploads\/2024\/02\/Machine-a-cafe-NESPRESSO-.jpg","width":300,"height":238},{"@type":"BreadcrumbList","@id":"https:\/\/www.cinesouk.ma\/product\/nespresso-coffee-machine\/#breadcrumb","itemListElement":[{"@type":"ListItem","position":1,"name":"Home","item":"https:\/\/www.cinesouk.ma\/"},{"@type":"ListItem","position":2,"name":"Shop","item":"https:\/\/www.cinesouk.ma\/shop\/"},{"@type":"ListItem","position":3,"name":"NESPRESSO Coffee Machine"}]},{"@type":"WebSite","@id":"https:\/\/www.cinesouk.ma\/#website","url":"https:\/\/www.cinesouk.ma\/","name":"CineSouk","description":"","publisher":{"@id":"https:\/\/www.cinesouk.ma\/#organization"},"potentialAction":[{"@type":"SearchAction","target":{"@type":"EntryPoint","urlTemplate":"https:\/\/www.cinesouk.ma\/?s={search_term_string}"},"query-input":{"@type":"PropertyValueSpecification","valueRequired":true,"valueName":"search_term_string"}}],"inLanguage":"fr-FR"},{"@type":"Organization","@id":"https:\/\/www.cinesouk.ma\/#organization","name":"CineSouk","url":"https:\/\/www.cinesouk.ma\/","logo":{"@type":"ImageObject","inLanguage":"fr-FR","@id":"https:\/\/www.cinesouk.ma\/#\/schema\/logo\/image\/","url":"https:\/\/www.cinesouk.ma\/wp-content\/uploads\/2024\/01\/CineSouk-logo-v01-alpha-alligned-left.png","contentUrl":"https:\/\/www.cinesouk.ma\/wp-content\/uploads\/2024\/01\/CineSouk-logo-v01-alpha-alligned-left.png","width":3204,"height":889,"caption":"CineSouk"},"image":{"@id":"https:\/\/www.cinesouk.ma\/#\/schema\/logo\/image\/"}}]}},"_links":{"self":[{"href":"https:\/\/www.cinesouk.ma\/fr\/wp-json\/wp\/v2\/product\/6080","targetHints":{"allow":["GET"]}}],"collection":[{"href":"https:\/\/www.cinesouk.ma\/fr\/wp-json\/wp\/v2\/product"}],"about":[{"href":"https:\/\/www.cinesouk.ma\/fr\/wp-json\/wp\/v2\/types\/product"}],"wp:featuredmedia":[{"embeddable":true,"href":"https:\/\/www.cinesouk.ma\/fr\/wp-json\/wp\/v2\/media\/6174"}],"wp:attachment":[{"href":"https:\/\/www.cinesouk.ma\/fr\/wp-json\/wp\/v2\/media?parent=6080"}],"wp:term":[{"taxonomy":"product_brand","embeddable":true,"href":"https:\/\/www.cinesouk.ma\/fr\/wp-json\/wp\/v2\/product_brand?post=6080"},{"taxonomy":"product_cat","embeddable":true,"href":"https:\/\/www.cinesouk.ma\/fr\/wp-json\/wp\/v2\/product_cat?post=6080"},{"taxonomy":"product_tag","embeddable":true,"href":"https:\/\/www.cinesouk.ma\/fr\/wp-json\/wp\/v2\/product_tag?post=6080"}],"curies":[{"name":"wp","href":"https:\/\/api.w.org\/{rel}","templated":true}]}}