{"id":6082,"date":"2024-02-06T14:27:22","date_gmt":"2024-02-06T14:27:22","guid":{"rendered":"https:\/\/www.cinesouk.ma\/?post_type=product&#038;p=6082"},"modified":"2025-07-01T09:31:57","modified_gmt":"2025-07-01T09:31:57","slug":"km-210-9-black-microphone-stand","status":"publish","type":"product","link":"https:\/\/www.cinesouk.ma\/fr\/produit\/km-210-9-black-microphone-stand\/","title":{"rendered":"K&amp;M 210\/9 Pied de microphone noir"},"content":{"rendered":"<p>Le pied de microphone noir K&amp;M 210\/9 est un choix fiable et polyvalent pour les musiciens, les ing\u00e9nieurs du son et les diffuseurs. Reconnu pour sa durabilit\u00e9 et sa stabilit\u00e9, ce pied est id\u00e9al pour les performances sur sc\u00e8ne et les enregistrements en studio.<\/p>\n<p>Construit en acier robuste, le K&amp;M 210\/9 est dot\u00e9 d'une conception t\u00e9lescopique en deux parties qui permet un r\u00e9glage facile de la hauteur, de 900 mm \u00e0 1605 mm. Cette flexibilit\u00e9 permet de l'utiliser pour diverses applications, des performances vocales \u00e0 la prise de son d'instruments. Le pied est \u00e9quip\u00e9 d'un bras qui s'\u00e9tend jusqu'\u00e0 840 mm, offrant une port\u00e9e suppl\u00e9mentaire et des options de positionnement pour les microphones.<\/p>\n<p>Le bras de la perche est \u00e9galement dot\u00e9 d'un m\u00e9canisme de verrouillage en T, garantissant que le microphone reste bien en place pendant l'utilisation. La base du pied est en m\u00e9tal moul\u00e9 sous pression avec des pieds pliables, offrant une stabilit\u00e9 exceptionnelle tout en conservant sa portabilit\u00e9. Les pieds en caoutchouc emp\u00eachent le glissement, ce qui rend le support fiable sur diff\u00e9rentes surfaces.<\/p>\n<p>Avec son rev\u00eatement noir \u00e9l\u00e9gant, le K&amp;M 210\/9 n'est pas seulement performant, il a aussi une allure professionnelle dans n'importe quel contexte. Son design compact et pliable le rend facile \u00e0 transporter et \u00e0 ranger, une caract\u00e9ristique cruciale pour les musiciens itin\u00e9rants et les professionnels en d\u00e9placement.<\/p>\n<p>Louez-le maintenant sur <a href=\"https:\/\/www.cinesouk.ma\/fr\">CINESOUK<\/a> - une marque de <a href=\"https:\/\/www.broadway.ma\/\">BROADWAY PRODUCTIONS SARL.<\/a><\/p>","protected":false},"excerpt":{"rendered":"<p>Sp\u00e9cifications :<\/p>\n<p>Hauteur : R\u00e9glable de 900 mm \u00e0 1605 mm<br \/>\nLongueur du bras de rampe : 840 mm<br \/>\nMat\u00e9riau : Acier avec finition noire<br \/>\nBase : M\u00e9tal moul\u00e9 sous pression avec pieds pliants<br \/>\nPoids : 3,2 kg<br \/>\nRaccordement : Filetage standard 3\/8<br \/>\nCouleur : Noir<\/p>","protected":false},"featured_media":7795,"template":"","meta":{"om_disable_all_campaigns":false,"_monsterinsights_skip_tracking":false,"_monsterinsights_sitenote_active":false,"_monsterinsights_sitenote_note":"","_monsterinsights_sitenote_category":0,"_uf_show_specific_survey":0,"_uf_disable_surveys":false},"product_brand":[],"product_cat":[86,35],"product_tag":[],"class_list":{"0":"post-6082","1":"product","2":"type-product","3":"status-publish","4":"has-post-thumbnail","6":"product_cat-foh-cinesouk","7":"product_cat-sound-cinesouk","9":"entry","10":"has-media","12":"first","13":"instock","14":"taxable","15":"shipping-taxable","16":"purchasable","17":"product-type-variable","18":"has-product-nav","19":"col","20":"span_1_of_3","21":"owp-content-center","22":"owp-thumbs-layout-horizontal","23":"owp-btn-normal","24":"owp-tabs-layout-horizontal","25":"has-no-thumbnails"},"yoast_head":"<!-- This site is optimized with the Yoast SEO Premium plugin v26.0 (Yoast SEO v26.0) - https:\/\/yoast.com\/wordpress\/plugins\/seo\/ -->\n<title>K&amp;M 210\/9 Black Microphone Stand - CineSouk - Marrakech l Morroco - For rent<\/title>\n<meta name=\"description\" content=\"K&amp;M 210\/9 Black Stand: Reliable microphone stand with a foldable base and secure T-bar locking mechanism for stage and studio use.\" \/>\n<meta name=\"robots\" content=\"index, follow, max-snippet:-1, max-image-preview:large, max-video-preview:-1\" \/>\n<link rel=\"canonical\" href=\"https:\/\/www.cinesouk.ma\/fr\/produit\/km-210-9-black-microphone-stand\/\" \/>\n<meta property=\"og:locale\" content=\"fr_FR\" \/>\n<meta property=\"og:type\" content=\"article\" \/>\n<meta property=\"og:title\" content=\"K&amp;M 210\/9 Black Microphone Stand\" \/>\n<meta property=\"og:description\" content=\"K&amp;M 210\/9 Black Stand: Reliable microphone stand with a foldable base and secure T-bar locking mechanism for stage and studio use.\" \/>\n<meta property=\"og:url\" content=\"https:\/\/www.cinesouk.ma\/fr\/produit\/km-210-9-black-microphone-stand\/\" \/>\n<meta property=\"og:site_name\" content=\"CineSouk\" \/>\n<meta property=\"article:modified_time\" content=\"2025-07-01T09:31:57+00:00\" \/>\n<meta property=\"og:image\" content=\"https:\/\/www.cinesouk.ma\/wp-content\/uploads\/2024\/02\/KM-210_9-Black-Microphone-Stand.jpg\" \/>\n\t<meta property=\"og:image:width\" content=\"300\" \/>\n\t<meta property=\"og:image:height\" content=\"238\" \/>\n\t<meta property=\"og:image:type\" content=\"image\/jpeg\" \/>\n<meta name=\"twitter:card\" content=\"summary_large_image\" \/>\n<meta name=\"twitter:description\" content=\"K&amp;M 210\/9 Black Stand: Reliable microphone stand with a foldable base and secure T-bar locking mechanism for stage and studio use.\" \/>\n<meta name=\"twitter:label1\" content=\"Dur\u00e9e de lecture estim\u00e9e\" \/>\n\t<meta name=\"twitter:data1\" content=\"2 minutes\" \/>\n<script type=\"application\/ld+json\" class=\"yoast-schema-graph\">{\"@context\":\"https:\/\/schema.org\",\"@graph\":[{\"@type\":\"WebPage\",\"@id\":\"https:\/\/www.cinesouk.ma\/product\/km-210-9-black-microphone-stand\/\",\"url\":\"https:\/\/www.cinesouk.ma\/product\/km-210-9-black-microphone-stand\/\",\"name\":\"K&M 210\/9 Black Microphone Stand - CineSouk - Marrakech l Morroco - For rent\",\"isPartOf\":{\"@id\":\"https:\/\/www.cinesouk.ma\/#website\"},\"primaryImageOfPage\":{\"@id\":\"https:\/\/www.cinesouk.ma\/product\/km-210-9-black-microphone-stand\/#primaryimage\"},\"image\":{\"@id\":\"https:\/\/www.cinesouk.ma\/product\/km-210-9-black-microphone-stand\/#primaryimage\"},\"thumbnailUrl\":\"https:\/\/www.cinesouk.ma\/wp-content\/uploads\/2024\/02\/KM-210_9-Black-Microphone-Stand.jpg\",\"datePublished\":\"2024-02-06T14:27:22+00:00\",\"dateModified\":\"2025-07-01T09:31:57+00:00\",\"description\":\"K&M 210\/9 Black Stand: Reliable microphone stand with a foldable base and secure T-bar locking mechanism for stage and studio use.\",\"breadcrumb\":{\"@id\":\"https:\/\/www.cinesouk.ma\/product\/km-210-9-black-microphone-stand\/#breadcrumb\"},\"inLanguage\":\"fr-FR\",\"potentialAction\":[{\"@type\":\"ReadAction\",\"target\":[\"https:\/\/www.cinesouk.ma\/product\/km-210-9-black-microphone-stand\/\"]}]},{\"@type\":\"ImageObject\",\"inLanguage\":\"fr-FR\",\"@id\":\"https:\/\/www.cinesouk.ma\/product\/km-210-9-black-microphone-stand\/#primaryimage\",\"url\":\"https:\/\/www.cinesouk.ma\/wp-content\/uploads\/2024\/02\/KM-210_9-Black-Microphone-Stand.jpg\",\"contentUrl\":\"https:\/\/www.cinesouk.ma\/wp-content\/uploads\/2024\/02\/KM-210_9-Black-Microphone-Stand.jpg\",\"width\":300,\"height\":238},{\"@type\":\"BreadcrumbList\",\"@id\":\"https:\/\/www.cinesouk.ma\/product\/km-210-9-black-microphone-stand\/#breadcrumb\",\"itemListElement\":[{\"@type\":\"ListItem\",\"position\":1,\"name\":\"Home\",\"item\":\"https:\/\/www.cinesouk.ma\/\"},{\"@type\":\"ListItem\",\"position\":2,\"name\":\"Shop\",\"item\":\"https:\/\/www.cinesouk.ma\/shop\/\"},{\"@type\":\"ListItem\",\"position\":3,\"name\":\"K&#038;M 210\/9 Black Microphone Stand\"}]},{\"@type\":\"WebSite\",\"@id\":\"https:\/\/www.cinesouk.ma\/#website\",\"url\":\"https:\/\/www.cinesouk.ma\/\",\"name\":\"CineSouk\",\"description\":\"\",\"publisher\":{\"@id\":\"https:\/\/www.cinesouk.ma\/#organization\"},\"potentialAction\":[{\"@type\":\"SearchAction\",\"target\":{\"@type\":\"EntryPoint\",\"urlTemplate\":\"https:\/\/www.cinesouk.ma\/?s={search_term_string}\"},\"query-input\":{\"@type\":\"PropertyValueSpecification\",\"valueRequired\":true,\"valueName\":\"search_term_string\"}}],\"inLanguage\":\"fr-FR\"},{\"@type\":\"Organization\",\"@id\":\"https:\/\/www.cinesouk.ma\/#organization\",\"name\":\"CineSouk\",\"url\":\"https:\/\/www.cinesouk.ma\/\",\"logo\":{\"@type\":\"ImageObject\",\"inLanguage\":\"fr-FR\",\"@id\":\"https:\/\/www.cinesouk.ma\/#\/schema\/logo\/image\/\",\"url\":\"https:\/\/www.cinesouk.ma\/wp-content\/uploads\/2024\/01\/CineSouk-logo-v01-alpha-alligned-left.png\",\"contentUrl\":\"https:\/\/www.cinesouk.ma\/wp-content\/uploads\/2024\/01\/CineSouk-logo-v01-alpha-alligned-left.png\",\"width\":3204,\"height\":889,\"caption\":\"CineSouk\"},\"image\":{\"@id\":\"https:\/\/www.cinesouk.ma\/#\/schema\/logo\/image\/\"}}]}<\/script>\n<!-- \/ Yoast SEO Premium plugin. -->","yoast_head_json":{"title":"K&M 210\/9 Black Microphone Stand - CineSouk - Marrakech l Morroco - For rent","description":"K&M 210\/9 Black Stand: Reliable microphone stand with a foldable base and secure T-bar locking mechanism for stage and studio use.","robots":{"index":"index","follow":"follow","max-snippet":"max-snippet:-1","max-image-preview":"max-image-preview:large","max-video-preview":"max-video-preview:-1"},"canonical":"https:\/\/www.cinesouk.ma\/fr\/produit\/km-210-9-black-microphone-stand\/","og_locale":"fr_FR","og_type":"article","og_title":"K&M 210\/9 Black Microphone Stand","og_description":"K&M 210\/9 Black Stand: Reliable microphone stand with a foldable base and secure T-bar locking mechanism for stage and studio use.","og_url":"https:\/\/www.cinesouk.ma\/fr\/produit\/km-210-9-black-microphone-stand\/","og_site_name":"CineSouk","article_modified_time":"2025-07-01T09:31:57+00:00","og_image":[{"width":300,"height":238,"url":"https:\/\/www.cinesouk.ma\/wp-content\/uploads\/2024\/02\/KM-210_9-Black-Microphone-Stand.jpg","type":"image\/jpeg"}],"twitter_card":"summary_large_image","twitter_description":"K&M 210\/9 Black Stand: Reliable microphone stand with a foldable base and secure T-bar locking mechanism for stage and studio use.","twitter_misc":{"Dur\u00e9e de lecture estim\u00e9e":"2 minutes"},"schema":{"@context":"https:\/\/schema.org","@graph":[{"@type":"WebPage","@id":"https:\/\/www.cinesouk.ma\/product\/km-210-9-black-microphone-stand\/","url":"https:\/\/www.cinesouk.ma\/product\/km-210-9-black-microphone-stand\/","name":"K&M 210\/9 Black Microphone Stand - CineSouk - Marrakech l Morroco - For rent","isPartOf":{"@id":"https:\/\/www.cinesouk.ma\/#website"},"primaryImageOfPage":{"@id":"https:\/\/www.cinesouk.ma\/product\/km-210-9-black-microphone-stand\/#primaryimage"},"image":{"@id":"https:\/\/www.cinesouk.ma\/product\/km-210-9-black-microphone-stand\/#primaryimage"},"thumbnailUrl":"https:\/\/www.cinesouk.ma\/wp-content\/uploads\/2024\/02\/KM-210_9-Black-Microphone-Stand.jpg","datePublished":"2024-02-06T14:27:22+00:00","dateModified":"2025-07-01T09:31:57+00:00","description":"K&M 210\/9 Black Stand: Reliable microphone stand with a foldable base and secure T-bar locking mechanism for stage and studio use.","breadcrumb":{"@id":"https:\/\/www.cinesouk.ma\/product\/km-210-9-black-microphone-stand\/#breadcrumb"},"inLanguage":"fr-FR","potentialAction":[{"@type":"ReadAction","target":["https:\/\/www.cinesouk.ma\/product\/km-210-9-black-microphone-stand\/"]}]},{"@type":"ImageObject","inLanguage":"fr-FR","@id":"https:\/\/www.cinesouk.ma\/product\/km-210-9-black-microphone-stand\/#primaryimage","url":"https:\/\/www.cinesouk.ma\/wp-content\/uploads\/2024\/02\/KM-210_9-Black-Microphone-Stand.jpg","contentUrl":"https:\/\/www.cinesouk.ma\/wp-content\/uploads\/2024\/02\/KM-210_9-Black-Microphone-Stand.jpg","width":300,"height":238},{"@type":"BreadcrumbList","@id":"https:\/\/www.cinesouk.ma\/product\/km-210-9-black-microphone-stand\/#breadcrumb","itemListElement":[{"@type":"ListItem","position":1,"name":"Home","item":"https:\/\/www.cinesouk.ma\/"},{"@type":"ListItem","position":2,"name":"Shop","item":"https:\/\/www.cinesouk.ma\/shop\/"},{"@type":"ListItem","position":3,"name":"K&#038;M 210\/9 Black Microphone Stand"}]},{"@type":"WebSite","@id":"https:\/\/www.cinesouk.ma\/#website","url":"https:\/\/www.cinesouk.ma\/","name":"CineSouk","description":"","publisher":{"@id":"https:\/\/www.cinesouk.ma\/#organization"},"potentialAction":[{"@type":"SearchAction","target":{"@type":"EntryPoint","urlTemplate":"https:\/\/www.cinesouk.ma\/?s={search_term_string}"},"query-input":{"@type":"PropertyValueSpecification","valueRequired":true,"valueName":"search_term_string"}}],"inLanguage":"fr-FR"},{"@type":"Organization","@id":"https:\/\/www.cinesouk.ma\/#organization","name":"CineSouk","url":"https:\/\/www.cinesouk.ma\/","logo":{"@type":"ImageObject","inLanguage":"fr-FR","@id":"https:\/\/www.cinesouk.ma\/#\/schema\/logo\/image\/","url":"https:\/\/www.cinesouk.ma\/wp-content\/uploads\/2024\/01\/CineSouk-logo-v01-alpha-alligned-left.png","contentUrl":"https:\/\/www.cinesouk.ma\/wp-content\/uploads\/2024\/01\/CineSouk-logo-v01-alpha-alligned-left.png","width":3204,"height":889,"caption":"CineSouk"},"image":{"@id":"https:\/\/www.cinesouk.ma\/#\/schema\/logo\/image\/"}}]}},"_links":{"self":[{"href":"https:\/\/www.cinesouk.ma\/fr\/wp-json\/wp\/v2\/product\/6082","targetHints":{"allow":["GET"]}}],"collection":[{"href":"https:\/\/www.cinesouk.ma\/fr\/wp-json\/wp\/v2\/product"}],"about":[{"href":"https:\/\/www.cinesouk.ma\/fr\/wp-json\/wp\/v2\/types\/product"}],"wp:featuredmedia":[{"embeddable":true,"href":"https:\/\/www.cinesouk.ma\/fr\/wp-json\/wp\/v2\/media\/7795"}],"wp:attachment":[{"href":"https:\/\/www.cinesouk.ma\/fr\/wp-json\/wp\/v2\/media?parent=6082"}],"wp:term":[{"taxonomy":"product_brand","embeddable":true,"href":"https:\/\/www.cinesouk.ma\/fr\/wp-json\/wp\/v2\/product_brand?post=6082"},{"taxonomy":"product_cat","embeddable":true,"href":"https:\/\/www.cinesouk.ma\/fr\/wp-json\/wp\/v2\/product_cat?post=6082"},{"taxonomy":"product_tag","embeddable":true,"href":"https:\/\/www.cinesouk.ma\/fr\/wp-json\/wp\/v2\/product_tag?post=6082"}],"curies":[{"name":"wp","href":"https:\/\/api.w.org\/{rel}","templated":true}]}}