{"id":6085,"date":"2025-03-09T07:25:53","date_gmt":"2025-03-09T07:25:53","guid":{"rendered":"https:\/\/www.cinesouk.ma\/?post_type=product&#038;p=6085"},"modified":"2025-08-26T13:00:57","modified_gmt":"2025-08-26T13:00:57","slug":"amaran-f21c-led-panel","status":"publish","type":"product","link":"https:\/\/www.cinesouk.ma\/fr\/produit\/amaran-f21c-led-panel\/","title":{"rendered":"Panneau LED Amaran F21C"},"content":{"rendered":"<p>Le panneau LED Amaran F21C est un panneau LED bicolore polyvalent et performant con\u00e7u pour les applications professionnelles de la vid\u00e9o et de la photographie. Sa taille compacte et ses caract\u00e9ristiques avanc\u00e9es le rendent id\u00e9al pour une large gamme de sc\u00e9narios d'\u00e9clairage, offrant aux utilisateurs la flexibilit\u00e9 n\u00e9cessaire pour obtenir la configuration d'\u00e9clairage parfaite.<\/p>\n<h4>Caract\u00e9ristiques principales du panneau LED Amaran F21C :<\/h4>\n<ul>\n<li>Temp\u00e9rature bi-couleur : L'Amaran F21c offre une plage de temp\u00e9rature de couleur r\u00e9glable de 3200K \u00e0 6500K. Cela permet aux utilisateurs d'adapter l'\u00e9clairage \u00e0 diff\u00e9rents environnements ou de cr\u00e9er des ambiances sp\u00e9cifiques en toute simplicit\u00e9.<\/li>\n<li>Pr\u00e9cision des couleurs : Avec un indice CRI\/TLCI \u00e9lev\u00e9, le F21c garantit une reproduction fid\u00e8le des couleurs. Il est donc id\u00e9al pour les applications o\u00f9 la fid\u00e9lit\u00e9 des couleurs est cruciale, comme la photographie de produits et la production vid\u00e9o.<\/li>\n<li>Contr\u00f4le de la gradation : Le panneau LED est dot\u00e9 de capacit\u00e9s de gradation en douceur. Cela permet aux utilisateurs de r\u00e9gler la luminosit\u00e9 de 0% \u00e0 100% sans affecter la temp\u00e9rature de couleur. Cela permet un contr\u00f4le pr\u00e9cis des niveaux d'\u00e9clairage.<\/li>\n<li>Compact et l\u00e9ger : Le design fin et l\u00e9ger du F21c facilite son transport et sa mise en place, que vous travailliez en studio ou sur site. Son faible encombrement permet de l'installer dans des espaces restreints.<\/li>\n<li>Options de montage int\u00e9gr\u00e9es : Le panneau comprend des options de montage int\u00e9gr\u00e9es pour une fixation ais\u00e9e sur des pieds d'\u00e9clairage ou d'autres syst\u00e8mes de support. Il est \u00e9galement \u00e9quip\u00e9 d'une griffe froide standard pour une plus grande polyvalence.<\/li>\n<li>Options d'alimentation : La F21c peut \u00eatre aliment\u00e9e \u00e0 la fois par l'alimentation secteur et par les batteries NP-F de Sony. Il offre une grande souplesse d'utilisation dans diff\u00e9rents environnements et lieux de prise de vue.<\/li>\n<\/ul>\n<p>Louez-le maintenant sur <a href=\"https:\/\/www.cinesouk.ma\/fr\">CINESOUK<\/a> - une marque de <a href=\"https:\/\/www.broadway.ma\/\">BROADWAY PRODUCTIONS SARL.<\/a><\/p>","protected":false},"excerpt":{"rendered":"<p>Sp\u00e9cifications :<\/p>\n<p>\u00e9lectrique 2000 watts<br \/>\npeuvent utiliser soit l'\u00e9lectricit\u00e9, soit le gaz, soit les deux en m\u00eame temps<\/p>","protected":false},"featured_media":13203,"template":"","meta":{"om_disable_all_campaigns":false,"_monsterinsights_skip_tracking":false,"_monsterinsights_sitenote_active":false,"_monsterinsights_sitenote_note":"","_monsterinsights_sitenote_category":0,"_uf_show_specific_survey":0,"_uf_disable_surveys":false},"product_brand":[],"product_cat":[131,83,20,53],"product_tag":[],"class_list":{"0":"post-6085","1":"product","2":"type-product","3":"status-publish","4":"has-post-thumbnail","6":"product_cat-light-eventsouk","7":"product_cat-efp-eng-cinesouk","8":"product_cat-light-cinesouk","9":"product_cat-popular-cinesouk","11":"entry","12":"has-media","14":"first","15":"instock","16":"taxable","17":"shipping-taxable","18":"purchasable","19":"product-type-variable","20":"has-product-nav","21":"col","22":"span_1_of_3","23":"owp-content-center","24":"owp-thumbs-layout-horizontal","25":"owp-btn-normal","26":"owp-tabs-layout-horizontal"},"yoast_head":"<!-- This site is optimized with the Yoast SEO Premium plugin v26.0 (Yoast SEO v26.0) - https:\/\/yoast.com\/wordpress\/plugins\/seo\/ -->\n<title>Amaran F21C LED Panel - CineSouk - Marrakech l Morroco - For rent<\/title>\n<meta name=\"description\" content=\"Professional Amaran F21C LED light: Adjustable bi-color temperature, high color accuracy, and lightweight design make this panel ideal for video production and photography. - CineSouk\" \/>\n<meta name=\"robots\" content=\"index, follow, max-snippet:-1, max-image-preview:large, max-video-preview:-1\" \/>\n<link rel=\"canonical\" href=\"https:\/\/www.cinesouk.ma\/fr\/produit\/amaran-f21c-led-panel\/\" \/>\n<meta property=\"og:locale\" content=\"fr_FR\" \/>\n<meta property=\"og:type\" content=\"article\" \/>\n<meta property=\"og:title\" content=\"Amaran F21C LED Panel\" \/>\n<meta property=\"og:description\" content=\"Professional Amaran F21C LED light: Adjustable bi-color temperature, high color accuracy, and lightweight design make this panel ideal for video production and photography. - CineSouk\" \/>\n<meta property=\"og:url\" content=\"https:\/\/www.cinesouk.ma\/fr\/produit\/amaran-f21c-led-panel\/\" \/>\n<meta property=\"og:site_name\" content=\"CineSouk\" \/>\n<meta property=\"article:modified_time\" content=\"2025-08-26T13:00:57+00:00\" \/>\n<meta property=\"og:image\" content=\"https:\/\/www.cinesouk.ma\/wp-content\/uploads\/2025\/03\/Amaran-F21C-LED-Panel.jpg\" \/>\n\t<meta property=\"og:image:width\" content=\"300\" \/>\n\t<meta property=\"og:image:height\" content=\"238\" \/>\n\t<meta property=\"og:image:type\" content=\"image\/jpeg\" \/>\n<meta name=\"twitter:card\" content=\"summary_large_image\" \/>\n<meta name=\"twitter:description\" content=\"Professional Amaran F21C LED light: Adjustable bi-color temperature, high color accuracy, and lightweight design make this panel ideal for video production and photography. - CineSouk\" \/>\n<meta name=\"twitter:label1\" content=\"Dur\u00e9e de lecture estim\u00e9e\" \/>\n\t<meta name=\"twitter:data1\" content=\"2 minutes\" \/>\n<script type=\"application\/ld+json\" class=\"yoast-schema-graph\">{\"@context\":\"https:\/\/schema.org\",\"@graph\":[{\"@type\":\"WebPage\",\"@id\":\"https:\/\/www.cinesouk.ma\/product\/amaran-f21c-led-panel\/\",\"url\":\"https:\/\/www.cinesouk.ma\/product\/amaran-f21c-led-panel\/\",\"name\":\"Amaran F21C LED Panel - CineSouk - Marrakech l Morroco - For rent\",\"isPartOf\":{\"@id\":\"https:\/\/www.cinesouk.ma\/#website\"},\"primaryImageOfPage\":{\"@id\":\"https:\/\/www.cinesouk.ma\/product\/amaran-f21c-led-panel\/#primaryimage\"},\"image\":{\"@id\":\"https:\/\/www.cinesouk.ma\/product\/amaran-f21c-led-panel\/#primaryimage\"},\"thumbnailUrl\":\"https:\/\/www.cinesouk.ma\/wp-content\/uploads\/2025\/03\/Amaran-F21C-LED-Panel.jpg\",\"datePublished\":\"2025-03-09T07:25:53+00:00\",\"dateModified\":\"2025-08-26T13:00:57+00:00\",\"description\":\"Professional Amaran F21C LED light: Adjustable bi-color temperature, high color accuracy, and lightweight design make this panel ideal for video production and photography. - CineSouk\",\"breadcrumb\":{\"@id\":\"https:\/\/www.cinesouk.ma\/product\/amaran-f21c-led-panel\/#breadcrumb\"},\"inLanguage\":\"fr-FR\",\"potentialAction\":[{\"@type\":\"ReadAction\",\"target\":[\"https:\/\/www.cinesouk.ma\/product\/amaran-f21c-led-panel\/\"]}]},{\"@type\":\"ImageObject\",\"inLanguage\":\"fr-FR\",\"@id\":\"https:\/\/www.cinesouk.ma\/product\/amaran-f21c-led-panel\/#primaryimage\",\"url\":\"https:\/\/www.cinesouk.ma\/wp-content\/uploads\/2025\/03\/Amaran-F21C-LED-Panel.jpg\",\"contentUrl\":\"https:\/\/www.cinesouk.ma\/wp-content\/uploads\/2025\/03\/Amaran-F21C-LED-Panel.jpg\",\"width\":300,\"height\":238,\"caption\":\"Amaran F21C LED Panel\"},{\"@type\":\"BreadcrumbList\",\"@id\":\"https:\/\/www.cinesouk.ma\/product\/amaran-f21c-led-panel\/#breadcrumb\",\"itemListElement\":[{\"@type\":\"ListItem\",\"position\":1,\"name\":\"Home\",\"item\":\"https:\/\/www.cinesouk.ma\/\"},{\"@type\":\"ListItem\",\"position\":2,\"name\":\"Shop\",\"item\":\"https:\/\/www.cinesouk.ma\/shop\/\"},{\"@type\":\"ListItem\",\"position\":3,\"name\":\"Amaran F21C LED Panel\"}]},{\"@type\":\"WebSite\",\"@id\":\"https:\/\/www.cinesouk.ma\/#website\",\"url\":\"https:\/\/www.cinesouk.ma\/\",\"name\":\"CineSouk\",\"description\":\"\",\"publisher\":{\"@id\":\"https:\/\/www.cinesouk.ma\/#organization\"},\"potentialAction\":[{\"@type\":\"SearchAction\",\"target\":{\"@type\":\"EntryPoint\",\"urlTemplate\":\"https:\/\/www.cinesouk.ma\/?s={search_term_string}\"},\"query-input\":{\"@type\":\"PropertyValueSpecification\",\"valueRequired\":true,\"valueName\":\"search_term_string\"}}],\"inLanguage\":\"fr-FR\"},{\"@type\":\"Organization\",\"@id\":\"https:\/\/www.cinesouk.ma\/#organization\",\"name\":\"CineSouk\",\"url\":\"https:\/\/www.cinesouk.ma\/\",\"logo\":{\"@type\":\"ImageObject\",\"inLanguage\":\"fr-FR\",\"@id\":\"https:\/\/www.cinesouk.ma\/#\/schema\/logo\/image\/\",\"url\":\"https:\/\/www.cinesouk.ma\/wp-content\/uploads\/2024\/01\/CineSouk-logo-v01-alpha-alligned-left.png\",\"contentUrl\":\"https:\/\/www.cinesouk.ma\/wp-content\/uploads\/2024\/01\/CineSouk-logo-v01-alpha-alligned-left.png\",\"width\":3204,\"height\":889,\"caption\":\"CineSouk\"},\"image\":{\"@id\":\"https:\/\/www.cinesouk.ma\/#\/schema\/logo\/image\/\"}}]}<\/script>\n<!-- \/ Yoast SEO Premium plugin. -->","yoast_head_json":{"title":"Amaran F21C LED Panel - CineSouk - Marrakech l Morroco - For rent","description":"Professional Amaran F21C LED light: Adjustable bi-color temperature, high color accuracy, and lightweight design make this panel ideal for video production and photography. - CineSouk","robots":{"index":"index","follow":"follow","max-snippet":"max-snippet:-1","max-image-preview":"max-image-preview:large","max-video-preview":"max-video-preview:-1"},"canonical":"https:\/\/www.cinesouk.ma\/fr\/produit\/amaran-f21c-led-panel\/","og_locale":"fr_FR","og_type":"article","og_title":"Amaran F21C LED Panel","og_description":"Professional Amaran F21C LED light: Adjustable bi-color temperature, high color accuracy, and lightweight design make this panel ideal for video production and photography. - CineSouk","og_url":"https:\/\/www.cinesouk.ma\/fr\/produit\/amaran-f21c-led-panel\/","og_site_name":"CineSouk","article_modified_time":"2025-08-26T13:00:57+00:00","og_image":[{"width":300,"height":238,"url":"https:\/\/www.cinesouk.ma\/wp-content\/uploads\/2025\/03\/Amaran-F21C-LED-Panel.jpg","type":"image\/jpeg"}],"twitter_card":"summary_large_image","twitter_description":"Professional Amaran F21C LED light: Adjustable bi-color temperature, high color accuracy, and lightweight design make this panel ideal for video production and photography. - CineSouk","twitter_misc":{"Dur\u00e9e de lecture estim\u00e9e":"2 minutes"},"schema":{"@context":"https:\/\/schema.org","@graph":[{"@type":"WebPage","@id":"https:\/\/www.cinesouk.ma\/product\/amaran-f21c-led-panel\/","url":"https:\/\/www.cinesouk.ma\/product\/amaran-f21c-led-panel\/","name":"Amaran F21C LED Panel - CineSouk - Marrakech l Morroco - For rent","isPartOf":{"@id":"https:\/\/www.cinesouk.ma\/#website"},"primaryImageOfPage":{"@id":"https:\/\/www.cinesouk.ma\/product\/amaran-f21c-led-panel\/#primaryimage"},"image":{"@id":"https:\/\/www.cinesouk.ma\/product\/amaran-f21c-led-panel\/#primaryimage"},"thumbnailUrl":"https:\/\/www.cinesouk.ma\/wp-content\/uploads\/2025\/03\/Amaran-F21C-LED-Panel.jpg","datePublished":"2025-03-09T07:25:53+00:00","dateModified":"2025-08-26T13:00:57+00:00","description":"Professional Amaran F21C LED light: Adjustable bi-color temperature, high color accuracy, and lightweight design make this panel ideal for video production and photography. - CineSouk","breadcrumb":{"@id":"https:\/\/www.cinesouk.ma\/product\/amaran-f21c-led-panel\/#breadcrumb"},"inLanguage":"fr-FR","potentialAction":[{"@type":"ReadAction","target":["https:\/\/www.cinesouk.ma\/product\/amaran-f21c-led-panel\/"]}]},{"@type":"ImageObject","inLanguage":"fr-FR","@id":"https:\/\/www.cinesouk.ma\/product\/amaran-f21c-led-panel\/#primaryimage","url":"https:\/\/www.cinesouk.ma\/wp-content\/uploads\/2025\/03\/Amaran-F21C-LED-Panel.jpg","contentUrl":"https:\/\/www.cinesouk.ma\/wp-content\/uploads\/2025\/03\/Amaran-F21C-LED-Panel.jpg","width":300,"height":238,"caption":"Amaran F21C LED Panel"},{"@type":"BreadcrumbList","@id":"https:\/\/www.cinesouk.ma\/product\/amaran-f21c-led-panel\/#breadcrumb","itemListElement":[{"@type":"ListItem","position":1,"name":"Home","item":"https:\/\/www.cinesouk.ma\/"},{"@type":"ListItem","position":2,"name":"Shop","item":"https:\/\/www.cinesouk.ma\/shop\/"},{"@type":"ListItem","position":3,"name":"Amaran F21C LED Panel"}]},{"@type":"WebSite","@id":"https:\/\/www.cinesouk.ma\/#website","url":"https:\/\/www.cinesouk.ma\/","name":"CineSouk","description":"","publisher":{"@id":"https:\/\/www.cinesouk.ma\/#organization"},"potentialAction":[{"@type":"SearchAction","target":{"@type":"EntryPoint","urlTemplate":"https:\/\/www.cinesouk.ma\/?s={search_term_string}"},"query-input":{"@type":"PropertyValueSpecification","valueRequired":true,"valueName":"search_term_string"}}],"inLanguage":"fr-FR"},{"@type":"Organization","@id":"https:\/\/www.cinesouk.ma\/#organization","name":"CineSouk","url":"https:\/\/www.cinesouk.ma\/","logo":{"@type":"ImageObject","inLanguage":"fr-FR","@id":"https:\/\/www.cinesouk.ma\/#\/schema\/logo\/image\/","url":"https:\/\/www.cinesouk.ma\/wp-content\/uploads\/2024\/01\/CineSouk-logo-v01-alpha-alligned-left.png","contentUrl":"https:\/\/www.cinesouk.ma\/wp-content\/uploads\/2024\/01\/CineSouk-logo-v01-alpha-alligned-left.png","width":3204,"height":889,"caption":"CineSouk"},"image":{"@id":"https:\/\/www.cinesouk.ma\/#\/schema\/logo\/image\/"}}]}},"_links":{"self":[{"href":"https:\/\/www.cinesouk.ma\/fr\/wp-json\/wp\/v2\/product\/6085","targetHints":{"allow":["GET"]}}],"collection":[{"href":"https:\/\/www.cinesouk.ma\/fr\/wp-json\/wp\/v2\/product"}],"about":[{"href":"https:\/\/www.cinesouk.ma\/fr\/wp-json\/wp\/v2\/types\/product"}],"wp:featuredmedia":[{"embeddable":true,"href":"https:\/\/www.cinesouk.ma\/fr\/wp-json\/wp\/v2\/media\/13203"}],"wp:attachment":[{"href":"https:\/\/www.cinesouk.ma\/fr\/wp-json\/wp\/v2\/media?parent=6085"}],"wp:term":[{"taxonomy":"product_brand","embeddable":true,"href":"https:\/\/www.cinesouk.ma\/fr\/wp-json\/wp\/v2\/product_brand?post=6085"},{"taxonomy":"product_cat","embeddable":true,"href":"https:\/\/www.cinesouk.ma\/fr\/wp-json\/wp\/v2\/product_cat?post=6085"},{"taxonomy":"product_tag","embeddable":true,"href":"https:\/\/www.cinesouk.ma\/fr\/wp-json\/wp\/v2\/product_tag?post=6085"}],"curies":[{"name":"wp","href":"https:\/\/api.w.org\/{rel}","templated":true}]}}