{"id":6091,"date":"2024-03-29T12:14:52","date_gmt":"2024-03-29T12:14:52","guid":{"rendered":"https:\/\/www.cinesouk.ma\/?post_type=product&#038;p=6091"},"modified":"2025-05-09T14:36:52","modified_gmt":"2025-05-09T14:36:52","slug":"tefal-fv1533-iron","status":"publish","type":"product","link":"https:\/\/www.cinesouk.ma\/fr\/produit\/tefal-fv1533-iron\/","title":{"rendered":"Fer \u00e0 repasser De'Longhi EasyCompact FXK20C"},"content":{"rendered":"<p class=\"\" data-start=\"235\" data-end=\"450\">Le De'Longhi EasyCompact FXK20C est un fer \u00e0 vapeur de 2000W con\u00e7u pour un repassage en douceur et efficace. Dot\u00e9 d'une semelle en c\u00e9ramique et d'une gamme de fonctions vapeur, il est \u00e0 la fois pratique et performant pour un usage quotidien.<\/p>\n<h3 class=\"\" data-start=\"457\" data-end=\"477\"><strong data-start=\"461\" data-end=\"477\">Caract\u00e9ristiques principales<\/strong><\/h3>\n<ul data-start=\"479\" data-end=\"1307\">\n<li class=\"\" data-start=\"479\" data-end=\"591\">\n<p class=\"\" data-start=\"481\" data-end=\"591\"><strong data-start=\"481\" data-end=\"501\">Un chauffage puissant<\/strong><br data-start=\"501\" data-end=\"504\" \/>Avec une puissance de 2000 watts, le FXK20C chauffe rapidement et \u00e9limine les plis avec facilit\u00e9.<\/p>\n<\/li>\n<li class=\"\" data-start=\"593\" data-end=\"711\">\n<p class=\"\" data-start=\"595\" data-end=\"711\"><strong data-start=\"595\" data-end=\"616\">Semelle en c\u00e9ramique<\/strong><br data-start=\"616\" data-end=\"619\" \/>La semelle antiadh\u00e9sive r\u00e9partit uniform\u00e9ment la chaleur et glisse en douceur sur tous les types de tissus.<\/p>\n<\/li>\n<li class=\"\" data-start=\"713\" data-end=\"938\">\n<p class=\"\" data-start=\"715\" data-end=\"938\"><strong data-start=\"715\" data-end=\"743\">Fonctions vapeur multiples<\/strong><br data-start=\"743\" data-end=\"746\" \/>Ce mod\u00e8le offre une vapeur continue de 25 g\/min et une vapeur d'appoint de 90 g\/min pour les faux plis. Il offre \u00e9galement une vapeur verticale pour les v\u00eatements suspendus et une fonction de vaporisation pour plus de pr\u00e9cision.<\/p>\n<\/li>\n<li class=\"\" data-start=\"940\" data-end=\"1054\">\n<p class=\"\" data-start=\"942\" data-end=\"1054\"><strong data-start=\"942\" data-end=\"965\">R\u00e9servoir d'eau g\u00e9n\u00e9reux<\/strong><br data-start=\"965\" data-end=\"968\" \/>Le r\u00e9servoir d'eau de 290 ml permet de r\u00e9duire le nombre de remplissages, m\u00eame lors de s\u00e9ances de repassage prolong\u00e9es.<\/p>\n<\/li>\n<li class=\"\" data-start=\"1056\" data-end=\"1167\">\n<p class=\"\" data-start=\"1058\" data-end=\"1167\"><strong data-start=\"1058\" data-end=\"1082\">Syst\u00e8me autonettoyant<\/strong><br data-start=\"1082\" data-end=\"1085\" \/>Pour une performance durable, la fonction d'auto-nettoyage aide \u00e0 pr\u00e9venir l'accumulation de tartre.<\/p>\n<\/li>\n<li class=\"\" data-start=\"1169\" data-end=\"1307\">\n<p class=\"\" data-start=\"1171\" data-end=\"1307\"><strong data-start=\"1171\" data-end=\"1216\">Thermostat r\u00e9glable et voyant lumineux<\/strong><br data-start=\"1216\" data-end=\"1219\" \/>Choisissez la temp\u00e9rature adapt\u00e9e \u00e0 votre tissu et sachez exactement quand le fer est pr\u00eat.<\/p>\n<\/li>\n<\/ul>\n<h3 class=\"\" data-start=\"1314\" data-end=\"1336\"><strong data-start=\"1318\" data-end=\"1336\">Sp\u00e9cifications<\/strong><\/h3>\n<ul data-start=\"1338\" data-end=\"1630\">\n<li class=\"\" data-start=\"1338\" data-end=\"1359\">\n<p class=\"\" data-start=\"1340\" data-end=\"1359\"><strong data-start=\"1340\" data-end=\"1349\">Mod\u00e8le<\/strong>: FXK20C<\/p>\n<\/li>\n<li class=\"\" data-start=\"1360\" data-end=\"1380\">\n<p class=\"\" data-start=\"1362\" data-end=\"1380\"><strong data-start=\"1362\" data-end=\"1371\">Puissance<\/strong>: 2000W<\/p>\n<\/li>\n<li class=\"\" data-start=\"1381\" data-end=\"1407\">\n<p class=\"\" data-start=\"1383\" data-end=\"1407\"><strong data-start=\"1383\" data-end=\"1396\">Semelle<\/strong>: C\u00e9ramique<\/p>\n<\/li>\n<li class=\"\" data-start=\"1408\" data-end=\"1469\">\n<p class=\"\" data-start=\"1410\" data-end=\"1469\"><strong data-start=\"1410\" data-end=\"1426\">Production de vapeur<\/strong>Vitesse d'impression : 25 g\/min (en continu), 90 g\/min (en acc\u00e9l\u00e9r\u00e9)<\/p>\n<\/li>\n<li class=\"\" data-start=\"1470\" data-end=\"1496\">\n<p class=\"\" data-start=\"1472\" data-end=\"1496\"><strong data-start=\"1472\" data-end=\"1486\">R\u00e9servoir d'eau<\/strong>: 290 ml<\/p>\n<\/li>\n<li class=\"\" data-start=\"1497\" data-end=\"1562\">\n<p class=\"\" data-start=\"1499\" data-end=\"1562\"><strong data-start=\"1499\" data-end=\"1512\">Fonctions<\/strong>: Repassage \u00e0 sec, pulv\u00e9risation, vapeur verticale, autonettoyage<\/p>\n<\/li>\n<li class=\"\" data-start=\"1563\" data-end=\"1601\">\n<p class=\"\" data-start=\"1565\" data-end=\"1601\"><strong data-start=\"1565\" data-end=\"1576\">Contr\u00f4le<\/strong>: Thermostat r\u00e9glable<\/p>\n<\/li>\n<li class=\"\" data-start=\"1602\" data-end=\"1630\">\n<p class=\"\" data-start=\"1604\" data-end=\"1630\"><strong data-start=\"1604\" data-end=\"1623\">T\u00e9moin lumineux<\/strong>: Oui<\/p>\n<\/li>\n<\/ul>\n<p class=\"\" data-start=\"1654\" data-end=\"1877\">Le De'Longhi EasyCompact FXK20C est un fer \u00e0 vapeur pratique, con\u00e7u pour \u00eatre fiable et facile \u00e0 utiliser. Gr\u00e2ce \u00e0 ses performances puissantes et \u00e0 ses fonctions bien pens\u00e9es, c'est un choix judicieux pour les retouches rapides ou les s\u00e9ances de repassage compl\u00e8tes.<\/p>\n<p>Louez-le maintenant sur <a href=\"https:\/\/www.cinesouk.ma\/fr\">CINESOUK<\/a> - une marque de <a href=\"https:\/\/www.broadway.ma\/\">BROADWAY PRODUCTIONS SARL.<\/a><\/p>","protected":false},"excerpt":{"rendered":"<p><strong>Sp\u00e9cifications :<\/strong><\/p>\n<ul data-start=\"1338\" data-end=\"1630\">\n<li class=\"\" data-start=\"1338\" data-end=\"1359\">\n<p class=\"\" data-start=\"1340\" data-end=\"1359\"><strong data-start=\"1340\" data-end=\"1349\">Mod\u00e8le<\/strong>: FXK20C<\/p>\n<\/li>\n<li class=\"\" data-start=\"1360\" data-end=\"1380\">\n<p class=\"\" data-start=\"1362\" data-end=\"1380\"><strong data-start=\"1362\" data-end=\"1371\">Puissance<\/strong>: 2000W<\/p>\n<\/li>\n<li class=\"\" data-start=\"1381\" data-end=\"1407\">\n<p class=\"\" data-start=\"1383\" data-end=\"1407\"><strong data-start=\"1383\" data-end=\"1396\">Semelle<\/strong>: C\u00e9ramique<\/p>\n<\/li>\n<li class=\"\" data-start=\"1408\" data-end=\"1469\">\n<p class=\"\" data-start=\"1410\" data-end=\"1469\"><strong data-start=\"1410\" data-end=\"1426\">Production de vapeur<\/strong>Vitesse d'impression : 25 g\/min (en continu), 90 g\/min (en acc\u00e9l\u00e9r\u00e9)<\/p>\n<\/li>\n<li class=\"\" data-start=\"1470\" data-end=\"1496\">\n<p class=\"\" data-start=\"1472\" data-end=\"1496\"><strong data-start=\"1472\" data-end=\"1486\">R\u00e9servoir d'eau<\/strong>: 290 ml<\/p>\n<\/li>\n<li class=\"\" data-start=\"1497\" data-end=\"1562\">\n<p class=\"\" data-start=\"1499\" data-end=\"1562\"><strong data-start=\"1499\" data-end=\"1512\">Fonctions<\/strong>: Repassage \u00e0 sec, pulv\u00e9risation, vapeur verticale, autonettoyage<\/p>\n<\/li>\n<li class=\"\" data-start=\"1563\" data-end=\"1601\">\n<p class=\"\" data-start=\"1565\" data-end=\"1601\"><strong data-start=\"1565\" data-end=\"1576\">Contr\u00f4le<\/strong>: Thermostat r\u00e9glable<\/p>\n<\/li>\n<li class=\"\" data-start=\"1602\" data-end=\"1630\">\n<p class=\"\" data-start=\"1604\" data-end=\"1630\"><strong data-start=\"1604\" data-end=\"1623\">T\u00e9moin lumineux<\/strong>: Oui<\/p>\n<\/li>\n<\/ul>","protected":false},"featured_media":13206,"template":"","meta":{"om_disable_all_campaigns":false,"_monsterinsights_skip_tracking":false,"_monsterinsights_sitenote_active":false,"_monsterinsights_sitenote_note":"","_monsterinsights_sitenote_category":0,"_uf_show_specific_survey":0,"_uf_disable_surveys":false},"product_brand":[],"product_cat":[62],"product_tag":[],"class_list":{"0":"post-6091","1":"product","2":"type-product","3":"status-publish","4":"has-post-thumbnail","6":"product_cat-styling-and-mu-cinesouk","8":"entry","9":"has-media","11":"first","12":"instock","13":"taxable","14":"shipping-taxable","15":"purchasable","16":"product-type-variable","17":"has-product-nav","18":"col","19":"span_1_of_3","20":"owp-content-center","21":"owp-thumbs-layout-horizontal","22":"owp-btn-normal","23":"owp-tabs-layout-horizontal"},"yoast_head":"<!-- This site is optimized with the Yoast SEO Premium plugin v26.0 (Yoast SEO v26.0) - https:\/\/yoast.com\/wordpress\/plugins\/seo\/ -->\n<title>De&#039;Longhi EasyCompact FXK20C Iron - CineSouk - For rent<\/title>\n<meta name=\"description\" content=\"The De&#039;Longhi EasyCompact FXK20C is a 2000W steam iron with a ceramic soleplate, 290 ml water tank, and powerful steam functions\u2014ideal for smooth, efficient ironing at home.\" \/>\n<meta name=\"robots\" content=\"index, follow, max-snippet:-1, max-image-preview:large, max-video-preview:-1\" \/>\n<link rel=\"canonical\" href=\"https:\/\/www.cinesouk.ma\/fr\/produit\/tefal-fv1533-iron\/\" \/>\n<meta property=\"og:locale\" content=\"fr_FR\" \/>\n<meta property=\"og:type\" content=\"article\" \/>\n<meta property=\"og:title\" content=\"De&#039;Longhi EasyCompact FXK20C Iron\" \/>\n<meta property=\"og:description\" content=\"The De&#039;Longhi EasyCompact FXK20C is a 2000W steam iron with a ceramic soleplate, 290 ml water tank, and powerful steam functions\u2014ideal for smooth, efficient ironing at home.\" \/>\n<meta property=\"og:url\" content=\"https:\/\/www.cinesouk.ma\/fr\/produit\/tefal-fv1533-iron\/\" \/>\n<meta property=\"og:site_name\" content=\"CineSouk\" \/>\n<meta property=\"article:modified_time\" content=\"2025-05-09T14:36:52+00:00\" \/>\n<meta property=\"og:image\" content=\"https:\/\/www.cinesouk.ma\/wp-content\/uploads\/2024\/03\/Delonghi-easycompact-2000w.jpg\" \/>\n\t<meta property=\"og:image:width\" content=\"300\" \/>\n\t<meta property=\"og:image:height\" content=\"238\" \/>\n\t<meta property=\"og:image:type\" content=\"image\/jpeg\" \/>\n<meta name=\"twitter:card\" content=\"summary_large_image\" \/>\n<meta name=\"twitter:description\" content=\"The De&#039;Longhi EasyCompact FXK20C is a 2000W steam iron with a ceramic soleplate, 290 ml water tank, and powerful steam functions\u2014ideal for smooth, efficient ironing at home.\" \/>\n<meta name=\"twitter:label1\" content=\"Dur\u00e9e de lecture estim\u00e9e\" \/>\n\t<meta name=\"twitter:data1\" content=\"2 minutes\" \/>\n<script type=\"application\/ld+json\" class=\"yoast-schema-graph\">{\"@context\":\"https:\/\/schema.org\",\"@graph\":[{\"@type\":\"WebPage\",\"@id\":\"https:\/\/www.cinesouk.ma\/product\/tefal-fv1533-iron\/\",\"url\":\"https:\/\/www.cinesouk.ma\/product\/tefal-fv1533-iron\/\",\"name\":\"De'Longhi EasyCompact FXK20C Iron - CineSouk - For rent\",\"isPartOf\":{\"@id\":\"https:\/\/www.cinesouk.ma\/#website\"},\"primaryImageOfPage\":{\"@id\":\"https:\/\/www.cinesouk.ma\/product\/tefal-fv1533-iron\/#primaryimage\"},\"image\":{\"@id\":\"https:\/\/www.cinesouk.ma\/product\/tefal-fv1533-iron\/#primaryimage\"},\"thumbnailUrl\":\"https:\/\/www.cinesouk.ma\/wp-content\/uploads\/2024\/03\/Delonghi-easycompact-2000w.jpg\",\"datePublished\":\"2024-03-29T12:14:52+00:00\",\"dateModified\":\"2025-05-09T14:36:52+00:00\",\"description\":\"The De'Longhi EasyCompact FXK20C is a 2000W steam iron with a ceramic soleplate, 290 ml water tank, and powerful steam functions\u2014ideal for smooth, efficient ironing at home.\",\"breadcrumb\":{\"@id\":\"https:\/\/www.cinesouk.ma\/product\/tefal-fv1533-iron\/#breadcrumb\"},\"inLanguage\":\"fr-FR\",\"potentialAction\":[{\"@type\":\"ReadAction\",\"target\":[\"https:\/\/www.cinesouk.ma\/product\/tefal-fv1533-iron\/\"]}]},{\"@type\":\"ImageObject\",\"inLanguage\":\"fr-FR\",\"@id\":\"https:\/\/www.cinesouk.ma\/product\/tefal-fv1533-iron\/#primaryimage\",\"url\":\"https:\/\/www.cinesouk.ma\/wp-content\/uploads\/2024\/03\/Delonghi-easycompact-2000w.jpg\",\"contentUrl\":\"https:\/\/www.cinesouk.ma\/wp-content\/uploads\/2024\/03\/Delonghi-easycompact-2000w.jpg\",\"width\":300,\"height\":238,\"caption\":\"Delonghi FXK20C Iron\"},{\"@type\":\"BreadcrumbList\",\"@id\":\"https:\/\/www.cinesouk.ma\/product\/tefal-fv1533-iron\/#breadcrumb\",\"itemListElement\":[{\"@type\":\"ListItem\",\"position\":1,\"name\":\"Home\",\"item\":\"https:\/\/www.cinesouk.ma\/\"},{\"@type\":\"ListItem\",\"position\":2,\"name\":\"Shop\",\"item\":\"https:\/\/www.cinesouk.ma\/shop\/\"},{\"@type\":\"ListItem\",\"position\":3,\"name\":\"De&#8217;Longhi EasyCompact FXK20C Iron\"}]},{\"@type\":\"WebSite\",\"@id\":\"https:\/\/www.cinesouk.ma\/#website\",\"url\":\"https:\/\/www.cinesouk.ma\/\",\"name\":\"CineSouk\",\"description\":\"\",\"publisher\":{\"@id\":\"https:\/\/www.cinesouk.ma\/#organization\"},\"potentialAction\":[{\"@type\":\"SearchAction\",\"target\":{\"@type\":\"EntryPoint\",\"urlTemplate\":\"https:\/\/www.cinesouk.ma\/?s={search_term_string}\"},\"query-input\":{\"@type\":\"PropertyValueSpecification\",\"valueRequired\":true,\"valueName\":\"search_term_string\"}}],\"inLanguage\":\"fr-FR\"},{\"@type\":\"Organization\",\"@id\":\"https:\/\/www.cinesouk.ma\/#organization\",\"name\":\"CineSouk\",\"url\":\"https:\/\/www.cinesouk.ma\/\",\"logo\":{\"@type\":\"ImageObject\",\"inLanguage\":\"fr-FR\",\"@id\":\"https:\/\/www.cinesouk.ma\/#\/schema\/logo\/image\/\",\"url\":\"https:\/\/www.cinesouk.ma\/wp-content\/uploads\/2024\/01\/CineSouk-logo-v01-alpha-alligned-left.png\",\"contentUrl\":\"https:\/\/www.cinesouk.ma\/wp-content\/uploads\/2024\/01\/CineSouk-logo-v01-alpha-alligned-left.png\",\"width\":3204,\"height\":889,\"caption\":\"CineSouk\"},\"image\":{\"@id\":\"https:\/\/www.cinesouk.ma\/#\/schema\/logo\/image\/\"}}]}<\/script>\n<!-- \/ Yoast SEO Premium plugin. -->","yoast_head_json":{"title":"De'Longhi EasyCompact FXK20C Iron - CineSouk - For rent","description":"The De'Longhi EasyCompact FXK20C is a 2000W steam iron with a ceramic soleplate, 290 ml water tank, and powerful steam functions\u2014ideal for smooth, efficient ironing at home.","robots":{"index":"index","follow":"follow","max-snippet":"max-snippet:-1","max-image-preview":"max-image-preview:large","max-video-preview":"max-video-preview:-1"},"canonical":"https:\/\/www.cinesouk.ma\/fr\/produit\/tefal-fv1533-iron\/","og_locale":"fr_FR","og_type":"article","og_title":"De'Longhi EasyCompact FXK20C Iron","og_description":"The De'Longhi EasyCompact FXK20C is a 2000W steam iron with a ceramic soleplate, 290 ml water tank, and powerful steam functions\u2014ideal for smooth, efficient ironing at home.","og_url":"https:\/\/www.cinesouk.ma\/fr\/produit\/tefal-fv1533-iron\/","og_site_name":"CineSouk","article_modified_time":"2025-05-09T14:36:52+00:00","og_image":[{"width":300,"height":238,"url":"https:\/\/www.cinesouk.ma\/wp-content\/uploads\/2024\/03\/Delonghi-easycompact-2000w.jpg","type":"image\/jpeg"}],"twitter_card":"summary_large_image","twitter_description":"The De'Longhi EasyCompact FXK20C is a 2000W steam iron with a ceramic soleplate, 290 ml water tank, and powerful steam functions\u2014ideal for smooth, efficient ironing at home.","twitter_misc":{"Dur\u00e9e de lecture estim\u00e9e":"2 minutes"},"schema":{"@context":"https:\/\/schema.org","@graph":[{"@type":"WebPage","@id":"https:\/\/www.cinesouk.ma\/product\/tefal-fv1533-iron\/","url":"https:\/\/www.cinesouk.ma\/product\/tefal-fv1533-iron\/","name":"De'Longhi EasyCompact FXK20C Iron - CineSouk - For rent","isPartOf":{"@id":"https:\/\/www.cinesouk.ma\/#website"},"primaryImageOfPage":{"@id":"https:\/\/www.cinesouk.ma\/product\/tefal-fv1533-iron\/#primaryimage"},"image":{"@id":"https:\/\/www.cinesouk.ma\/product\/tefal-fv1533-iron\/#primaryimage"},"thumbnailUrl":"https:\/\/www.cinesouk.ma\/wp-content\/uploads\/2024\/03\/Delonghi-easycompact-2000w.jpg","datePublished":"2024-03-29T12:14:52+00:00","dateModified":"2025-05-09T14:36:52+00:00","description":"The De'Longhi EasyCompact FXK20C is a 2000W steam iron with a ceramic soleplate, 290 ml water tank, and powerful steam functions\u2014ideal for smooth, efficient ironing at home.","breadcrumb":{"@id":"https:\/\/www.cinesouk.ma\/product\/tefal-fv1533-iron\/#breadcrumb"},"inLanguage":"fr-FR","potentialAction":[{"@type":"ReadAction","target":["https:\/\/www.cinesouk.ma\/product\/tefal-fv1533-iron\/"]}]},{"@type":"ImageObject","inLanguage":"fr-FR","@id":"https:\/\/www.cinesouk.ma\/product\/tefal-fv1533-iron\/#primaryimage","url":"https:\/\/www.cinesouk.ma\/wp-content\/uploads\/2024\/03\/Delonghi-easycompact-2000w.jpg","contentUrl":"https:\/\/www.cinesouk.ma\/wp-content\/uploads\/2024\/03\/Delonghi-easycompact-2000w.jpg","width":300,"height":238,"caption":"Delonghi FXK20C Iron"},{"@type":"BreadcrumbList","@id":"https:\/\/www.cinesouk.ma\/product\/tefal-fv1533-iron\/#breadcrumb","itemListElement":[{"@type":"ListItem","position":1,"name":"Home","item":"https:\/\/www.cinesouk.ma\/"},{"@type":"ListItem","position":2,"name":"Shop","item":"https:\/\/www.cinesouk.ma\/shop\/"},{"@type":"ListItem","position":3,"name":"De&#8217;Longhi EasyCompact FXK20C Iron"}]},{"@type":"WebSite","@id":"https:\/\/www.cinesouk.ma\/#website","url":"https:\/\/www.cinesouk.ma\/","name":"CineSouk","description":"","publisher":{"@id":"https:\/\/www.cinesouk.ma\/#organization"},"potentialAction":[{"@type":"SearchAction","target":{"@type":"EntryPoint","urlTemplate":"https:\/\/www.cinesouk.ma\/?s={search_term_string}"},"query-input":{"@type":"PropertyValueSpecification","valueRequired":true,"valueName":"search_term_string"}}],"inLanguage":"fr-FR"},{"@type":"Organization","@id":"https:\/\/www.cinesouk.ma\/#organization","name":"CineSouk","url":"https:\/\/www.cinesouk.ma\/","logo":{"@type":"ImageObject","inLanguage":"fr-FR","@id":"https:\/\/www.cinesouk.ma\/#\/schema\/logo\/image\/","url":"https:\/\/www.cinesouk.ma\/wp-content\/uploads\/2024\/01\/CineSouk-logo-v01-alpha-alligned-left.png","contentUrl":"https:\/\/www.cinesouk.ma\/wp-content\/uploads\/2024\/01\/CineSouk-logo-v01-alpha-alligned-left.png","width":3204,"height":889,"caption":"CineSouk"},"image":{"@id":"https:\/\/www.cinesouk.ma\/#\/schema\/logo\/image\/"}}]}},"_links":{"self":[{"href":"https:\/\/www.cinesouk.ma\/fr\/wp-json\/wp\/v2\/product\/6091","targetHints":{"allow":["GET"]}}],"collection":[{"href":"https:\/\/www.cinesouk.ma\/fr\/wp-json\/wp\/v2\/product"}],"about":[{"href":"https:\/\/www.cinesouk.ma\/fr\/wp-json\/wp\/v2\/types\/product"}],"wp:featuredmedia":[{"embeddable":true,"href":"https:\/\/www.cinesouk.ma\/fr\/wp-json\/wp\/v2\/media\/13206"}],"wp:attachment":[{"href":"https:\/\/www.cinesouk.ma\/fr\/wp-json\/wp\/v2\/media?parent=6091"}],"wp:term":[{"taxonomy":"product_brand","embeddable":true,"href":"https:\/\/www.cinesouk.ma\/fr\/wp-json\/wp\/v2\/product_brand?post=6091"},{"taxonomy":"product_cat","embeddable":true,"href":"https:\/\/www.cinesouk.ma\/fr\/wp-json\/wp\/v2\/product_cat?post=6091"},{"taxonomy":"product_tag","embeddable":true,"href":"https:\/\/www.cinesouk.ma\/fr\/wp-json\/wp\/v2\/product_tag?post=6091"}],"curies":[{"name":"wp","href":"https:\/\/api.w.org\/{rel}","templated":true}]}}