{"id":6094,"date":"2024-02-06T13:55:40","date_gmt":"2024-02-06T13:55:40","guid":{"rendered":"https:\/\/www.cinesouk.ma\/?post_type=product&#038;p=6094"},"modified":"2025-07-01T09:31:45","modified_gmt":"2025-07-01T09:31:45","slug":"km-microphone-stand-with-boom-arm","status":"publish","type":"product","link":"https:\/\/www.cinesouk.ma\/fr\/produit\/km-microphone-stand-with-boom-arm\/","title":{"rendered":"K&amp;M - Pied de micro avec bras de perche"},"content":{"rendered":"<p>Le pied de microphone K&amp;M avec bras de perche pr\u00e9sente une conception robuste et r\u00e9glable qui offre stabilit\u00e9 et polyvalence pour une large gamme de microphones. Le bras est dot\u00e9 d'un m\u00e9canisme de r\u00e9glage de la hauteur en m\u00e9tal, sans frottement. Sa tige t\u00e9lescopique en trois parties et l'extension du bras permettent un placement pr\u00e9cis, que vous enregistriez des voix, des instruments ou des sons ambiants, am\u00e9liorant ainsi la qualit\u00e9 audio globale. Une fois repli\u00e9, le tr\u00e9pied est peu encombrant, ce qui est id\u00e9al pour le transport.<\/p>\n<h4>Caract\u00e9ristiques du K&amp;M - Support pour microphone :<\/h4>\n<ul>\n<li>Construction durable : Fabriqu\u00e9 \u00e0 partir d'acier de haute qualit\u00e9 et d'une base en zinc moul\u00e9 sous pression, il garantit des performances et une stabilit\u00e9 durables.<\/li>\n<li>Hauteur r\u00e9glable : la hauteur varie de 900 mm \u00e0 1600 mm, ce qui permet de s'asseoir ou de se tenir debout.<\/li>\n<li>Bras extensible : le bras s'\u00e9tend de 460 mm \u00e0 770 mm, ce qui permet de placer le microphone de mani\u00e8re polyvalente et d'en r\u00e9gler l'angle.<\/li>\n<li>Base stable : Disponible avec un tr\u00e9pied ou une base ronde lest\u00e9e, offrant une excellente stabilit\u00e9 et minimisant les mouvements pendant l'utilisation.<\/li>\n<li>M\u00e9canisme de r\u00e9glage rapide : Embrayage facile \u00e0 utiliser pour des r\u00e9glages rapides et s\u00fbrs de la hauteur et du bras de la fl\u00e8che.<\/li>\n<li>Compact et portable : Se plie pour faciliter le transport et le stockage, id\u00e9al pour les installations mobiles et les artistes fr\u00e9quents.<\/li>\n<li><span class=\"col-md-5\">Tr\u00e9pied en mat\u00e9riau : S<\/span><span class=\"col-md-7\">tilleul<\/span><\/li>\n<li><span class=\"js-highlightable\">Type de support : <\/span>Support de sol<\/li>\n<\/ul>\n<p>Louez le K&amp;M - Microphone stand with Boom arm now at <a href=\"https:\/\/www.cinesouk.ma\/fr\">CINESOUK<\/a> - une marque de <a href=\"https:\/\/www.broadway.ma\/\">BROADWAY PRODUCTIONS SARL.<\/a><\/p>","protected":false},"excerpt":{"rendered":"<p>Sp\u00e9cifications :<\/p>\n<p>Gamme de hauteurs : 900 mm \u00e0 1600 mm<br \/>\nLongueur du bras de rampe : Extensible de 460 mm \u00e0 770 mm<br \/>\nMat\u00e9riau : Acier de haute qualit\u00e9 et base en zinc moul\u00e9 sous pression<br \/>\nType de base : Tr\u00e9pied ou base ronde lest\u00e9e<br \/>\nPoids : L\u00e9ger pour la portabilit\u00e9<br \/>\nUtilisation : Convient \u00e0 divers microphones et sc\u00e9narios d'enregistrement<br \/>\nMontage : Assemblage rapide et facile gr\u00e2ce \u00e0 un m\u00e9canisme de r\u00e9glage de l'embrayage<\/p>","protected":false},"featured_media":7023,"template":"","meta":{"om_disable_all_campaigns":false,"_monsterinsights_skip_tracking":false,"_monsterinsights_sitenote_active":false,"_monsterinsights_sitenote_note":"","_monsterinsights_sitenote_category":0,"_uf_show_specific_survey":0,"_uf_disable_surveys":false},"product_brand":[],"product_cat":[86,35],"product_tag":[],"class_list":{"0":"post-6094","1":"product","2":"type-product","3":"status-publish","4":"has-post-thumbnail","6":"product_cat-foh-cinesouk","7":"product_cat-sound-cinesouk","9":"entry","10":"has-media","12":"first","13":"instock","14":"taxable","15":"shipping-taxable","16":"purchasable","17":"product-type-variable","18":"has-product-nav","19":"col","20":"span_1_of_3","21":"owp-content-center","22":"owp-thumbs-layout-horizontal","23":"owp-btn-normal","24":"owp-tabs-layout-horizontal"},"yoast_head":"<!-- This site is optimized with the Yoast SEO Premium plugin v26.0 (Yoast SEO v26.0) - https:\/\/yoast.com\/wordpress\/plugins\/seo\/ -->\n<title>K&amp;M - Microphone stand with Boom arm - CineSouk - For rent<\/title>\n<meta name=\"description\" content=\"Achieve flexible microphone positioning with the K&amp;M Microphone stand with Boom arm. Durable construction and easy adjustments. - CineSouk\" \/>\n<meta name=\"robots\" content=\"index, follow, max-snippet:-1, max-image-preview:large, max-video-preview:-1\" \/>\n<link rel=\"canonical\" href=\"https:\/\/www.cinesouk.ma\/fr\/produit\/km-microphone-stand-with-boom-arm\/\" \/>\n<meta property=\"og:locale\" content=\"fr_FR\" \/>\n<meta property=\"og:type\" content=\"article\" \/>\n<meta property=\"og:title\" content=\"K&amp;M - Microphone stand with Boom arm\" \/>\n<meta property=\"og:description\" content=\"Achieve flexible microphone positioning with the K&amp;M Microphone stand with Boom arm. Durable construction and easy adjustments. - CineSouk\" \/>\n<meta property=\"og:url\" content=\"https:\/\/www.cinesouk.ma\/fr\/produit\/km-microphone-stand-with-boom-arm\/\" \/>\n<meta property=\"og:site_name\" content=\"CineSouk\" \/>\n<meta property=\"article:modified_time\" content=\"2025-07-01T09:31:45+00:00\" \/>\n<meta property=\"og:image\" content=\"https:\/\/www.cinesouk.ma\/wp-content\/uploads\/2024\/02\/30.jpg\" \/>\n\t<meta property=\"og:image:width\" content=\"300\" \/>\n\t<meta property=\"og:image:height\" content=\"238\" \/>\n\t<meta property=\"og:image:type\" content=\"image\/jpeg\" \/>\n<meta name=\"twitter:card\" content=\"summary_large_image\" \/>\n<meta name=\"twitter:description\" content=\"Achieve flexible microphone positioning with the K&amp;M Microphone stand with Boom arm. Durable construction and easy adjustments. - CineSouk\" \/>\n<meta name=\"twitter:label1\" content=\"Dur\u00e9e de lecture estim\u00e9e\" \/>\n\t<meta name=\"twitter:data1\" content=\"2 minutes\" \/>\n<script type=\"application\/ld+json\" class=\"yoast-schema-graph\">{\"@context\":\"https:\/\/schema.org\",\"@graph\":[{\"@type\":\"WebPage\",\"@id\":\"https:\/\/www.cinesouk.ma\/product\/km-microphone-stand-with-boom-arm\/\",\"url\":\"https:\/\/www.cinesouk.ma\/product\/km-microphone-stand-with-boom-arm\/\",\"name\":\"K&M - Microphone stand with Boom arm - CineSouk - For rent\",\"isPartOf\":{\"@id\":\"https:\/\/www.cinesouk.ma\/#website\"},\"primaryImageOfPage\":{\"@id\":\"https:\/\/www.cinesouk.ma\/product\/km-microphone-stand-with-boom-arm\/#primaryimage\"},\"image\":{\"@id\":\"https:\/\/www.cinesouk.ma\/product\/km-microphone-stand-with-boom-arm\/#primaryimage\"},\"thumbnailUrl\":\"https:\/\/www.cinesouk.ma\/wp-content\/uploads\/2024\/02\/30.jpg\",\"datePublished\":\"2024-02-06T13:55:40+00:00\",\"dateModified\":\"2025-07-01T09:31:45+00:00\",\"description\":\"Achieve flexible microphone positioning with the K&M Microphone stand with Boom arm. Durable construction and easy adjustments. - CineSouk\",\"breadcrumb\":{\"@id\":\"https:\/\/www.cinesouk.ma\/product\/km-microphone-stand-with-boom-arm\/#breadcrumb\"},\"inLanguage\":\"fr-FR\",\"potentialAction\":[{\"@type\":\"ReadAction\",\"target\":[\"https:\/\/www.cinesouk.ma\/product\/km-microphone-stand-with-boom-arm\/\"]}]},{\"@type\":\"ImageObject\",\"inLanguage\":\"fr-FR\",\"@id\":\"https:\/\/www.cinesouk.ma\/product\/km-microphone-stand-with-boom-arm\/#primaryimage\",\"url\":\"https:\/\/www.cinesouk.ma\/wp-content\/uploads\/2024\/02\/30.jpg\",\"contentUrl\":\"https:\/\/www.cinesouk.ma\/wp-content\/uploads\/2024\/02\/30.jpg\",\"width\":300,\"height\":238,\"caption\":\"K\u00f6nig & Meyer Microphone Stand with Boom Arm - Adjustable and Durable Mic Stand for Professional Audio Setups. Available at Cinesouk, Marrakech.\"},{\"@type\":\"BreadcrumbList\",\"@id\":\"https:\/\/www.cinesouk.ma\/product\/km-microphone-stand-with-boom-arm\/#breadcrumb\",\"itemListElement\":[{\"@type\":\"ListItem\",\"position\":1,\"name\":\"Home\",\"item\":\"https:\/\/www.cinesouk.ma\/\"},{\"@type\":\"ListItem\",\"position\":2,\"name\":\"Shop\",\"item\":\"https:\/\/www.cinesouk.ma\/shop\/\"},{\"@type\":\"ListItem\",\"position\":3,\"name\":\"K&#038;M &#8211; Microphone stand with Boom arm\"}]},{\"@type\":\"WebSite\",\"@id\":\"https:\/\/www.cinesouk.ma\/#website\",\"url\":\"https:\/\/www.cinesouk.ma\/\",\"name\":\"CineSouk\",\"description\":\"\",\"publisher\":{\"@id\":\"https:\/\/www.cinesouk.ma\/#organization\"},\"potentialAction\":[{\"@type\":\"SearchAction\",\"target\":{\"@type\":\"EntryPoint\",\"urlTemplate\":\"https:\/\/www.cinesouk.ma\/?s={search_term_string}\"},\"query-input\":{\"@type\":\"PropertyValueSpecification\",\"valueRequired\":true,\"valueName\":\"search_term_string\"}}],\"inLanguage\":\"fr-FR\"},{\"@type\":\"Organization\",\"@id\":\"https:\/\/www.cinesouk.ma\/#organization\",\"name\":\"CineSouk\",\"url\":\"https:\/\/www.cinesouk.ma\/\",\"logo\":{\"@type\":\"ImageObject\",\"inLanguage\":\"fr-FR\",\"@id\":\"https:\/\/www.cinesouk.ma\/#\/schema\/logo\/image\/\",\"url\":\"https:\/\/www.cinesouk.ma\/wp-content\/uploads\/2024\/01\/CineSouk-logo-v01-alpha-alligned-left.png\",\"contentUrl\":\"https:\/\/www.cinesouk.ma\/wp-content\/uploads\/2024\/01\/CineSouk-logo-v01-alpha-alligned-left.png\",\"width\":3204,\"height\":889,\"caption\":\"CineSouk\"},\"image\":{\"@id\":\"https:\/\/www.cinesouk.ma\/#\/schema\/logo\/image\/\"}}]}<\/script>\n<!-- \/ Yoast SEO Premium plugin. -->","yoast_head_json":{"title":"K&M - Microphone stand with Boom arm - CineSouk - For rent","description":"Achieve flexible microphone positioning with the K&M Microphone stand with Boom arm. Durable construction and easy adjustments. - CineSouk","robots":{"index":"index","follow":"follow","max-snippet":"max-snippet:-1","max-image-preview":"max-image-preview:large","max-video-preview":"max-video-preview:-1"},"canonical":"https:\/\/www.cinesouk.ma\/fr\/produit\/km-microphone-stand-with-boom-arm\/","og_locale":"fr_FR","og_type":"article","og_title":"K&M - Microphone stand with Boom arm","og_description":"Achieve flexible microphone positioning with the K&M Microphone stand with Boom arm. Durable construction and easy adjustments. - CineSouk","og_url":"https:\/\/www.cinesouk.ma\/fr\/produit\/km-microphone-stand-with-boom-arm\/","og_site_name":"CineSouk","article_modified_time":"2025-07-01T09:31:45+00:00","og_image":[{"width":300,"height":238,"url":"https:\/\/www.cinesouk.ma\/wp-content\/uploads\/2024\/02\/30.jpg","type":"image\/jpeg"}],"twitter_card":"summary_large_image","twitter_description":"Achieve flexible microphone positioning with the K&M Microphone stand with Boom arm. Durable construction and easy adjustments. - CineSouk","twitter_misc":{"Dur\u00e9e de lecture estim\u00e9e":"2 minutes"},"schema":{"@context":"https:\/\/schema.org","@graph":[{"@type":"WebPage","@id":"https:\/\/www.cinesouk.ma\/product\/km-microphone-stand-with-boom-arm\/","url":"https:\/\/www.cinesouk.ma\/product\/km-microphone-stand-with-boom-arm\/","name":"K&M - Microphone stand with Boom arm - CineSouk - For rent","isPartOf":{"@id":"https:\/\/www.cinesouk.ma\/#website"},"primaryImageOfPage":{"@id":"https:\/\/www.cinesouk.ma\/product\/km-microphone-stand-with-boom-arm\/#primaryimage"},"image":{"@id":"https:\/\/www.cinesouk.ma\/product\/km-microphone-stand-with-boom-arm\/#primaryimage"},"thumbnailUrl":"https:\/\/www.cinesouk.ma\/wp-content\/uploads\/2024\/02\/30.jpg","datePublished":"2024-02-06T13:55:40+00:00","dateModified":"2025-07-01T09:31:45+00:00","description":"Achieve flexible microphone positioning with the K&M Microphone stand with Boom arm. Durable construction and easy adjustments. - CineSouk","breadcrumb":{"@id":"https:\/\/www.cinesouk.ma\/product\/km-microphone-stand-with-boom-arm\/#breadcrumb"},"inLanguage":"fr-FR","potentialAction":[{"@type":"ReadAction","target":["https:\/\/www.cinesouk.ma\/product\/km-microphone-stand-with-boom-arm\/"]}]},{"@type":"ImageObject","inLanguage":"fr-FR","@id":"https:\/\/www.cinesouk.ma\/product\/km-microphone-stand-with-boom-arm\/#primaryimage","url":"https:\/\/www.cinesouk.ma\/wp-content\/uploads\/2024\/02\/30.jpg","contentUrl":"https:\/\/www.cinesouk.ma\/wp-content\/uploads\/2024\/02\/30.jpg","width":300,"height":238,"caption":"K\u00f6nig & Meyer Microphone Stand with Boom Arm - Adjustable and Durable Mic Stand for Professional Audio Setups. Available at Cinesouk, Marrakech."},{"@type":"BreadcrumbList","@id":"https:\/\/www.cinesouk.ma\/product\/km-microphone-stand-with-boom-arm\/#breadcrumb","itemListElement":[{"@type":"ListItem","position":1,"name":"Home","item":"https:\/\/www.cinesouk.ma\/"},{"@type":"ListItem","position":2,"name":"Shop","item":"https:\/\/www.cinesouk.ma\/shop\/"},{"@type":"ListItem","position":3,"name":"K&#038;M &#8211; Microphone stand with Boom arm"}]},{"@type":"WebSite","@id":"https:\/\/www.cinesouk.ma\/#website","url":"https:\/\/www.cinesouk.ma\/","name":"CineSouk","description":"","publisher":{"@id":"https:\/\/www.cinesouk.ma\/#organization"},"potentialAction":[{"@type":"SearchAction","target":{"@type":"EntryPoint","urlTemplate":"https:\/\/www.cinesouk.ma\/?s={search_term_string}"},"query-input":{"@type":"PropertyValueSpecification","valueRequired":true,"valueName":"search_term_string"}}],"inLanguage":"fr-FR"},{"@type":"Organization","@id":"https:\/\/www.cinesouk.ma\/#organization","name":"CineSouk","url":"https:\/\/www.cinesouk.ma\/","logo":{"@type":"ImageObject","inLanguage":"fr-FR","@id":"https:\/\/www.cinesouk.ma\/#\/schema\/logo\/image\/","url":"https:\/\/www.cinesouk.ma\/wp-content\/uploads\/2024\/01\/CineSouk-logo-v01-alpha-alligned-left.png","contentUrl":"https:\/\/www.cinesouk.ma\/wp-content\/uploads\/2024\/01\/CineSouk-logo-v01-alpha-alligned-left.png","width":3204,"height":889,"caption":"CineSouk"},"image":{"@id":"https:\/\/www.cinesouk.ma\/#\/schema\/logo\/image\/"}}]}},"_links":{"self":[{"href":"https:\/\/www.cinesouk.ma\/fr\/wp-json\/wp\/v2\/product\/6094","targetHints":{"allow":["GET"]}}],"collection":[{"href":"https:\/\/www.cinesouk.ma\/fr\/wp-json\/wp\/v2\/product"}],"about":[{"href":"https:\/\/www.cinesouk.ma\/fr\/wp-json\/wp\/v2\/types\/product"}],"wp:featuredmedia":[{"embeddable":true,"href":"https:\/\/www.cinesouk.ma\/fr\/wp-json\/wp\/v2\/media\/7023"}],"wp:attachment":[{"href":"https:\/\/www.cinesouk.ma\/fr\/wp-json\/wp\/v2\/media?parent=6094"}],"wp:term":[{"taxonomy":"product_brand","embeddable":true,"href":"https:\/\/www.cinesouk.ma\/fr\/wp-json\/wp\/v2\/product_brand?post=6094"},{"taxonomy":"product_cat","embeddable":true,"href":"https:\/\/www.cinesouk.ma\/fr\/wp-json\/wp\/v2\/product_cat?post=6094"},{"taxonomy":"product_tag","embeddable":true,"href":"https:\/\/www.cinesouk.ma\/fr\/wp-json\/wp\/v2\/product_tag?post=6094"}],"curies":[{"name":"wp","href":"https:\/\/api.w.org\/{rel}","templated":true}]}}