{"id":6095,"date":"2024-02-06T14:01:17","date_gmt":"2024-02-06T14:01:17","guid":{"rendered":"https:\/\/www.cinesouk.ma\/?post_type=product&#038;p=6095"},"modified":"2026-02-05T10:47:17","modified_gmt":"2026-02-05T10:47:17","slug":"air-compressor-50l-25l","status":"publish","type":"product","link":"https:\/\/www.cinesouk.ma\/fr\/produit\/air-compressor-50l-25l\/","title":{"rendered":"Compresseur d'air 50L, 25L"},"content":{"rendered":"<p>Compresseur d'air portable 50L, 25L pour les installations cin\u00e9matographiques.<\/p>\n<h2 id=\"product_description\" class=\"slot__title mt-0\" data-test=\"title\">Description du produit<\/h2>\n<div class=\"js_show-more-description show-more active\">\n<div class=\"js_show-more-holder show-more-holder show-more--l product-tracklists-show-more--animate\">\n<div class=\"js_description_content js_show-more-content\">\n<div class=\"product-description\" data-test=\"description\">\n<p>g\u00e9n\u00e8re 1500 watts et vous offre une pression de travail maximale de 8 bars gr\u00e2ce \u00e0 une capacit\u00e9 d'aspiration de 325 litres par minute. C'est plus qu'il n'en faut pour alimenter divers outils pneumatiques tels que les cl\u00e9s \u00e0 chocs, les ponceuses, les cloueuses et les pulv\u00e9risateurs de peinture. Il n'est pas n\u00e9cessaire de le remplir trop souvent gr\u00e2ce au r\u00e9servoir relativement grand de 50 litres.<\/p>\n<h3>Comprend 2 manom\u00e8tres pratiques<\/h3>\n<p>Le compresseur rempli d'huile est \u00e9quip\u00e9 de deux manom\u00e8tres pratiques qui permettent de lire facilement la pression de la chaudi\u00e8re et la pression de sortie. Le compresseur est \u00e9quip\u00e9 d'un raccord d'air universel permettant d'utiliser une connexion EURO ou ORION. L'embrayage Euro s'adapte directement au compresseur. Gr\u00e2ce aux roues, vous pouvez le d\u00e9placer facilement.<\/p>\n<h3>Sp\u00e9cifications du produit Compresseur d'air 50L, 25L<\/h3>\n<ul>\n<li>Puissance du moteur 2,5 ch et 1,8 kW<\/li>\n<li>Tension 230 Volt, 50 Hz et 1 Ph<\/li>\n<li>Nombre de cylindres 1<\/li>\n<li>Nombre d'escaliers 1<\/li>\n<li>Capacit\u00e9 de la chaudi\u00e8re 50 l \/ 25l<\/li>\n<li>Capacit\u00e9 d'absorption 325 l\/min<\/li>\n<li>Pression maximale 8 bar<\/li>\n<li>Pression Spl-on\/pression de travail 8 bar<\/li>\n<li>Vitesse de rotation de la pompe 2800 tr\/min<\/li>\n<\/ul>\n<\/div>\n<\/div>\n<\/div>\n<\/div>\n<h3>Autres caract\u00e9ristiques<\/h3>\n<ul>\n<li class=\"specs__row\">Largeur du produit : 33 cm<\/li>\n<li class=\"specs__row\">Hauteur du produit : 100 cm<\/li>\n<li class=\"specs__row\">Longueur du produit : 100 cm<\/li>\n<li class=\"specs__row\">Poids de l'emballage : 20 kg<\/li>\n<\/ul>\n<div class=\"specs__row\"><\/div>\n<div><\/div>\n<p>Louez-le maintenant sur <a href=\"https:\/\/www.cinesouk.ma\/fr\">CINESOUK<\/a> - une marque de <a href=\"https:\/\/www.broadway.ma\/\">BROADWAY PRODUCTIONS SARL.<\/a><\/p>","protected":false},"excerpt":{"rendered":"<p><strong>Sp\u00e9cifications :<\/strong><\/p>\n<p>Type de compresseur Air<br \/>\nCapacit\u00e9 du r\u00e9servoir 50 L<br \/>\nPuissance 2 HP<\/p>","protected":false},"featured_media":6119,"template":"","meta":{"om_disable_all_campaigns":false,"_monsterinsights_skip_tracking":false,"_monsterinsights_sitenote_active":false,"_monsterinsights_sitenote_note":"","_monsterinsights_sitenote_category":0,"_uf_show_specific_survey":0,"_uf_disable_surveys":false},"product_brand":[],"product_cat":[37,122,43],"product_tag":[],"class_list":{"0":"post-6095","1":"product","2":"type-product","3":"status-publish","4":"has-post-thumbnail","6":"product_cat-accessories-cinesouk","7":"product_cat-hospitality-eventsouk","8":"product_cat-hospitality-cinesouk","10":"entry","11":"has-media","13":"first","14":"instock","15":"taxable","16":"shipping-taxable","17":"purchasable","18":"product-type-variable","19":"has-product-nav","20":"col","21":"span_1_of_3","22":"owp-content-center","23":"owp-thumbs-layout-horizontal","24":"owp-btn-normal","25":"owp-tabs-layout-horizontal","26":"has-no-thumbnails"},"yoast_head":"<!-- This site is optimized with the Yoast SEO Premium plugin v26.0 (Yoast SEO v26.0) - https:\/\/yoast.com\/wordpress\/plugins\/seo\/ -->\n<title>Air Compressor 50L, 25L - CineSouk - For rent<\/title>\n<meta name=\"description\" content=\"Air Compressor 50L, 25L - Compact and versatile air compressors. - CineSouk - Marrakech | Morocco\" \/>\n<meta name=\"robots\" content=\"index, follow, max-snippet:-1, max-image-preview:large, max-video-preview:-1\" \/>\n<link rel=\"canonical\" href=\"https:\/\/www.cinesouk.ma\/fr\/produit\/air-compressor-50l-25l\/\" \/>\n<meta property=\"og:locale\" content=\"fr_FR\" \/>\n<meta property=\"og:type\" content=\"article\" \/>\n<meta property=\"og:title\" content=\"Air Compressor 50L, 25L\" \/>\n<meta property=\"og:description\" content=\"Air Compressor 50L, 25L - Compact and versatile air compressors. - CineSouk - Marrakech | Morocco\" \/>\n<meta property=\"og:url\" content=\"https:\/\/www.cinesouk.ma\/fr\/produit\/air-compressor-50l-25l\/\" \/>\n<meta property=\"og:site_name\" content=\"CineSouk\" \/>\n<meta property=\"article:modified_time\" content=\"2026-02-05T10:47:17+00:00\" \/>\n<meta property=\"og:image\" content=\"https:\/\/www.cinesouk.ma\/wp-content\/uploads\/2024\/02\/Air-Compressor-50L-25L.jpg\" \/>\n\t<meta property=\"og:image:width\" content=\"300\" \/>\n\t<meta property=\"og:image:height\" content=\"238\" \/>\n\t<meta property=\"og:image:type\" content=\"image\/jpeg\" \/>\n<meta name=\"twitter:card\" content=\"summary_large_image\" \/>\n<meta name=\"twitter:description\" content=\"Air Compressor 50L, 25L - Compact and versatile air compressors. - CineSouk - Marrakech | Morocco\" \/>\n<meta name=\"twitter:label1\" content=\"Dur\u00e9e de lecture estim\u00e9e\" \/>\n\t<meta name=\"twitter:data1\" content=\"2 minutes\" \/>\n<script type=\"application\/ld+json\" class=\"yoast-schema-graph\">{\"@context\":\"https:\/\/schema.org\",\"@graph\":[{\"@type\":\"WebPage\",\"@id\":\"https:\/\/www.cinesouk.ma\/product\/air-compressor-50l-25l\/\",\"url\":\"https:\/\/www.cinesouk.ma\/product\/air-compressor-50l-25l\/\",\"name\":\"Air Compressor 50L, 25L - CineSouk - For rent\",\"isPartOf\":{\"@id\":\"https:\/\/www.cinesouk.ma\/#website\"},\"primaryImageOfPage\":{\"@id\":\"https:\/\/www.cinesouk.ma\/product\/air-compressor-50l-25l\/#primaryimage\"},\"image\":{\"@id\":\"https:\/\/www.cinesouk.ma\/product\/air-compressor-50l-25l\/#primaryimage\"},\"thumbnailUrl\":\"https:\/\/www.cinesouk.ma\/wp-content\/uploads\/2024\/02\/Air-Compressor-50L-25L.jpg\",\"datePublished\":\"2024-02-06T14:01:17+00:00\",\"dateModified\":\"2026-02-05T10:47:17+00:00\",\"description\":\"Air Compressor 50L, 25L - Compact and versatile air compressors. - CineSouk - Marrakech | Morocco\",\"breadcrumb\":{\"@id\":\"https:\/\/www.cinesouk.ma\/product\/air-compressor-50l-25l\/#breadcrumb\"},\"inLanguage\":\"fr-FR\",\"potentialAction\":[{\"@type\":\"ReadAction\",\"target\":[\"https:\/\/www.cinesouk.ma\/product\/air-compressor-50l-25l\/\"]}]},{\"@type\":\"ImageObject\",\"inLanguage\":\"fr-FR\",\"@id\":\"https:\/\/www.cinesouk.ma\/product\/air-compressor-50l-25l\/#primaryimage\",\"url\":\"https:\/\/www.cinesouk.ma\/wp-content\/uploads\/2024\/02\/Air-Compressor-50L-25L.jpg\",\"contentUrl\":\"https:\/\/www.cinesouk.ma\/wp-content\/uploads\/2024\/02\/Air-Compressor-50L-25L.jpg\",\"width\":300,\"height\":238},{\"@type\":\"BreadcrumbList\",\"@id\":\"https:\/\/www.cinesouk.ma\/product\/air-compressor-50l-25l\/#breadcrumb\",\"itemListElement\":[{\"@type\":\"ListItem\",\"position\":1,\"name\":\"Home\",\"item\":\"https:\/\/www.cinesouk.ma\/\"},{\"@type\":\"ListItem\",\"position\":2,\"name\":\"Shop\",\"item\":\"https:\/\/www.cinesouk.ma\/shop\/\"},{\"@type\":\"ListItem\",\"position\":3,\"name\":\"Air Compressor 50L, 25L\"}]},{\"@type\":\"WebSite\",\"@id\":\"https:\/\/www.cinesouk.ma\/#website\",\"url\":\"https:\/\/www.cinesouk.ma\/\",\"name\":\"CineSouk\",\"description\":\"\",\"publisher\":{\"@id\":\"https:\/\/www.cinesouk.ma\/#organization\"},\"potentialAction\":[{\"@type\":\"SearchAction\",\"target\":{\"@type\":\"EntryPoint\",\"urlTemplate\":\"https:\/\/www.cinesouk.ma\/?s={search_term_string}\"},\"query-input\":{\"@type\":\"PropertyValueSpecification\",\"valueRequired\":true,\"valueName\":\"search_term_string\"}}],\"inLanguage\":\"fr-FR\"},{\"@type\":\"Organization\",\"@id\":\"https:\/\/www.cinesouk.ma\/#organization\",\"name\":\"CineSouk\",\"url\":\"https:\/\/www.cinesouk.ma\/\",\"logo\":{\"@type\":\"ImageObject\",\"inLanguage\":\"fr-FR\",\"@id\":\"https:\/\/www.cinesouk.ma\/#\/schema\/logo\/image\/\",\"url\":\"https:\/\/www.cinesouk.ma\/wp-content\/uploads\/2024\/01\/CineSouk-logo-v01-alpha-alligned-left.png\",\"contentUrl\":\"https:\/\/www.cinesouk.ma\/wp-content\/uploads\/2024\/01\/CineSouk-logo-v01-alpha-alligned-left.png\",\"width\":3204,\"height\":889,\"caption\":\"CineSouk\"},\"image\":{\"@id\":\"https:\/\/www.cinesouk.ma\/#\/schema\/logo\/image\/\"}}]}<\/script>\n<!-- \/ Yoast SEO Premium plugin. -->","yoast_head_json":{"title":"Air Compressor 50L, 25L - CineSouk - For rent","description":"Air Compressor 50L, 25L - Compact and versatile air compressors. - CineSouk - Marrakech | Morocco","robots":{"index":"index","follow":"follow","max-snippet":"max-snippet:-1","max-image-preview":"max-image-preview:large","max-video-preview":"max-video-preview:-1"},"canonical":"https:\/\/www.cinesouk.ma\/fr\/produit\/air-compressor-50l-25l\/","og_locale":"fr_FR","og_type":"article","og_title":"Air Compressor 50L, 25L","og_description":"Air Compressor 50L, 25L - Compact and versatile air compressors. - CineSouk - Marrakech | Morocco","og_url":"https:\/\/www.cinesouk.ma\/fr\/produit\/air-compressor-50l-25l\/","og_site_name":"CineSouk","article_modified_time":"2026-02-05T10:47:17+00:00","og_image":[{"width":300,"height":238,"url":"https:\/\/www.cinesouk.ma\/wp-content\/uploads\/2024\/02\/Air-Compressor-50L-25L.jpg","type":"image\/jpeg"}],"twitter_card":"summary_large_image","twitter_description":"Air Compressor 50L, 25L - Compact and versatile air compressors. - CineSouk - Marrakech | Morocco","twitter_misc":{"Dur\u00e9e de lecture estim\u00e9e":"2 minutes"},"schema":{"@context":"https:\/\/schema.org","@graph":[{"@type":"WebPage","@id":"https:\/\/www.cinesouk.ma\/product\/air-compressor-50l-25l\/","url":"https:\/\/www.cinesouk.ma\/product\/air-compressor-50l-25l\/","name":"Air Compressor 50L, 25L - CineSouk - For rent","isPartOf":{"@id":"https:\/\/www.cinesouk.ma\/#website"},"primaryImageOfPage":{"@id":"https:\/\/www.cinesouk.ma\/product\/air-compressor-50l-25l\/#primaryimage"},"image":{"@id":"https:\/\/www.cinesouk.ma\/product\/air-compressor-50l-25l\/#primaryimage"},"thumbnailUrl":"https:\/\/www.cinesouk.ma\/wp-content\/uploads\/2024\/02\/Air-Compressor-50L-25L.jpg","datePublished":"2024-02-06T14:01:17+00:00","dateModified":"2026-02-05T10:47:17+00:00","description":"Air Compressor 50L, 25L - Compact and versatile air compressors. - CineSouk - Marrakech | Morocco","breadcrumb":{"@id":"https:\/\/www.cinesouk.ma\/product\/air-compressor-50l-25l\/#breadcrumb"},"inLanguage":"fr-FR","potentialAction":[{"@type":"ReadAction","target":["https:\/\/www.cinesouk.ma\/product\/air-compressor-50l-25l\/"]}]},{"@type":"ImageObject","inLanguage":"fr-FR","@id":"https:\/\/www.cinesouk.ma\/product\/air-compressor-50l-25l\/#primaryimage","url":"https:\/\/www.cinesouk.ma\/wp-content\/uploads\/2024\/02\/Air-Compressor-50L-25L.jpg","contentUrl":"https:\/\/www.cinesouk.ma\/wp-content\/uploads\/2024\/02\/Air-Compressor-50L-25L.jpg","width":300,"height":238},{"@type":"BreadcrumbList","@id":"https:\/\/www.cinesouk.ma\/product\/air-compressor-50l-25l\/#breadcrumb","itemListElement":[{"@type":"ListItem","position":1,"name":"Home","item":"https:\/\/www.cinesouk.ma\/"},{"@type":"ListItem","position":2,"name":"Shop","item":"https:\/\/www.cinesouk.ma\/shop\/"},{"@type":"ListItem","position":3,"name":"Air Compressor 50L, 25L"}]},{"@type":"WebSite","@id":"https:\/\/www.cinesouk.ma\/#website","url":"https:\/\/www.cinesouk.ma\/","name":"CineSouk","description":"","publisher":{"@id":"https:\/\/www.cinesouk.ma\/#organization"},"potentialAction":[{"@type":"SearchAction","target":{"@type":"EntryPoint","urlTemplate":"https:\/\/www.cinesouk.ma\/?s={search_term_string}"},"query-input":{"@type":"PropertyValueSpecification","valueRequired":true,"valueName":"search_term_string"}}],"inLanguage":"fr-FR"},{"@type":"Organization","@id":"https:\/\/www.cinesouk.ma\/#organization","name":"CineSouk","url":"https:\/\/www.cinesouk.ma\/","logo":{"@type":"ImageObject","inLanguage":"fr-FR","@id":"https:\/\/www.cinesouk.ma\/#\/schema\/logo\/image\/","url":"https:\/\/www.cinesouk.ma\/wp-content\/uploads\/2024\/01\/CineSouk-logo-v01-alpha-alligned-left.png","contentUrl":"https:\/\/www.cinesouk.ma\/wp-content\/uploads\/2024\/01\/CineSouk-logo-v01-alpha-alligned-left.png","width":3204,"height":889,"caption":"CineSouk"},"image":{"@id":"https:\/\/www.cinesouk.ma\/#\/schema\/logo\/image\/"}}]}},"_links":{"self":[{"href":"https:\/\/www.cinesouk.ma\/fr\/wp-json\/wp\/v2\/product\/6095","targetHints":{"allow":["GET"]}}],"collection":[{"href":"https:\/\/www.cinesouk.ma\/fr\/wp-json\/wp\/v2\/product"}],"about":[{"href":"https:\/\/www.cinesouk.ma\/fr\/wp-json\/wp\/v2\/types\/product"}],"wp:featuredmedia":[{"embeddable":true,"href":"https:\/\/www.cinesouk.ma\/fr\/wp-json\/wp\/v2\/media\/6119"}],"wp:attachment":[{"href":"https:\/\/www.cinesouk.ma\/fr\/wp-json\/wp\/v2\/media?parent=6095"}],"wp:term":[{"taxonomy":"product_brand","embeddable":true,"href":"https:\/\/www.cinesouk.ma\/fr\/wp-json\/wp\/v2\/product_brand?post=6095"},{"taxonomy":"product_cat","embeddable":true,"href":"https:\/\/www.cinesouk.ma\/fr\/wp-json\/wp\/v2\/product_cat?post=6095"},{"taxonomy":"product_tag","embeddable":true,"href":"https:\/\/www.cinesouk.ma\/fr\/wp-json\/wp\/v2\/product_tag?post=6095"}],"curies":[{"name":"wp","href":"https:\/\/api.w.org\/{rel}","templated":true}]}}