{"id":6097,"date":"2024-02-20T15:55:39","date_gmt":"2024-02-20T15:55:39","guid":{"rendered":"https:\/\/www.cinesouk.ma\/?post_type=product&#038;p=6097"},"modified":"2025-08-22T11:02:40","modified_gmt":"2025-08-22T11:02:40","slug":"benro-mach3-benro-tma48cxl-carbon-fiber-tripod-benro-precision-geared-head-gd3wh-tripod-head","status":"publish","type":"product","link":"https:\/\/www.cinesouk.ma\/fr\/produit\/benro-mach3-benro-tma48cxl-carbon-fiber-tripod-benro-precision-geared-head-gd3wh-tripod-head\/","title":{"rendered":"Benro Mach3 Benro TMA48CXL tr\u00e9pied en fibre de carbone + t\u00eate \u00e0 r\u00e9ducteur de pr\u00e9cision Benro GD3WH t\u00eate de tr\u00e9pied"},"content":{"rendered":"<p>Le tr\u00e9pied Benro Mach3 TMA48CXL en fibre de carbone associ\u00e9 \u00e0 la rotule \u00e0 engrenage de pr\u00e9cision Benro GD3WH offre une configuration de haute performance pour les photographes \u00e0 la recherche d'un contr\u00f4le pr\u00e9cis et d'une grande stabilit\u00e9. Faisant partie de la s\u00e9rie Mach3 de Benro, le tr\u00e9pied TMA48CXL pr\u00e9sente un rapport r\u00e9sistance\/poids exceptionnel, ce qui le rend id\u00e9al pour la photographie en studio et en ext\u00e9rieur.<\/p>\n<p>Le tr\u00e9pied TMA48CXL est dot\u00e9 de pieds \u00e0 quatre sections en fibre de carbone 9 couches, garantissant une stabilit\u00e9 maximale tout en restant l\u00e9ger. Il atteint une hauteur de 210 cm, ce qui permet une grande vari\u00e9t\u00e9 d'angles de prise de vue. Le m\u00e9canisme de verrouillage des jambes permet des r\u00e9glages rapides et s\u00fbrs, et le tr\u00e9pied peut \u00eatre r\u00e9gl\u00e9 sur trois angles de jambes, ce qui le rend parfait pour les terrains accident\u00e9s ou les prises de vue en contre-plong\u00e9e. Malgr\u00e9 son impressionnante capacit\u00e9 de charge de 20 kg, le tr\u00e9pied reste portable, se pliant \u00e0 seulement 68,5 cm et pesant seulement 2,55 kg.<\/p>\n<p>La t\u00eate \u00e0 engrenages de pr\u00e9cision Benro GD3WH offre un contr\u00f4le ultime sur le positionnement de l'appareil photo, ce qui la rend id\u00e9ale pour la photographie d'architecture, de paysage et la macrophotographie. La rotule offre trois mouvements ind\u00e9pendants \u00e0 engrenages pour des ajustements pr\u00e9cis sur les axes de panoramique, d'inclinaison et de roulis, ce qui permet des micro-ajustements sans d\u00e9rive de l'appareil photo. Elle est \u00e9galement compatible avec les plaques Arca-Swiss, ce qui garantit une fixation rapide et s\u00fbre de l'appareil photo.<\/p>\n<p>Ensemble, le tr\u00e9pied Mach3 TMA48CXL et la rotule GD3WH offrent une stabilit\u00e9 et un contr\u00f4le pr\u00e9cis, id\u00e9al pour les photographes travaillant dans des environnements vari\u00e9s. Cette configuration vous permet de capturer la photo parfaite \u00e0 chaque fois, que ce soit en studio ou en ext\u00e9rieur.<\/p>\n<p>Louez-le maintenant sur <a href=\"https:\/\/www.cinesouk.ma\/fr\">CINESOUK<\/a> - une marque de <a href=\"https:\/\/www.broadway.ma\/\">BROADWAY PRODUCTIONS SARL.<\/a><\/p>","protected":false},"excerpt":{"rendered":"<p><strong>Sp\u00e9cifications :<\/strong><\/p>\n<p><strong>Benro Mach3 TMA48CXL Tr\u00e9pied en fibre de carbone :<\/strong><\/p>\n<ul>\n<li>Mat\u00e9riau : Fibre de carbone 9 couches<\/li>\n<li>Hauteur maximale : 210 cm<\/li>\n<li>Hauteur minimale : 44 cm<\/li>\n<li>Longueur pli\u00e9e : 68,5 cm<\/li>\n<li>Capacit\u00e9 de charge : 20 kg<\/li>\n<li>Sections des jambes : 4<\/li>\n<li>Type de verrouillage des jambes : Verrouillage par rotation<\/li>\n<li>Poids : 2,55 kg<\/li>\n<\/ul>\n<p><strong>T\u00eate de pr\u00e9cision Benro GD3WH :<\/strong><\/p>\n<ul>\n<li>Port\u00e9e panoramique : 360\u00b0<\/li>\n<li>Plage d'inclinaison : +90\u00b0 \u00e0 -30\u00b0 (avant\/arri\u00e8re), +90\u00b0 \u00e0 -25\u00b0 (c\u00f4t\u00e9)<\/li>\n<li>Plaque de fixation rapide : compatible Arca-Swiss<\/li>\n<li>Mouvements \u00e0 engrenages : Panoramique, inclinaison et roulis<\/li>\n<li>Capacit\u00e9 de charge : 6 kg<\/li>\n<li>Poids : 0,87 kg<\/li>\n<\/ul>","protected":false},"featured_media":7822,"template":"","meta":{"om_disable_all_campaigns":false,"_monsterinsights_skip_tracking":false,"_monsterinsights_sitenote_active":false,"_monsterinsights_sitenote_note":"","_monsterinsights_sitenote_category":0,"_uf_show_specific_survey":0,"_uf_disable_surveys":false},"product_brand":[],"product_cat":[134,79,75],"product_tag":[],"class_list":{"0":"post-6097","1":"product","2":"type-product","3":"status-publish","4":"has-post-thumbnail","6":"product_cat-tripod-and-support-eventsouk","7":"product_cat-photography-cinesouk","8":"product_cat-tripod-and-support-cinesouk","10":"entry","11":"has-media","13":"first","14":"instock","15":"taxable","16":"shipping-taxable","17":"purchasable","18":"product-type-variable","19":"has-product-nav","20":"col","21":"span_1_of_3","22":"owp-content-center","23":"owp-thumbs-layout-horizontal","24":"owp-btn-normal","25":"owp-tabs-layout-horizontal","26":"has-no-thumbnails"},"yoast_head":"<!-- This site is optimized with the Yoast SEO Premium plugin v26.0 (Yoast SEO v26.0) - https:\/\/yoast.com\/wordpress\/plugins\/seo\/ -->\n<title>Benro TMA48CXL + Benro GD3WH - CineSouk - Marrakech | Morocco - For rent<\/title>\n<meta name=\"description\" content=\"Benro TMA48CXL tripod with GD3WH gear head offers precision and stability for professional photography. - CineSouk - For rent.\" \/>\n<meta name=\"robots\" content=\"index, follow, max-snippet:-1, max-image-preview:large, max-video-preview:-1\" \/>\n<link rel=\"canonical\" href=\"https:\/\/www.cinesouk.ma\/fr\/produit\/benro-mach3-benro-tma48cxl-carbon-fiber-tripod-benro-precision-geared-head-gd3wh-tripod-head\/\" \/>\n<meta property=\"og:locale\" content=\"fr_FR\" \/>\n<meta property=\"og:type\" content=\"article\" \/>\n<meta property=\"og:title\" content=\"Benro Mach3 Benro TMA48CXL Carbon Fiber Tripod + Benro Precision Geared Head GD3WH tripod head\" \/>\n<meta property=\"og:description\" content=\"Benro TMA48CXL tripod with GD3WH gear head offers precision and stability for professional photography. - CineSouk - For rent.\" \/>\n<meta property=\"og:url\" content=\"https:\/\/www.cinesouk.ma\/fr\/produit\/benro-mach3-benro-tma48cxl-carbon-fiber-tripod-benro-precision-geared-head-gd3wh-tripod-head\/\" \/>\n<meta property=\"og:site_name\" content=\"CineSouk\" \/>\n<meta property=\"article:modified_time\" content=\"2025-08-22T11:02:40+00:00\" \/>\n<meta property=\"og:image\" content=\"https:\/\/www.cinesouk.ma\/wp-content\/uploads\/2024\/02\/1c.jpg\" \/>\n\t<meta property=\"og:image:width\" content=\"300\" \/>\n\t<meta property=\"og:image:height\" content=\"238\" \/>\n\t<meta property=\"og:image:type\" content=\"image\/jpeg\" \/>\n<meta name=\"twitter:card\" content=\"summary_large_image\" \/>\n<meta name=\"twitter:description\" content=\"Benro TMA48CXL tripod with GD3WH gear head offers precision and stability for professional photography. - CineSouk - For rent.\" \/>\n<meta name=\"twitter:label1\" content=\"Dur\u00e9e de lecture estim\u00e9e\" \/>\n\t<meta name=\"twitter:data1\" content=\"2 minutes\" \/>\n<script type=\"application\/ld+json\" class=\"yoast-schema-graph\">{\"@context\":\"https:\/\/schema.org\",\"@graph\":[{\"@type\":\"WebPage\",\"@id\":\"https:\/\/www.cinesouk.ma\/product\/benro-mach3-benro-tma48cxl-carbon-fiber-tripod-benro-precision-geared-head-gd3wh-tripod-head\/\",\"url\":\"https:\/\/www.cinesouk.ma\/product\/benro-mach3-benro-tma48cxl-carbon-fiber-tripod-benro-precision-geared-head-gd3wh-tripod-head\/\",\"name\":\"Benro TMA48CXL + Benro GD3WH - CineSouk - Marrakech | Morocco - For rent\",\"isPartOf\":{\"@id\":\"https:\/\/www.cinesouk.ma\/#website\"},\"primaryImageOfPage\":{\"@id\":\"https:\/\/www.cinesouk.ma\/product\/benro-mach3-benro-tma48cxl-carbon-fiber-tripod-benro-precision-geared-head-gd3wh-tripod-head\/#primaryimage\"},\"image\":{\"@id\":\"https:\/\/www.cinesouk.ma\/product\/benro-mach3-benro-tma48cxl-carbon-fiber-tripod-benro-precision-geared-head-gd3wh-tripod-head\/#primaryimage\"},\"thumbnailUrl\":\"https:\/\/www.cinesouk.ma\/wp-content\/uploads\/2024\/02\/1c.jpg\",\"datePublished\":\"2024-02-20T15:55:39+00:00\",\"dateModified\":\"2025-08-22T11:02:40+00:00\",\"description\":\"Benro TMA48CXL tripod with GD3WH gear head offers precision and stability for professional photography. - CineSouk - For rent.\",\"breadcrumb\":{\"@id\":\"https:\/\/www.cinesouk.ma\/product\/benro-mach3-benro-tma48cxl-carbon-fiber-tripod-benro-precision-geared-head-gd3wh-tripod-head\/#breadcrumb\"},\"inLanguage\":\"fr-FR\",\"potentialAction\":[{\"@type\":\"ReadAction\",\"target\":[\"https:\/\/www.cinesouk.ma\/product\/benro-mach3-benro-tma48cxl-carbon-fiber-tripod-benro-precision-geared-head-gd3wh-tripod-head\/\"]}]},{\"@type\":\"ImageObject\",\"inLanguage\":\"fr-FR\",\"@id\":\"https:\/\/www.cinesouk.ma\/product\/benro-mach3-benro-tma48cxl-carbon-fiber-tripod-benro-precision-geared-head-gd3wh-tripod-head\/#primaryimage\",\"url\":\"https:\/\/www.cinesouk.ma\/wp-content\/uploads\/2024\/02\/1c.jpg\",\"contentUrl\":\"https:\/\/www.cinesouk.ma\/wp-content\/uploads\/2024\/02\/1c.jpg\",\"width\":300,\"height\":238,\"caption\":\"Benro Mach3 Benro TMA48CXL Carbon Fiber Tripod + Benro Precision Geared Head GD3WH tripod head\"},{\"@type\":\"BreadcrumbList\",\"@id\":\"https:\/\/www.cinesouk.ma\/product\/benro-mach3-benro-tma48cxl-carbon-fiber-tripod-benro-precision-geared-head-gd3wh-tripod-head\/#breadcrumb\",\"itemListElement\":[{\"@type\":\"ListItem\",\"position\":1,\"name\":\"Home\",\"item\":\"https:\/\/www.cinesouk.ma\/\"},{\"@type\":\"ListItem\",\"position\":2,\"name\":\"Shop\",\"item\":\"https:\/\/www.cinesouk.ma\/shop\/\"},{\"@type\":\"ListItem\",\"position\":3,\"name\":\"Benro Mach3 Benro TMA48CXL Carbon Fiber Tripod + Benro Precision Geared Head GD3WH tripod head\"}]},{\"@type\":\"WebSite\",\"@id\":\"https:\/\/www.cinesouk.ma\/#website\",\"url\":\"https:\/\/www.cinesouk.ma\/\",\"name\":\"CineSouk\",\"description\":\"\",\"publisher\":{\"@id\":\"https:\/\/www.cinesouk.ma\/#organization\"},\"potentialAction\":[{\"@type\":\"SearchAction\",\"target\":{\"@type\":\"EntryPoint\",\"urlTemplate\":\"https:\/\/www.cinesouk.ma\/?s={search_term_string}\"},\"query-input\":{\"@type\":\"PropertyValueSpecification\",\"valueRequired\":true,\"valueName\":\"search_term_string\"}}],\"inLanguage\":\"fr-FR\"},{\"@type\":\"Organization\",\"@id\":\"https:\/\/www.cinesouk.ma\/#organization\",\"name\":\"CineSouk\",\"url\":\"https:\/\/www.cinesouk.ma\/\",\"logo\":{\"@type\":\"ImageObject\",\"inLanguage\":\"fr-FR\",\"@id\":\"https:\/\/www.cinesouk.ma\/#\/schema\/logo\/image\/\",\"url\":\"https:\/\/www.cinesouk.ma\/wp-content\/uploads\/2024\/01\/CineSouk-logo-v01-alpha-alligned-left.png\",\"contentUrl\":\"https:\/\/www.cinesouk.ma\/wp-content\/uploads\/2024\/01\/CineSouk-logo-v01-alpha-alligned-left.png\",\"width\":3204,\"height\":889,\"caption\":\"CineSouk\"},\"image\":{\"@id\":\"https:\/\/www.cinesouk.ma\/#\/schema\/logo\/image\/\"}}]}<\/script>\n<!-- \/ Yoast SEO Premium plugin. -->","yoast_head_json":{"title":"Benro TMA48CXL + Benro GD3WH - CineSouk - Marrakech | Morocco - For rent","description":"Benro TMA48CXL tripod with GD3WH gear head offers precision and stability for professional photography. - CineSouk - For rent.","robots":{"index":"index","follow":"follow","max-snippet":"max-snippet:-1","max-image-preview":"max-image-preview:large","max-video-preview":"max-video-preview:-1"},"canonical":"https:\/\/www.cinesouk.ma\/fr\/produit\/benro-mach3-benro-tma48cxl-carbon-fiber-tripod-benro-precision-geared-head-gd3wh-tripod-head\/","og_locale":"fr_FR","og_type":"article","og_title":"Benro Mach3 Benro TMA48CXL Carbon Fiber Tripod + Benro Precision Geared Head GD3WH tripod head","og_description":"Benro TMA48CXL tripod with GD3WH gear head offers precision and stability for professional photography. - CineSouk - For rent.","og_url":"https:\/\/www.cinesouk.ma\/fr\/produit\/benro-mach3-benro-tma48cxl-carbon-fiber-tripod-benro-precision-geared-head-gd3wh-tripod-head\/","og_site_name":"CineSouk","article_modified_time":"2025-08-22T11:02:40+00:00","og_image":[{"width":300,"height":238,"url":"https:\/\/www.cinesouk.ma\/wp-content\/uploads\/2024\/02\/1c.jpg","type":"image\/jpeg"}],"twitter_card":"summary_large_image","twitter_description":"Benro TMA48CXL tripod with GD3WH gear head offers precision and stability for professional photography. - CineSouk - For rent.","twitter_misc":{"Dur\u00e9e de lecture estim\u00e9e":"2 minutes"},"schema":{"@context":"https:\/\/schema.org","@graph":[{"@type":"WebPage","@id":"https:\/\/www.cinesouk.ma\/product\/benro-mach3-benro-tma48cxl-carbon-fiber-tripod-benro-precision-geared-head-gd3wh-tripod-head\/","url":"https:\/\/www.cinesouk.ma\/product\/benro-mach3-benro-tma48cxl-carbon-fiber-tripod-benro-precision-geared-head-gd3wh-tripod-head\/","name":"Benro TMA48CXL + Benro GD3WH - CineSouk - Marrakech | Morocco - For rent","isPartOf":{"@id":"https:\/\/www.cinesouk.ma\/#website"},"primaryImageOfPage":{"@id":"https:\/\/www.cinesouk.ma\/product\/benro-mach3-benro-tma48cxl-carbon-fiber-tripod-benro-precision-geared-head-gd3wh-tripod-head\/#primaryimage"},"image":{"@id":"https:\/\/www.cinesouk.ma\/product\/benro-mach3-benro-tma48cxl-carbon-fiber-tripod-benro-precision-geared-head-gd3wh-tripod-head\/#primaryimage"},"thumbnailUrl":"https:\/\/www.cinesouk.ma\/wp-content\/uploads\/2024\/02\/1c.jpg","datePublished":"2024-02-20T15:55:39+00:00","dateModified":"2025-08-22T11:02:40+00:00","description":"Benro TMA48CXL tripod with GD3WH gear head offers precision and stability for professional photography. - CineSouk - For rent.","breadcrumb":{"@id":"https:\/\/www.cinesouk.ma\/product\/benro-mach3-benro-tma48cxl-carbon-fiber-tripod-benro-precision-geared-head-gd3wh-tripod-head\/#breadcrumb"},"inLanguage":"fr-FR","potentialAction":[{"@type":"ReadAction","target":["https:\/\/www.cinesouk.ma\/product\/benro-mach3-benro-tma48cxl-carbon-fiber-tripod-benro-precision-geared-head-gd3wh-tripod-head\/"]}]},{"@type":"ImageObject","inLanguage":"fr-FR","@id":"https:\/\/www.cinesouk.ma\/product\/benro-mach3-benro-tma48cxl-carbon-fiber-tripod-benro-precision-geared-head-gd3wh-tripod-head\/#primaryimage","url":"https:\/\/www.cinesouk.ma\/wp-content\/uploads\/2024\/02\/1c.jpg","contentUrl":"https:\/\/www.cinesouk.ma\/wp-content\/uploads\/2024\/02\/1c.jpg","width":300,"height":238,"caption":"Benro Mach3 Benro TMA48CXL Carbon Fiber Tripod + Benro Precision Geared Head GD3WH tripod head"},{"@type":"BreadcrumbList","@id":"https:\/\/www.cinesouk.ma\/product\/benro-mach3-benro-tma48cxl-carbon-fiber-tripod-benro-precision-geared-head-gd3wh-tripod-head\/#breadcrumb","itemListElement":[{"@type":"ListItem","position":1,"name":"Home","item":"https:\/\/www.cinesouk.ma\/"},{"@type":"ListItem","position":2,"name":"Shop","item":"https:\/\/www.cinesouk.ma\/shop\/"},{"@type":"ListItem","position":3,"name":"Benro Mach3 Benro TMA48CXL Carbon Fiber Tripod + Benro Precision Geared Head GD3WH tripod head"}]},{"@type":"WebSite","@id":"https:\/\/www.cinesouk.ma\/#website","url":"https:\/\/www.cinesouk.ma\/","name":"CineSouk","description":"","publisher":{"@id":"https:\/\/www.cinesouk.ma\/#organization"},"potentialAction":[{"@type":"SearchAction","target":{"@type":"EntryPoint","urlTemplate":"https:\/\/www.cinesouk.ma\/?s={search_term_string}"},"query-input":{"@type":"PropertyValueSpecification","valueRequired":true,"valueName":"search_term_string"}}],"inLanguage":"fr-FR"},{"@type":"Organization","@id":"https:\/\/www.cinesouk.ma\/#organization","name":"CineSouk","url":"https:\/\/www.cinesouk.ma\/","logo":{"@type":"ImageObject","inLanguage":"fr-FR","@id":"https:\/\/www.cinesouk.ma\/#\/schema\/logo\/image\/","url":"https:\/\/www.cinesouk.ma\/wp-content\/uploads\/2024\/01\/CineSouk-logo-v01-alpha-alligned-left.png","contentUrl":"https:\/\/www.cinesouk.ma\/wp-content\/uploads\/2024\/01\/CineSouk-logo-v01-alpha-alligned-left.png","width":3204,"height":889,"caption":"CineSouk"},"image":{"@id":"https:\/\/www.cinesouk.ma\/#\/schema\/logo\/image\/"}}]}},"_links":{"self":[{"href":"https:\/\/www.cinesouk.ma\/fr\/wp-json\/wp\/v2\/product\/6097","targetHints":{"allow":["GET"]}}],"collection":[{"href":"https:\/\/www.cinesouk.ma\/fr\/wp-json\/wp\/v2\/product"}],"about":[{"href":"https:\/\/www.cinesouk.ma\/fr\/wp-json\/wp\/v2\/types\/product"}],"wp:featuredmedia":[{"embeddable":true,"href":"https:\/\/www.cinesouk.ma\/fr\/wp-json\/wp\/v2\/media\/7822"}],"wp:attachment":[{"href":"https:\/\/www.cinesouk.ma\/fr\/wp-json\/wp\/v2\/media?parent=6097"}],"wp:term":[{"taxonomy":"product_brand","embeddable":true,"href":"https:\/\/www.cinesouk.ma\/fr\/wp-json\/wp\/v2\/product_brand?post=6097"},{"taxonomy":"product_cat","embeddable":true,"href":"https:\/\/www.cinesouk.ma\/fr\/wp-json\/wp\/v2\/product_cat?post=6097"},{"taxonomy":"product_tag","embeddable":true,"href":"https:\/\/www.cinesouk.ma\/fr\/wp-json\/wp\/v2\/product_tag?post=6097"}],"curies":[{"name":"wp","href":"https:\/\/api.w.org\/{rel}","templated":true}]}}