{"id":6248,"date":"2024-08-01T10:20:00","date_gmt":"2024-08-01T10:20:00","guid":{"rendered":"https:\/\/www.cinesouk.ma\/?post_type=product&#038;p=6248"},"modified":"2025-09-20T10:27:09","modified_gmt":"2025-09-20T10:27:09","slug":"sony-alpha-7-iv-4","status":"publish","type":"product","link":"https:\/\/www.cinesouk.ma\/fr\/produit\/sony-alpha-7-iv-4\/","title":{"rendered":"Sony Alpha 7 IV Camera (body only)"},"content":{"rendered":"<p>L'appareil photo Sony Alpha 7 IV \u00e9tablit une nouvelle norme gr\u00e2ce \u00e0 ses caract\u00e9ristiques de pointe. Dot\u00e9 d'un capteur plein format de 33 m\u00e9gapixels. Il est dot\u00e9 d'une technologie autofocus avanc\u00e9e et d'un suivi en temps r\u00e9el. Sa capacit\u00e9 \u00e0 filmer des vid\u00e9os 4K \u00e0 60 images par seconde avec un niveau de d\u00e9tail et une plage dynamique stup\u00e9fiants en fait l'un des appareils pr\u00e9f\u00e9r\u00e9s des cin\u00e9astes. Qu'il s'agisse de projets ind\u00e9pendants ou de productions commerciales, sa polyvalence et sa fiabilit\u00e9 en font un outil indispensable. Dans le domaine de l'audiovisuel, la cam\u00e9ra Sony Alpha 7 IV excelle \u00e0 capturer des moments avec un flair cin\u00e9matographique. Qu'il s'agisse de documenter des \u00e9v\u00e9nements, de cr\u00e9er du contenu promotionnel ou de capturer des paysages \u00e0 couper le souffle, l'Alpha 7 IV de Sony offre des r\u00e9sultats exceptionnels.<\/p>\n<ul>\n<li><strong>Capteur CMOS Exmor R de 33 m\u00e9gapixels :<\/strong> Offre une qualit\u00e9 d'image \u00e9poustouflante avec un niveau de d\u00e9tail et une plage dynamique excellents, ainsi qu'un faible bruit.<\/li>\n<li><strong>Processeur d'images BIONZ XR :<\/strong> Garantit des performances rapides, une reproduction pr\u00e9cise des couleurs et une utilisation efficace de l'\u00e9nergie.<\/li>\n<li><strong>Syst\u00e8me autofocus avanc\u00e9 :<\/strong> Il est dot\u00e9 de 759 points de d\u00e9tection de phase et de la fonction Eye AF en temps r\u00e9el pour les humains et les animaux, offrant un suivi pr\u00e9cis et fiable de la mise au point.<\/li>\n<li><strong>Enregistrement vid\u00e9o 4K :<\/strong> Prend en charge la vid\u00e9o 4K 60p avec lecture compl\u00e8te des pixels et profondeur de couleur 10 bits 4:2:2, id\u00e9ale pour la production vid\u00e9o de haute qualit\u00e9.<\/li>\n<li><strong>Stabilisation de l'image sur 5 axes dans le corps :<\/strong> Compense le boug\u00e9 de l'appareil, permettant des prises de vue nettes \u00e0 main lev\u00e9e, m\u00eame dans des conditions difficiles.<\/li>\n<li><strong>Gamme dynamique de 15 arr\u00eats :<\/strong> Capture une large gamme de tons, des ombres aux hautes lumi\u00e8res, pour des images riches en d\u00e9tails.<\/li>\n<li><strong>\u00c9cran tactile \u00e0 angle variable :<\/strong> Il permet une composition souple et une navigation ais\u00e9e dans les menus, ce qui est id\u00e9al pour les photos et les vid\u00e9os.<\/li>\n<li><strong>Deux fentes pour cartes :<\/strong> Prend en charge les cartes CFexpress de type A et SD UHS-II, offrant flexibilit\u00e9 et fiabilit\u00e9 pour les flux de travail professionnels.<\/li>\n<li><strong>Construction \u00e9tanche :<\/strong> Construction durable r\u00e9sistant \u00e0 la poussi\u00e8re et \u00e0 l'humidit\u00e9, adapt\u00e9e \u00e0 la prise de vue dans divers environnements.<\/li>\n<li><strong>Connectivit\u00e9 am\u00e9lior\u00e9e :<\/strong> Comprend le Wi-Fi, le Bluetooth et l'USB-C pour faciliter le transfert de fichiers et la commande \u00e0 distance via l'application Imaging Edge Mobile.<\/li>\n<\/ul>\n<p>Louez-le maintenant sur <a href=\"https:\/\/www.cinesouk.ma\/fr\">CINESOUK<\/a> - une marque de <a href=\"https:\/\/www.broadway.ma\/\">BROADWAY PRODUCTIONS SARL.<\/a><\/p>","protected":false},"excerpt":{"rendered":"<p>Sp\u00e9cifications de l'appareil photo Sony Alpha 7 IV<\/p>\n<p>Capteur : 33 m\u00e9gapixels plein cadre<br \/>\nR\u00e9solution vid\u00e9o : 4K \u00e0 60 images par seconde<br \/>\nAutofocus : Suivi avanc\u00e9 en temps r\u00e9el<br \/>\nPoids : 675g (corps seul)<br \/>\nDimensions : 129 x 96 x 79 mm<\/p>","protected":false},"featured_media":10620,"template":"","meta":{"om_disable_all_campaigns":false,"_monsterinsights_skip_tracking":false,"_monsterinsights_sitenote_active":false,"_monsterinsights_sitenote_note":"","_monsterinsights_sitenote_category":0,"_uf_show_specific_survey":0,"_uf_disable_surveys":false},"product_brand":[],"product_cat":[34,83,53],"product_tag":[],"class_list":{"0":"post-6248","1":"product","2":"type-product","3":"status-publish","4":"has-post-thumbnail","6":"product_cat-camera-cinesouk","7":"product_cat-efp-eng-cinesouk","8":"product_cat-popular-cinesouk","10":"entry","11":"has-media","13":"first","14":"instock","15":"taxable","16":"shipping-taxable","17":"purchasable","18":"product-type-variable","19":"has-product-nav","20":"col","21":"span_1_of_3","22":"owp-content-center","23":"owp-thumbs-layout-horizontal","24":"owp-btn-normal","25":"owp-tabs-layout-horizontal","26":"has-no-thumbnails"},"yoast_head":"<!-- This site is optimized with the Yoast SEO Premium plugin v26.0 (Yoast SEO v26.0) - https:\/\/yoast.com\/wordpress\/plugins\/seo\/ -->\n<title>Sony Alpha 7 IV Camera (body only) - Camera - Marrakech | Morocco - CineSouk - For rent<\/title>\n<meta name=\"description\" content=\"Elevate your cinematography with Sony Alpha 7 IV Camera. Perfect for professionals seeking top-tier camera performance in 4K \/ 60fps.\" \/>\n<meta name=\"robots\" content=\"index, follow, max-snippet:-1, max-image-preview:large, max-video-preview:-1\" \/>\n<link rel=\"canonical\" href=\"https:\/\/www.cinesouk.ma\/fr\/produit\/sony-alpha-7-iv-4\/\" \/>\n<meta property=\"og:locale\" content=\"fr_FR\" \/>\n<meta property=\"og:type\" content=\"article\" \/>\n<meta property=\"og:title\" content=\"Sony Alpha 7 IV Camera (body only)\" \/>\n<meta property=\"og:description\" content=\"The Sony PXW-FS7 reflects years of intense conversations we\u2019ve had with documentary shooters. A redesigned grip, improved viewfinder, optimized balance and refined ergonomics.\" \/>\n<meta property=\"og:url\" content=\"https:\/\/www.cinesouk.ma\/fr\/produit\/sony-alpha-7-iv-4\/\" \/>\n<meta property=\"og:site_name\" content=\"CineSouk\" \/>\n<meta property=\"article:modified_time\" content=\"2025-09-20T10:27:09+00:00\" \/>\n<meta property=\"og:image\" content=\"https:\/\/www.cinesouk.ma\/wp-content\/uploads\/2024\/08\/Sony-Alpha-7-IV.jpg\" \/>\n\t<meta property=\"og:image:width\" content=\"300\" \/>\n\t<meta property=\"og:image:height\" content=\"238\" \/>\n\t<meta property=\"og:image:type\" content=\"image\/jpeg\" \/>\n<meta name=\"twitter:card\" content=\"summary_large_image\" \/>\n<meta name=\"twitter:description\" content=\"Elevate your cinematography with Sony Alpha 7 IV Camera. Perfect for professionals seeking top-tier camera performance in 4K \/ 60fps.\" \/>\n<meta name=\"twitter:label1\" content=\"Dur\u00e9e de lecture estim\u00e9e\" \/>\n\t<meta name=\"twitter:data1\" content=\"2 minutes\" \/>\n<script type=\"application\/ld+json\" class=\"yoast-schema-graph\">{\"@context\":\"https:\/\/schema.org\",\"@graph\":[{\"@type\":\"WebPage\",\"@id\":\"https:\/\/www.cinesouk.ma\/product\/sony-alpha-7-iv-4\/\",\"url\":\"https:\/\/www.cinesouk.ma\/product\/sony-alpha-7-iv-4\/\",\"name\":\"Sony Alpha 7 IV Camera (body only) - Camera - Marrakech | Morocco - CineSouk - For rent\",\"isPartOf\":{\"@id\":\"https:\/\/www.cinesouk.ma\/#website\"},\"primaryImageOfPage\":{\"@id\":\"https:\/\/www.cinesouk.ma\/product\/sony-alpha-7-iv-4\/#primaryimage\"},\"image\":{\"@id\":\"https:\/\/www.cinesouk.ma\/product\/sony-alpha-7-iv-4\/#primaryimage\"},\"thumbnailUrl\":\"https:\/\/www.cinesouk.ma\/wp-content\/uploads\/2024\/08\/Sony-Alpha-7-IV.jpg\",\"datePublished\":\"2024-08-01T10:20:00+00:00\",\"dateModified\":\"2025-09-20T10:27:09+00:00\",\"description\":\"Elevate your cinematography with Sony Alpha 7 IV Camera. Perfect for professionals seeking top-tier camera performance in 4K \/ 60fps.\",\"breadcrumb\":{\"@id\":\"https:\/\/www.cinesouk.ma\/product\/sony-alpha-7-iv-4\/#breadcrumb\"},\"inLanguage\":\"fr-FR\",\"potentialAction\":[{\"@type\":\"ReadAction\",\"target\":[\"https:\/\/www.cinesouk.ma\/product\/sony-alpha-7-iv-4\/\"]}]},{\"@type\":\"ImageObject\",\"inLanguage\":\"fr-FR\",\"@id\":\"https:\/\/www.cinesouk.ma\/product\/sony-alpha-7-iv-4\/#primaryimage\",\"url\":\"https:\/\/www.cinesouk.ma\/wp-content\/uploads\/2024\/08\/Sony-Alpha-7-IV.jpg\",\"contentUrl\":\"https:\/\/www.cinesouk.ma\/wp-content\/uploads\/2024\/08\/Sony-Alpha-7-IV.jpg\",\"width\":300,\"height\":238},{\"@type\":\"BreadcrumbList\",\"@id\":\"https:\/\/www.cinesouk.ma\/product\/sony-alpha-7-iv-4\/#breadcrumb\",\"itemListElement\":[{\"@type\":\"ListItem\",\"position\":1,\"name\":\"Home\",\"item\":\"https:\/\/www.cinesouk.ma\/\"},{\"@type\":\"ListItem\",\"position\":2,\"name\":\"Shop\",\"item\":\"https:\/\/www.cinesouk.ma\/shop\/\"},{\"@type\":\"ListItem\",\"position\":3,\"name\":\"Sony Alpha 7 IV Camera (body only)\"}]},{\"@type\":\"WebSite\",\"@id\":\"https:\/\/www.cinesouk.ma\/#website\",\"url\":\"https:\/\/www.cinesouk.ma\/\",\"name\":\"CineSouk\",\"description\":\"\",\"publisher\":{\"@id\":\"https:\/\/www.cinesouk.ma\/#organization\"},\"potentialAction\":[{\"@type\":\"SearchAction\",\"target\":{\"@type\":\"EntryPoint\",\"urlTemplate\":\"https:\/\/www.cinesouk.ma\/?s={search_term_string}\"},\"query-input\":{\"@type\":\"PropertyValueSpecification\",\"valueRequired\":true,\"valueName\":\"search_term_string\"}}],\"inLanguage\":\"fr-FR\"},{\"@type\":\"Organization\",\"@id\":\"https:\/\/www.cinesouk.ma\/#organization\",\"name\":\"CineSouk\",\"url\":\"https:\/\/www.cinesouk.ma\/\",\"logo\":{\"@type\":\"ImageObject\",\"inLanguage\":\"fr-FR\",\"@id\":\"https:\/\/www.cinesouk.ma\/#\/schema\/logo\/image\/\",\"url\":\"https:\/\/www.cinesouk.ma\/wp-content\/uploads\/2024\/01\/CineSouk-logo-v01-alpha-alligned-left.png\",\"contentUrl\":\"https:\/\/www.cinesouk.ma\/wp-content\/uploads\/2024\/01\/CineSouk-logo-v01-alpha-alligned-left.png\",\"width\":3204,\"height\":889,\"caption\":\"CineSouk\"},\"image\":{\"@id\":\"https:\/\/www.cinesouk.ma\/#\/schema\/logo\/image\/\"}}]}<\/script>\n<!-- \/ Yoast SEO Premium plugin. -->","yoast_head_json":{"title":"Sony Alpha 7 IV Camera (body only) - Camera - Marrakech | Morocco - CineSouk - For rent","description":"Elevate your cinematography with Sony Alpha 7 IV Camera. Perfect for professionals seeking top-tier camera performance in 4K \/ 60fps.","robots":{"index":"index","follow":"follow","max-snippet":"max-snippet:-1","max-image-preview":"max-image-preview:large","max-video-preview":"max-video-preview:-1"},"canonical":"https:\/\/www.cinesouk.ma\/fr\/produit\/sony-alpha-7-iv-4\/","og_locale":"fr_FR","og_type":"article","og_title":"Sony Alpha 7 IV Camera (body only)","og_description":"The Sony PXW-FS7 reflects years of intense conversations we\u2019ve had with documentary shooters. A redesigned grip, improved viewfinder, optimized balance and refined ergonomics.","og_url":"https:\/\/www.cinesouk.ma\/fr\/produit\/sony-alpha-7-iv-4\/","og_site_name":"CineSouk","article_modified_time":"2025-09-20T10:27:09+00:00","og_image":[{"width":300,"height":238,"url":"https:\/\/www.cinesouk.ma\/wp-content\/uploads\/2024\/08\/Sony-Alpha-7-IV.jpg","type":"image\/jpeg"}],"twitter_card":"summary_large_image","twitter_description":"Elevate your cinematography with Sony Alpha 7 IV Camera. Perfect for professionals seeking top-tier camera performance in 4K \/ 60fps.","twitter_misc":{"Dur\u00e9e de lecture estim\u00e9e":"2 minutes"},"schema":{"@context":"https:\/\/schema.org","@graph":[{"@type":"WebPage","@id":"https:\/\/www.cinesouk.ma\/product\/sony-alpha-7-iv-4\/","url":"https:\/\/www.cinesouk.ma\/product\/sony-alpha-7-iv-4\/","name":"Sony Alpha 7 IV Camera (body only) - Camera - Marrakech | Morocco - CineSouk - For rent","isPartOf":{"@id":"https:\/\/www.cinesouk.ma\/#website"},"primaryImageOfPage":{"@id":"https:\/\/www.cinesouk.ma\/product\/sony-alpha-7-iv-4\/#primaryimage"},"image":{"@id":"https:\/\/www.cinesouk.ma\/product\/sony-alpha-7-iv-4\/#primaryimage"},"thumbnailUrl":"https:\/\/www.cinesouk.ma\/wp-content\/uploads\/2024\/08\/Sony-Alpha-7-IV.jpg","datePublished":"2024-08-01T10:20:00+00:00","dateModified":"2025-09-20T10:27:09+00:00","description":"Elevate your cinematography with Sony Alpha 7 IV Camera. Perfect for professionals seeking top-tier camera performance in 4K \/ 60fps.","breadcrumb":{"@id":"https:\/\/www.cinesouk.ma\/product\/sony-alpha-7-iv-4\/#breadcrumb"},"inLanguage":"fr-FR","potentialAction":[{"@type":"ReadAction","target":["https:\/\/www.cinesouk.ma\/product\/sony-alpha-7-iv-4\/"]}]},{"@type":"ImageObject","inLanguage":"fr-FR","@id":"https:\/\/www.cinesouk.ma\/product\/sony-alpha-7-iv-4\/#primaryimage","url":"https:\/\/www.cinesouk.ma\/wp-content\/uploads\/2024\/08\/Sony-Alpha-7-IV.jpg","contentUrl":"https:\/\/www.cinesouk.ma\/wp-content\/uploads\/2024\/08\/Sony-Alpha-7-IV.jpg","width":300,"height":238},{"@type":"BreadcrumbList","@id":"https:\/\/www.cinesouk.ma\/product\/sony-alpha-7-iv-4\/#breadcrumb","itemListElement":[{"@type":"ListItem","position":1,"name":"Home","item":"https:\/\/www.cinesouk.ma\/"},{"@type":"ListItem","position":2,"name":"Shop","item":"https:\/\/www.cinesouk.ma\/shop\/"},{"@type":"ListItem","position":3,"name":"Sony Alpha 7 IV Camera (body only)"}]},{"@type":"WebSite","@id":"https:\/\/www.cinesouk.ma\/#website","url":"https:\/\/www.cinesouk.ma\/","name":"CineSouk","description":"","publisher":{"@id":"https:\/\/www.cinesouk.ma\/#organization"},"potentialAction":[{"@type":"SearchAction","target":{"@type":"EntryPoint","urlTemplate":"https:\/\/www.cinesouk.ma\/?s={search_term_string}"},"query-input":{"@type":"PropertyValueSpecification","valueRequired":true,"valueName":"search_term_string"}}],"inLanguage":"fr-FR"},{"@type":"Organization","@id":"https:\/\/www.cinesouk.ma\/#organization","name":"CineSouk","url":"https:\/\/www.cinesouk.ma\/","logo":{"@type":"ImageObject","inLanguage":"fr-FR","@id":"https:\/\/www.cinesouk.ma\/#\/schema\/logo\/image\/","url":"https:\/\/www.cinesouk.ma\/wp-content\/uploads\/2024\/01\/CineSouk-logo-v01-alpha-alligned-left.png","contentUrl":"https:\/\/www.cinesouk.ma\/wp-content\/uploads\/2024\/01\/CineSouk-logo-v01-alpha-alligned-left.png","width":3204,"height":889,"caption":"CineSouk"},"image":{"@id":"https:\/\/www.cinesouk.ma\/#\/schema\/logo\/image\/"}}]}},"_links":{"self":[{"href":"https:\/\/www.cinesouk.ma\/fr\/wp-json\/wp\/v2\/product\/6248","targetHints":{"allow":["GET"]}}],"collection":[{"href":"https:\/\/www.cinesouk.ma\/fr\/wp-json\/wp\/v2\/product"}],"about":[{"href":"https:\/\/www.cinesouk.ma\/fr\/wp-json\/wp\/v2\/types\/product"}],"wp:featuredmedia":[{"embeddable":true,"href":"https:\/\/www.cinesouk.ma\/fr\/wp-json\/wp\/v2\/media\/10620"}],"wp:attachment":[{"href":"https:\/\/www.cinesouk.ma\/fr\/wp-json\/wp\/v2\/media?parent=6248"}],"wp:term":[{"taxonomy":"product_brand","embeddable":true,"href":"https:\/\/www.cinesouk.ma\/fr\/wp-json\/wp\/v2\/product_brand?post=6248"},{"taxonomy":"product_cat","embeddable":true,"href":"https:\/\/www.cinesouk.ma\/fr\/wp-json\/wp\/v2\/product_cat?post=6248"},{"taxonomy":"product_tag","embeddable":true,"href":"https:\/\/www.cinesouk.ma\/fr\/wp-json\/wp\/v2\/product_tag?post=6248"}],"curies":[{"name":"wp","href":"https:\/\/api.w.org\/{rel}","templated":true}]}}