{"id":6341,"date":"2024-11-01T02:00:43","date_gmt":"2024-11-01T02:00:43","guid":{"rendered":"https:\/\/www.cinesouk.ma\/?post_type=product&#038;p=6341"},"modified":"2025-03-21T10:56:07","modified_gmt":"2025-03-21T10:56:07","slug":"latsolite-collapsible-reflector","status":"publish","type":"product","link":"https:\/\/www.cinesouk.ma\/fr\/produit\/latsolite-collapsible-reflector\/","title":{"rendered":"R\u00e9flecteur pliable Lastolite"},"content":{"rendered":"<p>Illuminez votre cr\u00e9ativit\u00e9 avec le r\u00e9flecteur pliable Lastolite, votre choix pour des solutions d'\u00e9clairage de qualit\u00e9. En tant que soci\u00e9t\u00e9 de location de mat\u00e9riel bas\u00e9e \u00e0 Marrakech, Cinesouk propose une large gamme de produits Latsolite pour am\u00e9liorer vos projets cin\u00e9matographiques et photographiques. Pliable R\u00e9versible \u00e0 utiliser.<\/p>\n<h4>Caract\u00e9ristiques du r\u00e9flecteur pliable Lastolite :<\/h4>\n<ul>\n<li>Ligne de couture renforc\u00e9e - Plus de 30 points par pouce pour que le cadre en acier ne se d\u00e9tache pas de la bande du cadre.<\/li>\n<li>R\u00e9glage instantan\u00e9 - R\u00e9glez en quelques secondes pour vous concentrer sur la prise de vue.<\/li>\n<li>Rev\u00eatement 3 faces - trait\u00e9 pour ne pas se d\u00e9chirer ou s'\u00e9cailler<\/li>\n<li>Taille pliable, 1\/3 de l'ouverture - Se plie dans une taille compacte pour faciliter le transport.<\/li>\n<\/ul>\n<p>Louez-le maintenant sur <a href=\"https:\/\/www.cinesouk.ma\/fr\">CINESOUK<\/a> - une marque de <a href=\"https:\/\/www.broadway.ma\/\">BROADWAY PRODUCTIONS SARL.<\/a><\/p>","protected":false},"excerpt":{"rendered":"<p>Sp\u00e9cifications<\/p>\n<p>R\u00e9flecteurs : Diff\u00e9rentes tailles disponibles, pliables pour un transport facile<\/p>\n<p>Trigrip Large : Or\/blanc &amp; Sunfire\/argent &amp; Sunfire\/argent doux<\/p>\n<p>Circulaire Large : Feu de soleil\/argent et or\/blanc<\/p>\n<p>Circulaire : Sunfire\/argent doux &amp; Gold\/argent<\/p>\n<p>Circulaire Petit : Blanc\/Argent<\/p>","protected":false},"featured_media":6501,"template":"","meta":{"om_disable_all_campaigns":false,"_monsterinsights_skip_tracking":false,"_monsterinsights_sitenote_active":false,"_monsterinsights_sitenote_note":"","_monsterinsights_sitenote_category":0,"_uf_show_specific_survey":0,"_uf_disable_surveys":false},"product_brand":[],"product_cat":[20,79],"product_tag":[],"class_list":{"0":"post-6341","1":"product","2":"type-product","3":"status-publish","4":"has-post-thumbnail","6":"product_cat-light-cinesouk","7":"product_cat-photography-cinesouk","9":"entry","10":"has-media","12":"first","13":"instock","14":"taxable","15":"shipping-taxable","16":"purchasable","17":"product-type-variable","18":"has-product-nav","19":"col","20":"span_1_of_3","21":"owp-content-center","22":"owp-thumbs-layout-horizontal","23":"owp-btn-normal","24":"owp-tabs-layout-horizontal","25":"has-no-thumbnails"},"yoast_head":"<!-- This site is optimized with the Yoast SEO Premium plugin v26.0 (Yoast SEO v26.0) - https:\/\/yoast.com\/wordpress\/plugins\/seo\/ -->\n<title>Lastolite collapsible reflector - CineSouk - For rent<\/title>\n<meta name=\"description\" content=\"Lastolite Collapsible reflector, available in various sizes, collapsible for easy transport. For rent at Cinesouk Marrakech.\" \/>\n<meta name=\"robots\" content=\"index, follow, max-snippet:-1, max-image-preview:large, max-video-preview:-1\" \/>\n<link rel=\"canonical\" href=\"https:\/\/www.cinesouk.ma\/fr\/produit\/latsolite-collapsible-reflector\/\" \/>\n<meta property=\"og:locale\" content=\"fr_FR\" \/>\n<meta property=\"og:type\" content=\"article\" \/>\n<meta property=\"og:title\" content=\"Lastolite collapsible reflector\" \/>\n<meta property=\"og:description\" content=\"Lastolite Collapsible reflector, available in various sizes, collapsible for easy transport. For rent at Cinesouk Marrakech.\" \/>\n<meta property=\"og:url\" content=\"https:\/\/www.cinesouk.ma\/fr\/produit\/latsolite-collapsible-reflector\/\" \/>\n<meta property=\"og:site_name\" content=\"CineSouk\" \/>\n<meta property=\"article:modified_time\" content=\"2025-03-21T10:56:07+00:00\" \/>\n<meta property=\"og:image\" content=\"https:\/\/www.cinesouk.ma\/wp-content\/uploads\/2024\/02\/lastolite.jpg\" \/>\n\t<meta property=\"og:image:width\" content=\"300\" \/>\n\t<meta property=\"og:image:height\" content=\"238\" \/>\n\t<meta property=\"og:image:type\" content=\"image\/jpeg\" \/>\n<meta name=\"twitter:card\" content=\"summary_large_image\" \/>\n<meta name=\"twitter:title\" content=\"Lastolite collapsible reflector\" \/>\n<meta name=\"twitter:description\" content=\"Lastolite Collapsible reflector, available in various sizes, collapsible for easy transport. For rent at Cinesouk Marrakech.\" \/>\n<meta name=\"twitter:label1\" content=\"Dur\u00e9e de lecture estim\u00e9e\" \/>\n\t<meta name=\"twitter:data1\" content=\"1 minute\" \/>\n<script type=\"application\/ld+json\" class=\"yoast-schema-graph\">{\"@context\":\"https:\/\/schema.org\",\"@graph\":[{\"@type\":\"WebPage\",\"@id\":\"https:\/\/www.cinesouk.ma\/product\/latsolite-collapsible-reflector\/\",\"url\":\"https:\/\/www.cinesouk.ma\/product\/latsolite-collapsible-reflector\/\",\"name\":\"Lastolite collapsible reflector - CineSouk - For rent\",\"isPartOf\":{\"@id\":\"https:\/\/www.cinesouk.ma\/#website\"},\"primaryImageOfPage\":{\"@id\":\"https:\/\/www.cinesouk.ma\/product\/latsolite-collapsible-reflector\/#primaryimage\"},\"image\":{\"@id\":\"https:\/\/www.cinesouk.ma\/product\/latsolite-collapsible-reflector\/#primaryimage\"},\"thumbnailUrl\":\"https:\/\/www.cinesouk.ma\/wp-content\/uploads\/2024\/02\/lastolite.jpg\",\"datePublished\":\"2024-11-01T02:00:43+00:00\",\"dateModified\":\"2025-03-21T10:56:07+00:00\",\"description\":\"Lastolite Collapsible reflector, available in various sizes, collapsible for easy transport. For rent at Cinesouk Marrakech.\",\"breadcrumb\":{\"@id\":\"https:\/\/www.cinesouk.ma\/product\/latsolite-collapsible-reflector\/#breadcrumb\"},\"inLanguage\":\"fr-FR\",\"potentialAction\":[{\"@type\":\"ReadAction\",\"target\":[\"https:\/\/www.cinesouk.ma\/product\/latsolite-collapsible-reflector\/\"]}]},{\"@type\":\"ImageObject\",\"inLanguage\":\"fr-FR\",\"@id\":\"https:\/\/www.cinesouk.ma\/product\/latsolite-collapsible-reflector\/#primaryimage\",\"url\":\"https:\/\/www.cinesouk.ma\/wp-content\/uploads\/2024\/02\/lastolite.jpg\",\"contentUrl\":\"https:\/\/www.cinesouk.ma\/wp-content\/uploads\/2024\/02\/lastolite.jpg\",\"width\":300,\"height\":238,\"caption\":\"Lastolite collapsible reflector\"},{\"@type\":\"BreadcrumbList\",\"@id\":\"https:\/\/www.cinesouk.ma\/product\/latsolite-collapsible-reflector\/#breadcrumb\",\"itemListElement\":[{\"@type\":\"ListItem\",\"position\":1,\"name\":\"Home\",\"item\":\"https:\/\/www.cinesouk.ma\/\"},{\"@type\":\"ListItem\",\"position\":2,\"name\":\"Shop\",\"item\":\"https:\/\/www.cinesouk.ma\/shop\/\"},{\"@type\":\"ListItem\",\"position\":3,\"name\":\"Lastolite collapsible reflector\"}]},{\"@type\":\"WebSite\",\"@id\":\"https:\/\/www.cinesouk.ma\/#website\",\"url\":\"https:\/\/www.cinesouk.ma\/\",\"name\":\"CineSouk\",\"description\":\"\",\"publisher\":{\"@id\":\"https:\/\/www.cinesouk.ma\/#organization\"},\"potentialAction\":[{\"@type\":\"SearchAction\",\"target\":{\"@type\":\"EntryPoint\",\"urlTemplate\":\"https:\/\/www.cinesouk.ma\/?s={search_term_string}\"},\"query-input\":{\"@type\":\"PropertyValueSpecification\",\"valueRequired\":true,\"valueName\":\"search_term_string\"}}],\"inLanguage\":\"fr-FR\"},{\"@type\":\"Organization\",\"@id\":\"https:\/\/www.cinesouk.ma\/#organization\",\"name\":\"CineSouk\",\"url\":\"https:\/\/www.cinesouk.ma\/\",\"logo\":{\"@type\":\"ImageObject\",\"inLanguage\":\"fr-FR\",\"@id\":\"https:\/\/www.cinesouk.ma\/#\/schema\/logo\/image\/\",\"url\":\"https:\/\/www.cinesouk.ma\/wp-content\/uploads\/2024\/01\/CineSouk-logo-v01-alpha-alligned-left.png\",\"contentUrl\":\"https:\/\/www.cinesouk.ma\/wp-content\/uploads\/2024\/01\/CineSouk-logo-v01-alpha-alligned-left.png\",\"width\":3204,\"height\":889,\"caption\":\"CineSouk\"},\"image\":{\"@id\":\"https:\/\/www.cinesouk.ma\/#\/schema\/logo\/image\/\"}}]}<\/script>\n<!-- \/ Yoast SEO Premium plugin. -->","yoast_head_json":{"title":"Lastolite collapsible reflector - CineSouk - For rent","description":"Lastolite Collapsible reflector, available in various sizes, collapsible for easy transport. For rent at Cinesouk Marrakech.","robots":{"index":"index","follow":"follow","max-snippet":"max-snippet:-1","max-image-preview":"max-image-preview:large","max-video-preview":"max-video-preview:-1"},"canonical":"https:\/\/www.cinesouk.ma\/fr\/produit\/latsolite-collapsible-reflector\/","og_locale":"fr_FR","og_type":"article","og_title":"Lastolite collapsible reflector","og_description":"Lastolite Collapsible reflector, available in various sizes, collapsible for easy transport. For rent at Cinesouk Marrakech.","og_url":"https:\/\/www.cinesouk.ma\/fr\/produit\/latsolite-collapsible-reflector\/","og_site_name":"CineSouk","article_modified_time":"2025-03-21T10:56:07+00:00","og_image":[{"width":300,"height":238,"url":"https:\/\/www.cinesouk.ma\/wp-content\/uploads\/2024\/02\/lastolite.jpg","type":"image\/jpeg"}],"twitter_card":"summary_large_image","twitter_title":"Lastolite collapsible reflector","twitter_description":"Lastolite Collapsible reflector, available in various sizes, collapsible for easy transport. For rent at Cinesouk Marrakech.","twitter_misc":{"Dur\u00e9e de lecture estim\u00e9e":"1 minute"},"schema":{"@context":"https:\/\/schema.org","@graph":[{"@type":"WebPage","@id":"https:\/\/www.cinesouk.ma\/product\/latsolite-collapsible-reflector\/","url":"https:\/\/www.cinesouk.ma\/product\/latsolite-collapsible-reflector\/","name":"Lastolite collapsible reflector - CineSouk - For rent","isPartOf":{"@id":"https:\/\/www.cinesouk.ma\/#website"},"primaryImageOfPage":{"@id":"https:\/\/www.cinesouk.ma\/product\/latsolite-collapsible-reflector\/#primaryimage"},"image":{"@id":"https:\/\/www.cinesouk.ma\/product\/latsolite-collapsible-reflector\/#primaryimage"},"thumbnailUrl":"https:\/\/www.cinesouk.ma\/wp-content\/uploads\/2024\/02\/lastolite.jpg","datePublished":"2024-11-01T02:00:43+00:00","dateModified":"2025-03-21T10:56:07+00:00","description":"Lastolite Collapsible reflector, available in various sizes, collapsible for easy transport. For rent at Cinesouk Marrakech.","breadcrumb":{"@id":"https:\/\/www.cinesouk.ma\/product\/latsolite-collapsible-reflector\/#breadcrumb"},"inLanguage":"fr-FR","potentialAction":[{"@type":"ReadAction","target":["https:\/\/www.cinesouk.ma\/product\/latsolite-collapsible-reflector\/"]}]},{"@type":"ImageObject","inLanguage":"fr-FR","@id":"https:\/\/www.cinesouk.ma\/product\/latsolite-collapsible-reflector\/#primaryimage","url":"https:\/\/www.cinesouk.ma\/wp-content\/uploads\/2024\/02\/lastolite.jpg","contentUrl":"https:\/\/www.cinesouk.ma\/wp-content\/uploads\/2024\/02\/lastolite.jpg","width":300,"height":238,"caption":"Lastolite collapsible reflector"},{"@type":"BreadcrumbList","@id":"https:\/\/www.cinesouk.ma\/product\/latsolite-collapsible-reflector\/#breadcrumb","itemListElement":[{"@type":"ListItem","position":1,"name":"Home","item":"https:\/\/www.cinesouk.ma\/"},{"@type":"ListItem","position":2,"name":"Shop","item":"https:\/\/www.cinesouk.ma\/shop\/"},{"@type":"ListItem","position":3,"name":"Lastolite collapsible reflector"}]},{"@type":"WebSite","@id":"https:\/\/www.cinesouk.ma\/#website","url":"https:\/\/www.cinesouk.ma\/","name":"CineSouk","description":"","publisher":{"@id":"https:\/\/www.cinesouk.ma\/#organization"},"potentialAction":[{"@type":"SearchAction","target":{"@type":"EntryPoint","urlTemplate":"https:\/\/www.cinesouk.ma\/?s={search_term_string}"},"query-input":{"@type":"PropertyValueSpecification","valueRequired":true,"valueName":"search_term_string"}}],"inLanguage":"fr-FR"},{"@type":"Organization","@id":"https:\/\/www.cinesouk.ma\/#organization","name":"CineSouk","url":"https:\/\/www.cinesouk.ma\/","logo":{"@type":"ImageObject","inLanguage":"fr-FR","@id":"https:\/\/www.cinesouk.ma\/#\/schema\/logo\/image\/","url":"https:\/\/www.cinesouk.ma\/wp-content\/uploads\/2024\/01\/CineSouk-logo-v01-alpha-alligned-left.png","contentUrl":"https:\/\/www.cinesouk.ma\/wp-content\/uploads\/2024\/01\/CineSouk-logo-v01-alpha-alligned-left.png","width":3204,"height":889,"caption":"CineSouk"},"image":{"@id":"https:\/\/www.cinesouk.ma\/#\/schema\/logo\/image\/"}}]}},"_links":{"self":[{"href":"https:\/\/www.cinesouk.ma\/fr\/wp-json\/wp\/v2\/product\/6341","targetHints":{"allow":["GET"]}}],"collection":[{"href":"https:\/\/www.cinesouk.ma\/fr\/wp-json\/wp\/v2\/product"}],"about":[{"href":"https:\/\/www.cinesouk.ma\/fr\/wp-json\/wp\/v2\/types\/product"}],"wp:featuredmedia":[{"embeddable":true,"href":"https:\/\/www.cinesouk.ma\/fr\/wp-json\/wp\/v2\/media\/6501"}],"wp:attachment":[{"href":"https:\/\/www.cinesouk.ma\/fr\/wp-json\/wp\/v2\/media?parent=6341"}],"wp:term":[{"taxonomy":"product_brand","embeddable":true,"href":"https:\/\/www.cinesouk.ma\/fr\/wp-json\/wp\/v2\/product_brand?post=6341"},{"taxonomy":"product_cat","embeddable":true,"href":"https:\/\/www.cinesouk.ma\/fr\/wp-json\/wp\/v2\/product_cat?post=6341"},{"taxonomy":"product_tag","embeddable":true,"href":"https:\/\/www.cinesouk.ma\/fr\/wp-json\/wp\/v2\/product_tag?post=6341"}],"curies":[{"name":"wp","href":"https:\/\/api.w.org\/{rel}","templated":true}]}}