{"id":6383,"date":"2024-08-20T17:22:09","date_gmt":"2024-08-20T17:22:09","guid":{"rendered":"https:\/\/www.cinesouk.ma\/?post_type=product&#038;p=6383"},"modified":"2026-02-24T14:21:44","modified_gmt":"2026-02-24T14:21:44","slug":"ikan-pt-elite-pro2-tk-teleprompter","status":"publish","type":"product","link":"https:\/\/www.cinesouk.ma\/fr\/produit\/ikan-pt-elite-pro2-tk-teleprompter\/","title":{"rendered":"Ikan PT-ELITE-PRO2-TK Teleprompter (Autocue alternative)"},"content":{"rendered":"<p>Le t\u00e9l\u00e9prompteur\/autocue Ikan - Travel Kit &amp; Elite Remote allie portabilit\u00e9 et fonctionnalit\u00e9, \u00e0 l'instar de la c\u00e9l\u00e8bre marque Autocue. Sa conception l\u00e9g\u00e8re le rend id\u00e9al pour les installations en d\u00e9placement sans compromettre les performances. Avec un syst\u00e8me de tiges de 15 mm de haute qualit\u00e9 et un cadre en verre r\u00e9glable, il assure une visibilit\u00e9 claire et nette du texte pour les pr\u00e9sentateurs. La t\u00e9l\u00e9commande Elite permet de contr\u00f4ler facilement la vitesse et la direction du d\u00e9filement, am\u00e9liorant ainsi la prestation de l'orateur. Le t\u00e9l\u00e9prompteur Ikan est souvent assimil\u00e9 \u00e0 un Autocue, et s'av\u00e8re inestimable pour capturer des interviews, des discours et des pr\u00e9sentations de mani\u00e8re fluide et professionnelle. Son interface conviviale et son int\u00e9gration transparente avec les cam\u00e9ras en font un choix privil\u00e9gi\u00e9 pour les cin\u00e9astes. La t\u00e9l\u00e9commande \u00e9lite ajoute une couche suppl\u00e9mentaire de commodit\u00e9, permettant aux op\u00e9rateurs d'ajuster sans effort les messages-guides pendant les tournages. Dans le domaine de l'audiovisuel, cet \u00e9quipement excelle dans la production de contenus soign\u00e9s et attrayants. Le prompteur est compatible avec les tablettes iPad, Android et Windows.<\/p>\n<p>Louez-le maintenant sur <a href=\"https:\/\/www.cinesouk.ma\/fr\">CINESOUK<\/a> - une marque de <a href=\"https:\/\/www.broadway.ma\/\">BROADWAY PRODUCTIONS SARL.<\/a><\/p>","protected":false},"excerpt":{"rendered":"<p>Sp\u00e9cifications<\/p>\n<ul>\n<li>Comprend une valise rigide \u00e0 roulettes<\/li>\n<li>T\u00e9l\u00e9commande Bluetooth incluse<\/li>\n<li>Prise en charge de l'iPad, de l'iPad Pro et des tablettes Android<\/li>\n<li>Taille minimale de la tablette : 6\u2033 x 9\u2033 - Taille maximale de la tablette : 9\u2033 x 13\u2033<\/li>\n<li>Convient \u00e0 de nombreux appareils photo de tailles diff\u00e9rentes<\/li>\n<li>\u00c9quilibrage facile gr\u00e2ce \u00e0 la base r\u00e9glable<\/li>\n<li>Verre s\u00e9parateur de faisceau 70\/30 de fabrication am\u00e9ricaine<\/li>\n<li>Base de la tige de 15 mm pour la polyvalence et la facilit\u00e9 d'utilisation<\/li>\n<li>Construction solide en aluminium usin\u00e9 CNC<\/li>\n<\/ul>","protected":false},"featured_media":17203,"template":"","meta":{"om_disable_all_campaigns":false,"_monsterinsights_skip_tracking":false,"_monsterinsights_sitenote_active":false,"_monsterinsights_sitenote_note":"","_monsterinsights_sitenote_category":0,"_uf_show_specific_survey":0,"_uf_disable_surveys":false},"product_brand":[],"product_cat":[37,30,32],"product_tag":[],"class_list":{"0":"post-6383","1":"product","2":"type-product","3":"status-publish","4":"has-post-thumbnail","6":"product_cat-accessories-cinesouk","7":"product_cat-monitors-and-screens-cinesouk","8":"product_cat-streaming-cinesouk","10":"entry","11":"has-media","13":"first","14":"instock","15":"taxable","16":"shipping-taxable","17":"purchasable","18":"product-type-variable","19":"has-product-nav","20":"col","21":"span_1_of_3","22":"owp-content-center","23":"owp-thumbs-layout-horizontal","24":"owp-btn-normal","25":"owp-tabs-layout-horizontal","26":"has-no-thumbnails"},"yoast_head":"<!-- This site is optimized with the Yoast SEO Premium plugin v26.0 (Yoast SEO v26.0) - https:\/\/yoast.com\/wordpress\/plugins\/seo\/ -->\n<title>Ikan PT-ELITE-PRO2-TK Teleprompter (Autocue alternative) - CineSouk - For rent<\/title>\n<meta name=\"description\" content=\"Transform your speeches with the Ikan Teleprompter Travel Kit &amp; Elite Remote. Enhance your on-camera presence and captivate your audience effortlessly.\" \/>\n<meta name=\"robots\" content=\"index, follow, max-snippet:-1, max-image-preview:large, max-video-preview:-1\" \/>\n<link rel=\"canonical\" href=\"https:\/\/www.cinesouk.ma\/fr\/produit\/ikan-pt-elite-pro2-tk-teleprompter\/\" \/>\n<meta property=\"og:locale\" content=\"fr_FR\" \/>\n<meta property=\"og:type\" content=\"article\" \/>\n<meta property=\"og:title\" content=\"Ikan PT-ELITE-PRO2-TK Teleprompter (Autocue alternative)\" \/>\n<meta property=\"og:description\" content=\"Transform your speeches with the Ikan Teleprompter Travel Kit &amp; Elite Remote. Enhance your on-camera presence and captivate your audience effortlessly.\" \/>\n<meta property=\"og:url\" content=\"https:\/\/www.cinesouk.ma\/fr\/produit\/ikan-pt-elite-pro2-tk-teleprompter\/\" \/>\n<meta property=\"og:site_name\" content=\"CineSouk\" \/>\n<meta property=\"article:modified_time\" content=\"2026-02-24T14:21:44+00:00\" \/>\n<meta property=\"og:image\" content=\"https:\/\/www.cinesouk.ma\/wp-content\/uploads\/2024\/08\/Ikan-PT-ELITE-PRO2-TK-Teleprompter.jpg\" \/>\n\t<meta property=\"og:image:width\" content=\"300\" \/>\n\t<meta property=\"og:image:height\" content=\"238\" \/>\n\t<meta property=\"og:image:type\" content=\"image\/jpeg\" \/>\n<meta name=\"twitter:card\" content=\"summary_large_image\" \/>\n<meta name=\"twitter:description\" content=\"Transform your speeches with the Ikan Teleprompter Travel Kit &amp; Elite Remote. Enhance your on-camera presence and captivate your audience effortlessly.\" \/>\n<meta name=\"twitter:label1\" content=\"Dur\u00e9e de lecture estim\u00e9e\" \/>\n\t<meta name=\"twitter:data1\" content=\"1 minute\" \/>\n<script type=\"application\/ld+json\" class=\"yoast-schema-graph\">{\"@context\":\"https:\/\/schema.org\",\"@graph\":[{\"@type\":\"WebPage\",\"@id\":\"https:\/\/www.cinesouk.ma\/product\/ikan-pt-elite-pro2-tk-teleprompter\/\",\"url\":\"https:\/\/www.cinesouk.ma\/product\/ikan-pt-elite-pro2-tk-teleprompter\/\",\"name\":\"Ikan PT-ELITE-PRO2-TK Teleprompter (Autocue alternative) - CineSouk - For rent\",\"isPartOf\":{\"@id\":\"https:\/\/www.cinesouk.ma\/#website\"},\"primaryImageOfPage\":{\"@id\":\"https:\/\/www.cinesouk.ma\/product\/ikan-pt-elite-pro2-tk-teleprompter\/#primaryimage\"},\"image\":{\"@id\":\"https:\/\/www.cinesouk.ma\/product\/ikan-pt-elite-pro2-tk-teleprompter\/#primaryimage\"},\"thumbnailUrl\":\"https:\/\/www.cinesouk.ma\/wp-content\/uploads\/2024\/08\/Ikan-PT-ELITE-PRO2-TK-Teleprompter.jpg\",\"datePublished\":\"2024-08-20T17:22:09+00:00\",\"dateModified\":\"2026-02-24T14:21:44+00:00\",\"description\":\"Transform your speeches with the Ikan Teleprompter Travel Kit & Elite Remote. Enhance your on-camera presence and captivate your audience effortlessly.\",\"breadcrumb\":{\"@id\":\"https:\/\/www.cinesouk.ma\/product\/ikan-pt-elite-pro2-tk-teleprompter\/#breadcrumb\"},\"inLanguage\":\"fr-FR\",\"potentialAction\":[{\"@type\":\"ReadAction\",\"target\":[\"https:\/\/www.cinesouk.ma\/product\/ikan-pt-elite-pro2-tk-teleprompter\/\"]}]},{\"@type\":\"ImageObject\",\"inLanguage\":\"fr-FR\",\"@id\":\"https:\/\/www.cinesouk.ma\/product\/ikan-pt-elite-pro2-tk-teleprompter\/#primaryimage\",\"url\":\"https:\/\/www.cinesouk.ma\/wp-content\/uploads\/2024\/08\/Ikan-PT-ELITE-PRO2-TK-Teleprompter.jpg\",\"contentUrl\":\"https:\/\/www.cinesouk.ma\/wp-content\/uploads\/2024\/08\/Ikan-PT-ELITE-PRO2-TK-Teleprompter.jpg\",\"width\":300,\"height\":238,\"caption\":\"Ikan PT-ELITE-PRO2-TK Teleprompter\"},{\"@type\":\"BreadcrumbList\",\"@id\":\"https:\/\/www.cinesouk.ma\/product\/ikan-pt-elite-pro2-tk-teleprompter\/#breadcrumb\",\"itemListElement\":[{\"@type\":\"ListItem\",\"position\":1,\"name\":\"Home\",\"item\":\"https:\/\/www.cinesouk.ma\/\"},{\"@type\":\"ListItem\",\"position\":2,\"name\":\"Shop\",\"item\":\"https:\/\/www.cinesouk.ma\/shop\/\"},{\"@type\":\"ListItem\",\"position\":3,\"name\":\"Ikan PT-ELITE-PRO2-TK Teleprompter (Autocue alternative)\"}]},{\"@type\":\"WebSite\",\"@id\":\"https:\/\/www.cinesouk.ma\/#website\",\"url\":\"https:\/\/www.cinesouk.ma\/\",\"name\":\"CineSouk\",\"description\":\"\",\"publisher\":{\"@id\":\"https:\/\/www.cinesouk.ma\/#organization\"},\"potentialAction\":[{\"@type\":\"SearchAction\",\"target\":{\"@type\":\"EntryPoint\",\"urlTemplate\":\"https:\/\/www.cinesouk.ma\/?s={search_term_string}\"},\"query-input\":{\"@type\":\"PropertyValueSpecification\",\"valueRequired\":true,\"valueName\":\"search_term_string\"}}],\"inLanguage\":\"fr-FR\"},{\"@type\":\"Organization\",\"@id\":\"https:\/\/www.cinesouk.ma\/#organization\",\"name\":\"CineSouk\",\"url\":\"https:\/\/www.cinesouk.ma\/\",\"logo\":{\"@type\":\"ImageObject\",\"inLanguage\":\"fr-FR\",\"@id\":\"https:\/\/www.cinesouk.ma\/#\/schema\/logo\/image\/\",\"url\":\"https:\/\/www.cinesouk.ma\/wp-content\/uploads\/2024\/01\/CineSouk-logo-v01-alpha-alligned-left.png\",\"contentUrl\":\"https:\/\/www.cinesouk.ma\/wp-content\/uploads\/2024\/01\/CineSouk-logo-v01-alpha-alligned-left.png\",\"width\":3204,\"height\":889,\"caption\":\"CineSouk\"},\"image\":{\"@id\":\"https:\/\/www.cinesouk.ma\/#\/schema\/logo\/image\/\"}}]}<\/script>\n<!-- \/ Yoast SEO Premium plugin. -->","yoast_head_json":{"title":"Ikan PT-ELITE-PRO2-TK Teleprompter (Autocue alternative) - CineSouk - For rent","description":"Transform your speeches with the Ikan Teleprompter Travel Kit & Elite Remote. Enhance your on-camera presence and captivate your audience effortlessly.","robots":{"index":"index","follow":"follow","max-snippet":"max-snippet:-1","max-image-preview":"max-image-preview:large","max-video-preview":"max-video-preview:-1"},"canonical":"https:\/\/www.cinesouk.ma\/fr\/produit\/ikan-pt-elite-pro2-tk-teleprompter\/","og_locale":"fr_FR","og_type":"article","og_title":"Ikan PT-ELITE-PRO2-TK Teleprompter (Autocue alternative)","og_description":"Transform your speeches with the Ikan Teleprompter Travel Kit & Elite Remote. Enhance your on-camera presence and captivate your audience effortlessly.","og_url":"https:\/\/www.cinesouk.ma\/fr\/produit\/ikan-pt-elite-pro2-tk-teleprompter\/","og_site_name":"CineSouk","article_modified_time":"2026-02-24T14:21:44+00:00","og_image":[{"width":300,"height":238,"url":"https:\/\/www.cinesouk.ma\/wp-content\/uploads\/2024\/08\/Ikan-PT-ELITE-PRO2-TK-Teleprompter.jpg","type":"image\/jpeg"}],"twitter_card":"summary_large_image","twitter_description":"Transform your speeches with the Ikan Teleprompter Travel Kit & Elite Remote. Enhance your on-camera presence and captivate your audience effortlessly.","twitter_misc":{"Dur\u00e9e de lecture estim\u00e9e":"1 minute"},"schema":{"@context":"https:\/\/schema.org","@graph":[{"@type":"WebPage","@id":"https:\/\/www.cinesouk.ma\/product\/ikan-pt-elite-pro2-tk-teleprompter\/","url":"https:\/\/www.cinesouk.ma\/product\/ikan-pt-elite-pro2-tk-teleprompter\/","name":"Ikan PT-ELITE-PRO2-TK Teleprompter (Autocue alternative) - CineSouk - For rent","isPartOf":{"@id":"https:\/\/www.cinesouk.ma\/#website"},"primaryImageOfPage":{"@id":"https:\/\/www.cinesouk.ma\/product\/ikan-pt-elite-pro2-tk-teleprompter\/#primaryimage"},"image":{"@id":"https:\/\/www.cinesouk.ma\/product\/ikan-pt-elite-pro2-tk-teleprompter\/#primaryimage"},"thumbnailUrl":"https:\/\/www.cinesouk.ma\/wp-content\/uploads\/2024\/08\/Ikan-PT-ELITE-PRO2-TK-Teleprompter.jpg","datePublished":"2024-08-20T17:22:09+00:00","dateModified":"2026-02-24T14:21:44+00:00","description":"Transform your speeches with the Ikan Teleprompter Travel Kit & Elite Remote. Enhance your on-camera presence and captivate your audience effortlessly.","breadcrumb":{"@id":"https:\/\/www.cinesouk.ma\/product\/ikan-pt-elite-pro2-tk-teleprompter\/#breadcrumb"},"inLanguage":"fr-FR","potentialAction":[{"@type":"ReadAction","target":["https:\/\/www.cinesouk.ma\/product\/ikan-pt-elite-pro2-tk-teleprompter\/"]}]},{"@type":"ImageObject","inLanguage":"fr-FR","@id":"https:\/\/www.cinesouk.ma\/product\/ikan-pt-elite-pro2-tk-teleprompter\/#primaryimage","url":"https:\/\/www.cinesouk.ma\/wp-content\/uploads\/2024\/08\/Ikan-PT-ELITE-PRO2-TK-Teleprompter.jpg","contentUrl":"https:\/\/www.cinesouk.ma\/wp-content\/uploads\/2024\/08\/Ikan-PT-ELITE-PRO2-TK-Teleprompter.jpg","width":300,"height":238,"caption":"Ikan PT-ELITE-PRO2-TK Teleprompter"},{"@type":"BreadcrumbList","@id":"https:\/\/www.cinesouk.ma\/product\/ikan-pt-elite-pro2-tk-teleprompter\/#breadcrumb","itemListElement":[{"@type":"ListItem","position":1,"name":"Home","item":"https:\/\/www.cinesouk.ma\/"},{"@type":"ListItem","position":2,"name":"Shop","item":"https:\/\/www.cinesouk.ma\/shop\/"},{"@type":"ListItem","position":3,"name":"Ikan PT-ELITE-PRO2-TK Teleprompter (Autocue alternative)"}]},{"@type":"WebSite","@id":"https:\/\/www.cinesouk.ma\/#website","url":"https:\/\/www.cinesouk.ma\/","name":"CineSouk","description":"","publisher":{"@id":"https:\/\/www.cinesouk.ma\/#organization"},"potentialAction":[{"@type":"SearchAction","target":{"@type":"EntryPoint","urlTemplate":"https:\/\/www.cinesouk.ma\/?s={search_term_string}"},"query-input":{"@type":"PropertyValueSpecification","valueRequired":true,"valueName":"search_term_string"}}],"inLanguage":"fr-FR"},{"@type":"Organization","@id":"https:\/\/www.cinesouk.ma\/#organization","name":"CineSouk","url":"https:\/\/www.cinesouk.ma\/","logo":{"@type":"ImageObject","inLanguage":"fr-FR","@id":"https:\/\/www.cinesouk.ma\/#\/schema\/logo\/image\/","url":"https:\/\/www.cinesouk.ma\/wp-content\/uploads\/2024\/01\/CineSouk-logo-v01-alpha-alligned-left.png","contentUrl":"https:\/\/www.cinesouk.ma\/wp-content\/uploads\/2024\/01\/CineSouk-logo-v01-alpha-alligned-left.png","width":3204,"height":889,"caption":"CineSouk"},"image":{"@id":"https:\/\/www.cinesouk.ma\/#\/schema\/logo\/image\/"}}]}},"_links":{"self":[{"href":"https:\/\/www.cinesouk.ma\/fr\/wp-json\/wp\/v2\/product\/6383","targetHints":{"allow":["GET"]}}],"collection":[{"href":"https:\/\/www.cinesouk.ma\/fr\/wp-json\/wp\/v2\/product"}],"about":[{"href":"https:\/\/www.cinesouk.ma\/fr\/wp-json\/wp\/v2\/types\/product"}],"wp:featuredmedia":[{"embeddable":true,"href":"https:\/\/www.cinesouk.ma\/fr\/wp-json\/wp\/v2\/media\/17203"}],"wp:attachment":[{"href":"https:\/\/www.cinesouk.ma\/fr\/wp-json\/wp\/v2\/media?parent=6383"}],"wp:term":[{"taxonomy":"product_brand","embeddable":true,"href":"https:\/\/www.cinesouk.ma\/fr\/wp-json\/wp\/v2\/product_brand?post=6383"},{"taxonomy":"product_cat","embeddable":true,"href":"https:\/\/www.cinesouk.ma\/fr\/wp-json\/wp\/v2\/product_cat?post=6383"},{"taxonomy":"product_tag","embeddable":true,"href":"https:\/\/www.cinesouk.ma\/fr\/wp-json\/wp\/v2\/product_tag?post=6383"}],"curies":[{"name":"wp","href":"https:\/\/api.w.org\/{rel}","templated":true}]}}