{"id":6483,"date":"2024-02-23T14:32:34","date_gmt":"2024-02-23T14:32:34","guid":{"rendered":"https:\/\/www.cinesouk.ma\/?post_type=product&#038;p=6483"},"modified":"2025-08-28T08:29:28","modified_gmt":"2025-08-28T08:29:28","slug":"sony-fx3-easyrig-advanced-grip-kit","status":"publish","type":"product","link":"https:\/\/www.cinesouk.ma\/fr\/produit\/sony-fx3-easyrig-advanced-grip-kit\/","title":{"rendered":"Sony FX3 EasyRig Advanced Grip Kit"},"content":{"rendered":"<p>Louez notre kit complet Sony FX3 EasyRig Advanced Grip Kit, qui comprend le Sony FX3, Easyrig Minimax, Tilta Advanced Grip avec RavenEye Image Transmission System, un objectif compatible au choix, deux cartes m\u00e9moire CFe de 160 Go (800mb\/s) et des batteries NP-FZ100.<\/p>\n<h3>Le Sony FX3<\/h3>\n<p>La cam\u00e9ra FX3 Cinema Line offre une sensibilit\u00e9 \u00e9lev\u00e9e et une large plage dynamique gr\u00e2ce \u00e0 son capteur plein format. Elle offre des capacit\u00e9s puissantes dans un design incroyablement compact. Avec une mobilit\u00e9 am\u00e9lior\u00e9e pour prendre facilement des photos \u00e0 main lev\u00e9e et des options de contr\u00f4le professionnelles, c'est l'outil cr\u00e9atif id\u00e9al pour enregistrer des images cin\u00e9matographiques n'importe o\u00f9.<\/p>\n<h4 class=\"card-feature-tab-title ng-star-inserted\">Capteur d'image avec une vitesse de lecture sans pr\u00e9c\u00e9dent<\/h4>\n<p class=\"card-feature-tab-text ng-star-inserted\">En outre, le capteur CMOS Exmor R\u2122 plein cadre r\u00e9tro-\u00e9clair\u00e9 offre une vitesse de lecture extr\u00eamement \u00e9lev\u00e9e avec une grande sensibilit\u00e9 et une large plage dynamique. Une s\u00e9rie de filtres color\u00e9s avanc\u00e9s permet une reproduction plus pr\u00e9cise des couleurs, et l'autofocus avec d\u00e9tection de phase du plan focal offre une mise au point automatique solide et une pr\u00e9cision extraordinaire. Tout cela contribue \u00e0 une qualit\u00e9 d'image sans pr\u00e9c\u00e9dent.<\/p>\n<h4 class=\"card-feature-tab-title ng-star-inserted\">Processeur de traitement d'images de haute qualit\u00e9<\/h4>\n<p class=\"card-feature-tab-text ng-star-inserted\">Le processeur de traitement d'image BIONZ XR\u2122 est sp\u00e9cialement con\u00e7u pour des vitesses \u00e9lev\u00e9es pour des fonctions de traitement en temps r\u00e9el impressionnantes, minimisant les d\u00e9lais. Le processeur effectue le traitement en temps r\u00e9el de l'autofocus, de la reconnaissance d'image et des ajustements de la qualit\u00e9 d'image. Dans le m\u00eame temps, les donn\u00e9es sont transmises, une interface utilisateur est affich\u00e9e et d'autres fonctions de l'appareil photo sont ex\u00e9cut\u00e9es.<\/p>\n<h4 class=\"card-feature-tab-title ng-star-inserted\">Haute sensibilit\u00e9, large gamme dynamique<\/h4>\n<p class=\"card-feature-tab-text ng-star-inserted\">Le capteur plein format garantit une sensibilit\u00e9 \u00e9lev\u00e9e et un faible niveau de bruit sur toute la port\u00e9e de l'appareil en optimisant la sortie du capteur G. Capturez clairement les mouvements, m\u00eame en cas de faible luminosit\u00e9, gr\u00e2ce \u00e0 une plage ISO remarquablement \u00e9tendue allant jusqu'\u00e0 409600. L'appareil photo dispose d'une plage dynamique \u00e9tendue de plus de 15 diaphragmes, sans exc\u00e8s. Gr\u00e2ce \u00e0 la sensibilit\u00e9 \u00e9lev\u00e9e et \u00e0 la plage dynamique \u00e9tendue de l'appareil photo, vous b\u00e9n\u00e9ficiez d'une grande flexibilit\u00e9 lors de la post-production.<\/p>\n<p>Louez notre kit de pr\u00e9hension Sony FX3 EasyRig Advanced Grip Kit d\u00e8s maintenant sur <a href=\"https:\/\/www.cinesouk.ma\/fr\">CINESOUK<\/a> - une marque de <a href=\"https:\/\/www.broadway.ma\/\">BROADWAY PRODUCTIONS SARL.<\/a><\/p>","protected":false},"excerpt":{"rendered":"<p>Sp\u00e9cifications<\/p>\n<p>Appareil photo : Sony FX3<br \/>\nCapteur : CMOS Exmor R plein format<br \/>\nAutofocus : AF hybride rapide<br \/>\nR\u00e9solution : Jusqu'\u00e0 4K UHD<br \/>\nGamme dynamique : 15+ arr\u00eats<br \/>\nMonture d'objectif : Monture Sony E<br \/>\nFormats d'enregistrement : XAVC-S, XAVC-HS, XAVC-SI, MPEG-4<br \/>\nRalenti : Jusqu'\u00e0 120 fps en Full HD<\/p>\n<p>Syst\u00e8me de soutien : Easyrig Minimax<br \/>\nType : Syst\u00e8me de soutien mont\u00e9 sur le corps<br \/>\nCapacit\u00e9 de poids : Jusqu'\u00e0 8 kg<br \/>\nLongueur r\u00e9glable : Oui<br \/>\nConception confortable et ergonomique : Oui<\/p>\n<p>Syst\u00e8me de pr\u00e9hension : Poign\u00e9e Tilta Advanced Grip avec syst\u00e8me de transmission d'images RavenEye<br \/>\nCaract\u00e9ristiques : Commandes avanc\u00e9es de la poign\u00e9e, RavenEye pour la transmission d'images sans fil<br \/>\nCompatibilit\u00e9 : Con\u00e7u pour une int\u00e9gration parfaite avec le Sony FX3<\/p>\n<p>Cartes m\u00e9moire : CFe 160GB (800mb\/s)<br \/>\nQuantit\u00e9 : 2<br \/>\nCapacit\u00e9 : 160 Go chacun<br \/>\nVitesse de transfert : 800mb\/s<\/p>\n<p>Batteries : NP-FZ100<br \/>\nCompatibilit\u00e9 : Sony FX3 et mod\u00e8les compatibles<br \/>\nCapacit\u00e9 : Selon les sp\u00e9cifications de la batterie<br \/>\nQuantit\u00e9 : Inclus dans le kit<\/p>","protected":false},"featured_media":14451,"template":"","meta":{"om_disable_all_campaigns":false,"_monsterinsights_skip_tracking":false,"_monsterinsights_sitenote_active":false,"_monsterinsights_sitenote_note":"","_monsterinsights_sitenote_category":0,"_uf_show_specific_survey":0,"_uf_disable_surveys":false},"product_brand":[],"product_cat":[76,83,53],"product_tag":[],"class_list":{"0":"post-6483","1":"product","2":"type-product","3":"status-publish","4":"has-post-thumbnail","6":"product_cat-bundles-and-kits-cinesouk","7":"product_cat-efp-eng-cinesouk","8":"product_cat-popular-cinesouk","10":"entry","11":"has-media","13":"first","14":"instock","15":"taxable","16":"shipping-taxable","17":"purchasable","18":"product-type-variable","19":"has-product-nav","20":"col","21":"span_1_of_3","22":"owp-content-center","23":"owp-thumbs-layout-horizontal","24":"owp-btn-normal","25":"owp-tabs-layout-horizontal","26":"has-no-thumbnails"},"yoast_head":"<!-- This site is optimized with the Yoast SEO Premium plugin v26.0 (Yoast SEO v26.0) - https:\/\/yoast.com\/wordpress\/plugins\/seo\/ -->\n<title>Sony FX3 EasyRig Advanced Grip Kit - Camera - Marrakech - CineSouk - For rent<\/title>\n<meta name=\"description\" content=\"Rent our Sony FX3 EasyRig Advanced Grip Kit with Easyrig Minimax, Tilta Advanced Grip, lens of choice, CFe memory cards, and NP-FZ100 batteries.\" \/>\n<meta name=\"robots\" content=\"index, follow, max-snippet:-1, max-image-preview:large, max-video-preview:-1\" \/>\n<link rel=\"canonical\" href=\"https:\/\/www.cinesouk.ma\/fr\/produit\/sony-fx3-easyrig-advanced-grip-kit\/\" \/>\n<meta property=\"og:locale\" content=\"fr_FR\" \/>\n<meta property=\"og:type\" content=\"article\" \/>\n<meta property=\"og:title\" content=\"Sony FX3 EasyRig Advanced Grip Kit\" \/>\n<meta property=\"og:description\" content=\"Rent our Sony FX3 EasyRig Advanced Grip Kit with Easyrig Minimax, Tilta Advanced Grip, lens of choice, CFe memory cards, and NP-FZ100 batteries.\" \/>\n<meta property=\"og:url\" content=\"https:\/\/www.cinesouk.ma\/fr\/produit\/sony-fx3-easyrig-advanced-grip-kit\/\" \/>\n<meta property=\"og:site_name\" content=\"CineSouk\" \/>\n<meta property=\"article:modified_time\" content=\"2025-08-28T08:29:28+00:00\" \/>\n<meta property=\"og:image\" content=\"https:\/\/www.cinesouk.ma\/wp-content\/uploads\/2024\/02\/easyrig-minimax.jpg\" \/>\n\t<meta property=\"og:image:width\" content=\"300\" \/>\n\t<meta property=\"og:image:height\" content=\"238\" \/>\n\t<meta property=\"og:image:type\" content=\"image\/jpeg\" \/>\n<meta name=\"twitter:card\" content=\"summary_large_image\" \/>\n<meta name=\"twitter:description\" content=\"Rent our Sony FX3 EasyRig Advanced Grip Kit with Easyrig Minimax, Tilta Advanced Grip, lens of choice, CFe memory cards, and NP-FZ100 batteries.\" \/>\n<meta name=\"twitter:label1\" content=\"Dur\u00e9e de lecture estim\u00e9e\" \/>\n\t<meta name=\"twitter:data1\" content=\"2 minutes\" \/>\n<script type=\"application\/ld+json\" class=\"yoast-schema-graph\">{\"@context\":\"https:\/\/schema.org\",\"@graph\":[{\"@type\":\"WebPage\",\"@id\":\"https:\/\/www.cinesouk.ma\/product\/sony-fx3-easyrig-advanced-grip-kit\/\",\"url\":\"https:\/\/www.cinesouk.ma\/product\/sony-fx3-easyrig-advanced-grip-kit\/\",\"name\":\"Sony FX3 EasyRig Advanced Grip Kit - Camera - Marrakech - CineSouk - For rent\",\"isPartOf\":{\"@id\":\"https:\/\/www.cinesouk.ma\/#website\"},\"primaryImageOfPage\":{\"@id\":\"https:\/\/www.cinesouk.ma\/product\/sony-fx3-easyrig-advanced-grip-kit\/#primaryimage\"},\"image\":{\"@id\":\"https:\/\/www.cinesouk.ma\/product\/sony-fx3-easyrig-advanced-grip-kit\/#primaryimage\"},\"thumbnailUrl\":\"https:\/\/www.cinesouk.ma\/wp-content\/uploads\/2024\/02\/easyrig-fx3.jpg\",\"datePublished\":\"2024-02-23T14:32:34+00:00\",\"dateModified\":\"2025-08-28T08:29:28+00:00\",\"description\":\"Rent our Sony FX3 EasyRig Advanced Grip Kit with Easyrig Minimax, Tilta Advanced Grip, lens of choice, CFe memory cards, and NP-FZ100 batteries.\",\"breadcrumb\":{\"@id\":\"https:\/\/www.cinesouk.ma\/product\/sony-fx3-easyrig-advanced-grip-kit\/#breadcrumb\"},\"inLanguage\":\"fr-FR\",\"potentialAction\":[{\"@type\":\"ReadAction\",\"target\":[\"https:\/\/www.cinesouk.ma\/product\/sony-fx3-easyrig-advanced-grip-kit\/\"]}]},{\"@type\":\"ImageObject\",\"inLanguage\":\"fr-FR\",\"@id\":\"https:\/\/www.cinesouk.ma\/product\/sony-fx3-easyrig-advanced-grip-kit\/#primaryimage\",\"url\":\"https:\/\/www.cinesouk.ma\/wp-content\/uploads\/2024\/02\/easyrig-fx3.jpg\",\"contentUrl\":\"https:\/\/www.cinesouk.ma\/wp-content\/uploads\/2024\/02\/easyrig-fx3.jpg\",\"width\":300,\"height\":238},{\"@type\":\"BreadcrumbList\",\"@id\":\"https:\/\/www.cinesouk.ma\/product\/sony-fx3-easyrig-advanced-grip-kit\/#breadcrumb\",\"itemListElement\":[{\"@type\":\"ListItem\",\"position\":1,\"name\":\"Home\",\"item\":\"https:\/\/www.cinesouk.ma\/\"},{\"@type\":\"ListItem\",\"position\":2,\"name\":\"Shop\",\"item\":\"https:\/\/www.cinesouk.ma\/shop\/\"},{\"@type\":\"ListItem\",\"position\":3,\"name\":\"Sony FX3 EasyRig Advanced Grip Kit\"}]},{\"@type\":\"WebSite\",\"@id\":\"https:\/\/www.cinesouk.ma\/#website\",\"url\":\"https:\/\/www.cinesouk.ma\/\",\"name\":\"CineSouk\",\"description\":\"\",\"publisher\":{\"@id\":\"https:\/\/www.cinesouk.ma\/#organization\"},\"potentialAction\":[{\"@type\":\"SearchAction\",\"target\":{\"@type\":\"EntryPoint\",\"urlTemplate\":\"https:\/\/www.cinesouk.ma\/?s={search_term_string}\"},\"query-input\":{\"@type\":\"PropertyValueSpecification\",\"valueRequired\":true,\"valueName\":\"search_term_string\"}}],\"inLanguage\":\"fr-FR\"},{\"@type\":\"Organization\",\"@id\":\"https:\/\/www.cinesouk.ma\/#organization\",\"name\":\"CineSouk\",\"url\":\"https:\/\/www.cinesouk.ma\/\",\"logo\":{\"@type\":\"ImageObject\",\"inLanguage\":\"fr-FR\",\"@id\":\"https:\/\/www.cinesouk.ma\/#\/schema\/logo\/image\/\",\"url\":\"https:\/\/www.cinesouk.ma\/wp-content\/uploads\/2024\/01\/CineSouk-logo-v01-alpha-alligned-left.png\",\"contentUrl\":\"https:\/\/www.cinesouk.ma\/wp-content\/uploads\/2024\/01\/CineSouk-logo-v01-alpha-alligned-left.png\",\"width\":3204,\"height\":889,\"caption\":\"CineSouk\"},\"image\":{\"@id\":\"https:\/\/www.cinesouk.ma\/#\/schema\/logo\/image\/\"}}]}<\/script>\n<!-- \/ Yoast SEO Premium plugin. -->","yoast_head_json":{"title":"Sony FX3 EasyRig Advanced Grip Kit - Camera - Marrakech - CineSouk - For rent","description":"Rent our Sony FX3 EasyRig Advanced Grip Kit with Easyrig Minimax, Tilta Advanced Grip, lens of choice, CFe memory cards, and NP-FZ100 batteries.","robots":{"index":"index","follow":"follow","max-snippet":"max-snippet:-1","max-image-preview":"max-image-preview:large","max-video-preview":"max-video-preview:-1"},"canonical":"https:\/\/www.cinesouk.ma\/fr\/produit\/sony-fx3-easyrig-advanced-grip-kit\/","og_locale":"fr_FR","og_type":"article","og_title":"Sony FX3 EasyRig Advanced Grip Kit","og_description":"Rent our Sony FX3 EasyRig Advanced Grip Kit with Easyrig Minimax, Tilta Advanced Grip, lens of choice, CFe memory cards, and NP-FZ100 batteries.","og_url":"https:\/\/www.cinesouk.ma\/fr\/produit\/sony-fx3-easyrig-advanced-grip-kit\/","og_site_name":"CineSouk","article_modified_time":"2025-08-28T08:29:28+00:00","og_image":[{"width":300,"height":238,"url":"https:\/\/www.cinesouk.ma\/wp-content\/uploads\/2024\/02\/easyrig-minimax.jpg","type":"image\/jpeg"}],"twitter_card":"summary_large_image","twitter_description":"Rent our Sony FX3 EasyRig Advanced Grip Kit with Easyrig Minimax, Tilta Advanced Grip, lens of choice, CFe memory cards, and NP-FZ100 batteries.","twitter_misc":{"Dur\u00e9e de lecture estim\u00e9e":"2 minutes"},"schema":{"@context":"https:\/\/schema.org","@graph":[{"@type":"WebPage","@id":"https:\/\/www.cinesouk.ma\/product\/sony-fx3-easyrig-advanced-grip-kit\/","url":"https:\/\/www.cinesouk.ma\/product\/sony-fx3-easyrig-advanced-grip-kit\/","name":"Sony FX3 EasyRig Advanced Grip Kit - Camera - Marrakech - CineSouk - For rent","isPartOf":{"@id":"https:\/\/www.cinesouk.ma\/#website"},"primaryImageOfPage":{"@id":"https:\/\/www.cinesouk.ma\/product\/sony-fx3-easyrig-advanced-grip-kit\/#primaryimage"},"image":{"@id":"https:\/\/www.cinesouk.ma\/product\/sony-fx3-easyrig-advanced-grip-kit\/#primaryimage"},"thumbnailUrl":"https:\/\/www.cinesouk.ma\/wp-content\/uploads\/2024\/02\/easyrig-fx3.jpg","datePublished":"2024-02-23T14:32:34+00:00","dateModified":"2025-08-28T08:29:28+00:00","description":"Rent our Sony FX3 EasyRig Advanced Grip Kit with Easyrig Minimax, Tilta Advanced Grip, lens of choice, CFe memory cards, and NP-FZ100 batteries.","breadcrumb":{"@id":"https:\/\/www.cinesouk.ma\/product\/sony-fx3-easyrig-advanced-grip-kit\/#breadcrumb"},"inLanguage":"fr-FR","potentialAction":[{"@type":"ReadAction","target":["https:\/\/www.cinesouk.ma\/product\/sony-fx3-easyrig-advanced-grip-kit\/"]}]},{"@type":"ImageObject","inLanguage":"fr-FR","@id":"https:\/\/www.cinesouk.ma\/product\/sony-fx3-easyrig-advanced-grip-kit\/#primaryimage","url":"https:\/\/www.cinesouk.ma\/wp-content\/uploads\/2024\/02\/easyrig-fx3.jpg","contentUrl":"https:\/\/www.cinesouk.ma\/wp-content\/uploads\/2024\/02\/easyrig-fx3.jpg","width":300,"height":238},{"@type":"BreadcrumbList","@id":"https:\/\/www.cinesouk.ma\/product\/sony-fx3-easyrig-advanced-grip-kit\/#breadcrumb","itemListElement":[{"@type":"ListItem","position":1,"name":"Home","item":"https:\/\/www.cinesouk.ma\/"},{"@type":"ListItem","position":2,"name":"Shop","item":"https:\/\/www.cinesouk.ma\/shop\/"},{"@type":"ListItem","position":3,"name":"Sony FX3 EasyRig Advanced Grip Kit"}]},{"@type":"WebSite","@id":"https:\/\/www.cinesouk.ma\/#website","url":"https:\/\/www.cinesouk.ma\/","name":"CineSouk","description":"","publisher":{"@id":"https:\/\/www.cinesouk.ma\/#organization"},"potentialAction":[{"@type":"SearchAction","target":{"@type":"EntryPoint","urlTemplate":"https:\/\/www.cinesouk.ma\/?s={search_term_string}"},"query-input":{"@type":"PropertyValueSpecification","valueRequired":true,"valueName":"search_term_string"}}],"inLanguage":"fr-FR"},{"@type":"Organization","@id":"https:\/\/www.cinesouk.ma\/#organization","name":"CineSouk","url":"https:\/\/www.cinesouk.ma\/","logo":{"@type":"ImageObject","inLanguage":"fr-FR","@id":"https:\/\/www.cinesouk.ma\/#\/schema\/logo\/image\/","url":"https:\/\/www.cinesouk.ma\/wp-content\/uploads\/2024\/01\/CineSouk-logo-v01-alpha-alligned-left.png","contentUrl":"https:\/\/www.cinesouk.ma\/wp-content\/uploads\/2024\/01\/CineSouk-logo-v01-alpha-alligned-left.png","width":3204,"height":889,"caption":"CineSouk"},"image":{"@id":"https:\/\/www.cinesouk.ma\/#\/schema\/logo\/image\/"}}]}},"_links":{"self":[{"href":"https:\/\/www.cinesouk.ma\/fr\/wp-json\/wp\/v2\/product\/6483","targetHints":{"allow":["GET"]}}],"collection":[{"href":"https:\/\/www.cinesouk.ma\/fr\/wp-json\/wp\/v2\/product"}],"about":[{"href":"https:\/\/www.cinesouk.ma\/fr\/wp-json\/wp\/v2\/types\/product"}],"wp:featuredmedia":[{"embeddable":true,"href":"https:\/\/www.cinesouk.ma\/fr\/wp-json\/wp\/v2\/media\/14451"}],"wp:attachment":[{"href":"https:\/\/www.cinesouk.ma\/fr\/wp-json\/wp\/v2\/media?parent=6483"}],"wp:term":[{"taxonomy":"product_brand","embeddable":true,"href":"https:\/\/www.cinesouk.ma\/fr\/wp-json\/wp\/v2\/product_brand?post=6483"},{"taxonomy":"product_cat","embeddable":true,"href":"https:\/\/www.cinesouk.ma\/fr\/wp-json\/wp\/v2\/product_cat?post=6483"},{"taxonomy":"product_tag","embeddable":true,"href":"https:\/\/www.cinesouk.ma\/fr\/wp-json\/wp\/v2\/product_tag?post=6483"}],"curies":[{"name":"wp","href":"https:\/\/api.w.org\/{rel}","templated":true}]}}