{"id":650,"date":"2024-01-09T10:27:29","date_gmt":"2024-01-09T10:27:29","guid":{"rendered":"https:\/\/www.cinesouk.ma\/?post_type=product&#038;p=650"},"modified":"2026-01-24T11:53:32","modified_gmt":"2026-01-24T11:53:32","slug":"qsc-k12-2-set","status":"publish","type":"product","link":"https:\/\/www.cinesouk.ma\/fr\/produit\/qsc-k12-2-set\/","title":{"rendered":"Ensemble QSC K12.2"},"content":{"rendered":"<p>L'enceinte active QSC K12.2 est la plus grande et dispose d'un woofer de 12 pouces aliment\u00e9 par un amplificateur de classe D d\u00e9livrant 2000 watts de puissance. Gr\u00e2ce \u00e0 sa fonction 2 voies, elle peut \u00eatre utilis\u00e9e comme enceinte large bande dans un syst\u00e8me de sonorisation, mais aussi comme moniteur de sol gr\u00e2ce \u00e0 son c\u00f4t\u00e9 inclin\u00e9. Deux entr\u00e9es combo XLR\/TRS vous permettent de connecter \u00e0 la fois un microphone et un instrument, ou de le relier \u00e0 votre console de mixage. Le QSC K12.2 contient trois sorties qui vous permettent de boucler l'une des deux entr\u00e9es ou les trois \u00e0 la fois. En fait, vous disposez \u00e9galement d'une prise jack 3,5 mm pour un lecteur MP3 ou un t\u00e9l\u00e9phone, par exemple.<\/p>\n<h4 class=\"fx-headline fx-headline--3 fx-space-bottom--m\">Caract\u00e9ristiques du haut-parleur actif 2 voies \u00e0 gamme compl\u00e8te :<\/h4>\n<ul class=\"fx-list product-text__list\">\n<li class=\"fx-list__item list-item fx-list__item--circle\"><span class=\"fx-text fx-text--plus list-item__text\">Module amplificateur de classe D de 2000 W<\/span><\/li>\n<li class=\"fx-list__item list-item fx-list__item--circle\"><span class=\"fx-text fx-text--plus list-item__text\">Configuration des haut-parleurs : 12\u2033 Woofer, 1.4\u2033 Titanium diaphragm compression driver<\/span><\/li>\n<li class=\"fx-list__item list-item fx-list__item--circle\"><span class=\"fx-text fx-text--plus list-item__text\">Angle de couverture nominal : 75\u00b0 Axisym\u00e9trique<\/span><\/li>\n<li class=\"fx-list__item list-item fx-list__item--circle\"><span class=\"fx-text fx-text--plus list-item__text\">45 x 25,4 mm Affichage multifonctions \/ 2 touches de s\u00e9lection<\/span><\/li>\n<li class=\"fx-list__item list-item fx-list__item--circle\"><span class=\"fx-text fx-text--plus list-item__text\">Pr\u00e9r\u00e9glages\/EQ pr\u00e9r\u00e9gl\u00e9s : Live\/Dance\/Moniteur\/Voix\/Guitare acoustique\/Guitare basse\/Microphone \u00e0 main\/Microphone casque, etc.<\/span><\/li>\n<li class=\"fx-list__item list-item fx-list__item--circle\"><span class=\"fx-text fx-text--plus list-item__text\">Les sc\u00e8nes peuvent \u00eatre stock\u00e9es et rappel\u00e9es : EQ utilisateur\/Delay\/Crossover\/S\u00e9lection d'entr\u00e9e<\/span><\/li>\n<li class=\"fx-list__item list-item fx-list__item--circle\"><span class=\"fx-text fx-text--plus list-item__text\">DSP haute performance - Corrige la distorsion non lin\u00e9aire<\/span><\/li>\n<li class=\"fx-list__item list-item fx-list__item--circle\"><span class=\"fx-text fx-text--plus list-item__text\">Gamme de fr\u00e9quences (-10 dB) : 45 - 20 000 Hz<\/span><\/li>\n<li class=\"fx-list__item list-item fx-list__item--circle\"><span class=\"fx-text fx-text--plus list-item__text\">SPL nominal maximal \u00e0 1 m (niveau de pression acoustique) : 132 dB<\/span><\/li>\n<li class=\"fx-list__item list-item fx-list__item--circle\"><span class=\"fx-text fx-text--plus list-item__text\">Entr\u00e9e du canal A : 1 prise combin\u00e9e XLR\/Jack<\/span><\/li>\n<li class=\"fx-list__item list-item fx-list__item--circle\"><span class=\"fx-text fx-text--plus list-item__text\">Entr\u00e9e micro\/ligne (commutable)<\/span><\/li>\n<li class=\"fx-list__item list-item fx-list__item--circle\"><span class=\"fx-text fx-text--plus list-item__text\">Contr\u00f4le du gain<\/span><\/li>\n<li class=\"fx-list__item list-item fx-list__item--circle\"><span class=\"fx-text fx-text--plus list-item__text\">Sortie LED du signal du canal A : 1 x XLR<\/span><\/li>\n<li class=\"fx-list__item list-item fx-list__item--circle\"><span class=\"fx-text fx-text--plus list-item__text\">Entr\u00e9e du canal B : 1 prise combin\u00e9e XLR\/Jack et entr\u00e9e Hi-Z\/ligne (commutable)<\/span><\/li>\n<li class=\"fx-list__item list-item fx-list__item--circle\"><span class=\"fx-text fx-text--plus list-item__text\">Contr\u00f4le du gain<\/span><\/li>\n<li class=\"fx-list__item list-item fx-list__item--circle\"><span class=\"fx-text fx-text--plus list-item__text\">Signal LED sortie canal B : 1 x XLR<\/span><\/li>\n<li class=\"fx-list__item list-item fx-list__item--circle\"><span class=\"fx-text fx-text--plus list-item__text\">Entr\u00e9e du canal C : 1 prise st\u00e9r\u00e9o de 3,5 mm<\/span><\/li>\n<li class=\"fx-list__item list-item fx-list__item--circle\"><span class=\"fx-text fx-text--plus list-item__text\">Contr\u00f4le du gain<\/span><\/li>\n<li class=\"fx-list__item list-item fx-list__item--circle\"><span class=\"fx-text fx-text--plus list-item__text\">LED de signalisation<\/span><\/li>\n<li class=\"fx-list__item list-item fx-list__item--circle\"><span class=\"fx-text fx-text--plus list-item__text\">M\u00e9langeur \u00e0 3 canaux : Sortie mixage (post-gain) : 1 x XLR<\/span><\/li>\n<li class=\"fx-list__item list-item fx-list__item--circle\"><span class=\"fx-text fx-text--plus list-item__text\">Angle du moniteur : 55\u00b0 ; peut \u00e9galement \u00eatre utilis\u00e9 comme moniteur de sol<\/span><\/li>\n<li class=\"fx-list__item list-item fx-list__item--circle\"><span class=\"fx-text fx-text--plus list-item__text\">35 mm Support pour haut-parleur avec inclinaison de 0\u00b0 (standard) ou -7,5\u00b0 (inclinaison vers le bas)<\/span><\/li>\n<li class=\"fx-list__item list-item fx-list__item--circle\"><span class=\"fx-text fx-text--plus list-item__text\">Grille de haut-parleur en acier peint par poudrage<\/span><\/li>\n<li class=\"fx-list__item list-item fx-list__item--circle\"><span class=\"fx-text fx-text--plus list-item__text\">Bo\u00eetier l\u00e9ger en ABS r\u00e9sistant aux chocs\/poign\u00e9es ergonomiques<\/span><\/li>\n<li class=\"fx-list__item list-item fx-list__item--circle\"><span class=\"fx-text fx-text--plus list-item__text\">Points de fixation : 2 inserts filet\u00e9s M10 avec \u0153illets Pull-Back int\u00e9gr\u00e9s<\/span><\/li>\n<li class=\"fx-list__item list-item fx-list__item--circle\"><span class=\"fx-text fx-text--plus list-item__text\">Cordon d'alimentation \u00e0 verrouillage V-LOCK pour un fonctionnement s\u00fbr (C13\/Schuko)<\/span><\/li>\n<li class=\"fx-list__item list-item fx-list__item--circle\"><span class=\"fx-text fx-text--plus list-item__text\">Faible consommation de courant - Plusieurs enceintes de la s\u00e9rie K.2 peuvent \u00eatre aliment\u00e9es par une seule ligne standard de 10A\/230V.<\/span><\/li>\n<li class=\"fx-list__item list-item fx-list__item--circle\"><span class=\"fx-text fx-text--plus list-item__text\">Dimensions (H x L x P) : 602 x 356 x 350 mm<\/span><\/li>\n<li class=\"fx-list__item list-item fx-list__item--circle\"><span class=\"fx-text fx-text--plus list-item__text\">Poids : 17,4 kg<\/span><\/li>\n<\/ul>\n<p>Louez-le maintenant sur <a href=\"https:\/\/www.cinesouk.ma\/fr\">CINESOUK<\/a> - une marque de <a href=\"https:\/\/www.broadway.ma\/\">BROADWAY PRODUCTIONS SARL.<\/a><\/p>","protected":false},"excerpt":{"rendered":"<h2><strong>Sp\u00e9cifications<\/strong><\/h2>\n<p><span data-sheets-value=\"{&quot;1&quot;:2,&quot;2&quot;:&quot;Max Frequency: 20 - 20.9 KHz\\nMin Frequency: 50 - 59 Hz\\nMax SPL: 130 dB - 139 dB\\nWatt: 1500 - 3000 W\\nInputs: XLR, TRS mini, TRS jack \\nOutputs: XLR\\nDimensions: 48 x 46.8 x 65.5 cm&quot;}\" data-sheets-userformat=\"{&quot;2&quot;:9153,&quot;3&quot;:{&quot;1&quot;:0},&quot;9&quot;:1,&quot;10&quot;:1,&quot;11&quot;:4,&quot;12&quot;:0,&quot;16&quot;:10}\" data-sheets-textstyleruns=\"{&quot;1&quot;:0,&quot;2&quot;:{&quot;5&quot;:1}}\uee10{&quot;1&quot;:14}\uee10{&quot;1&quot;:29,&quot;2&quot;:{&quot;5&quot;:1}}\uee10{&quot;1&quot;:44}\uee10{&quot;1&quot;:55,&quot;2&quot;:{&quot;5&quot;:1}}\uee10{&quot;1&quot;:64}\uee10{&quot;1&quot;:80,&quot;2&quot;:{&quot;5&quot;:1}}\uee10{&quot;1&quot;:86}\uee10{&quot;1&quot;:100,&quot;2&quot;:{&quot;5&quot;:1}}\uee10{&quot;1&quot;:108}\uee10{&quot;1&quot;:133,&quot;2&quot;:{&quot;5&quot;:1}}\uee10{&quot;1&quot;:142}\uee10{&quot;1&quot;:146,&quot;2&quot;:{&quot;5&quot;:1}}\uee10{&quot;1&quot;:158}\"><strong>Fr\u00e9quence maximale :<\/strong> 20 - 20,9 KHz<br \/>\n<strong>Fr\u00e9quence minimale :<\/strong> 50 - 59 Hz<br \/>\n<strong>SPL max :<\/strong> 130 dB - 139 dB<br \/>\n<strong>Watt :<\/strong> 1500 - 3000 W<br \/>\n<strong>Entr\u00e9es :<\/strong> XLR, TRS mini, TRS jack<br \/>\n<strong>Sorties :<\/strong> XLR<br \/>\n<strong>Dimensions<\/strong>: 48 x 46,8 x 65,5 cm<\/span><\/p>\n<p>&nbsp;<\/p>","protected":false},"featured_media":671,"template":"","meta":{"om_disable_all_campaigns":false,"_monsterinsights_skip_tracking":false,"_monsterinsights_sitenote_active":false,"_monsterinsights_sitenote_note":"","_monsterinsights_sitenote_category":0,"_uf_show_specific_survey":0,"_uf_disable_surveys":false},"product_brand":[],"product_cat":[90,86,92,35],"product_tag":[],"class_list":{"0":"post-650","1":"product","2":"type-product","3":"status-publish","4":"has-post-thumbnail","6":"product_cat-djparty-cinesouk","7":"product_cat-foh-cinesouk","8":"product_cat-pa-systems-eventsouk","9":"product_cat-sound-cinesouk","11":"entry","12":"has-media","14":"first","15":"instock","16":"taxable","17":"shipping-taxable","18":"purchasable","19":"product-type-variable","20":"has-product-nav","21":"col","22":"span_1_of_3","23":"owp-content-center","24":"owp-thumbs-layout-horizontal","25":"owp-btn-normal","26":"owp-tabs-layout-horizontal","27":"has-no-thumbnails"},"yoast_head":"<!-- This site is optimized with the Yoast SEO Premium plugin v26.0 (Yoast SEO v26.0) - https:\/\/yoast.com\/wordpress\/plugins\/seo\/ -->\n<title>QSC K12.2 set - CineSouk - Marrakech | Morocco - For rent<\/title>\n<meta name=\"description\" content=\"The QSC K12.2 active speaker is the largest and features a 12-inch woofer driven by a Class D amplifier that delivers 2000 watts of power.\" \/>\n<meta name=\"robots\" content=\"index, follow, max-snippet:-1, max-image-preview:large, max-video-preview:-1\" \/>\n<link rel=\"canonical\" href=\"https:\/\/www.cinesouk.ma\/fr\/produit\/qsc-k12-2-set\/\" \/>\n<meta property=\"og:locale\" content=\"fr_FR\" \/>\n<meta property=\"og:type\" content=\"article\" \/>\n<meta property=\"og:title\" content=\"QSC K12.2 set\" \/>\n<meta property=\"og:description\" content=\"The QSC K12.2 active speaker is the largest and features a 12-inch woofer driven by a Class D amplifier that delivers 2000 watts of power.\" \/>\n<meta property=\"og:url\" content=\"https:\/\/www.cinesouk.ma\/fr\/produit\/qsc-k12-2-set\/\" \/>\n<meta property=\"og:site_name\" content=\"CineSouk\" \/>\n<meta property=\"article:modified_time\" content=\"2026-01-24T11:53:32+00:00\" \/>\n<meta property=\"og:image\" content=\"https:\/\/www.cinesouk.ma\/wp-content\/uploads\/2024\/01\/QSC-K-12.2-Set.jpg\" \/>\n\t<meta property=\"og:image:width\" content=\"300\" \/>\n\t<meta property=\"og:image:height\" content=\"238\" \/>\n\t<meta property=\"og:image:type\" content=\"image\/jpeg\" \/>\n<meta name=\"twitter:card\" content=\"summary_large_image\" \/>\n<meta name=\"twitter:description\" content=\"The QSC K12.2 active speaker is the largest and features a 12-inch woofer driven by a Class D amplifier that delivers 2000 watts of power.\" \/>\n<meta name=\"twitter:label1\" content=\"Dur\u00e9e de lecture estim\u00e9e\" \/>\n\t<meta name=\"twitter:data1\" content=\"2 minutes\" \/>\n<script type=\"application\/ld+json\" class=\"yoast-schema-graph\">{\"@context\":\"https:\/\/schema.org\",\"@graph\":[{\"@type\":\"WebPage\",\"@id\":\"https:\/\/www.cinesouk.ma\/product\/qsc-k12-2-set\/\",\"url\":\"https:\/\/www.cinesouk.ma\/product\/qsc-k12-2-set\/\",\"name\":\"QSC K12.2 set - CineSouk - Marrakech | Morocco - For rent\",\"isPartOf\":{\"@id\":\"https:\/\/www.cinesouk.ma\/#website\"},\"primaryImageOfPage\":{\"@id\":\"https:\/\/www.cinesouk.ma\/product\/qsc-k12-2-set\/#primaryimage\"},\"image\":{\"@id\":\"https:\/\/www.cinesouk.ma\/product\/qsc-k12-2-set\/#primaryimage\"},\"thumbnailUrl\":\"https:\/\/www.cinesouk.ma\/wp-content\/uploads\/2024\/01\/QSC-K-12.2-Set.jpg\",\"datePublished\":\"2024-01-09T10:27:29+00:00\",\"dateModified\":\"2026-01-24T11:53:32+00:00\",\"description\":\"The QSC K12.2 active speaker is the largest and features a 12-inch woofer driven by a Class D amplifier that delivers 2000 watts of power.\",\"breadcrumb\":{\"@id\":\"https:\/\/www.cinesouk.ma\/product\/qsc-k12-2-set\/#breadcrumb\"},\"inLanguage\":\"fr-FR\",\"potentialAction\":[{\"@type\":\"ReadAction\",\"target\":[\"https:\/\/www.cinesouk.ma\/product\/qsc-k12-2-set\/\"]}]},{\"@type\":\"ImageObject\",\"inLanguage\":\"fr-FR\",\"@id\":\"https:\/\/www.cinesouk.ma\/product\/qsc-k12-2-set\/#primaryimage\",\"url\":\"https:\/\/www.cinesouk.ma\/wp-content\/uploads\/2024\/01\/QSC-K-12.2-Set.jpg\",\"contentUrl\":\"https:\/\/www.cinesouk.ma\/wp-content\/uploads\/2024\/01\/QSC-K-12.2-Set.jpg\",\"width\":300,\"height\":238},{\"@type\":\"BreadcrumbList\",\"@id\":\"https:\/\/www.cinesouk.ma\/product\/qsc-k12-2-set\/#breadcrumb\",\"itemListElement\":[{\"@type\":\"ListItem\",\"position\":1,\"name\":\"Home\",\"item\":\"https:\/\/www.cinesouk.ma\/\"},{\"@type\":\"ListItem\",\"position\":2,\"name\":\"Shop\",\"item\":\"https:\/\/www.cinesouk.ma\/shop\/\"},{\"@type\":\"ListItem\",\"position\":3,\"name\":\"QSC K12.2 set\"}]},{\"@type\":\"WebSite\",\"@id\":\"https:\/\/www.cinesouk.ma\/#website\",\"url\":\"https:\/\/www.cinesouk.ma\/\",\"name\":\"CineSouk\",\"description\":\"\",\"publisher\":{\"@id\":\"https:\/\/www.cinesouk.ma\/#organization\"},\"potentialAction\":[{\"@type\":\"SearchAction\",\"target\":{\"@type\":\"EntryPoint\",\"urlTemplate\":\"https:\/\/www.cinesouk.ma\/?s={search_term_string}\"},\"query-input\":{\"@type\":\"PropertyValueSpecification\",\"valueRequired\":true,\"valueName\":\"search_term_string\"}}],\"inLanguage\":\"fr-FR\"},{\"@type\":\"Organization\",\"@id\":\"https:\/\/www.cinesouk.ma\/#organization\",\"name\":\"CineSouk\",\"url\":\"https:\/\/www.cinesouk.ma\/\",\"logo\":{\"@type\":\"ImageObject\",\"inLanguage\":\"fr-FR\",\"@id\":\"https:\/\/www.cinesouk.ma\/#\/schema\/logo\/image\/\",\"url\":\"https:\/\/www.cinesouk.ma\/wp-content\/uploads\/2024\/01\/CineSouk-logo-v01-alpha-alligned-left.png\",\"contentUrl\":\"https:\/\/www.cinesouk.ma\/wp-content\/uploads\/2024\/01\/CineSouk-logo-v01-alpha-alligned-left.png\",\"width\":3204,\"height\":889,\"caption\":\"CineSouk\"},\"image\":{\"@id\":\"https:\/\/www.cinesouk.ma\/#\/schema\/logo\/image\/\"}}]}<\/script>\n<!-- \/ Yoast SEO Premium plugin. -->","yoast_head_json":{"title":"QSC K12.2 set - CineSouk - Marrakech | Morocco - For rent","description":"The QSC K12.2 active speaker is the largest and features a 12-inch woofer driven by a Class D amplifier that delivers 2000 watts of power.","robots":{"index":"index","follow":"follow","max-snippet":"max-snippet:-1","max-image-preview":"max-image-preview:large","max-video-preview":"max-video-preview:-1"},"canonical":"https:\/\/www.cinesouk.ma\/fr\/produit\/qsc-k12-2-set\/","og_locale":"fr_FR","og_type":"article","og_title":"QSC K12.2 set","og_description":"The QSC K12.2 active speaker is the largest and features a 12-inch woofer driven by a Class D amplifier that delivers 2000 watts of power.","og_url":"https:\/\/www.cinesouk.ma\/fr\/produit\/qsc-k12-2-set\/","og_site_name":"CineSouk","article_modified_time":"2026-01-24T11:53:32+00:00","og_image":[{"width":300,"height":238,"url":"https:\/\/www.cinesouk.ma\/wp-content\/uploads\/2024\/01\/QSC-K-12.2-Set.jpg","type":"image\/jpeg"}],"twitter_card":"summary_large_image","twitter_description":"The QSC K12.2 active speaker is the largest and features a 12-inch woofer driven by a Class D amplifier that delivers 2000 watts of power.","twitter_misc":{"Dur\u00e9e de lecture estim\u00e9e":"2 minutes"},"schema":{"@context":"https:\/\/schema.org","@graph":[{"@type":"WebPage","@id":"https:\/\/www.cinesouk.ma\/product\/qsc-k12-2-set\/","url":"https:\/\/www.cinesouk.ma\/product\/qsc-k12-2-set\/","name":"QSC K12.2 set - CineSouk - Marrakech | Morocco - For rent","isPartOf":{"@id":"https:\/\/www.cinesouk.ma\/#website"},"primaryImageOfPage":{"@id":"https:\/\/www.cinesouk.ma\/product\/qsc-k12-2-set\/#primaryimage"},"image":{"@id":"https:\/\/www.cinesouk.ma\/product\/qsc-k12-2-set\/#primaryimage"},"thumbnailUrl":"https:\/\/www.cinesouk.ma\/wp-content\/uploads\/2024\/01\/QSC-K-12.2-Set.jpg","datePublished":"2024-01-09T10:27:29+00:00","dateModified":"2026-01-24T11:53:32+00:00","description":"The QSC K12.2 active speaker is the largest and features a 12-inch woofer driven by a Class D amplifier that delivers 2000 watts of power.","breadcrumb":{"@id":"https:\/\/www.cinesouk.ma\/product\/qsc-k12-2-set\/#breadcrumb"},"inLanguage":"fr-FR","potentialAction":[{"@type":"ReadAction","target":["https:\/\/www.cinesouk.ma\/product\/qsc-k12-2-set\/"]}]},{"@type":"ImageObject","inLanguage":"fr-FR","@id":"https:\/\/www.cinesouk.ma\/product\/qsc-k12-2-set\/#primaryimage","url":"https:\/\/www.cinesouk.ma\/wp-content\/uploads\/2024\/01\/QSC-K-12.2-Set.jpg","contentUrl":"https:\/\/www.cinesouk.ma\/wp-content\/uploads\/2024\/01\/QSC-K-12.2-Set.jpg","width":300,"height":238},{"@type":"BreadcrumbList","@id":"https:\/\/www.cinesouk.ma\/product\/qsc-k12-2-set\/#breadcrumb","itemListElement":[{"@type":"ListItem","position":1,"name":"Home","item":"https:\/\/www.cinesouk.ma\/"},{"@type":"ListItem","position":2,"name":"Shop","item":"https:\/\/www.cinesouk.ma\/shop\/"},{"@type":"ListItem","position":3,"name":"QSC K12.2 set"}]},{"@type":"WebSite","@id":"https:\/\/www.cinesouk.ma\/#website","url":"https:\/\/www.cinesouk.ma\/","name":"CineSouk","description":"","publisher":{"@id":"https:\/\/www.cinesouk.ma\/#organization"},"potentialAction":[{"@type":"SearchAction","target":{"@type":"EntryPoint","urlTemplate":"https:\/\/www.cinesouk.ma\/?s={search_term_string}"},"query-input":{"@type":"PropertyValueSpecification","valueRequired":true,"valueName":"search_term_string"}}],"inLanguage":"fr-FR"},{"@type":"Organization","@id":"https:\/\/www.cinesouk.ma\/#organization","name":"CineSouk","url":"https:\/\/www.cinesouk.ma\/","logo":{"@type":"ImageObject","inLanguage":"fr-FR","@id":"https:\/\/www.cinesouk.ma\/#\/schema\/logo\/image\/","url":"https:\/\/www.cinesouk.ma\/wp-content\/uploads\/2024\/01\/CineSouk-logo-v01-alpha-alligned-left.png","contentUrl":"https:\/\/www.cinesouk.ma\/wp-content\/uploads\/2024\/01\/CineSouk-logo-v01-alpha-alligned-left.png","width":3204,"height":889,"caption":"CineSouk"},"image":{"@id":"https:\/\/www.cinesouk.ma\/#\/schema\/logo\/image\/"}}]}},"_links":{"self":[{"href":"https:\/\/www.cinesouk.ma\/fr\/wp-json\/wp\/v2\/product\/650","targetHints":{"allow":["GET"]}}],"collection":[{"href":"https:\/\/www.cinesouk.ma\/fr\/wp-json\/wp\/v2\/product"}],"about":[{"href":"https:\/\/www.cinesouk.ma\/fr\/wp-json\/wp\/v2\/types\/product"}],"wp:featuredmedia":[{"embeddable":true,"href":"https:\/\/www.cinesouk.ma\/fr\/wp-json\/wp\/v2\/media\/671"}],"wp:attachment":[{"href":"https:\/\/www.cinesouk.ma\/fr\/wp-json\/wp\/v2\/media?parent=650"}],"wp:term":[{"taxonomy":"product_brand","embeddable":true,"href":"https:\/\/www.cinesouk.ma\/fr\/wp-json\/wp\/v2\/product_brand?post=650"},{"taxonomy":"product_cat","embeddable":true,"href":"https:\/\/www.cinesouk.ma\/fr\/wp-json\/wp\/v2\/product_cat?post=650"},{"taxonomy":"product_tag","embeddable":true,"href":"https:\/\/www.cinesouk.ma\/fr\/wp-json\/wp\/v2\/product_tag?post=650"}],"curies":[{"name":"wp","href":"https:\/\/api.w.org\/{rel}","templated":true}]}}