{"id":6525,"date":"2024-03-28T09:21:03","date_gmt":"2024-03-28T09:21:03","guid":{"rendered":"https:\/\/www.cinesouk.ma\/?post_type=product&#038;p=6525"},"modified":"2026-01-31T14:26:01","modified_gmt":"2026-01-31T14:26:01","slug":"foldable-makeup-chair","status":"publish","type":"product","link":"https:\/\/www.cinesouk.ma\/fr\/produit\/foldable-makeup-chair\/","title":{"rendered":"Foldable Makeup Chair (high)"},"content":{"rendered":"<p>Con\u00e7ue dans un souci de commodit\u00e9 et de confort, la chaise de maquillage pliable pr\u00e9sente un design \u00e0 la fois robuste et l\u00e9ger. Sa structure pliable permet de la transporter et de la ranger facilement, ce qui la rend id\u00e9ale pour les tournages sur place et les \u00e9v\u00e9nements. L'assise et le dossier rembourr\u00e9s de la chaise assurent le confort pendant les longues s\u00e9ances, tandis que sa construction durable garantit la fiabilit\u00e9. Le si\u00e8ge est id\u00e9al comme chaise pour les acteurs et les r\u00e9alisateurs ou comme chaise de maquillage.<\/p>\n<ul>\n<li><strong>Conception portative :<\/strong> Facilement pliable pour un rangement et un transport compacts, il est id\u00e9al pour les maquilleurs en d\u00e9placement.<\/li>\n<li><strong>Construction robuste :<\/strong> Fabriqu\u00e9 avec des mat\u00e9riaux de haute qualit\u00e9 pour assurer la stabilit\u00e9 et le soutien, m\u00eame sur des surfaces irr\u00e9guli\u00e8res.<\/li>\n<li><strong>Si\u00e8ges confortables :<\/strong> L'assise et le dossier sont rembourr\u00e9s pour un confort optimal lors d'une utilisation prolong\u00e9e.<\/li>\n<li><strong>Hauteur r\u00e9glable :<\/strong> La hauteur est r\u00e9glable pour s'adapter aux diff\u00e9rentes stations de maquillage et aux pr\u00e9f\u00e9rences de travail.<\/li>\n<li><strong>Pochette lat\u00e9rale pratique :<\/strong> Comprend une pochette lat\u00e9rale pour ranger les pinceaux, les outils et les accessoires de maquillage \u00e0 port\u00e9e de main.<\/li>\n<li><strong>Installation facile :<\/strong> Assemblage rapide et simple, permettant une utilisation imm\u00e9diate sans aucun probl\u00e8me.<\/li>\n<li><strong>Apparence professionnelle :<\/strong> Le design \u00e9pur\u00e9 et \u00e9l\u00e9gant ajoute une touche de professionnalisme \u00e0 toute installation de maquillage ou \u00e0 tout \u00e9v\u00e9nement.<\/li>\n<li><strong>Utilisation polyvalente :<\/strong> Convient aux maquilleurs, aux coiffeurs, aux salons de beaut\u00e9, aux s\u00e9ances photo, aux \u00e9v\u00e9nements, etc.<\/li>\n<\/ul>\n<p>Louez notre chaise de maquillage pliable maintenant \u00e0 <a href=\"https:\/\/www.cinesouk.ma\/fr\">CINESOUK<\/a> - une marque de <a href=\"https:\/\/www.broadway.ma\/\">BROADWAY PRODUCTIONS SARL.<\/a><\/p>","protected":false},"excerpt":{"rendered":"<p>Sp\u00e9cifications :<\/p>\n<p>Chaise de maquillage en bois massif<br \/>\nLe corps principal est en rondins, robuste, tr\u00e8s solide et r\u00e9sistant \u00e0 la corrosion.<br \/>\nLe tapis du dossier est fabriqu\u00e9 en toile \u00e0 haute densit\u00e9.<br \/>\nRepose-pieds amovible<\/p>","protected":false},"featured_media":6536,"template":"","meta":{"om_disable_all_campaigns":false,"_monsterinsights_skip_tracking":false,"_monsterinsights_sitenote_active":false,"_monsterinsights_sitenote_note":"","_monsterinsights_sitenote_category":0,"_uf_show_specific_survey":0,"_uf_disable_surveys":false},"product_brand":[],"product_cat":[62],"product_tag":[],"class_list":{"0":"post-6525","1":"product","2":"type-product","3":"status-publish","4":"has-post-thumbnail","6":"product_cat-styling-and-mu-cinesouk","8":"entry","9":"has-media","11":"first","12":"instock","13":"taxable","14":"shipping-taxable","15":"purchasable","16":"product-type-variable","17":"has-product-nav","18":"col","19":"span_1_of_3","20":"owp-content-center","21":"owp-thumbs-layout-horizontal","22":"owp-btn-normal","23":"owp-tabs-layout-horizontal","24":"has-no-thumbnails"},"yoast_head":"<!-- This site is optimized with the Yoast SEO Premium plugin v26.0 (Yoast SEO v26.0) - https:\/\/yoast.com\/wordpress\/plugins\/seo\/ -->\n<title>Foldable Makeup Chair (high) - CineSouk - For rent<\/title>\n<meta name=\"description\" content=\"Elevate your makeup sessions with the Foldable Makeup Chair. Portable elegance for beauty professionals on the move. - CineSouk\" \/>\n<meta name=\"robots\" content=\"index, follow, max-snippet:-1, max-image-preview:large, max-video-preview:-1\" \/>\n<link rel=\"canonical\" href=\"https:\/\/www.cinesouk.ma\/fr\/produit\/foldable-makeup-chair\/\" \/>\n<meta property=\"og:locale\" content=\"fr_FR\" \/>\n<meta property=\"og:type\" content=\"article\" \/>\n<meta property=\"og:title\" content=\"Foldable Makeup Chair (high)\" \/>\n<meta property=\"og:description\" content=\"Elevate your makeup sessions with the Foldable Makeup Chair. Portable elegance for beauty professionals on the move. - CineSouk\" \/>\n<meta property=\"og:url\" content=\"https:\/\/www.cinesouk.ma\/fr\/produit\/foldable-makeup-chair\/\" \/>\n<meta property=\"og:site_name\" content=\"CineSouk\" \/>\n<meta property=\"article:modified_time\" content=\"2026-01-31T14:26:01+00:00\" \/>\n<meta property=\"og:image\" content=\"https:\/\/www.cinesouk.ma\/wp-content\/uploads\/2024\/03\/make-up-chairs.jpg\" \/>\n\t<meta property=\"og:image:width\" content=\"300\" \/>\n\t<meta property=\"og:image:height\" content=\"238\" \/>\n\t<meta property=\"og:image:type\" content=\"image\/jpeg\" \/>\n<meta name=\"twitter:card\" content=\"summary_large_image\" \/>\n<meta name=\"twitter:description\" content=\"Elevate your makeup sessions with the Foldable Makeup Chair. Portable elegance for beauty professionals on the move. - CineSouk\" \/>\n<meta name=\"twitter:label1\" content=\"Dur\u00e9e de lecture estim\u00e9e\" \/>\n\t<meta name=\"twitter:data1\" content=\"2 minutes\" \/>\n<script type=\"application\/ld+json\" class=\"yoast-schema-graph\">{\"@context\":\"https:\/\/schema.org\",\"@graph\":[{\"@type\":\"WebPage\",\"@id\":\"https:\/\/www.cinesouk.ma\/product\/foldable-makeup-chair\/\",\"url\":\"https:\/\/www.cinesouk.ma\/product\/foldable-makeup-chair\/\",\"name\":\"Foldable Makeup Chair (high) - CineSouk - For rent\",\"isPartOf\":{\"@id\":\"https:\/\/www.cinesouk.ma\/#website\"},\"primaryImageOfPage\":{\"@id\":\"https:\/\/www.cinesouk.ma\/product\/foldable-makeup-chair\/#primaryimage\"},\"image\":{\"@id\":\"https:\/\/www.cinesouk.ma\/product\/foldable-makeup-chair\/#primaryimage\"},\"thumbnailUrl\":\"https:\/\/www.cinesouk.ma\/wp-content\/uploads\/2024\/03\/make-up-chairs.jpg\",\"datePublished\":\"2024-03-28T09:21:03+00:00\",\"dateModified\":\"2026-01-31T14:26:01+00:00\",\"description\":\"Elevate your makeup sessions with the Foldable Makeup Chair. Portable elegance for beauty professionals on the move. - CineSouk\",\"breadcrumb\":{\"@id\":\"https:\/\/www.cinesouk.ma\/product\/foldable-makeup-chair\/#breadcrumb\"},\"inLanguage\":\"fr-FR\",\"potentialAction\":[{\"@type\":\"ReadAction\",\"target\":[\"https:\/\/www.cinesouk.ma\/product\/foldable-makeup-chair\/\"]}]},{\"@type\":\"ImageObject\",\"inLanguage\":\"fr-FR\",\"@id\":\"https:\/\/www.cinesouk.ma\/product\/foldable-makeup-chair\/#primaryimage\",\"url\":\"https:\/\/www.cinesouk.ma\/wp-content\/uploads\/2024\/03\/make-up-chairs.jpg\",\"contentUrl\":\"https:\/\/www.cinesouk.ma\/wp-content\/uploads\/2024\/03\/make-up-chairs.jpg\",\"width\":300,\"height\":238,\"caption\":\"Foldable Makeup Chair - Portable and Professional Seating for Makeup Artists. Available at Cinesouk, Marrakech.\"},{\"@type\":\"BreadcrumbList\",\"@id\":\"https:\/\/www.cinesouk.ma\/product\/foldable-makeup-chair\/#breadcrumb\",\"itemListElement\":[{\"@type\":\"ListItem\",\"position\":1,\"name\":\"Home\",\"item\":\"https:\/\/www.cinesouk.ma\/\"},{\"@type\":\"ListItem\",\"position\":2,\"name\":\"Shop\",\"item\":\"https:\/\/www.cinesouk.ma\/shop\/\"},{\"@type\":\"ListItem\",\"position\":3,\"name\":\"Foldable Makeup Chair (high)\"}]},{\"@type\":\"WebSite\",\"@id\":\"https:\/\/www.cinesouk.ma\/#website\",\"url\":\"https:\/\/www.cinesouk.ma\/\",\"name\":\"CineSouk\",\"description\":\"\",\"publisher\":{\"@id\":\"https:\/\/www.cinesouk.ma\/#organization\"},\"potentialAction\":[{\"@type\":\"SearchAction\",\"target\":{\"@type\":\"EntryPoint\",\"urlTemplate\":\"https:\/\/www.cinesouk.ma\/?s={search_term_string}\"},\"query-input\":{\"@type\":\"PropertyValueSpecification\",\"valueRequired\":true,\"valueName\":\"search_term_string\"}}],\"inLanguage\":\"fr-FR\"},{\"@type\":\"Organization\",\"@id\":\"https:\/\/www.cinesouk.ma\/#organization\",\"name\":\"CineSouk\",\"url\":\"https:\/\/www.cinesouk.ma\/\",\"logo\":{\"@type\":\"ImageObject\",\"inLanguage\":\"fr-FR\",\"@id\":\"https:\/\/www.cinesouk.ma\/#\/schema\/logo\/image\/\",\"url\":\"https:\/\/www.cinesouk.ma\/wp-content\/uploads\/2024\/01\/CineSouk-logo-v01-alpha-alligned-left.png\",\"contentUrl\":\"https:\/\/www.cinesouk.ma\/wp-content\/uploads\/2024\/01\/CineSouk-logo-v01-alpha-alligned-left.png\",\"width\":3204,\"height\":889,\"caption\":\"CineSouk\"},\"image\":{\"@id\":\"https:\/\/www.cinesouk.ma\/#\/schema\/logo\/image\/\"}}]}<\/script>\n<!-- \/ Yoast SEO Premium plugin. -->","yoast_head_json":{"title":"Foldable Makeup Chair (high) - CineSouk - For rent","description":"Elevate your makeup sessions with the Foldable Makeup Chair. Portable elegance for beauty professionals on the move. - CineSouk","robots":{"index":"index","follow":"follow","max-snippet":"max-snippet:-1","max-image-preview":"max-image-preview:large","max-video-preview":"max-video-preview:-1"},"canonical":"https:\/\/www.cinesouk.ma\/fr\/produit\/foldable-makeup-chair\/","og_locale":"fr_FR","og_type":"article","og_title":"Foldable Makeup Chair (high)","og_description":"Elevate your makeup sessions with the Foldable Makeup Chair. Portable elegance for beauty professionals on the move. - CineSouk","og_url":"https:\/\/www.cinesouk.ma\/fr\/produit\/foldable-makeup-chair\/","og_site_name":"CineSouk","article_modified_time":"2026-01-31T14:26:01+00:00","og_image":[{"width":300,"height":238,"url":"https:\/\/www.cinesouk.ma\/wp-content\/uploads\/2024\/03\/make-up-chairs.jpg","type":"image\/jpeg"}],"twitter_card":"summary_large_image","twitter_description":"Elevate your makeup sessions with the Foldable Makeup Chair. Portable elegance for beauty professionals on the move. - CineSouk","twitter_misc":{"Dur\u00e9e de lecture estim\u00e9e":"2 minutes"},"schema":{"@context":"https:\/\/schema.org","@graph":[{"@type":"WebPage","@id":"https:\/\/www.cinesouk.ma\/product\/foldable-makeup-chair\/","url":"https:\/\/www.cinesouk.ma\/product\/foldable-makeup-chair\/","name":"Foldable Makeup Chair (high) - CineSouk - For rent","isPartOf":{"@id":"https:\/\/www.cinesouk.ma\/#website"},"primaryImageOfPage":{"@id":"https:\/\/www.cinesouk.ma\/product\/foldable-makeup-chair\/#primaryimage"},"image":{"@id":"https:\/\/www.cinesouk.ma\/product\/foldable-makeup-chair\/#primaryimage"},"thumbnailUrl":"https:\/\/www.cinesouk.ma\/wp-content\/uploads\/2024\/03\/make-up-chairs.jpg","datePublished":"2024-03-28T09:21:03+00:00","dateModified":"2026-01-31T14:26:01+00:00","description":"Elevate your makeup sessions with the Foldable Makeup Chair. Portable elegance for beauty professionals on the move. - CineSouk","breadcrumb":{"@id":"https:\/\/www.cinesouk.ma\/product\/foldable-makeup-chair\/#breadcrumb"},"inLanguage":"fr-FR","potentialAction":[{"@type":"ReadAction","target":["https:\/\/www.cinesouk.ma\/product\/foldable-makeup-chair\/"]}]},{"@type":"ImageObject","inLanguage":"fr-FR","@id":"https:\/\/www.cinesouk.ma\/product\/foldable-makeup-chair\/#primaryimage","url":"https:\/\/www.cinesouk.ma\/wp-content\/uploads\/2024\/03\/make-up-chairs.jpg","contentUrl":"https:\/\/www.cinesouk.ma\/wp-content\/uploads\/2024\/03\/make-up-chairs.jpg","width":300,"height":238,"caption":"Foldable Makeup Chair - Portable and Professional Seating for Makeup Artists. Available at Cinesouk, Marrakech."},{"@type":"BreadcrumbList","@id":"https:\/\/www.cinesouk.ma\/product\/foldable-makeup-chair\/#breadcrumb","itemListElement":[{"@type":"ListItem","position":1,"name":"Home","item":"https:\/\/www.cinesouk.ma\/"},{"@type":"ListItem","position":2,"name":"Shop","item":"https:\/\/www.cinesouk.ma\/shop\/"},{"@type":"ListItem","position":3,"name":"Foldable Makeup Chair (high)"}]},{"@type":"WebSite","@id":"https:\/\/www.cinesouk.ma\/#website","url":"https:\/\/www.cinesouk.ma\/","name":"CineSouk","description":"","publisher":{"@id":"https:\/\/www.cinesouk.ma\/#organization"},"potentialAction":[{"@type":"SearchAction","target":{"@type":"EntryPoint","urlTemplate":"https:\/\/www.cinesouk.ma\/?s={search_term_string}"},"query-input":{"@type":"PropertyValueSpecification","valueRequired":true,"valueName":"search_term_string"}}],"inLanguage":"fr-FR"},{"@type":"Organization","@id":"https:\/\/www.cinesouk.ma\/#organization","name":"CineSouk","url":"https:\/\/www.cinesouk.ma\/","logo":{"@type":"ImageObject","inLanguage":"fr-FR","@id":"https:\/\/www.cinesouk.ma\/#\/schema\/logo\/image\/","url":"https:\/\/www.cinesouk.ma\/wp-content\/uploads\/2024\/01\/CineSouk-logo-v01-alpha-alligned-left.png","contentUrl":"https:\/\/www.cinesouk.ma\/wp-content\/uploads\/2024\/01\/CineSouk-logo-v01-alpha-alligned-left.png","width":3204,"height":889,"caption":"CineSouk"},"image":{"@id":"https:\/\/www.cinesouk.ma\/#\/schema\/logo\/image\/"}}]}},"_links":{"self":[{"href":"https:\/\/www.cinesouk.ma\/fr\/wp-json\/wp\/v2\/product\/6525","targetHints":{"allow":["GET"]}}],"collection":[{"href":"https:\/\/www.cinesouk.ma\/fr\/wp-json\/wp\/v2\/product"}],"about":[{"href":"https:\/\/www.cinesouk.ma\/fr\/wp-json\/wp\/v2\/types\/product"}],"wp:featuredmedia":[{"embeddable":true,"href":"https:\/\/www.cinesouk.ma\/fr\/wp-json\/wp\/v2\/media\/6536"}],"wp:attachment":[{"href":"https:\/\/www.cinesouk.ma\/fr\/wp-json\/wp\/v2\/media?parent=6525"}],"wp:term":[{"taxonomy":"product_brand","embeddable":true,"href":"https:\/\/www.cinesouk.ma\/fr\/wp-json\/wp\/v2\/product_brand?post=6525"},{"taxonomy":"product_cat","embeddable":true,"href":"https:\/\/www.cinesouk.ma\/fr\/wp-json\/wp\/v2\/product_cat?post=6525"},{"taxonomy":"product_tag","embeddable":true,"href":"https:\/\/www.cinesouk.ma\/fr\/wp-json\/wp\/v2\/product_tag?post=6525"}],"curies":[{"name":"wp","href":"https:\/\/api.w.org\/{rel}","templated":true}]}}