{"id":660,"date":"2024-01-09T10:27:30","date_gmt":"2024-01-09T10:27:30","guid":{"rendered":"https:\/\/www.cinesouk.ma\/?post_type=product&#038;p=660"},"modified":"2025-08-26T14:56:47","modified_gmt":"2025-08-26T14:56:47","slug":"tram-tr50-omnidirectionele-lavalier","status":"publish","type":"product","link":"https:\/\/www.cinesouk.ma\/fr\/produit\/tram-tr50-omnidirectionele-lavalier\/","title":{"rendered":"Lavalier omnidirectionnel Tram TR50"},"content":{"rendered":"<p>Le micro Lavalier omnidirectionnel Tram TR50 est, depuis son lancement, le microphone d'\u00e9pinglage standard de l'industrie pour ENG\/EFP. Ce microphone sensible est facile \u00e0 utiliser. Il offre toujours une bonne qualit\u00e9 sonore quelles que soient les conditions et est relativement insensible aux bruits des v\u00eatements. Le lavalier est devenu la norme pour les longs m\u00e9trages, la production t\u00e9l\u00e9visuelle et d'autres secteurs de l'industrie du divertissement.<\/p>\n<h4>Caract\u00e9ristiques du Lavalier omnidirectionnel Tram TR50 :<\/h4>\n<ul>\n<li>Microphone miniature \u00e0 condensateur \u00e9lectret<\/li>\n<li>Coloration sonore minimale pour une utilisation universelle<\/li>\n<li>Facilement combinable avec des microphones \u00e0 perche<\/li>\n<li>Minuscule, l\u00e9ger et compact ; facilement dissimulable<\/li>\n<li>Gamme \u00e9tendue d'accessoires de montage<\/li>\n<li>R\u00e9ponse en fr\u00e9quence \u00e9tendue<\/li>\n<li>Bruit de frottement tr\u00e8s faible<\/li>\n<li>Alimentation d\u00e9tachable 250 Q<\/li>\n<li>Large gamme de connecteurs pour une utilisation directe sur un \u00e9metteur sans fil<\/li>\n<li>Solide, durable et fiable<\/li>\n<\/ul>\n<p>Louez le microphone d\u00e8s maintenant sur <a href=\"https:\/\/www.cinesouk.ma\/fr\">CINESOUK<\/a> - une marque de <a href=\"https:\/\/www.broadway.ma\/\">BROADWAY PRODUCTIONS SARL.<\/a><\/p>","protected":false},"excerpt":{"rendered":"<p>Sp\u00e9cifications<\/p>\n<p><span data-sheets-value=\"{&quot;1&quot;:2,&quot;2&quot;:&quot;Type: Omni-directional\\nFrequency response: 40Hz - 16KHz\\nDynamic range: 108dB\\nOutput impedance: 3.5k \u03a9 \\nOutput connectors: 3-pin XLR&quot;}\" data-sheets-userformat=\"{&quot;2&quot;:9155,&quot;3&quot;:{&quot;1&quot;:0},&quot;4&quot;:{&quot;1&quot;:2,&quot;2&quot;:15987699},&quot;9&quot;:1,&quot;10&quot;:1,&quot;11&quot;:4,&quot;12&quot;:0,&quot;16&quot;:10}\" data-sheets-textstyleruns=\"{&quot;1&quot;:0,&quot;2&quot;:{&quot;5&quot;:1}}\uee10{&quot;1&quot;:4}\uee10{&quot;1&quot;:23,&quot;2&quot;:{&quot;5&quot;:1}}\uee10{&quot;1&quot;:32}\uee10{&quot;1&quot;:33,&quot;2&quot;:{&quot;5&quot;:1}}\uee10{&quot;1&quot;:41}\uee10{&quot;1&quot;:56,&quot;2&quot;:{&quot;5&quot;:1}}\uee10{&quot;1&quot;:63}\uee10{&quot;1&quot;:64,&quot;2&quot;:{&quot;5&quot;:1}}\uee10{&quot;1&quot;:69}\uee10{&quot;1&quot;:77,&quot;2&quot;:{&quot;5&quot;:1}}\uee10{&quot;1&quot;:83}\uee10{&quot;1&quot;:84,&quot;2&quot;:{&quot;5&quot;:1}}\uee10{&quot;1&quot;:93}\uee10{&quot;1&quot;:103,&quot;2&quot;:{&quot;5&quot;:1}}\uee10{&quot;1&quot;:109}\uee10{&quot;1&quot;:110,&quot;2&quot;:{&quot;5&quot;:1}}\uee10{&quot;1&quot;:120}\"><strong>Type : <\/strong>Omni-directionnel<br \/>\n<strong>R\u00e9ponse en fr\u00e9quence :<\/strong> 40Hz - 16KHz<br \/>\n<strong>Gamme dynamique :<\/strong> 108dB<br \/>\n<strong>Imp\u00e9dance de sortie :<\/strong> 3,5k \u03a9<br \/>\n<strong>Connecteurs de sortie :<\/strong> XLR \u00e0 3 broches<\/span><\/p>\n<p>&nbsp;<\/p>","protected":false},"featured_media":672,"template":"","meta":{"om_disable_all_campaigns":false,"_monsterinsights_skip_tracking":false,"_monsterinsights_sitenote_active":false,"_monsterinsights_sitenote_note":"","_monsterinsights_sitenote_category":0,"_uf_show_specific_survey":0,"_uf_disable_surveys":false},"product_brand":[],"product_cat":[83,86,35],"product_tag":[],"class_list":{"0":"post-660","1":"product","2":"type-product","3":"status-publish","4":"has-post-thumbnail","6":"product_cat-efp-eng-cinesouk","7":"product_cat-foh-cinesouk","8":"product_cat-sound-cinesouk","10":"entry","11":"has-media","13":"first","14":"instock","15":"taxable","16":"shipping-taxable","17":"purchasable","18":"product-type-variable","19":"has-product-nav","20":"col","21":"span_1_of_3","22":"owp-content-center","23":"owp-thumbs-layout-horizontal","24":"owp-btn-normal","25":"owp-tabs-layout-horizontal"},"yoast_head":"<!-- This site is optimized with the Yoast SEO Premium plugin v26.0 (Yoast SEO v26.0) - https:\/\/yoast.com\/wordpress\/plugins\/seo\/ -->\n<title>Tram TR50 omnidirectional Lavalier - CineSouk - For rent<\/title>\n<meta name=\"description\" content=\"The Tram TR50 Omnidirectional Lavalier has been the industry standard pinning microphone for ENG\/EFP since its introduction.\" \/>\n<meta name=\"robots\" content=\"index, follow, max-snippet:-1, max-image-preview:large, max-video-preview:-1\" \/>\n<link rel=\"canonical\" href=\"https:\/\/www.cinesouk.ma\/fr\/produit\/tram-tr50-omnidirectionele-lavalier\/\" \/>\n<meta property=\"og:locale\" content=\"fr_FR\" \/>\n<meta property=\"og:type\" content=\"article\" \/>\n<meta property=\"og:title\" content=\"Tram TR50 omnidirectional Lavalier\" \/>\n<meta property=\"og:description\" content=\"The Tram TR50 Omnidirectional Lavalier has been the industry standard pinning microphone for ENG\/EFP since its introduction.\" \/>\n<meta property=\"og:url\" content=\"https:\/\/www.cinesouk.ma\/fr\/produit\/tram-tr50-omnidirectionele-lavalier\/\" \/>\n<meta property=\"og:site_name\" content=\"CineSouk\" \/>\n<meta property=\"article:modified_time\" content=\"2025-08-26T14:56:47+00:00\" \/>\n<meta property=\"og:image\" content=\"https:\/\/www.cinesouk.ma\/wp-content\/uploads\/2024\/01\/Tram-TR50.jpg\" \/>\n\t<meta property=\"og:image:width\" content=\"300\" \/>\n\t<meta property=\"og:image:height\" content=\"238\" \/>\n\t<meta property=\"og:image:type\" content=\"image\/jpeg\" \/>\n<meta name=\"twitter:card\" content=\"summary_large_image\" \/>\n<meta name=\"twitter:description\" content=\"The Tram TR50 Omnidirectional Lavalier has been the industry standard pinning microphone for ENG\/EFP since its introduction.\" \/>\n<meta name=\"twitter:label1\" content=\"Dur\u00e9e de lecture estim\u00e9e\" \/>\n\t<meta name=\"twitter:data1\" content=\"1 minute\" \/>\n<script type=\"application\/ld+json\" class=\"yoast-schema-graph\">{\"@context\":\"https:\/\/schema.org\",\"@graph\":[{\"@type\":\"WebPage\",\"@id\":\"https:\/\/www.cinesouk.ma\/product\/tram-tr50-omnidirectionele-lavalier\/\",\"url\":\"https:\/\/www.cinesouk.ma\/product\/tram-tr50-omnidirectionele-lavalier\/\",\"name\":\"Tram TR50 omnidirectional Lavalier - CineSouk - For rent\",\"isPartOf\":{\"@id\":\"https:\/\/www.cinesouk.ma\/#website\"},\"primaryImageOfPage\":{\"@id\":\"https:\/\/www.cinesouk.ma\/product\/tram-tr50-omnidirectionele-lavalier\/#primaryimage\"},\"image\":{\"@id\":\"https:\/\/www.cinesouk.ma\/product\/tram-tr50-omnidirectionele-lavalier\/#primaryimage\"},\"thumbnailUrl\":\"https:\/\/www.cinesouk.ma\/wp-content\/uploads\/2024\/01\/Tram-TR50.jpg\",\"datePublished\":\"2024-01-09T10:27:30+00:00\",\"dateModified\":\"2025-08-26T14:56:47+00:00\",\"description\":\"The Tram TR50 Omnidirectional Lavalier has been the industry standard pinning microphone for ENG\/EFP since its introduction.\",\"breadcrumb\":{\"@id\":\"https:\/\/www.cinesouk.ma\/product\/tram-tr50-omnidirectionele-lavalier\/#breadcrumb\"},\"inLanguage\":\"fr-FR\",\"potentialAction\":[{\"@type\":\"ReadAction\",\"target\":[\"https:\/\/www.cinesouk.ma\/product\/tram-tr50-omnidirectionele-lavalier\/\"]}]},{\"@type\":\"ImageObject\",\"inLanguage\":\"fr-FR\",\"@id\":\"https:\/\/www.cinesouk.ma\/product\/tram-tr50-omnidirectionele-lavalier\/#primaryimage\",\"url\":\"https:\/\/www.cinesouk.ma\/wp-content\/uploads\/2024\/01\/Tram-TR50.jpg\",\"contentUrl\":\"https:\/\/www.cinesouk.ma\/wp-content\/uploads\/2024\/01\/Tram-TR50.jpg\",\"width\":300,\"height\":238,\"caption\":\"Tram TR50 omnidirectional Lavalier\"},{\"@type\":\"BreadcrumbList\",\"@id\":\"https:\/\/www.cinesouk.ma\/product\/tram-tr50-omnidirectionele-lavalier\/#breadcrumb\",\"itemListElement\":[{\"@type\":\"ListItem\",\"position\":1,\"name\":\"Home\",\"item\":\"https:\/\/www.cinesouk.ma\/\"},{\"@type\":\"ListItem\",\"position\":2,\"name\":\"Shop\",\"item\":\"https:\/\/www.cinesouk.ma\/shop\/\"},{\"@type\":\"ListItem\",\"position\":3,\"name\":\"Tram TR50 omnidirectional Lavalier\"}]},{\"@type\":\"WebSite\",\"@id\":\"https:\/\/www.cinesouk.ma\/#website\",\"url\":\"https:\/\/www.cinesouk.ma\/\",\"name\":\"CineSouk\",\"description\":\"\",\"publisher\":{\"@id\":\"https:\/\/www.cinesouk.ma\/#organization\"},\"potentialAction\":[{\"@type\":\"SearchAction\",\"target\":{\"@type\":\"EntryPoint\",\"urlTemplate\":\"https:\/\/www.cinesouk.ma\/?s={search_term_string}\"},\"query-input\":{\"@type\":\"PropertyValueSpecification\",\"valueRequired\":true,\"valueName\":\"search_term_string\"}}],\"inLanguage\":\"fr-FR\"},{\"@type\":\"Organization\",\"@id\":\"https:\/\/www.cinesouk.ma\/#organization\",\"name\":\"CineSouk\",\"url\":\"https:\/\/www.cinesouk.ma\/\",\"logo\":{\"@type\":\"ImageObject\",\"inLanguage\":\"fr-FR\",\"@id\":\"https:\/\/www.cinesouk.ma\/#\/schema\/logo\/image\/\",\"url\":\"https:\/\/www.cinesouk.ma\/wp-content\/uploads\/2024\/01\/CineSouk-logo-v01-alpha-alligned-left.png\",\"contentUrl\":\"https:\/\/www.cinesouk.ma\/wp-content\/uploads\/2024\/01\/CineSouk-logo-v01-alpha-alligned-left.png\",\"width\":3204,\"height\":889,\"caption\":\"CineSouk\"},\"image\":{\"@id\":\"https:\/\/www.cinesouk.ma\/#\/schema\/logo\/image\/\"}}]}<\/script>\n<!-- \/ Yoast SEO Premium plugin. -->","yoast_head_json":{"title":"Tram TR50 omnidirectional Lavalier - CineSouk - For rent","description":"The Tram TR50 Omnidirectional Lavalier has been the industry standard pinning microphone for ENG\/EFP since its introduction.","robots":{"index":"index","follow":"follow","max-snippet":"max-snippet:-1","max-image-preview":"max-image-preview:large","max-video-preview":"max-video-preview:-1"},"canonical":"https:\/\/www.cinesouk.ma\/fr\/produit\/tram-tr50-omnidirectionele-lavalier\/","og_locale":"fr_FR","og_type":"article","og_title":"Tram TR50 omnidirectional Lavalier","og_description":"The Tram TR50 Omnidirectional Lavalier has been the industry standard pinning microphone for ENG\/EFP since its introduction.","og_url":"https:\/\/www.cinesouk.ma\/fr\/produit\/tram-tr50-omnidirectionele-lavalier\/","og_site_name":"CineSouk","article_modified_time":"2025-08-26T14:56:47+00:00","og_image":[{"width":300,"height":238,"url":"https:\/\/www.cinesouk.ma\/wp-content\/uploads\/2024\/01\/Tram-TR50.jpg","type":"image\/jpeg"}],"twitter_card":"summary_large_image","twitter_description":"The Tram TR50 Omnidirectional Lavalier has been the industry standard pinning microphone for ENG\/EFP since its introduction.","twitter_misc":{"Dur\u00e9e de lecture estim\u00e9e":"1 minute"},"schema":{"@context":"https:\/\/schema.org","@graph":[{"@type":"WebPage","@id":"https:\/\/www.cinesouk.ma\/product\/tram-tr50-omnidirectionele-lavalier\/","url":"https:\/\/www.cinesouk.ma\/product\/tram-tr50-omnidirectionele-lavalier\/","name":"Tram TR50 omnidirectional Lavalier - CineSouk - For rent","isPartOf":{"@id":"https:\/\/www.cinesouk.ma\/#website"},"primaryImageOfPage":{"@id":"https:\/\/www.cinesouk.ma\/product\/tram-tr50-omnidirectionele-lavalier\/#primaryimage"},"image":{"@id":"https:\/\/www.cinesouk.ma\/product\/tram-tr50-omnidirectionele-lavalier\/#primaryimage"},"thumbnailUrl":"https:\/\/www.cinesouk.ma\/wp-content\/uploads\/2024\/01\/Tram-TR50.jpg","datePublished":"2024-01-09T10:27:30+00:00","dateModified":"2025-08-26T14:56:47+00:00","description":"The Tram TR50 Omnidirectional Lavalier has been the industry standard pinning microphone for ENG\/EFP since its introduction.","breadcrumb":{"@id":"https:\/\/www.cinesouk.ma\/product\/tram-tr50-omnidirectionele-lavalier\/#breadcrumb"},"inLanguage":"fr-FR","potentialAction":[{"@type":"ReadAction","target":["https:\/\/www.cinesouk.ma\/product\/tram-tr50-omnidirectionele-lavalier\/"]}]},{"@type":"ImageObject","inLanguage":"fr-FR","@id":"https:\/\/www.cinesouk.ma\/product\/tram-tr50-omnidirectionele-lavalier\/#primaryimage","url":"https:\/\/www.cinesouk.ma\/wp-content\/uploads\/2024\/01\/Tram-TR50.jpg","contentUrl":"https:\/\/www.cinesouk.ma\/wp-content\/uploads\/2024\/01\/Tram-TR50.jpg","width":300,"height":238,"caption":"Tram TR50 omnidirectional Lavalier"},{"@type":"BreadcrumbList","@id":"https:\/\/www.cinesouk.ma\/product\/tram-tr50-omnidirectionele-lavalier\/#breadcrumb","itemListElement":[{"@type":"ListItem","position":1,"name":"Home","item":"https:\/\/www.cinesouk.ma\/"},{"@type":"ListItem","position":2,"name":"Shop","item":"https:\/\/www.cinesouk.ma\/shop\/"},{"@type":"ListItem","position":3,"name":"Tram TR50 omnidirectional Lavalier"}]},{"@type":"WebSite","@id":"https:\/\/www.cinesouk.ma\/#website","url":"https:\/\/www.cinesouk.ma\/","name":"CineSouk","description":"","publisher":{"@id":"https:\/\/www.cinesouk.ma\/#organization"},"potentialAction":[{"@type":"SearchAction","target":{"@type":"EntryPoint","urlTemplate":"https:\/\/www.cinesouk.ma\/?s={search_term_string}"},"query-input":{"@type":"PropertyValueSpecification","valueRequired":true,"valueName":"search_term_string"}}],"inLanguage":"fr-FR"},{"@type":"Organization","@id":"https:\/\/www.cinesouk.ma\/#organization","name":"CineSouk","url":"https:\/\/www.cinesouk.ma\/","logo":{"@type":"ImageObject","inLanguage":"fr-FR","@id":"https:\/\/www.cinesouk.ma\/#\/schema\/logo\/image\/","url":"https:\/\/www.cinesouk.ma\/wp-content\/uploads\/2024\/01\/CineSouk-logo-v01-alpha-alligned-left.png","contentUrl":"https:\/\/www.cinesouk.ma\/wp-content\/uploads\/2024\/01\/CineSouk-logo-v01-alpha-alligned-left.png","width":3204,"height":889,"caption":"CineSouk"},"image":{"@id":"https:\/\/www.cinesouk.ma\/#\/schema\/logo\/image\/"}}]}},"_links":{"self":[{"href":"https:\/\/www.cinesouk.ma\/fr\/wp-json\/wp\/v2\/product\/660","targetHints":{"allow":["GET"]}}],"collection":[{"href":"https:\/\/www.cinesouk.ma\/fr\/wp-json\/wp\/v2\/product"}],"about":[{"href":"https:\/\/www.cinesouk.ma\/fr\/wp-json\/wp\/v2\/types\/product"}],"wp:featuredmedia":[{"embeddable":true,"href":"https:\/\/www.cinesouk.ma\/fr\/wp-json\/wp\/v2\/media\/672"}],"wp:attachment":[{"href":"https:\/\/www.cinesouk.ma\/fr\/wp-json\/wp\/v2\/media?parent=660"}],"wp:term":[{"taxonomy":"product_brand","embeddable":true,"href":"https:\/\/www.cinesouk.ma\/fr\/wp-json\/wp\/v2\/product_brand?post=660"},{"taxonomy":"product_cat","embeddable":true,"href":"https:\/\/www.cinesouk.ma\/fr\/wp-json\/wp\/v2\/product_cat?post=660"},{"taxonomy":"product_tag","embeddable":true,"href":"https:\/\/www.cinesouk.ma\/fr\/wp-json\/wp\/v2\/product_tag?post=660"}],"curies":[{"name":"wp","href":"https:\/\/api.w.org\/{rel}","templated":true}]}}