{"id":6715,"date":"2019-05-17T13:56:28","date_gmt":"2019-05-17T13:56:28","guid":{"rendered":"https:\/\/www.cinesouk.ma\/?post_type=product&#038;p=6715"},"modified":"2026-01-28T08:42:08","modified_gmt":"2026-01-28T08:42:08","slug":"roland-m-380-mixing-console","status":"publish","type":"product","link":"https:\/\/www.cinesouk.ma\/fr\/produit\/roland-m-380-mixing-console\/","title":{"rendered":"Roland M-380 Console de mixage"},"content":{"rendered":"<p>La console de mixage Roland M-380 est un syst\u00e8me de mixage num\u00e9rique complet de 48 canaux, compact\u00e9 dans un rack. Le syst\u00e8me de transmission d'images incorpore un snake num\u00e9rique et une console de mixage en un seul syst\u00e8me int\u00e9gr\u00e9. Il utilise la technologie REAC (Roland Ethernet Audio Communication) de Roland pour envoyer l'audio des pr\u00e9amplis micro de haute qualit\u00e9 \u00e0 la table de mixage. Il s'agit d'une console compacte et montable en rack, dot\u00e9e du m\u00eame moteur de mixage que le M-400. Elle est \u00e9galement \u00e9quip\u00e9e de REAC, la technologie de transfert audio num\u00e9rique. Cela vous permet de cr\u00e9er un environnement de mixage puissant et configurable avec une qualit\u00e9 sonore \u00e9lev\u00e9e. Profitez d'une utilisation intuitive et d'une installation rapide. Id\u00e9ale pour les applications mobiles ou les installations dans des espaces limit\u00e9s.<\/p>\n<h4>Le mixeur rapide et facile \u00e0 installer<\/h4>\n<p>Le syst\u00e8me V-Mixing utilise le protocole REAC entre les unit\u00e9s de sc\u00e8ne et la console via une simple connexion par c\u00e2ble CAT5e. La connexion CAT5e est \u00e9galement immunis\u00e9e contre les ronflements, le bruit et la diaphonie, dont souffrent les c\u00e2bles analogiques. Aucune configuration n'\u00e9tant n\u00e9cessaire, il suffit de brancher le c\u00e2ble CAT5e des unit\u00e9s de sc\u00e8ne sur les ports REAC A&amp;B. Ces ports sont \u00e9galement situ\u00e9s \u00e0 l'arri\u00e8re du M-380 V-Mixer ! Branchez et le tour est jou\u00e9 ! Le M-380 V-Mixer est \u00e9quip\u00e9 de 13 faders motoris\u00e9s de 100 mm sensibles \u00e0 la v\u00e9locit\u00e9. Il dispose \u00e9galement d'un grand \u00e9cran couleur 800\u00d7480 lumineux et de potentiom\u00e8tres d'effets d\u00e9di\u00e9s pour l'\u00e9galisation, le panoramique et le gain. Tous les r\u00e9glages de sc\u00e8ne peuvent \u00eatre rappel\u00e9s. Cette table de mixage peut \u00e9galement \u00eatre utilis\u00e9e avec n'importe quel niveau d'exp\u00e9rience, gr\u00e2ce \u00e0 son interface intuitive. La navigation est ais\u00e9e et la courbe d'apprentissage faible.<\/p>\n<h3>Caract\u00e9ristiques de la console :<\/h3>\n<ul>\n<li>Serpents num\u00e9riques configurables avec pr\u00e9amplis micro de haute qualit\u00e9 contr\u00f4l\u00e9s \u00e0 distance sur sc\u00e8ne<\/li>\n<li>Distribution Cat5e l\u00e9g\u00e8re, peu co\u00fbteuse et sans les pertes \u00e0 haute fr\u00e9quence inh\u00e9rentes aux serpents analogiques<\/li>\n<li>Une console de mixage de 48 canaux avec 18 bus, 8 matrices, DSP de canal et de bus, 4 processeurs d'effets st\u00e9r\u00e9o, 4 \u00e9galiseurs graphiques, enregistrement et lecture st\u00e9r\u00e9o int\u00e9gr\u00e9s, et port de s\u00e9paration multicanal int\u00e9gr\u00e9.<\/li>\n<li>Jusqu'\u00e0 40 canaux de splits num\u00e9riques illimit\u00e9s sur Cat5e pour les postes de contr\u00f4le\/diffusion, le mixage personnel et\/ou l'enregistrement sur PC sans n\u00e9cessiter d'interfaces audio.<\/li>\n<li>compatibilit\u00e9 totale et \u00e9change de projets avec le V-Mixer M-400<\/li>\n<li>Contr\u00f4le RS-232 pour l'int\u00e9gration de dispositifs \u00e0 distance tels que les panneaux tactiles muraux ou de podium.<\/li>\n<li>Taille montable en rack.<\/li>\n<\/ul>\n<p>Louez la console de mixage Roland M-380 maintenant sur <a href=\"https:\/\/www.cinesouk.ma\/fr\">CINESOUK<\/a> - une marque de <a href=\"https:\/\/www.broadway.ma\/\">BROADWAY PRODUCTIONS SARL.<\/a><\/p>","protected":false},"excerpt":{"rendered":"<p><strong>Sp\u00e9cifications<\/strong><\/p>\n<ul>\n<li><strong>Cha\u00eenes :<\/strong> 48<\/li>\n<li><strong>Bus :<\/strong> 18<\/li>\n<li><strong>Effets :<\/strong> Effets int\u00e9gr\u00e9s, \u00e9galiseur et traitement de la dynamique<\/li>\n<li><strong>Interface :<\/strong> Interface utilisateur intuitive pour une utilisation facile<\/li>\n<li><strong>Construction :<\/strong> Conception compacte et durable pour une utilisation professionnelle<\/li>\n<\/ul>","protected":false},"featured_media":6716,"template":"","meta":{"om_disable_all_campaigns":false,"_monsterinsights_skip_tracking":false,"_monsterinsights_sitenote_active":false,"_monsterinsights_sitenote_note":"","_monsterinsights_sitenote_category":0,"_uf_show_specific_survey":0,"_uf_disable_surveys":false},"product_brand":[],"product_cat":[86,95,35,32],"product_tag":[],"class_list":{"0":"post-6715","1":"product","2":"type-product","3":"status-publish","4":"has-post-thumbnail","6":"product_cat-foh-cinesouk","7":"product_cat-mixing-consoles-eventsouk","8":"product_cat-sound-cinesouk","9":"product_cat-streaming-cinesouk","11":"entry","12":"has-media","14":"first","15":"instock","16":"taxable","17":"shipping-taxable","18":"purchasable","19":"product-type-variable","20":"has-product-nav","21":"col","22":"span_1_of_3","23":"owp-content-center","24":"owp-thumbs-layout-horizontal","25":"owp-btn-normal","26":"owp-tabs-layout-horizontal","27":"has-no-thumbnails"},"yoast_head":"<!-- This site is optimized with the Yoast SEO Premium plugin v26.0 (Yoast SEO v26.0) - https:\/\/yoast.com\/wordpress\/plugins\/seo\/ -->\n<title>Roland M-380 Mixing Console - CineSouk - For rent<\/title>\n<meta name=\"description\" content=\"Transform your sound reinforcement with the Roland M-380 Mixing Console. Experience intuitive operation and exceptional audio performance. - CineSouk\" \/>\n<meta name=\"robots\" content=\"index, follow, max-snippet:-1, max-image-preview:large, max-video-preview:-1\" \/>\n<link rel=\"canonical\" href=\"https:\/\/www.cinesouk.ma\/fr\/produit\/roland-m-380-mixing-console\/\" \/>\n<meta property=\"og:locale\" content=\"fr_FR\" \/>\n<meta property=\"og:type\" content=\"article\" \/>\n<meta property=\"og:title\" content=\"Roland M-380 Mixing Console\" \/>\n<meta property=\"og:description\" content=\"Transform your sound reinforcement with the Roland M-380 Mixing Console. Experience intuitive operation and exceptional audio performance. - CineSouk\" \/>\n<meta property=\"og:url\" content=\"https:\/\/www.cinesouk.ma\/fr\/produit\/roland-m-380-mixing-console\/\" \/>\n<meta property=\"og:site_name\" content=\"CineSouk\" \/>\n<meta property=\"article:modified_time\" content=\"2026-01-28T08:42:08+00:00\" \/>\n<meta property=\"og:image\" content=\"https:\/\/www.cinesouk.ma\/wp-content\/uploads\/2024\/05\/sound.jpg\" \/>\n\t<meta property=\"og:image:width\" content=\"300\" \/>\n\t<meta property=\"og:image:height\" content=\"238\" \/>\n\t<meta property=\"og:image:type\" content=\"image\/jpeg\" \/>\n<meta name=\"twitter:card\" content=\"summary_large_image\" \/>\n<meta name=\"twitter:description\" content=\"Transform your sound reinforcement with the Roland M-380 Mixing Console. Experience intuitive operation and exceptional audio performance. - CineSouk\" \/>\n<meta name=\"twitter:label1\" content=\"Dur\u00e9e de lecture estim\u00e9e\" \/>\n\t<meta name=\"twitter:data1\" content=\"2 minutes\" \/>\n<script type=\"application\/ld+json\" class=\"yoast-schema-graph\">{\"@context\":\"https:\/\/schema.org\",\"@graph\":[{\"@type\":\"WebPage\",\"@id\":\"https:\/\/www.cinesouk.ma\/product\/roland-m-380-mixing-console\/\",\"url\":\"https:\/\/www.cinesouk.ma\/product\/roland-m-380-mixing-console\/\",\"name\":\"Roland M-380 Mixing Console - CineSouk - For rent\",\"isPartOf\":{\"@id\":\"https:\/\/www.cinesouk.ma\/#website\"},\"primaryImageOfPage\":{\"@id\":\"https:\/\/www.cinesouk.ma\/product\/roland-m-380-mixing-console\/#primaryimage\"},\"image\":{\"@id\":\"https:\/\/www.cinesouk.ma\/product\/roland-m-380-mixing-console\/#primaryimage\"},\"thumbnailUrl\":\"https:\/\/www.cinesouk.ma\/wp-content\/uploads\/2024\/05\/sound.jpg\",\"datePublished\":\"2019-05-17T13:56:28+00:00\",\"dateModified\":\"2026-01-28T08:42:08+00:00\",\"description\":\"Transform your sound reinforcement with the Roland M-380 Mixing Console. Experience intuitive operation and exceptional audio performance. - CineSouk\",\"breadcrumb\":{\"@id\":\"https:\/\/www.cinesouk.ma\/product\/roland-m-380-mixing-console\/#breadcrumb\"},\"inLanguage\":\"fr-FR\",\"potentialAction\":[{\"@type\":\"ReadAction\",\"target\":[\"https:\/\/www.cinesouk.ma\/product\/roland-m-380-mixing-console\/\"]}]},{\"@type\":\"ImageObject\",\"inLanguage\":\"fr-FR\",\"@id\":\"https:\/\/www.cinesouk.ma\/product\/roland-m-380-mixing-console\/#primaryimage\",\"url\":\"https:\/\/www.cinesouk.ma\/wp-content\/uploads\/2024\/05\/sound.jpg\",\"contentUrl\":\"https:\/\/www.cinesouk.ma\/wp-content\/uploads\/2024\/05\/sound.jpg\",\"width\":300,\"height\":238},{\"@type\":\"BreadcrumbList\",\"@id\":\"https:\/\/www.cinesouk.ma\/product\/roland-m-380-mixing-console\/#breadcrumb\",\"itemListElement\":[{\"@type\":\"ListItem\",\"position\":1,\"name\":\"Home\",\"item\":\"https:\/\/www.cinesouk.ma\/\"},{\"@type\":\"ListItem\",\"position\":2,\"name\":\"Shop\",\"item\":\"https:\/\/www.cinesouk.ma\/shop\/\"},{\"@type\":\"ListItem\",\"position\":3,\"name\":\"Roland M-380 Mixing Console\"}]},{\"@type\":\"WebSite\",\"@id\":\"https:\/\/www.cinesouk.ma\/#website\",\"url\":\"https:\/\/www.cinesouk.ma\/\",\"name\":\"CineSouk\",\"description\":\"\",\"publisher\":{\"@id\":\"https:\/\/www.cinesouk.ma\/#organization\"},\"potentialAction\":[{\"@type\":\"SearchAction\",\"target\":{\"@type\":\"EntryPoint\",\"urlTemplate\":\"https:\/\/www.cinesouk.ma\/?s={search_term_string}\"},\"query-input\":{\"@type\":\"PropertyValueSpecification\",\"valueRequired\":true,\"valueName\":\"search_term_string\"}}],\"inLanguage\":\"fr-FR\"},{\"@type\":\"Organization\",\"@id\":\"https:\/\/www.cinesouk.ma\/#organization\",\"name\":\"CineSouk\",\"url\":\"https:\/\/www.cinesouk.ma\/\",\"logo\":{\"@type\":\"ImageObject\",\"inLanguage\":\"fr-FR\",\"@id\":\"https:\/\/www.cinesouk.ma\/#\/schema\/logo\/image\/\",\"url\":\"https:\/\/www.cinesouk.ma\/wp-content\/uploads\/2024\/01\/CineSouk-logo-v01-alpha-alligned-left.png\",\"contentUrl\":\"https:\/\/www.cinesouk.ma\/wp-content\/uploads\/2024\/01\/CineSouk-logo-v01-alpha-alligned-left.png\",\"width\":3204,\"height\":889,\"caption\":\"CineSouk\"},\"image\":{\"@id\":\"https:\/\/www.cinesouk.ma\/#\/schema\/logo\/image\/\"}}]}<\/script>\n<!-- \/ Yoast SEO Premium plugin. -->","yoast_head_json":{"title":"Roland M-380 Mixing Console - CineSouk - For rent","description":"Transform your sound reinforcement with the Roland M-380 Mixing Console. Experience intuitive operation and exceptional audio performance. - CineSouk","robots":{"index":"index","follow":"follow","max-snippet":"max-snippet:-1","max-image-preview":"max-image-preview:large","max-video-preview":"max-video-preview:-1"},"canonical":"https:\/\/www.cinesouk.ma\/fr\/produit\/roland-m-380-mixing-console\/","og_locale":"fr_FR","og_type":"article","og_title":"Roland M-380 Mixing Console","og_description":"Transform your sound reinforcement with the Roland M-380 Mixing Console. Experience intuitive operation and exceptional audio performance. - CineSouk","og_url":"https:\/\/www.cinesouk.ma\/fr\/produit\/roland-m-380-mixing-console\/","og_site_name":"CineSouk","article_modified_time":"2026-01-28T08:42:08+00:00","og_image":[{"width":300,"height":238,"url":"https:\/\/www.cinesouk.ma\/wp-content\/uploads\/2024\/05\/sound.jpg","type":"image\/jpeg"}],"twitter_card":"summary_large_image","twitter_description":"Transform your sound reinforcement with the Roland M-380 Mixing Console. Experience intuitive operation and exceptional audio performance. - CineSouk","twitter_misc":{"Dur\u00e9e de lecture estim\u00e9e":"2 minutes"},"schema":{"@context":"https:\/\/schema.org","@graph":[{"@type":"WebPage","@id":"https:\/\/www.cinesouk.ma\/product\/roland-m-380-mixing-console\/","url":"https:\/\/www.cinesouk.ma\/product\/roland-m-380-mixing-console\/","name":"Roland M-380 Mixing Console - CineSouk - For rent","isPartOf":{"@id":"https:\/\/www.cinesouk.ma\/#website"},"primaryImageOfPage":{"@id":"https:\/\/www.cinesouk.ma\/product\/roland-m-380-mixing-console\/#primaryimage"},"image":{"@id":"https:\/\/www.cinesouk.ma\/product\/roland-m-380-mixing-console\/#primaryimage"},"thumbnailUrl":"https:\/\/www.cinesouk.ma\/wp-content\/uploads\/2024\/05\/sound.jpg","datePublished":"2019-05-17T13:56:28+00:00","dateModified":"2026-01-28T08:42:08+00:00","description":"Transform your sound reinforcement with the Roland M-380 Mixing Console. Experience intuitive operation and exceptional audio performance. - CineSouk","breadcrumb":{"@id":"https:\/\/www.cinesouk.ma\/product\/roland-m-380-mixing-console\/#breadcrumb"},"inLanguage":"fr-FR","potentialAction":[{"@type":"ReadAction","target":["https:\/\/www.cinesouk.ma\/product\/roland-m-380-mixing-console\/"]}]},{"@type":"ImageObject","inLanguage":"fr-FR","@id":"https:\/\/www.cinesouk.ma\/product\/roland-m-380-mixing-console\/#primaryimage","url":"https:\/\/www.cinesouk.ma\/wp-content\/uploads\/2024\/05\/sound.jpg","contentUrl":"https:\/\/www.cinesouk.ma\/wp-content\/uploads\/2024\/05\/sound.jpg","width":300,"height":238},{"@type":"BreadcrumbList","@id":"https:\/\/www.cinesouk.ma\/product\/roland-m-380-mixing-console\/#breadcrumb","itemListElement":[{"@type":"ListItem","position":1,"name":"Home","item":"https:\/\/www.cinesouk.ma\/"},{"@type":"ListItem","position":2,"name":"Shop","item":"https:\/\/www.cinesouk.ma\/shop\/"},{"@type":"ListItem","position":3,"name":"Roland M-380 Mixing Console"}]},{"@type":"WebSite","@id":"https:\/\/www.cinesouk.ma\/#website","url":"https:\/\/www.cinesouk.ma\/","name":"CineSouk","description":"","publisher":{"@id":"https:\/\/www.cinesouk.ma\/#organization"},"potentialAction":[{"@type":"SearchAction","target":{"@type":"EntryPoint","urlTemplate":"https:\/\/www.cinesouk.ma\/?s={search_term_string}"},"query-input":{"@type":"PropertyValueSpecification","valueRequired":true,"valueName":"search_term_string"}}],"inLanguage":"fr-FR"},{"@type":"Organization","@id":"https:\/\/www.cinesouk.ma\/#organization","name":"CineSouk","url":"https:\/\/www.cinesouk.ma\/","logo":{"@type":"ImageObject","inLanguage":"fr-FR","@id":"https:\/\/www.cinesouk.ma\/#\/schema\/logo\/image\/","url":"https:\/\/www.cinesouk.ma\/wp-content\/uploads\/2024\/01\/CineSouk-logo-v01-alpha-alligned-left.png","contentUrl":"https:\/\/www.cinesouk.ma\/wp-content\/uploads\/2024\/01\/CineSouk-logo-v01-alpha-alligned-left.png","width":3204,"height":889,"caption":"CineSouk"},"image":{"@id":"https:\/\/www.cinesouk.ma\/#\/schema\/logo\/image\/"}}]}},"_links":{"self":[{"href":"https:\/\/www.cinesouk.ma\/fr\/wp-json\/wp\/v2\/product\/6715","targetHints":{"allow":["GET"]}}],"collection":[{"href":"https:\/\/www.cinesouk.ma\/fr\/wp-json\/wp\/v2\/product"}],"about":[{"href":"https:\/\/www.cinesouk.ma\/fr\/wp-json\/wp\/v2\/types\/product"}],"wp:featuredmedia":[{"embeddable":true,"href":"https:\/\/www.cinesouk.ma\/fr\/wp-json\/wp\/v2\/media\/6716"}],"wp:attachment":[{"href":"https:\/\/www.cinesouk.ma\/fr\/wp-json\/wp\/v2\/media?parent=6715"}],"wp:term":[{"taxonomy":"product_brand","embeddable":true,"href":"https:\/\/www.cinesouk.ma\/fr\/wp-json\/wp\/v2\/product_brand?post=6715"},{"taxonomy":"product_cat","embeddable":true,"href":"https:\/\/www.cinesouk.ma\/fr\/wp-json\/wp\/v2\/product_cat?post=6715"},{"taxonomy":"product_tag","embeddable":true,"href":"https:\/\/www.cinesouk.ma\/fr\/wp-json\/wp\/v2\/product_tag?post=6715"}],"curies":[{"name":"wp","href":"https:\/\/api.w.org\/{rel}","templated":true}]}}