{"id":6747,"date":"2024-02-20T16:00:27","date_gmt":"2024-02-20T16:00:27","guid":{"rendered":"https:\/\/www.cinesouk.ma\/?post_type=product&#038;p=6747"},"modified":"2025-08-22T11:02:39","modified_gmt":"2025-08-22T11:02:39","slug":"benro-mach3-benro-tma48cxl-carbon-fiber-tripod-benro-hd2a-arca-swiss-3-tripod-head","status":"publish","type":"product","link":"https:\/\/www.cinesouk.ma\/fr\/produit\/benro-mach3-benro-tma48cxl-carbon-fiber-tripod-benro-hd2a-arca-swiss-3-tripod-head\/","title":{"rendered":"Benro Mach3 Benro TMA48CXL Tr\u00e9pied en fibre de carbone + Benro HD2A T\u00eate Arca-Swiss \u00e0 3 tr\u00e9pieds"},"content":{"rendered":"<p>Le tr\u00e9pied Benro Mach3 TMA48CXL en fibre de carbone et la rotule Benro HD2A Arca-Swiss \u00e0 3 voies constituent une installation puissante pour les photographes professionnels. Le tr\u00e9pied TMA48CXL, qui fait partie de la s\u00e9rie Mach3 de Benro, associe un design l\u00e9ger \u00e0 une construction robuste, ce qui le rend id\u00e9al pour la portabilit\u00e9 et la stabilit\u00e9. Il excelle dans divers sc\u00e9narios photographiques, du travail en studio aux prises de vue sur place.<\/p>\n<p>Le tr\u00e9pied TMA48CXL utilise quatre sections de jambes en fibre de carbone pour une solidit\u00e9 sans poids suppl\u00e9mentaire. Sa hauteur maximale de 210 cm permet de r\u00e9aliser des prises de vue en hauteur tout en conservant une bonne stabilit\u00e9. Les jambes \u00e0 verrouillage rotatif peuvent \u00eatre r\u00e9gl\u00e9es ind\u00e9pendamment selon trois angles, ce qui garantit une grande polyvalence sur les sols irr\u00e9guliers ou pour les prises de vue en contre-plong\u00e9e. Malgr\u00e9 sa hauteur, le tr\u00e9pied se replie \u00e0 68,5 cm et ne p\u00e8se que 2,55 kg, ce qui le rend facile \u00e0 transporter.<\/p>\n<p>La rotule Benro HD2A 3-Way offre un contr\u00f4le pr\u00e9cis de la cam\u00e9ra, avec des boutons ind\u00e9pendants pour le panoramique, l'inclinaison et le roulis. Cela vous permet d'affiner le positionnement pour des prises de vue parfaites. Le syst\u00e8me de fixation rapide compatible Arca-Swiss assure une fixation rapide et s\u00fbre de l'appareil photo. Con\u00e7ue pour supporter des appareils photo lourds, la rotule HD2A convient \u00e0 un large \u00e9ventail d'applications photographiques.<\/p>\n<p>Le tr\u00e9pied TMA48CXL et la rotule HD2A offrent la stabilit\u00e9, le contr\u00f4le et la polyvalence dont les photographes professionnels ont besoin pour prendre des photos parfaitement compos\u00e9es et nettes dans n'importe quel contexte.<\/p>\n<p>Louez-le maintenant sur <a href=\"https:\/\/www.cinesouk.ma\/fr\">CINESOUK<\/a> - une marque de <a href=\"https:\/\/www.broadway.ma\/\">BROADWAY PRODUCTIONS SARL.<\/a><\/p>","protected":false},"excerpt":{"rendered":"<p><strong>Sp\u00e9cifications :<\/strong><\/p>\n<p><strong>Benro Mach3 TMA48CXL Tr\u00e9pied en fibre de carbone :<\/strong><\/p>\n<ul>\n<li>Mat\u00e9riau : Fibre de carbone 9 couches<\/li>\n<li>Hauteur maximale : 210 cm<\/li>\n<li>Hauteur minimale : 44 cm<\/li>\n<li>Longueur pli\u00e9e : 68,5 cm<\/li>\n<li>Capacit\u00e9 de charge : 20 kg<\/li>\n<li>Sections des jambes : 4<\/li>\n<li>Type de verrouillage des jambes : Verrouillage par rotation<\/li>\n<li>Poids : 2,55 kg<\/li>\n<\/ul>\n<p><strong>T\u00eate Benro HD2A Arca-Swiss \u00e0 3 voies :<\/strong><\/p>\n<ul>\n<li>Port\u00e9e panoramique : 360\u00b0<\/li>\n<li>Plage d'inclinaison : +90\u00b0 \u00e0 -30\u00b0 (avant\/arri\u00e8re), +90\u00b0 \u00e0 -25\u00b0 (c\u00f4t\u00e9)<\/li>\n<li>Plaque de fixation rapide : compatible Arca-Swiss<\/li>\n<li>Boutons de commande ind\u00e9pendants : Panoramique, inclinaison et roulis<\/li>\n<li>Capacit\u00e9 de charge : 8 kg<\/li>\n<li>Poids : 0,85 kg<\/li>\n<\/ul>","protected":false},"featured_media":7821,"template":"","meta":{"om_disable_all_campaigns":false,"_monsterinsights_skip_tracking":false,"_monsterinsights_sitenote_active":false,"_monsterinsights_sitenote_note":"","_monsterinsights_sitenote_category":0,"_uf_show_specific_survey":0,"_uf_disable_surveys":false},"product_brand":[],"product_cat":[134,79,75],"product_tag":[],"class_list":{"0":"post-6747","1":"product","2":"type-product","3":"status-publish","4":"has-post-thumbnail","6":"product_cat-tripod-and-support-eventsouk","7":"product_cat-photography-cinesouk","8":"product_cat-tripod-and-support-cinesouk","10":"entry","11":"has-media","13":"first","14":"instock","15":"taxable","16":"shipping-taxable","17":"purchasable","18":"product-type-variable","19":"has-product-nav","20":"col","21":"span_1_of_3","22":"owp-content-center","23":"owp-thumbs-layout-horizontal","24":"owp-btn-normal","25":"owp-tabs-layout-horizontal","26":"has-no-thumbnails"},"yoast_head":"<!-- This site is optimized with the Yoast SEO Premium plugin v26.0 (Yoast SEO v26.0) - https:\/\/yoast.com\/wordpress\/plugins\/seo\/ -->\n<title>Benro TMA48CXL + Benro HD2A - CineSouk - For rent<\/title>\n<meta name=\"description\" content=\"Benro Mach3 TMA48CXL + HD2A Head: Lightweight yet strong, this tripod and head combo offers stability and precise control for photography.\" \/>\n<meta name=\"robots\" content=\"index, follow, max-snippet:-1, max-image-preview:large, max-video-preview:-1\" \/>\n<link rel=\"canonical\" href=\"https:\/\/www.cinesouk.ma\/fr\/produit\/benro-mach3-benro-tma48cxl-carbon-fiber-tripod-benro-hd2a-arca-swiss-3-tripod-head\/\" \/>\n<meta property=\"og:locale\" content=\"fr_FR\" \/>\n<meta property=\"og:type\" content=\"article\" \/>\n<meta property=\"og:title\" content=\"Benro Mach3 Benro TMA48CXL Carbon Fiber Tripod + Benro HD2A Arca-Swiss 3-tripod head\" \/>\n<meta property=\"og:description\" content=\"Benro Mach3 TMA48CXL + HD2A Head: Lightweight yet strong, this tripod and head combo offers stability and precise control for photography.\" \/>\n<meta property=\"og:url\" content=\"https:\/\/www.cinesouk.ma\/fr\/produit\/benro-mach3-benro-tma48cxl-carbon-fiber-tripod-benro-hd2a-arca-swiss-3-tripod-head\/\" \/>\n<meta property=\"og:site_name\" content=\"CineSouk\" \/>\n<meta property=\"article:modified_time\" content=\"2025-08-22T11:02:39+00:00\" \/>\n<meta property=\"og:image\" content=\"https:\/\/www.cinesouk.ma\/wp-content\/uploads\/2024\/05\/1b.jpg\" \/>\n\t<meta property=\"og:image:width\" content=\"300\" \/>\n\t<meta property=\"og:image:height\" content=\"238\" \/>\n\t<meta property=\"og:image:type\" content=\"image\/jpeg\" \/>\n<meta name=\"twitter:card\" content=\"summary_large_image\" \/>\n<meta name=\"twitter:title\" content=\"Benro Mach3 Benro TMA48CXL Carbon Fiber Tripod + Benro HD2A Arca-Swiss 3-tripod head\" \/>\n<meta name=\"twitter:description\" content=\"Benro Mach3 TMA48CXL + HD2A Head: Lightweight yet strong, this tripod and head combo offers stability and precise control for photography.\" \/>\n<meta name=\"twitter:label1\" content=\"Dur\u00e9e de lecture estim\u00e9e\" \/>\n\t<meta name=\"twitter:data1\" content=\"2 minutes\" \/>\n<script type=\"application\/ld+json\" class=\"yoast-schema-graph\">{\"@context\":\"https:\/\/schema.org\",\"@graph\":[{\"@type\":\"WebPage\",\"@id\":\"https:\/\/www.cinesouk.ma\/product\/benro-mach3-benro-tma48cxl-carbon-fiber-tripod-benro-hd2a-arca-swiss-3-tripod-head\/\",\"url\":\"https:\/\/www.cinesouk.ma\/product\/benro-mach3-benro-tma48cxl-carbon-fiber-tripod-benro-hd2a-arca-swiss-3-tripod-head\/\",\"name\":\"Benro TMA48CXL + Benro HD2A - CineSouk - For rent\",\"isPartOf\":{\"@id\":\"https:\/\/www.cinesouk.ma\/#website\"},\"primaryImageOfPage\":{\"@id\":\"https:\/\/www.cinesouk.ma\/product\/benro-mach3-benro-tma48cxl-carbon-fiber-tripod-benro-hd2a-arca-swiss-3-tripod-head\/#primaryimage\"},\"image\":{\"@id\":\"https:\/\/www.cinesouk.ma\/product\/benro-mach3-benro-tma48cxl-carbon-fiber-tripod-benro-hd2a-arca-swiss-3-tripod-head\/#primaryimage\"},\"thumbnailUrl\":\"https:\/\/www.cinesouk.ma\/wp-content\/uploads\/2024\/05\/1b.jpg\",\"datePublished\":\"2024-02-20T16:00:27+00:00\",\"dateModified\":\"2025-08-22T11:02:39+00:00\",\"description\":\"Benro Mach3 TMA48CXL + HD2A Head: Lightweight yet strong, this tripod and head combo offers stability and precise control for photography.\",\"breadcrumb\":{\"@id\":\"https:\/\/www.cinesouk.ma\/product\/benro-mach3-benro-tma48cxl-carbon-fiber-tripod-benro-hd2a-arca-swiss-3-tripod-head\/#breadcrumb\"},\"inLanguage\":\"fr-FR\",\"potentialAction\":[{\"@type\":\"ReadAction\",\"target\":[\"https:\/\/www.cinesouk.ma\/product\/benro-mach3-benro-tma48cxl-carbon-fiber-tripod-benro-hd2a-arca-swiss-3-tripod-head\/\"]}]},{\"@type\":\"ImageObject\",\"inLanguage\":\"fr-FR\",\"@id\":\"https:\/\/www.cinesouk.ma\/product\/benro-mach3-benro-tma48cxl-carbon-fiber-tripod-benro-hd2a-arca-swiss-3-tripod-head\/#primaryimage\",\"url\":\"https:\/\/www.cinesouk.ma\/wp-content\/uploads\/2024\/05\/1b.jpg\",\"contentUrl\":\"https:\/\/www.cinesouk.ma\/wp-content\/uploads\/2024\/05\/1b.jpg\",\"width\":300,\"height\":238,\"caption\":\"Benro Mach3 Benro TMA48CXL Carbon Fiber Tripod + Benro HD2A Arca-Swiss 3-tripod head\"},{\"@type\":\"BreadcrumbList\",\"@id\":\"https:\/\/www.cinesouk.ma\/product\/benro-mach3-benro-tma48cxl-carbon-fiber-tripod-benro-hd2a-arca-swiss-3-tripod-head\/#breadcrumb\",\"itemListElement\":[{\"@type\":\"ListItem\",\"position\":1,\"name\":\"Home\",\"item\":\"https:\/\/www.cinesouk.ma\/\"},{\"@type\":\"ListItem\",\"position\":2,\"name\":\"Shop\",\"item\":\"https:\/\/www.cinesouk.ma\/shop\/\"},{\"@type\":\"ListItem\",\"position\":3,\"name\":\"Benro Mach3 Benro TMA48CXL Carbon Fiber Tripod + Benro HD2A Arca-Swiss 3-tripod head\"}]},{\"@type\":\"WebSite\",\"@id\":\"https:\/\/www.cinesouk.ma\/#website\",\"url\":\"https:\/\/www.cinesouk.ma\/\",\"name\":\"CineSouk\",\"description\":\"\",\"publisher\":{\"@id\":\"https:\/\/www.cinesouk.ma\/#organization\"},\"potentialAction\":[{\"@type\":\"SearchAction\",\"target\":{\"@type\":\"EntryPoint\",\"urlTemplate\":\"https:\/\/www.cinesouk.ma\/?s={search_term_string}\"},\"query-input\":{\"@type\":\"PropertyValueSpecification\",\"valueRequired\":true,\"valueName\":\"search_term_string\"}}],\"inLanguage\":\"fr-FR\"},{\"@type\":\"Organization\",\"@id\":\"https:\/\/www.cinesouk.ma\/#organization\",\"name\":\"CineSouk\",\"url\":\"https:\/\/www.cinesouk.ma\/\",\"logo\":{\"@type\":\"ImageObject\",\"inLanguage\":\"fr-FR\",\"@id\":\"https:\/\/www.cinesouk.ma\/#\/schema\/logo\/image\/\",\"url\":\"https:\/\/www.cinesouk.ma\/wp-content\/uploads\/2024\/01\/CineSouk-logo-v01-alpha-alligned-left.png\",\"contentUrl\":\"https:\/\/www.cinesouk.ma\/wp-content\/uploads\/2024\/01\/CineSouk-logo-v01-alpha-alligned-left.png\",\"width\":3204,\"height\":889,\"caption\":\"CineSouk\"},\"image\":{\"@id\":\"https:\/\/www.cinesouk.ma\/#\/schema\/logo\/image\/\"}}]}<\/script>\n<!-- \/ Yoast SEO Premium plugin. -->","yoast_head_json":{"title":"Benro TMA48CXL + Benro HD2A - CineSouk - For rent","description":"Benro Mach3 TMA48CXL + HD2A Head: Lightweight yet strong, this tripod and head combo offers stability and precise control for photography.","robots":{"index":"index","follow":"follow","max-snippet":"max-snippet:-1","max-image-preview":"max-image-preview:large","max-video-preview":"max-video-preview:-1"},"canonical":"https:\/\/www.cinesouk.ma\/fr\/produit\/benro-mach3-benro-tma48cxl-carbon-fiber-tripod-benro-hd2a-arca-swiss-3-tripod-head\/","og_locale":"fr_FR","og_type":"article","og_title":"Benro Mach3 Benro TMA48CXL Carbon Fiber Tripod + Benro HD2A Arca-Swiss 3-tripod head","og_description":"Benro Mach3 TMA48CXL + HD2A Head: Lightweight yet strong, this tripod and head combo offers stability and precise control for photography.","og_url":"https:\/\/www.cinesouk.ma\/fr\/produit\/benro-mach3-benro-tma48cxl-carbon-fiber-tripod-benro-hd2a-arca-swiss-3-tripod-head\/","og_site_name":"CineSouk","article_modified_time":"2025-08-22T11:02:39+00:00","og_image":[{"width":300,"height":238,"url":"https:\/\/www.cinesouk.ma\/wp-content\/uploads\/2024\/05\/1b.jpg","type":"image\/jpeg"}],"twitter_card":"summary_large_image","twitter_title":"Benro Mach3 Benro TMA48CXL Carbon Fiber Tripod + Benro HD2A Arca-Swiss 3-tripod head","twitter_description":"Benro Mach3 TMA48CXL + HD2A Head: Lightweight yet strong, this tripod and head combo offers stability and precise control for photography.","twitter_misc":{"Dur\u00e9e de lecture estim\u00e9e":"2 minutes"},"schema":{"@context":"https:\/\/schema.org","@graph":[{"@type":"WebPage","@id":"https:\/\/www.cinesouk.ma\/product\/benro-mach3-benro-tma48cxl-carbon-fiber-tripod-benro-hd2a-arca-swiss-3-tripod-head\/","url":"https:\/\/www.cinesouk.ma\/product\/benro-mach3-benro-tma48cxl-carbon-fiber-tripod-benro-hd2a-arca-swiss-3-tripod-head\/","name":"Benro TMA48CXL + Benro HD2A - CineSouk - For rent","isPartOf":{"@id":"https:\/\/www.cinesouk.ma\/#website"},"primaryImageOfPage":{"@id":"https:\/\/www.cinesouk.ma\/product\/benro-mach3-benro-tma48cxl-carbon-fiber-tripod-benro-hd2a-arca-swiss-3-tripod-head\/#primaryimage"},"image":{"@id":"https:\/\/www.cinesouk.ma\/product\/benro-mach3-benro-tma48cxl-carbon-fiber-tripod-benro-hd2a-arca-swiss-3-tripod-head\/#primaryimage"},"thumbnailUrl":"https:\/\/www.cinesouk.ma\/wp-content\/uploads\/2024\/05\/1b.jpg","datePublished":"2024-02-20T16:00:27+00:00","dateModified":"2025-08-22T11:02:39+00:00","description":"Benro Mach3 TMA48CXL + HD2A Head: Lightweight yet strong, this tripod and head combo offers stability and precise control for photography.","breadcrumb":{"@id":"https:\/\/www.cinesouk.ma\/product\/benro-mach3-benro-tma48cxl-carbon-fiber-tripod-benro-hd2a-arca-swiss-3-tripod-head\/#breadcrumb"},"inLanguage":"fr-FR","potentialAction":[{"@type":"ReadAction","target":["https:\/\/www.cinesouk.ma\/product\/benro-mach3-benro-tma48cxl-carbon-fiber-tripod-benro-hd2a-arca-swiss-3-tripod-head\/"]}]},{"@type":"ImageObject","inLanguage":"fr-FR","@id":"https:\/\/www.cinesouk.ma\/product\/benro-mach3-benro-tma48cxl-carbon-fiber-tripod-benro-hd2a-arca-swiss-3-tripod-head\/#primaryimage","url":"https:\/\/www.cinesouk.ma\/wp-content\/uploads\/2024\/05\/1b.jpg","contentUrl":"https:\/\/www.cinesouk.ma\/wp-content\/uploads\/2024\/05\/1b.jpg","width":300,"height":238,"caption":"Benro Mach3 Benro TMA48CXL Carbon Fiber Tripod + Benro HD2A Arca-Swiss 3-tripod head"},{"@type":"BreadcrumbList","@id":"https:\/\/www.cinesouk.ma\/product\/benro-mach3-benro-tma48cxl-carbon-fiber-tripod-benro-hd2a-arca-swiss-3-tripod-head\/#breadcrumb","itemListElement":[{"@type":"ListItem","position":1,"name":"Home","item":"https:\/\/www.cinesouk.ma\/"},{"@type":"ListItem","position":2,"name":"Shop","item":"https:\/\/www.cinesouk.ma\/shop\/"},{"@type":"ListItem","position":3,"name":"Benro Mach3 Benro TMA48CXL Carbon Fiber Tripod + Benro HD2A Arca-Swiss 3-tripod head"}]},{"@type":"WebSite","@id":"https:\/\/www.cinesouk.ma\/#website","url":"https:\/\/www.cinesouk.ma\/","name":"CineSouk","description":"","publisher":{"@id":"https:\/\/www.cinesouk.ma\/#organization"},"potentialAction":[{"@type":"SearchAction","target":{"@type":"EntryPoint","urlTemplate":"https:\/\/www.cinesouk.ma\/?s={search_term_string}"},"query-input":{"@type":"PropertyValueSpecification","valueRequired":true,"valueName":"search_term_string"}}],"inLanguage":"fr-FR"},{"@type":"Organization","@id":"https:\/\/www.cinesouk.ma\/#organization","name":"CineSouk","url":"https:\/\/www.cinesouk.ma\/","logo":{"@type":"ImageObject","inLanguage":"fr-FR","@id":"https:\/\/www.cinesouk.ma\/#\/schema\/logo\/image\/","url":"https:\/\/www.cinesouk.ma\/wp-content\/uploads\/2024\/01\/CineSouk-logo-v01-alpha-alligned-left.png","contentUrl":"https:\/\/www.cinesouk.ma\/wp-content\/uploads\/2024\/01\/CineSouk-logo-v01-alpha-alligned-left.png","width":3204,"height":889,"caption":"CineSouk"},"image":{"@id":"https:\/\/www.cinesouk.ma\/#\/schema\/logo\/image\/"}}]}},"_links":{"self":[{"href":"https:\/\/www.cinesouk.ma\/fr\/wp-json\/wp\/v2\/product\/6747","targetHints":{"allow":["GET"]}}],"collection":[{"href":"https:\/\/www.cinesouk.ma\/fr\/wp-json\/wp\/v2\/product"}],"about":[{"href":"https:\/\/www.cinesouk.ma\/fr\/wp-json\/wp\/v2\/types\/product"}],"wp:featuredmedia":[{"embeddable":true,"href":"https:\/\/www.cinesouk.ma\/fr\/wp-json\/wp\/v2\/media\/7821"}],"wp:attachment":[{"href":"https:\/\/www.cinesouk.ma\/fr\/wp-json\/wp\/v2\/media?parent=6747"}],"wp:term":[{"taxonomy":"product_brand","embeddable":true,"href":"https:\/\/www.cinesouk.ma\/fr\/wp-json\/wp\/v2\/product_brand?post=6747"},{"taxonomy":"product_cat","embeddable":true,"href":"https:\/\/www.cinesouk.ma\/fr\/wp-json\/wp\/v2\/product_cat?post=6747"},{"taxonomy":"product_tag","embeddable":true,"href":"https:\/\/www.cinesouk.ma\/fr\/wp-json\/wp\/v2\/product_tag?post=6747"}],"curies":[{"name":"wp","href":"https:\/\/api.w.org\/{rel}","templated":true}]}}