{"id":6759,"date":"2025-03-09T19:40:07","date_gmt":"2025-03-09T19:40:07","guid":{"rendered":"https:\/\/www.cinesouk.ma\/?post_type=product&#038;p=6759"},"modified":"2025-08-18T10:47:07","modified_gmt":"2025-08-18T10:47:07","slug":"aputure-ls-300d-ii","status":"publish","type":"product","link":"https:\/\/www.cinesouk.ma\/fr\/produit\/aputure-ls-300d-ii\/","title":{"rendered":"Aputure LS 300D II"},"content":{"rendered":"<p>Le LS 300D II d'Aputure offre un \u00e9clairage polyvalent aux cin\u00e9astes et aux photographes, excellant en studio et sur les lieux de tournage. Cette LED de 300W \u00e9quilibr\u00e9e pour la lumi\u00e8re du jour d\u00e9livre plus de 3500+ lux \u00e0 3 m\u00e8tres avec son r\u00e9flecteur, offrant une luminosit\u00e9 impressionnante dans un format compact.<\/p>\n<p>S'appuyant sur le succ\u00e8s de son pr\u00e9d\u00e9cesseur, le LS 300D II est dot\u00e9 d'une conception durable, d'un syst\u00e8me de refroidissement am\u00e9lior\u00e9 et d'un bo\u00eetier de commande redessin\u00e9. Il offre une excellente pr\u00e9cision des couleurs avec un IRC et un indice TLCI de 96+, garantissant une reproduction naturelle des couleurs.<\/p>\n<p>L'application Sidus Link permet de contr\u00f4ler sans fil la luminosit\u00e9, la temp\u00e9rature de couleur et les effets via votre smartphone ou votre tablette. Le r\u00e9glage de la lumi\u00e8re est ainsi facilit\u00e9, m\u00eame dans les zones difficiles d'acc\u00e8s.<\/p>\n<p>L'Aputure LS 300D II fonctionne sur secteur ou sur deux batteries V-Mount, ce qui le rend adapt\u00e9 \u00e0 une utilisation en studio et en ext\u00e9rieur. Le bo\u00eetier de commande am\u00e9lior\u00e9 comprend une interface intuitive et une conception r\u00e9sistante aux intemp\u00e9ries pour des performances fiables.<\/p>\n<p>Le LS 300D II prend en charge une large gamme de modificateurs, tels que les bo\u00eetes \u00e0 lumi\u00e8re, les lentilles de Fresnel et les coupe-flux. Sa monture Bowens permet de fixer rapidement des accessoires et d'\u00e9largir les possibilit\u00e9s cr\u00e9atives pour divers sc\u00e9narios de prise de vue.<\/p>\n<p>Louez-le maintenant sur <a href=\"https:\/\/www.cinesouk.ma\/fr\">CINESOUK<\/a> - une marque de <a href=\"https:\/\/www.broadway.ma\/\">BROADWAY PRODUCTIONS SARL.<\/a><\/p>","protected":false},"excerpt":{"rendered":"<p><strong>Sp\u00e9cifications<\/strong><\/p>\n<ul>\n<li><strong>Puissance de sortie :<\/strong> 300W<\/li>\n<li><strong>Puissance lumineuse :<\/strong> 3500+ lux \u00e0 3 m\u00e8tres (avec r\u00e9flecteur)<\/li>\n<li><strong>Temp\u00e9rature de couleur :<\/strong> 5500K (lumi\u00e8re du jour \u00e9quilibr\u00e9e)<\/li>\n<li><strong>CRI\/TLCI :<\/strong> 96+<\/li>\n<li><strong>Options de contr\u00f4le :<\/strong> Sidus Link App, commandes embarqu\u00e9es<\/li>\n<li><strong>Options d'alimentation :<\/strong> Alimentation CA, deux batteries V-Mount<\/li>\n<li><strong>Type de montage :<\/strong> Monture Bowens<\/li>\n<li><strong>Poids :<\/strong> 2,2 kg (t\u00eate d'\u00e9clairage), 1,47 kg (bo\u00eetier de commande)<\/li>\n<li><strong>Dimensions :<\/strong> Lumi\u00e8re : 340 x 210 x 200 mm ; bo\u00eetier de contr\u00f4le : 260 x 135 x 110 mm<\/li>\n<\/ul>","protected":false},"featured_media":11260,"template":"","meta":{"om_disable_all_campaigns":false,"_monsterinsights_skip_tracking":false,"_monsterinsights_sitenote_active":false,"_monsterinsights_sitenote_note":"","_monsterinsights_sitenote_category":0,"_uf_show_specific_survey":0,"_uf_disable_surveys":false},"product_brand":[],"product_cat":[131,20,53],"product_tag":[],"class_list":{"0":"post-6759","1":"product","2":"type-product","3":"status-publish","4":"has-post-thumbnail","6":"product_cat-light-eventsouk","7":"product_cat-light-cinesouk","8":"product_cat-popular-cinesouk","10":"entry","11":"has-media","13":"first","14":"instock","15":"taxable","16":"shipping-taxable","17":"purchasable","18":"product-type-variable","19":"has-product-nav","20":"col","21":"span_1_of_3","22":"owp-content-center","23":"owp-thumbs-layout-horizontal","24":"owp-btn-normal","25":"owp-tabs-layout-horizontal","26":"has-no-thumbnails"},"yoast_head":"<!-- This site is optimized with the Yoast SEO Premium plugin v26.0 (Yoast SEO v26.0) - https:\/\/yoast.com\/wordpress\/plugins\/seo\/ -->\n<title>Aputure LS 300D II - CineSouk - For rent<\/title>\n<meta name=\"description\" content=\"Aputure LS 300D II LED Light: 300W daylight-balanced LED with 3500+ lux output, Sidus Link App control, dual power options, and advanced color accuracy.\" \/>\n<meta name=\"robots\" content=\"index, follow, max-snippet:-1, max-image-preview:large, max-video-preview:-1\" \/>\n<link rel=\"canonical\" href=\"https:\/\/www.cinesouk.ma\/fr\/produit\/aputure-ls-300d-ii\/\" \/>\n<meta property=\"og:locale\" content=\"fr_FR\" \/>\n<meta property=\"og:type\" content=\"article\" \/>\n<meta property=\"og:title\" content=\"Aputure LS 300D II\" \/>\n<meta property=\"og:description\" content=\"Aputure LS 300D II LED Light: 300W daylight-balanced LED with 3500+ lux output, Sidus Link App control, dual power options, and advanced color accuracy.\" \/>\n<meta property=\"og:url\" content=\"https:\/\/www.cinesouk.ma\/fr\/produit\/aputure-ls-300d-ii\/\" \/>\n<meta property=\"og:site_name\" content=\"CineSouk\" \/>\n<meta property=\"article:modified_time\" content=\"2025-08-18T10:47:07+00:00\" \/>\n<meta property=\"og:image\" content=\"https:\/\/www.cinesouk.ma\/wp-content\/uploads\/2025\/01\/Aputure-LS-300D-II-1.jpg\" \/>\n\t<meta property=\"og:image:width\" content=\"300\" \/>\n\t<meta property=\"og:image:height\" content=\"238\" \/>\n\t<meta property=\"og:image:type\" content=\"image\/jpeg\" \/>\n<meta name=\"twitter:card\" content=\"summary_large_image\" \/>\n<meta name=\"twitter:title\" content=\"Aputure LS 300D II\" \/>\n<meta name=\"twitter:description\" content=\"Aputure LS 300d II LED Light: 300W daylight-balanced LED with 3500+ lux output, Sidus Link App control, dual power options, and advanced color accuracy.\" \/>\n<meta name=\"twitter:label1\" content=\"Dur\u00e9e de lecture estim\u00e9e\" \/>\n\t<meta name=\"twitter:data1\" content=\"1 minute\" \/>\n<script type=\"application\/ld+json\" class=\"yoast-schema-graph\">{\"@context\":\"https:\/\/schema.org\",\"@graph\":[{\"@type\":\"WebPage\",\"@id\":\"https:\/\/www.cinesouk.ma\/product\/aputure-ls-300d-ii\/\",\"url\":\"https:\/\/www.cinesouk.ma\/product\/aputure-ls-300d-ii\/\",\"name\":\"Aputure LS 300D II - CineSouk - For rent\",\"isPartOf\":{\"@id\":\"https:\/\/www.cinesouk.ma\/#website\"},\"primaryImageOfPage\":{\"@id\":\"https:\/\/www.cinesouk.ma\/product\/aputure-ls-300d-ii\/#primaryimage\"},\"image\":{\"@id\":\"https:\/\/www.cinesouk.ma\/product\/aputure-ls-300d-ii\/#primaryimage\"},\"thumbnailUrl\":\"https:\/\/www.cinesouk.ma\/wp-content\/uploads\/2025\/01\/Aputure-LS-300D-II-1.jpg\",\"datePublished\":\"2025-03-09T19:40:07+00:00\",\"dateModified\":\"2025-08-18T10:47:07+00:00\",\"description\":\"Aputure LS 300D II LED Light: 300W daylight-balanced LED with 3500+ lux output, Sidus Link App control, dual power options, and advanced color accuracy.\",\"breadcrumb\":{\"@id\":\"https:\/\/www.cinesouk.ma\/product\/aputure-ls-300d-ii\/#breadcrumb\"},\"inLanguage\":\"fr-FR\",\"potentialAction\":[{\"@type\":\"ReadAction\",\"target\":[\"https:\/\/www.cinesouk.ma\/product\/aputure-ls-300d-ii\/\"]}]},{\"@type\":\"ImageObject\",\"inLanguage\":\"fr-FR\",\"@id\":\"https:\/\/www.cinesouk.ma\/product\/aputure-ls-300d-ii\/#primaryimage\",\"url\":\"https:\/\/www.cinesouk.ma\/wp-content\/uploads\/2025\/01\/Aputure-LS-300D-II-1.jpg\",\"contentUrl\":\"https:\/\/www.cinesouk.ma\/wp-content\/uploads\/2025\/01\/Aputure-LS-300D-II-1.jpg\",\"width\":300,\"height\":238,\"caption\":\"Aputure LS 300D II\"},{\"@type\":\"BreadcrumbList\",\"@id\":\"https:\/\/www.cinesouk.ma\/product\/aputure-ls-300d-ii\/#breadcrumb\",\"itemListElement\":[{\"@type\":\"ListItem\",\"position\":1,\"name\":\"Home\",\"item\":\"https:\/\/www.cinesouk.ma\/\"},{\"@type\":\"ListItem\",\"position\":2,\"name\":\"Shop\",\"item\":\"https:\/\/www.cinesouk.ma\/shop\/\"},{\"@type\":\"ListItem\",\"position\":3,\"name\":\"Aputure LS 300D II\"}]},{\"@type\":\"WebSite\",\"@id\":\"https:\/\/www.cinesouk.ma\/#website\",\"url\":\"https:\/\/www.cinesouk.ma\/\",\"name\":\"CineSouk\",\"description\":\"\",\"publisher\":{\"@id\":\"https:\/\/www.cinesouk.ma\/#organization\"},\"potentialAction\":[{\"@type\":\"SearchAction\",\"target\":{\"@type\":\"EntryPoint\",\"urlTemplate\":\"https:\/\/www.cinesouk.ma\/?s={search_term_string}\"},\"query-input\":{\"@type\":\"PropertyValueSpecification\",\"valueRequired\":true,\"valueName\":\"search_term_string\"}}],\"inLanguage\":\"fr-FR\"},{\"@type\":\"Organization\",\"@id\":\"https:\/\/www.cinesouk.ma\/#organization\",\"name\":\"CineSouk\",\"url\":\"https:\/\/www.cinesouk.ma\/\",\"logo\":{\"@type\":\"ImageObject\",\"inLanguage\":\"fr-FR\",\"@id\":\"https:\/\/www.cinesouk.ma\/#\/schema\/logo\/image\/\",\"url\":\"https:\/\/www.cinesouk.ma\/wp-content\/uploads\/2024\/01\/CineSouk-logo-v01-alpha-alligned-left.png\",\"contentUrl\":\"https:\/\/www.cinesouk.ma\/wp-content\/uploads\/2024\/01\/CineSouk-logo-v01-alpha-alligned-left.png\",\"width\":3204,\"height\":889,\"caption\":\"CineSouk\"},\"image\":{\"@id\":\"https:\/\/www.cinesouk.ma\/#\/schema\/logo\/image\/\"}}]}<\/script>\n<!-- \/ Yoast SEO Premium plugin. -->","yoast_head_json":{"title":"Aputure LS 300D II - CineSouk - For rent","description":"Aputure LS 300D II LED Light: 300W daylight-balanced LED with 3500+ lux output, Sidus Link App control, dual power options, and advanced color accuracy.","robots":{"index":"index","follow":"follow","max-snippet":"max-snippet:-1","max-image-preview":"max-image-preview:large","max-video-preview":"max-video-preview:-1"},"canonical":"https:\/\/www.cinesouk.ma\/fr\/produit\/aputure-ls-300d-ii\/","og_locale":"fr_FR","og_type":"article","og_title":"Aputure LS 300D II","og_description":"Aputure LS 300D II LED Light: 300W daylight-balanced LED with 3500+ lux output, Sidus Link App control, dual power options, and advanced color accuracy.","og_url":"https:\/\/www.cinesouk.ma\/fr\/produit\/aputure-ls-300d-ii\/","og_site_name":"CineSouk","article_modified_time":"2025-08-18T10:47:07+00:00","og_image":[{"width":300,"height":238,"url":"https:\/\/www.cinesouk.ma\/wp-content\/uploads\/2025\/01\/Aputure-LS-300D-II-1.jpg","type":"image\/jpeg"}],"twitter_card":"summary_large_image","twitter_title":"Aputure LS 300D II","twitter_description":"Aputure LS 300d II LED Light: 300W daylight-balanced LED with 3500+ lux output, Sidus Link App control, dual power options, and advanced color accuracy.","twitter_misc":{"Dur\u00e9e de lecture estim\u00e9e":"1 minute"},"schema":{"@context":"https:\/\/schema.org","@graph":[{"@type":"WebPage","@id":"https:\/\/www.cinesouk.ma\/product\/aputure-ls-300d-ii\/","url":"https:\/\/www.cinesouk.ma\/product\/aputure-ls-300d-ii\/","name":"Aputure LS 300D II - CineSouk - For rent","isPartOf":{"@id":"https:\/\/www.cinesouk.ma\/#website"},"primaryImageOfPage":{"@id":"https:\/\/www.cinesouk.ma\/product\/aputure-ls-300d-ii\/#primaryimage"},"image":{"@id":"https:\/\/www.cinesouk.ma\/product\/aputure-ls-300d-ii\/#primaryimage"},"thumbnailUrl":"https:\/\/www.cinesouk.ma\/wp-content\/uploads\/2025\/01\/Aputure-LS-300D-II-1.jpg","datePublished":"2025-03-09T19:40:07+00:00","dateModified":"2025-08-18T10:47:07+00:00","description":"Aputure LS 300D II LED Light: 300W daylight-balanced LED with 3500+ lux output, Sidus Link App control, dual power options, and advanced color accuracy.","breadcrumb":{"@id":"https:\/\/www.cinesouk.ma\/product\/aputure-ls-300d-ii\/#breadcrumb"},"inLanguage":"fr-FR","potentialAction":[{"@type":"ReadAction","target":["https:\/\/www.cinesouk.ma\/product\/aputure-ls-300d-ii\/"]}]},{"@type":"ImageObject","inLanguage":"fr-FR","@id":"https:\/\/www.cinesouk.ma\/product\/aputure-ls-300d-ii\/#primaryimage","url":"https:\/\/www.cinesouk.ma\/wp-content\/uploads\/2025\/01\/Aputure-LS-300D-II-1.jpg","contentUrl":"https:\/\/www.cinesouk.ma\/wp-content\/uploads\/2025\/01\/Aputure-LS-300D-II-1.jpg","width":300,"height":238,"caption":"Aputure LS 300D II"},{"@type":"BreadcrumbList","@id":"https:\/\/www.cinesouk.ma\/product\/aputure-ls-300d-ii\/#breadcrumb","itemListElement":[{"@type":"ListItem","position":1,"name":"Home","item":"https:\/\/www.cinesouk.ma\/"},{"@type":"ListItem","position":2,"name":"Shop","item":"https:\/\/www.cinesouk.ma\/shop\/"},{"@type":"ListItem","position":3,"name":"Aputure LS 300D II"}]},{"@type":"WebSite","@id":"https:\/\/www.cinesouk.ma\/#website","url":"https:\/\/www.cinesouk.ma\/","name":"CineSouk","description":"","publisher":{"@id":"https:\/\/www.cinesouk.ma\/#organization"},"potentialAction":[{"@type":"SearchAction","target":{"@type":"EntryPoint","urlTemplate":"https:\/\/www.cinesouk.ma\/?s={search_term_string}"},"query-input":{"@type":"PropertyValueSpecification","valueRequired":true,"valueName":"search_term_string"}}],"inLanguage":"fr-FR"},{"@type":"Organization","@id":"https:\/\/www.cinesouk.ma\/#organization","name":"CineSouk","url":"https:\/\/www.cinesouk.ma\/","logo":{"@type":"ImageObject","inLanguage":"fr-FR","@id":"https:\/\/www.cinesouk.ma\/#\/schema\/logo\/image\/","url":"https:\/\/www.cinesouk.ma\/wp-content\/uploads\/2024\/01\/CineSouk-logo-v01-alpha-alligned-left.png","contentUrl":"https:\/\/www.cinesouk.ma\/wp-content\/uploads\/2024\/01\/CineSouk-logo-v01-alpha-alligned-left.png","width":3204,"height":889,"caption":"CineSouk"},"image":{"@id":"https:\/\/www.cinesouk.ma\/#\/schema\/logo\/image\/"}}]}},"_links":{"self":[{"href":"https:\/\/www.cinesouk.ma\/fr\/wp-json\/wp\/v2\/product\/6759","targetHints":{"allow":["GET"]}}],"collection":[{"href":"https:\/\/www.cinesouk.ma\/fr\/wp-json\/wp\/v2\/product"}],"about":[{"href":"https:\/\/www.cinesouk.ma\/fr\/wp-json\/wp\/v2\/types\/product"}],"wp:featuredmedia":[{"embeddable":true,"href":"https:\/\/www.cinesouk.ma\/fr\/wp-json\/wp\/v2\/media\/11260"}],"wp:attachment":[{"href":"https:\/\/www.cinesouk.ma\/fr\/wp-json\/wp\/v2\/media?parent=6759"}],"wp:term":[{"taxonomy":"product_brand","embeddable":true,"href":"https:\/\/www.cinesouk.ma\/fr\/wp-json\/wp\/v2\/product_brand?post=6759"},{"taxonomy":"product_cat","embeddable":true,"href":"https:\/\/www.cinesouk.ma\/fr\/wp-json\/wp\/v2\/product_cat?post=6759"},{"taxonomy":"product_tag","embeddable":true,"href":"https:\/\/www.cinesouk.ma\/fr\/wp-json\/wp\/v2\/product_tag?post=6759"}],"curies":[{"name":"wp","href":"https:\/\/api.w.org\/{rel}","templated":true}]}}