{"id":6771,"date":"2025-03-09T19:55:12","date_gmt":"2025-03-09T19:55:12","guid":{"rendered":"https:\/\/www.cinesouk.ma\/?post_type=product&#038;p=6771"},"modified":"2025-08-18T10:47:05","modified_gmt":"2025-08-18T10:47:05","slug":"aputure-ls-600x-pro","status":"publish","type":"product","link":"https:\/\/www.cinesouk.ma\/fr\/produit\/aputure-ls-600x-pro\/","title":{"rendered":"Aputure LS 600X Pro"},"content":{"rendered":"<p>L'Aputure LS 600X Pro V-Mount est une lampe LED bicolore polyvalente, offrant une large gamme de temp\u00e9ratures de couleur de 2700K \u00e0 6500K. Avec une puissance de 600W, elle offre une luminosit\u00e9 exceptionnelle et un contr\u00f4le pr\u00e9cis des couleurs, ce qui la rend adapt\u00e9e \u00e0 de nombreux sc\u00e9narios d'\u00e9clairage. Sa construction robuste et ses caract\u00e9ristiques avanc\u00e9es garantissent des performances fiables pour les tournages en studio et en ext\u00e9rieur. La compatibilit\u00e9 avec la batterie V-Mount offre la flexibilit\u00e9 n\u00e9cessaire pour les op\u00e9rations mobiles, vous permettant d'\u00e9clairer n'importe quelle sc\u00e8ne avec facilit\u00e9.<\/p>\n<p>Le LS 600x Pro dispose d'une gamme bicolore \u00e9largie de 2700K~6500K tout en conservant un rendement impressionnant. \u00c9quip\u00e9 de son hyper-r\u00e9flecteur natif, le 600x Pro peut produire 5 610 lux \u00e0 3 m\u00e8tres (10 pieds). Avec le modificateur F10 Fresnel, la combinaison peut atteindre un \u00e9clairement de 18 510 lux \u00e0 3 m\u00e8tres en spot de 15\u00b0.<\/p>\n<p>Comme la LS 300x, la 600x Pro utilise une optique de m\u00e9lange des couleurs con\u00e7ue par Aputure qui combine son chipset bicolore en une seule source lumineuse coh\u00e9rente, ce qui lui permet d'\u00eatre utilis\u00e9e avec des modificateurs de lentilles optiques tels que le F10 Fresnel et la monture Spotlight.<\/p>\n<h4>Caract\u00e9ristiques de la monture en V Aputure LS 600X Pro :<\/h4>\n<ul>\n<li>LED bi-couleur \u00e0 source ponctuelle de 600W \u00e0 montage Bowens avec conception optique de m\u00e9lange des couleurs de pr\u00e9cision<\/li>\n<li>Rendement impressionnant : 5 610+ lux \u00e0 3m avec le r\u00e9flecteur LS 600 Series Hyper Reflector (5 600K)<\/li>\n<li>Gamme \u00e9largie de CCT bi-couleur : 2 700 K 6 500 K<\/li>\n<li>Conception r\u00e9sistante aux intemp\u00e9ries<\/li>\n<li>Sidus Link, LumenRadio CRMX, Art-net &amp; sACN via etherCON, 5-Pin DMX512<\/li>\n<\/ul>\n<p>Louez-le maintenant sur <a href=\"https:\/\/www.cinesouk.ma\/fr\">CINESOUK<\/a> - une marque de <a href=\"https:\/\/www.broadway.ma\/\">BROADWAY PRODUCTIONS SARL.<\/a><\/p>","protected":false},"excerpt":{"rendered":"<p>Sp\u00e9cifications<\/p>\n<p>Puissance de sortie : 600W<br \/>\nTemp\u00e9rature de couleur : 2700K \u00e0 6500K (bicolore)<br \/>\nCompatibilit\u00e9 avec les batteries : V-Mount<br \/>\nOptions de contr\u00f4le : DMX512, application Sidus Link, bo\u00eetier de contr\u00f4le<br \/>\nConstruction : Conception durable et r\u00e9sistante aux intemp\u00e9ries<br \/>\nDimensions : Compact et portable pour un transport facile<\/p>","protected":false},"featured_media":10967,"template":"","meta":{"om_disable_all_campaigns":false,"_monsterinsights_skip_tracking":false,"_monsterinsights_sitenote_active":false,"_monsterinsights_sitenote_note":"","_monsterinsights_sitenote_category":0,"_uf_show_specific_survey":0,"_uf_disable_surveys":false},"product_brand":[],"product_cat":[131,20],"product_tag":[],"class_list":{"0":"post-6771","1":"product","2":"type-product","3":"status-publish","4":"has-post-thumbnail","6":"product_cat-light-eventsouk","7":"product_cat-light-cinesouk","9":"entry","10":"has-media","12":"first","13":"instock","14":"taxable","15":"shipping-taxable","16":"purchasable","17":"product-type-variable","18":"has-product-nav","19":"col","20":"span_1_of_3","21":"owp-content-center","22":"owp-thumbs-layout-horizontal","23":"owp-btn-normal","24":"owp-tabs-layout-horizontal","25":"has-no-thumbnails"},"yoast_head":"<!-- This site is optimized with the Yoast SEO Premium plugin v26.0 (Yoast SEO v26.0) - https:\/\/yoast.com\/wordpress\/plugins\/seo\/ -->\n<title>Aputure LS 600X Pro - CineSouk - For rent<\/title>\n<meta name=\"description\" content=\"Transform your lighting setup with the Aputure LS 600X Pro V-Mount. Durable, flexible, and powerful for any shooting environment.\" \/>\n<meta name=\"robots\" content=\"index, follow, max-snippet:-1, max-image-preview:large, max-video-preview:-1\" \/>\n<link rel=\"canonical\" href=\"https:\/\/www.cinesouk.ma\/fr\/produit\/aputure-ls-600x-pro\/\" \/>\n<meta property=\"og:locale\" content=\"fr_FR\" \/>\n<meta property=\"og:type\" content=\"article\" \/>\n<meta property=\"og:title\" content=\"Aputure LS 600X Pro\" \/>\n<meta property=\"og:description\" content=\"Transform your lighting setup with the Aputure LS 600X Pro V-Mount. Durable, flexible, and powerful for any shooting environment.\" \/>\n<meta property=\"og:url\" content=\"https:\/\/www.cinesouk.ma\/fr\/produit\/aputure-ls-600x-pro\/\" \/>\n<meta property=\"og:site_name\" content=\"CineSouk\" \/>\n<meta property=\"article:modified_time\" content=\"2025-08-18T10:47:05+00:00\" \/>\n<meta property=\"og:image\" content=\"https:\/\/www.cinesouk.ma\/wp-content\/uploads\/2025\/01\/Aputure-LS-600X-Pro.jpg\" \/>\n\t<meta property=\"og:image:width\" content=\"300\" \/>\n\t<meta property=\"og:image:height\" content=\"238\" \/>\n\t<meta property=\"og:image:type\" content=\"image\/jpeg\" \/>\n<meta name=\"twitter:card\" content=\"summary_large_image\" \/>\n<meta name=\"twitter:description\" content=\"Transform your lighting setup with the Aputure LS 600X Pro V-Mount. Durable, flexible, and powerful for any shooting environment.\" \/>\n<meta name=\"twitter:label1\" content=\"Dur\u00e9e de lecture estim\u00e9e\" \/>\n\t<meta name=\"twitter:data1\" content=\"2 minutes\" \/>\n<script type=\"application\/ld+json\" class=\"yoast-schema-graph\">{\"@context\":\"https:\/\/schema.org\",\"@graph\":[{\"@type\":\"WebPage\",\"@id\":\"https:\/\/www.cinesouk.ma\/product\/aputure-ls-600x-pro\/\",\"url\":\"https:\/\/www.cinesouk.ma\/product\/aputure-ls-600x-pro\/\",\"name\":\"Aputure LS 600X Pro - CineSouk - For rent\",\"isPartOf\":{\"@id\":\"https:\/\/www.cinesouk.ma\/#website\"},\"primaryImageOfPage\":{\"@id\":\"https:\/\/www.cinesouk.ma\/product\/aputure-ls-600x-pro\/#primaryimage\"},\"image\":{\"@id\":\"https:\/\/www.cinesouk.ma\/product\/aputure-ls-600x-pro\/#primaryimage\"},\"thumbnailUrl\":\"https:\/\/www.cinesouk.ma\/wp-content\/uploads\/2025\/01\/Aputure-LS-600X-Pro.jpg\",\"datePublished\":\"2025-03-09T19:55:12+00:00\",\"dateModified\":\"2025-08-18T10:47:05+00:00\",\"description\":\"Transform your lighting setup with the Aputure LS 600X Pro V-Mount. Durable, flexible, and powerful for any shooting environment.\",\"breadcrumb\":{\"@id\":\"https:\/\/www.cinesouk.ma\/product\/aputure-ls-600x-pro\/#breadcrumb\"},\"inLanguage\":\"fr-FR\",\"potentialAction\":[{\"@type\":\"ReadAction\",\"target\":[\"https:\/\/www.cinesouk.ma\/product\/aputure-ls-600x-pro\/\"]}]},{\"@type\":\"ImageObject\",\"inLanguage\":\"fr-FR\",\"@id\":\"https:\/\/www.cinesouk.ma\/product\/aputure-ls-600x-pro\/#primaryimage\",\"url\":\"https:\/\/www.cinesouk.ma\/wp-content\/uploads\/2025\/01\/Aputure-LS-600X-Pro.jpg\",\"contentUrl\":\"https:\/\/www.cinesouk.ma\/wp-content\/uploads\/2025\/01\/Aputure-LS-600X-Pro.jpg\",\"width\":300,\"height\":238},{\"@type\":\"BreadcrumbList\",\"@id\":\"https:\/\/www.cinesouk.ma\/product\/aputure-ls-600x-pro\/#breadcrumb\",\"itemListElement\":[{\"@type\":\"ListItem\",\"position\":1,\"name\":\"Home\",\"item\":\"https:\/\/www.cinesouk.ma\/\"},{\"@type\":\"ListItem\",\"position\":2,\"name\":\"Shop\",\"item\":\"https:\/\/www.cinesouk.ma\/shop\/\"},{\"@type\":\"ListItem\",\"position\":3,\"name\":\"Aputure LS 600X Pro\"}]},{\"@type\":\"WebSite\",\"@id\":\"https:\/\/www.cinesouk.ma\/#website\",\"url\":\"https:\/\/www.cinesouk.ma\/\",\"name\":\"CineSouk\",\"description\":\"\",\"publisher\":{\"@id\":\"https:\/\/www.cinesouk.ma\/#organization\"},\"potentialAction\":[{\"@type\":\"SearchAction\",\"target\":{\"@type\":\"EntryPoint\",\"urlTemplate\":\"https:\/\/www.cinesouk.ma\/?s={search_term_string}\"},\"query-input\":{\"@type\":\"PropertyValueSpecification\",\"valueRequired\":true,\"valueName\":\"search_term_string\"}}],\"inLanguage\":\"fr-FR\"},{\"@type\":\"Organization\",\"@id\":\"https:\/\/www.cinesouk.ma\/#organization\",\"name\":\"CineSouk\",\"url\":\"https:\/\/www.cinesouk.ma\/\",\"logo\":{\"@type\":\"ImageObject\",\"inLanguage\":\"fr-FR\",\"@id\":\"https:\/\/www.cinesouk.ma\/#\/schema\/logo\/image\/\",\"url\":\"https:\/\/www.cinesouk.ma\/wp-content\/uploads\/2024\/01\/CineSouk-logo-v01-alpha-alligned-left.png\",\"contentUrl\":\"https:\/\/www.cinesouk.ma\/wp-content\/uploads\/2024\/01\/CineSouk-logo-v01-alpha-alligned-left.png\",\"width\":3204,\"height\":889,\"caption\":\"CineSouk\"},\"image\":{\"@id\":\"https:\/\/www.cinesouk.ma\/#\/schema\/logo\/image\/\"}}]}<\/script>\n<!-- \/ Yoast SEO Premium plugin. -->","yoast_head_json":{"title":"Aputure LS 600X Pro - CineSouk - For rent","description":"Transform your lighting setup with the Aputure LS 600X Pro V-Mount. Durable, flexible, and powerful for any shooting environment.","robots":{"index":"index","follow":"follow","max-snippet":"max-snippet:-1","max-image-preview":"max-image-preview:large","max-video-preview":"max-video-preview:-1"},"canonical":"https:\/\/www.cinesouk.ma\/fr\/produit\/aputure-ls-600x-pro\/","og_locale":"fr_FR","og_type":"article","og_title":"Aputure LS 600X Pro","og_description":"Transform your lighting setup with the Aputure LS 600X Pro V-Mount. Durable, flexible, and powerful for any shooting environment.","og_url":"https:\/\/www.cinesouk.ma\/fr\/produit\/aputure-ls-600x-pro\/","og_site_name":"CineSouk","article_modified_time":"2025-08-18T10:47:05+00:00","og_image":[{"width":300,"height":238,"url":"https:\/\/www.cinesouk.ma\/wp-content\/uploads\/2025\/01\/Aputure-LS-600X-Pro.jpg","type":"image\/jpeg"}],"twitter_card":"summary_large_image","twitter_description":"Transform your lighting setup with the Aputure LS 600X Pro V-Mount. Durable, flexible, and powerful for any shooting environment.","twitter_misc":{"Dur\u00e9e de lecture estim\u00e9e":"2 minutes"},"schema":{"@context":"https:\/\/schema.org","@graph":[{"@type":"WebPage","@id":"https:\/\/www.cinesouk.ma\/product\/aputure-ls-600x-pro\/","url":"https:\/\/www.cinesouk.ma\/product\/aputure-ls-600x-pro\/","name":"Aputure LS 600X Pro - CineSouk - For rent","isPartOf":{"@id":"https:\/\/www.cinesouk.ma\/#website"},"primaryImageOfPage":{"@id":"https:\/\/www.cinesouk.ma\/product\/aputure-ls-600x-pro\/#primaryimage"},"image":{"@id":"https:\/\/www.cinesouk.ma\/product\/aputure-ls-600x-pro\/#primaryimage"},"thumbnailUrl":"https:\/\/www.cinesouk.ma\/wp-content\/uploads\/2025\/01\/Aputure-LS-600X-Pro.jpg","datePublished":"2025-03-09T19:55:12+00:00","dateModified":"2025-08-18T10:47:05+00:00","description":"Transform your lighting setup with the Aputure LS 600X Pro V-Mount. Durable, flexible, and powerful for any shooting environment.","breadcrumb":{"@id":"https:\/\/www.cinesouk.ma\/product\/aputure-ls-600x-pro\/#breadcrumb"},"inLanguage":"fr-FR","potentialAction":[{"@type":"ReadAction","target":["https:\/\/www.cinesouk.ma\/product\/aputure-ls-600x-pro\/"]}]},{"@type":"ImageObject","inLanguage":"fr-FR","@id":"https:\/\/www.cinesouk.ma\/product\/aputure-ls-600x-pro\/#primaryimage","url":"https:\/\/www.cinesouk.ma\/wp-content\/uploads\/2025\/01\/Aputure-LS-600X-Pro.jpg","contentUrl":"https:\/\/www.cinesouk.ma\/wp-content\/uploads\/2025\/01\/Aputure-LS-600X-Pro.jpg","width":300,"height":238},{"@type":"BreadcrumbList","@id":"https:\/\/www.cinesouk.ma\/product\/aputure-ls-600x-pro\/#breadcrumb","itemListElement":[{"@type":"ListItem","position":1,"name":"Home","item":"https:\/\/www.cinesouk.ma\/"},{"@type":"ListItem","position":2,"name":"Shop","item":"https:\/\/www.cinesouk.ma\/shop\/"},{"@type":"ListItem","position":3,"name":"Aputure LS 600X Pro"}]},{"@type":"WebSite","@id":"https:\/\/www.cinesouk.ma\/#website","url":"https:\/\/www.cinesouk.ma\/","name":"CineSouk","description":"","publisher":{"@id":"https:\/\/www.cinesouk.ma\/#organization"},"potentialAction":[{"@type":"SearchAction","target":{"@type":"EntryPoint","urlTemplate":"https:\/\/www.cinesouk.ma\/?s={search_term_string}"},"query-input":{"@type":"PropertyValueSpecification","valueRequired":true,"valueName":"search_term_string"}}],"inLanguage":"fr-FR"},{"@type":"Organization","@id":"https:\/\/www.cinesouk.ma\/#organization","name":"CineSouk","url":"https:\/\/www.cinesouk.ma\/","logo":{"@type":"ImageObject","inLanguage":"fr-FR","@id":"https:\/\/www.cinesouk.ma\/#\/schema\/logo\/image\/","url":"https:\/\/www.cinesouk.ma\/wp-content\/uploads\/2024\/01\/CineSouk-logo-v01-alpha-alligned-left.png","contentUrl":"https:\/\/www.cinesouk.ma\/wp-content\/uploads\/2024\/01\/CineSouk-logo-v01-alpha-alligned-left.png","width":3204,"height":889,"caption":"CineSouk"},"image":{"@id":"https:\/\/www.cinesouk.ma\/#\/schema\/logo\/image\/"}}]}},"_links":{"self":[{"href":"https:\/\/www.cinesouk.ma\/fr\/wp-json\/wp\/v2\/product\/6771","targetHints":{"allow":["GET"]}}],"collection":[{"href":"https:\/\/www.cinesouk.ma\/fr\/wp-json\/wp\/v2\/product"}],"about":[{"href":"https:\/\/www.cinesouk.ma\/fr\/wp-json\/wp\/v2\/types\/product"}],"wp:featuredmedia":[{"embeddable":true,"href":"https:\/\/www.cinesouk.ma\/fr\/wp-json\/wp\/v2\/media\/10967"}],"wp:attachment":[{"href":"https:\/\/www.cinesouk.ma\/fr\/wp-json\/wp\/v2\/media?parent=6771"}],"wp:term":[{"taxonomy":"product_brand","embeddable":true,"href":"https:\/\/www.cinesouk.ma\/fr\/wp-json\/wp\/v2\/product_brand?post=6771"},{"taxonomy":"product_cat","embeddable":true,"href":"https:\/\/www.cinesouk.ma\/fr\/wp-json\/wp\/v2\/product_cat?post=6771"},{"taxonomy":"product_tag","embeddable":true,"href":"https:\/\/www.cinesouk.ma\/fr\/wp-json\/wp\/v2\/product_tag?post=6771"}],"curies":[{"name":"wp","href":"https:\/\/api.w.org\/{rel}","templated":true}]}}