{"id":6783,"date":"2025-03-08T02:00:50","date_gmt":"2025-03-08T02:00:50","guid":{"rendered":"https:\/\/www.cinesouk.ma\/?post_type=product&#038;p=6783"},"modified":"2025-08-19T11:16:49","modified_gmt":"2025-08-19T11:16:49","slug":"manfrotto-pro-scrim-all-in-one-kit-l","status":"publish","type":"product","link":"https:\/\/www.cinesouk.ma\/fr\/produit\/manfrotto-pro-scrim-all-in-one-kit-l\/","title":{"rendered":"Manfrotto Pro Scrim All-in-one-Kit L (2x2m)"},"content":{"rendered":"<p>Le Pro Scrim All-in-One Kit L (2x2m) de Manfrotto est un outil complet de fa\u00e7onnage de la lumi\u00e8re con\u00e7u pour les photographes et les directeurs de la photographie. Ce grand kit comprend un cadre durable, plusieurs tissus de diffusion et de r\u00e9flexion, ainsi que tous les accessoires n\u00e9cessaires pour une installation rapide et efficace. Sa polyvalence permet un contr\u00f4le pr\u00e9cis de l'\u00e9clairage, ce qui le rend id\u00e9al pour les tournages en studio et en ext\u00e9rieur.<\/p>\n<p>L'assemblage de ce kit ne prend que quelques minutes. Le cadre en aluminium l\u00e9ger est rapide \u00e0 assembler et comprend un cordon \u00e9lastique int\u00e9gr\u00e9 qui maintient toutes les parties du cadre ensemble. Le rev\u00eatement textile peut \u00eatre fix\u00e9 \u00e0 l'aide de clips. Cela permet de gagner du temps. Pour changer de rev\u00eatement, il suffit de d\u00e9tacher la toile textile suspendue et d'en fixer une autre directement sur le cadre. De plus, vous pouvez ranger le tout dans un sac de transport solide, avec velcro.<\/p>\n<p>Un autre avantage de ce kit r\u00e9side dans les deux pinces durables que vous pouvez facilement fixer au cadre. Vous pouvez ensuite y fixer des boutons de montage en acier chrom\u00e9. Vous pouvez ensuite placer le cadre sur deux supports d'\u00e9clairage stables dot\u00e9s d'embouts de 16 mm.<\/p>\n<h4>Caract\u00e9ristiques du Manfrotto Pro Scrim All-in-one-Kit L :<\/h4>\n<ul>\n<li>Kit complet : Comprend un cadre durable, plusieurs tissus (diffusion, argent, blanc et noir) et les accessoires n\u00e9cessaires.<br \/>\nContr\u00f4le polyvalent de la lumi\u00e8re : Permet d'obtenir diff\u00e9rents effets de lumi\u00e8re en passant d'un tissu \u00e0 l'autre.<\/li>\n<li>Construction durable : Des mat\u00e9riaux robustes garantissent la fiabilit\u00e9 et la long\u00e9vit\u00e9 dans les environnements professionnels.<\/li>\n<li>Installation facile : Montage et d\u00e9montage rapides pour un flux de travail efficace sur le plateau.<\/li>\n<li>Grande taille : Offre une large couverture pour les besoins importants de mise en forme de la lumi\u00e8re.<\/li>\n<\/ul>\n<p>Louez-le maintenant sur <a href=\"https:\/\/www.cinesouk.ma\/fr\">CINESOUK<\/a> - une marque de <a href=\"https:\/\/www.broadway.ma\/\">BROADWAY PRODUCTIONS SARL.<\/a><\/p>\n<p>&nbsp;<\/p>","protected":false},"excerpt":{"rendered":"<p>Sp\u00e9cifications<\/p>\n<p>Mat\u00e9riau du cadre : Aluminium haute r\u00e9sistance<br \/>\nTypes de tissus : Diffusion, argent, blanc et noir<br \/>\nDimensions : Grande taille pour une couverture \u00e9tendue<br \/>\nPoids : L\u00e9ger pour faciliter le transport et l'installation<br \/>\nAccessoires inclus : Cadre, tissus et accessoires de montage<\/p>","protected":false},"featured_media":6794,"template":"","meta":{"om_disable_all_campaigns":false,"_monsterinsights_skip_tracking":false,"_monsterinsights_sitenote_active":false,"_monsterinsights_sitenote_note":"","_monsterinsights_sitenote_category":0,"_uf_show_specific_survey":0,"_uf_disable_surveys":false},"product_brand":[],"product_cat":[38,20],"product_tag":[],"class_list":{"0":"post-6783","1":"product","2":"type-product","3":"status-publish","4":"has-post-thumbnail","6":"product_cat-grip-cinesouk","7":"product_cat-light-cinesouk","9":"entry","10":"has-media","12":"first","13":"instock","14":"taxable","15":"shipping-taxable","16":"purchasable","17":"product-type-variable","18":"has-product-nav","19":"col","20":"span_1_of_3","21":"owp-content-center","22":"owp-thumbs-layout-horizontal","23":"owp-btn-normal","24":"owp-tabs-layout-horizontal","25":"has-no-thumbnails"},"yoast_head":"<!-- This site is optimized with the Yoast SEO Premium plugin v26.0 (Yoast SEO v26.0) - https:\/\/yoast.com\/wordpress\/plugins\/seo\/ -->\n<title>Manfrotto Pro Scrim All-in-one-Kit L (2x2m) - CineSouk - For rent<\/title>\n<meta name=\"description\" content=\"chieve precise lighting with the Manfrotto Pro Scrim All-in-One Kit L. Comprehensive, easy to set up, and ideal for studio and location shoots.\" \/>\n<meta name=\"robots\" content=\"index, follow, max-snippet:-1, max-image-preview:large, max-video-preview:-1\" \/>\n<link rel=\"canonical\" href=\"https:\/\/www.cinesouk.ma\/fr\/produit\/manfrotto-pro-scrim-all-in-one-kit-l\/\" \/>\n<meta property=\"og:locale\" content=\"fr_FR\" \/>\n<meta property=\"og:type\" content=\"article\" \/>\n<meta property=\"og:title\" content=\"Manfrotto Pro Scrim All-in-one-Kit L (2x2m)\" \/>\n<meta property=\"og:description\" content=\"chieve precise lighting with the Manfrotto Pro Scrim All-in-One Kit L. Comprehensive, easy to set up, and ideal for studio and location shoots.\" \/>\n<meta property=\"og:url\" content=\"https:\/\/www.cinesouk.ma\/fr\/produit\/manfrotto-pro-scrim-all-in-one-kit-l\/\" \/>\n<meta property=\"og:site_name\" content=\"CineSouk\" \/>\n<meta property=\"article:modified_time\" content=\"2025-08-19T11:16:49+00:00\" \/>\n<meta property=\"og:image\" content=\"https:\/\/www.cinesouk.ma\/wp-content\/uploads\/2024\/05\/05.jpg\" \/>\n\t<meta property=\"og:image:width\" content=\"300\" \/>\n\t<meta property=\"og:image:height\" content=\"238\" \/>\n\t<meta property=\"og:image:type\" content=\"image\/jpeg\" \/>\n<meta name=\"twitter:card\" content=\"summary_large_image\" \/>\n<meta name=\"twitter:description\" content=\"chieve precise lighting with the Manfrotto Pro Scrim All-in-One Kit L. Comprehensive, easy to set up, and ideal for studio and location shoots.\" \/>\n<meta name=\"twitter:label1\" content=\"Dur\u00e9e de lecture estim\u00e9e\" \/>\n\t<meta name=\"twitter:data1\" content=\"2 minutes\" \/>\n<script type=\"application\/ld+json\" class=\"yoast-schema-graph\">{\"@context\":\"https:\/\/schema.org\",\"@graph\":[{\"@type\":\"WebPage\",\"@id\":\"https:\/\/www.cinesouk.ma\/product\/manfrotto-pro-scrim-all-in-one-kit-l\/\",\"url\":\"https:\/\/www.cinesouk.ma\/product\/manfrotto-pro-scrim-all-in-one-kit-l\/\",\"name\":\"Manfrotto Pro Scrim All-in-one-Kit L (2x2m) - CineSouk - For rent\",\"isPartOf\":{\"@id\":\"https:\/\/www.cinesouk.ma\/#website\"},\"primaryImageOfPage\":{\"@id\":\"https:\/\/www.cinesouk.ma\/product\/manfrotto-pro-scrim-all-in-one-kit-l\/#primaryimage\"},\"image\":{\"@id\":\"https:\/\/www.cinesouk.ma\/product\/manfrotto-pro-scrim-all-in-one-kit-l\/#primaryimage\"},\"thumbnailUrl\":\"https:\/\/www.cinesouk.ma\/wp-content\/uploads\/2024\/05\/05.jpg\",\"datePublished\":\"2025-03-08T02:00:50+00:00\",\"dateModified\":\"2025-08-19T11:16:49+00:00\",\"description\":\"chieve precise lighting with the Manfrotto Pro Scrim All-in-One Kit L. Comprehensive, easy to set up, and ideal for studio and location shoots.\",\"breadcrumb\":{\"@id\":\"https:\/\/www.cinesouk.ma\/product\/manfrotto-pro-scrim-all-in-one-kit-l\/#breadcrumb\"},\"inLanguage\":\"fr-FR\",\"potentialAction\":[{\"@type\":\"ReadAction\",\"target\":[\"https:\/\/www.cinesouk.ma\/product\/manfrotto-pro-scrim-all-in-one-kit-l\/\"]}]},{\"@type\":\"ImageObject\",\"inLanguage\":\"fr-FR\",\"@id\":\"https:\/\/www.cinesouk.ma\/product\/manfrotto-pro-scrim-all-in-one-kit-l\/#primaryimage\",\"url\":\"https:\/\/www.cinesouk.ma\/wp-content\/uploads\/2024\/05\/05.jpg\",\"contentUrl\":\"https:\/\/www.cinesouk.ma\/wp-content\/uploads\/2024\/05\/05.jpg\",\"width\":300,\"height\":238,\"caption\":\"Manfrotto Pro Scrim All-in-one-Kit L\"},{\"@type\":\"BreadcrumbList\",\"@id\":\"https:\/\/www.cinesouk.ma\/product\/manfrotto-pro-scrim-all-in-one-kit-l\/#breadcrumb\",\"itemListElement\":[{\"@type\":\"ListItem\",\"position\":1,\"name\":\"Home\",\"item\":\"https:\/\/www.cinesouk.ma\/\"},{\"@type\":\"ListItem\",\"position\":2,\"name\":\"Shop\",\"item\":\"https:\/\/www.cinesouk.ma\/shop\/\"},{\"@type\":\"ListItem\",\"position\":3,\"name\":\"Manfrotto Pro Scrim All-in-one-Kit L (2x2m)\"}]},{\"@type\":\"WebSite\",\"@id\":\"https:\/\/www.cinesouk.ma\/#website\",\"url\":\"https:\/\/www.cinesouk.ma\/\",\"name\":\"CineSouk\",\"description\":\"\",\"publisher\":{\"@id\":\"https:\/\/www.cinesouk.ma\/#organization\"},\"potentialAction\":[{\"@type\":\"SearchAction\",\"target\":{\"@type\":\"EntryPoint\",\"urlTemplate\":\"https:\/\/www.cinesouk.ma\/?s={search_term_string}\"},\"query-input\":{\"@type\":\"PropertyValueSpecification\",\"valueRequired\":true,\"valueName\":\"search_term_string\"}}],\"inLanguage\":\"fr-FR\"},{\"@type\":\"Organization\",\"@id\":\"https:\/\/www.cinesouk.ma\/#organization\",\"name\":\"CineSouk\",\"url\":\"https:\/\/www.cinesouk.ma\/\",\"logo\":{\"@type\":\"ImageObject\",\"inLanguage\":\"fr-FR\",\"@id\":\"https:\/\/www.cinesouk.ma\/#\/schema\/logo\/image\/\",\"url\":\"https:\/\/www.cinesouk.ma\/wp-content\/uploads\/2024\/01\/CineSouk-logo-v01-alpha-alligned-left.png\",\"contentUrl\":\"https:\/\/www.cinesouk.ma\/wp-content\/uploads\/2024\/01\/CineSouk-logo-v01-alpha-alligned-left.png\",\"width\":3204,\"height\":889,\"caption\":\"CineSouk\"},\"image\":{\"@id\":\"https:\/\/www.cinesouk.ma\/#\/schema\/logo\/image\/\"}}]}<\/script>\n<!-- \/ Yoast SEO Premium plugin. -->","yoast_head_json":{"title":"Manfrotto Pro Scrim All-in-one-Kit L (2x2m) - CineSouk - For rent","description":"chieve precise lighting with the Manfrotto Pro Scrim All-in-One Kit L. Comprehensive, easy to set up, and ideal for studio and location shoots.","robots":{"index":"index","follow":"follow","max-snippet":"max-snippet:-1","max-image-preview":"max-image-preview:large","max-video-preview":"max-video-preview:-1"},"canonical":"https:\/\/www.cinesouk.ma\/fr\/produit\/manfrotto-pro-scrim-all-in-one-kit-l\/","og_locale":"fr_FR","og_type":"article","og_title":"Manfrotto Pro Scrim All-in-one-Kit L (2x2m)","og_description":"chieve precise lighting with the Manfrotto Pro Scrim All-in-One Kit L. Comprehensive, easy to set up, and ideal for studio and location shoots.","og_url":"https:\/\/www.cinesouk.ma\/fr\/produit\/manfrotto-pro-scrim-all-in-one-kit-l\/","og_site_name":"CineSouk","article_modified_time":"2025-08-19T11:16:49+00:00","og_image":[{"width":300,"height":238,"url":"https:\/\/www.cinesouk.ma\/wp-content\/uploads\/2024\/05\/05.jpg","type":"image\/jpeg"}],"twitter_card":"summary_large_image","twitter_description":"chieve precise lighting with the Manfrotto Pro Scrim All-in-One Kit L. Comprehensive, easy to set up, and ideal for studio and location shoots.","twitter_misc":{"Dur\u00e9e de lecture estim\u00e9e":"2 minutes"},"schema":{"@context":"https:\/\/schema.org","@graph":[{"@type":"WebPage","@id":"https:\/\/www.cinesouk.ma\/product\/manfrotto-pro-scrim-all-in-one-kit-l\/","url":"https:\/\/www.cinesouk.ma\/product\/manfrotto-pro-scrim-all-in-one-kit-l\/","name":"Manfrotto Pro Scrim All-in-one-Kit L (2x2m) - CineSouk - For rent","isPartOf":{"@id":"https:\/\/www.cinesouk.ma\/#website"},"primaryImageOfPage":{"@id":"https:\/\/www.cinesouk.ma\/product\/manfrotto-pro-scrim-all-in-one-kit-l\/#primaryimage"},"image":{"@id":"https:\/\/www.cinesouk.ma\/product\/manfrotto-pro-scrim-all-in-one-kit-l\/#primaryimage"},"thumbnailUrl":"https:\/\/www.cinesouk.ma\/wp-content\/uploads\/2024\/05\/05.jpg","datePublished":"2025-03-08T02:00:50+00:00","dateModified":"2025-08-19T11:16:49+00:00","description":"chieve precise lighting with the Manfrotto Pro Scrim All-in-One Kit L. Comprehensive, easy to set up, and ideal for studio and location shoots.","breadcrumb":{"@id":"https:\/\/www.cinesouk.ma\/product\/manfrotto-pro-scrim-all-in-one-kit-l\/#breadcrumb"},"inLanguage":"fr-FR","potentialAction":[{"@type":"ReadAction","target":["https:\/\/www.cinesouk.ma\/product\/manfrotto-pro-scrim-all-in-one-kit-l\/"]}]},{"@type":"ImageObject","inLanguage":"fr-FR","@id":"https:\/\/www.cinesouk.ma\/product\/manfrotto-pro-scrim-all-in-one-kit-l\/#primaryimage","url":"https:\/\/www.cinesouk.ma\/wp-content\/uploads\/2024\/05\/05.jpg","contentUrl":"https:\/\/www.cinesouk.ma\/wp-content\/uploads\/2024\/05\/05.jpg","width":300,"height":238,"caption":"Manfrotto Pro Scrim All-in-one-Kit L"},{"@type":"BreadcrumbList","@id":"https:\/\/www.cinesouk.ma\/product\/manfrotto-pro-scrim-all-in-one-kit-l\/#breadcrumb","itemListElement":[{"@type":"ListItem","position":1,"name":"Home","item":"https:\/\/www.cinesouk.ma\/"},{"@type":"ListItem","position":2,"name":"Shop","item":"https:\/\/www.cinesouk.ma\/shop\/"},{"@type":"ListItem","position":3,"name":"Manfrotto Pro Scrim All-in-one-Kit L (2x2m)"}]},{"@type":"WebSite","@id":"https:\/\/www.cinesouk.ma\/#website","url":"https:\/\/www.cinesouk.ma\/","name":"CineSouk","description":"","publisher":{"@id":"https:\/\/www.cinesouk.ma\/#organization"},"potentialAction":[{"@type":"SearchAction","target":{"@type":"EntryPoint","urlTemplate":"https:\/\/www.cinesouk.ma\/?s={search_term_string}"},"query-input":{"@type":"PropertyValueSpecification","valueRequired":true,"valueName":"search_term_string"}}],"inLanguage":"fr-FR"},{"@type":"Organization","@id":"https:\/\/www.cinesouk.ma\/#organization","name":"CineSouk","url":"https:\/\/www.cinesouk.ma\/","logo":{"@type":"ImageObject","inLanguage":"fr-FR","@id":"https:\/\/www.cinesouk.ma\/#\/schema\/logo\/image\/","url":"https:\/\/www.cinesouk.ma\/wp-content\/uploads\/2024\/01\/CineSouk-logo-v01-alpha-alligned-left.png","contentUrl":"https:\/\/www.cinesouk.ma\/wp-content\/uploads\/2024\/01\/CineSouk-logo-v01-alpha-alligned-left.png","width":3204,"height":889,"caption":"CineSouk"},"image":{"@id":"https:\/\/www.cinesouk.ma\/#\/schema\/logo\/image\/"}}]}},"_links":{"self":[{"href":"https:\/\/www.cinesouk.ma\/fr\/wp-json\/wp\/v2\/product\/6783","targetHints":{"allow":["GET"]}}],"collection":[{"href":"https:\/\/www.cinesouk.ma\/fr\/wp-json\/wp\/v2\/product"}],"about":[{"href":"https:\/\/www.cinesouk.ma\/fr\/wp-json\/wp\/v2\/types\/product"}],"wp:featuredmedia":[{"embeddable":true,"href":"https:\/\/www.cinesouk.ma\/fr\/wp-json\/wp\/v2\/media\/6794"}],"wp:attachment":[{"href":"https:\/\/www.cinesouk.ma\/fr\/wp-json\/wp\/v2\/media?parent=6783"}],"wp:term":[{"taxonomy":"product_brand","embeddable":true,"href":"https:\/\/www.cinesouk.ma\/fr\/wp-json\/wp\/v2\/product_brand?post=6783"},{"taxonomy":"product_cat","embeddable":true,"href":"https:\/\/www.cinesouk.ma\/fr\/wp-json\/wp\/v2\/product_cat?post=6783"},{"taxonomy":"product_tag","embeddable":true,"href":"https:\/\/www.cinesouk.ma\/fr\/wp-json\/wp\/v2\/product_tag?post=6783"}],"curies":[{"name":"wp","href":"https:\/\/api.w.org\/{rel}","templated":true}]}}