{"id":6795,"date":"2025-03-08T02:00:48","date_gmt":"2025-03-08T02:00:48","guid":{"rendered":"https:\/\/www.cinesouk.ma\/?post_type=product&#038;p=6795"},"modified":"2025-08-19T11:17:20","modified_gmt":"2025-08-19T11:17:20","slug":"manfrotto-pro-scrim-all-in-one-kit-xl","status":"publish","type":"product","link":"https:\/\/www.cinesouk.ma\/fr\/produit\/manfrotto-pro-scrim-all-in-one-kit-xl\/","title":{"rendered":"Manfrotto Pro Scrim All-in-one-Kit XL (2.9\u00d72.9m)"},"content":{"rendered":"<p>The Manfrotto Pro Scrim All-in-One Kit XL (2.9&#215;2.9m) is the ultimate solution for precise light shaping. This comprehensive kit includes a sturdy frame and a variety of diffusion and reflection fabrics, providing everything you need to manipulate light in any setting. Its extra-large size offers ample coverage, making it suitable for large-scale productions and outdoor shoots.<\/p>\n<p>L'assemblage de ce kit ne prend que quelques minutes. Le cadre en aluminium l\u00e9ger est rapide \u00e0 assembler et comprend un cordon \u00e9lastique int\u00e9gr\u00e9 qui maintient toutes les parties du cadre ensemble. Le rev\u00eatement textile peut \u00eatre fix\u00e9 \u00e0 l'aide de clips. Cela permet de gagner du temps. Pour changer de rev\u00eatement, il suffit de d\u00e9tacher la toile textile suspendue et d'en fixer une autre directement sur le cadre. De plus, vous pouvez ranger le tout dans un sac de transport solide, avec velcro.<\/p>\n<p>Un autre avantage de ce kit r\u00e9side dans les deux pinces durables que vous pouvez facilement fixer au cadre. Vous pouvez ensuite y fixer des boutons de montage en acier chrom\u00e9. Vous pouvez ensuite placer le cadre sur deux supports d'\u00e9clairage stables dot\u00e9s d'embouts de 16 mm.<\/p>\n<h4>Features of the Manfrotto Pro Scrim All-in-one-Kit XL:<\/h4>\n<ul>\n<li>Comprehensive Kit: Includes a robust frame, multiple diffusion and reflection fabrics, and all necessary accessories.<\/li>\n<li>Contr\u00f4le polyvalent de la lumi\u00e8re : Permet d'obtenir diff\u00e9rents effets de lumi\u00e8re en passant d'un tissu \u00e0 l'autre.<\/li>\n<li>Construction durable : Des mat\u00e9riaux robustes garantissent la fiabilit\u00e9 et la long\u00e9vit\u00e9 dans les environnements professionnels.<\/li>\n<li>Extra-Large Size: Provides extensive coverage for large-scale productions and outdoor shoots.<\/li>\n<li>Installation sans effort : Montage et d\u00e9montage rapides pour un flux de travail efficace sur le plateau.<\/li>\n<\/ul>\n<p>Louez-le maintenant sur <a href=\"https:\/\/www.cinesouk.ma\/fr\">CINESOUK<\/a> - une marque de <a href=\"https:\/\/www.broadway.ma\/\">BROADWAY PRODUCTIONS SARL.<\/a><\/p>","protected":false},"excerpt":{"rendered":"<p>Sp\u00e9cifications<\/p>\n<p>Mat\u00e9riau du cadre : Aluminium haute r\u00e9sistance<br \/>\nTypes de tissus : Diffusion, argent, blanc et noir<br \/>\nDimensions: Extra-large size for extensive coverage<br \/>\nPoids : Construction robuste sans sacrifier la portabilit\u00e9<br \/>\nAccessoires inclus : Cadre, tissus et accessoires de montage<\/p>","protected":false},"featured_media":6806,"template":"","meta":{"om_disable_all_campaigns":false,"_monsterinsights_skip_tracking":false,"_monsterinsights_sitenote_active":false,"_monsterinsights_sitenote_note":"","_monsterinsights_sitenote_category":0,"_uf_show_specific_survey":0,"_uf_disable_surveys":false},"product_brand":[],"product_cat":[38,20],"product_tag":[],"class_list":{"0":"post-6795","1":"product","2":"type-product","3":"status-publish","4":"has-post-thumbnail","6":"product_cat-grip-cinesouk","7":"product_cat-light-cinesouk","9":"entry","10":"has-media","12":"first","13":"instock","14":"taxable","15":"shipping-taxable","16":"purchasable","17":"product-type-variable","18":"has-product-nav","19":"col","20":"span_1_of_3","21":"owp-content-center","22":"owp-thumbs-layout-horizontal","23":"owp-btn-normal","24":"owp-tabs-layout-horizontal","25":"has-no-thumbnails"},"yoast_head":"<!-- This site is optimized with the Yoast SEO Premium plugin v26.0 (Yoast SEO v26.0) - https:\/\/yoast.com\/wordpress\/plugins\/seo\/ -->\n<title>Manfrotto Pro Scrim All-in-one-Kit XL (2.9x2.9m) - CineSouk - For rent<\/title>\n<meta name=\"description\" content=\"Achieve precise lighting adjustments with the Manfrotto Pro Scrim All-in-One Kit XL. Extra-large size for extensive coverage, perfect for studio and outdoor productions.\" \/>\n<meta name=\"robots\" content=\"index, follow, max-snippet:-1, max-image-preview:large, max-video-preview:-1\" \/>\n<link rel=\"canonical\" href=\"https:\/\/www.cinesouk.ma\/fr\/produit\/manfrotto-pro-scrim-all-in-one-kit-xl\/\" \/>\n<meta property=\"og:locale\" content=\"fr_FR\" \/>\n<meta property=\"og:type\" content=\"article\" \/>\n<meta property=\"og:title\" content=\"Manfrotto Pro Scrim All-in-one-Kit XL (2.9x2.9m)\" \/>\n<meta property=\"og:description\" content=\"Achieve precise lighting adjustments with the Manfrotto Pro Scrim All-in-One Kit XL. Extra-large size for extensive coverage, perfect for studio and outdoor productions.\" \/>\n<meta property=\"og:url\" content=\"https:\/\/www.cinesouk.ma\/fr\/produit\/manfrotto-pro-scrim-all-in-one-kit-xl\/\" \/>\n<meta property=\"og:site_name\" content=\"CineSouk\" \/>\n<meta property=\"article:modified_time\" content=\"2025-08-19T11:17:20+00:00\" \/>\n<meta property=\"og:image\" content=\"https:\/\/www.cinesouk.ma\/wp-content\/uploads\/2024\/05\/06.jpg\" \/>\n\t<meta property=\"og:image:width\" content=\"300\" \/>\n\t<meta property=\"og:image:height\" content=\"238\" \/>\n\t<meta property=\"og:image:type\" content=\"image\/jpeg\" \/>\n<meta name=\"twitter:card\" content=\"summary_large_image\" \/>\n<meta name=\"twitter:description\" content=\"Achieve precise lighting adjustments with the Manfrotto Pro Scrim All-in-One Kit XL. Extra-large size for extensive coverage, perfect for studio and outdoor productions.\" \/>\n<meta name=\"twitter:label1\" content=\"Dur\u00e9e de lecture estim\u00e9e\" \/>\n\t<meta name=\"twitter:data1\" content=\"2 minutes\" \/>\n<script type=\"application\/ld+json\" class=\"yoast-schema-graph\">{\"@context\":\"https:\/\/schema.org\",\"@graph\":[{\"@type\":\"WebPage\",\"@id\":\"https:\/\/www.cinesouk.ma\/product\/manfrotto-pro-scrim-all-in-one-kit-xl\/\",\"url\":\"https:\/\/www.cinesouk.ma\/product\/manfrotto-pro-scrim-all-in-one-kit-xl\/\",\"name\":\"Manfrotto Pro Scrim All-in-one-Kit XL (2.9x2.9m) - CineSouk - For rent\",\"isPartOf\":{\"@id\":\"https:\/\/www.cinesouk.ma\/#website\"},\"primaryImageOfPage\":{\"@id\":\"https:\/\/www.cinesouk.ma\/product\/manfrotto-pro-scrim-all-in-one-kit-xl\/#primaryimage\"},\"image\":{\"@id\":\"https:\/\/www.cinesouk.ma\/product\/manfrotto-pro-scrim-all-in-one-kit-xl\/#primaryimage\"},\"thumbnailUrl\":\"https:\/\/www.cinesouk.ma\/wp-content\/uploads\/2024\/05\/06.jpg\",\"datePublished\":\"2025-03-08T02:00:48+00:00\",\"dateModified\":\"2025-08-19T11:17:20+00:00\",\"description\":\"Achieve precise lighting adjustments with the Manfrotto Pro Scrim All-in-One Kit XL. Extra-large size for extensive coverage, perfect for studio and outdoor productions.\",\"breadcrumb\":{\"@id\":\"https:\/\/www.cinesouk.ma\/product\/manfrotto-pro-scrim-all-in-one-kit-xl\/#breadcrumb\"},\"inLanguage\":\"fr-FR\",\"potentialAction\":[{\"@type\":\"ReadAction\",\"target\":[\"https:\/\/www.cinesouk.ma\/product\/manfrotto-pro-scrim-all-in-one-kit-xl\/\"]}]},{\"@type\":\"ImageObject\",\"inLanguage\":\"fr-FR\",\"@id\":\"https:\/\/www.cinesouk.ma\/product\/manfrotto-pro-scrim-all-in-one-kit-xl\/#primaryimage\",\"url\":\"https:\/\/www.cinesouk.ma\/wp-content\/uploads\/2024\/05\/06.jpg\",\"contentUrl\":\"https:\/\/www.cinesouk.ma\/wp-content\/uploads\/2024\/05\/06.jpg\",\"width\":300,\"height\":238,\"caption\":\"Manfrotto Pro Scrim Kit XL rental Marrakech\"},{\"@type\":\"BreadcrumbList\",\"@id\":\"https:\/\/www.cinesouk.ma\/product\/manfrotto-pro-scrim-all-in-one-kit-xl\/#breadcrumb\",\"itemListElement\":[{\"@type\":\"ListItem\",\"position\":1,\"name\":\"Home\",\"item\":\"https:\/\/www.cinesouk.ma\/\"},{\"@type\":\"ListItem\",\"position\":2,\"name\":\"Shop\",\"item\":\"https:\/\/www.cinesouk.ma\/shop\/\"},{\"@type\":\"ListItem\",\"position\":3,\"name\":\"Manfrotto Pro Scrim All-in-one-Kit XL (2.9&#215;2.9m)\"}]},{\"@type\":\"WebSite\",\"@id\":\"https:\/\/www.cinesouk.ma\/#website\",\"url\":\"https:\/\/www.cinesouk.ma\/\",\"name\":\"CineSouk\",\"description\":\"\",\"publisher\":{\"@id\":\"https:\/\/www.cinesouk.ma\/#organization\"},\"potentialAction\":[{\"@type\":\"SearchAction\",\"target\":{\"@type\":\"EntryPoint\",\"urlTemplate\":\"https:\/\/www.cinesouk.ma\/?s={search_term_string}\"},\"query-input\":{\"@type\":\"PropertyValueSpecification\",\"valueRequired\":true,\"valueName\":\"search_term_string\"}}],\"inLanguage\":\"fr-FR\"},{\"@type\":\"Organization\",\"@id\":\"https:\/\/www.cinesouk.ma\/#organization\",\"name\":\"CineSouk\",\"url\":\"https:\/\/www.cinesouk.ma\/\",\"logo\":{\"@type\":\"ImageObject\",\"inLanguage\":\"fr-FR\",\"@id\":\"https:\/\/www.cinesouk.ma\/#\/schema\/logo\/image\/\",\"url\":\"https:\/\/www.cinesouk.ma\/wp-content\/uploads\/2024\/01\/CineSouk-logo-v01-alpha-alligned-left.png\",\"contentUrl\":\"https:\/\/www.cinesouk.ma\/wp-content\/uploads\/2024\/01\/CineSouk-logo-v01-alpha-alligned-left.png\",\"width\":3204,\"height\":889,\"caption\":\"CineSouk\"},\"image\":{\"@id\":\"https:\/\/www.cinesouk.ma\/#\/schema\/logo\/image\/\"}}]}<\/script>\n<!-- \/ Yoast SEO Premium plugin. -->","yoast_head_json":{"title":"Manfrotto Pro Scrim All-in-one-Kit XL (2.9x2.9m) - CineSouk - For rent","description":"Achieve precise lighting adjustments with the Manfrotto Pro Scrim All-in-One Kit XL. Extra-large size for extensive coverage, perfect for studio and outdoor productions.","robots":{"index":"index","follow":"follow","max-snippet":"max-snippet:-1","max-image-preview":"max-image-preview:large","max-video-preview":"max-video-preview:-1"},"canonical":"https:\/\/www.cinesouk.ma\/fr\/produit\/manfrotto-pro-scrim-all-in-one-kit-xl\/","og_locale":"fr_FR","og_type":"article","og_title":"Manfrotto Pro Scrim All-in-one-Kit XL (2.9x2.9m)","og_description":"Achieve precise lighting adjustments with the Manfrotto Pro Scrim All-in-One Kit XL. Extra-large size for extensive coverage, perfect for studio and outdoor productions.","og_url":"https:\/\/www.cinesouk.ma\/fr\/produit\/manfrotto-pro-scrim-all-in-one-kit-xl\/","og_site_name":"CineSouk","article_modified_time":"2025-08-19T11:17:20+00:00","og_image":[{"width":300,"height":238,"url":"https:\/\/www.cinesouk.ma\/wp-content\/uploads\/2024\/05\/06.jpg","type":"image\/jpeg"}],"twitter_card":"summary_large_image","twitter_description":"Achieve precise lighting adjustments with the Manfrotto Pro Scrim All-in-One Kit XL. Extra-large size for extensive coverage, perfect for studio and outdoor productions.","twitter_misc":{"Dur\u00e9e de lecture estim\u00e9e":"2 minutes"},"schema":{"@context":"https:\/\/schema.org","@graph":[{"@type":"WebPage","@id":"https:\/\/www.cinesouk.ma\/product\/manfrotto-pro-scrim-all-in-one-kit-xl\/","url":"https:\/\/www.cinesouk.ma\/product\/manfrotto-pro-scrim-all-in-one-kit-xl\/","name":"Manfrotto Pro Scrim All-in-one-Kit XL (2.9x2.9m) - CineSouk - For rent","isPartOf":{"@id":"https:\/\/www.cinesouk.ma\/#website"},"primaryImageOfPage":{"@id":"https:\/\/www.cinesouk.ma\/product\/manfrotto-pro-scrim-all-in-one-kit-xl\/#primaryimage"},"image":{"@id":"https:\/\/www.cinesouk.ma\/product\/manfrotto-pro-scrim-all-in-one-kit-xl\/#primaryimage"},"thumbnailUrl":"https:\/\/www.cinesouk.ma\/wp-content\/uploads\/2024\/05\/06.jpg","datePublished":"2025-03-08T02:00:48+00:00","dateModified":"2025-08-19T11:17:20+00:00","description":"Achieve precise lighting adjustments with the Manfrotto Pro Scrim All-in-One Kit XL. Extra-large size for extensive coverage, perfect for studio and outdoor productions.","breadcrumb":{"@id":"https:\/\/www.cinesouk.ma\/product\/manfrotto-pro-scrim-all-in-one-kit-xl\/#breadcrumb"},"inLanguage":"fr-FR","potentialAction":[{"@type":"ReadAction","target":["https:\/\/www.cinesouk.ma\/product\/manfrotto-pro-scrim-all-in-one-kit-xl\/"]}]},{"@type":"ImageObject","inLanguage":"fr-FR","@id":"https:\/\/www.cinesouk.ma\/product\/manfrotto-pro-scrim-all-in-one-kit-xl\/#primaryimage","url":"https:\/\/www.cinesouk.ma\/wp-content\/uploads\/2024\/05\/06.jpg","contentUrl":"https:\/\/www.cinesouk.ma\/wp-content\/uploads\/2024\/05\/06.jpg","width":300,"height":238,"caption":"Manfrotto Pro Scrim Kit XL rental Marrakech"},{"@type":"BreadcrumbList","@id":"https:\/\/www.cinesouk.ma\/product\/manfrotto-pro-scrim-all-in-one-kit-xl\/#breadcrumb","itemListElement":[{"@type":"ListItem","position":1,"name":"Home","item":"https:\/\/www.cinesouk.ma\/"},{"@type":"ListItem","position":2,"name":"Shop","item":"https:\/\/www.cinesouk.ma\/shop\/"},{"@type":"ListItem","position":3,"name":"Manfrotto Pro Scrim All-in-one-Kit XL (2.9&#215;2.9m)"}]},{"@type":"WebSite","@id":"https:\/\/www.cinesouk.ma\/#website","url":"https:\/\/www.cinesouk.ma\/","name":"CineSouk","description":"","publisher":{"@id":"https:\/\/www.cinesouk.ma\/#organization"},"potentialAction":[{"@type":"SearchAction","target":{"@type":"EntryPoint","urlTemplate":"https:\/\/www.cinesouk.ma\/?s={search_term_string}"},"query-input":{"@type":"PropertyValueSpecification","valueRequired":true,"valueName":"search_term_string"}}],"inLanguage":"fr-FR"},{"@type":"Organization","@id":"https:\/\/www.cinesouk.ma\/#organization","name":"CineSouk","url":"https:\/\/www.cinesouk.ma\/","logo":{"@type":"ImageObject","inLanguage":"fr-FR","@id":"https:\/\/www.cinesouk.ma\/#\/schema\/logo\/image\/","url":"https:\/\/www.cinesouk.ma\/wp-content\/uploads\/2024\/01\/CineSouk-logo-v01-alpha-alligned-left.png","contentUrl":"https:\/\/www.cinesouk.ma\/wp-content\/uploads\/2024\/01\/CineSouk-logo-v01-alpha-alligned-left.png","width":3204,"height":889,"caption":"CineSouk"},"image":{"@id":"https:\/\/www.cinesouk.ma\/#\/schema\/logo\/image\/"}}]}},"_links":{"self":[{"href":"https:\/\/www.cinesouk.ma\/fr\/wp-json\/wp\/v2\/product\/6795","targetHints":{"allow":["GET"]}}],"collection":[{"href":"https:\/\/www.cinesouk.ma\/fr\/wp-json\/wp\/v2\/product"}],"about":[{"href":"https:\/\/www.cinesouk.ma\/fr\/wp-json\/wp\/v2\/types\/product"}],"wp:featuredmedia":[{"embeddable":true,"href":"https:\/\/www.cinesouk.ma\/fr\/wp-json\/wp\/v2\/media\/6806"}],"wp:attachment":[{"href":"https:\/\/www.cinesouk.ma\/fr\/wp-json\/wp\/v2\/media?parent=6795"}],"wp:term":[{"taxonomy":"product_brand","embeddable":true,"href":"https:\/\/www.cinesouk.ma\/fr\/wp-json\/wp\/v2\/product_brand?post=6795"},{"taxonomy":"product_cat","embeddable":true,"href":"https:\/\/www.cinesouk.ma\/fr\/wp-json\/wp\/v2\/product_cat?post=6795"},{"taxonomy":"product_tag","embeddable":true,"href":"https:\/\/www.cinesouk.ma\/fr\/wp-json\/wp\/v2\/product_tag?post=6795"}],"curies":[{"name":"wp","href":"https:\/\/api.w.org\/{rel}","templated":true}]}}