{"id":6819,"date":"2024-11-27T08:17:16","date_gmt":"2024-11-27T08:17:16","guid":{"rendered":"https:\/\/www.cinesouk.ma\/?post_type=product&#038;p=6819"},"modified":"2025-08-18T10:14:01","modified_gmt":"2025-08-18T10:14:01","slug":"metal-step-down-rings-lens-adapter-filter-set-37mm-to-82mm","status":"publish","type":"product","link":"https:\/\/www.cinesouk.ma\/fr\/produit\/metal-step-down-rings-lens-adapter-filter-set-37mm-to-82mm\/","title":{"rendered":"Adaptateur de filtre en m\u00e9tal (37mm \u00e0 82mm)"},"content":{"rendered":"<p>Convertissez la taille du filetage de votre objectif \u00e0 la taille du filetage de tout autre accessoire (tels que les filtres, les pare-soleil, les flashs et les convertisseurs d'objectif) avec le filtre adaptateur d'objectif Metal Step Down Rings (37mm \u00e0 82mm). L'ensemble comprend des bagues de r\u00e9duction allant de 37 mm \u00e0 82 mm. Cela vous permet d'adapter des filtres ou des objectifs de diff\u00e9rents diam\u00e8tres \u00e0 l'objectif de votre appareil photo. Par cons\u00e9quent, sa polyvalence le rend adapt\u00e9 \u00e0 diverses configurations de photographie et de vid\u00e9ographie.<\/p>\n<h4>Caract\u00e9ristiques de l'adaptateur de filtre en m\u00e9tal (37mm \u00e0 82mm) :<\/h4>\n<ul>\n<li><strong>Construction m\u00e9tallique durable :<\/strong> Fabriqu\u00e9s en m\u00e9tal de haute qualit\u00e9, ces anneaux de descente sont con\u00e7us pour durer. Ils offrent une connexion solide et fiable et r\u00e9sistent \u00e0 l'usure, ce qui leur assure une longue dur\u00e9e de vie.<\/li>\n<li><strong>Usin\u00e9 avec pr\u00e9cision :<\/strong> Les anneaux sont usin\u00e9s avec pr\u00e9cision pour assurer un ajustement parfait et s\u00fbr sur l'objectif et le filtre. Cela minimise le risque de filetage crois\u00e9 et assure une fixation et un retrait en douceur.<\/li>\n<li><strong>Conception compacte :<\/strong> L'ensemble est compact et l\u00e9ger. Il est donc facile \u00e0 transporter et \u00e0 ranger dans le sac de votre appareil photo. Chaque anneau est mince, il n'ajoute donc pas d'encombrement important \u00e0 votre \u00e9quipement.<\/li>\n<li><strong>Facile \u00e0 utiliser :<\/strong> Il suffit de visser la bague de r\u00e9duction sur l'objectif, puis de fixer le filtre ou l'accessoire sur la bague. Ce processus simple permet de passer facilement d'un filtre \u00e0 un autre et d'un objectif \u00e0 un autre sans avoir besoin d'outils suppl\u00e9mentaires.<\/li>\n<\/ul>\n<p>Chaque location d'anneau a son propre co\u00fbt exact.<\/p>\n<p>Louez-le maintenant sur <a href=\"https:\/\/www.cinesouk.ma\/fr\">CINESOUK<\/a> - une marque de <a href=\"https:\/\/www.broadway.ma\/\">BROADWAY PRODUCTIONS SARL.<\/a><\/p>","protected":false},"excerpt":{"rendered":"<p>Sp\u00e9cifications<\/p>\n<p>Mat\u00e9riau : M\u00e9tal<br \/>\nGamme de diam\u00e8tres : 37 mm \u00e0 82 mm<br \/>\nConstruction : Usin\u00e9 avec pr\u00e9cision pour un ajustement s\u00fbr<br \/>\nCompatibilit\u00e9 : Adapte les filtres et les objectifs de diff\u00e9rentes tailles<br \/>\nConception : Compact et l\u00e9ger<br \/>\nUtilisation : Fixation et retrait faciles<\/p>","protected":false},"featured_media":7648,"template":"","meta":{"om_disable_all_campaigns":false,"_monsterinsights_skip_tracking":false,"_monsterinsights_sitenote_active":false,"_monsterinsights_sitenote_note":"","_monsterinsights_sitenote_category":0,"_uf_show_specific_survey":0,"_uf_disable_surveys":false},"product_brand":[],"product_cat":[37,36],"product_tag":[],"class_list":{"0":"post-6819","1":"product","2":"type-product","3":"status-publish","4":"has-post-thumbnail","6":"product_cat-accessories-cinesouk","7":"product_cat-lenses-cinesouk","9":"entry","10":"has-media","12":"first","13":"instock","14":"taxable","15":"shipping-taxable","16":"purchasable","17":"product-type-variable","18":"has-product-nav","19":"col","20":"span_1_of_3","21":"owp-content-center","22":"owp-thumbs-layout-horizontal","23":"owp-btn-normal","24":"owp-tabs-layout-horizontal","25":"has-no-thumbnails"},"yoast_head":"<!-- This site is optimized with the Yoast SEO Premium plugin v26.0 (Yoast SEO v26.0) - https:\/\/yoast.com\/wordpress\/plugins\/seo\/ -->\n<title>Metal Step Down Rings Lens Adapter Filter (37mm to 82mm) - CineSouk - For rent<\/title>\n<meta name=\"description\" content=\"Metal Step Down Rings Lens Adapter Filter (37mm to 82mm): High-quality metal rings for adapting filters from 37mm to 82mm.\" \/>\n<meta name=\"robots\" content=\"index, follow, max-snippet:-1, max-image-preview:large, max-video-preview:-1\" \/>\n<link rel=\"canonical\" href=\"https:\/\/www.cinesouk.ma\/fr\/produit\/metal-step-down-rings-lens-adapter-filter-set-37mm-to-82mm\/\" \/>\n<meta property=\"og:locale\" content=\"fr_FR\" \/>\n<meta property=\"og:type\" content=\"article\" \/>\n<meta property=\"og:title\" content=\"Metal Step Down Rings Lens Adapter Filter (37mm to 82mm)\" \/>\n<meta property=\"og:description\" content=\"Metal Step Down Rings Lens Adapter Filter (37mm to 82mm): High-quality metal rings for adapting filters from 37mm to 82mm.\" \/>\n<meta property=\"og:url\" content=\"https:\/\/www.cinesouk.ma\/fr\/produit\/metal-step-down-rings-lens-adapter-filter-set-37mm-to-82mm\/\" \/>\n<meta property=\"og:site_name\" content=\"CineSouk\" \/>\n<meta property=\"article:modified_time\" content=\"2025-08-18T10:14:01+00:00\" \/>\n<meta property=\"og:image\" content=\"https:\/\/www.cinesouk.ma\/wp-content\/uploads\/2024\/05\/3782.jpg\" \/>\n\t<meta property=\"og:image:width\" content=\"300\" \/>\n\t<meta property=\"og:image:height\" content=\"238\" \/>\n\t<meta property=\"og:image:type\" content=\"image\/jpeg\" \/>\n<meta name=\"twitter:card\" content=\"summary_large_image\" \/>\n<meta name=\"twitter:description\" content=\"Metal Step Down Rings Lens Adapter Filter (37mm to 82mm): High-quality metal rings for adapting filters from 37mm to 82mm.\" \/>\n<meta name=\"twitter:label1\" content=\"Dur\u00e9e de lecture estim\u00e9e\" \/>\n\t<meta name=\"twitter:data1\" content=\"2 minutes\" \/>\n<script type=\"application\/ld+json\" class=\"yoast-schema-graph\">{\"@context\":\"https:\/\/schema.org\",\"@graph\":[{\"@type\":\"WebPage\",\"@id\":\"https:\/\/www.cinesouk.ma\/product\/metal-step-down-rings-lens-adapter-filter-set-37mm-to-82mm\/\",\"url\":\"https:\/\/www.cinesouk.ma\/product\/metal-step-down-rings-lens-adapter-filter-set-37mm-to-82mm\/\",\"name\":\"Metal Step Down Rings Lens Adapter Filter (37mm to 82mm) - CineSouk - For rent\",\"isPartOf\":{\"@id\":\"https:\/\/www.cinesouk.ma\/#website\"},\"primaryImageOfPage\":{\"@id\":\"https:\/\/www.cinesouk.ma\/product\/metal-step-down-rings-lens-adapter-filter-set-37mm-to-82mm\/#primaryimage\"},\"image\":{\"@id\":\"https:\/\/www.cinesouk.ma\/product\/metal-step-down-rings-lens-adapter-filter-set-37mm-to-82mm\/#primaryimage\"},\"thumbnailUrl\":\"https:\/\/www.cinesouk.ma\/wp-content\/uploads\/2024\/05\/3782.jpg\",\"datePublished\":\"2024-11-27T08:17:16+00:00\",\"dateModified\":\"2025-08-18T10:14:01+00:00\",\"description\":\"Metal Step Down Rings Lens Adapter Filter (37mm to 82mm): High-quality metal rings for adapting filters from 37mm to 82mm.\",\"breadcrumb\":{\"@id\":\"https:\/\/www.cinesouk.ma\/product\/metal-step-down-rings-lens-adapter-filter-set-37mm-to-82mm\/#breadcrumb\"},\"inLanguage\":\"fr-FR\",\"potentialAction\":[{\"@type\":\"ReadAction\",\"target\":[\"https:\/\/www.cinesouk.ma\/product\/metal-step-down-rings-lens-adapter-filter-set-37mm-to-82mm\/\"]}]},{\"@type\":\"ImageObject\",\"inLanguage\":\"fr-FR\",\"@id\":\"https:\/\/www.cinesouk.ma\/product\/metal-step-down-rings-lens-adapter-filter-set-37mm-to-82mm\/#primaryimage\",\"url\":\"https:\/\/www.cinesouk.ma\/wp-content\/uploads\/2024\/05\/3782.jpg\",\"contentUrl\":\"https:\/\/www.cinesouk.ma\/wp-content\/uploads\/2024\/05\/3782.jpg\",\"width\":300,\"height\":238},{\"@type\":\"BreadcrumbList\",\"@id\":\"https:\/\/www.cinesouk.ma\/product\/metal-step-down-rings-lens-adapter-filter-set-37mm-to-82mm\/#breadcrumb\",\"itemListElement\":[{\"@type\":\"ListItem\",\"position\":1,\"name\":\"Home\",\"item\":\"https:\/\/www.cinesouk.ma\/\"},{\"@type\":\"ListItem\",\"position\":2,\"name\":\"Shop\",\"item\":\"https:\/\/www.cinesouk.ma\/shop\/\"},{\"@type\":\"ListItem\",\"position\":3,\"name\":\"Metal Step Down Rings Lens Adapter Filter (37mm to 82mm)\"}]},{\"@type\":\"WebSite\",\"@id\":\"https:\/\/www.cinesouk.ma\/#website\",\"url\":\"https:\/\/www.cinesouk.ma\/\",\"name\":\"CineSouk\",\"description\":\"\",\"publisher\":{\"@id\":\"https:\/\/www.cinesouk.ma\/#organization\"},\"potentialAction\":[{\"@type\":\"SearchAction\",\"target\":{\"@type\":\"EntryPoint\",\"urlTemplate\":\"https:\/\/www.cinesouk.ma\/?s={search_term_string}\"},\"query-input\":{\"@type\":\"PropertyValueSpecification\",\"valueRequired\":true,\"valueName\":\"search_term_string\"}}],\"inLanguage\":\"fr-FR\"},{\"@type\":\"Organization\",\"@id\":\"https:\/\/www.cinesouk.ma\/#organization\",\"name\":\"CineSouk\",\"url\":\"https:\/\/www.cinesouk.ma\/\",\"logo\":{\"@type\":\"ImageObject\",\"inLanguage\":\"fr-FR\",\"@id\":\"https:\/\/www.cinesouk.ma\/#\/schema\/logo\/image\/\",\"url\":\"https:\/\/www.cinesouk.ma\/wp-content\/uploads\/2024\/01\/CineSouk-logo-v01-alpha-alligned-left.png\",\"contentUrl\":\"https:\/\/www.cinesouk.ma\/wp-content\/uploads\/2024\/01\/CineSouk-logo-v01-alpha-alligned-left.png\",\"width\":3204,\"height\":889,\"caption\":\"CineSouk\"},\"image\":{\"@id\":\"https:\/\/www.cinesouk.ma\/#\/schema\/logo\/image\/\"}}]}<\/script>\n<!-- \/ Yoast SEO Premium plugin. -->","yoast_head_json":{"title":"Metal Step Down Rings Lens Adapter Filter (37mm to 82mm) - CineSouk - For rent","description":"Metal Step Down Rings Lens Adapter Filter (37mm to 82mm): High-quality metal rings for adapting filters from 37mm to 82mm.","robots":{"index":"index","follow":"follow","max-snippet":"max-snippet:-1","max-image-preview":"max-image-preview:large","max-video-preview":"max-video-preview:-1"},"canonical":"https:\/\/www.cinesouk.ma\/fr\/produit\/metal-step-down-rings-lens-adapter-filter-set-37mm-to-82mm\/","og_locale":"fr_FR","og_type":"article","og_title":"Metal Step Down Rings Lens Adapter Filter (37mm to 82mm)","og_description":"Metal Step Down Rings Lens Adapter Filter (37mm to 82mm): High-quality metal rings for adapting filters from 37mm to 82mm.","og_url":"https:\/\/www.cinesouk.ma\/fr\/produit\/metal-step-down-rings-lens-adapter-filter-set-37mm-to-82mm\/","og_site_name":"CineSouk","article_modified_time":"2025-08-18T10:14:01+00:00","og_image":[{"width":300,"height":238,"url":"https:\/\/www.cinesouk.ma\/wp-content\/uploads\/2024\/05\/3782.jpg","type":"image\/jpeg"}],"twitter_card":"summary_large_image","twitter_description":"Metal Step Down Rings Lens Adapter Filter (37mm to 82mm): High-quality metal rings for adapting filters from 37mm to 82mm.","twitter_misc":{"Dur\u00e9e de lecture estim\u00e9e":"2 minutes"},"schema":{"@context":"https:\/\/schema.org","@graph":[{"@type":"WebPage","@id":"https:\/\/www.cinesouk.ma\/product\/metal-step-down-rings-lens-adapter-filter-set-37mm-to-82mm\/","url":"https:\/\/www.cinesouk.ma\/product\/metal-step-down-rings-lens-adapter-filter-set-37mm-to-82mm\/","name":"Metal Step Down Rings Lens Adapter Filter (37mm to 82mm) - CineSouk - For rent","isPartOf":{"@id":"https:\/\/www.cinesouk.ma\/#website"},"primaryImageOfPage":{"@id":"https:\/\/www.cinesouk.ma\/product\/metal-step-down-rings-lens-adapter-filter-set-37mm-to-82mm\/#primaryimage"},"image":{"@id":"https:\/\/www.cinesouk.ma\/product\/metal-step-down-rings-lens-adapter-filter-set-37mm-to-82mm\/#primaryimage"},"thumbnailUrl":"https:\/\/www.cinesouk.ma\/wp-content\/uploads\/2024\/05\/3782.jpg","datePublished":"2024-11-27T08:17:16+00:00","dateModified":"2025-08-18T10:14:01+00:00","description":"Metal Step Down Rings Lens Adapter Filter (37mm to 82mm): High-quality metal rings for adapting filters from 37mm to 82mm.","breadcrumb":{"@id":"https:\/\/www.cinesouk.ma\/product\/metal-step-down-rings-lens-adapter-filter-set-37mm-to-82mm\/#breadcrumb"},"inLanguage":"fr-FR","potentialAction":[{"@type":"ReadAction","target":["https:\/\/www.cinesouk.ma\/product\/metal-step-down-rings-lens-adapter-filter-set-37mm-to-82mm\/"]}]},{"@type":"ImageObject","inLanguage":"fr-FR","@id":"https:\/\/www.cinesouk.ma\/product\/metal-step-down-rings-lens-adapter-filter-set-37mm-to-82mm\/#primaryimage","url":"https:\/\/www.cinesouk.ma\/wp-content\/uploads\/2024\/05\/3782.jpg","contentUrl":"https:\/\/www.cinesouk.ma\/wp-content\/uploads\/2024\/05\/3782.jpg","width":300,"height":238},{"@type":"BreadcrumbList","@id":"https:\/\/www.cinesouk.ma\/product\/metal-step-down-rings-lens-adapter-filter-set-37mm-to-82mm\/#breadcrumb","itemListElement":[{"@type":"ListItem","position":1,"name":"Home","item":"https:\/\/www.cinesouk.ma\/"},{"@type":"ListItem","position":2,"name":"Shop","item":"https:\/\/www.cinesouk.ma\/shop\/"},{"@type":"ListItem","position":3,"name":"Metal Step Down Rings Lens Adapter Filter (37mm to 82mm)"}]},{"@type":"WebSite","@id":"https:\/\/www.cinesouk.ma\/#website","url":"https:\/\/www.cinesouk.ma\/","name":"CineSouk","description":"","publisher":{"@id":"https:\/\/www.cinesouk.ma\/#organization"},"potentialAction":[{"@type":"SearchAction","target":{"@type":"EntryPoint","urlTemplate":"https:\/\/www.cinesouk.ma\/?s={search_term_string}"},"query-input":{"@type":"PropertyValueSpecification","valueRequired":true,"valueName":"search_term_string"}}],"inLanguage":"fr-FR"},{"@type":"Organization","@id":"https:\/\/www.cinesouk.ma\/#organization","name":"CineSouk","url":"https:\/\/www.cinesouk.ma\/","logo":{"@type":"ImageObject","inLanguage":"fr-FR","@id":"https:\/\/www.cinesouk.ma\/#\/schema\/logo\/image\/","url":"https:\/\/www.cinesouk.ma\/wp-content\/uploads\/2024\/01\/CineSouk-logo-v01-alpha-alligned-left.png","contentUrl":"https:\/\/www.cinesouk.ma\/wp-content\/uploads\/2024\/01\/CineSouk-logo-v01-alpha-alligned-left.png","width":3204,"height":889,"caption":"CineSouk"},"image":{"@id":"https:\/\/www.cinesouk.ma\/#\/schema\/logo\/image\/"}}]}},"_links":{"self":[{"href":"https:\/\/www.cinesouk.ma\/fr\/wp-json\/wp\/v2\/product\/6819","targetHints":{"allow":["GET"]}}],"collection":[{"href":"https:\/\/www.cinesouk.ma\/fr\/wp-json\/wp\/v2\/product"}],"about":[{"href":"https:\/\/www.cinesouk.ma\/fr\/wp-json\/wp\/v2\/types\/product"}],"wp:featuredmedia":[{"embeddable":true,"href":"https:\/\/www.cinesouk.ma\/fr\/wp-json\/wp\/v2\/media\/7648"}],"wp:attachment":[{"href":"https:\/\/www.cinesouk.ma\/fr\/wp-json\/wp\/v2\/media?parent=6819"}],"wp:term":[{"taxonomy":"product_brand","embeddable":true,"href":"https:\/\/www.cinesouk.ma\/fr\/wp-json\/wp\/v2\/product_brand?post=6819"},{"taxonomy":"product_cat","embeddable":true,"href":"https:\/\/www.cinesouk.ma\/fr\/wp-json\/wp\/v2\/product_cat?post=6819"},{"taxonomy":"product_tag","embeddable":true,"href":"https:\/\/www.cinesouk.ma\/fr\/wp-json\/wp\/v2\/product_tag?post=6819"}],"curies":[{"name":"wp","href":"https:\/\/api.w.org\/{rel}","templated":true}]}}