{"id":6881,"date":"2024-05-29T10:55:54","date_gmt":"2024-05-29T10:55:54","guid":{"rendered":"https:\/\/www.cinesouk.ma\/?post_type=product&#038;p=6881"},"modified":"2025-06-30T14:32:42","modified_gmt":"2025-06-30T14:32:42","slug":"rode-nt5-matched-pair","status":"publish","type":"product","link":"https:\/\/www.cinesouk.ma\/fr\/produit\/rode-nt5-matched-pair\/","title":{"rendered":"Rode NT5 (paire assortie)"},"content":{"rendered":"<p>Le Rode NT5 (paire assortie) est un ensemble de microphones \u00e0 condensateur \u00e0 petit diaphragme con\u00e7u pour l'enregistrement professionnel en studio et sur le terrain. Connus pour leur pr\u00e9cision et leur polyvalence, les microphones NT5 excellent dans l'enregistrement d'instruments acoustiques, d'overheads et de performances en direct. Leur diagramme polaire cardio\u00efde assure une capture audio cibl\u00e9e, r\u00e9duisant efficacement les bruits de fond. Sa directivit\u00e9 cardio\u00efde exceptionnellement pr\u00e9cise et sa r\u00e9ponse en fr\u00e9quence \u00e9tendue font du NT5 un microphone id\u00e9al pour l'enregistrement d'instruments acoustiques, d'overheads de batterie et de cymbales, de performances en direct et de dialogues sur le terrain.<\/p>\n<h4>Sp\u00e9cifications des microphones Rode :<\/h4>\n<ul>\n<li class=\"fx-list__item list-item fx-list__item--circle\"><span class=\"fx-text fx-text--plus list-item__text\">Dimensions (H x L x P) : 118 x 20 x 20 mm<\/span><\/li>\n<li class=\"fx-list__item list-item fx-list__item--circle\"><span class=\"fx-text fx-text--plus list-item__text\">Poids de chaque micro : 101 g<\/span><\/li>\n<li class=\"fx-list__item list-item fx-list__item--circle\"><span class=\"fx-text fx-text--plus list-item__text\">Gamme de fr\u00e9quences : 20 - 20 000 Hz<\/span><\/li>\n<li class=\"fx-list__item list-item fx-list__item--circle\"><span class=\"fx-text fx-text--plus list-item__text\">Imp\u00e9dance de sortie : 100 Ohm<\/span><\/li>\n<li class=\"fx-list__item list-item fx-list__item--circle\"><span class=\"fx-text fx-text--plus list-item__text\">Niveau de pression acoustique maximal : 143 dB<\/span><\/li>\n<li>Paire appari\u00e9e : Garantit une capture audio coh\u00e9rente et \u00e9quilibr\u00e9e, id\u00e9ale pour l'enregistrement st\u00e9r\u00e9o.<\/li>\n<li>Diagramme polaire cardio\u00efde : Se concentre sur la source sonore tout en minimisant les bruits ambiants.<\/li>\n<li>Qualit\u00e9 audio sup\u00e9rieure : Offre un son clair et d\u00e9taill\u00e9 avec une r\u00e9ponse en fr\u00e9quence \u00e9tendue.<\/li>\n<li>Faible bruit propre : Permet des enregistrements propres avec un minimum d'interf\u00e9rences.<\/li>\n<li>Construction durable : Construction robuste pour des performances fiables dans divers environnements.<\/li>\n<li>Alimentation fant\u00f4me : Fonctionne avec une alimentation fant\u00f4me de 48 V, adapt\u00e9e \u00e0 l'\u00e9quipement audio professionnel.<\/li>\n<li>Accessoires inclus : Livr\u00e9 avec des pare-brises, des supports et une mallette de transport pour faciliter l'installation et le transport.<\/li>\n<\/ul>\n<p>Louez le Rode NT5 (paire assortie) maintenant sur <a href=\"https:\/\/www.cinesouk.ma\/fr\">CINESOUK<\/a> - une marque de <a href=\"https:\/\/www.broadway.ma\/\">BROADWAY PRODUCTIONS SARL.<\/a><\/p>","protected":false},"excerpt":{"rendered":"<p>Sp\u00e9cifications :<\/p>\n<p>Mod\u00e8le de prise de son : Cardio\u00efde<br \/>\nR\u00e9ponse en fr\u00e9quence : 20 Hz \u00e0 20 kHz<br \/>\nSensibilit\u00e9 : -38 dB re 1V\/Pa @ 1kHz<br \/>\nBruit propre : 16 dB(A)<br \/>\nExigences en mati\u00e8re d'alimentation : Alimentation fant\u00f4me 48V<br \/>\nDimensions : Longueur 100 mm, Diam\u00e8tre 20 mm<br \/>\nPoids : 100 g par microphone<\/p>","protected":false},"featured_media":6892,"template":"","meta":{"om_disable_all_campaigns":false,"_monsterinsights_skip_tracking":false,"_monsterinsights_sitenote_active":false,"_monsterinsights_sitenote_note":"","_monsterinsights_sitenote_category":0,"_uf_show_specific_survey":0,"_uf_disable_surveys":false},"product_brand":[],"product_cat":[86,35],"product_tag":[],"class_list":{"0":"post-6881","1":"product","2":"type-product","3":"status-publish","4":"has-post-thumbnail","6":"product_cat-foh-cinesouk","7":"product_cat-sound-cinesouk","9":"entry","10":"has-media","12":"first","13":"instock","14":"taxable","15":"shipping-taxable","16":"purchasable","17":"product-type-variable","18":"has-product-nav","19":"col","20":"span_1_of_3","21":"owp-content-center","22":"owp-thumbs-layout-horizontal","23":"owp-btn-normal","24":"owp-tabs-layout-horizontal","25":"has-no-thumbnails"},"yoast_head":"<!-- This site is optimized with the Yoast SEO Premium plugin v26.0 (Yoast SEO v26.0) - https:\/\/yoast.com\/wordpress\/plugins\/seo\/ -->\n<title>Rode NT5 (matched pair) - CineSouk - Marrakech | Morocco - For rent<\/title>\n<meta name=\"description\" content=\"Achieve superior sound quality with the Rode NT5 Microphone matched pair. Perfect for recording acoustic instruments and live performances.- CineSouk\" \/>\n<meta name=\"robots\" content=\"index, follow, max-snippet:-1, max-image-preview:large, max-video-preview:-1\" \/>\n<link rel=\"canonical\" href=\"https:\/\/www.cinesouk.ma\/fr\/produit\/rode-nt5-matched-pair\/\" \/>\n<meta property=\"og:locale\" content=\"fr_FR\" \/>\n<meta property=\"og:type\" content=\"article\" \/>\n<meta property=\"og:title\" content=\"Rode NT5 (matched pair)\" \/>\n<meta property=\"og:description\" content=\"Achieve superior sound quality with the Rode NT5 Microphone matched pair. Perfect for recording acoustic instruments and live performances.- CineSouk\" \/>\n<meta property=\"og:url\" content=\"https:\/\/www.cinesouk.ma\/fr\/produit\/rode-nt5-matched-pair\/\" \/>\n<meta property=\"og:site_name\" content=\"CineSouk\" \/>\n<meta property=\"article:modified_time\" content=\"2025-06-30T14:32:42+00:00\" \/>\n<meta property=\"og:image\" content=\"https:\/\/www.cinesouk.ma\/wp-content\/uploads\/2024\/05\/14.jpg\" \/>\n\t<meta property=\"og:image:width\" content=\"300\" \/>\n\t<meta property=\"og:image:height\" content=\"238\" \/>\n\t<meta property=\"og:image:type\" content=\"image\/jpeg\" \/>\n<meta name=\"twitter:card\" content=\"summary_large_image\" \/>\n<meta name=\"twitter:description\" content=\"Achieve superior sound quality with the Rode NT5 Microphone matched pair. Perfect for recording acoustic instruments and live performances.- CineSouk\" \/>\n<meta name=\"twitter:label1\" content=\"Dur\u00e9e de lecture estim\u00e9e\" \/>\n\t<meta name=\"twitter:data1\" content=\"2 minutes\" \/>\n<script type=\"application\/ld+json\" class=\"yoast-schema-graph\">{\"@context\":\"https:\/\/schema.org\",\"@graph\":[{\"@type\":\"WebPage\",\"@id\":\"https:\/\/www.cinesouk.ma\/product\/rode-nt5-matched-pair\/\",\"url\":\"https:\/\/www.cinesouk.ma\/product\/rode-nt5-matched-pair\/\",\"name\":\"Rode NT5 (matched pair) - CineSouk - Marrakech | Morocco - For rent\",\"isPartOf\":{\"@id\":\"https:\/\/www.cinesouk.ma\/#website\"},\"primaryImageOfPage\":{\"@id\":\"https:\/\/www.cinesouk.ma\/product\/rode-nt5-matched-pair\/#primaryimage\"},\"image\":{\"@id\":\"https:\/\/www.cinesouk.ma\/product\/rode-nt5-matched-pair\/#primaryimage\"},\"thumbnailUrl\":\"https:\/\/www.cinesouk.ma\/wp-content\/uploads\/2024\/05\/14.jpg\",\"datePublished\":\"2024-05-29T10:55:54+00:00\",\"dateModified\":\"2025-06-30T14:32:42+00:00\",\"description\":\"Achieve superior sound quality with the Rode NT5 Microphone matched pair. Perfect for recording acoustic instruments and live performances.- CineSouk\",\"breadcrumb\":{\"@id\":\"https:\/\/www.cinesouk.ma\/product\/rode-nt5-matched-pair\/#breadcrumb\"},\"inLanguage\":\"fr-FR\",\"potentialAction\":[{\"@type\":\"ReadAction\",\"target\":[\"https:\/\/www.cinesouk.ma\/product\/rode-nt5-matched-pair\/\"]}]},{\"@type\":\"ImageObject\",\"inLanguage\":\"fr-FR\",\"@id\":\"https:\/\/www.cinesouk.ma\/product\/rode-nt5-matched-pair\/#primaryimage\",\"url\":\"https:\/\/www.cinesouk.ma\/wp-content\/uploads\/2024\/05\/14.jpg\",\"contentUrl\":\"https:\/\/www.cinesouk.ma\/wp-content\/uploads\/2024\/05\/14.jpg\",\"width\":300,\"height\":238},{\"@type\":\"BreadcrumbList\",\"@id\":\"https:\/\/www.cinesouk.ma\/product\/rode-nt5-matched-pair\/#breadcrumb\",\"itemListElement\":[{\"@type\":\"ListItem\",\"position\":1,\"name\":\"Home\",\"item\":\"https:\/\/www.cinesouk.ma\/\"},{\"@type\":\"ListItem\",\"position\":2,\"name\":\"Shop\",\"item\":\"https:\/\/www.cinesouk.ma\/shop\/\"},{\"@type\":\"ListItem\",\"position\":3,\"name\":\"Rode NT5 (matched pair)\"}]},{\"@type\":\"WebSite\",\"@id\":\"https:\/\/www.cinesouk.ma\/#website\",\"url\":\"https:\/\/www.cinesouk.ma\/\",\"name\":\"CineSouk\",\"description\":\"\",\"publisher\":{\"@id\":\"https:\/\/www.cinesouk.ma\/#organization\"},\"potentialAction\":[{\"@type\":\"SearchAction\",\"target\":{\"@type\":\"EntryPoint\",\"urlTemplate\":\"https:\/\/www.cinesouk.ma\/?s={search_term_string}\"},\"query-input\":{\"@type\":\"PropertyValueSpecification\",\"valueRequired\":true,\"valueName\":\"search_term_string\"}}],\"inLanguage\":\"fr-FR\"},{\"@type\":\"Organization\",\"@id\":\"https:\/\/www.cinesouk.ma\/#organization\",\"name\":\"CineSouk\",\"url\":\"https:\/\/www.cinesouk.ma\/\",\"logo\":{\"@type\":\"ImageObject\",\"inLanguage\":\"fr-FR\",\"@id\":\"https:\/\/www.cinesouk.ma\/#\/schema\/logo\/image\/\",\"url\":\"https:\/\/www.cinesouk.ma\/wp-content\/uploads\/2024\/01\/CineSouk-logo-v01-alpha-alligned-left.png\",\"contentUrl\":\"https:\/\/www.cinesouk.ma\/wp-content\/uploads\/2024\/01\/CineSouk-logo-v01-alpha-alligned-left.png\",\"width\":3204,\"height\":889,\"caption\":\"CineSouk\"},\"image\":{\"@id\":\"https:\/\/www.cinesouk.ma\/#\/schema\/logo\/image\/\"}}]}<\/script>\n<!-- \/ Yoast SEO Premium plugin. -->","yoast_head_json":{"title":"Rode NT5 (matched pair) - CineSouk - Marrakech | Morocco - For rent","description":"Achieve superior sound quality with the Rode NT5 Microphone matched pair. Perfect for recording acoustic instruments and live performances.- CineSouk","robots":{"index":"index","follow":"follow","max-snippet":"max-snippet:-1","max-image-preview":"max-image-preview:large","max-video-preview":"max-video-preview:-1"},"canonical":"https:\/\/www.cinesouk.ma\/fr\/produit\/rode-nt5-matched-pair\/","og_locale":"fr_FR","og_type":"article","og_title":"Rode NT5 (matched pair)","og_description":"Achieve superior sound quality with the Rode NT5 Microphone matched pair. Perfect for recording acoustic instruments and live performances.- CineSouk","og_url":"https:\/\/www.cinesouk.ma\/fr\/produit\/rode-nt5-matched-pair\/","og_site_name":"CineSouk","article_modified_time":"2025-06-30T14:32:42+00:00","og_image":[{"width":300,"height":238,"url":"https:\/\/www.cinesouk.ma\/wp-content\/uploads\/2024\/05\/14.jpg","type":"image\/jpeg"}],"twitter_card":"summary_large_image","twitter_description":"Achieve superior sound quality with the Rode NT5 Microphone matched pair. Perfect for recording acoustic instruments and live performances.- CineSouk","twitter_misc":{"Dur\u00e9e de lecture estim\u00e9e":"2 minutes"},"schema":{"@context":"https:\/\/schema.org","@graph":[{"@type":"WebPage","@id":"https:\/\/www.cinesouk.ma\/product\/rode-nt5-matched-pair\/","url":"https:\/\/www.cinesouk.ma\/product\/rode-nt5-matched-pair\/","name":"Rode NT5 (matched pair) - CineSouk - Marrakech | Morocco - For rent","isPartOf":{"@id":"https:\/\/www.cinesouk.ma\/#website"},"primaryImageOfPage":{"@id":"https:\/\/www.cinesouk.ma\/product\/rode-nt5-matched-pair\/#primaryimage"},"image":{"@id":"https:\/\/www.cinesouk.ma\/product\/rode-nt5-matched-pair\/#primaryimage"},"thumbnailUrl":"https:\/\/www.cinesouk.ma\/wp-content\/uploads\/2024\/05\/14.jpg","datePublished":"2024-05-29T10:55:54+00:00","dateModified":"2025-06-30T14:32:42+00:00","description":"Achieve superior sound quality with the Rode NT5 Microphone matched pair. Perfect for recording acoustic instruments and live performances.- CineSouk","breadcrumb":{"@id":"https:\/\/www.cinesouk.ma\/product\/rode-nt5-matched-pair\/#breadcrumb"},"inLanguage":"fr-FR","potentialAction":[{"@type":"ReadAction","target":["https:\/\/www.cinesouk.ma\/product\/rode-nt5-matched-pair\/"]}]},{"@type":"ImageObject","inLanguage":"fr-FR","@id":"https:\/\/www.cinesouk.ma\/product\/rode-nt5-matched-pair\/#primaryimage","url":"https:\/\/www.cinesouk.ma\/wp-content\/uploads\/2024\/05\/14.jpg","contentUrl":"https:\/\/www.cinesouk.ma\/wp-content\/uploads\/2024\/05\/14.jpg","width":300,"height":238},{"@type":"BreadcrumbList","@id":"https:\/\/www.cinesouk.ma\/product\/rode-nt5-matched-pair\/#breadcrumb","itemListElement":[{"@type":"ListItem","position":1,"name":"Home","item":"https:\/\/www.cinesouk.ma\/"},{"@type":"ListItem","position":2,"name":"Shop","item":"https:\/\/www.cinesouk.ma\/shop\/"},{"@type":"ListItem","position":3,"name":"Rode NT5 (matched pair)"}]},{"@type":"WebSite","@id":"https:\/\/www.cinesouk.ma\/#website","url":"https:\/\/www.cinesouk.ma\/","name":"CineSouk","description":"","publisher":{"@id":"https:\/\/www.cinesouk.ma\/#organization"},"potentialAction":[{"@type":"SearchAction","target":{"@type":"EntryPoint","urlTemplate":"https:\/\/www.cinesouk.ma\/?s={search_term_string}"},"query-input":{"@type":"PropertyValueSpecification","valueRequired":true,"valueName":"search_term_string"}}],"inLanguage":"fr-FR"},{"@type":"Organization","@id":"https:\/\/www.cinesouk.ma\/#organization","name":"CineSouk","url":"https:\/\/www.cinesouk.ma\/","logo":{"@type":"ImageObject","inLanguage":"fr-FR","@id":"https:\/\/www.cinesouk.ma\/#\/schema\/logo\/image\/","url":"https:\/\/www.cinesouk.ma\/wp-content\/uploads\/2024\/01\/CineSouk-logo-v01-alpha-alligned-left.png","contentUrl":"https:\/\/www.cinesouk.ma\/wp-content\/uploads\/2024\/01\/CineSouk-logo-v01-alpha-alligned-left.png","width":3204,"height":889,"caption":"CineSouk"},"image":{"@id":"https:\/\/www.cinesouk.ma\/#\/schema\/logo\/image\/"}}]}},"_links":{"self":[{"href":"https:\/\/www.cinesouk.ma\/fr\/wp-json\/wp\/v2\/product\/6881","targetHints":{"allow":["GET"]}}],"collection":[{"href":"https:\/\/www.cinesouk.ma\/fr\/wp-json\/wp\/v2\/product"}],"about":[{"href":"https:\/\/www.cinesouk.ma\/fr\/wp-json\/wp\/v2\/types\/product"}],"wp:featuredmedia":[{"embeddable":true,"href":"https:\/\/www.cinesouk.ma\/fr\/wp-json\/wp\/v2\/media\/6892"}],"wp:attachment":[{"href":"https:\/\/www.cinesouk.ma\/fr\/wp-json\/wp\/v2\/media?parent=6881"}],"wp:term":[{"taxonomy":"product_brand","embeddable":true,"href":"https:\/\/www.cinesouk.ma\/fr\/wp-json\/wp\/v2\/product_brand?post=6881"},{"taxonomy":"product_cat","embeddable":true,"href":"https:\/\/www.cinesouk.ma\/fr\/wp-json\/wp\/v2\/product_cat?post=6881"},{"taxonomy":"product_tag","embeddable":true,"href":"https:\/\/www.cinesouk.ma\/fr\/wp-json\/wp\/v2\/product_tag?post=6881"}],"curies":[{"name":"wp","href":"https:\/\/api.w.org\/{rel}","templated":true}]}}