{"id":7073,"date":"2024-06-19T16:08:16","date_gmt":"2024-06-19T16:08:16","guid":{"rendered":"https:\/\/www.cinesouk.ma\/?post_type=product&#038;p=7073"},"modified":"2025-03-21T10:56:11","modified_gmt":"2025-03-21T10:56:11","slug":"av-pro-se-cfexpress-b-512gb-1785-mb-s","status":"publish","type":"product","link":"https:\/\/www.cinesouk.ma\/fr\/produit\/av-pro-se-cfexpress-b-512gb-1785-mb-s\/","title":{"rendered":"Carte m\u00e9moire AV PRO SE CFexpress B 512GB 1785 MB\/s"},"content":{"rendered":"<p>La carte AV PRO SE CFexpress B 512GB 1785 MB\/s offre des taux de transfert de donn\u00e9es \u00e9lev\u00e9s et une capacit\u00e9 de stockage substantielle, ce qui la rend id\u00e9ale pour capturer des images haute r\u00e9solution et des s\u00e9quences vid\u00e9o 4K\/8K. La carte a une vitesse d'\u00e9criture soutenue de 800 Mo\/s. Sa qualit\u00e9 de fabrication robuste et sa technologie avanc\u00e9e garantissent fiabilit\u00e9 et efficacit\u00e9, r\u00e9pondant ainsi aux exigences rigoureuses des flux de travail professionnels.<\/p>\n<h4>Caract\u00e9ristiques :<\/h4>\n<ul>\n<li>Performances \u00e0 grande vitesse : Avec une vitesse de lecture de 1 785 Mo\/s et une vitesse d'\u00e9criture allant jusqu'\u00e0 800 Mo\/s, cette carte permet des transferts de donn\u00e9es rapides et des temps de chargement courts. Elle est id\u00e9ale pour la prise de vue en rafale et l'enregistrement vid\u00e9o haute r\u00e9solution.<\/li>\n<li>Grande capacit\u00e9 de stockage : la capacit\u00e9 de 512 Go offre suffisamment d'espace pour les sessions de prise de vue prolong\u00e9es, permettant de stocker des milliers de photos haute r\u00e9solution et des heures de vid\u00e9o.<\/li>\n<li>Compatibilit\u00e9 avanc\u00e9e : Le format CFexpress Type B garantit la compatibilit\u00e9 avec les derniers appareils photo et dispositifs haute performance. Il prend en charge l'enregistrement vid\u00e9o 4K et 8K et la prise de vue continue \u00e0 grande vitesse.<\/li>\n<li>Construction robuste : Con\u00e7ue pour durer, cette carte r\u00e9siste aux temp\u00e9ratures extr\u00eames, aux chocs et aux vibrations, ce qui la rend fiable dans des conditions de tournage difficiles.<br \/>\nFlux de travail efficace : Optimis\u00e9 pour une utilisation professionnelle, il facilite l'int\u00e9gration transparente dans les flux de travail qui n\u00e9cessitent des vitesses de lecture\/\u00e9criture rapides et une grande capacit\u00e9 de stockage.<\/li>\n<\/ul>\n<p>Louez l'AV PRO SE CFexpress B 512GB 1785 MB\/s maintenant au <a href=\"https:\/\/www.cinesouk.ma\/fr\">CINESOUK<\/a> - une marque de <a href=\"https:\/\/www.broadway.ma\/\">BROADWAY PRODUCTIONS SARL.<\/a><\/p>\n<p>&nbsp;<\/p>","protected":false},"excerpt":{"rendered":"<p>Sp\u00e9cifications<\/p>\n<p>Capacit\u00e9 : 512 Go<br \/>\nFacteur de forme : CFexpress Type B<br \/>\nVitesse de lecture : jusqu'\u00e0 1785 Mo\/s<br \/>\nVitesse d'\u00e9criture : jusqu'\u00e0 850 Mo\/s<br \/>\nPlage de temp\u00e9rature : Fonctionnement : -10\u00b0C \u00e0 70\u00b0C, Stockage : -40\u00b0C \u00e0 85\u00b0C<br \/>\nR\u00e9sistance aux chocs : Jusqu'\u00e0 1500 G<br \/>\nR\u00e9sistance aux vibrations : 10-2000 Hz, 5 G<br \/>\nDimensions : 38,5 mm x 29,6 mm x 3,8 mm : 38,5 mm x 29,6 mm x 3,8 mm<br \/>\nPoids : 7,5 grammes<br \/>\nCompatibilit\u00e9 : Con\u00e7u pour les appareils photo et les dispositifs de haute performance qui prennent en charge les cartes CFexpress de type B<\/p>","protected":false},"featured_media":7084,"template":"","meta":{"om_disable_all_campaigns":false,"_monsterinsights_skip_tracking":false,"_monsterinsights_sitenote_active":false,"_monsterinsights_sitenote_note":"","_monsterinsights_sitenote_category":0,"_uf_show_specific_survey":0,"_uf_disable_surveys":false},"product_brand":[],"product_cat":[37],"product_tag":[],"class_list":{"0":"post-7073","1":"product","2":"type-product","3":"status-publish","4":"has-post-thumbnail","6":"product_cat-accessories-cinesouk","8":"entry","9":"has-media","11":"first","12":"instock","13":"taxable","14":"shipping-taxable","15":"purchasable","16":"product-type-variable","17":"has-product-nav","18":"col","19":"span_1_of_3","20":"owp-content-center","21":"owp-thumbs-layout-horizontal","22":"owp-btn-normal","23":"owp-tabs-layout-horizontal","24":"has-no-thumbnails"},"yoast_head":"<!-- This site is optimized with the Yoast SEO Premium plugin v26.0 (Yoast SEO v26.0) - https:\/\/yoast.com\/wordpress\/plugins\/seo\/ -->\n<title>AV PRO SE CFexpress B 512GB 1785 MB\/s Memory Card - CineSouk - For rent<\/title>\n<meta name=\"description\" content=\"Capture high-res footage with the AV PRO SE CFexpress B 512GB 1785 MB\/s. High-speed 1785 MB\/s data transfer for reliable storage. - CineSouk\" \/>\n<meta name=\"robots\" content=\"index, follow, max-snippet:-1, max-image-preview:large, max-video-preview:-1\" \/>\n<link rel=\"canonical\" href=\"https:\/\/www.cinesouk.ma\/fr\/produit\/av-pro-se-cfexpress-b-512gb-1785-mb-s\/\" \/>\n<meta property=\"og:locale\" content=\"fr_FR\" \/>\n<meta property=\"og:type\" content=\"article\" \/>\n<meta property=\"og:title\" content=\"AV PRO SE CFexpress B 512GB 1785 MB\/s Memory Card\" \/>\n<meta property=\"og:description\" content=\"Capture high-res footage with the AV PRO SE CFexpress B 512GB 1785 MB\/s. High-speed 1785 MB\/s data transfer for reliable storage. - CineSouk\" \/>\n<meta property=\"og:url\" content=\"https:\/\/www.cinesouk.ma\/fr\/produit\/av-pro-se-cfexpress-b-512gb-1785-mb-s\/\" \/>\n<meta property=\"og:site_name\" content=\"CineSouk\" \/>\n<meta property=\"article:modified_time\" content=\"2025-03-21T10:56:11+00:00\" \/>\n<meta property=\"og:image\" content=\"https:\/\/www.cinesouk.ma\/wp-content\/uploads\/2024\/06\/av-pro-se-cfexpress-b-512gb-1785-mbs.jpg\" \/>\n\t<meta property=\"og:image:width\" content=\"300\" \/>\n\t<meta property=\"og:image:height\" content=\"238\" \/>\n\t<meta property=\"og:image:type\" content=\"image\/jpeg\" \/>\n<meta name=\"twitter:card\" content=\"summary_large_image\" \/>\n<meta name=\"twitter:description\" content=\"Capture high-res footage with the AV PRO SE CFexpress B 512GB 1785 MB\/s. High-speed 1785 MB\/s data transfer for reliable storage. - CineSouk\" \/>\n<meta name=\"twitter:label1\" content=\"Dur\u00e9e de lecture estim\u00e9e\" \/>\n\t<meta name=\"twitter:data1\" content=\"2 minutes\" \/>\n<script type=\"application\/ld+json\" class=\"yoast-schema-graph\">{\"@context\":\"https:\/\/schema.org\",\"@graph\":[{\"@type\":\"WebPage\",\"@id\":\"https:\/\/www.cinesouk.ma\/product\/av-pro-se-cfexpress-b-512gb-1785-mb-s\/\",\"url\":\"https:\/\/www.cinesouk.ma\/product\/av-pro-se-cfexpress-b-512gb-1785-mb-s\/\",\"name\":\"AV PRO SE CFexpress B 512GB 1785 MB\/s Memory Card - CineSouk - For rent\",\"isPartOf\":{\"@id\":\"https:\/\/www.cinesouk.ma\/#website\"},\"primaryImageOfPage\":{\"@id\":\"https:\/\/www.cinesouk.ma\/product\/av-pro-se-cfexpress-b-512gb-1785-mb-s\/#primaryimage\"},\"image\":{\"@id\":\"https:\/\/www.cinesouk.ma\/product\/av-pro-se-cfexpress-b-512gb-1785-mb-s\/#primaryimage\"},\"thumbnailUrl\":\"https:\/\/www.cinesouk.ma\/wp-content\/uploads\/2024\/06\/av-pro-se-cfexpress-b-512gb-1785-mbs.jpg\",\"datePublished\":\"2024-06-19T16:08:16+00:00\",\"dateModified\":\"2025-03-21T10:56:11+00:00\",\"description\":\"Capture high-res footage with the AV PRO SE CFexpress B 512GB 1785 MB\/s. High-speed 1785 MB\/s data transfer for reliable storage. - CineSouk\",\"breadcrumb\":{\"@id\":\"https:\/\/www.cinesouk.ma\/product\/av-pro-se-cfexpress-b-512gb-1785-mb-s\/#breadcrumb\"},\"inLanguage\":\"fr-FR\",\"potentialAction\":[{\"@type\":\"ReadAction\",\"target\":[\"https:\/\/www.cinesouk.ma\/product\/av-pro-se-cfexpress-b-512gb-1785-mb-s\/\"]}]},{\"@type\":\"ImageObject\",\"inLanguage\":\"fr-FR\",\"@id\":\"https:\/\/www.cinesouk.ma\/product\/av-pro-se-cfexpress-b-512gb-1785-mb-s\/#primaryimage\",\"url\":\"https:\/\/www.cinesouk.ma\/wp-content\/uploads\/2024\/06\/av-pro-se-cfexpress-b-512gb-1785-mbs.jpg\",\"contentUrl\":\"https:\/\/www.cinesouk.ma\/wp-content\/uploads\/2024\/06\/av-pro-se-cfexpress-b-512gb-1785-mbs.jpg\",\"width\":300,\"height\":238},{\"@type\":\"BreadcrumbList\",\"@id\":\"https:\/\/www.cinesouk.ma\/product\/av-pro-se-cfexpress-b-512gb-1785-mb-s\/#breadcrumb\",\"itemListElement\":[{\"@type\":\"ListItem\",\"position\":1,\"name\":\"Home\",\"item\":\"https:\/\/www.cinesouk.ma\/\"},{\"@type\":\"ListItem\",\"position\":2,\"name\":\"Shop\",\"item\":\"https:\/\/www.cinesouk.ma\/shop\/\"},{\"@type\":\"ListItem\",\"position\":3,\"name\":\"AV PRO SE CFexpress B 512GB 1785 MB\/s Memory Card\"}]},{\"@type\":\"WebSite\",\"@id\":\"https:\/\/www.cinesouk.ma\/#website\",\"url\":\"https:\/\/www.cinesouk.ma\/\",\"name\":\"CineSouk\",\"description\":\"\",\"publisher\":{\"@id\":\"https:\/\/www.cinesouk.ma\/#organization\"},\"potentialAction\":[{\"@type\":\"SearchAction\",\"target\":{\"@type\":\"EntryPoint\",\"urlTemplate\":\"https:\/\/www.cinesouk.ma\/?s={search_term_string}\"},\"query-input\":{\"@type\":\"PropertyValueSpecification\",\"valueRequired\":true,\"valueName\":\"search_term_string\"}}],\"inLanguage\":\"fr-FR\"},{\"@type\":\"Organization\",\"@id\":\"https:\/\/www.cinesouk.ma\/#organization\",\"name\":\"CineSouk\",\"url\":\"https:\/\/www.cinesouk.ma\/\",\"logo\":{\"@type\":\"ImageObject\",\"inLanguage\":\"fr-FR\",\"@id\":\"https:\/\/www.cinesouk.ma\/#\/schema\/logo\/image\/\",\"url\":\"https:\/\/www.cinesouk.ma\/wp-content\/uploads\/2024\/01\/CineSouk-logo-v01-alpha-alligned-left.png\",\"contentUrl\":\"https:\/\/www.cinesouk.ma\/wp-content\/uploads\/2024\/01\/CineSouk-logo-v01-alpha-alligned-left.png\",\"width\":3204,\"height\":889,\"caption\":\"CineSouk\"},\"image\":{\"@id\":\"https:\/\/www.cinesouk.ma\/#\/schema\/logo\/image\/\"}}]}<\/script>\n<!-- \/ Yoast SEO Premium plugin. -->","yoast_head_json":{"title":"AV PRO SE CFexpress B 512GB 1785 MB\/s Memory Card - CineSouk - For rent","description":"Capture high-res footage with the AV PRO SE CFexpress B 512GB 1785 MB\/s. High-speed 1785 MB\/s data transfer for reliable storage. - CineSouk","robots":{"index":"index","follow":"follow","max-snippet":"max-snippet:-1","max-image-preview":"max-image-preview:large","max-video-preview":"max-video-preview:-1"},"canonical":"https:\/\/www.cinesouk.ma\/fr\/produit\/av-pro-se-cfexpress-b-512gb-1785-mb-s\/","og_locale":"fr_FR","og_type":"article","og_title":"AV PRO SE CFexpress B 512GB 1785 MB\/s Memory Card","og_description":"Capture high-res footage with the AV PRO SE CFexpress B 512GB 1785 MB\/s. High-speed 1785 MB\/s data transfer for reliable storage. - CineSouk","og_url":"https:\/\/www.cinesouk.ma\/fr\/produit\/av-pro-se-cfexpress-b-512gb-1785-mb-s\/","og_site_name":"CineSouk","article_modified_time":"2025-03-21T10:56:11+00:00","og_image":[{"width":300,"height":238,"url":"https:\/\/www.cinesouk.ma\/wp-content\/uploads\/2024\/06\/av-pro-se-cfexpress-b-512gb-1785-mbs.jpg","type":"image\/jpeg"}],"twitter_card":"summary_large_image","twitter_description":"Capture high-res footage with the AV PRO SE CFexpress B 512GB 1785 MB\/s. High-speed 1785 MB\/s data transfer for reliable storage. - CineSouk","twitter_misc":{"Dur\u00e9e de lecture estim\u00e9e":"2 minutes"},"schema":{"@context":"https:\/\/schema.org","@graph":[{"@type":"WebPage","@id":"https:\/\/www.cinesouk.ma\/product\/av-pro-se-cfexpress-b-512gb-1785-mb-s\/","url":"https:\/\/www.cinesouk.ma\/product\/av-pro-se-cfexpress-b-512gb-1785-mb-s\/","name":"AV PRO SE CFexpress B 512GB 1785 MB\/s Memory Card - CineSouk - For rent","isPartOf":{"@id":"https:\/\/www.cinesouk.ma\/#website"},"primaryImageOfPage":{"@id":"https:\/\/www.cinesouk.ma\/product\/av-pro-se-cfexpress-b-512gb-1785-mb-s\/#primaryimage"},"image":{"@id":"https:\/\/www.cinesouk.ma\/product\/av-pro-se-cfexpress-b-512gb-1785-mb-s\/#primaryimage"},"thumbnailUrl":"https:\/\/www.cinesouk.ma\/wp-content\/uploads\/2024\/06\/av-pro-se-cfexpress-b-512gb-1785-mbs.jpg","datePublished":"2024-06-19T16:08:16+00:00","dateModified":"2025-03-21T10:56:11+00:00","description":"Capture high-res footage with the AV PRO SE CFexpress B 512GB 1785 MB\/s. High-speed 1785 MB\/s data transfer for reliable storage. - CineSouk","breadcrumb":{"@id":"https:\/\/www.cinesouk.ma\/product\/av-pro-se-cfexpress-b-512gb-1785-mb-s\/#breadcrumb"},"inLanguage":"fr-FR","potentialAction":[{"@type":"ReadAction","target":["https:\/\/www.cinesouk.ma\/product\/av-pro-se-cfexpress-b-512gb-1785-mb-s\/"]}]},{"@type":"ImageObject","inLanguage":"fr-FR","@id":"https:\/\/www.cinesouk.ma\/product\/av-pro-se-cfexpress-b-512gb-1785-mb-s\/#primaryimage","url":"https:\/\/www.cinesouk.ma\/wp-content\/uploads\/2024\/06\/av-pro-se-cfexpress-b-512gb-1785-mbs.jpg","contentUrl":"https:\/\/www.cinesouk.ma\/wp-content\/uploads\/2024\/06\/av-pro-se-cfexpress-b-512gb-1785-mbs.jpg","width":300,"height":238},{"@type":"BreadcrumbList","@id":"https:\/\/www.cinesouk.ma\/product\/av-pro-se-cfexpress-b-512gb-1785-mb-s\/#breadcrumb","itemListElement":[{"@type":"ListItem","position":1,"name":"Home","item":"https:\/\/www.cinesouk.ma\/"},{"@type":"ListItem","position":2,"name":"Shop","item":"https:\/\/www.cinesouk.ma\/shop\/"},{"@type":"ListItem","position":3,"name":"AV PRO SE CFexpress B 512GB 1785 MB\/s Memory Card"}]},{"@type":"WebSite","@id":"https:\/\/www.cinesouk.ma\/#website","url":"https:\/\/www.cinesouk.ma\/","name":"CineSouk","description":"","publisher":{"@id":"https:\/\/www.cinesouk.ma\/#organization"},"potentialAction":[{"@type":"SearchAction","target":{"@type":"EntryPoint","urlTemplate":"https:\/\/www.cinesouk.ma\/?s={search_term_string}"},"query-input":{"@type":"PropertyValueSpecification","valueRequired":true,"valueName":"search_term_string"}}],"inLanguage":"fr-FR"},{"@type":"Organization","@id":"https:\/\/www.cinesouk.ma\/#organization","name":"CineSouk","url":"https:\/\/www.cinesouk.ma\/","logo":{"@type":"ImageObject","inLanguage":"fr-FR","@id":"https:\/\/www.cinesouk.ma\/#\/schema\/logo\/image\/","url":"https:\/\/www.cinesouk.ma\/wp-content\/uploads\/2024\/01\/CineSouk-logo-v01-alpha-alligned-left.png","contentUrl":"https:\/\/www.cinesouk.ma\/wp-content\/uploads\/2024\/01\/CineSouk-logo-v01-alpha-alligned-left.png","width":3204,"height":889,"caption":"CineSouk"},"image":{"@id":"https:\/\/www.cinesouk.ma\/#\/schema\/logo\/image\/"}}]}},"_links":{"self":[{"href":"https:\/\/www.cinesouk.ma\/fr\/wp-json\/wp\/v2\/product\/7073","targetHints":{"allow":["GET"]}}],"collection":[{"href":"https:\/\/www.cinesouk.ma\/fr\/wp-json\/wp\/v2\/product"}],"about":[{"href":"https:\/\/www.cinesouk.ma\/fr\/wp-json\/wp\/v2\/types\/product"}],"wp:featuredmedia":[{"embeddable":true,"href":"https:\/\/www.cinesouk.ma\/fr\/wp-json\/wp\/v2\/media\/7084"}],"wp:attachment":[{"href":"https:\/\/www.cinesouk.ma\/fr\/wp-json\/wp\/v2\/media?parent=7073"}],"wp:term":[{"taxonomy":"product_brand","embeddable":true,"href":"https:\/\/www.cinesouk.ma\/fr\/wp-json\/wp\/v2\/product_brand?post=7073"},{"taxonomy":"product_cat","embeddable":true,"href":"https:\/\/www.cinesouk.ma\/fr\/wp-json\/wp\/v2\/product_cat?post=7073"},{"taxonomy":"product_tag","embeddable":true,"href":"https:\/\/www.cinesouk.ma\/fr\/wp-json\/wp\/v2\/product_tag?post=7073"}],"curies":[{"name":"wp","href":"https:\/\/api.w.org\/{rel}","templated":true}]}}