{"id":7085,"date":"2024-02-20T17:40:37","date_gmt":"2024-02-20T17:40:37","guid":{"rendered":"https:\/\/www.cinesouk.ma\/?post_type=product&#038;p=7085"},"modified":"2026-04-28T15:31:18","modified_gmt":"2026-04-28T15:31:18","slug":"system-fsb-6-75-2-cf-ms-mk-ii","status":"publish","type":"product","link":"https:\/\/www.cinesouk.ma\/fr\/produit\/system-fsb-6-75-2-cf-ms-mk-ii\/","title":{"rendered":"Sachtler FSB 6 CF MS Tripod"},"content":{"rendered":"<p>Le kit Sachtler FSB 6 CF MS comprend la t\u00eate fluide FSB 6 et les jambes du tr\u00e9pied en fibre de carbone 75\/2, offrant aux professionnels un support de cam\u00e9ra souple et stable. De plus, il supporte des cam\u00e9ras pesant jusqu'\u00e0 8 kg, ce qui le rend id\u00e9al pour les cam\u00e9ras de cin\u00e9ma num\u00e9rique l\u00e9g\u00e8res et les cam\u00e9scopes ENG.<\/p>\n<h3>FSB 6 T\u00eate de fluide :<\/h3>\n<ul>\n<li><strong>Capacit\u00e9 de charge utile<\/strong>: Non seulement il prend en charge les cam\u00e9ras de 1 \u00e0 8 kg, mais il offre \u00e9galement une grande flexibilit\u00e9 pour une vari\u00e9t\u00e9 de configurations.<\/li>\n<li><strong>R\u00e9glages de l'\u00e9quilibre<\/strong>: Avec un contrepoids \u00e0 10 niveaux, la t\u00eate permet un \u00e9quilibrage pr\u00e9cis, garantissant un fonctionnement sans effort dans diff\u00e9rents sc\u00e9narios.<\/li>\n<li><strong>M\u00e9canisme Pan\/Tilt<\/strong>: De plus, le r\u00e9glage continu de l'inclinaison et du panoramique assure des mouvements fluides et contr\u00f4l\u00e9s.<\/li>\n<li><strong>Plaque de fixation rapide<\/strong>: Pour plus de commodit\u00e9, la plaque de fixation rapide permet un montage et un d\u00e9montage rapides et s\u00fbrs de l'appareil photo.<\/li>\n<li><strong>Plage d'inclinaison<\/strong>: La plage d'inclinaison de +90\u00b0 \u00e0 -70\u00b0 offre des angles de prise de vue polyvalents pour r\u00e9pondre aux besoins cr\u00e9atifs les plus divers.<\/li>\n<li><strong>Gamme Pan<\/strong>: De plus, la capacit\u00e9 panoramique de 360\u00b0 permet un mouvement de rotation sans restriction.<\/li>\n<\/ul>\n<h3>75\/2 Pieds de tr\u00e9pied en fibre de carbone :<\/h3>\n<ul>\n<li><strong>Mat\u00e9riau<\/strong>: Fabriqu\u00e9 en <strong>fibre de carbone<\/strong>Ces jambes offrent non seulement une durabilit\u00e9 l\u00e9g\u00e8re, mais aussi une robustesse pour les environnements difficiles.<\/li>\n<li><strong>Sections des jambes<\/strong>: Gr\u00e2ce \u00e0 sa conception \u00e0 deux niveaux, le tr\u00e9pied permet de r\u00e9gler la hauteur, ce qui permet de r\u00e9pondre aux diff\u00e9rents besoins de prise de vue.<\/li>\n<li><strong>Hauteur maximale<\/strong>: Il peut s'\u00e9tendre jusqu'\u00e0 161 cm, permettant ainsi des prises de vue en hauteur.<\/li>\n<li><strong>Hauteur minimale<\/strong>: De plus, il s'abaisse \u00e0 10 cm, ce qui est parfait pour prendre des photos en contre-plong\u00e9e.<\/li>\n<li><strong>\u00c9pandeur<\/strong>: L'\u00e9pandeur \u00e0 mi-hauteur assure une meilleure stabilit\u00e9, en particulier sur les terrains accident\u00e9s.<\/li>\n<li><strong>Pieds<\/strong>: Gr\u00e2ce \u00e0 ses pieds en caoutchouc et \u00e0 ses pointes r\u00e9tractables, le tr\u00e9pied peut \u00eatre plac\u00e9 en toute s\u00e9curit\u00e9 sur un grand nombre de surfaces.<\/li>\n<li><strong>Poids<\/strong>: Pesant environ 2,2 kg, le tr\u00e9pied est portable et facile \u00e0 transporter.<\/li>\n<\/ul>\n<p>Dans l'ensemble, ce kit complet offre non seulement un support et une stabilit\u00e9 de qualit\u00e9 professionnelle, mais aussi une grande flexibilit\u00e9, ce qui le rend id\u00e9al pour un large \u00e9ventail d'applications cin\u00e9matographiques et audiovisuelles. Que ce soit en studio ou sur le terrain, le kit Sachtler FSB 6 CF MS garantit une performance sans faille pour vos besoins de production.<\/p>\n<p>Louez le Sachtler FSB 6 CF MS maintenant \u00e0 CINESOUK - une marque de BROADWAY PRODUCTIONS SARL.<\/p>\n<p>&nbsp;<\/p>","protected":false},"excerpt":{"rendered":"<p>Sp\u00e9cifications :<\/p>\n<p>FSB 6 T\u00eate de fluide :<br \/>\nCapacit\u00e9 de charge : 1 \u00e0 8 kg<br \/>\nMarche \u00e0 contrepoids : 10<br \/>\nTra\u00een\u00e9e Pan\/Tilt : Continue<br \/>\nPlage d'inclinaison : +90\u00b0 \u00e0 -70\u00b0<br \/>\nPort\u00e9e panoramique : 360\u00b0<br \/>\nType de montage : Cuvette de 75 mm<br \/>\nPlaque de fixation rapide : Oui<br \/>\nPoids : Environ 1,6 kg<\/p>\n<p>75\/2 Pieds de tr\u00e9pied en fibre de carbone :<br \/>\nMat\u00e9riau : Fibre de carbone<br \/>\nSections des jambes : 2 \u00e9tages<br \/>\nHauteur maximale : 161 cm<br \/>\nHauteur minimale : 10 cm<br \/>\n\u00c9carteur : Niveau moyen<br \/>\nPieds : caoutchouc avec pointes r\u00e9tractables<br \/>\nPoids : Environ 2,2 kg<\/p>","protected":false},"featured_media":7433,"template":"","meta":{"om_disable_all_campaigns":false,"_monsterinsights_skip_tracking":false,"_monsterinsights_sitenote_active":false,"_monsterinsights_sitenote_note":"","_monsterinsights_sitenote_category":0,"_uf_show_specific_survey":0,"_uf_disable_surveys":false},"product_brand":[],"product_cat":[134,83,75],"product_tag":[],"class_list":{"0":"post-7085","1":"product","2":"type-product","3":"status-publish","4":"has-post-thumbnail","6":"product_cat-tripod-and-support-eventsouk","7":"product_cat-efp-eng-cinesouk","8":"product_cat-tripod-and-support-cinesouk","10":"entry","11":"has-media","13":"first","14":"instock","15":"taxable","16":"shipping-taxable","17":"purchasable","18":"product-type-variable","19":"has-product-nav","20":"col","21":"span_1_of_3","22":"owp-content-center","23":"owp-thumbs-layout-horizontal","24":"owp-btn-normal","25":"owp-tabs-layout-horizontal"},"yoast_head":"<!-- This site is optimized with the Yoast SEO Premium plugin v26.0 (Yoast SEO v26.0) - https:\/\/yoast.com\/wordpress\/plugins\/seo\/ -->\n<title>Sachtler FSB 6 CF MS Tripod - CineSouk - For rent<\/title>\n<meta name=\"description\" content=\"Enhance your video shoots with the Sachtler FSB 6 CF MS. Lightweight carbon fiber tripod and fluid head for precise camera control.\" \/>\n<meta name=\"robots\" content=\"index, follow, max-snippet:-1, max-image-preview:large, max-video-preview:-1\" \/>\n<link rel=\"canonical\" href=\"https:\/\/www.cinesouk.ma\/fr\/produit\/system-fsb-6-75-2-cf-ms-mk-ii\/\" \/>\n<meta property=\"og:locale\" content=\"fr_FR\" \/>\n<meta property=\"og:type\" content=\"article\" \/>\n<meta property=\"og:title\" content=\"Sachtler FSB 6 CF MS\" \/>\n<meta property=\"og:description\" content=\"Enhance your video shoots with the Sachtler FSB 6 CF MS. Lightweight carbon fiber tripod and fluid head for precise camera control.\" \/>\n<meta property=\"og:url\" content=\"https:\/\/www.cinesouk.ma\/fr\/produit\/system-fsb-6-75-2-cf-ms-mk-ii\/\" \/>\n<meta property=\"og:site_name\" content=\"CineSouk\" \/>\n<meta property=\"article:modified_time\" content=\"2026-04-28T15:31:18+00:00\" \/>\n<meta property=\"og:image\" content=\"https:\/\/www.cinesouk.ma\/wp-content\/uploads\/2024\/06\/flowtech-75-sachtler-1.jpg\" \/>\n\t<meta property=\"og:image:width\" content=\"300\" \/>\n\t<meta property=\"og:image:height\" content=\"238\" \/>\n\t<meta property=\"og:image:type\" content=\"image\/jpeg\" \/>\n<meta name=\"twitter:card\" content=\"summary_large_image\" \/>\n<meta name=\"twitter:title\" content=\"Sachtler FSB 6 CF MS Tripod\" \/>\n<meta name=\"twitter:description\" content=\"Enhance your video shoots with the Sachtler FSB 6 CF MS. Lightweight carbon fiber tripod and fluid head for precise camera control.\" \/>\n<meta name=\"twitter:label1\" content=\"Dur\u00e9e de lecture estim\u00e9e\" \/>\n\t<meta name=\"twitter:data1\" content=\"2 minutes\" \/>\n<script type=\"application\/ld+json\" class=\"yoast-schema-graph\">{\"@context\":\"https:\/\/schema.org\",\"@graph\":[{\"@type\":\"WebPage\",\"@id\":\"https:\/\/www.cinesouk.ma\/product\/system-fsb-6-75-2-cf-ms-mk-ii\/\",\"url\":\"https:\/\/www.cinesouk.ma\/product\/system-fsb-6-75-2-cf-ms-mk-ii\/\",\"name\":\"Sachtler FSB 6 CF MS Tripod - CineSouk - For rent\",\"isPartOf\":{\"@id\":\"https:\/\/www.cinesouk.ma\/#website\"},\"primaryImageOfPage\":{\"@id\":\"https:\/\/www.cinesouk.ma\/product\/system-fsb-6-75-2-cf-ms-mk-ii\/#primaryimage\"},\"image\":{\"@id\":\"https:\/\/www.cinesouk.ma\/product\/system-fsb-6-75-2-cf-ms-mk-ii\/#primaryimage\"},\"thumbnailUrl\":\"https:\/\/www.cinesouk.ma\/wp-content\/uploads\/2024\/06\/flowtech-75-sachtler-1.jpg\",\"datePublished\":\"2024-02-20T17:40:37+00:00\",\"dateModified\":\"2026-04-28T15:31:18+00:00\",\"description\":\"Enhance your video shoots with the Sachtler FSB 6 CF MS. Lightweight carbon fiber tripod and fluid head for precise camera control.\",\"breadcrumb\":{\"@id\":\"https:\/\/www.cinesouk.ma\/product\/system-fsb-6-75-2-cf-ms-mk-ii\/#breadcrumb\"},\"inLanguage\":\"fr-FR\",\"potentialAction\":[{\"@type\":\"ReadAction\",\"target\":[\"https:\/\/www.cinesouk.ma\/product\/system-fsb-6-75-2-cf-ms-mk-ii\/\"]}]},{\"@type\":\"ImageObject\",\"inLanguage\":\"fr-FR\",\"@id\":\"https:\/\/www.cinesouk.ma\/product\/system-fsb-6-75-2-cf-ms-mk-ii\/#primaryimage\",\"url\":\"https:\/\/www.cinesouk.ma\/wp-content\/uploads\/2024\/06\/flowtech-75-sachtler-1.jpg\",\"contentUrl\":\"https:\/\/www.cinesouk.ma\/wp-content\/uploads\/2024\/06\/flowtech-75-sachtler-1.jpg\",\"width\":300,\"height\":238,\"caption\":\"Sachtler FSB 6 CF MS\"},{\"@type\":\"BreadcrumbList\",\"@id\":\"https:\/\/www.cinesouk.ma\/product\/system-fsb-6-75-2-cf-ms-mk-ii\/#breadcrumb\",\"itemListElement\":[{\"@type\":\"ListItem\",\"position\":1,\"name\":\"Home\",\"item\":\"https:\/\/www.cinesouk.ma\/\"},{\"@type\":\"ListItem\",\"position\":2,\"name\":\"Shop\",\"item\":\"https:\/\/www.cinesouk.ma\/shop\/\"},{\"@type\":\"ListItem\",\"position\":3,\"name\":\"Sachtler FSB 6 CF MS Tripod\"}]},{\"@type\":\"WebSite\",\"@id\":\"https:\/\/www.cinesouk.ma\/#website\",\"url\":\"https:\/\/www.cinesouk.ma\/\",\"name\":\"CineSouk\",\"description\":\"\",\"publisher\":{\"@id\":\"https:\/\/www.cinesouk.ma\/#organization\"},\"potentialAction\":[{\"@type\":\"SearchAction\",\"target\":{\"@type\":\"EntryPoint\",\"urlTemplate\":\"https:\/\/www.cinesouk.ma\/?s={search_term_string}\"},\"query-input\":{\"@type\":\"PropertyValueSpecification\",\"valueRequired\":true,\"valueName\":\"search_term_string\"}}],\"inLanguage\":\"fr-FR\"},{\"@type\":\"Organization\",\"@id\":\"https:\/\/www.cinesouk.ma\/#organization\",\"name\":\"CineSouk\",\"url\":\"https:\/\/www.cinesouk.ma\/\",\"logo\":{\"@type\":\"ImageObject\",\"inLanguage\":\"fr-FR\",\"@id\":\"https:\/\/www.cinesouk.ma\/#\/schema\/logo\/image\/\",\"url\":\"https:\/\/www.cinesouk.ma\/wp-content\/uploads\/2024\/01\/CineSouk-logo-v01-alpha-alligned-left.png\",\"contentUrl\":\"https:\/\/www.cinesouk.ma\/wp-content\/uploads\/2024\/01\/CineSouk-logo-v01-alpha-alligned-left.png\",\"width\":3204,\"height\":889,\"caption\":\"CineSouk\"},\"image\":{\"@id\":\"https:\/\/www.cinesouk.ma\/#\/schema\/logo\/image\/\"}}]}<\/script>\n<!-- \/ Yoast SEO Premium plugin. -->","yoast_head_json":{"title":"Sachtler FSB 6 CF MS Tripod - CineSouk - For rent","description":"Enhance your video shoots with the Sachtler FSB 6 CF MS. Lightweight carbon fiber tripod and fluid head for precise camera control.","robots":{"index":"index","follow":"follow","max-snippet":"max-snippet:-1","max-image-preview":"max-image-preview:large","max-video-preview":"max-video-preview:-1"},"canonical":"https:\/\/www.cinesouk.ma\/fr\/produit\/system-fsb-6-75-2-cf-ms-mk-ii\/","og_locale":"fr_FR","og_type":"article","og_title":"Sachtler FSB 6 CF MS","og_description":"Enhance your video shoots with the Sachtler FSB 6 CF MS. Lightweight carbon fiber tripod and fluid head for precise camera control.","og_url":"https:\/\/www.cinesouk.ma\/fr\/produit\/system-fsb-6-75-2-cf-ms-mk-ii\/","og_site_name":"CineSouk","article_modified_time":"2026-04-28T15:31:18+00:00","og_image":[{"width":300,"height":238,"url":"https:\/\/www.cinesouk.ma\/wp-content\/uploads\/2024\/06\/flowtech-75-sachtler-1.jpg","type":"image\/jpeg"}],"twitter_card":"summary_large_image","twitter_title":"Sachtler FSB 6 CF MS Tripod","twitter_description":"Enhance your video shoots with the Sachtler FSB 6 CF MS. Lightweight carbon fiber tripod and fluid head for precise camera control.","twitter_misc":{"Dur\u00e9e de lecture estim\u00e9e":"2 minutes"},"schema":{"@context":"https:\/\/schema.org","@graph":[{"@type":"WebPage","@id":"https:\/\/www.cinesouk.ma\/product\/system-fsb-6-75-2-cf-ms-mk-ii\/","url":"https:\/\/www.cinesouk.ma\/product\/system-fsb-6-75-2-cf-ms-mk-ii\/","name":"Sachtler FSB 6 CF MS Tripod - CineSouk - For rent","isPartOf":{"@id":"https:\/\/www.cinesouk.ma\/#website"},"primaryImageOfPage":{"@id":"https:\/\/www.cinesouk.ma\/product\/system-fsb-6-75-2-cf-ms-mk-ii\/#primaryimage"},"image":{"@id":"https:\/\/www.cinesouk.ma\/product\/system-fsb-6-75-2-cf-ms-mk-ii\/#primaryimage"},"thumbnailUrl":"https:\/\/www.cinesouk.ma\/wp-content\/uploads\/2024\/06\/flowtech-75-sachtler-1.jpg","datePublished":"2024-02-20T17:40:37+00:00","dateModified":"2026-04-28T15:31:18+00:00","description":"Enhance your video shoots with the Sachtler FSB 6 CF MS. Lightweight carbon fiber tripod and fluid head for precise camera control.","breadcrumb":{"@id":"https:\/\/www.cinesouk.ma\/product\/system-fsb-6-75-2-cf-ms-mk-ii\/#breadcrumb"},"inLanguage":"fr-FR","potentialAction":[{"@type":"ReadAction","target":["https:\/\/www.cinesouk.ma\/product\/system-fsb-6-75-2-cf-ms-mk-ii\/"]}]},{"@type":"ImageObject","inLanguage":"fr-FR","@id":"https:\/\/www.cinesouk.ma\/product\/system-fsb-6-75-2-cf-ms-mk-ii\/#primaryimage","url":"https:\/\/www.cinesouk.ma\/wp-content\/uploads\/2024\/06\/flowtech-75-sachtler-1.jpg","contentUrl":"https:\/\/www.cinesouk.ma\/wp-content\/uploads\/2024\/06\/flowtech-75-sachtler-1.jpg","width":300,"height":238,"caption":"Sachtler FSB 6 CF MS"},{"@type":"BreadcrumbList","@id":"https:\/\/www.cinesouk.ma\/product\/system-fsb-6-75-2-cf-ms-mk-ii\/#breadcrumb","itemListElement":[{"@type":"ListItem","position":1,"name":"Home","item":"https:\/\/www.cinesouk.ma\/"},{"@type":"ListItem","position":2,"name":"Shop","item":"https:\/\/www.cinesouk.ma\/shop\/"},{"@type":"ListItem","position":3,"name":"Sachtler FSB 6 CF MS Tripod"}]},{"@type":"WebSite","@id":"https:\/\/www.cinesouk.ma\/#website","url":"https:\/\/www.cinesouk.ma\/","name":"CineSouk","description":"","publisher":{"@id":"https:\/\/www.cinesouk.ma\/#organization"},"potentialAction":[{"@type":"SearchAction","target":{"@type":"EntryPoint","urlTemplate":"https:\/\/www.cinesouk.ma\/?s={search_term_string}"},"query-input":{"@type":"PropertyValueSpecification","valueRequired":true,"valueName":"search_term_string"}}],"inLanguage":"fr-FR"},{"@type":"Organization","@id":"https:\/\/www.cinesouk.ma\/#organization","name":"CineSouk","url":"https:\/\/www.cinesouk.ma\/","logo":{"@type":"ImageObject","inLanguage":"fr-FR","@id":"https:\/\/www.cinesouk.ma\/#\/schema\/logo\/image\/","url":"https:\/\/www.cinesouk.ma\/wp-content\/uploads\/2024\/01\/CineSouk-logo-v01-alpha-alligned-left.png","contentUrl":"https:\/\/www.cinesouk.ma\/wp-content\/uploads\/2024\/01\/CineSouk-logo-v01-alpha-alligned-left.png","width":3204,"height":889,"caption":"CineSouk"},"image":{"@id":"https:\/\/www.cinesouk.ma\/#\/schema\/logo\/image\/"}}]}},"_links":{"self":[{"href":"https:\/\/www.cinesouk.ma\/fr\/wp-json\/wp\/v2\/product\/7085","targetHints":{"allow":["GET"]}}],"collection":[{"href":"https:\/\/www.cinesouk.ma\/fr\/wp-json\/wp\/v2\/product"}],"about":[{"href":"https:\/\/www.cinesouk.ma\/fr\/wp-json\/wp\/v2\/types\/product"}],"wp:featuredmedia":[{"embeddable":true,"href":"https:\/\/www.cinesouk.ma\/fr\/wp-json\/wp\/v2\/media\/7433"}],"wp:attachment":[{"href":"https:\/\/www.cinesouk.ma\/fr\/wp-json\/wp\/v2\/media?parent=7085"}],"wp:term":[{"taxonomy":"product_brand","embeddable":true,"href":"https:\/\/www.cinesouk.ma\/fr\/wp-json\/wp\/v2\/product_brand?post=7085"},{"taxonomy":"product_cat","embeddable":true,"href":"https:\/\/www.cinesouk.ma\/fr\/wp-json\/wp\/v2\/product_cat?post=7085"},{"taxonomy":"product_tag","embeddable":true,"href":"https:\/\/www.cinesouk.ma\/fr\/wp-json\/wp\/v2\/product_tag?post=7085"}],"curies":[{"name":"wp","href":"https:\/\/api.w.org\/{rel}","templated":true}]}}