{"id":7097,"date":"2024-02-20T17:45:18","date_gmt":"2024-02-20T17:45:18","guid":{"rendered":"https:\/\/www.cinesouk.ma\/?post_type=product&#038;p=7097"},"modified":"2026-04-28T15:31:00","modified_gmt":"2026-04-28T15:31:00","slug":"system-fsb-8-cf-mid-spreader","status":"publish","type":"product","link":"https:\/\/www.cinesouk.ma\/fr\/produit\/system-fsb-8-cf-mid-spreader\/","title":{"rendered":"Sachtler System FSB 8 CF Mid Spreader Tripod"},"content":{"rendered":"<p>Le Sachtler System FSB 8 CF Mid Spreader comprend la t\u00eate fluide FSB 8 et les pieds de tr\u00e9pied en fibre de carbone avec un spreader de niveau interm\u00e9diaire. Il est con\u00e7u pour supporter les cam\u00e9ras professionnelles et assurer un contr\u00f4le pr\u00e9cis des mouvements de la cam\u00e9ra. Le tr\u00e9pied est donc con\u00e7u pour les vid\u00e9astes qui ont besoin d'un syst\u00e8me de tr\u00e9pied robuste mais portable qui excelle dans diverses conditions de tournage. Les performances du tr\u00e9pied FSB ne varient pas en fonction de la temp\u00e9rature et de l'environnement, ce qui en fait le premier choix des op\u00e9rateurs tr\u00e8s occup\u00e9s.<\/p>\n<h4>FSB 8 T\u00eate de fluide :<\/h4>\n<ul>\n<li>Capacit\u00e9 de charge utile : Prend en charge des cam\u00e9ras de 0 \u00e0 10 kg.<\/li>\n<li>\u00c9tapes de contrepoids : Syst\u00e8me de contrepoids \u00e0 10 niveaux pour des ajustements pr\u00e9cis de l'\u00e9quilibre.<\/li>\n<li>Tra\u00een\u00e9e Pan\/Tilt : R\u00e9glage continu de la tra\u00een\u00e9e pour des mouvements de pan\/tilt fluides et contr\u00f4l\u00e9s.<\/li>\n<li>Plaque \u00e0 d\u00e9gagement rapide : M\u00e9canisme coulissant pour un montage et un d\u00e9montage rapides et s\u00fbrs de l'appareil photo.<\/li>\n<li>Plage d'inclinaison : +90\u00b0 \u00e0 -70\u00b0 pour des angles de prise de vue polyvalents.<\/li>\n<li>Port\u00e9e panoramique : Capacit\u00e9 de panoramique continu de 360\u00b0.<\/li>\n<\/ul>\n<h4>Pieds de tr\u00e9pied en fibre de carbone :<\/h4>\n<ul>\n<li>Mat\u00e9riau : Fabriqu\u00e9 en fibre de carbone l\u00e9g\u00e8re et durable.<\/li>\n<li>Sections des pieds : Conception \u00e0 2 niveaux pour une hauteur r\u00e9glable.<\/li>\n<li>Hauteur maximale : 168 cm, permettant des positions de tir sur\u00e9lev\u00e9es.<\/li>\n<li>Hauteur minimale : 16 cm, adapt\u00e9e aux prises de vue en contre-plong\u00e9e.<\/li>\n<li>\u00c9pandeur : L'\u00e9pandeur \u00e0 mi-hauteur am\u00e9liore la stabilit\u00e9, en particulier sur les surfaces irr\u00e9guli\u00e8res.<\/li>\n<li>Pieds : Pieds en caoutchouc avec pointes r\u00e9tractables, garantissant un placement s\u00fbr sur diff\u00e9rents terrains.<\/li>\n<li>Poids : Environ 2,2 kg pour les pieds du tr\u00e9pied, ce qui contribue \u00e0 la portabilit\u00e9 du syst\u00e8me.<\/li>\n<\/ul>\n<p>Louez l'\u00e9pandeur Sachtler System FSB 8 CF Mid Spreader maintenant sur <a href=\"https:\/\/www.cinesouk.ma\/fr\">CINESOUK<\/a> - une marque de <a href=\"https:\/\/www.broadway.ma\/\">BROADWAY PRODUCTIONS SARL.<\/a><\/p>","protected":false},"excerpt":{"rendered":"<p>Sp\u00e9cifications<\/p>\n<p>FSB 8 T\u00eate de fluide :<\/p>\n<p>Capacit\u00e9 de charge : 0 \u00e0 10 kg<br \/>\nMarche \u00e0 contrepoids : 10<br \/>\nTra\u00een\u00e9e Pan\/Tilt : Continue<br \/>\nPlage d'inclinaison : +90\u00b0 \u00e0 -70\u00b0<br \/>\nPort\u00e9e panoramique : 360\u00b0<br \/>\nType de montage : Cuvette de 75 mm<br \/>\nPlaque de fixation rapide : M\u00e9canisme \u00e0 glissi\u00e8re<br \/>\nPoids : Environ 2,3 kg<\/p>\n<p>Pieds de tr\u00e9pied en fibre de carbone :<\/p>\n<p>Mat\u00e9riau : Fibre de carbone<br \/>\nSections des jambes : 2 \u00e9tages<br \/>\nHauteur maximale : 168 cm<br \/>\nHauteur minimale : 16 cm<br \/>\n\u00c9carteur : Niveau moyen<br \/>\nPieds : caoutchouc avec pointes r\u00e9tractables<br \/>\nPoids : Environ 2,2 kg<\/p>","protected":false},"featured_media":7108,"template":"","meta":{"om_disable_all_campaigns":false,"_monsterinsights_skip_tracking":false,"_monsterinsights_sitenote_active":false,"_monsterinsights_sitenote_note":"","_monsterinsights_sitenote_category":0,"_uf_show_specific_survey":0,"_uf_disable_surveys":false},"product_brand":[],"product_cat":[134,83,75],"product_tag":[],"class_list":{"0":"post-7097","1":"product","2":"type-product","3":"status-publish","4":"has-post-thumbnail","6":"product_cat-tripod-and-support-eventsouk","7":"product_cat-efp-eng-cinesouk","8":"product_cat-tripod-and-support-cinesouk","10":"entry","11":"has-media","13":"first","14":"instock","15":"taxable","16":"shipping-taxable","17":"purchasable","18":"product-type-variable","19":"has-product-nav","20":"col","21":"span_1_of_3","22":"owp-content-center","23":"owp-thumbs-layout-horizontal","24":"owp-btn-normal","25":"owp-tabs-layout-horizontal","26":"has-no-thumbnails"},"yoast_head":"<!-- This site is optimized with the Yoast SEO Premium plugin v26.0 (Yoast SEO v26.0) - https:\/\/yoast.com\/wordpress\/plugins\/seo\/ -->\n<title>Sachtler System FSB 8 CF Mid Spreader Tripod - CineSouk - For rent<\/title>\n<meta name=\"description\" content=\"Upgrade your video production with the Sachtler System FSB 8 CF Mid Spreader. Reliable carbon fiber tripod and fluid head.\" \/>\n<meta name=\"robots\" content=\"index, follow, max-snippet:-1, max-image-preview:large, max-video-preview:-1\" \/>\n<link rel=\"canonical\" href=\"https:\/\/www.cinesouk.ma\/fr\/produit\/system-fsb-8-cf-mid-spreader\/\" \/>\n<meta property=\"og:locale\" content=\"fr_FR\" \/>\n<meta property=\"og:type\" content=\"article\" \/>\n<meta property=\"og:title\" content=\"Sachtler System FSB 8 CF Mid Spreader Tripod\" \/>\n<meta property=\"og:description\" content=\"Upgrade your video production with the Sachtler System FSB 8 CF Mid Spreader. Reliable carbon fiber tripod and fluid head.\" \/>\n<meta property=\"og:url\" content=\"https:\/\/www.cinesouk.ma\/fr\/produit\/system-fsb-8-cf-mid-spreader\/\" \/>\n<meta property=\"og:site_name\" content=\"CineSouk\" \/>\n<meta property=\"article:modified_time\" content=\"2026-04-28T15:31:00+00:00\" \/>\n<meta property=\"og:image\" content=\"https:\/\/www.cinesouk.ma\/wp-content\/uploads\/2024\/06\/FSB8-CF-midspreader.jpg\" \/>\n\t<meta property=\"og:image:width\" content=\"300\" \/>\n\t<meta property=\"og:image:height\" content=\"238\" \/>\n\t<meta property=\"og:image:type\" content=\"image\/jpeg\" \/>\n<meta name=\"twitter:card\" content=\"summary_large_image\" \/>\n<meta name=\"twitter:description\" content=\"Upgrade your video production with the Sachtler System FSB 8 CF Mid Spreader. Reliable carbon fiber tripod and fluid head.\" \/>\n<meta name=\"twitter:label1\" content=\"Dur\u00e9e de lecture estim\u00e9e\" \/>\n\t<meta name=\"twitter:data1\" content=\"2 minutes\" \/>\n<script type=\"application\/ld+json\" class=\"yoast-schema-graph\">{\"@context\":\"https:\/\/schema.org\",\"@graph\":[{\"@type\":\"WebPage\",\"@id\":\"https:\/\/www.cinesouk.ma\/product\/system-fsb-8-cf-mid-spreader\/\",\"url\":\"https:\/\/www.cinesouk.ma\/product\/system-fsb-8-cf-mid-spreader\/\",\"name\":\"Sachtler System FSB 8 CF Mid Spreader Tripod - CineSouk - For rent\",\"isPartOf\":{\"@id\":\"https:\/\/www.cinesouk.ma\/#website\"},\"primaryImageOfPage\":{\"@id\":\"https:\/\/www.cinesouk.ma\/product\/system-fsb-8-cf-mid-spreader\/#primaryimage\"},\"image\":{\"@id\":\"https:\/\/www.cinesouk.ma\/product\/system-fsb-8-cf-mid-spreader\/#primaryimage\"},\"thumbnailUrl\":\"https:\/\/www.cinesouk.ma\/wp-content\/uploads\/2024\/06\/FSB8-CF-midspreader.jpg\",\"datePublished\":\"2024-02-20T17:45:18+00:00\",\"dateModified\":\"2026-04-28T15:31:00+00:00\",\"description\":\"Upgrade your video production with the Sachtler System FSB 8 CF Mid Spreader. Reliable carbon fiber tripod and fluid head.\",\"breadcrumb\":{\"@id\":\"https:\/\/www.cinesouk.ma\/product\/system-fsb-8-cf-mid-spreader\/#breadcrumb\"},\"inLanguage\":\"fr-FR\",\"potentialAction\":[{\"@type\":\"ReadAction\",\"target\":[\"https:\/\/www.cinesouk.ma\/product\/system-fsb-8-cf-mid-spreader\/\"]}]},{\"@type\":\"ImageObject\",\"inLanguage\":\"fr-FR\",\"@id\":\"https:\/\/www.cinesouk.ma\/product\/system-fsb-8-cf-mid-spreader\/#primaryimage\",\"url\":\"https:\/\/www.cinesouk.ma\/wp-content\/uploads\/2024\/06\/FSB8-CF-midspreader.jpg\",\"contentUrl\":\"https:\/\/www.cinesouk.ma\/wp-content\/uploads\/2024\/06\/FSB8-CF-midspreader.jpg\",\"width\":300,\"height\":238},{\"@type\":\"BreadcrumbList\",\"@id\":\"https:\/\/www.cinesouk.ma\/product\/system-fsb-8-cf-mid-spreader\/#breadcrumb\",\"itemListElement\":[{\"@type\":\"ListItem\",\"position\":1,\"name\":\"Home\",\"item\":\"https:\/\/www.cinesouk.ma\/\"},{\"@type\":\"ListItem\",\"position\":2,\"name\":\"Shop\",\"item\":\"https:\/\/www.cinesouk.ma\/shop\/\"},{\"@type\":\"ListItem\",\"position\":3,\"name\":\"Sachtler System FSB 8 CF Mid Spreader Tripod\"}]},{\"@type\":\"WebSite\",\"@id\":\"https:\/\/www.cinesouk.ma\/#website\",\"url\":\"https:\/\/www.cinesouk.ma\/\",\"name\":\"CineSouk\",\"description\":\"\",\"publisher\":{\"@id\":\"https:\/\/www.cinesouk.ma\/#organization\"},\"potentialAction\":[{\"@type\":\"SearchAction\",\"target\":{\"@type\":\"EntryPoint\",\"urlTemplate\":\"https:\/\/www.cinesouk.ma\/?s={search_term_string}\"},\"query-input\":{\"@type\":\"PropertyValueSpecification\",\"valueRequired\":true,\"valueName\":\"search_term_string\"}}],\"inLanguage\":\"fr-FR\"},{\"@type\":\"Organization\",\"@id\":\"https:\/\/www.cinesouk.ma\/#organization\",\"name\":\"CineSouk\",\"url\":\"https:\/\/www.cinesouk.ma\/\",\"logo\":{\"@type\":\"ImageObject\",\"inLanguage\":\"fr-FR\",\"@id\":\"https:\/\/www.cinesouk.ma\/#\/schema\/logo\/image\/\",\"url\":\"https:\/\/www.cinesouk.ma\/wp-content\/uploads\/2024\/01\/CineSouk-logo-v01-alpha-alligned-left.png\",\"contentUrl\":\"https:\/\/www.cinesouk.ma\/wp-content\/uploads\/2024\/01\/CineSouk-logo-v01-alpha-alligned-left.png\",\"width\":3204,\"height\":889,\"caption\":\"CineSouk\"},\"image\":{\"@id\":\"https:\/\/www.cinesouk.ma\/#\/schema\/logo\/image\/\"}}]}<\/script>\n<!-- \/ Yoast SEO Premium plugin. -->","yoast_head_json":{"title":"Sachtler System FSB 8 CF Mid Spreader Tripod - CineSouk - For rent","description":"Upgrade your video production with the Sachtler System FSB 8 CF Mid Spreader. Reliable carbon fiber tripod and fluid head.","robots":{"index":"index","follow":"follow","max-snippet":"max-snippet:-1","max-image-preview":"max-image-preview:large","max-video-preview":"max-video-preview:-1"},"canonical":"https:\/\/www.cinesouk.ma\/fr\/produit\/system-fsb-8-cf-mid-spreader\/","og_locale":"fr_FR","og_type":"article","og_title":"Sachtler System FSB 8 CF Mid Spreader Tripod","og_description":"Upgrade your video production with the Sachtler System FSB 8 CF Mid Spreader. Reliable carbon fiber tripod and fluid head.","og_url":"https:\/\/www.cinesouk.ma\/fr\/produit\/system-fsb-8-cf-mid-spreader\/","og_site_name":"CineSouk","article_modified_time":"2026-04-28T15:31:00+00:00","og_image":[{"width":300,"height":238,"url":"https:\/\/www.cinesouk.ma\/wp-content\/uploads\/2024\/06\/FSB8-CF-midspreader.jpg","type":"image\/jpeg"}],"twitter_card":"summary_large_image","twitter_description":"Upgrade your video production with the Sachtler System FSB 8 CF Mid Spreader. Reliable carbon fiber tripod and fluid head.","twitter_misc":{"Dur\u00e9e de lecture estim\u00e9e":"2 minutes"},"schema":{"@context":"https:\/\/schema.org","@graph":[{"@type":"WebPage","@id":"https:\/\/www.cinesouk.ma\/product\/system-fsb-8-cf-mid-spreader\/","url":"https:\/\/www.cinesouk.ma\/product\/system-fsb-8-cf-mid-spreader\/","name":"Sachtler System FSB 8 CF Mid Spreader Tripod - CineSouk - For rent","isPartOf":{"@id":"https:\/\/www.cinesouk.ma\/#website"},"primaryImageOfPage":{"@id":"https:\/\/www.cinesouk.ma\/product\/system-fsb-8-cf-mid-spreader\/#primaryimage"},"image":{"@id":"https:\/\/www.cinesouk.ma\/product\/system-fsb-8-cf-mid-spreader\/#primaryimage"},"thumbnailUrl":"https:\/\/www.cinesouk.ma\/wp-content\/uploads\/2024\/06\/FSB8-CF-midspreader.jpg","datePublished":"2024-02-20T17:45:18+00:00","dateModified":"2026-04-28T15:31:00+00:00","description":"Upgrade your video production with the Sachtler System FSB 8 CF Mid Spreader. Reliable carbon fiber tripod and fluid head.","breadcrumb":{"@id":"https:\/\/www.cinesouk.ma\/product\/system-fsb-8-cf-mid-spreader\/#breadcrumb"},"inLanguage":"fr-FR","potentialAction":[{"@type":"ReadAction","target":["https:\/\/www.cinesouk.ma\/product\/system-fsb-8-cf-mid-spreader\/"]}]},{"@type":"ImageObject","inLanguage":"fr-FR","@id":"https:\/\/www.cinesouk.ma\/product\/system-fsb-8-cf-mid-spreader\/#primaryimage","url":"https:\/\/www.cinesouk.ma\/wp-content\/uploads\/2024\/06\/FSB8-CF-midspreader.jpg","contentUrl":"https:\/\/www.cinesouk.ma\/wp-content\/uploads\/2024\/06\/FSB8-CF-midspreader.jpg","width":300,"height":238},{"@type":"BreadcrumbList","@id":"https:\/\/www.cinesouk.ma\/product\/system-fsb-8-cf-mid-spreader\/#breadcrumb","itemListElement":[{"@type":"ListItem","position":1,"name":"Home","item":"https:\/\/www.cinesouk.ma\/"},{"@type":"ListItem","position":2,"name":"Shop","item":"https:\/\/www.cinesouk.ma\/shop\/"},{"@type":"ListItem","position":3,"name":"Sachtler System FSB 8 CF Mid Spreader Tripod"}]},{"@type":"WebSite","@id":"https:\/\/www.cinesouk.ma\/#website","url":"https:\/\/www.cinesouk.ma\/","name":"CineSouk","description":"","publisher":{"@id":"https:\/\/www.cinesouk.ma\/#organization"},"potentialAction":[{"@type":"SearchAction","target":{"@type":"EntryPoint","urlTemplate":"https:\/\/www.cinesouk.ma\/?s={search_term_string}"},"query-input":{"@type":"PropertyValueSpecification","valueRequired":true,"valueName":"search_term_string"}}],"inLanguage":"fr-FR"},{"@type":"Organization","@id":"https:\/\/www.cinesouk.ma\/#organization","name":"CineSouk","url":"https:\/\/www.cinesouk.ma\/","logo":{"@type":"ImageObject","inLanguage":"fr-FR","@id":"https:\/\/www.cinesouk.ma\/#\/schema\/logo\/image\/","url":"https:\/\/www.cinesouk.ma\/wp-content\/uploads\/2024\/01\/CineSouk-logo-v01-alpha-alligned-left.png","contentUrl":"https:\/\/www.cinesouk.ma\/wp-content\/uploads\/2024\/01\/CineSouk-logo-v01-alpha-alligned-left.png","width":3204,"height":889,"caption":"CineSouk"},"image":{"@id":"https:\/\/www.cinesouk.ma\/#\/schema\/logo\/image\/"}}]}},"_links":{"self":[{"href":"https:\/\/www.cinesouk.ma\/fr\/wp-json\/wp\/v2\/product\/7097","targetHints":{"allow":["GET"]}}],"collection":[{"href":"https:\/\/www.cinesouk.ma\/fr\/wp-json\/wp\/v2\/product"}],"about":[{"href":"https:\/\/www.cinesouk.ma\/fr\/wp-json\/wp\/v2\/types\/product"}],"wp:featuredmedia":[{"embeddable":true,"href":"https:\/\/www.cinesouk.ma\/fr\/wp-json\/wp\/v2\/media\/7108"}],"wp:attachment":[{"href":"https:\/\/www.cinesouk.ma\/fr\/wp-json\/wp\/v2\/media?parent=7097"}],"wp:term":[{"taxonomy":"product_brand","embeddable":true,"href":"https:\/\/www.cinesouk.ma\/fr\/wp-json\/wp\/v2\/product_brand?post=7097"},{"taxonomy":"product_cat","embeddable":true,"href":"https:\/\/www.cinesouk.ma\/fr\/wp-json\/wp\/v2\/product_cat?post=7097"},{"taxonomy":"product_tag","embeddable":true,"href":"https:\/\/www.cinesouk.ma\/fr\/wp-json\/wp\/v2\/product_tag?post=7097"}],"curies":[{"name":"wp","href":"https:\/\/api.w.org\/{rel}","templated":true}]}}